{"id":10705,"date":"2025-06-07T20:42:13","date_gmt":"2025-06-07T18:42:13","guid":{"rendered":"https:\/\/www.key-devices.com\/?post_type=product&#038;p=10705"},"modified":"2025-07-28T13:22:54","modified_gmt":"2025-07-28T11:22:54","slug":"iveco-2012-2020-emergency-start","status":"publish","type":"product","link":"https:\/\/www.key-devices.com\/de\/product\/iveco-2012-2020-emergency-start\/","title":{"rendered":"Iveco 2012 \u2013 2020 Notstart"},"content":{"rendered":"<h1  style=\"text-align: center;\">IVECO 2012 \u2013 2020 Not Start<\/h1>\n<p >Das komplette Ger\u00e4t ist geeignet f\u00fcr kommerziellen Fahrzeuge und mehr, wie zum Beispiel:<\/p>\n<p >\u2013&gt; Iveco 2012-2014 (schalten Sie die Z\u00fcndung auf die plug-in-Ger\u00e4t, trennen Sie das rote Kabel vom BCM und schlie\u00dfen Sie das Kabel wieder.<\/p>\n<p >Die gr\u00fcne LED Licht up. Schalten Sie und starten Sie den van. Der gesamte Prozess dauert 3 Sekunden, und das Auto wird starten.)<\/p>\n<p >\u2013&gt; Iveco 2014-2020 (schalten Sie die Z\u00fcndung auf die plug-in-Ger\u00e4t. Sie werden sehen, zwei rote und orange Leuchten auf.<\/p>\n<p >Warten Sie dann 1 minute zu einem maximum von 12 Minuten. Die gr\u00fcne LED Licht up. Sie k\u00f6nnen schalten Sie und starten Sie den van.<\/p>\n<p >Schlie\u00dflich speichert das Ger\u00e4t die Auto, PIN-code, so dass Sie beginnen k\u00f6nnen sofort, wenn Sie das Ger\u00e4t wieder anschlie\u00dfen.)<\/p>\n<p>&nbsp;<\/p>\n<h1  style=\"text-align: center;\">FIAT \/ FORD \/ PEUGEOT \/ CITROEN \/ LANCIA 2012 \u2013 2020<\/h1>\n<p >\u2013&gt; <strong>FIAT 500 :<\/strong><\/p>\n<ul>\n<li ><strong> 2007 \u2013 2020 \u2013 alle Motor-Typen FIAT-500L \u2013 2007 \u2013 2009 (1.2 und 1.4 Benzin -) und 2010 \u2013 2020 \u2013 alle Motor-Typen FIAT 500 ABARTH<br \/>\n<\/strong><\/li>\n<li ><strong>2008 \u2013 2020 \u2013 alle Motor-Typen FIAT Punto\/Grande Punto\/ABARTH Grande Punto\u2013 2008 \u2013 2020 \u2013 alle Motor-Typen FIAT FIORINO<br \/>\n<\/strong><\/li>\n<li ><strong>2008 \u2013 2020 \u2013 alle Motor-Typen Neue FIAT DOBLO<br \/>\n<\/strong><\/li>\n<li ><strong>2012 \u2013 2020 \u2013 alle Motor Arten FORD Ka<br \/>\n<\/strong><\/li>\n<li ><strong>2008 \u2013 ...+... \u2013 alle Motor-Typen wie der Neue Lancia Ypsilon Modell\u2013 2012 \u2013 2020 \u2013 alle Motor-Typen.<\/strong><\/li>\n<\/ul>\n<p >News FIAT Panda :<\/p>\n<ul>\n<li >2012 \u2013 2020 \u2013 alle Motor-Typen: FIAT Ducato, Peugeot Boxer und Citro\u00ebn Jumper<\/li>\n<li >2010 \u2013 2020 \u2013 wenn ausgestattet mit die DELPHI-BCM-Modul, dann alle Motor Arten, oder sonst nur mit Magneti Marelli ECU 8F2 und 8F3 f\u00fcr 2,8 LIVECO<\/li>\n<li >2010 \u2013 2017 \u2013 wenn ausgestattet mit die DELPHI-BCM-Modul.<\/li>\n<\/ul>\n<p>&nbsp;<\/p>\n<h1  style=\"text-align: center;\">Alfa Romeo 2012 \u2013 2020<\/h1>\n<p>&nbsp;<\/p>\n<p >\u2013&gt; Alle Alfa Romeo MITO Motoren\u2013 2008 \u2013 2020 \u2013 Alle Alfa Romeo GIULIETTA Motoren \u2013 2010 \u2013 2020<\/p>\n<p ><strong><span style=\"color: #ff0000;\">* UNSERE GER\u00c4TE WERDEN NUR F\u00dcR DEN DIENSTLICHEN UND PRIVATEN GEBRAUCH VERKAUFT. WIR SIND NICHT F\u00dcR DEN BETR\u00dcGERISCHEN ODER RECHTSWIDRIGEN GEBRAUCH DER AN SIE VERKAUFTEN AUSR\u00dcSTUNG VERANTWORTLICH.<\/span><\/strong><\/p>","protected":false},"excerpt":{"rendered":"<p class=\"ai-optimize-43\">Erste, wir haben die IVECO Marke:<\/p>\n<p class=\"ai-optimize-44\">This complete device is for commercial vehicles and more of the following types:&#8211;&gt; Iveco 2012-2014 (turn on the ignition on the plug-in device, disconnect the red cable from the BCM and reconnect the cable; the green LED will light up. Turn off and start the van; the entire process takes 3 seconds and the car will start).&#8211;&gt; Iveco 2014-2020 (turn on the ignition on the plug-in device; you will see two red and orange lights on; wait 1 minute to 12 minutes maximum; the green LED will light up; you can turn off and start the van. The device stores the car&#8217;s PIN code so that you can start it immediately if you reconnect the device).<\/p>\n<p class=\"ai-optimize-44\">\nDann haben wir die Marke ALFA ROMEO:<\/p>\n<ul>\n<li class=\"ai-optimize-45\">MITO: 2008 bis 2019 (Alle Motoren) )<\/li>\n<li class=\"ai-optimize-46\">GIULIETTA: 2012 bis 2019 (Alle Motoren)<\/li>\n<\/ul>\n<p class=\"ai-optimize-47\">Dann, FIAT:<\/p>\n<ul>\n<li class=\"ai-optimize-55\">500 \u2013 2007 &#8211; 2020 &#8211;<\/li>\n<li class=\"ai-optimize-55\">500L \u2013 2007 &#8211; 2009 (1.2 and 1.4 petrol) and 2010 &#8211; 2020<\/li>\n<li class=\"ai-optimize-55\">500 ABARTH \u2013 2008 &#8211; 2020<\/li>\n<li class=\"ai-optimize-55\">Punto\/Grande Punto\/ABARTH Grande Punto \u2013 2008 &#8211; 2020<\/li>\n<li class=\"ai-optimize-55\">FIORINO \u2013 2008 &#8211; 2020<\/li>\n<li class=\"ai-optimize-55\">DOBLO \u2013 2012 &#8211; 2020<\/li>\n<li class=\"ai-optimize-55\">Panda &#8211; 2012 &#8211; 2020<\/li>\n<li class=\"ai-optimize-55\">FIAT Ducato<\/li>\n<\/ul>\n<p class=\"ai-optimize-49\">Dann FORD:<\/p>\n<ul>\n<li class=\"ai-optimize-50\">FORD Ka \u2013 2008 &#8211; &#8230;+&#8230; &#8211;<\/li>\n<\/ul>\n<p class=\"ai-optimize-51\">Dann, LANCIA :<\/p>\n<ul>\n<li class=\"ai-optimize-52\">Lancia Ypsilon &#8211; 2012 &#8211; 2020,<\/li>\n<\/ul>\n<p class=\"ai-optimize-53\">Schlie\u00dflich, PEUGEOT\/CITROEN Marken:<\/p>\n<ul>\n<li class=\"ai-optimize-54\">Peugeot Boxer and Citro\u00ebn Jumper &#8211; 2010 &#8211; 2020 &#8211; if equipped with the DELPHI BCM module, then all engine types, or otherwise only with Magneti Marelli ECU 8F2 and 8F3 for 2.8 LIVECO &#8211; 2010 &#8211; 2017 &#8211; if equipped with the DELPHI BCM module.<\/li>\n<\/ul>","protected":false},"featured_media":10560,"comment_status":"open","ping_status":"closed","template":"","meta":{"_monsterinsights_skip_tracking":false,"_monsterinsights_sitenote_active":false,"_monsterinsights_sitenote_note":"","_monsterinsights_sitenote_category":0},"product_brand":[1173,1157,1176,1177],"product_cat":[516],"product_tag":[549,550,551,552,553,542,526,554,555,556],"vehicles":[825,813,811,812,815,817,823,818,814,833,830,820,824],"class_list":{"0":"post-10705","1":"product","2":"type-product","3":"status-publish","4":"has-post-thumbnail","6":"product_brand-citroen","7":"product_brand-fiat","8":"product_brand-ford","9":"product_brand-iveco","10":"product_cat-key-programmer","11":"product_tag-alfa-romeo","12":"product_tag-citroen","13":"product_tag-fiat","14":"product_tag-ford","15":"product_tag-iveco","16":"product_tag-key-device","17":"product_tag-key-programmer","18":"product_tag-keydevice","19":"product_tag-lancia","20":"product_tag-peugeot","21":"vehicles-citroen-jumper-2010-2020-if-equipped-with-delphi-bcm-module-then-all-types-of-engines-or-otherwise-only-with-magneti-marelli-ecu-8f2-and-8f3-for-2-8-liveco-2010","22":"vehicles-fiat-500-abarth-2008-2020","23":"vehicles-fiat-500-2007-2020","24":"vehicles-fiat-500l-2007-2009-1-2-and-1-4-petrol-and-2010-2020","25":"vehicles-fiat-abarth-grande-punto-2008-2020","26":"vehicles-fiat-doblo-2012-2020","27":"vehicles-fiat-ducato-2010-2020-if-equipped-with-delphi-bcm-module-then-all-types-of-engines-or-otherwise-only-with-magneti-marelli-ecu-8f2-and-8f3-for-2-8-liveco-2010","28":"vehicles-fiat-panda-2012-2020","29":"vehicles-fiat-punto-grande-punto-2008-2020","30":"vehicles-ford-ka-2008","31":"vehicles-iveco-all-models-2012-2020","32":"vehicles-lancia-ypsilon-2012-2020","33":"vehicles-peugeot-boxer-2010-2020-if-equipped-with-delphi-bcm-module-then-all-types-of-engines-or-otherwise-only-with-magneti-marelli-ecu-8f2-and-8f3-for-2-8-liveco-2010","35":"first","36":"instock","37":"featured","38":"shipping-taxable","39":"product-type-simple"},"yoast_head":"<!-- This site is optimized with the Yoast SEO Premium plugin v25.5 (Yoast SEO v27.4) - https:\/\/yoast.com\/product\/yoast-seo-premium-wordpress\/ -->\n<title>Fiat Iveco 2020 Emergency Start - Key Devices<\/title>\n<meta name=\"description\" content=\"Fiat Iveco 2020 Emergency Start est un appareil simple d&#039;utilisation puisqu&#039;il suffit de l&#039;ins\u00e9rer dans l&#039;OBDII et de tourner le tableau...\" \/>\n<meta name=\"robots\" content=\"index, follow, max-snippet:-1, max-image-preview:large, max-video-preview:-1\" \/>\n<link rel=\"canonical\" href=\"https:\/\/www.key-devices.com\/de\/product\/iveco-2012-2020-emergency-start\/\" \/>\n<meta property=\"og:locale\" content=\"de_DE\" \/>\n<meta property=\"og:type\" content=\"article\" \/>\n<meta property=\"og:title\" content=\"Iveco 2012 - 2020 Emergency Start\" \/>\n<meta property=\"og:description\" content=\"Fiat Iveco 2020 Emergency Start est un appareil simple d&#039;utilisation puisqu&#039;il suffit de l&#039;ins\u00e9rer dans l&#039;OBDII et de tourner le tableau...\" \/>\n<meta property=\"og:url\" content=\"https:\/\/www.key-devices.com\/de\/product\/iveco-2012-2020-emergency-start\/\" \/>\n<meta property=\"og:site_name\" content=\"KEY DEVICES\" \/>\n<meta property=\"article:modified_time\" content=\"2025-07-28T11:22:54+00:00\" \/>\n<meta property=\"og:image\" content=\"https:\/\/www.key-devices.com\/wp-content\/uploads\/Iveco-2012-2020-Emergency-Start-Photo.jpg\" \/>\n\t<meta property=\"og:image:width\" content=\"1152\" \/>\n\t<meta property=\"og:image:height\" content=\"2048\" \/>\n\t<meta property=\"og:image:type\" content=\"image\/jpeg\" \/>\n<meta name=\"twitter:card\" content=\"summary_large_image\" \/>\n<meta name=\"twitter:label1\" content=\"Preis\" \/>\n\t<meta name=\"twitter:data1\" content=\"\" \/>\n\t<meta name=\"twitter:label2\" content=\"Verf\u00fcgbarkeit\" \/>\n\t<meta name=\"twitter:data2\" content=\"Auf Lager\" \/>\n<script type=\"application\/ld+json\" class=\"yoast-schema-graph\">{\"@context\":\"https:\\\/\\\/schema.org\",\"@graph\":[{\"@type\":\"WebPage\",\"@id\":\"https:\\\/\\\/www.key-devices.com\\\/product\\\/iveco-2012-2020-emergency-start\\\/\",\"url\":\"https:\\\/\\\/www.key-devices.com\\\/product\\\/iveco-2012-2020-emergency-start\\\/\",\"name\":\"Fiat Iveco 2020 Emergency Start - Key Devices\",\"isPartOf\":{\"@id\":\"https:\\\/\\\/www.key-devices.com\\\/#website\"},\"primaryImageOfPage\":{\"@id\":\"https:\\\/\\\/www.key-devices.com\\\/product\\\/iveco-2012-2020-emergency-start\\\/#primaryimage\"},\"image\":{\"@id\":\"https:\\\/\\\/www.key-devices.com\\\/product\\\/iveco-2012-2020-emergency-start\\\/#primaryimage\"},\"thumbnailUrl\":\"https:\\\/\\\/www.key-devices.com\\\/wp-content\\\/uploads\\\/Iveco-2012-2020-Emergency-Start-Photo.jpg\",\"datePublished\":\"2025-06-07T18:42:13+00:00\",\"dateModified\":\"2025-07-28T11:22:54+00:00\",\"description\":\"Fiat Iveco 2020 Emergency Start est un appareil simple d'utilisation puisqu'il suffit de l'ins\u00e9rer dans l'OBDII et de tourner le tableau...\",\"breadcrumb\":{\"@id\":\"https:\\\/\\\/www.key-devices.com\\\/product\\\/iveco-2012-2020-emergency-start\\\/#breadcrumb\"},\"inLanguage\":\"de\",\"potentialAction\":[{\"@type\":\"ReadAction\",\"target\":[\"https:\\\/\\\/www.key-devices.com\\\/product\\\/iveco-2012-2020-emergency-start\\\/\"]}]},{\"@type\":\"ImageObject\",\"inLanguage\":\"de\",\"@id\":\"https:\\\/\\\/www.key-devices.com\\\/product\\\/iveco-2012-2020-emergency-start\\\/#primaryimage\",\"url\":\"https:\\\/\\\/www.key-devices.com\\\/wp-content\\\/uploads\\\/Iveco-2012-2020-Emergency-Start-Photo.jpg\",\"contentUrl\":\"https:\\\/\\\/www.key-devices.com\\\/wp-content\\\/uploads\\\/Iveco-2012-2020-Emergency-Start-Photo.jpg\",\"width\":1152,\"height\":2048,\"caption\":\"Fiat Iveco 2020 Emergency Start\"},{\"@type\":\"BreadcrumbList\",\"@id\":\"https:\\\/\\\/www.key-devices.com\\\/product\\\/iveco-2012-2020-emergency-start\\\/#breadcrumb\",\"itemListElement\":[{\"@type\":\"ListItem\",\"position\":1,\"name\":\"Home\",\"item\":\"https:\\\/\\\/www.key-devices.com\\\/\"},{\"@type\":\"ListItem\",\"position\":2,\"name\":\"Shop\",\"item\":\"https:\\\/\\\/www.key-devices.com\\\/shop\\\/\"},{\"@type\":\"ListItem\",\"position\":3,\"name\":\"Iveco 2012 &#8211; 2020 Emergency Start\"}]},{\"@type\":\"WebSite\",\"@id\":\"https:\\\/\\\/www.key-devices.com\\\/#website\",\"url\":\"https:\\\/\\\/www.key-devices.com\\\/\",\"name\":\"KEY DEVICES\",\"description\":\"\",\"publisher\":{\"@id\":\"https:\\\/\\\/www.key-devices.com\\\/#organization\"},\"potentialAction\":[{\"@type\":\"SearchAction\",\"target\":{\"@type\":\"EntryPoint\",\"urlTemplate\":\"https:\\\/\\\/www.key-devices.com\\\/?s={search_term_string}\"},\"query-input\":{\"@type\":\"PropertyValueSpecification\",\"valueRequired\":true,\"valueName\":\"search_term_string\"}}],\"inLanguage\":\"de\"},{\"@type\":[\"Organization\",\"Place\"],\"@id\":\"https:\\\/\\\/www.key-devices.com\\\/#organization\",\"name\":\"Key Devices\",\"url\":\"https:\\\/\\\/www.key-devices.com\\\/\",\"logo\":{\"@id\":\"https:\\\/\\\/www.key-devices.com\\\/product\\\/iveco-2012-2020-emergency-start\\\/#local-main-organization-logo\"},\"image\":{\"@id\":\"https:\\\/\\\/www.key-devices.com\\\/product\\\/iveco-2012-2020-emergency-start\\\/#local-main-organization-logo\"},\"legalName\":\"Key Devices\",\"telephone\":[],\"openingHoursSpecification\":[{\"@type\":\"OpeningHoursSpecification\",\"dayOfWeek\":[\"Monday\",\"Tuesday\",\"Wednesday\",\"Thursday\",\"Friday\",\"Saturday\",\"Sunday\"],\"opens\":\"09:00\",\"closes\":\"17:00\"}]},{\"@type\":\"ImageObject\",\"inLanguage\":\"de\",\"@id\":\"https:\\\/\\\/www.key-devices.com\\\/product\\\/iveco-2012-2020-emergency-start\\\/#local-main-organization-logo\",\"url\":\"https:\\\/\\\/www.key-devices.com\\\/wp-content\\\/uploads\\\/cropped-Key-Devices-Logo-official-.png\",\"contentUrl\":\"https:\\\/\\\/www.key-devices.com\\\/wp-content\\\/uploads\\\/cropped-Key-Devices-Logo-official-.png\",\"width\":512,\"height\":512,\"caption\":\"Key Devices\"}]}<\/script>\n<meta property=\"product:price:currency\" content=\"EUR\" \/>\n<meta property=\"og:availability\" content=\"instock\" \/>\n<meta property=\"product:availability\" content=\"instock\" \/>\n<meta property=\"product:retailer_item_id\" content=\"2292\" \/>\n<meta property=\"product:condition\" content=\"new\" \/>\n<!-- \/ Yoast SEO Premium plugin. -->","yoast_head_json":{"title":"Fiat Iveco 2020 Notfall-Start - Taste-Ger\u00e4te","description":"Fiat Iveco 2020 Not Start est un appareil simple d &#039;utilisation puisqu&#039; Il suffit de l&#039;ins\u00e9rer dans l&#039;OBDII et de tourner le tableau...","robots":{"index":"index","follow":"follow","max-snippet":"max-snippet:-1","max-image-preview":"max-image-preview:large","max-video-preview":"max-video-preview:-1"},"canonical":"https:\/\/www.key-devices.com\/de\/product\/iveco-2012-2020-emergency-start\/","og_locale":"de_DE","og_type":"article","og_title":"Iveco 2012 - 2020 Emergency Start","og_description":"Fiat Iveco 2020 Emergency Start est un appareil simple d'utilisation puisqu'il suffit de l'ins\u00e9rer dans l'OBDII et de tourner le tableau...","og_url":"https:\/\/www.key-devices.com\/de\/product\/iveco-2012-2020-emergency-start\/","og_site_name":"KEY DEVICES","article_modified_time":"2025-07-28T11:22:54+00:00","og_image":[{"width":1152,"height":2048,"url":"https:\/\/www.key-devices.com\/wp-content\/uploads\/Iveco-2012-2020-Emergency-Start-Photo.jpg","type":"image\/jpeg"}],"twitter_card":"summary_large_image","twitter_misc":{"Preis":"","Verf\u00fcgbarkeit":"Auf Lager"},"schema":{"@context":"https:\/\/schema.org","@graph":[{"@type":"WebPage","@id":"https:\/\/www.key-devices.com\/product\/iveco-2012-2020-emergency-start\/","url":"https:\/\/www.key-devices.com\/product\/iveco-2012-2020-emergency-start\/","name":"Fiat Iveco 2020 Notfall-Start - Taste-Ger\u00e4te","isPartOf":{"@id":"https:\/\/www.key-devices.com\/#website"},"primaryImageOfPage":{"@id":"https:\/\/www.key-devices.com\/product\/iveco-2012-2020-emergency-start\/#primaryimage"},"image":{"@id":"https:\/\/www.key-devices.com\/product\/iveco-2012-2020-emergency-start\/#primaryimage"},"thumbnailUrl":"https:\/\/www.key-devices.com\/wp-content\/uploads\/Iveco-2012-2020-Emergency-Start-Photo.jpg","datePublished":"2025-06-07T18:42:13+00:00","dateModified":"2025-07-28T11:22:54+00:00","description":"Fiat Iveco 2020 Not Start est un appareil simple d &#039;utilisation puisqu&#039; Il suffit de l&#039;ins\u00e9rer dans l&#039;OBDII et de tourner le tableau...","breadcrumb":{"@id":"https:\/\/www.key-devices.com\/product\/iveco-2012-2020-emergency-start\/#breadcrumb"},"inLanguage":"de","potentialAction":[{"@type":"ReadAction","target":["https:\/\/www.key-devices.com\/product\/iveco-2012-2020-emergency-start\/"]}]},{"@type":"ImageObject","inLanguage":"de","@id":"https:\/\/www.key-devices.com\/product\/iveco-2012-2020-emergency-start\/#primaryimage","url":"https:\/\/www.key-devices.com\/wp-content\/uploads\/Iveco-2012-2020-Emergency-Start-Photo.jpg","contentUrl":"https:\/\/www.key-devices.com\/wp-content\/uploads\/Iveco-2012-2020-Emergency-Start-Photo.jpg","width":1152,"height":2048,"caption":"Fiat Iveco 2020 Emergency Start"},{"@type":"BreadcrumbList","@id":"https:\/\/www.key-devices.com\/product\/iveco-2012-2020-emergency-start\/#breadcrumb","itemListElement":[{"@type":"ListItem","position":1,"name":"Home","item":"https:\/\/www.key-devices.com\/"},{"@type":"ListItem","position":2,"name":"Shop","item":"https:\/\/www.key-devices.com\/shop\/"},{"@type":"ListItem","position":3,"name":"Iveco 2012 &#8211; 2020 Emergency Start"}]},{"@type":"WebSite","@id":"https:\/\/www.key-devices.com\/#website","url":"https:\/\/www.key-devices.com\/","name":"SCHL\u00dcSSELGER\u00c4TE","description":"","publisher":{"@id":"https:\/\/www.key-devices.com\/#organization"},"potentialAction":[{"@type":"SearchAction","target":{"@type":"EntryPoint","urlTemplate":"https:\/\/www.key-devices.com\/?s={search_term_string}"},"query-input":{"@type":"PropertyValueSpecification","valueRequired":true,"valueName":"search_term_string"}}],"inLanguage":"de"},{"@type":["Organization","Place"],"@id":"https:\/\/www.key-devices.com\/#organization","name":"Wichtige Ger\u00e4te","url":"https:\/\/www.key-devices.com\/","logo":{"@id":"https:\/\/www.key-devices.com\/product\/iveco-2012-2020-emergency-start\/#local-main-organization-logo"},"image":{"@id":"https:\/\/www.key-devices.com\/product\/iveco-2012-2020-emergency-start\/#local-main-organization-logo"},"legalName":"Key Devices","telephone":[],"openingHoursSpecification":[{"@type":"OpeningHoursSpecification","dayOfWeek":["Monday","Tuesday","Wednesday","Thursday","Friday","Saturday","Sunday"],"opens":"09:00","closes":"17:00"}]},{"@type":"ImageObject","inLanguage":"de","@id":"https:\/\/www.key-devices.com\/product\/iveco-2012-2020-emergency-start\/#local-main-organization-logo","url":"https:\/\/www.key-devices.com\/wp-content\/uploads\/cropped-Key-Devices-Logo-official-.png","contentUrl":"https:\/\/www.key-devices.com\/wp-content\/uploads\/cropped-Key-Devices-Logo-official-.png","width":512,"height":512,"caption":"Key Devices"}]},"product_price_currency":"EUR","og_availability":"instock","product_availability":"instock","product_retailer_item_id":"2292","product_condition":"new"},"jetpack_sharing_enabled":true,"_links":{"self":[{"href":"https:\/\/www.key-devices.com\/de\/wp-json\/wp\/v2\/product\/10705","targetHints":{"allow":["GET"]}}],"collection":[{"href":"https:\/\/www.key-devices.com\/de\/wp-json\/wp\/v2\/product"}],"about":[{"href":"https:\/\/www.key-devices.com\/de\/wp-json\/wp\/v2\/types\/product"}],"replies":[{"embeddable":true,"href":"https:\/\/www.key-devices.com\/de\/wp-json\/wp\/v2\/comments?post=10705"}],"wp:featuredmedia":[{"embeddable":true,"href":"https:\/\/www.key-devices.com\/de\/wp-json\/wp\/v2\/media\/10560"}],"wp:attachment":[{"href":"https:\/\/www.key-devices.com\/de\/wp-json\/wp\/v2\/media?parent=10705"}],"wp:term":[{"taxonomy":"product_brand","embeddable":true,"href":"https:\/\/www.key-devices.com\/de\/wp-json\/wp\/v2\/product_brand?post=10705"},{"taxonomy":"product_cat","embeddable":true,"href":"https:\/\/www.key-devices.com\/de\/wp-json\/wp\/v2\/product_cat?post=10705"},{"taxonomy":"product_tag","embeddable":true,"href":"https:\/\/www.key-devices.com\/de\/wp-json\/wp\/v2\/product_tag?post=10705"},{"taxonomy":"vehicles","embeddable":true,"href":"https:\/\/www.key-devices.com\/de\/wp-json\/wp\/v2\/vehicles?post=10705"}],"curies":[{"name":"wp","href":"https:\/\/api.w.org\/{rel}","templated":true}]}}