{"id":10711,"date":"2025-06-07T20:42:14","date_gmt":"2025-06-07T18:42:14","guid":{"rendered":"https:\/\/www.key-devices.com\/?post_type=product&#038;p=10711"},"modified":"2025-07-28T13:22:50","modified_gmt":"2025-07-28T11:22:50","slug":"toyota-lexus-subaru-key-programmer","status":"publish","type":"product","link":"https:\/\/www.key-devices.com\/de\/product\/toyota-lexus-subaru-key-programmer\/","title":{"rendered":"Toyota Lexus Subaru Schl\u00fcsselprogrammierer"},"content":{"rendered":"<h1  style=\"text-align: center;\">Toyota Lexus Subaru Schl\u00fcsselprogrammierer<\/h1>\n<p>&nbsp;<\/p>\n<p >Dieser &#034;Toyota Lexus Subaru Schl\u00fcssel Programmierer&#034; - Ger\u00e4t ist entwickelt, um Programm intelligente Schl\u00fcssel f\u00fcr TOYOTA\/LEXUS-und SUBARU Fahrzeuge (auch wenn alle Schl\u00fcssel verloren).<\/p>\n<p>&nbsp;<\/p>\n<p ><strong><span style=\"color: #ff0000;\">* UNSERE GER\u00c4TE WERDEN NUR F\u00dcR DEN DIENSTLICHEN UND PRIVATEN GEBRAUCH VERKAUFT. WIR SIND NICHT F\u00dcR DEN BETR\u00dcGERISCHEN ODER RECHTSWIDRIGEN GEBRAUCH DER AN SIE VERKAUFTEN AUSR\u00dcSTUNG VERANTWORTLICH.<\/span><\/strong><\/p>","protected":false},"excerpt":{"rendered":"<p class=\"ai-optimize-17\">Erste von alle, hier ist die Liste der Modelle, f\u00fcr die TOYOTA-Marke:<\/p>\n<ul>\n<li class=\"ai-optimize-18\">LC 200 2008+<\/li>\n<li class=\"ai-optimize-19\">Dann, PRADO 2009+,<\/li>\n<li class=\"ai-optimize-20\">CAMRY (alle Modelle von 2012+),<\/li>\n<li class=\"ai-optimize-21\">Schlie\u00dflich RAV 4 (alle Modelle ab 2013+),<\/li>\n<\/ul>\n<p class=\"ai-optimize-22\">N\u00e4chsten, hier ist die Liste der Modelle, f\u00fcr die LEXUS-Marke:<\/p>\n<ul>\n<li class=\"ai-optimize-23\">LX570 2008+,<\/li>\n<li class=\"ai-optimize-24\">Puis, LS460, 2009+,<\/li>\n<li class=\"ai-optimize-25\">IS250 2006+,<\/li>\n<li class=\"ai-optimize-26\">Puis, RX350 2009+<\/li>\n<li class=\"ai-optimize-27\">GX460 2009+,<\/li>\n<li class=\"ai-optimize-28\">Puis, IST\/ GS\/ ES (ALLEN),<\/li>\n<li class=\"ai-optimize-29\">GS450H2012+,<\/li>\n<li class=\"ai-optimize-30\">GS350 2012+<\/li>\n<\/ul>\n<p class=\"ai-optimize-31\">Schlie\u00dflich, hier ist die Liste der Modelle der Marke SUBARU:<\/p>\n<ul>\n<li class=\"ai-optimize-32\">Umfasst alle Modelle von 2012+<\/li>\n<\/ul>","protected":false},"featured_media":10570,"comment_status":"open","ping_status":"closed","template":"","meta":{"_monsterinsights_skip_tracking":false,"_monsterinsights_sitenote_active":false,"_monsterinsights_sitenote_note":"","_monsterinsights_sitenote_category":0},"product_brand":[1139,1179,1140],"product_cat":[516],"product_tag":[542,526,554,662,663,664],"vehicles":[1088,1087,1085,1086,1083,1082,1081,1084,1155,1079,1077,1078,1080],"class_list":{"0":"post-10711","1":"product","2":"type-product","3":"status-publish","4":"has-post-thumbnail","6":"product_brand-lexus","7":"product_brand-subaru","8":"product_brand-toyota","9":"product_cat-key-programmer","10":"product_tag-key-device","11":"product_tag-key-programmer","12":"product_tag-keydevice","13":"product_tag-lexus","14":"product_tag-subaru","15":"product_tag-toyota","16":"vehicles-lexus-gs350-2012","17":"vehicles-lexus-gs450h-2012","18":"vehicles-lexus-gx460-2009","19":"vehicles-lexus-is-gs-es-all-2012","20":"vehicles-lexus-is250-2006","21":"vehicles-lexus-ls460-2009","22":"vehicles-lexus-lx570-2008","23":"vehicles-lexus-rx350-2009","24":"vehicles-subaru-all-models-2012","25":"vehicles-toyota-camry-2012","26":"vehicles-toyota-lc-200-2008","27":"vehicles-toyota-prado-2009","28":"vehicles-toyota-rav-4-2013","30":"first","31":"instock","32":"shipping-taxable","33":"product-type-simple"},"yoast_head":"<!-- This site is optimized with the Yoast SEO Premium plugin v25.5 (Yoast SEO v27.4) - https:\/\/yoast.com\/product\/yoast-seo-premium-wordpress\/ -->\n<title>Toyota Lexus Subaru Key Programmer - Key Devices<\/title>\n<meta name=\"description\" content=\"Toyota Lexus Subaru Key Programmer est un appareil con\u00e7u pour programmer des cl\u00e9s de type intelligent des v\u00e9hicules Toyota, Lexus etc...\" \/>\n<meta name=\"robots\" content=\"index, follow, max-snippet:-1, max-image-preview:large, max-video-preview:-1\" \/>\n<link rel=\"canonical\" href=\"https:\/\/www.key-devices.com\/de\/product\/toyota-lexus-subaru-key-programmer\/\" \/>\n<meta property=\"og:locale\" content=\"de_DE\" \/>\n<meta property=\"og:type\" content=\"article\" \/>\n<meta property=\"og:title\" content=\"Toyota Lexus Subaru Key Programmer\" \/>\n<meta property=\"og:description\" content=\"Toyota Lexus Subaru Key Programmer est un appareil con\u00e7u pour programmer des cl\u00e9s de type intelligent des v\u00e9hicules Toyota, Lexus etc...\" \/>\n<meta property=\"og:url\" content=\"https:\/\/www.key-devices.com\/de\/product\/toyota-lexus-subaru-key-programmer\/\" \/>\n<meta property=\"og:site_name\" content=\"KEY DEVICES\" \/>\n<meta property=\"article:modified_time\" content=\"2025-07-28T11:22:50+00:00\" \/>\n<meta property=\"og:image\" content=\"https:\/\/www.key-devices.com\/wp-content\/uploads\/Toyota-keyprogrammer-scaled-1.jpg\" \/>\n\t<meta property=\"og:image:width\" content=\"1920\" \/>\n\t<meta property=\"og:image:height\" content=\"2560\" \/>\n\t<meta property=\"og:image:type\" content=\"image\/jpeg\" \/>\n<meta name=\"twitter:card\" content=\"summary_large_image\" \/>\n<meta name=\"twitter:label1\" content=\"Preis\" \/>\n\t<meta name=\"twitter:data1\" content=\"\" \/>\n\t<meta name=\"twitter:label2\" content=\"Verf\u00fcgbarkeit\" \/>\n\t<meta name=\"twitter:data2\" content=\"Auf Lager\" \/>\n<script type=\"application\/ld+json\" class=\"yoast-schema-graph\">{\"@context\":\"https:\\\/\\\/schema.org\",\"@graph\":[{\"@type\":\"WebPage\",\"@id\":\"https:\\\/\\\/www.key-devices.com\\\/product\\\/toyota-lexus-subaru-key-programmer\\\/\",\"url\":\"https:\\\/\\\/www.key-devices.com\\\/product\\\/toyota-lexus-subaru-key-programmer\\\/\",\"name\":\"Toyota Lexus Subaru Key Programmer - Key Devices\",\"isPartOf\":{\"@id\":\"https:\\\/\\\/www.key-devices.com\\\/#website\"},\"primaryImageOfPage\":{\"@id\":\"https:\\\/\\\/www.key-devices.com\\\/product\\\/toyota-lexus-subaru-key-programmer\\\/#primaryimage\"},\"image\":{\"@id\":\"https:\\\/\\\/www.key-devices.com\\\/product\\\/toyota-lexus-subaru-key-programmer\\\/#primaryimage\"},\"thumbnailUrl\":\"https:\\\/\\\/www.key-devices.com\\\/wp-content\\\/uploads\\\/Toyota-keyprogrammer-scaled-1.jpg\",\"datePublished\":\"2025-06-07T18:42:14+00:00\",\"dateModified\":\"2025-07-28T11:22:50+00:00\",\"description\":\"Toyota Lexus Subaru Key Programmer est un appareil con\u00e7u pour programmer des cl\u00e9s de type intelligent des v\u00e9hicules Toyota, Lexus etc...\",\"breadcrumb\":{\"@id\":\"https:\\\/\\\/www.key-devices.com\\\/product\\\/toyota-lexus-subaru-key-programmer\\\/#breadcrumb\"},\"inLanguage\":\"de\",\"potentialAction\":[{\"@type\":\"ReadAction\",\"target\":[\"https:\\\/\\\/www.key-devices.com\\\/product\\\/toyota-lexus-subaru-key-programmer\\\/\"]}]},{\"@type\":\"ImageObject\",\"inLanguage\":\"de\",\"@id\":\"https:\\\/\\\/www.key-devices.com\\\/product\\\/toyota-lexus-subaru-key-programmer\\\/#primaryimage\",\"url\":\"https:\\\/\\\/www.key-devices.com\\\/wp-content\\\/uploads\\\/Toyota-keyprogrammer-scaled-1.jpg\",\"contentUrl\":\"https:\\\/\\\/www.key-devices.com\\\/wp-content\\\/uploads\\\/Toyota-keyprogrammer-scaled-1.jpg\",\"width\":1920,\"height\":2560,\"caption\":\"Toyota Lexus Subaru\"},{\"@type\":\"BreadcrumbList\",\"@id\":\"https:\\\/\\\/www.key-devices.com\\\/product\\\/toyota-lexus-subaru-key-programmer\\\/#breadcrumb\",\"itemListElement\":[{\"@type\":\"ListItem\",\"position\":1,\"name\":\"Home\",\"item\":\"https:\\\/\\\/www.key-devices.com\\\/\"},{\"@type\":\"ListItem\",\"position\":2,\"name\":\"Shop\",\"item\":\"https:\\\/\\\/www.key-devices.com\\\/shop\\\/\"},{\"@type\":\"ListItem\",\"position\":3,\"name\":\"Toyota Lexus Subaru Key Programmer\"}]},{\"@type\":\"WebSite\",\"@id\":\"https:\\\/\\\/www.key-devices.com\\\/#website\",\"url\":\"https:\\\/\\\/www.key-devices.com\\\/\",\"name\":\"KEY DEVICES\",\"description\":\"\",\"publisher\":{\"@id\":\"https:\\\/\\\/www.key-devices.com\\\/#organization\"},\"potentialAction\":[{\"@type\":\"SearchAction\",\"target\":{\"@type\":\"EntryPoint\",\"urlTemplate\":\"https:\\\/\\\/www.key-devices.com\\\/?s={search_term_string}\"},\"query-input\":{\"@type\":\"PropertyValueSpecification\",\"valueRequired\":true,\"valueName\":\"search_term_string\"}}],\"inLanguage\":\"de\"},{\"@type\":[\"Organization\",\"Place\"],\"@id\":\"https:\\\/\\\/www.key-devices.com\\\/#organization\",\"name\":\"Key Devices\",\"url\":\"https:\\\/\\\/www.key-devices.com\\\/\",\"logo\":{\"@id\":\"https:\\\/\\\/www.key-devices.com\\\/product\\\/toyota-lexus-subaru-key-programmer\\\/#local-main-organization-logo\"},\"image\":{\"@id\":\"https:\\\/\\\/www.key-devices.com\\\/product\\\/toyota-lexus-subaru-key-programmer\\\/#local-main-organization-logo\"},\"legalName\":\"Key Devices\",\"telephone\":[],\"openingHoursSpecification\":[{\"@type\":\"OpeningHoursSpecification\",\"dayOfWeek\":[\"Monday\",\"Tuesday\",\"Wednesday\",\"Thursday\",\"Friday\",\"Saturday\",\"Sunday\"],\"opens\":\"09:00\",\"closes\":\"17:00\"}]},{\"@type\":\"ImageObject\",\"inLanguage\":\"de\",\"@id\":\"https:\\\/\\\/www.key-devices.com\\\/product\\\/toyota-lexus-subaru-key-programmer\\\/#local-main-organization-logo\",\"url\":\"https:\\\/\\\/www.key-devices.com\\\/wp-content\\\/uploads\\\/cropped-Key-Devices-Logo-official-.png\",\"contentUrl\":\"https:\\\/\\\/www.key-devices.com\\\/wp-content\\\/uploads\\\/cropped-Key-Devices-Logo-official-.png\",\"width\":512,\"height\":512,\"caption\":\"Key Devices\"}]}<\/script>\n<meta property=\"product:price:currency\" content=\"EUR\" \/>\n<meta property=\"og:availability\" content=\"instock\" \/>\n<meta property=\"product:availability\" content=\"instock\" \/>\n<meta property=\"product:retailer_item_id\" content=\"2312\" \/>\n<meta property=\"product:condition\" content=\"new\" \/>\n<!-- \/ Yoast SEO Premium plugin. -->","yoast_head_json":{"title":"Toyota Lexus Subaru-Schl\u00fcssel-Programmierer - Key-Ger\u00e4ten","description":"Toyota Lexus Subaru Key Programmer est un appareil con\u00e7u pour programmer des cl\u00e9s de type intelligent des v\u00e9hicules Toyota, Lexus etc...","robots":{"index":"index","follow":"follow","max-snippet":"max-snippet:-1","max-image-preview":"max-image-preview:large","max-video-preview":"max-video-preview:-1"},"canonical":"https:\/\/www.key-devices.com\/de\/product\/toyota-lexus-subaru-key-programmer\/","og_locale":"de_DE","og_type":"article","og_title":"Toyota Lexus Subaru Key Programmer","og_description":"Toyota Lexus Subaru Key Programmer est un appareil con\u00e7u pour programmer des cl\u00e9s de type intelligent des v\u00e9hicules Toyota, Lexus etc...","og_url":"https:\/\/www.key-devices.com\/de\/product\/toyota-lexus-subaru-key-programmer\/","og_site_name":"KEY DEVICES","article_modified_time":"2025-07-28T11:22:50+00:00","og_image":[{"width":1920,"height":2560,"url":"https:\/\/www.key-devices.com\/wp-content\/uploads\/Toyota-keyprogrammer-scaled-1.jpg","type":"image\/jpeg"}],"twitter_card":"summary_large_image","twitter_misc":{"Preis":"","Verf\u00fcgbarkeit":"Auf Lager"},"schema":{"@context":"https:\/\/schema.org","@graph":[{"@type":"WebPage","@id":"https:\/\/www.key-devices.com\/product\/toyota-lexus-subaru-key-programmer\/","url":"https:\/\/www.key-devices.com\/product\/toyota-lexus-subaru-key-programmer\/","name":"Toyota Lexus Subaru-Schl\u00fcssel-Programmierer - Key-Ger\u00e4ten","isPartOf":{"@id":"https:\/\/www.key-devices.com\/#website"},"primaryImageOfPage":{"@id":"https:\/\/www.key-devices.com\/product\/toyota-lexus-subaru-key-programmer\/#primaryimage"},"image":{"@id":"https:\/\/www.key-devices.com\/product\/toyota-lexus-subaru-key-programmer\/#primaryimage"},"thumbnailUrl":"https:\/\/www.key-devices.com\/wp-content\/uploads\/Toyota-keyprogrammer-scaled-1.jpg","datePublished":"2025-06-07T18:42:14+00:00","dateModified":"2025-07-28T11:22:50+00:00","description":"Toyota Lexus Subaru Key Programmer est un appareil con\u00e7u pour programmer des cl\u00e9s de type intelligent des v\u00e9hicules Toyota, Lexus etc...","breadcrumb":{"@id":"https:\/\/www.key-devices.com\/product\/toyota-lexus-subaru-key-programmer\/#breadcrumb"},"inLanguage":"de","potentialAction":[{"@type":"ReadAction","target":["https:\/\/www.key-devices.com\/product\/toyota-lexus-subaru-key-programmer\/"]}]},{"@type":"ImageObject","inLanguage":"de","@id":"https:\/\/www.key-devices.com\/product\/toyota-lexus-subaru-key-programmer\/#primaryimage","url":"https:\/\/www.key-devices.com\/wp-content\/uploads\/Toyota-keyprogrammer-scaled-1.jpg","contentUrl":"https:\/\/www.key-devices.com\/wp-content\/uploads\/Toyota-keyprogrammer-scaled-1.jpg","width":1920,"height":2560,"caption":"Toyota Lexus Subaru"},{"@type":"BreadcrumbList","@id":"https:\/\/www.key-devices.com\/product\/toyota-lexus-subaru-key-programmer\/#breadcrumb","itemListElement":[{"@type":"ListItem","position":1,"name":"Home","item":"https:\/\/www.key-devices.com\/"},{"@type":"ListItem","position":2,"name":"Shop","item":"https:\/\/www.key-devices.com\/shop\/"},{"@type":"ListItem","position":3,"name":"Toyota Lexus Subaru Key Programmer"}]},{"@type":"WebSite","@id":"https:\/\/www.key-devices.com\/#website","url":"https:\/\/www.key-devices.com\/","name":"SCHL\u00dcSSELGER\u00c4TE","description":"","publisher":{"@id":"https:\/\/www.key-devices.com\/#organization"},"potentialAction":[{"@type":"SearchAction","target":{"@type":"EntryPoint","urlTemplate":"https:\/\/www.key-devices.com\/?s={search_term_string}"},"query-input":{"@type":"PropertyValueSpecification","valueRequired":true,"valueName":"search_term_string"}}],"inLanguage":"de"},{"@type":["Organization","Place"],"@id":"https:\/\/www.key-devices.com\/#organization","name":"Wichtige Ger\u00e4te","url":"https:\/\/www.key-devices.com\/","logo":{"@id":"https:\/\/www.key-devices.com\/product\/toyota-lexus-subaru-key-programmer\/#local-main-organization-logo"},"image":{"@id":"https:\/\/www.key-devices.com\/product\/toyota-lexus-subaru-key-programmer\/#local-main-organization-logo"},"legalName":"Key Devices","telephone":[],"openingHoursSpecification":[{"@type":"OpeningHoursSpecification","dayOfWeek":["Monday","Tuesday","Wednesday","Thursday","Friday","Saturday","Sunday"],"opens":"09:00","closes":"17:00"}]},{"@type":"ImageObject","inLanguage":"de","@id":"https:\/\/www.key-devices.com\/product\/toyota-lexus-subaru-key-programmer\/#local-main-organization-logo","url":"https:\/\/www.key-devices.com\/wp-content\/uploads\/cropped-Key-Devices-Logo-official-.png","contentUrl":"https:\/\/www.key-devices.com\/wp-content\/uploads\/cropped-Key-Devices-Logo-official-.png","width":512,"height":512,"caption":"Key Devices"}]},"product_price_currency":"EUR","og_availability":"instock","product_availability":"instock","product_retailer_item_id":"2312","product_condition":"new"},"jetpack_sharing_enabled":true,"_links":{"self":[{"href":"https:\/\/www.key-devices.com\/de\/wp-json\/wp\/v2\/product\/10711","targetHints":{"allow":["GET"]}}],"collection":[{"href":"https:\/\/www.key-devices.com\/de\/wp-json\/wp\/v2\/product"}],"about":[{"href":"https:\/\/www.key-devices.com\/de\/wp-json\/wp\/v2\/types\/product"}],"replies":[{"embeddable":true,"href":"https:\/\/www.key-devices.com\/de\/wp-json\/wp\/v2\/comments?post=10711"}],"wp:featuredmedia":[{"embeddable":true,"href":"https:\/\/www.key-devices.com\/de\/wp-json\/wp\/v2\/media\/10570"}],"wp:attachment":[{"href":"https:\/\/www.key-devices.com\/de\/wp-json\/wp\/v2\/media?parent=10711"}],"wp:term":[{"taxonomy":"product_brand","embeddable":true,"href":"https:\/\/www.key-devices.com\/de\/wp-json\/wp\/v2\/product_brand?post=10711"},{"taxonomy":"product_cat","embeddable":true,"href":"https:\/\/www.key-devices.com\/de\/wp-json\/wp\/v2\/product_cat?post=10711"},{"taxonomy":"product_tag","embeddable":true,"href":"https:\/\/www.key-devices.com\/de\/wp-json\/wp\/v2\/product_tag?post=10711"},{"taxonomy":"vehicles","embeddable":true,"href":"https:\/\/www.key-devices.com\/de\/wp-json\/wp\/v2\/vehicles?post=10711"}],"curies":[{"name":"wp","href":"https:\/\/api.w.org\/{rel}","templated":true}]}}