{"id":10712,"date":"2025-06-07T20:42:14","date_gmt":"2025-06-07T18:42:14","guid":{"rendered":"https:\/\/www.key-devices.com\/?post_type=product&#038;p=10712"},"modified":"2025-12-21T09:58:53","modified_gmt":"2025-12-21T08:58:53","slug":"peugeot-citroen-key-programming-device-2021","status":"publish","type":"product","link":"https:\/\/www.key-devices.com\/de\/product\/peugeot-citroen-key-programming-device-2021\/","title":{"rendered":"Peugeot\/Citroen-Schl\u00fcsselprogrammierger\u00e4t 2021"},"content":{"rendered":"<h1  style=\"text-align: center;\">Peugeot\/Citroen-Schl\u00fcsselprogrammierger\u00e4t 2021<\/h1>\n<p>&nbsp;<\/p>\n<p >Mit diesem &#034;Peugeot\/Citroen Schl\u00fcssel Programmierung Ger\u00e4t 2021&#034; f\u00fcr Fahrzeuge mit CAN-BUS und UDS Diagnose-Protokollen, es ist sehr einfach zu bedienen. Passen Sie einfach die Schalter zu w\u00e4hlen Sie die Anzahl der Tasten zu Programmieren und stecken Sie es in den OBD-II-port. Es wird auf 2021 Fahrzeuge.<\/p>\n<p >Features:<\/p>\n<p >Dieses Ger\u00e4t kann, Lesen Sie die PIN-code erforderlich, f\u00fcr Wegfahrsperre Schl\u00fcssel Programmierung direkt aus dem Auto BSI-Modul \u00fcber OBD-II.<\/p>\n<p >Keine Notwendigkeit zu zerlegen die BSI-oder ECU.<\/p>\n<p >Sie k\u00f6nnen Programm die maximale Anzahl der Schl\u00fcssel, die vom Hersteller autorisiert sind.<\/p>\n<p >Unterst\u00fctzte Modelle:<\/p>\n<p >Neue Funktion, dass umfasst 90% des Peugeot-und Citro\u00ebn-Modelle:<\/p>\n<p >Peugeot Modelle:<\/p>\n<ul>\n<li ><strong>208 II<\/strong><\/li>\n<li ><strong>3008 II<\/strong><\/li>\n<li ><strong>5008 II<\/strong><\/li>\n<li ><strong>Expert II<\/strong><\/li>\n<li ><strong>Jumpy II<\/strong><\/li>\n<li ><strong>Traveler II<\/strong><\/li>\n<li ><strong>Rifter<\/strong><\/li>\n<li ><strong>308 II<\/strong><\/li>\n<li  style=\"list-style-type: none;\"><\/li>\n<\/ul>\n<p >Citroen Modelle :<\/p>\n<ul>\n<li ><strong>Ds7 Cross Back<\/strong><\/li>\n<li ><strong>Ds3 Cross Back<\/strong><\/li>\n<li  style=\"list-style-type: none;\"><\/li>\n<\/ul>\n<p >Sowie einige Elektro-und hybrid-Modelle.<\/p>\n<p>&nbsp;<\/p>\n<p ><strong><span style=\"color: #ff0000;\">* UNSERE GER\u00c4TE WERDEN NUR F\u00dcR DEN DIENSTLICHEN UND PRIVATEN GEBRAUCH VERKAUFT. WIR SIND NICHT F\u00dcR DEN BETR\u00dcGERISCHEN ODER RECHTSWIDRIGEN GEBRAUCH DER AN SIE VERKAUFTEN AUSR\u00dcSTUNG VERANTWORTLICH.<\/span><\/strong><\/p>","protected":false},"excerpt":{"rendered":"<h1 class=\"ai-optimize-52\" style=\"text-align: center;\">Peugeot\/Citroen-Schl\u00fcsselprogrammierger\u00e4t 2021<\/h1>\n<p>&nbsp;<\/p>\n<p class=\"ai-optimize-32 ai-optimize-introduction\">Mit diesem &#034;Peugeot\/Citroen Schl\u00fcssel Programmierung Ger\u00e4t 2021&#034; f\u00fcr Fahrzeuge mit CAN-BUS und UDS Diagnose-Protokollen, es ist sehr einfach zu bedienen. Passen Sie einfach die Schalter zu w\u00e4hlen Sie die Anzahl der Tasten zu Programmieren und stecken Sie es in den OBD-II-port. Es wird auf 2021 Fahrzeuge.<\/p>\n<p class=\"ai-optimize-33\">Features:<\/p>\n<p class=\"ai-optimize-34\">Dieses Ger\u00e4t kann, Lesen Sie die PIN-code erforderlich, f\u00fcr Wegfahrsperre Schl\u00fcssel Programmierung direkt aus dem Auto BSI-Modul \u00fcber OBD-II.<\/p>\n<p class=\"ai-optimize-35\">Keine Notwendigkeit zu zerlegen die BSI-oder ECU.<\/p>\n<p class=\"ai-optimize-36\">Sie k\u00f6nnen Programm die maximale Anzahl der Schl\u00fcssel, die vom Hersteller autorisiert sind.<\/p>\n<p class=\"ai-optimize-37\">Unterst\u00fctzte Modelle:<\/p>\n<p class=\"ai-optimize-38\">Neue Funktion, dass umfasst 90% des Peugeot-und Citro\u00ebn-Modelle:<\/p>\n<p class=\"ai-optimize-39\">Peugeot Modelle:<\/p>\n<ul>\n<li class=\"ai-optimize-79\"><strong>208 II<\/strong><\/li>\n<li class=\"ai-optimize-79\"><strong>3008 II<\/strong><\/li>\n<li class=\"ai-optimize-79\"><strong>5008 II<\/strong><\/li>\n<li class=\"ai-optimize-79\"><strong>Expert II<\/strong><\/li>\n<li class=\"ai-optimize-79\"><strong>Jumpy II<\/strong><\/li>\n<li class=\"ai-optimize-79\"><strong>Traveler II<\/strong><\/li>\n<li class=\"ai-optimize-79\"><strong>Rifter<\/strong><\/li>\n<li class=\"ai-optimize-79\"><strong>308 II<\/strong><\/li>\n<li class=\"ai-optimize-80\" style=\"list-style-type: none;\"><\/li>\n<\/ul>\n<p class=\"ai-optimize-71\">Citroen Modelle :<\/p>\n<ul>\n<li class=\"ai-optimize-77\"><strong>Ds7 Cross Back<\/strong><\/li>\n<li class=\"ai-optimize-77\"><strong>Ds3 Cross Back<\/strong><\/li>\n<li class=\"ai-optimize-78\" style=\"list-style-type: none;\"><\/li>\n<\/ul>\n<p class=\"ai-optimize-40\">Sowie einige Elektro-und hybrid-Modelle.<\/p>","protected":false},"featured_media":10574,"comment_status":"open","ping_status":"closed","template":"","meta":{"_monsterinsights_skip_tracking":false,"_monsterinsights_sitenote_active":false,"_monsterinsights_sitenote_note":"","_monsterinsights_sitenote_category":0},"product_brand":[1173,1172],"product_cat":[516],"product_tag":[665,666,667,668,558,559,550,669,573,670,671,575,672,554,587,588,599,618,556,673,622,674,675,676],"vehicles":[946,945,937,938,944,939,940,941,943,942],"class_list":{"0":"post-10712","1":"product","2":"type-product","3":"status-publish","4":"has-post-thumbnail","6":"product_brand-citroen","7":"product_brand-peugeot","8":"product_cat-key-programmer","9":"product_tag-208-ii","10":"product_tag-3008-ii","11":"product_tag-308-ii","12":"product_tag-5008-ii","13":"product_tag-autodevice","14":"product_tag-autokeydevice","15":"product_tag-citroen","16":"product_tag-code-pin-anti-demarrage","17":"product_tag-diagnostickey","18":"product_tag-ds3-cross-back","19":"product_tag-ds7-cross-back","20":"product_tag-encoder","21":"product_tag-expert-ii","22":"product_tag-keydevice","23":"product_tag-keydevices","24":"product_tag-keyprogrammer","25":"product_tag-lock-smith","26":"product_tag-noimmo","27":"product_tag-peugeot","28":"product_tag-peugeot-208-ii-peugeot-3008-ii-peugeot-5008-ii-citroen-ds7-cross-back-citroen-ds3-cross-back-peugeot-expert-ii-peugeot-jumpy-ii-peugeot-traveler-ii-peugeot-rifter-peugeot-308-ii","29":"product_tag-prodecoder","30":"product_tag-programmteur-de-cle","31":"product_tag-rifter","32":"product_tag-traveler-ii","33":"vehicles-citroen-ds3-cross-back-2021","34":"vehicles-citroen-ds7-cross-back-2021","35":"vehicles-peugeot-208-ii-2021","36":"vehicles-peugeot-3008-ii-2021","37":"vehicles-peugeot-308-ii-2021","38":"vehicles-peugeot-5008-ii-2021","39":"vehicles-peugeot-expert-ii-2021","40":"vehicles-peugeot-jumpy-ii-2021","41":"vehicles-peugeot-rifter-2021","42":"vehicles-peugeot-traveler-ii-2021","44":"first","45":"instock","46":"shipping-taxable","47":"product-type-simple"},"yoast_head":"<!-- This site is optimized with the Yoast SEO Premium plugin v25.5 (Yoast SEO v27.4) - https:\/\/yoast.com\/product\/yoast-seo-premium-wordpress\/ -->\n<title>Peugeot Citroen Key Device 2021<\/title>\n<meta name=\"description\" content=\"Peugeot Citroen Key Device 2021, vous pouvez programmer de nouvelles cl\u00e9s sans avoir besoin d&#039;un code PIN anti-d\u00e9marrage...\" \/>\n<meta name=\"robots\" content=\"index, follow, max-snippet:-1, max-image-preview:large, max-video-preview:-1\" \/>\n<link rel=\"canonical\" href=\"https:\/\/www.key-devices.com\/de\/product\/peugeot-citroen-key-programming-device-2021\/\" \/>\n<meta property=\"og:locale\" content=\"de_DE\" \/>\n<meta property=\"og:type\" content=\"article\" \/>\n<meta property=\"og:title\" content=\"Peugeot\/Citroen Key Programming Device 2021\" \/>\n<meta property=\"og:description\" content=\"Peugeot Citroen Key Device 2021, vous pouvez programmer de nouvelles cl\u00e9s sans avoir besoin d&#039;un code PIN anti-d\u00e9marrage...\" \/>\n<meta property=\"og:url\" content=\"https:\/\/www.key-devices.com\/de\/product\/peugeot-citroen-key-programming-device-2021\/\" \/>\n<meta property=\"og:site_name\" content=\"KEY DEVICES\" \/>\n<meta property=\"article:modified_time\" content=\"2025-12-21T08:58:53+00:00\" \/>\n<meta property=\"og:image\" content=\"https:\/\/www.key-devices.com\/wp-content\/uploads\/PSA-2021-Keydevice.jpg\" \/>\n\t<meta property=\"og:image:width\" content=\"1200\" \/>\n\t<meta property=\"og:image:height\" content=\"1600\" \/>\n\t<meta property=\"og:image:type\" content=\"image\/jpeg\" \/>\n<meta name=\"twitter:card\" content=\"summary_large_image\" \/>\n<meta name=\"twitter:label1\" content=\"Preis\" \/>\n\t<meta name=\"twitter:data1\" content=\"\" \/>\n\t<meta name=\"twitter:label2\" content=\"Verf\u00fcgbarkeit\" \/>\n\t<meta name=\"twitter:data2\" content=\"Auf Lager\" \/>\n<script type=\"application\/ld+json\" class=\"yoast-schema-graph\">{\"@context\":\"https:\\\/\\\/schema.org\",\"@graph\":[{\"@type\":\"WebPage\",\"@id\":\"https:\\\/\\\/www.key-devices.com\\\/product\\\/peugeot-citroen-key-programming-device-2021\\\/\",\"url\":\"https:\\\/\\\/www.key-devices.com\\\/product\\\/peugeot-citroen-key-programming-device-2021\\\/\",\"name\":\"Peugeot Citroen Key Device 2021\",\"isPartOf\":{\"@id\":\"https:\\\/\\\/www.key-devices.com\\\/#website\"},\"primaryImageOfPage\":{\"@id\":\"https:\\\/\\\/www.key-devices.com\\\/product\\\/peugeot-citroen-key-programming-device-2021\\\/#primaryimage\"},\"image\":{\"@id\":\"https:\\\/\\\/www.key-devices.com\\\/product\\\/peugeot-citroen-key-programming-device-2021\\\/#primaryimage\"},\"thumbnailUrl\":\"https:\\\/\\\/www.key-devices.com\\\/wp-content\\\/uploads\\\/PSA-2021-Keydevice.jpg\",\"datePublished\":\"2025-06-07T18:42:14+00:00\",\"dateModified\":\"2025-12-21T08:58:53+00:00\",\"description\":\"Peugeot Citroen Key Device 2021, vous pouvez programmer de nouvelles cl\u00e9s sans avoir besoin d'un code PIN anti-d\u00e9marrage...\",\"breadcrumb\":{\"@id\":\"https:\\\/\\\/www.key-devices.com\\\/product\\\/peugeot-citroen-key-programming-device-2021\\\/#breadcrumb\"},\"inLanguage\":\"de\",\"potentialAction\":[{\"@type\":\"ReadAction\",\"target\":[\"https:\\\/\\\/www.key-devices.com\\\/product\\\/peugeot-citroen-key-programming-device-2021\\\/\"]}]},{\"@type\":\"ImageObject\",\"inLanguage\":\"de\",\"@id\":\"https:\\\/\\\/www.key-devices.com\\\/product\\\/peugeot-citroen-key-programming-device-2021\\\/#primaryimage\",\"url\":\"https:\\\/\\\/www.key-devices.com\\\/wp-content\\\/uploads\\\/PSA-2021-Keydevice.jpg\",\"contentUrl\":\"https:\\\/\\\/www.key-devices.com\\\/wp-content\\\/uploads\\\/PSA-2021-Keydevice.jpg\",\"width\":1200,\"height\":1600,\"caption\":\"Peugeot Citroen Key Device 2021\"},{\"@type\":\"BreadcrumbList\",\"@id\":\"https:\\\/\\\/www.key-devices.com\\\/product\\\/peugeot-citroen-key-programming-device-2021\\\/#breadcrumb\",\"itemListElement\":[{\"@type\":\"ListItem\",\"position\":1,\"name\":\"Home\",\"item\":\"https:\\\/\\\/www.key-devices.com\\\/\"},{\"@type\":\"ListItem\",\"position\":2,\"name\":\"Shop\",\"item\":\"https:\\\/\\\/www.key-devices.com\\\/shop\\\/\"},{\"@type\":\"ListItem\",\"position\":3,\"name\":\"Peugeot\\\/Citroen Key Programming Device 2021\"}]},{\"@type\":\"WebSite\",\"@id\":\"https:\\\/\\\/www.key-devices.com\\\/#website\",\"url\":\"https:\\\/\\\/www.key-devices.com\\\/\",\"name\":\"KEY DEVICES\",\"description\":\"\",\"publisher\":{\"@id\":\"https:\\\/\\\/www.key-devices.com\\\/#organization\"},\"potentialAction\":[{\"@type\":\"SearchAction\",\"target\":{\"@type\":\"EntryPoint\",\"urlTemplate\":\"https:\\\/\\\/www.key-devices.com\\\/?s={search_term_string}\"},\"query-input\":{\"@type\":\"PropertyValueSpecification\",\"valueRequired\":true,\"valueName\":\"search_term_string\"}}],\"inLanguage\":\"de\"},{\"@type\":[\"Organization\",\"Place\"],\"@id\":\"https:\\\/\\\/www.key-devices.com\\\/#organization\",\"name\":\"Key Devices\",\"url\":\"https:\\\/\\\/www.key-devices.com\\\/\",\"logo\":{\"@id\":\"https:\\\/\\\/www.key-devices.com\\\/product\\\/peugeot-citroen-key-programming-device-2021\\\/#local-main-organization-logo\"},\"image\":{\"@id\":\"https:\\\/\\\/www.key-devices.com\\\/product\\\/peugeot-citroen-key-programming-device-2021\\\/#local-main-organization-logo\"},\"legalName\":\"Key Devices\",\"telephone\":[],\"openingHoursSpecification\":[{\"@type\":\"OpeningHoursSpecification\",\"dayOfWeek\":[\"Monday\",\"Tuesday\",\"Wednesday\",\"Thursday\",\"Friday\",\"Saturday\",\"Sunday\"],\"opens\":\"09:00\",\"closes\":\"17:00\"}]},{\"@type\":\"ImageObject\",\"inLanguage\":\"de\",\"@id\":\"https:\\\/\\\/www.key-devices.com\\\/product\\\/peugeot-citroen-key-programming-device-2021\\\/#local-main-organization-logo\",\"url\":\"https:\\\/\\\/www.key-devices.com\\\/wp-content\\\/uploads\\\/cropped-Key-Devices-Logo-official-.png\",\"contentUrl\":\"https:\\\/\\\/www.key-devices.com\\\/wp-content\\\/uploads\\\/cropped-Key-Devices-Logo-official-.png\",\"width\":512,\"height\":512,\"caption\":\"Key Devices\"}]}<\/script>\n<meta property=\"product:price:currency\" content=\"EUR\" \/>\n<meta property=\"og:availability\" content=\"instock\" \/>\n<meta property=\"product:availability\" content=\"instock\" \/>\n<meta property=\"product:retailer_item_id\" content=\"2489\" \/>\n<meta property=\"product:condition\" content=\"new\" \/>\n<!-- \/ Yoast SEO Premium plugin. -->","yoast_head_json":{"title":"Peugeot Citroen Schl\u00fcsselger\u00e4t 2021","description":"Peugeot Citroen Schl\u00fcssel Ger\u00e4t 2021, vous pouvez programmer de nouvelles cl\u00e9s sans avoir besoin d &#039; un code PIN anti-d\u00e9marrage...","robots":{"index":"index","follow":"follow","max-snippet":"max-snippet:-1","max-image-preview":"max-image-preview:large","max-video-preview":"max-video-preview:-1"},"canonical":"https:\/\/www.key-devices.com\/de\/product\/peugeot-citroen-key-programming-device-2021\/","og_locale":"de_DE","og_type":"article","og_title":"Peugeot\/Citroen Key Programming Device 2021","og_description":"Peugeot Citroen Key Device 2021, vous pouvez programmer de nouvelles cl\u00e9s sans avoir besoin d'un code PIN anti-d\u00e9marrage...","og_url":"https:\/\/www.key-devices.com\/de\/product\/peugeot-citroen-key-programming-device-2021\/","og_site_name":"KEY DEVICES","article_modified_time":"2025-12-21T08:58:53+00:00","og_image":[{"width":1200,"height":1600,"url":"https:\/\/www.key-devices.com\/wp-content\/uploads\/PSA-2021-Keydevice.jpg","type":"image\/jpeg"}],"twitter_card":"summary_large_image","twitter_misc":{"Preis":"","Verf\u00fcgbarkeit":"Auf Lager"},"schema":{"@context":"https:\/\/schema.org","@graph":[{"@type":"WebPage","@id":"https:\/\/www.key-devices.com\/product\/peugeot-citroen-key-programming-device-2021\/","url":"https:\/\/www.key-devices.com\/product\/peugeot-citroen-key-programming-device-2021\/","name":"Peugeot Citroen Schl\u00fcsselger\u00e4t 2021","isPartOf":{"@id":"https:\/\/www.key-devices.com\/#website"},"primaryImageOfPage":{"@id":"https:\/\/www.key-devices.com\/product\/peugeot-citroen-key-programming-device-2021\/#primaryimage"},"image":{"@id":"https:\/\/www.key-devices.com\/product\/peugeot-citroen-key-programming-device-2021\/#primaryimage"},"thumbnailUrl":"https:\/\/www.key-devices.com\/wp-content\/uploads\/PSA-2021-Keydevice.jpg","datePublished":"2025-06-07T18:42:14+00:00","dateModified":"2025-12-21T08:58:53+00:00","description":"Peugeot Citroen Schl\u00fcssel Ger\u00e4t 2021, vous pouvez programmer de nouvelles cl\u00e9s sans avoir besoin d &#039; un code PIN anti-d\u00e9marrage...","breadcrumb":{"@id":"https:\/\/www.key-devices.com\/product\/peugeot-citroen-key-programming-device-2021\/#breadcrumb"},"inLanguage":"de","potentialAction":[{"@type":"ReadAction","target":["https:\/\/www.key-devices.com\/product\/peugeot-citroen-key-programming-device-2021\/"]}]},{"@type":"ImageObject","inLanguage":"de","@id":"https:\/\/www.key-devices.com\/product\/peugeot-citroen-key-programming-device-2021\/#primaryimage","url":"https:\/\/www.key-devices.com\/wp-content\/uploads\/PSA-2021-Keydevice.jpg","contentUrl":"https:\/\/www.key-devices.com\/wp-content\/uploads\/PSA-2021-Keydevice.jpg","width":1200,"height":1600,"caption":"Peugeot Citroen Key Device 2021"},{"@type":"BreadcrumbList","@id":"https:\/\/www.key-devices.com\/product\/peugeot-citroen-key-programming-device-2021\/#breadcrumb","itemListElement":[{"@type":"ListItem","position":1,"name":"Home","item":"https:\/\/www.key-devices.com\/"},{"@type":"ListItem","position":2,"name":"Shop","item":"https:\/\/www.key-devices.com\/shop\/"},{"@type":"ListItem","position":3,"name":"Peugeot\/Citroen Key Programming Device 2021"}]},{"@type":"WebSite","@id":"https:\/\/www.key-devices.com\/#website","url":"https:\/\/www.key-devices.com\/","name":"SCHL\u00dcSSELGER\u00c4TE","description":"","publisher":{"@id":"https:\/\/www.key-devices.com\/#organization"},"potentialAction":[{"@type":"SearchAction","target":{"@type":"EntryPoint","urlTemplate":"https:\/\/www.key-devices.com\/?s={search_term_string}"},"query-input":{"@type":"PropertyValueSpecification","valueRequired":true,"valueName":"search_term_string"}}],"inLanguage":"de"},{"@type":["Organization","Place"],"@id":"https:\/\/www.key-devices.com\/#organization","name":"Wichtige Ger\u00e4te","url":"https:\/\/www.key-devices.com\/","logo":{"@id":"https:\/\/www.key-devices.com\/product\/peugeot-citroen-key-programming-device-2021\/#local-main-organization-logo"},"image":{"@id":"https:\/\/www.key-devices.com\/product\/peugeot-citroen-key-programming-device-2021\/#local-main-organization-logo"},"legalName":"Key Devices","telephone":[],"openingHoursSpecification":[{"@type":"OpeningHoursSpecification","dayOfWeek":["Monday","Tuesday","Wednesday","Thursday","Friday","Saturday","Sunday"],"opens":"09:00","closes":"17:00"}]},{"@type":"ImageObject","inLanguage":"de","@id":"https:\/\/www.key-devices.com\/product\/peugeot-citroen-key-programming-device-2021\/#local-main-organization-logo","url":"https:\/\/www.key-devices.com\/wp-content\/uploads\/cropped-Key-Devices-Logo-official-.png","contentUrl":"https:\/\/www.key-devices.com\/wp-content\/uploads\/cropped-Key-Devices-Logo-official-.png","width":512,"height":512,"caption":"Key Devices"}]},"product_price_currency":"EUR","og_availability":"instock","product_availability":"instock","product_retailer_item_id":"2489","product_condition":"new"},"jetpack_sharing_enabled":true,"_links":{"self":[{"href":"https:\/\/www.key-devices.com\/de\/wp-json\/wp\/v2\/product\/10712","targetHints":{"allow":["GET"]}}],"collection":[{"href":"https:\/\/www.key-devices.com\/de\/wp-json\/wp\/v2\/product"}],"about":[{"href":"https:\/\/www.key-devices.com\/de\/wp-json\/wp\/v2\/types\/product"}],"replies":[{"embeddable":true,"href":"https:\/\/www.key-devices.com\/de\/wp-json\/wp\/v2\/comments?post=10712"}],"wp:featuredmedia":[{"embeddable":true,"href":"https:\/\/www.key-devices.com\/de\/wp-json\/wp\/v2\/media\/10574"}],"wp:attachment":[{"href":"https:\/\/www.key-devices.com\/de\/wp-json\/wp\/v2\/media?parent=10712"}],"wp:term":[{"taxonomy":"product_brand","embeddable":true,"href":"https:\/\/www.key-devices.com\/de\/wp-json\/wp\/v2\/product_brand?post=10712"},{"taxonomy":"product_cat","embeddable":true,"href":"https:\/\/www.key-devices.com\/de\/wp-json\/wp\/v2\/product_cat?post=10712"},{"taxonomy":"product_tag","embeddable":true,"href":"https:\/\/www.key-devices.com\/de\/wp-json\/wp\/v2\/product_tag?post=10712"},{"taxonomy":"vehicles","embeddable":true,"href":"https:\/\/www.key-devices.com\/de\/wp-json\/wp\/v2\/vehicles?post=10712"}],"curies":[{"name":"wp","href":"https:\/\/api.w.org\/{rel}","templated":true}]}}