{"id":10715,"date":"2025-06-07T20:42:14","date_gmt":"2025-06-07T18:42:14","guid":{"rendered":"https:\/\/www.key-devices.com\/?post_type=product&#038;p=10715"},"modified":"2025-07-28T13:22:52","modified_gmt":"2025-07-28T11:22:52","slug":"trafic-3-smart-twingo-3-keydevice","status":"publish","type":"product","link":"https:\/\/www.key-devices.com\/de\/product\/trafic-3-smart-twingo-3-keydevice\/","title":{"rendered":"Trafic 3 Smart Twingo 3 Schl\u00fcsselger\u00e4t"},"content":{"rendered":"<h1  style=\"text-align: center;\">EINF\u00dcHRUNG<\/h1>\n<p >Ihr RENAULT \/ SMART-Ger\u00e4t<\/p>\n<p >RENAULT \/ SMART-Device-Funktionen RENAULT \/ SMART Device Application 2. MIT DEM RENAULT \/ SMART-GER\u00c4T<\/p>\n<p >Als N\u00e4chstes Ihr RENAULT \/ SMART-Ger\u00e4t der RENAULT-Ger\u00e4t ist ausgestattet mit DIP-Schalter mit den Nummern 1 bis 10 an, wo Sie definieren k\u00f6nnen, die die Funktionalit\u00e4t des Ger\u00e4ts, und eine LED kann Licht up in gr\u00fcn und rot.<\/p>\n<p >Dann, RENAULT \/ SMART-Ger\u00e4t verf\u00fcgt \u00fcber: Schl\u00fcssel\/Card-Programmierung \u2013 1, 2, 3, oder 4 Tasten\/Karten. Wenn alle Schl\u00fcssel verloren, m\u00fcssen Sie zun\u00e4chst das Programm 1-Taste, dann die-Programm, alle \u00fcbrigen Tasten.<\/p>\n<p >RENAULT \/ SMART-Device-Anwendung Das Ger\u00e4t ist bestimmt f\u00fcr Schlosser-shops, KFZ-Werkst\u00e4tten, KFZ-Werkst\u00e4tten, etc. Das Ger\u00e4t kann helfen in allen F\u00e4llen, wenn es notwendig ist, um hinzuf\u00fcgen blank Schl\u00fcssel\/Karten, die auf ein Renault-Fahrzeug.<\/p>\n<p >Endlich, es funktioniert \u00fcber OBDII und erfordert nicht das Fahrzeug PIN-code oder einem PC. Der Lernvorgang dauert zwischen 30 Sekunden bis zu 5 Minuten (je nach Auto-und ob alle Schl\u00fcssel verloren oder nicht). Sie haben die M\u00f6glichkeit zu lernen Schl\u00fcssel\/Karten, wenn die Auto Besitzer alle Schl\u00fcssel verloren hat.<\/p>\n<h1><\/h1>\n<h1  style=\"text-align: center;\">MIT DEM RENAULT \/ SMART-GER\u00c4T<\/h1>\n<p >Renault Twingo 3 Renault Trafic 3, Smart 453 Fahrzeuge:<\/p>\n<ul>\n<li >Erste, schalten Sie die Z\u00fcndung mit dem Schl\u00fcssel Klinge (ohne transponder) und setzen Sie den transponder in das Ger\u00e4t ist die Antenne.<\/li>\n<li >Stellen Sie das Ger\u00e4t in die Fahrzeug OBDII port, und die LED leuchtet durchgehend gr\u00fcn.<\/li>\n<li >Weiter, wenn das Ger\u00e4t blinkt einmal rot, ziehen Sie den Schl\u00fcssel Klinge und legen Sie den transponder von der Antenne in den Schl\u00fcssel. Sobald die Schl\u00fcssel Klinge ist aus dem Z\u00fcndschloss entfernt, die LED leuchtet rot. An diesem Punkt, schalten Sie die Z\u00fcndung mit dem vollst\u00e4ndigen Schl\u00fcssel (Klinge und transponder).<\/li>\n<li >Nach 3-4 Sekunden, das Ger\u00e4t wird beginnen blinkt gr\u00fcn, darauf hinweist, dass das Verfahren abgeschlossen ist und der Schl\u00fcssel ist programmiert.<\/li>\n<li >Dann entfernen Sie das Ger\u00e4t, schalten Sie die Z\u00fcndung einmal, und das Auto wird bereit sein, zu beginnen, und die Fernbedienung programmiert werden (falls vorhanden). Smart 450 und 452 Fahrzeuge:<\/li>\n<\/ul>\n<p>&nbsp;<\/p>\n<ul>\n<li >Erste, schalten Sie die Z\u00fcndung mit dem Schl\u00fcssel wird das Ger\u00e4t von Antenne auf der Oberseite der Taste angezeigt.<\/li>\n<li >Stellen Sie das Ger\u00e4t in die Fahrzeug OBDII port, und die LED leuchtet durchgehend gr\u00fcn.<\/li>\n<li >Dann, sobald die Klinge ist aus dem Z\u00fcndschloss entfernt, leuchtet die LED durchgehend rot. An diesem Punkt, schalten Sie die Z\u00fcndung und schalten Sie es dann wieder mit dem Schl\u00fcssel.<\/li>\n<li >Nach 3-4 Sekunden, das Ger\u00e4t wird starten blinkt gr\u00fcn, darauf hinweist, dass das Verfahren abgeschlossen ist und der Schl\u00fcssel ist programmiert.<\/li>\n<li >Dann entfernen Sie das Ger\u00e4t, schalten Sie die Z\u00fcndung einmal, und das Auto wird bereit sein, zu beginnen, und die Fernbedienung programmiert werden.<\/li>\n<\/ul>\n<p ><span style=\"color: #ff0000;\"><strong>* UNSERE GER\u00c4TE WERDEN NUR F\u00dcR DEN DIENSTLICHEN UND PRIVATEN GEBRAUCH VERKAUFT. WIR SIND NICHT F\u00dcR DEN BETR\u00dcGERISCHEN ODER RECHTSWIDRIGEN GEBRAUCH DER AN SIE VERKAUFTEN AUSR\u00dcSTUNG VERANTWORTLICH.<\/strong><\/span><\/p>","protected":false},"excerpt":{"rendered":"<p class=\"ai-optimize-46\">Dieses Ger\u00e4t deckt den 451\/452 Modelle:<\/p>\n<p class=\"ai-optimize-47\">&#8211; Renault Twingo 3<br \/>\n&#8211; Then, Smart 453<br \/>\n&#8211; Finally, the Renault Trafic 3 model<\/p>","protected":false},"featured_media":10577,"comment_status":"open","ping_status":"closed","template":"","meta":{"_monsterinsights_skip_tracking":false,"_monsterinsights_sitenote_active":false,"_monsterinsights_sitenote_note":"","_monsterinsights_sitenote_category":0},"product_brand":[1163],"product_cat":[516],"product_tag":[558,559,562,563,564,572,573,575,542,585,526,586,554,587,588,599,618,622,623,624,544,684,685,686],"vehicles":[1090,1089],"class_list":{"0":"post-10715","1":"product","2":"type-product","3":"status-publish","4":"has-post-thumbnail","6":"product_brand-renault","7":"product_cat-key-programmer","8":"product_tag-autodevice","9":"product_tag-autokeydevice","10":"product_tag-cle-auto","11":"product_tag-cles-auto","12":"product_tag-cles-de-voiture","13":"product_tag-diagnostic-key","14":"product_tag-diagnostickey","15":"product_tag-encoder","16":"product_tag-key-device","17":"product_tag-key-devices","18":"product_tag-key-programmer","19":"product_tag-key-programmeur","20":"product_tag-keydevice","21":"product_tag-keydevices","22":"product_tag-keyprogrammer","23":"product_tag-lock-smith","24":"product_tag-noimmo","25":"product_tag-prodecoder","26":"product_tag-programmateur-de-cle","27":"product_tag-programmeur-cle","28":"product_tag-renault","29":"product_tag-smart","30":"product_tag-trafic-iii","31":"product_tag-twingo-iii","32":"vehicles-renault-traffic-3","33":"vehicles-renault-twingo-3","35":"first","36":"instock","37":"shipping-taxable","38":"product-type-simple"},"yoast_head":"<!-- This site is optimized with the Yoast SEO Premium plugin v25.5 (Yoast SEO v27.4) - https:\/\/yoast.com\/product\/yoast-seo-premium-wordpress\/ -->\n<title>Smart 453 452 451 twingo 3 Keydevice<\/title>\n<meta name=\"description\" content=\"Profitez d&#039;un prix promo pour ce Key Programmer Smart 453 452 451 twingo 3 Keydevice qui vous permettra d&#039;obtenir un double de cl\u00e9 pour les..\" \/>\n<meta name=\"robots\" content=\"index, follow, max-snippet:-1, max-image-preview:large, max-video-preview:-1\" \/>\n<link rel=\"canonical\" href=\"https:\/\/www.key-devices.com\/de\/product\/trafic-3-smart-twingo-3-keydevice\/\" \/>\n<meta property=\"og:locale\" content=\"de_DE\" \/>\n<meta property=\"og:type\" content=\"article\" \/>\n<meta property=\"og:title\" content=\"Trafic 3 Smart Twingo 3 Keydevice\" \/>\n<meta property=\"og:description\" content=\"Profitez d&#039;un prix promo pour ce Key Programmer Smart 453 452 451 twingo 3 Keydevice qui vous permettra d&#039;obtenir un double de cl\u00e9 pour les..\" \/>\n<meta property=\"og:url\" content=\"https:\/\/www.key-devices.com\/de\/product\/trafic-3-smart-twingo-3-keydevice\/\" \/>\n<meta property=\"og:site_name\" content=\"KEY DEVICES\" \/>\n<meta property=\"article:modified_time\" content=\"2025-07-28T11:22:52+00:00\" \/>\n<meta property=\"og:image\" content=\"https:\/\/www.key-devices.com\/wp-content\/uploads\/PHOTO-2021-03-16-10-19-43.jpg\" \/>\n\t<meta property=\"og:image:width\" content=\"900\" \/>\n\t<meta property=\"og:image:height\" content=\"1600\" \/>\n\t<meta property=\"og:image:type\" content=\"image\/jpeg\" \/>\n<meta name=\"twitter:card\" content=\"summary_large_image\" \/>\n<meta name=\"twitter:label1\" content=\"Preis\" \/>\n\t<meta name=\"twitter:data1\" content=\"\" \/>\n\t<meta name=\"twitter:label2\" content=\"Verf\u00fcgbarkeit\" \/>\n\t<meta name=\"twitter:data2\" content=\"Auf Lager\" \/>\n<script type=\"application\/ld+json\" class=\"yoast-schema-graph\">{\"@context\":\"https:\\\/\\\/schema.org\",\"@graph\":[{\"@type\":\"WebPage\",\"@id\":\"https:\\\/\\\/www.key-devices.com\\\/product\\\/trafic-3-smart-twingo-3-keydevice\\\/\",\"url\":\"https:\\\/\\\/www.key-devices.com\\\/product\\\/trafic-3-smart-twingo-3-keydevice\\\/\",\"name\":\"Smart 453 452 451 twingo 3 Keydevice\",\"isPartOf\":{\"@id\":\"https:\\\/\\\/www.key-devices.com\\\/#website\"},\"primaryImageOfPage\":{\"@id\":\"https:\\\/\\\/www.key-devices.com\\\/product\\\/trafic-3-smart-twingo-3-keydevice\\\/#primaryimage\"},\"image\":{\"@id\":\"https:\\\/\\\/www.key-devices.com\\\/product\\\/trafic-3-smart-twingo-3-keydevice\\\/#primaryimage\"},\"thumbnailUrl\":\"https:\\\/\\\/www.key-devices.com\\\/wp-content\\\/uploads\\\/PHOTO-2021-03-16-10-19-43.jpg\",\"datePublished\":\"2025-06-07T18:42:14+00:00\",\"dateModified\":\"2025-07-28T11:22:52+00:00\",\"description\":\"Profitez d'un prix promo pour ce Key Programmer Smart 453 452 451 twingo 3 Keydevice qui vous permettra d'obtenir un double de cl\u00e9 pour les..\",\"breadcrumb\":{\"@id\":\"https:\\\/\\\/www.key-devices.com\\\/product\\\/trafic-3-smart-twingo-3-keydevice\\\/#breadcrumb\"},\"inLanguage\":\"de\",\"potentialAction\":[{\"@type\":\"ReadAction\",\"target\":[\"https:\\\/\\\/www.key-devices.com\\\/product\\\/trafic-3-smart-twingo-3-keydevice\\\/\"]}]},{\"@type\":\"ImageObject\",\"inLanguage\":\"de\",\"@id\":\"https:\\\/\\\/www.key-devices.com\\\/product\\\/trafic-3-smart-twingo-3-keydevice\\\/#primaryimage\",\"url\":\"https:\\\/\\\/www.key-devices.com\\\/wp-content\\\/uploads\\\/PHOTO-2021-03-16-10-19-43.jpg\",\"contentUrl\":\"https:\\\/\\\/www.key-devices.com\\\/wp-content\\\/uploads\\\/PHOTO-2021-03-16-10-19-43.jpg\",\"width\":900,\"height\":1600,\"caption\":\"Smart 453 452 451 twingo 3 Keydevice\"},{\"@type\":\"BreadcrumbList\",\"@id\":\"https:\\\/\\\/www.key-devices.com\\\/product\\\/trafic-3-smart-twingo-3-keydevice\\\/#breadcrumb\",\"itemListElement\":[{\"@type\":\"ListItem\",\"position\":1,\"name\":\"Home\",\"item\":\"https:\\\/\\\/www.key-devices.com\\\/\"},{\"@type\":\"ListItem\",\"position\":2,\"name\":\"Shop\",\"item\":\"https:\\\/\\\/www.key-devices.com\\\/shop\\\/\"},{\"@type\":\"ListItem\",\"position\":3,\"name\":\"Trafic 3 Smart Twingo 3 Keydevice\"}]},{\"@type\":\"WebSite\",\"@id\":\"https:\\\/\\\/www.key-devices.com\\\/#website\",\"url\":\"https:\\\/\\\/www.key-devices.com\\\/\",\"name\":\"KEY DEVICES\",\"description\":\"\",\"publisher\":{\"@id\":\"https:\\\/\\\/www.key-devices.com\\\/#organization\"},\"potentialAction\":[{\"@type\":\"SearchAction\",\"target\":{\"@type\":\"EntryPoint\",\"urlTemplate\":\"https:\\\/\\\/www.key-devices.com\\\/?s={search_term_string}\"},\"query-input\":{\"@type\":\"PropertyValueSpecification\",\"valueRequired\":true,\"valueName\":\"search_term_string\"}}],\"inLanguage\":\"de\"},{\"@type\":[\"Organization\",\"Place\"],\"@id\":\"https:\\\/\\\/www.key-devices.com\\\/#organization\",\"name\":\"Key Devices\",\"url\":\"https:\\\/\\\/www.key-devices.com\\\/\",\"logo\":{\"@id\":\"https:\\\/\\\/www.key-devices.com\\\/product\\\/trafic-3-smart-twingo-3-keydevice\\\/#local-main-organization-logo\"},\"image\":{\"@id\":\"https:\\\/\\\/www.key-devices.com\\\/product\\\/trafic-3-smart-twingo-3-keydevice\\\/#local-main-organization-logo\"},\"legalName\":\"Key Devices\",\"telephone\":[],\"openingHoursSpecification\":[{\"@type\":\"OpeningHoursSpecification\",\"dayOfWeek\":[\"Monday\",\"Tuesday\",\"Wednesday\",\"Thursday\",\"Friday\",\"Saturday\",\"Sunday\"],\"opens\":\"09:00\",\"closes\":\"17:00\"}]},{\"@type\":\"ImageObject\",\"inLanguage\":\"de\",\"@id\":\"https:\\\/\\\/www.key-devices.com\\\/product\\\/trafic-3-smart-twingo-3-keydevice\\\/#local-main-organization-logo\",\"url\":\"https:\\\/\\\/www.key-devices.com\\\/wp-content\\\/uploads\\\/cropped-Key-Devices-Logo-official-.png\",\"contentUrl\":\"https:\\\/\\\/www.key-devices.com\\\/wp-content\\\/uploads\\\/cropped-Key-Devices-Logo-official-.png\",\"width\":512,\"height\":512,\"caption\":\"Key Devices\"}]}<\/script>\n<meta property=\"product:price:currency\" content=\"EUR\" \/>\n<meta property=\"og:availability\" content=\"instock\" \/>\n<meta property=\"product:availability\" content=\"instock\" \/>\n<meta property=\"product:retailer_item_id\" content=\"2545\" \/>\n<meta property=\"product:condition\" content=\"new\" \/>\n<!-- \/ Yoast SEO Premium plugin. -->","yoast_head_json":{"title":"Smart 453 452 451 Twingo 3 Schl\u00fcsselger\u00e4t","description":"Profitez d &#039; un prix promo pour ce Key Programmer Smart 453 452 451 twingo 3 Keydevice qui vous permettra d&#039;obtenir un double de cl\u00e9 pour les..","robots":{"index":"index","follow":"follow","max-snippet":"max-snippet:-1","max-image-preview":"max-image-preview:large","max-video-preview":"max-video-preview:-1"},"canonical":"https:\/\/www.key-devices.com\/de\/product\/trafic-3-smart-twingo-3-keydevice\/","og_locale":"de_DE","og_type":"article","og_title":"Trafic 3 Smart Twingo 3 Keydevice","og_description":"Profitez d'un prix promo pour ce Key Programmer Smart 453 452 451 twingo 3 Keydevice qui vous permettra d'obtenir un double de cl\u00e9 pour les..","og_url":"https:\/\/www.key-devices.com\/de\/product\/trafic-3-smart-twingo-3-keydevice\/","og_site_name":"KEY DEVICES","article_modified_time":"2025-07-28T11:22:52+00:00","og_image":[{"width":900,"height":1600,"url":"https:\/\/www.key-devices.com\/wp-content\/uploads\/PHOTO-2021-03-16-10-19-43.jpg","type":"image\/jpeg"}],"twitter_card":"summary_large_image","twitter_misc":{"Preis":"","Verf\u00fcgbarkeit":"Auf Lager"},"schema":{"@context":"https:\/\/schema.org","@graph":[{"@type":"WebPage","@id":"https:\/\/www.key-devices.com\/product\/trafic-3-smart-twingo-3-keydevice\/","url":"https:\/\/www.key-devices.com\/product\/trafic-3-smart-twingo-3-keydevice\/","name":"Smart 453 452 451 Twingo 3 Schl\u00fcsselger\u00e4t","isPartOf":{"@id":"https:\/\/www.key-devices.com\/#website"},"primaryImageOfPage":{"@id":"https:\/\/www.key-devices.com\/product\/trafic-3-smart-twingo-3-keydevice\/#primaryimage"},"image":{"@id":"https:\/\/www.key-devices.com\/product\/trafic-3-smart-twingo-3-keydevice\/#primaryimage"},"thumbnailUrl":"https:\/\/www.key-devices.com\/wp-content\/uploads\/PHOTO-2021-03-16-10-19-43.jpg","datePublished":"2025-06-07T18:42:14+00:00","dateModified":"2025-07-28T11:22:52+00:00","description":"Profitez d &#039; un prix promo pour ce Key Programmer Smart 453 452 451 twingo 3 Keydevice qui vous permettra d&#039;obtenir un double de cl\u00e9 pour les..","breadcrumb":{"@id":"https:\/\/www.key-devices.com\/product\/trafic-3-smart-twingo-3-keydevice\/#breadcrumb"},"inLanguage":"de","potentialAction":[{"@type":"ReadAction","target":["https:\/\/www.key-devices.com\/product\/trafic-3-smart-twingo-3-keydevice\/"]}]},{"@type":"ImageObject","inLanguage":"de","@id":"https:\/\/www.key-devices.com\/product\/trafic-3-smart-twingo-3-keydevice\/#primaryimage","url":"https:\/\/www.key-devices.com\/wp-content\/uploads\/PHOTO-2021-03-16-10-19-43.jpg","contentUrl":"https:\/\/www.key-devices.com\/wp-content\/uploads\/PHOTO-2021-03-16-10-19-43.jpg","width":900,"height":1600,"caption":"Smart 453 452 451 twingo 3 Keydevice"},{"@type":"BreadcrumbList","@id":"https:\/\/www.key-devices.com\/product\/trafic-3-smart-twingo-3-keydevice\/#breadcrumb","itemListElement":[{"@type":"ListItem","position":1,"name":"Home","item":"https:\/\/www.key-devices.com\/"},{"@type":"ListItem","position":2,"name":"Shop","item":"https:\/\/www.key-devices.com\/shop\/"},{"@type":"ListItem","position":3,"name":"Trafic 3 Smart Twingo 3 Keydevice"}]},{"@type":"WebSite","@id":"https:\/\/www.key-devices.com\/#website","url":"https:\/\/www.key-devices.com\/","name":"SCHL\u00dcSSELGER\u00c4TE","description":"","publisher":{"@id":"https:\/\/www.key-devices.com\/#organization"},"potentialAction":[{"@type":"SearchAction","target":{"@type":"EntryPoint","urlTemplate":"https:\/\/www.key-devices.com\/?s={search_term_string}"},"query-input":{"@type":"PropertyValueSpecification","valueRequired":true,"valueName":"search_term_string"}}],"inLanguage":"de"},{"@type":["Organization","Place"],"@id":"https:\/\/www.key-devices.com\/#organization","name":"Wichtige Ger\u00e4te","url":"https:\/\/www.key-devices.com\/","logo":{"@id":"https:\/\/www.key-devices.com\/product\/trafic-3-smart-twingo-3-keydevice\/#local-main-organization-logo"},"image":{"@id":"https:\/\/www.key-devices.com\/product\/trafic-3-smart-twingo-3-keydevice\/#local-main-organization-logo"},"legalName":"Key Devices","telephone":[],"openingHoursSpecification":[{"@type":"OpeningHoursSpecification","dayOfWeek":["Monday","Tuesday","Wednesday","Thursday","Friday","Saturday","Sunday"],"opens":"09:00","closes":"17:00"}]},{"@type":"ImageObject","inLanguage":"de","@id":"https:\/\/www.key-devices.com\/product\/trafic-3-smart-twingo-3-keydevice\/#local-main-organization-logo","url":"https:\/\/www.key-devices.com\/wp-content\/uploads\/cropped-Key-Devices-Logo-official-.png","contentUrl":"https:\/\/www.key-devices.com\/wp-content\/uploads\/cropped-Key-Devices-Logo-official-.png","width":512,"height":512,"caption":"Key Devices"}]},"product_price_currency":"EUR","og_availability":"instock","product_availability":"instock","product_retailer_item_id":"2545","product_condition":"new"},"jetpack_sharing_enabled":true,"_links":{"self":[{"href":"https:\/\/www.key-devices.com\/de\/wp-json\/wp\/v2\/product\/10715","targetHints":{"allow":["GET"]}}],"collection":[{"href":"https:\/\/www.key-devices.com\/de\/wp-json\/wp\/v2\/product"}],"about":[{"href":"https:\/\/www.key-devices.com\/de\/wp-json\/wp\/v2\/types\/product"}],"replies":[{"embeddable":true,"href":"https:\/\/www.key-devices.com\/de\/wp-json\/wp\/v2\/comments?post=10715"}],"wp:featuredmedia":[{"embeddable":true,"href":"https:\/\/www.key-devices.com\/de\/wp-json\/wp\/v2\/media\/10577"}],"wp:attachment":[{"href":"https:\/\/www.key-devices.com\/de\/wp-json\/wp\/v2\/media?parent=10715"}],"wp:term":[{"taxonomy":"product_brand","embeddable":true,"href":"https:\/\/www.key-devices.com\/de\/wp-json\/wp\/v2\/product_brand?post=10715"},{"taxonomy":"product_cat","embeddable":true,"href":"https:\/\/www.key-devices.com\/de\/wp-json\/wp\/v2\/product_cat?post=10715"},{"taxonomy":"product_tag","embeddable":true,"href":"https:\/\/www.key-devices.com\/de\/wp-json\/wp\/v2\/product_tag?post=10715"},{"taxonomy":"vehicles","embeddable":true,"href":"https:\/\/www.key-devices.com\/de\/wp-json\/wp\/v2\/vehicles?post=10715"}],"curies":[{"name":"wp","href":"https:\/\/api.w.org\/{rel}","templated":true}]}}