{"id":10719,"date":"2025-06-07T20:42:15","date_gmt":"2025-06-07T18:42:15","guid":{"rendered":"https:\/\/www.key-devices.com\/?post_type=product&#038;p=10719"},"modified":"2025-07-28T13:22:46","modified_gmt":"2025-07-28T11:22:46","slug":"jeep-maserati-2010-2022-key-programmer","status":"publish","type":"product","link":"https:\/\/www.key-devices.com\/de\/product\/jeep-maserati-2010-2022-key-programmer\/","title":{"rendered":"Jeep Maserati 2010-2022 Schl\u00fcsselprogrammierer"},"content":{"rendered":"<h1  style=\"text-align: center;\">Jeep Maserati 2010-2022 Schl\u00fcsselprogrammierer<\/h1>\n<p>&nbsp;<\/p>\n<p >Here\u2019s the new standalone key programming device for Jeep Maserati, for models from 2010 to 2022, without removing the original key.<\/p>\n<p >Mit diesem Ger\u00e4t k\u00f6nnen Sie Keyless-Go-Schl\u00fcssel f\u00fcr die folgenden Modelle in weniger als 40 Sekunden programmieren:<\/p>\n<p ><strong>Brand JEEP :<\/strong><\/p>\n<p >\u2013&gt; Grand Cherokee<\/p>\n<p >\u2013&gt; Cherokee<\/p>\n<p ><strong>Brand MASERATI :\u00a0<\/strong><\/p>\n<p >\u2013&gt; Quattroporte<\/p>\n<p >\u2013&gt; Ghibli<\/p>\n<p >\u2013&gt; Levante<\/p>\n<p>&nbsp;<\/p>\n<p ><span style=\"color: #ff0000;\"><strong>* UNSERE GER\u00c4TE WERDEN NUR F\u00dcR DEN DIENSTLICHEN UND PRIVATEN GEBRAUCH VERKAUFT. WIR SIND NICHT F\u00dcR DEN BETR\u00dcGERISCHEN ODER RECHTSWIDRIGEN GEBRAUCH DER AN SIE VERKAUFTEN AUSR\u00dcSTUNG VERANTWORTLICH.<\/strong><\/span><\/p>","protected":false},"excerpt":{"rendered":"<div dir=\"ltr\" style=\"text-align: center;\">\n<h1 class=\"ai-optimize-12\" style=\"text-align: center;\">Jeep Maserati 2010-2022 Schl\u00fcsselprogrammierer<\/h1>\n<\/div>\n<p class=\"ai-optimize-35\">First, here&#8217;s the new standalone key programming device for the Jeep Maserati brand for models from 2010 to 2022 without removing the original key.<\/p>\n<p class=\"ai-optimize-36\">This device allows you to program a keyless go key in less than 40 seconds for the following models:<\/p>\n<p class=\"ai-optimize-15\"><strong>Brand JEEP :<\/strong><\/p>\n<p class=\"ai-optimize-16\">\u2013&gt; Grand Cherokee<\/p>\n<p class=\"ai-optimize-17\">\u2013&gt; Cherokee<\/p>\n<p class=\"ai-optimize-18\"><strong>Brand MASERATI :\u00a0<\/strong><\/p>\n<p class=\"ai-optimize-19\">\u2013&gt; Quattroporte<\/p>\n<p class=\"ai-optimize-20\">\u2013&gt; Ghibli<\/p>\n<p class=\"ai-optimize-21\">\u2013&gt; Levante<\/p>\n<p class=\"ai-optimize-38\">Additionally, a special cable is included in the kit for opening and disarming the alarm from outside the vehicle (for automotive locksmiths).<\/p>\n<p class=\"ai-optimize-39\">Finally, for further information, we invite you to contact us via WhatsApp or Telegram; we will be happy to assist you and answer your questions.<\/p>","protected":false},"featured_media":10581,"comment_status":"open","ping_status":"closed","template":"","meta":{"_monsterinsights_skip_tracking":false,"_monsterinsights_sitenote_active":false,"_monsterinsights_sitenote_note":"","_monsterinsights_sitenote_category":0},"product_brand":[1160,1164],"product_cat":[516],"product_tag":[744,745,542,526,588,599,746,622,623,624],"vehicles":[835,834,837,838,836],"class_list":{"0":"post-10719","1":"product","2":"type-product","3":"status-publish","4":"has-post-thumbnail","6":"product_brand-jeep","7":"product_brand-maserati","8":"product_cat-key-programmer","9":"product_tag-jeeep-2010-2022","10":"product_tag-jeep-maserati-2022","11":"product_tag-key-device","12":"product_tag-key-programmer","13":"product_tag-keyprogrammer","14":"product_tag-lock-smith","15":"product_tag-maserati-2010-2022","16":"product_tag-prodecoder","17":"product_tag-programmateur-de-cle","18":"product_tag-programmeur-cle","19":"vehicles-jeep-cherokee-2010-2022","20":"vehicles-jeep-grand-cherokee-2010-2022","21":"vehicles-maserati-ghibli-2010-2022","22":"vehicles-maserati-levante-2010-2022","23":"vehicles-maserati-quattroporte-2010-2022","25":"first","26":"instock","27":"shipping-taxable","28":"product-type-simple"},"yoast_head":"<!-- This site is optimized with the Yoast SEO Premium plugin v25.5 (Yoast SEO v27.4) - https:\/\/yoast.com\/product\/yoast-seo-premium-wordpress\/ -->\n<title>Jeep Maserati 2010-2022 - Key Programmer<\/title>\n<meta name=\"description\" content=\"Jeep Maserati 2010-2022 est un produit rare de notre boutique qui fait partie des derniers mod\u00e8les \u00e0 la vente disposant des derni\u00e8res tech...\" \/>\n<meta name=\"robots\" content=\"index, follow, max-snippet:-1, max-image-preview:large, max-video-preview:-1\" \/>\n<link rel=\"canonical\" href=\"https:\/\/www.key-devices.com\/de\/product\/jeep-maserati-2010-2022-key-programmer\/\" \/>\n<meta property=\"og:locale\" content=\"de_DE\" \/>\n<meta property=\"og:type\" content=\"article\" \/>\n<meta property=\"og:title\" content=\"Jeep Maserati 2010-2022 Key Programmer\" \/>\n<meta property=\"og:description\" content=\"Jeep Maserati 2010-2022 est un produit rare de notre boutique qui fait partie des derniers mod\u00e8les \u00e0 la vente disposant des derni\u00e8res tech...\" \/>\n<meta property=\"og:url\" content=\"https:\/\/www.key-devices.com\/de\/product\/jeep-maserati-2010-2022-key-programmer\/\" \/>\n<meta property=\"og:site_name\" content=\"KEY DEVICES\" \/>\n<meta property=\"article:modified_time\" content=\"2025-07-28T11:22:46+00:00\" \/>\n<meta property=\"og:image\" content=\"https:\/\/www.key-devices.com\/wp-content\/uploads\/Jeep-Maserati-Key-Programmer-2010-2021.jpg\" \/>\n\t<meta property=\"og:image:width\" content=\"757\" \/>\n\t<meta property=\"og:image:height\" content=\"1024\" \/>\n\t<meta property=\"og:image:type\" content=\"image\/jpeg\" \/>\n<meta name=\"twitter:card\" content=\"summary_large_image\" \/>\n<meta name=\"twitter:label1\" content=\"Preis\" \/>\n\t<meta name=\"twitter:data1\" content=\"\" \/>\n\t<meta name=\"twitter:label2\" content=\"Verf\u00fcgbarkeit\" \/>\n\t<meta name=\"twitter:data2\" content=\"Auf Lager\" \/>\n<script type=\"application\/ld+json\" class=\"yoast-schema-graph\">{\"@context\":\"https:\\\/\\\/schema.org\",\"@graph\":[{\"@type\":\"WebPage\",\"@id\":\"https:\\\/\\\/www.key-devices.com\\\/product\\\/jeep-maserati-2010-2022-key-programmer\\\/\",\"url\":\"https:\\\/\\\/www.key-devices.com\\\/product\\\/jeep-maserati-2010-2022-key-programmer\\\/\",\"name\":\"Jeep Maserati 2010-2022 - Key Programmer\",\"isPartOf\":{\"@id\":\"https:\\\/\\\/www.key-devices.com\\\/#website\"},\"primaryImageOfPage\":{\"@id\":\"https:\\\/\\\/www.key-devices.com\\\/product\\\/jeep-maserati-2010-2022-key-programmer\\\/#primaryimage\"},\"image\":{\"@id\":\"https:\\\/\\\/www.key-devices.com\\\/product\\\/jeep-maserati-2010-2022-key-programmer\\\/#primaryimage\"},\"thumbnailUrl\":\"https:\\\/\\\/www.key-devices.com\\\/wp-content\\\/uploads\\\/Jeep-Maserati-Key-Programmer-2010-2021.jpg\",\"datePublished\":\"2025-06-07T18:42:15+00:00\",\"dateModified\":\"2025-07-28T11:22:46+00:00\",\"description\":\"Jeep Maserati 2010-2022 est un produit rare de notre boutique qui fait partie des derniers mod\u00e8les \u00e0 la vente disposant des derni\u00e8res tech...\",\"breadcrumb\":{\"@id\":\"https:\\\/\\\/www.key-devices.com\\\/product\\\/jeep-maserati-2010-2022-key-programmer\\\/#breadcrumb\"},\"inLanguage\":\"de\",\"potentialAction\":[{\"@type\":\"ReadAction\",\"target\":[\"https:\\\/\\\/www.key-devices.com\\\/product\\\/jeep-maserati-2010-2022-key-programmer\\\/\"]}]},{\"@type\":\"ImageObject\",\"inLanguage\":\"de\",\"@id\":\"https:\\\/\\\/www.key-devices.com\\\/product\\\/jeep-maserati-2010-2022-key-programmer\\\/#primaryimage\",\"url\":\"https:\\\/\\\/www.key-devices.com\\\/wp-content\\\/uploads\\\/Jeep-Maserati-Key-Programmer-2010-2021.jpg\",\"contentUrl\":\"https:\\\/\\\/www.key-devices.com\\\/wp-content\\\/uploads\\\/Jeep-Maserati-Key-Programmer-2010-2021.jpg\",\"width\":757,\"height\":1024,\"caption\":\"Jeep Maserati 2010-2022\"},{\"@type\":\"BreadcrumbList\",\"@id\":\"https:\\\/\\\/www.key-devices.com\\\/product\\\/jeep-maserati-2010-2022-key-programmer\\\/#breadcrumb\",\"itemListElement\":[{\"@type\":\"ListItem\",\"position\":1,\"name\":\"Home\",\"item\":\"https:\\\/\\\/www.key-devices.com\\\/\"},{\"@type\":\"ListItem\",\"position\":2,\"name\":\"Shop\",\"item\":\"https:\\\/\\\/www.key-devices.com\\\/shop\\\/\"},{\"@type\":\"ListItem\",\"position\":3,\"name\":\"Jeep Maserati 2010-2022 Key Programmer\"}]},{\"@type\":\"WebSite\",\"@id\":\"https:\\\/\\\/www.key-devices.com\\\/#website\",\"url\":\"https:\\\/\\\/www.key-devices.com\\\/\",\"name\":\"KEY DEVICES\",\"description\":\"\",\"publisher\":{\"@id\":\"https:\\\/\\\/www.key-devices.com\\\/#organization\"},\"potentialAction\":[{\"@type\":\"SearchAction\",\"target\":{\"@type\":\"EntryPoint\",\"urlTemplate\":\"https:\\\/\\\/www.key-devices.com\\\/?s={search_term_string}\"},\"query-input\":{\"@type\":\"PropertyValueSpecification\",\"valueRequired\":true,\"valueName\":\"search_term_string\"}}],\"inLanguage\":\"de\"},{\"@type\":[\"Organization\",\"Place\"],\"@id\":\"https:\\\/\\\/www.key-devices.com\\\/#organization\",\"name\":\"Key Devices\",\"url\":\"https:\\\/\\\/www.key-devices.com\\\/\",\"logo\":{\"@id\":\"https:\\\/\\\/www.key-devices.com\\\/product\\\/jeep-maserati-2010-2022-key-programmer\\\/#local-main-organization-logo\"},\"image\":{\"@id\":\"https:\\\/\\\/www.key-devices.com\\\/product\\\/jeep-maserati-2010-2022-key-programmer\\\/#local-main-organization-logo\"},\"legalName\":\"Key Devices\",\"telephone\":[],\"openingHoursSpecification\":[{\"@type\":\"OpeningHoursSpecification\",\"dayOfWeek\":[\"Monday\",\"Tuesday\",\"Wednesday\",\"Thursday\",\"Friday\",\"Saturday\",\"Sunday\"],\"opens\":\"09:00\",\"closes\":\"17:00\"}]},{\"@type\":\"ImageObject\",\"inLanguage\":\"de\",\"@id\":\"https:\\\/\\\/www.key-devices.com\\\/product\\\/jeep-maserati-2010-2022-key-programmer\\\/#local-main-organization-logo\",\"url\":\"https:\\\/\\\/www.key-devices.com\\\/wp-content\\\/uploads\\\/cropped-Key-Devices-Logo-official-.png\",\"contentUrl\":\"https:\\\/\\\/www.key-devices.com\\\/wp-content\\\/uploads\\\/cropped-Key-Devices-Logo-official-.png\",\"width\":512,\"height\":512,\"caption\":\"Key Devices\"}]}<\/script>\n<meta property=\"product:price:currency\" content=\"EUR\" \/>\n<meta property=\"og:availability\" content=\"instock\" \/>\n<meta property=\"product:availability\" content=\"instock\" \/>\n<meta property=\"product:retailer_item_id\" content=\"2641\" \/>\n<meta property=\"product:condition\" content=\"new\" \/>\n<!-- \/ Yoast SEO Premium plugin. -->","yoast_head_json":{"title":"Jeep Maserati 2010-2022 - Key Programmer","description":"Jeep Maserati 2010-2022 est un produit rare de notre boutique qui fait partie des derniers mod\u00e8les \u00e0 la vente disposant des derni\u00e8res tech...","robots":{"index":"index","follow":"follow","max-snippet":"max-snippet:-1","max-image-preview":"max-image-preview:large","max-video-preview":"max-video-preview:-1"},"canonical":"https:\/\/www.key-devices.com\/de\/product\/jeep-maserati-2010-2022-key-programmer\/","og_locale":"de_DE","og_type":"article","og_title":"Jeep Maserati 2010-2022 Key Programmer","og_description":"Jeep Maserati 2010-2022 est un produit rare de notre boutique qui fait partie des derniers mod\u00e8les \u00e0 la vente disposant des derni\u00e8res tech...","og_url":"https:\/\/www.key-devices.com\/de\/product\/jeep-maserati-2010-2022-key-programmer\/","og_site_name":"KEY DEVICES","article_modified_time":"2025-07-28T11:22:46+00:00","og_image":[{"width":757,"height":1024,"url":"https:\/\/www.key-devices.com\/wp-content\/uploads\/Jeep-Maserati-Key-Programmer-2010-2021.jpg","type":"image\/jpeg"}],"twitter_card":"summary_large_image","twitter_misc":{"Preis":"","Verf\u00fcgbarkeit":"Auf Lager"},"schema":{"@context":"https:\/\/schema.org","@graph":[{"@type":"WebPage","@id":"https:\/\/www.key-devices.com\/product\/jeep-maserati-2010-2022-key-programmer\/","url":"https:\/\/www.key-devices.com\/product\/jeep-maserati-2010-2022-key-programmer\/","name":"Jeep Maserati 2010-2022 - Key Programmer","isPartOf":{"@id":"https:\/\/www.key-devices.com\/#website"},"primaryImageOfPage":{"@id":"https:\/\/www.key-devices.com\/product\/jeep-maserati-2010-2022-key-programmer\/#primaryimage"},"image":{"@id":"https:\/\/www.key-devices.com\/product\/jeep-maserati-2010-2022-key-programmer\/#primaryimage"},"thumbnailUrl":"https:\/\/www.key-devices.com\/wp-content\/uploads\/Jeep-Maserati-Key-Programmer-2010-2021.jpg","datePublished":"2025-06-07T18:42:15+00:00","dateModified":"2025-07-28T11:22:46+00:00","description":"Jeep Maserati 2010-2022 est un produit rare de notre boutique qui fait partie des derniers mod\u00e8les \u00e0 la vente disposant des derni\u00e8res tech...","breadcrumb":{"@id":"https:\/\/www.key-devices.com\/product\/jeep-maserati-2010-2022-key-programmer\/#breadcrumb"},"inLanguage":"de","potentialAction":[{"@type":"ReadAction","target":["https:\/\/www.key-devices.com\/product\/jeep-maserati-2010-2022-key-programmer\/"]}]},{"@type":"ImageObject","inLanguage":"de","@id":"https:\/\/www.key-devices.com\/product\/jeep-maserati-2010-2022-key-programmer\/#primaryimage","url":"https:\/\/www.key-devices.com\/wp-content\/uploads\/Jeep-Maserati-Key-Programmer-2010-2021.jpg","contentUrl":"https:\/\/www.key-devices.com\/wp-content\/uploads\/Jeep-Maserati-Key-Programmer-2010-2021.jpg","width":757,"height":1024,"caption":"Jeep Maserati 2010-2022"},{"@type":"BreadcrumbList","@id":"https:\/\/www.key-devices.com\/product\/jeep-maserati-2010-2022-key-programmer\/#breadcrumb","itemListElement":[{"@type":"ListItem","position":1,"name":"Home","item":"https:\/\/www.key-devices.com\/"},{"@type":"ListItem","position":2,"name":"Shop","item":"https:\/\/www.key-devices.com\/shop\/"},{"@type":"ListItem","position":3,"name":"Jeep Maserati 2010-2022 Key Programmer"}]},{"@type":"WebSite","@id":"https:\/\/www.key-devices.com\/#website","url":"https:\/\/www.key-devices.com\/","name":"SCHL\u00dcSSELGER\u00c4TE","description":"","publisher":{"@id":"https:\/\/www.key-devices.com\/#organization"},"potentialAction":[{"@type":"SearchAction","target":{"@type":"EntryPoint","urlTemplate":"https:\/\/www.key-devices.com\/?s={search_term_string}"},"query-input":{"@type":"PropertyValueSpecification","valueRequired":true,"valueName":"search_term_string"}}],"inLanguage":"de"},{"@type":["Organization","Place"],"@id":"https:\/\/www.key-devices.com\/#organization","name":"Wichtige Ger\u00e4te","url":"https:\/\/www.key-devices.com\/","logo":{"@id":"https:\/\/www.key-devices.com\/product\/jeep-maserati-2010-2022-key-programmer\/#local-main-organization-logo"},"image":{"@id":"https:\/\/www.key-devices.com\/product\/jeep-maserati-2010-2022-key-programmer\/#local-main-organization-logo"},"legalName":"Key Devices","telephone":[],"openingHoursSpecification":[{"@type":"OpeningHoursSpecification","dayOfWeek":["Monday","Tuesday","Wednesday","Thursday","Friday","Saturday","Sunday"],"opens":"09:00","closes":"17:00"}]},{"@type":"ImageObject","inLanguage":"de","@id":"https:\/\/www.key-devices.com\/product\/jeep-maserati-2010-2022-key-programmer\/#local-main-organization-logo","url":"https:\/\/www.key-devices.com\/wp-content\/uploads\/cropped-Key-Devices-Logo-official-.png","contentUrl":"https:\/\/www.key-devices.com\/wp-content\/uploads\/cropped-Key-Devices-Logo-official-.png","width":512,"height":512,"caption":"Key Devices"}]},"product_price_currency":"EUR","og_availability":"instock","product_availability":"instock","product_retailer_item_id":"2641","product_condition":"new"},"jetpack_sharing_enabled":true,"_links":{"self":[{"href":"https:\/\/www.key-devices.com\/de\/wp-json\/wp\/v2\/product\/10719","targetHints":{"allow":["GET"]}}],"collection":[{"href":"https:\/\/www.key-devices.com\/de\/wp-json\/wp\/v2\/product"}],"about":[{"href":"https:\/\/www.key-devices.com\/de\/wp-json\/wp\/v2\/types\/product"}],"replies":[{"embeddable":true,"href":"https:\/\/www.key-devices.com\/de\/wp-json\/wp\/v2\/comments?post=10719"}],"wp:featuredmedia":[{"embeddable":true,"href":"https:\/\/www.key-devices.com\/de\/wp-json\/wp\/v2\/media\/10581"}],"wp:attachment":[{"href":"https:\/\/www.key-devices.com\/de\/wp-json\/wp\/v2\/media?parent=10719"}],"wp:term":[{"taxonomy":"product_brand","embeddable":true,"href":"https:\/\/www.key-devices.com\/de\/wp-json\/wp\/v2\/product_brand?post=10719"},{"taxonomy":"product_cat","embeddable":true,"href":"https:\/\/www.key-devices.com\/de\/wp-json\/wp\/v2\/product_cat?post=10719"},{"taxonomy":"product_tag","embeddable":true,"href":"https:\/\/www.key-devices.com\/de\/wp-json\/wp\/v2\/product_tag?post=10719"},{"taxonomy":"vehicles","embeddable":true,"href":"https:\/\/www.key-devices.com\/de\/wp-json\/wp\/v2\/vehicles?post=10719"}],"curies":[{"name":"wp","href":"https:\/\/api.w.org\/{rel}","templated":true}]}}