{"id":11048,"date":"2025-07-16T18:12:17","date_gmt":"2025-07-16T16:12:17","guid":{"rendered":"https:\/\/www.key-devices.com\/?post_type=product&#038;p=11048"},"modified":"2025-07-28T13:22:45","modified_gmt":"2025-07-28T11:22:45","slug":"mrs-mercedes-2010-2025","status":"publish","type":"product","link":"https:\/\/www.key-devices.com\/de\/product\/mrs-mercedes-2010-2025\/","title":{"rendered":"MRS Mercedes 2010-2025"},"content":{"rendered":"<h1 class=\"product_title entry-title\" style=\"text-align: center;\">MRS Mercedes 2010-2025<\/h1>\n<p>&nbsp;<\/p>\n<ul>\n<li >Das Ger\u00e4t scannt die Taste mit dem Keyless-GO-system, merkt sich die codes und Auto gibt die Kommandos sich zu Entwaffnen und offen, arm und schlie\u00dfen. Funktioniert mit allen Autos mit<\/li>\n<li >KeylessGO-system und die H\u00e4ufigkeit der Taste radio Kan\u00e4le 433Mhz und 315Mhz seit 2010.<\/li>\n<li >Anzahl der gescannten codes \u2013 10 (offene 5-mal und in der N\u00e4he 5 mal)<\/li>\n<li >F\u00fcr die FBS4 system, arbeitet das Ger\u00e4t als Fernbedienung.<\/li>\n<li >F\u00fcr FBS3-system \u2013 das Ger\u00e4t funktioniert nur mit der Keyless-GO-system (erfordert ber\u00fchren die T\u00fcr Griff)<\/li>\n<li >Wichtig! Wenn Sie nach dem Scannen die Taste und Eingabe des codes, der original-key verwendet wurde, zu \u00f6ffnen\/schlie\u00dfen die Auto, dann die gescannten codes in das Ger\u00e4t irrelevant geworden und die neue Taste ein scan erforderlich ist.<\/li>\n<\/ul>\n<div dir=\"ltr\">\n<p>&nbsp;<\/p>\n<\/div>\n<p>&nbsp;<\/p>\n<p ><strong><span style=\"color: #ff0000;\">* UNSERE GER\u00c4TE WERDEN NUR F\u00dcR DEN DIENSTLICHEN UND PRIVATEN GEBRAUCH VERKAUFT. WIR SIND NICHT F\u00dcR DEN BETR\u00dcGERISCHEN ODER RECHTSWIDRIGEN GEBRAUCH DER AN SIE VERKAUFTEN AUSR\u00dcSTUNG VERANTWORTLICH.<\/span><\/strong><\/p>","protected":false},"excerpt":{"rendered":"<p>MRS Mercedes 2010-2025 &nbsp; The device scans the key with the Keyless-GO system, remembers the codes and gives the car commands to disarm and open, arm and close. Works with all cars with KeylessGO system and frequencies of key radio channels 433Mhz and 315Mhz since 2010. Number of scanned codes \u2013 10 (open 5 times [&hellip;]<\/p>","protected":false},"featured_media":11049,"comment_status":"open","ping_status":"closed","template":"","meta":{"_monsterinsights_skip_tracking":false,"_monsterinsights_sitenote_active":false,"_monsterinsights_sitenote_note":"","_monsterinsights_sitenote_category":0},"product_brand":[1180],"product_cat":[518],"product_tag":[1186,1184,1185,1187],"vehicles":[],"class_list":{"0":"post-11048","1":"product","2":"type-product","3":"status-publish","4":"has-post-thumbnail","6":"product_brand-mercedes","7":"product_cat-crypto-grabbers","8":"product_tag-crypto-grabbers","9":"product_tag-mercedes-2010-2025","10":"product_tag-mercedes-2025","11":"product_tag-programmeur-cryptomonnaie","13":"first","14":"instock","15":"featured","16":"shipping-taxable","17":"product-type-simple"},"yoast_head":"<!-- This site is optimized with the Yoast SEO Premium plugin v25.5 (Yoast SEO v27.4) - https:\/\/yoast.com\/product\/yoast-seo-premium-wordpress\/ -->\n<title>MRS Mercedes 2010-2025<\/title>\n<meta name=\"description\" content=\"MRS Mercedes 2010-2025, l&#039;armementThe device scans the key with the Keyless-GO system, remembers the codes and gives the car commands to disarm\" \/>\n<meta name=\"robots\" content=\"index, follow, max-snippet:-1, max-image-preview:large, max-video-preview:-1\" \/>\n<link rel=\"canonical\" href=\"https:\/\/www.key-devices.com\/de\/product\/mrs-mercedes-2010-2025\/\" \/>\n<meta property=\"og:locale\" content=\"de_DE\" \/>\n<meta property=\"og:type\" content=\"article\" \/>\n<meta property=\"og:title\" content=\"MRS Mercedes 2010-2025\" \/>\n<meta property=\"og:description\" content=\"MRS Mercedes 2010-2025, l&#039;armementThe device scans the key with the Keyless-GO system, remembers the codes and gives the car commands to disarm\" \/>\n<meta property=\"og:url\" content=\"https:\/\/www.key-devices.com\/de\/product\/mrs-mercedes-2010-2025\/\" \/>\n<meta property=\"og:site_name\" content=\"KEY DEVICES\" \/>\n<meta property=\"article:modified_time\" content=\"2025-07-28T11:22:45+00:00\" \/>\n<meta property=\"og:image\" content=\"https:\/\/www.key-devices.com\/wp-content\/uploads\/MRS-Mercedes-2010-2025.jpeg\" \/>\n\t<meta property=\"og:image:width\" content=\"168\" \/>\n\t<meta property=\"og:image:height\" content=\"300\" \/>\n\t<meta property=\"og:image:type\" content=\"image\/jpeg\" \/>\n<meta name=\"twitter:card\" content=\"summary_large_image\" \/>\n<meta name=\"twitter:label1\" content=\"Preis\" \/>\n\t<meta name=\"twitter:data1\" content=\"\" \/>\n\t<meta name=\"twitter:label2\" content=\"Verf\u00fcgbarkeit\" \/>\n\t<meta name=\"twitter:data2\" content=\"Auf Lager\" \/>\n<script type=\"application\/ld+json\" class=\"yoast-schema-graph\">{\"@context\":\"https:\\\/\\\/schema.org\",\"@graph\":[{\"@type\":\"WebPage\",\"@id\":\"https:\\\/\\\/www.key-devices.com\\\/product\\\/mrs-mercedes-2010-2025\\\/\",\"url\":\"https:\\\/\\\/www.key-devices.com\\\/product\\\/mrs-mercedes-2010-2025\\\/\",\"name\":\"MRS Mercedes 2010-2025\",\"isPartOf\":{\"@id\":\"https:\\\/\\\/www.key-devices.com\\\/#website\"},\"primaryImageOfPage\":{\"@id\":\"https:\\\/\\\/www.key-devices.com\\\/product\\\/mrs-mercedes-2010-2025\\\/#primaryimage\"},\"image\":{\"@id\":\"https:\\\/\\\/www.key-devices.com\\\/product\\\/mrs-mercedes-2010-2025\\\/#primaryimage\"},\"thumbnailUrl\":\"https:\\\/\\\/www.key-devices.com\\\/wp-content\\\/uploads\\\/MRS-Mercedes-2010-2025.jpeg\",\"datePublished\":\"2025-07-16T16:12:17+00:00\",\"dateModified\":\"2025-07-28T11:22:45+00:00\",\"description\":\"MRS Mercedes 2010-2025, l'armementThe device scans the key with the Keyless-GO system, remembers the codes and gives the car commands to disarm\",\"breadcrumb\":{\"@id\":\"https:\\\/\\\/www.key-devices.com\\\/product\\\/mrs-mercedes-2010-2025\\\/#breadcrumb\"},\"inLanguage\":\"de\",\"potentialAction\":[{\"@type\":\"ReadAction\",\"target\":[\"https:\\\/\\\/www.key-devices.com\\\/product\\\/mrs-mercedes-2010-2025\\\/\"]}]},{\"@type\":\"ImageObject\",\"inLanguage\":\"de\",\"@id\":\"https:\\\/\\\/www.key-devices.com\\\/product\\\/mrs-mercedes-2010-2025\\\/#primaryimage\",\"url\":\"https:\\\/\\\/www.key-devices.com\\\/wp-content\\\/uploads\\\/MRS-Mercedes-2010-2025.jpeg\",\"contentUrl\":\"https:\\\/\\\/www.key-devices.com\\\/wp-content\\\/uploads\\\/MRS-Mercedes-2010-2025.jpeg\",\"width\":168,\"height\":300,\"caption\":\"MRS Mercedes 2010-2025\"},{\"@type\":\"BreadcrumbList\",\"@id\":\"https:\\\/\\\/www.key-devices.com\\\/product\\\/mrs-mercedes-2010-2025\\\/#breadcrumb\",\"itemListElement\":[{\"@type\":\"ListItem\",\"position\":1,\"name\":\"Home\",\"item\":\"https:\\\/\\\/www.key-devices.com\\\/\"},{\"@type\":\"ListItem\",\"position\":2,\"name\":\"Shop\",\"item\":\"https:\\\/\\\/www.key-devices.com\\\/shop\\\/\"},{\"@type\":\"ListItem\",\"position\":3,\"name\":\"MRS Mercedes 2010-2025\"}]},{\"@type\":\"WebSite\",\"@id\":\"https:\\\/\\\/www.key-devices.com\\\/#website\",\"url\":\"https:\\\/\\\/www.key-devices.com\\\/\",\"name\":\"KEY DEVICES\",\"description\":\"\",\"publisher\":{\"@id\":\"https:\\\/\\\/www.key-devices.com\\\/#organization\"},\"potentialAction\":[{\"@type\":\"SearchAction\",\"target\":{\"@type\":\"EntryPoint\",\"urlTemplate\":\"https:\\\/\\\/www.key-devices.com\\\/?s={search_term_string}\"},\"query-input\":{\"@type\":\"PropertyValueSpecification\",\"valueRequired\":true,\"valueName\":\"search_term_string\"}}],\"inLanguage\":\"de\"},{\"@type\":[\"Organization\",\"Place\"],\"@id\":\"https:\\\/\\\/www.key-devices.com\\\/#organization\",\"name\":\"Key Devices\",\"url\":\"https:\\\/\\\/www.key-devices.com\\\/\",\"logo\":{\"@id\":\"https:\\\/\\\/www.key-devices.com\\\/product\\\/mrs-mercedes-2010-2025\\\/#local-main-organization-logo\"},\"image\":{\"@id\":\"https:\\\/\\\/www.key-devices.com\\\/product\\\/mrs-mercedes-2010-2025\\\/#local-main-organization-logo\"},\"legalName\":\"Key Devices\",\"telephone\":[],\"openingHoursSpecification\":[{\"@type\":\"OpeningHoursSpecification\",\"dayOfWeek\":[\"Monday\",\"Tuesday\",\"Wednesday\",\"Thursday\",\"Friday\",\"Saturday\",\"Sunday\"],\"opens\":\"09:00\",\"closes\":\"17:00\"}]},{\"@type\":\"ImageObject\",\"inLanguage\":\"de\",\"@id\":\"https:\\\/\\\/www.key-devices.com\\\/product\\\/mrs-mercedes-2010-2025\\\/#local-main-organization-logo\",\"url\":\"https:\\\/\\\/www.key-devices.com\\\/wp-content\\\/uploads\\\/cropped-Key-Devices-Logo-official-.png\",\"contentUrl\":\"https:\\\/\\\/www.key-devices.com\\\/wp-content\\\/uploads\\\/cropped-Key-Devices-Logo-official-.png\",\"width\":512,\"height\":512,\"caption\":\"Key Devices\"}]}<\/script>\n<meta property=\"product:price:currency\" content=\"EUR\" \/>\n<meta property=\"og:availability\" content=\"instock\" \/>\n<meta property=\"product:availability\" content=\"instock\" \/>\n<meta property=\"product:retailer_item_id\" content=\"2719-1-1\" \/>\n<meta property=\"product:condition\" content=\"new\" \/>\n<!-- \/ Yoast SEO Premium plugin. -->","yoast_head_json":{"title":"MRS Mercedes 2010-2025","description":"MRS Mercedes 2010-2025, l&#039;armementThe Ger\u00e4t scannt die Taste mit dem Keyless-GO-system, merkt sich die codes und Auto gibt die Kommandos sich zu Entwaffnen","robots":{"index":"index","follow":"follow","max-snippet":"max-snippet:-1","max-image-preview":"max-image-preview:large","max-video-preview":"max-video-preview:-1"},"canonical":"https:\/\/www.key-devices.com\/de\/product\/mrs-mercedes-2010-2025\/","og_locale":"de_DE","og_type":"article","og_title":"MRS Mercedes 2010-2025","og_description":"MRS Mercedes 2010-2025, l'armementThe device scans the key with the Keyless-GO system, remembers the codes and gives the car commands to disarm","og_url":"https:\/\/www.key-devices.com\/de\/product\/mrs-mercedes-2010-2025\/","og_site_name":"KEY DEVICES","article_modified_time":"2025-07-28T11:22:45+00:00","og_image":[{"width":168,"height":300,"url":"https:\/\/www.key-devices.com\/wp-content\/uploads\/MRS-Mercedes-2010-2025.jpeg","type":"image\/jpeg"}],"twitter_card":"summary_large_image","twitter_misc":{"Preis":"","Verf\u00fcgbarkeit":"Auf Lager"},"schema":{"@context":"https:\/\/schema.org","@graph":[{"@type":"WebPage","@id":"https:\/\/www.key-devices.com\/product\/mrs-mercedes-2010-2025\/","url":"https:\/\/www.key-devices.com\/product\/mrs-mercedes-2010-2025\/","name":"MRS Mercedes 2010-2025","isPartOf":{"@id":"https:\/\/www.key-devices.com\/#website"},"primaryImageOfPage":{"@id":"https:\/\/www.key-devices.com\/product\/mrs-mercedes-2010-2025\/#primaryimage"},"image":{"@id":"https:\/\/www.key-devices.com\/product\/mrs-mercedes-2010-2025\/#primaryimage"},"thumbnailUrl":"https:\/\/www.key-devices.com\/wp-content\/uploads\/MRS-Mercedes-2010-2025.jpeg","datePublished":"2025-07-16T16:12:17+00:00","dateModified":"2025-07-28T11:22:45+00:00","description":"MRS Mercedes 2010-2025, l&#039;armementThe Ger\u00e4t scannt die Taste mit dem Keyless-GO-system, merkt sich die codes und Auto gibt die Kommandos sich zu Entwaffnen","breadcrumb":{"@id":"https:\/\/www.key-devices.com\/product\/mrs-mercedes-2010-2025\/#breadcrumb"},"inLanguage":"de","potentialAction":[{"@type":"ReadAction","target":["https:\/\/www.key-devices.com\/product\/mrs-mercedes-2010-2025\/"]}]},{"@type":"ImageObject","inLanguage":"de","@id":"https:\/\/www.key-devices.com\/product\/mrs-mercedes-2010-2025\/#primaryimage","url":"https:\/\/www.key-devices.com\/wp-content\/uploads\/MRS-Mercedes-2010-2025.jpeg","contentUrl":"https:\/\/www.key-devices.com\/wp-content\/uploads\/MRS-Mercedes-2010-2025.jpeg","width":168,"height":300,"caption":"MRS Mercedes 2010-2025"},{"@type":"BreadcrumbList","@id":"https:\/\/www.key-devices.com\/product\/mrs-mercedes-2010-2025\/#breadcrumb","itemListElement":[{"@type":"ListItem","position":1,"name":"Home","item":"https:\/\/www.key-devices.com\/"},{"@type":"ListItem","position":2,"name":"Shop","item":"https:\/\/www.key-devices.com\/shop\/"},{"@type":"ListItem","position":3,"name":"MRS Mercedes 2010-2025"}]},{"@type":"WebSite","@id":"https:\/\/www.key-devices.com\/#website","url":"https:\/\/www.key-devices.com\/","name":"SCHL\u00dcSSELGER\u00c4TE","description":"","publisher":{"@id":"https:\/\/www.key-devices.com\/#organization"},"potentialAction":[{"@type":"SearchAction","target":{"@type":"EntryPoint","urlTemplate":"https:\/\/www.key-devices.com\/?s={search_term_string}"},"query-input":{"@type":"PropertyValueSpecification","valueRequired":true,"valueName":"search_term_string"}}],"inLanguage":"de"},{"@type":["Organization","Place"],"@id":"https:\/\/www.key-devices.com\/#organization","name":"Wichtige Ger\u00e4te","url":"https:\/\/www.key-devices.com\/","logo":{"@id":"https:\/\/www.key-devices.com\/product\/mrs-mercedes-2010-2025\/#local-main-organization-logo"},"image":{"@id":"https:\/\/www.key-devices.com\/product\/mrs-mercedes-2010-2025\/#local-main-organization-logo"},"legalName":"Key Devices","telephone":[],"openingHoursSpecification":[{"@type":"OpeningHoursSpecification","dayOfWeek":["Monday","Tuesday","Wednesday","Thursday","Friday","Saturday","Sunday"],"opens":"09:00","closes":"17:00"}]},{"@type":"ImageObject","inLanguage":"de","@id":"https:\/\/www.key-devices.com\/product\/mrs-mercedes-2010-2025\/#local-main-organization-logo","url":"https:\/\/www.key-devices.com\/wp-content\/uploads\/cropped-Key-Devices-Logo-official-.png","contentUrl":"https:\/\/www.key-devices.com\/wp-content\/uploads\/cropped-Key-Devices-Logo-official-.png","width":512,"height":512,"caption":"Key Devices"}]},"product_price_currency":"EUR","og_availability":"instock","product_availability":"instock","product_retailer_item_id":"2719-1-1","product_condition":"new"},"jetpack_sharing_enabled":true,"_links":{"self":[{"href":"https:\/\/www.key-devices.com\/de\/wp-json\/wp\/v2\/product\/11048","targetHints":{"allow":["GET"]}}],"collection":[{"href":"https:\/\/www.key-devices.com\/de\/wp-json\/wp\/v2\/product"}],"about":[{"href":"https:\/\/www.key-devices.com\/de\/wp-json\/wp\/v2\/types\/product"}],"replies":[{"embeddable":true,"href":"https:\/\/www.key-devices.com\/de\/wp-json\/wp\/v2\/comments?post=11048"}],"wp:featuredmedia":[{"embeddable":true,"href":"https:\/\/www.key-devices.com\/de\/wp-json\/wp\/v2\/media\/11049"}],"wp:attachment":[{"href":"https:\/\/www.key-devices.com\/de\/wp-json\/wp\/v2\/media?parent=11048"}],"wp:term":[{"taxonomy":"product_brand","embeddable":true,"href":"https:\/\/www.key-devices.com\/de\/wp-json\/wp\/v2\/product_brand?post=11048"},{"taxonomy":"product_cat","embeddable":true,"href":"https:\/\/www.key-devices.com\/de\/wp-json\/wp\/v2\/product_cat?post=11048"},{"taxonomy":"product_tag","embeddable":true,"href":"https:\/\/www.key-devices.com\/de\/wp-json\/wp\/v2\/product_tag?post=11048"},{"taxonomy":"vehicles","embeddable":true,"href":"https:\/\/www.key-devices.com\/de\/wp-json\/wp\/v2\/vehicles?post=11048"}],"curies":[{"name":"wp","href":"https:\/\/api.w.org\/{rel}","templated":true}]}}