{"id":11195,"date":"2025-09-09T10:37:42","date_gmt":"2025-09-09T08:37:42","guid":{"rendered":"https:\/\/www.key-devices.com\/?post_type=product&#038;p=11195"},"modified":"2025-09-09T11:17:59","modified_gmt":"2025-09-09T09:17:59","slug":"volvo-trucks-immobilizer","status":"publish","type":"product","link":"https:\/\/www.key-devices.com\/de\/product\/volvo-trucks-immobilizer\/","title":{"rendered":"VOLVO-LKW-Wegfahrsperre"},"content":{"rendered":"<h1 style=\"text-align: center;\">VOLVO-LKW-Wegfahrsperre<\/h1>\n<p>&nbsp;<\/p>\n<p>Erm\u00f6glicht Ihnen das Ger\u00e4t ein-und AUSSCHALTEN der Wegfahrsperre Funktionen in Lastwagen auf der Grundlage der<br \/>\nVOLVO-Plattform, auch wenn alle Schl\u00fcssel verloren. Wenn die Wegfahrsperre ist ausgeschaltet, die Motor k\u00f6nnen werden<br \/>\nbegann mit eine beliebige Taste.<br \/>\nDas Ger\u00e4t ist nicht bestimmt f\u00fcr illegale Handlungen!<br \/>\nUnterst\u00fctzte Modelle (mit Firmware bis zu 2023.01.25):<\/p>\n<ul>\n<li>\u00a0FH4\/FM4<\/li>\n<li>\u00a0VOLVO buses<\/li>\n<li>\u00a0VOLVO\/PENTA Baumaschinen<\/li>\n<li>\u00a0Renault Trucks<\/li>\n<li>\u00a0VOLVO UD Trucks<\/li>\n<\/ul>\n<p>Verwendete Abk\u00fcrzungen:<\/p>\n<ul>\n<li>\u00a0ECU \u2013 Electronic Control Unit<\/li>\n<li>\u00a0DB \u2013 Datenbank<\/li>\n<\/ul>\n<h2 style=\"text-align: center;\">\nDB-ECU Version: 2023.01.25<\/h2>\n<p>Wie zu w\u00e4hlen Betriebs Modus:<\/p>\n<p>1. 2. 3. 4. Verbinden Sie Ger\u00e4t zum PC USB-Schnittstelle, an die Windows 10-oder 11-Bedienung system.<br \/>\nWindows erkennt es als eine neue Festplatte. \u00d6ffnen Sie es und f\u00fchren Sie IMMO.exe utility.<br \/>\nW\u00e4hlen Sie IMMO AUF oder IMMO OFF<br \/>\nDr\u00fccken Sie SPEICHERN und schlie\u00dfen Sie die utility \u2013 Ger\u00e4t bereit zur Arbeit im gew\u00e4hlten Modus.<br \/>\nWegfahrsperre Parametrierung:<br \/>\n1. Legen Sie das Ger\u00e4t in die OBD-Buchse.<br \/>\n2. - Ger\u00e4t wird mit einem kurzen SIGNALTON folgende blinken der GR\u00dcNEN LED.<br \/>\n3. H\u00e4ngt vom ausgew\u00e4hlten Modus, Ger\u00e4t wird machen Wegfahrsperre-oder AUSSCHALTEN. Die Prozedur dauert<br \/>\netwa 1 minute.<br \/>\n4. Wenn die Prozedur erfolgreich abgeschlossen GR\u00dcNE LED am Ger\u00e4t leuchtet auf, begleitet mit langen SIGNALTON.<\/p>\n<h2 style=\"text-align: center;\">\nGer\u00e4t aktualisieren:<\/h2>\n<p>1. 2. 3. Um ein update zu bekommen, senden Sie uns bitte INFO.TXT Dateien von Ihrem Ger\u00e4t.<br \/>\nF\u00fcgen Sie die Datei ein, die Sie von uns, in das Ger\u00e4t<br \/>\nTrennen und verbinden Sie Ger\u00e4t in den USB-port des PCs zu beenden, update-Prozedur.<br \/>\nFehleranzeige:<br \/>\nAnzahl.<\/p>\n<p>Long sound signal + einige kurze Signale. H\u00d6HE DER SHORT-SIGNALE gibt Fehler<br \/>\n1. 2. 3. 4. 5. 6. Eine von der ECU unterbrochen Programmierung Verfahren.<br \/>\nECU-info ist nicht in der Datenbank gefunden.<br \/>\nCrypto key-in-Ger\u00e4t Speicher ist besch\u00e4digt.<br \/>\nGer\u00e4t nicht \u00f6ffnen DB (param.bin) \u2013 keine Daten-Datei gefunden, (verloren oder besch\u00e4digt).<br \/>\nDie interne Uhr des Ger\u00e4t hat falschen Wert.<br \/>\nNiemand von der ECU nicht beantworten zu Ger\u00e4t.<\/p>\n<p>&nbsp;<\/p>\n<p><span style=\"color: #ff0000;\">* UNSERE GER\u00c4TE WERDEN NUR F\u00dcR DEN DIENSTLICHEN UND PRIVATEN GEBRAUCH VERKAUFT. WIR SIND NICHT F\u00dcR DEN BETR\u00dcGERISCHEN ODER RECHTSWIDRIGEN GEBRAUCH DER AN SIE VERKAUFTEN AUSR\u00dcSTUNG VERANTWORTLICH.<\/span><\/p>","protected":false},"excerpt":{"rendered":"<p>Erm\u00f6glicht Ihnen das Ger\u00e4t ein-und AUSSCHALTEN der Wegfahrsperre Funktionen in Lastwagen auf der Grundlage der<br \/>\nVOLVO-Plattform, auch wenn alle Schl\u00fcssel verloren. Wenn die Wegfahrsperre ist ausgeschaltet, die Motor k\u00f6nnen werden<br \/>\nbegann mit eine beliebige Taste.<br \/>\nDas Ger\u00e4t ist nicht bestimmt f\u00fcr illegale Handlungen!<br \/>\nUnterst\u00fctzte Modelle (mit Firmware bis zu 2023.01.25):<\/p>\n<ul>\n<li>\u00a0FH4\/FM4<\/li>\n<li>\u00a0VOLVO buses<\/li>\n<li>\u00a0VOLVO\/PENTA Baumaschinen<\/li>\n<li>\u00a0Renault Trucks<\/li>\n<li>\u00a0VOLVO UD Trucks<\/li>\n<\/ul>\n<p>Verwendete Abk\u00fcrzungen:<\/p>\n<ul>\n<li>\u00a0ECU \u2013 Electronic Control Unit<\/li>\n<li>\u00a0DB \u2013 Datenbank<\/li>\n<\/ul>","protected":false},"featured_media":11196,"comment_status":"open","ping_status":"closed","template":"","meta":{"_monsterinsights_skip_tracking":false,"_monsterinsights_sitenote_active":false,"_monsterinsights_sitenote_note":"","_monsterinsights_sitenote_category":0},"product_brand":[1163,1205],"product_cat":[516],"product_tag":[1206,1209,1207,1210,1208],"vehicles":[],"class_list":{"0":"post-11195","1":"product","2":"type-product","3":"status-publish","4":"has-post-thumbnail","6":"product_brand-renault","7":"product_brand-volvo","8":"product_cat-key-programmer","9":"product_tag-fh4-fm4","10":"product_tag-renault-trucks","11":"product_tag-volvo-buses","12":"product_tag-volvo-ud-trucks","13":"product_tag-volvo-penta-building-machinery","15":"first","16":"instock","17":"featured","18":"shipping-taxable","19":"product-type-simple"},"yoast_head":"<!-- This site is optimized with the Yoast SEO Premium plugin v25.5 (Yoast SEO v27.4) - https:\/\/yoast.com\/product\/yoast-seo-premium-wordpress\/ -->\n<title>Volvo Trucks Immobilizer Programmer - Discount Price<\/title>\n<meta name=\"description\" content=\"Volvo Trucks Immobilizer Programmer, the device allows you to turn ON and OFF the immobilizer functions in trucks based on theVOLVO platform...\" \/>\n<meta name=\"robots\" content=\"index, follow, max-snippet:-1, max-image-preview:large, max-video-preview:-1\" \/>\n<link rel=\"canonical\" href=\"https:\/\/www.key-devices.com\/de\/product\/volvo-trucks-immobilizer\/\" \/>\n<meta property=\"og:locale\" content=\"de_DE\" \/>\n<meta property=\"og:type\" content=\"article\" \/>\n<meta property=\"og:title\" content=\"VOLVO TRUCKS Immobilizer\" \/>\n<meta property=\"og:description\" content=\"Volvo Trucks Immobilizer Programmer, the device allows you to turn ON and OFF the immobilizer functions in trucks based on theVOLVO platform...\" \/>\n<meta property=\"og:url\" content=\"https:\/\/www.key-devices.com\/de\/product\/volvo-trucks-immobilizer\/\" \/>\n<meta property=\"og:site_name\" content=\"KEY DEVICES\" \/>\n<meta property=\"article:modified_time\" content=\"2025-09-09T09:17:59+00:00\" \/>\n<meta property=\"og:image\" content=\"https:\/\/www.key-devices.com\/wp-content\/uploads\/Volvo-Trucks-Immobilizer-Programmer.jpg\" \/>\n\t<meta property=\"og:image:width\" content=\"611\" \/>\n\t<meta property=\"og:image:height\" content=\"489\" \/>\n\t<meta property=\"og:image:type\" content=\"image\/jpeg\" \/>\n<meta name=\"twitter:card\" content=\"summary_large_image\" \/>\n<meta name=\"twitter:label1\" content=\"Preis\" \/>\n\t<meta name=\"twitter:data1\" content=\"\" \/>\n\t<meta name=\"twitter:label2\" content=\"Verf\u00fcgbarkeit\" \/>\n\t<meta name=\"twitter:data2\" content=\"Auf Lager\" \/>\n<script type=\"application\/ld+json\" class=\"yoast-schema-graph\">{\"@context\":\"https:\\\/\\\/schema.org\",\"@graph\":[{\"@type\":\"WebPage\",\"@id\":\"https:\\\/\\\/www.key-devices.com\\\/product\\\/volvo-trucks-immobilizer\\\/\",\"url\":\"https:\\\/\\\/www.key-devices.com\\\/product\\\/volvo-trucks-immobilizer\\\/\",\"name\":\"Volvo Trucks Immobilizer Programmer - Discount Price\",\"isPartOf\":{\"@id\":\"https:\\\/\\\/www.key-devices.com\\\/#website\"},\"primaryImageOfPage\":{\"@id\":\"https:\\\/\\\/www.key-devices.com\\\/product\\\/volvo-trucks-immobilizer\\\/#primaryimage\"},\"image\":{\"@id\":\"https:\\\/\\\/www.key-devices.com\\\/product\\\/volvo-trucks-immobilizer\\\/#primaryimage\"},\"thumbnailUrl\":\"https:\\\/\\\/www.key-devices.com\\\/wp-content\\\/uploads\\\/Volvo-Trucks-Immobilizer-Programmer.jpg\",\"datePublished\":\"2025-09-09T08:37:42+00:00\",\"dateModified\":\"2025-09-09T09:17:59+00:00\",\"description\":\"Volvo Trucks Immobilizer Programmer, the device allows you to turn ON and OFF the immobilizer functions in trucks based on theVOLVO platform...\",\"breadcrumb\":{\"@id\":\"https:\\\/\\\/www.key-devices.com\\\/product\\\/volvo-trucks-immobilizer\\\/#breadcrumb\"},\"inLanguage\":\"de\",\"potentialAction\":[{\"@type\":\"ReadAction\",\"target\":[\"https:\\\/\\\/www.key-devices.com\\\/product\\\/volvo-trucks-immobilizer\\\/\"]}]},{\"@type\":\"ImageObject\",\"inLanguage\":\"de\",\"@id\":\"https:\\\/\\\/www.key-devices.com\\\/product\\\/volvo-trucks-immobilizer\\\/#primaryimage\",\"url\":\"https:\\\/\\\/www.key-devices.com\\\/wp-content\\\/uploads\\\/Volvo-Trucks-Immobilizer-Programmer.jpg\",\"contentUrl\":\"https:\\\/\\\/www.key-devices.com\\\/wp-content\\\/uploads\\\/Volvo-Trucks-Immobilizer-Programmer.jpg\",\"width\":611,\"height\":489,\"caption\":\"Volvo Trucks Immobilizer Programmer\"},{\"@type\":\"BreadcrumbList\",\"@id\":\"https:\\\/\\\/www.key-devices.com\\\/product\\\/volvo-trucks-immobilizer\\\/#breadcrumb\",\"itemListElement\":[{\"@type\":\"ListItem\",\"position\":1,\"name\":\"Home\",\"item\":\"https:\\\/\\\/www.key-devices.com\\\/\"},{\"@type\":\"ListItem\",\"position\":2,\"name\":\"Shop\",\"item\":\"https:\\\/\\\/www.key-devices.com\\\/shop\\\/\"},{\"@type\":\"ListItem\",\"position\":3,\"name\":\"VOLVO TRUCKS Immobilizer\"}]},{\"@type\":\"WebSite\",\"@id\":\"https:\\\/\\\/www.key-devices.com\\\/#website\",\"url\":\"https:\\\/\\\/www.key-devices.com\\\/\",\"name\":\"KEY DEVICES\",\"description\":\"\",\"publisher\":{\"@id\":\"https:\\\/\\\/www.key-devices.com\\\/#organization\"},\"potentialAction\":[{\"@type\":\"SearchAction\",\"target\":{\"@type\":\"EntryPoint\",\"urlTemplate\":\"https:\\\/\\\/www.key-devices.com\\\/?s={search_term_string}\"},\"query-input\":{\"@type\":\"PropertyValueSpecification\",\"valueRequired\":true,\"valueName\":\"search_term_string\"}}],\"inLanguage\":\"de\"},{\"@type\":[\"Organization\",\"Place\"],\"@id\":\"https:\\\/\\\/www.key-devices.com\\\/#organization\",\"name\":\"Key Devices\",\"url\":\"https:\\\/\\\/www.key-devices.com\\\/\",\"logo\":{\"@id\":\"https:\\\/\\\/www.key-devices.com\\\/product\\\/volvo-trucks-immobilizer\\\/#local-main-organization-logo\"},\"image\":{\"@id\":\"https:\\\/\\\/www.key-devices.com\\\/product\\\/volvo-trucks-immobilizer\\\/#local-main-organization-logo\"},\"legalName\":\"Key Devices\",\"telephone\":[],\"openingHoursSpecification\":[{\"@type\":\"OpeningHoursSpecification\",\"dayOfWeek\":[\"Monday\",\"Tuesday\",\"Wednesday\",\"Thursday\",\"Friday\",\"Saturday\",\"Sunday\"],\"opens\":\"09:00\",\"closes\":\"17:00\"}]},{\"@type\":\"ImageObject\",\"inLanguage\":\"de\",\"@id\":\"https:\\\/\\\/www.key-devices.com\\\/product\\\/volvo-trucks-immobilizer\\\/#local-main-organization-logo\",\"url\":\"https:\\\/\\\/www.key-devices.com\\\/wp-content\\\/uploads\\\/cropped-Key-Devices-Logo-official-.png\",\"contentUrl\":\"https:\\\/\\\/www.key-devices.com\\\/wp-content\\\/uploads\\\/cropped-Key-Devices-Logo-official-.png\",\"width\":512,\"height\":512,\"caption\":\"Key Devices\"}]}<\/script>\n<meta property=\"product:price:currency\" content=\"EUR\" \/>\n<meta property=\"og:availability\" content=\"instock\" \/>\n<meta property=\"product:availability\" content=\"instock\" \/>\n<meta property=\"product:retailer_item_id\" content=\"2784\" \/>\n<meta property=\"product:condition\" content=\"new\" \/>\n<!-- \/ Yoast SEO Premium plugin. -->","yoast_head_json":{"title":"Volvo Trucks Wegfahrsperre Programmierer - Discount-Preis","description":"Volvo Trucks Wegfahrsperre Programmierer, erm\u00f6glicht Ihnen das Ger\u00e4t ein-und AUSSCHALTEN der Wegfahrsperre Funktionen in der LKW basiert auf theVOLVO Plattform...","robots":{"index":"index","follow":"follow","max-snippet":"max-snippet:-1","max-image-preview":"max-image-preview:large","max-video-preview":"max-video-preview:-1"},"canonical":"https:\/\/www.key-devices.com\/de\/product\/volvo-trucks-immobilizer\/","og_locale":"de_DE","og_type":"article","og_title":"VOLVO TRUCKS Immobilizer","og_description":"Volvo Trucks Immobilizer Programmer, the device allows you to turn ON and OFF the immobilizer functions in trucks based on theVOLVO platform...","og_url":"https:\/\/www.key-devices.com\/de\/product\/volvo-trucks-immobilizer\/","og_site_name":"KEY DEVICES","article_modified_time":"2025-09-09T09:17:59+00:00","og_image":[{"width":611,"height":489,"url":"https:\/\/www.key-devices.com\/wp-content\/uploads\/Volvo-Trucks-Immobilizer-Programmer.jpg","type":"image\/jpeg"}],"twitter_card":"summary_large_image","twitter_misc":{"Preis":"","Verf\u00fcgbarkeit":"Auf Lager"},"schema":{"@context":"https:\/\/schema.org","@graph":[{"@type":"WebPage","@id":"https:\/\/www.key-devices.com\/product\/volvo-trucks-immobilizer\/","url":"https:\/\/www.key-devices.com\/product\/volvo-trucks-immobilizer\/","name":"Volvo Trucks Wegfahrsperre Programmierer - Discount-Preis","isPartOf":{"@id":"https:\/\/www.key-devices.com\/#website"},"primaryImageOfPage":{"@id":"https:\/\/www.key-devices.com\/product\/volvo-trucks-immobilizer\/#primaryimage"},"image":{"@id":"https:\/\/www.key-devices.com\/product\/volvo-trucks-immobilizer\/#primaryimage"},"thumbnailUrl":"https:\/\/www.key-devices.com\/wp-content\/uploads\/Volvo-Trucks-Immobilizer-Programmer.jpg","datePublished":"2025-09-09T08:37:42+00:00","dateModified":"2025-09-09T09:17:59+00:00","description":"Volvo Trucks Wegfahrsperre Programmierer, erm\u00f6glicht Ihnen das Ger\u00e4t ein-und AUSSCHALTEN der Wegfahrsperre Funktionen in der LKW basiert auf theVOLVO Plattform...","breadcrumb":{"@id":"https:\/\/www.key-devices.com\/product\/volvo-trucks-immobilizer\/#breadcrumb"},"inLanguage":"de","potentialAction":[{"@type":"ReadAction","target":["https:\/\/www.key-devices.com\/product\/volvo-trucks-immobilizer\/"]}]},{"@type":"ImageObject","inLanguage":"de","@id":"https:\/\/www.key-devices.com\/product\/volvo-trucks-immobilizer\/#primaryimage","url":"https:\/\/www.key-devices.com\/wp-content\/uploads\/Volvo-Trucks-Immobilizer-Programmer.jpg","contentUrl":"https:\/\/www.key-devices.com\/wp-content\/uploads\/Volvo-Trucks-Immobilizer-Programmer.jpg","width":611,"height":489,"caption":"Volvo Trucks Immobilizer Programmer"},{"@type":"BreadcrumbList","@id":"https:\/\/www.key-devices.com\/product\/volvo-trucks-immobilizer\/#breadcrumb","itemListElement":[{"@type":"ListItem","position":1,"name":"Home","item":"https:\/\/www.key-devices.com\/"},{"@type":"ListItem","position":2,"name":"Shop","item":"https:\/\/www.key-devices.com\/shop\/"},{"@type":"ListItem","position":3,"name":"VOLVO TRUCKS Immobilizer"}]},{"@type":"WebSite","@id":"https:\/\/www.key-devices.com\/#website","url":"https:\/\/www.key-devices.com\/","name":"SCHL\u00dcSSELGER\u00c4TE","description":"","publisher":{"@id":"https:\/\/www.key-devices.com\/#organization"},"potentialAction":[{"@type":"SearchAction","target":{"@type":"EntryPoint","urlTemplate":"https:\/\/www.key-devices.com\/?s={search_term_string}"},"query-input":{"@type":"PropertyValueSpecification","valueRequired":true,"valueName":"search_term_string"}}],"inLanguage":"de"},{"@type":["Organization","Place"],"@id":"https:\/\/www.key-devices.com\/#organization","name":"Wichtige Ger\u00e4te","url":"https:\/\/www.key-devices.com\/","logo":{"@id":"https:\/\/www.key-devices.com\/product\/volvo-trucks-immobilizer\/#local-main-organization-logo"},"image":{"@id":"https:\/\/www.key-devices.com\/product\/volvo-trucks-immobilizer\/#local-main-organization-logo"},"legalName":"Key Devices","telephone":[],"openingHoursSpecification":[{"@type":"OpeningHoursSpecification","dayOfWeek":["Monday","Tuesday","Wednesday","Thursday","Friday","Saturday","Sunday"],"opens":"09:00","closes":"17:00"}]},{"@type":"ImageObject","inLanguage":"de","@id":"https:\/\/www.key-devices.com\/product\/volvo-trucks-immobilizer\/#local-main-organization-logo","url":"https:\/\/www.key-devices.com\/wp-content\/uploads\/cropped-Key-Devices-Logo-official-.png","contentUrl":"https:\/\/www.key-devices.com\/wp-content\/uploads\/cropped-Key-Devices-Logo-official-.png","width":512,"height":512,"caption":"Key Devices"}]},"product_price_currency":"EUR","og_availability":"instock","product_availability":"instock","product_retailer_item_id":"2784","product_condition":"new"},"jetpack_sharing_enabled":true,"_links":{"self":[{"href":"https:\/\/www.key-devices.com\/de\/wp-json\/wp\/v2\/product\/11195","targetHints":{"allow":["GET"]}}],"collection":[{"href":"https:\/\/www.key-devices.com\/de\/wp-json\/wp\/v2\/product"}],"about":[{"href":"https:\/\/www.key-devices.com\/de\/wp-json\/wp\/v2\/types\/product"}],"replies":[{"embeddable":true,"href":"https:\/\/www.key-devices.com\/de\/wp-json\/wp\/v2\/comments?post=11195"}],"wp:featuredmedia":[{"embeddable":true,"href":"https:\/\/www.key-devices.com\/de\/wp-json\/wp\/v2\/media\/11196"}],"wp:attachment":[{"href":"https:\/\/www.key-devices.com\/de\/wp-json\/wp\/v2\/media?parent=11195"}],"wp:term":[{"taxonomy":"product_brand","embeddable":true,"href":"https:\/\/www.key-devices.com\/de\/wp-json\/wp\/v2\/product_brand?post=11195"},{"taxonomy":"product_cat","embeddable":true,"href":"https:\/\/www.key-devices.com\/de\/wp-json\/wp\/v2\/product_cat?post=11195"},{"taxonomy":"product_tag","embeddable":true,"href":"https:\/\/www.key-devices.com\/de\/wp-json\/wp\/v2\/product_tag?post=11195"},{"taxonomy":"vehicles","embeddable":true,"href":"https:\/\/www.key-devices.com\/de\/wp-json\/wp\/v2\/vehicles?post=11195"}],"curies":[{"name":"wp","href":"https:\/\/api.w.org\/{rel}","templated":true}]}}