{"id":11199,"date":"2025-09-09T11:07:22","date_gmt":"2025-09-09T09:07:22","guid":{"rendered":"https:\/\/www.key-devices.com\/?post_type=product&#038;p=11199"},"modified":"2025-09-09T11:17:35","modified_gmt":"2025-09-09T09:17:35","slug":"daf-key-programmer","status":"publish","type":"product","link":"https:\/\/www.key-devices.com\/de\/product\/daf-key-programmer\/","title":{"rendered":"DAF Schl\u00fcssel Programmierer"},"content":{"rendered":"<h1 style=\"text-align: center;\">DAF Schl\u00fcssel Programmierer<\/h1>\n<p>&nbsp;<\/p>\n<p>Mit diesem tool k\u00f6nnen Sie zeige einen Schl\u00fcssel in weniger als 1 min zu jedem LKW der Marke DAF euro 5 euro 6 von 2012-2022 getestet<\/p>\n<p>&nbsp;<\/p>\n<p><span style=\"color: #ff0000;\">* UNSERE GER\u00c4TE WERDEN NUR F\u00dcR DEN DIENSTLICHEN UND PRIVATEN GEBRAUCH VERKAUFT. WIR SIND NICHT F\u00dcR DEN BETR\u00dcGERISCHEN ODER RECHTSWIDRIGEN GEBRAUCH DER AN SIE VERKAUFTEN AUSR\u00dcSTUNG VERANTWORTLICH.<\/span><\/p>","protected":false},"excerpt":{"rendered":"<p>Mit diesem tool k\u00f6nnen Sie zeige einen Schl\u00fcssel in weniger als 1 min zu jedem LKW der Marke DAF euro 5 euro 6 von 2012-2022 getestet<\/p>","protected":false},"featured_media":11200,"comment_status":"open","ping_status":"closed","template":"","meta":{"_monsterinsights_skip_tracking":false,"_monsterinsights_sitenote_active":false,"_monsterinsights_sitenote_note":"","_monsterinsights_sitenote_category":0},"product_brand":[1165],"product_cat":[516],"product_tag":[1214],"vehicles":[],"class_list":{"0":"post-11199","1":"product","2":"type-product","3":"status-publish","4":"has-post-thumbnail","6":"product_brand-daf-trucks","7":"product_cat-key-programmer","8":"product_tag-daf-trucks-2012-2022","10":"first","11":"instock","12":"featured","13":"shipping-taxable","14":"product-type-simple"},"yoast_head":"<!-- This site is optimized with the Yoast SEO Premium plugin v25.5 (Yoast SEO v27.4) - https:\/\/yoast.com\/product\/yoast-seo-premium-wordpress\/ -->\n<title>DAF Key Programmer 2012 - 2022 - Key Programmer - Key Device<\/title>\n<meta name=\"description\" content=\"DAF Key Programmer 2012 - 2022, with this tool you can performe a real key in less than 1 min to any truck of the brand DAF euro 5 euro 6 from 2012-2022...\" \/>\n<meta name=\"robots\" content=\"index, follow, max-snippet:-1, max-image-preview:large, max-video-preview:-1\" \/>\n<link rel=\"canonical\" href=\"https:\/\/www.key-devices.com\/de\/product\/daf-key-programmer\/\" \/>\n<meta property=\"og:locale\" content=\"de_DE\" \/>\n<meta property=\"og:type\" content=\"article\" \/>\n<meta property=\"og:title\" content=\"DAF Key Programmer\" \/>\n<meta property=\"og:description\" content=\"DAF Key Programmer 2012 - 2022, with this tool you can performe a real key in less than 1 min to any truck of the brand DAF euro 5 euro 6 from 2012-2022...\" \/>\n<meta property=\"og:url\" content=\"https:\/\/www.key-devices.com\/de\/product\/daf-key-programmer\/\" \/>\n<meta property=\"og:site_name\" content=\"KEY DEVICES\" \/>\n<meta property=\"article:modified_time\" content=\"2025-09-09T09:17:35+00:00\" \/>\n<meta property=\"og:image\" content=\"https:\/\/www.key-devices.com\/wp-content\/uploads\/DAF-Key-Programmer-2012-2022.jpg\" \/>\n\t<meta property=\"og:image:width\" content=\"1536\" \/>\n\t<meta property=\"og:image:height\" content=\"2048\" \/>\n\t<meta property=\"og:image:type\" content=\"image\/jpeg\" \/>\n<meta name=\"twitter:card\" content=\"summary_large_image\" \/>\n<meta name=\"twitter:label1\" content=\"Preis\" \/>\n\t<meta name=\"twitter:data1\" content=\"\" \/>\n\t<meta name=\"twitter:label2\" content=\"Verf\u00fcgbarkeit\" \/>\n\t<meta name=\"twitter:data2\" content=\"Auf Lager\" \/>\n<script type=\"application\/ld+json\" class=\"yoast-schema-graph\">{\"@context\":\"https:\\\/\\\/schema.org\",\"@graph\":[{\"@type\":\"WebPage\",\"@id\":\"https:\\\/\\\/www.key-devices.com\\\/product\\\/daf-key-programmer\\\/\",\"url\":\"https:\\\/\\\/www.key-devices.com\\\/product\\\/daf-key-programmer\\\/\",\"name\":\"DAF Key Programmer 2012 - 2022 - Key Programmer - Key Device\",\"isPartOf\":{\"@id\":\"https:\\\/\\\/www.key-devices.com\\\/#website\"},\"primaryImageOfPage\":{\"@id\":\"https:\\\/\\\/www.key-devices.com\\\/product\\\/daf-key-programmer\\\/#primaryimage\"},\"image\":{\"@id\":\"https:\\\/\\\/www.key-devices.com\\\/product\\\/daf-key-programmer\\\/#primaryimage\"},\"thumbnailUrl\":\"https:\\\/\\\/www.key-devices.com\\\/wp-content\\\/uploads\\\/DAF-Key-Programmer-2012-2022.jpg\",\"datePublished\":\"2025-09-09T09:07:22+00:00\",\"dateModified\":\"2025-09-09T09:17:35+00:00\",\"description\":\"DAF Key Programmer 2012 - 2022, with this tool you can performe a real key in less than 1 min to any truck of the brand DAF euro 5 euro 6 from 2012-2022...\",\"breadcrumb\":{\"@id\":\"https:\\\/\\\/www.key-devices.com\\\/product\\\/daf-key-programmer\\\/#breadcrumb\"},\"inLanguage\":\"de\",\"potentialAction\":[{\"@type\":\"ReadAction\",\"target\":[\"https:\\\/\\\/www.key-devices.com\\\/product\\\/daf-key-programmer\\\/\"]}]},{\"@type\":\"ImageObject\",\"inLanguage\":\"de\",\"@id\":\"https:\\\/\\\/www.key-devices.com\\\/product\\\/daf-key-programmer\\\/#primaryimage\",\"url\":\"https:\\\/\\\/www.key-devices.com\\\/wp-content\\\/uploads\\\/DAF-Key-Programmer-2012-2022.jpg\",\"contentUrl\":\"https:\\\/\\\/www.key-devices.com\\\/wp-content\\\/uploads\\\/DAF-Key-Programmer-2012-2022.jpg\",\"width\":1536,\"height\":2048,\"caption\":\"DAF Key Programmer 2012 - 2022\"},{\"@type\":\"BreadcrumbList\",\"@id\":\"https:\\\/\\\/www.key-devices.com\\\/product\\\/daf-key-programmer\\\/#breadcrumb\",\"itemListElement\":[{\"@type\":\"ListItem\",\"position\":1,\"name\":\"Home\",\"item\":\"https:\\\/\\\/www.key-devices.com\\\/\"},{\"@type\":\"ListItem\",\"position\":2,\"name\":\"Shop\",\"item\":\"https:\\\/\\\/www.key-devices.com\\\/shop\\\/\"},{\"@type\":\"ListItem\",\"position\":3,\"name\":\"DAF Key Programmer\"}]},{\"@type\":\"WebSite\",\"@id\":\"https:\\\/\\\/www.key-devices.com\\\/#website\",\"url\":\"https:\\\/\\\/www.key-devices.com\\\/\",\"name\":\"KEY DEVICES\",\"description\":\"\",\"publisher\":{\"@id\":\"https:\\\/\\\/www.key-devices.com\\\/#organization\"},\"potentialAction\":[{\"@type\":\"SearchAction\",\"target\":{\"@type\":\"EntryPoint\",\"urlTemplate\":\"https:\\\/\\\/www.key-devices.com\\\/?s={search_term_string}\"},\"query-input\":{\"@type\":\"PropertyValueSpecification\",\"valueRequired\":true,\"valueName\":\"search_term_string\"}}],\"inLanguage\":\"de\"},{\"@type\":[\"Organization\",\"Place\"],\"@id\":\"https:\\\/\\\/www.key-devices.com\\\/#organization\",\"name\":\"Key Devices\",\"url\":\"https:\\\/\\\/www.key-devices.com\\\/\",\"logo\":{\"@id\":\"https:\\\/\\\/www.key-devices.com\\\/product\\\/daf-key-programmer\\\/#local-main-organization-logo\"},\"image\":{\"@id\":\"https:\\\/\\\/www.key-devices.com\\\/product\\\/daf-key-programmer\\\/#local-main-organization-logo\"},\"legalName\":\"Key Devices\",\"telephone\":[],\"openingHoursSpecification\":[{\"@type\":\"OpeningHoursSpecification\",\"dayOfWeek\":[\"Monday\",\"Tuesday\",\"Wednesday\",\"Thursday\",\"Friday\",\"Saturday\",\"Sunday\"],\"opens\":\"09:00\",\"closes\":\"17:00\"}]},{\"@type\":\"ImageObject\",\"inLanguage\":\"de\",\"@id\":\"https:\\\/\\\/www.key-devices.com\\\/product\\\/daf-key-programmer\\\/#local-main-organization-logo\",\"url\":\"https:\\\/\\\/www.key-devices.com\\\/wp-content\\\/uploads\\\/cropped-Key-Devices-Logo-official-.png\",\"contentUrl\":\"https:\\\/\\\/www.key-devices.com\\\/wp-content\\\/uploads\\\/cropped-Key-Devices-Logo-official-.png\",\"width\":512,\"height\":512,\"caption\":\"Key Devices\"}]}<\/script>\n<meta property=\"product:price:currency\" content=\"EUR\" \/>\n<meta property=\"og:availability\" content=\"instock\" \/>\n<meta property=\"product:availability\" content=\"instock\" \/>\n<meta property=\"product:retailer_item_id\" content=\"2786\" \/>\n<meta property=\"product:condition\" content=\"new\" \/>\n<!-- \/ Yoast SEO Premium plugin. -->","yoast_head_json":{"title":"DAF Schl\u00fcssel Programmierer 2012 - 2022 - Schl\u00fcssel-Programmierer - Key-Ger\u00e4t","description":"DAF Schl\u00fcssel Programmierer 2012 - 2022, mit diesem tool k\u00f6nnen Sie zeige einen Schl\u00fcssel in weniger als 1 min zu jedem LKW der Marke DAF euro 5 euro 6 von 2012-2022...","robots":{"index":"index","follow":"follow","max-snippet":"max-snippet:-1","max-image-preview":"max-image-preview:large","max-video-preview":"max-video-preview:-1"},"canonical":"https:\/\/www.key-devices.com\/de\/product\/daf-key-programmer\/","og_locale":"de_DE","og_type":"article","og_title":"DAF Key Programmer","og_description":"DAF Key Programmer 2012 - 2022, with this tool you can performe a real key in less than 1 min to any truck of the brand DAF euro 5 euro 6 from 2012-2022...","og_url":"https:\/\/www.key-devices.com\/de\/product\/daf-key-programmer\/","og_site_name":"KEY DEVICES","article_modified_time":"2025-09-09T09:17:35+00:00","og_image":[{"width":1536,"height":2048,"url":"https:\/\/www.key-devices.com\/wp-content\/uploads\/DAF-Key-Programmer-2012-2022.jpg","type":"image\/jpeg"}],"twitter_card":"summary_large_image","twitter_misc":{"Preis":"","Verf\u00fcgbarkeit":"Auf Lager"},"schema":{"@context":"https:\/\/schema.org","@graph":[{"@type":"WebPage","@id":"https:\/\/www.key-devices.com\/product\/daf-key-programmer\/","url":"https:\/\/www.key-devices.com\/product\/daf-key-programmer\/","name":"DAF Schl\u00fcssel Programmierer 2012 - 2022 - Schl\u00fcssel-Programmierer - Key-Ger\u00e4t","isPartOf":{"@id":"https:\/\/www.key-devices.com\/#website"},"primaryImageOfPage":{"@id":"https:\/\/www.key-devices.com\/product\/daf-key-programmer\/#primaryimage"},"image":{"@id":"https:\/\/www.key-devices.com\/product\/daf-key-programmer\/#primaryimage"},"thumbnailUrl":"https:\/\/www.key-devices.com\/wp-content\/uploads\/DAF-Key-Programmer-2012-2022.jpg","datePublished":"2025-09-09T09:07:22+00:00","dateModified":"2025-09-09T09:17:35+00:00","description":"DAF Schl\u00fcssel Programmierer 2012 - 2022, mit diesem tool k\u00f6nnen Sie zeige einen Schl\u00fcssel in weniger als 1 min zu jedem LKW der Marke DAF euro 5 euro 6 von 2012-2022...","breadcrumb":{"@id":"https:\/\/www.key-devices.com\/product\/daf-key-programmer\/#breadcrumb"},"inLanguage":"de","potentialAction":[{"@type":"ReadAction","target":["https:\/\/www.key-devices.com\/product\/daf-key-programmer\/"]}]},{"@type":"ImageObject","inLanguage":"de","@id":"https:\/\/www.key-devices.com\/product\/daf-key-programmer\/#primaryimage","url":"https:\/\/www.key-devices.com\/wp-content\/uploads\/DAF-Key-Programmer-2012-2022.jpg","contentUrl":"https:\/\/www.key-devices.com\/wp-content\/uploads\/DAF-Key-Programmer-2012-2022.jpg","width":1536,"height":2048,"caption":"DAF Key Programmer 2012 - 2022"},{"@type":"BreadcrumbList","@id":"https:\/\/www.key-devices.com\/product\/daf-key-programmer\/#breadcrumb","itemListElement":[{"@type":"ListItem","position":1,"name":"Home","item":"https:\/\/www.key-devices.com\/"},{"@type":"ListItem","position":2,"name":"Shop","item":"https:\/\/www.key-devices.com\/shop\/"},{"@type":"ListItem","position":3,"name":"DAF Key Programmer"}]},{"@type":"WebSite","@id":"https:\/\/www.key-devices.com\/#website","url":"https:\/\/www.key-devices.com\/","name":"SCHL\u00dcSSELGER\u00c4TE","description":"","publisher":{"@id":"https:\/\/www.key-devices.com\/#organization"},"potentialAction":[{"@type":"SearchAction","target":{"@type":"EntryPoint","urlTemplate":"https:\/\/www.key-devices.com\/?s={search_term_string}"},"query-input":{"@type":"PropertyValueSpecification","valueRequired":true,"valueName":"search_term_string"}}],"inLanguage":"de"},{"@type":["Organization","Place"],"@id":"https:\/\/www.key-devices.com\/#organization","name":"Wichtige Ger\u00e4te","url":"https:\/\/www.key-devices.com\/","logo":{"@id":"https:\/\/www.key-devices.com\/product\/daf-key-programmer\/#local-main-organization-logo"},"image":{"@id":"https:\/\/www.key-devices.com\/product\/daf-key-programmer\/#local-main-organization-logo"},"legalName":"Key Devices","telephone":[],"openingHoursSpecification":[{"@type":"OpeningHoursSpecification","dayOfWeek":["Monday","Tuesday","Wednesday","Thursday","Friday","Saturday","Sunday"],"opens":"09:00","closes":"17:00"}]},{"@type":"ImageObject","inLanguage":"de","@id":"https:\/\/www.key-devices.com\/product\/daf-key-programmer\/#local-main-organization-logo","url":"https:\/\/www.key-devices.com\/wp-content\/uploads\/cropped-Key-Devices-Logo-official-.png","contentUrl":"https:\/\/www.key-devices.com\/wp-content\/uploads\/cropped-Key-Devices-Logo-official-.png","width":512,"height":512,"caption":"Key Devices"}]},"product_price_currency":"EUR","og_availability":"instock","product_availability":"instock","product_retailer_item_id":"2786","product_condition":"new"},"jetpack_sharing_enabled":true,"_links":{"self":[{"href":"https:\/\/www.key-devices.com\/de\/wp-json\/wp\/v2\/product\/11199","targetHints":{"allow":["GET"]}}],"collection":[{"href":"https:\/\/www.key-devices.com\/de\/wp-json\/wp\/v2\/product"}],"about":[{"href":"https:\/\/www.key-devices.com\/de\/wp-json\/wp\/v2\/types\/product"}],"replies":[{"embeddable":true,"href":"https:\/\/www.key-devices.com\/de\/wp-json\/wp\/v2\/comments?post=11199"}],"wp:featuredmedia":[{"embeddable":true,"href":"https:\/\/www.key-devices.com\/de\/wp-json\/wp\/v2\/media\/11200"}],"wp:attachment":[{"href":"https:\/\/www.key-devices.com\/de\/wp-json\/wp\/v2\/media?parent=11199"}],"wp:term":[{"taxonomy":"product_brand","embeddable":true,"href":"https:\/\/www.key-devices.com\/de\/wp-json\/wp\/v2\/product_brand?post=11199"},{"taxonomy":"product_cat","embeddable":true,"href":"https:\/\/www.key-devices.com\/de\/wp-json\/wp\/v2\/product_cat?post=11199"},{"taxonomy":"product_tag","embeddable":true,"href":"https:\/\/www.key-devices.com\/de\/wp-json\/wp\/v2\/product_tag?post=11199"},{"taxonomy":"vehicles","embeddable":true,"href":"https:\/\/www.key-devices.com\/de\/wp-json\/wp\/v2\/vehicles?post=11199"}],"curies":[{"name":"wp","href":"https:\/\/api.w.org\/{rel}","templated":true}]}}