{"id":11201,"date":"2025-09-09T11:16:04","date_gmt":"2025-09-09T09:16:04","guid":{"rendered":"https:\/\/www.key-devices.com\/?post_type=product&#038;p=11201"},"modified":"2025-09-09T11:36:59","modified_gmt":"2025-09-09T09:36:59","slug":"jlr-fast-start","status":"publish","type":"product","link":"https:\/\/www.key-devices.com\/de\/product\/jlr-fast-start\/","title":{"rendered":"Jlr schnell-start -"},"content":{"rendered":"<h1 style=\"text-align: center;\">Jlr schnell-start -<\/h1>\n<p>&nbsp;<\/p>\n<div dir=\"ltr\">Die besten Verk\u00e4ufer, die beginnen, jlr in ein paar Sekunden<\/div>\n<div dir=\"ltr\"><\/div>\n<div dir=\"ltr\">Programmierer DIAG v10.59++<\/div>\n<div dir=\"ltr\">JLR Notfall start-Motor und Schl\u00fcssel Programmierer<\/div>\n<div dir=\"ltr\"><\/div>\n<div dir=\"ltr\">Modus ( E ) Notfall Start-Motor mit alarm armed 2012-2018 :<\/div>\n<ul>\n<li dir=\"ltr\">Land Rover Evoque 2012-2018<\/li>\n<li dir=\"ltr\">Land Rover Discovery Sport 2015-2018<\/li>\n<li dir=\"ltr\">Jaguar F-type, XJ 2014-2018<\/li>\n<li dir=\"ltr\">Jaguar F-Pace, XE 2015-2018<\/li>\n<li dir=\"ltr\">Jaguar XF 2015-12\/2016<\/li>\n<li dir=\"ltr\">Range Rover Sport, Vogue 2013-12\/2016 (version 16.5)<\/li>\n<\/ul>\n<h2 dir=\"ltr\" style=\"text-align: center;\"><\/h2>\n<h2 dir=\"ltr\" style=\"text-align: center;\">stecken Sie das Ger\u00e4t im Modus (E) an die OBD2-Buchse<\/h2>\n<div dir=\"ltr\"><\/div>\n<ul>\n<li dir=\"ltr\">LED wird Licht auf rot und Sie h\u00f6ren einen kurzen Signalton, f\u00fcr 3-5 Sekunden, dann die LED wechselt die Farbe auf gr\u00fcn und beginnt zu blinken sehr schnell, es bedeutet die Verbindung mit dem Auto ist ok und das Auto ist bereit zu Beginnen<\/li>\n<li dir=\"ltr\">Dr\u00fccken Sie die Start-Taste auf der Konsole 2 Sekunden, der Motor wird Starten automatictly<\/li>\n<\/ul>\n<div dir=\"ltr\"><\/div>\n<div dir=\"ltr\">( wenn die LED blinkt sehr langsam, etwa 1 mal auf 1 Sekunde, es bedeutet, dass Modell wird nicht unterst\u00fctzt )<\/div>\n<div dir=\"ltr\">Nach dem start der Motor, Sie k\u00f6nnen trennen Sie Ger\u00e4t vom OBD2<\/div>\n<div dir=\"ltr\">Wenn Sie den Motor ausschalten und neu anfangen wollen, m\u00fcssen plug Ger\u00e4t OBD2-Buchse wieder<\/div>\n<div dir=\"ltr\"><\/div>\n<div dir=\"ltr\">NEU !!!<\/div>\n<div dir=\"ltr\">Modus (E) und (D) Notfall Start-Motor f\u00fcr Autos mit einem neuen Diagnose-Stecker im DoiP-standard,<\/div>\n<div dir=\"ltr\">an active alarm system :<\/div>\n<ul>\n<li dir=\"ltr\">Land Rover Sport, Vogue 2017-02\/2018<\/li>\n<li dir=\"ltr\">Land Rover Velar 2017\/2018<\/li>\n<li dir=\"ltr\">Land Rover Discovery V 2017-02\/2018<\/li>\n<li dir=\"ltr\">Jaguar XF 2017-2018<\/li>\n<li dir=\"ltr\">Jaguar F-Pace 2018<\/li>\n<\/ul>\n<div dir=\"ltr\">\u2013 schlie\u00dfen Sie das Ger\u00e4t im Modus (E) an den OBD2-Anschluss<\/div>\n<div dir=\"ltr\">\u2013 nach ein paar Sekunden h\u00f6ren Sie einen langen Signalton, warten Sie etwa 10 Sekunden und trennen Sie das Ger\u00e4t<\/div>\n<div dir=\"ltr\">\u2013 schalten Sie das Ger\u00e4t auf den Modus (D)!!!<\/div>\n<div dir=\"ltr\">\u2013 verbinden Stecker zu K\u00d6NNEN Dr\u00e4hte in die Auto und Batterie 9V, wenn Sie kleine version des Ger\u00e4ts<\/div>\n<div dir=\"ltr\">(wenn Sie haben gr\u00f6\u00dfere version des Ger\u00e4ts, dann die Batterie befindet sich im inneren des Geh\u00e4uses)<\/div>\n<div dir=\"ltr\">\u2013 verbinden Sie die Dr\u00e4hte mit Nadeln an das Ger\u00e4t (Programmierung wird automatisch gestartet)<\/div>\n<div dir=\"ltr\">\u2013 nach etwa 5 Sekunden, dr\u00fccken und halten Sie die Start-Taste auf der Konsole 2 Sekunden, um den Motor zu starten<\/div>\n<div dir=\"ltr\">CAN-Hi CAN-Low gelben Draht mit einem orangenen Gurt (rote Klemme)<\/div>\n<div dir=\"ltr\">gelb Draht mit lila strap (black clamp)<\/div>\n<div dir=\"ltr\">Der Programmierer muss nicht verbunden werden zu die CAN-Kabel w\u00e4hrend der Fahrt<\/div>\n<div dir=\"ltr\">Nach dem ersten Notfall starten von CAN-Leitungen, die alarm system wird automatisch unterbrochen und<\/div>\n<div dir=\"ltr\">die zentrale Sperre wird offen sein.<\/div>\n<div dir=\"ltr\">In Sie wollen den Motor starten, n\u00e4chsten Zeit, Sie k\u00f6nnen hinzuf\u00fcgen eine Schl\u00fcssel Emulator im-Modus (0)<\/div>\n<div dir=\"ltr\"><\/div>\n<div dir=\"ltr\">NEU !!!<\/div>\n<div dir=\"ltr\">Modus - ( 0 ) \u2013 Programmier-Key-Emulator<\/div>\n<div dir=\"ltr\">Die Letzte Funktion f\u00fcr die Programmierung Schl\u00fcssel Emulator in alle JLR Fahrzeuge 2018\/2019, wenn alarm nicht aktiv<\/div>\n<div dir=\"ltr\">Modus - ( 0 ) \u2013 Programmier-Key-Emulator<\/div>\n<div dir=\"ltr\">funktioniert mit allen Modellen von JLR mit alarm bewaffnet, von 2010 bis 04\/2016<\/div>\n<div dir=\"ltr\">und 04\/2016-2019 mit alarm unscharf geschaltet<\/div>\n<div dir=\"ltr\"><\/div>\n<div dir=\"ltr\">Programming manual:<\/div>\n<div dir=\"ltr\">-plug Ger\u00e4t im MODUS 0, um die OBD2-Buchse<\/div>\n<div dir=\"ltr\">-alarm system schaltet sich nach 2-3 Sekunden<\/div>\n<div dir=\"ltr\">-halten Sie den Schl\u00fcssel Emulator der sterring-Spalte (alle Modelle haben einen speziellen Punkt auf sterring Spalte mit<\/div>\n<div dir=\"ltr\">versteckte Antenne innen, linke Spalte, oder unter der Spalte, drei kleine Kunststoff-Gurte auf Kunststoff Fall)<\/div>\n<div dir=\"ltr\">-Wenn Sie h\u00f6ren einen langen Signalton von der Ger\u00e4t nach der n\u00e4chsten paar Sekunden, dr\u00fccken Sie START-Taste auf der Konsole.<\/div>\n<div dir=\"ltr\">Tun Sie dies w\u00e4hrend langer Piepton oder in den n\u00e4chsten 2-3 Sekunden da, wenn Sie warten zu lange Ger\u00e4t nicht hinzuf\u00fcgen<\/div>\n<div dir=\"ltr\">Schl\u00fcssel Emulator auf dem Auto<\/div>\n<div dir=\"ltr\">Modus ( 1 ) \u2013 Programmierung eine Taste, um das Auto mit nicht blockiert KVM-Modul,mit alarm, scharf oder<\/div>\n<div dir=\"ltr\">entwaffnet. arbeiten mit Modellen 2010 \u2013 03\/2015 mit KVM-module DPLA...<\/div>\n<div dir=\"ltr\">und 2015-2017 mit KVM FK72-Modul,HPLA, nur version nicht blockiert<\/div>\n<div dir=\"ltr\">Programming Manual:<\/div>\n<div dir=\"ltr\">-verbinden Sie Ger\u00e4t im MODUS 1, um die OBD2-Buchse<\/div>\n<div dir=\"ltr\">-Sie h\u00f6ren einen kurzen Signalton, es bedeutet, dass es einen Zusammenhang mit dem Auto<\/div>\n<div dir=\"ltr\">-nach der zweiten kurzen Piepton, dr\u00fccken Sie die OPEN-Taste auf der Fernbedienung und halten, bis die zentrale Sperre<\/div>\n<div dir=\"ltr\">gehen Sie offen und Notfall Lichter blinken und leuchtet f\u00fcr einen moment dashboard.<\/div>\n<div dir=\"ltr\">diese operation wird nehmen 7-10 Sekunden<\/div>\n<div dir=\"ltr\">Modus - (2) \u2013 Programmierung zwei neue Schl\u00fcssel, um das Auto mit nicht blockiert KVM FK72-Modul... 2015\/2016<\/div>\n<div dir=\"ltr\">und KVM-Modul HPLA 2017...<\/div>\n<div dir=\"ltr\">(verwenden Sie diese option nach dem \u00e4ndern der KVM in das Auto f\u00fcr eine neue, nur Modul version RFA 31.1. und 31.4.)<\/div>\n<div dir=\"ltr\">Funktioniert nicht mit version GK72, JPLA 2018, J9C3 2018<\/div>\n<div dir=\"ltr\"><\/div>\n<h2 dir=\"ltr\" style=\"text-align: center;\">Programming Manual:<\/h2>\n<div dir=\"ltr\"><\/div>\n<div dir=\"ltr\">-schlie\u00dfen Sie das Ger\u00e4t im MODUS 2, zu die OBD2-Buchse<\/div>\n<div dir=\"ltr\">-Sie h\u00f6ren einen kurzen Signalton, es bedeutet, dass es einen Zusammenhang mit dem Auto<\/div>\n<div dir=\"ltr\">-dann werden Sie h\u00f6ren, langer Piepton, w\u00e4hrend dieser langen Signalton dr\u00fccken Sie die OPEN-Taste auf der ersten Fernbedienung<\/div>\n<div dir=\"ltr\">und halten Sie es bis zum Ende der sound, oder bis die blink Notfall Lichter und \u00f6ffnet Bordcomputer<\/div>\n<div dir=\"ltr\">-dann h\u00f6ren Sie einen langen Piepton, dr\u00fccken Sie die OPEN-Taste auf der zweiten Fernbedienung und halten Sie es gedr\u00fcckt, bis<\/div>\n<div dir=\"ltr\">das Ende des sound -<\/div>\n<div dir=\"ltr\">-nach korrekter Programmierung mit zwei Tasten, dashboard wird Licht up f\u00fcr ein paar Sekunden<\/div>\n<div dir=\"ltr\">Warnung ! Es ist notwendig, das Programm zwei Schl\u00fcssel, sofort!<\/div>\n<div dir=\"ltr\">Modus (3) \u2013 \u00c4ndern der KVM-Modul, Typ FK72 oder HPLA auf neue, nicht angepasst, bevor Sie,<\/div>\n<div dir=\"ltr\">version RFA 31.1. oder nur 31.4<\/div>\n<div dir=\"ltr\">\u2013 schlie\u00dfen Sie das KVM-Modul in den Auto -<\/div>\n<div dir=\"ltr\">\u2013 plug Ger\u00e4t im MODUS 3, OBD2 socked<\/div>\n<div dir=\"ltr\">\u2013 w\u00e4hrend der Programmierung blinkt die rote led Licht, und das dashboard wird Licht up f\u00fcr einen moment<\/div>\n<div dir=\"ltr\">-wenn Sie sehen die gr\u00fcne led auf dem Ger\u00e4t bedeutet, dass der procedur ist fertig. operation<\/div>\n<div dir=\"ltr\">bis zu zwei Minuten<\/div>\n<div dir=\"ltr\">-trennen Sie das Ger\u00e4t \u00e4ndern, wechseln Sie in den MODUS 2, und f\u00fcgen Sie zwei neue Schl\u00fcssel<\/div>\n<div dir=\"ltr\">Nach diesem Vorgang k\u00f6nnen Sie f\u00fcgen Sie zwei neue Schl\u00fcssel f\u00fcr Auto<\/div>\n<div dir=\"ltr\">und Synchronisierung KVM-Modul nach der Programmierung der neuen Schl\u00fcssel-Modus ( 4 )<\/div>\n<div dir=\"ltr\">oder l\u00f6schen Sie alle Fehler, die im Auto-Modus ( C )<\/div>\n<div dir=\"ltr\"><\/div>\n<h2 dir=\"ltr\" style=\"text-align: center;\">Weitere Informationen \u00fcber Mode( 0 ):<\/h2>\n<div dir=\"ltr\"><\/div>\n<div dir=\"ltr\">-Nach der ersten Programmierung der Schl\u00fcssel Emulator werden arbeiten alle die Zeit in die Auto. Wenn Sie m\u00f6chten, starten Sie den<\/div>\n<div dir=\"ltr\">Motor darf der Schl\u00fcssel Emulator der sterring-Spalte und dr\u00fccken Sie start-Taste auf der Konsole<\/div>\n<div dir=\"ltr\">-Fernbedienung im Schl\u00fcssel Emulator nicht arbeiten<\/div>\n<div dir=\"ltr\">-Sie k\u00f6nnen den Schl\u00fcssel Emulator mit vielen Autos<\/div>\n<div dir=\"ltr\">-Das Ger\u00e4t arbeitet an allen Autos mit neuen KVM FK72-Modul,HPLA,JPLA<\/div>\n<div dir=\"ltr\">-Ger\u00e4t funktioniert nur mit unsere Schl\u00fcssel Emulator<\/div>\n<div dir=\"ltr\">-Wenn Sie nicht finden k\u00f6nnen, ein Ort mit versteckte Antenne auf die Lenkung Spalte, nach der das Ger\u00e4t verbunden ist<\/div>\n<div dir=\"ltr\">die OBD2, m\u00fcssen Sie dr\u00fccken Sie Start-Taste, und Informationen \u00fcber die versteckte Antenne wird angezeigt<\/div>\n<div dir=\"ltr\">die dashboard. Nach, dass, manchmal muss man die Prozedur wiederholen Programmierung<\/div>\n<div dir=\"ltr\">Programmierer DIAG v10.4 im MODUS 0 ,arbeiten an Autos JLR 2010-04\/2016 mit alarm bewaffnet<\/div>\n<div dir=\"ltr\">und Autos nach 04\/2016-2019 wenn der alarm ist entwaffnet<\/div>\n<div dir=\"ltr\">Funktion Notfall Start-Motor \u2013 Modus(E) oder den Modus(E+D) arbeiten mit fast JLR Fahrzeuge mit alarm bewaffnet<\/div>\n<div dir=\"ltr\">bis 2018 sollen auch einige Modelle mit VIN 2019<\/div>\n<div dir=\"ltr\">au\u00dfer Fahrzeuge mit dem neuen Modell der smart-key,<\/div>\n<div dir=\"ltr\">dass Autos funktionieren nur auf Mode(0), wenn die Alarmanlage AUSGESCHALTET ist<\/div>\n<div dir=\"ltr\"><\/div>\n<h2 dir=\"ltr\" style=\"text-align: center;\">Kurze Beschreibung:<\/h2>\n<div dir=\"ltr\"><\/div>\n<div dir=\"ltr\">Modus ( 0 ) add key emulator Zeitraum 2010-2019 NEU!<\/div>\n<div dir=\"ltr\">Modus ( 1 ) f\u00fcgen Sie neue Schl\u00fcssel 2010-03\/2015 mit KVM-DPLA (wie in der alten version des Ger\u00e4ts) und KVM FK72,HPLA<\/div>\n<div dir=\"ltr\">nicht blockiert 2015\/2017<\/div>\n<div dir=\"ltr\">Modus ( 2 ) f\u00fcgen Sie neue Schl\u00fcssel nach \u00e4ndern KVM f\u00fcr neue 2012-2017<\/div>\n<div dir=\"ltr\">Modus ( 3 ) - Programmierung neue KVM-Modul, um das Auto in zwei Minuten<\/div>\n<div dir=\"ltr\">Modus - ( 4 ) - Synchronisation KVM-Modul nach der Programmierung neuer Schl\u00fcssel<\/div>\n<div dir=\"ltr\">Modus ( B ) die Pr\u00fcfung der VIN und l\u00f6schen alle Fehler auf Modelle mit der neuen OBD2-Stecker in die DoiP<\/div>\n<div dir=\"ltr\">Standard<\/div>\n<div dir=\"ltr\">-Gr\u00fcne LED mit sound-signal \u2013 die VIN-Nummer ist korrekt, in der dashboard und Module<\/div>\n<div dir=\"ltr\">-Rote LED mit sound-signal \u2013 die VIN-Nummer ist anders<\/div>\n<div dir=\"ltr\">( C ) l\u00f6schen Sie alle Fehler in die Fahrzeug<\/div>\n<div dir=\"ltr\">Modus ( E ) Notfall start-Motor ohne Schl\u00fcssel in alle Modelle der JLR<\/div>\n<div dir=\"ltr\">Modus (E) + (D) Notfall start-Motor ohne Schl\u00fcssel in Modelle mit einem neuen OBD2-Stecker in die DoiP<\/div>\n<div dir=\"ltr\">standard (2017-2018) NEU!<\/div>\n<div dir=\"ltr\">Mode ( F ) die Z\u00fcndung einschalten, test-Modus, \u00e4ndert sich nicht, und nicht korrekte Daten<\/div>\n<div dir=\"ltr\">K\u00d6NNEN Dr\u00e4hte in den Land Rover Velar und Jaguar F-Pace<\/div>\n<div dir=\"ltr\">Stecker mit CAN-Leitungen Stecker-Abdeckung mit CAN-Leitungen<\/div>\n<div dir=\"ltr\">CAN-Hi und CAN-Low Dr\u00e4hte<\/div>\n<div dir=\"ltr\">Auf den Sport, Vogue, Discovery-V-Modelle, die CAN-Leitungen befinden sich in der linken oder rechten Seite in den Kofferraum oder<\/div>\n<div dir=\"ltr\">oberhalb der Passagier die Beine<\/div>\n<div dir=\"ltr\">RR Sport und Vogue ( Passagier Seite )<\/div>\n<p>&nbsp;<\/p>\n<p><span style=\"color: #ff0000;\">* UNSERE GER\u00c4TE WERDEN NUR F\u00dcR DEN DIENSTLICHEN UND PRIVATEN GEBRAUCH VERKAUFT. WIR SIND NICHT F\u00dcR DEN BETR\u00dcGERISCHEN ODER RECHTSWIDRIGEN GEBRAUCH DER AN SIE VERKAUFTEN AUSR\u00dcSTUNG VERANTWORTLICH.<\/span><\/p>","protected":false},"excerpt":{"rendered":"<div dir=\"ltr\">Die besten Verk\u00e4ufer, die beginnen, jlr in ein paar Sekunden<\/div>\n<div dir=\"ltr\"><\/div>\n<div dir=\"ltr\">Programmierer DIAG v10.59++<\/div>\n<div dir=\"ltr\">JLR Notfall start-Motor und Schl\u00fcssel Programmierer<\/div>\n<div dir=\"ltr\"><\/div>\n<div dir=\"ltr\">Modus ( E ) Notfall Start-Motor mit alarm armed 2012-2018 :<\/div>\n<ul>\n<li dir=\"ltr\">Land Rover Evoque 2012-2018<\/li>\n<li dir=\"ltr\">Land Rover Discovery Sport 2015-2018<\/li>\n<li dir=\"ltr\">Jaguar F-type, XJ 2014-2018<\/li>\n<li dir=\"ltr\">Jaguar F-Pace, XE 2015-2018<\/li>\n<li dir=\"ltr\">Jaguar XF 2015-12\/2016<\/li>\n<li dir=\"ltr\">Range Rover Sport, Vogue 2013-12\/2016 (version 16.5)<\/li>\n<\/ul>","protected":false},"featured_media":11202,"comment_status":"open","ping_status":"closed","template":"","meta":{"_monsterinsights_skip_tracking":false,"_monsterinsights_sitenote_active":false,"_monsterinsights_sitenote_note":"","_monsterinsights_sitenote_category":0},"product_brand":[1213,1212,1162,1211,1180,1161,1163],"product_cat":[516],"product_tag":[1215,1218,1216,1221,1217,1220,1219],"vehicles":[],"class_list":{"0":"post-11201","1":"product","2":"type-product","3":"status-publish","4":"has-post-thumbnail","6":"product_brand-genesis","7":"product_brand-hyundai","8":"product_brand-infinity","9":"product_brand-kia","10":"product_brand-mercedes","11":"product_brand-nissan","12":"product_brand-renault","13":"product_cat-key-programmer","14":"product_tag-jlr-fast-start","15":"product_tag-land-rover-evoque-2012-2018-land-rover-discovery-sport-2015-2018-jaguar-f-type","16":"product_tag-land-rover-sport","17":"product_tag-vogue-2013-12-2016-version-16-5","18":"product_tag-vogue-2017-02-2018-land-rover-velar-2017-2018-land-rover-discovery-v-2017-02-2018-jaguar-xf-2017-2018-jaguar-f-pace-2018","19":"product_tag-xe-2015-2018-jaguar-xf-2015-12-2016-range-rover-sport","20":"product_tag-xj-2014-2018-jaguar-f-pace","22":"first","23":"instock","24":"featured","25":"shipping-taxable","26":"product-type-simple"},"yoast_head":"<!-- This site is optimized with the Yoast SEO Premium plugin v25.5 (Yoast SEO v27.4) - https:\/\/yoast.com\/product\/yoast-seo-premium-wordpress\/ -->\n<title>Jlr fast start - Key Programmer - 07.55.98.64.05<\/title>\n<meta name=\"description\" content=\"Jlr fast start, the best seller that start any jlr in couple of secondProgrammer DIAG v10.59++JLR emergency start engine and key programmer\" \/>\n<meta name=\"robots\" content=\"index, follow, max-snippet:-1, max-image-preview:large, max-video-preview:-1\" \/>\n<link rel=\"canonical\" href=\"https:\/\/www.key-devices.com\/de\/product\/jlr-fast-start\/\" \/>\n<meta property=\"og:locale\" content=\"de_DE\" \/>\n<meta property=\"og:type\" content=\"article\" \/>\n<meta property=\"og:title\" content=\"Jlr fast start\" \/>\n<meta property=\"og:description\" content=\"Jlr fast start, the best seller that start any jlr in couple of secondProgrammer DIAG v10.59++JLR emergency start engine and key programmer\" \/>\n<meta property=\"og:url\" content=\"https:\/\/www.key-devices.com\/de\/product\/jlr-fast-start\/\" \/>\n<meta property=\"og:site_name\" content=\"KEY DEVICES\" \/>\n<meta property=\"article:modified_time\" content=\"2025-09-09T09:36:59+00:00\" \/>\n<meta property=\"og:image\" content=\"https:\/\/www.key-devices.com\/wp-content\/uploads\/Jlr-fast-start.jpg\" \/>\n\t<meta property=\"og:image:width\" content=\"1152\" \/>\n\t<meta property=\"og:image:height\" content=\"2048\" \/>\n\t<meta property=\"og:image:type\" content=\"image\/jpeg\" \/>\n<meta name=\"twitter:card\" content=\"summary_large_image\" \/>\n<meta name=\"twitter:label1\" content=\"Preis\" \/>\n\t<meta name=\"twitter:data1\" content=\"\" \/>\n\t<meta name=\"twitter:label2\" content=\"Verf\u00fcgbarkeit\" \/>\n\t<meta name=\"twitter:data2\" content=\"Auf Lager\" \/>\n<script type=\"application\/ld+json\" class=\"yoast-schema-graph\">{\"@context\":\"https:\\\/\\\/schema.org\",\"@graph\":[{\"@type\":\"WebPage\",\"@id\":\"https:\\\/\\\/www.key-devices.com\\\/product\\\/jlr-fast-start\\\/\",\"url\":\"https:\\\/\\\/www.key-devices.com\\\/product\\\/jlr-fast-start\\\/\",\"name\":\"Jlr fast start - Key Programmer - 07.55.98.64.05\",\"isPartOf\":{\"@id\":\"https:\\\/\\\/www.key-devices.com\\\/#website\"},\"primaryImageOfPage\":{\"@id\":\"https:\\\/\\\/www.key-devices.com\\\/product\\\/jlr-fast-start\\\/#primaryimage\"},\"image\":{\"@id\":\"https:\\\/\\\/www.key-devices.com\\\/product\\\/jlr-fast-start\\\/#primaryimage\"},\"thumbnailUrl\":\"https:\\\/\\\/www.key-devices.com\\\/wp-content\\\/uploads\\\/Jlr-fast-start.jpg\",\"datePublished\":\"2025-09-09T09:16:04+00:00\",\"dateModified\":\"2025-09-09T09:36:59+00:00\",\"description\":\"Jlr fast start, the best seller that start any jlr in couple of secondProgrammer DIAG v10.59++JLR emergency start engine and key programmer\",\"breadcrumb\":{\"@id\":\"https:\\\/\\\/www.key-devices.com\\\/product\\\/jlr-fast-start\\\/#breadcrumb\"},\"inLanguage\":\"de\",\"potentialAction\":[{\"@type\":\"ReadAction\",\"target\":[\"https:\\\/\\\/www.key-devices.com\\\/product\\\/jlr-fast-start\\\/\"]}]},{\"@type\":\"ImageObject\",\"inLanguage\":\"de\",\"@id\":\"https:\\\/\\\/www.key-devices.com\\\/product\\\/jlr-fast-start\\\/#primaryimage\",\"url\":\"https:\\\/\\\/www.key-devices.com\\\/wp-content\\\/uploads\\\/Jlr-fast-start.jpg\",\"contentUrl\":\"https:\\\/\\\/www.key-devices.com\\\/wp-content\\\/uploads\\\/Jlr-fast-start.jpg\",\"width\":1152,\"height\":2048,\"caption\":\"Jlr fast start\"},{\"@type\":\"BreadcrumbList\",\"@id\":\"https:\\\/\\\/www.key-devices.com\\\/product\\\/jlr-fast-start\\\/#breadcrumb\",\"itemListElement\":[{\"@type\":\"ListItem\",\"position\":1,\"name\":\"Home\",\"item\":\"https:\\\/\\\/www.key-devices.com\\\/\"},{\"@type\":\"ListItem\",\"position\":2,\"name\":\"Shop\",\"item\":\"https:\\\/\\\/www.key-devices.com\\\/shop\\\/\"},{\"@type\":\"ListItem\",\"position\":3,\"name\":\"Jlr fast start\"}]},{\"@type\":\"WebSite\",\"@id\":\"https:\\\/\\\/www.key-devices.com\\\/#website\",\"url\":\"https:\\\/\\\/www.key-devices.com\\\/\",\"name\":\"KEY DEVICES\",\"description\":\"\",\"publisher\":{\"@id\":\"https:\\\/\\\/www.key-devices.com\\\/#organization\"},\"potentialAction\":[{\"@type\":\"SearchAction\",\"target\":{\"@type\":\"EntryPoint\",\"urlTemplate\":\"https:\\\/\\\/www.key-devices.com\\\/?s={search_term_string}\"},\"query-input\":{\"@type\":\"PropertyValueSpecification\",\"valueRequired\":true,\"valueName\":\"search_term_string\"}}],\"inLanguage\":\"de\"},{\"@type\":[\"Organization\",\"Place\"],\"@id\":\"https:\\\/\\\/www.key-devices.com\\\/#organization\",\"name\":\"Key Devices\",\"url\":\"https:\\\/\\\/www.key-devices.com\\\/\",\"logo\":{\"@id\":\"https:\\\/\\\/www.key-devices.com\\\/product\\\/jlr-fast-start\\\/#local-main-organization-logo\"},\"image\":{\"@id\":\"https:\\\/\\\/www.key-devices.com\\\/product\\\/jlr-fast-start\\\/#local-main-organization-logo\"},\"legalName\":\"Key Devices\",\"telephone\":[],\"openingHoursSpecification\":[{\"@type\":\"OpeningHoursSpecification\",\"dayOfWeek\":[\"Monday\",\"Tuesday\",\"Wednesday\",\"Thursday\",\"Friday\",\"Saturday\",\"Sunday\"],\"opens\":\"09:00\",\"closes\":\"17:00\"}]},{\"@type\":\"ImageObject\",\"inLanguage\":\"de\",\"@id\":\"https:\\\/\\\/www.key-devices.com\\\/product\\\/jlr-fast-start\\\/#local-main-organization-logo\",\"url\":\"https:\\\/\\\/www.key-devices.com\\\/wp-content\\\/uploads\\\/cropped-Key-Devices-Logo-official-.png\",\"contentUrl\":\"https:\\\/\\\/www.key-devices.com\\\/wp-content\\\/uploads\\\/cropped-Key-Devices-Logo-official-.png\",\"width\":512,\"height\":512,\"caption\":\"Key Devices\"}]}<\/script>\n<meta property=\"product:price:currency\" content=\"EUR\" \/>\n<meta property=\"og:availability\" content=\"instock\" \/>\n<meta property=\"product:availability\" content=\"instock\" \/>\n<meta property=\"product:retailer_item_id\" content=\"2788\" \/>\n<meta property=\"product:condition\" content=\"new\" \/>\n<!-- \/ Yoast SEO Premium plugin. -->","yoast_head_json":{"title":"Jlr schnell-start - Schl\u00fcssel-Programmierer - 07.55.98.64.05","description":"Jlr schnell-start, die besten Verk\u00e4ufer, die beginnen, jlr in paar secondProgrammer DIAG v10.59++JLR Notfall start-Motor und Schl\u00fcssel Programmierer","robots":{"index":"index","follow":"follow","max-snippet":"max-snippet:-1","max-image-preview":"max-image-preview:large","max-video-preview":"max-video-preview:-1"},"canonical":"https:\/\/www.key-devices.com\/de\/product\/jlr-fast-start\/","og_locale":"de_DE","og_type":"article","og_title":"Jlr fast start","og_description":"Jlr fast start, the best seller that start any jlr in couple of secondProgrammer DIAG v10.59++JLR emergency start engine and key programmer","og_url":"https:\/\/www.key-devices.com\/de\/product\/jlr-fast-start\/","og_site_name":"KEY DEVICES","article_modified_time":"2025-09-09T09:36:59+00:00","og_image":[{"width":1152,"height":2048,"url":"https:\/\/www.key-devices.com\/wp-content\/uploads\/Jlr-fast-start.jpg","type":"image\/jpeg"}],"twitter_card":"summary_large_image","twitter_misc":{"Preis":"","Verf\u00fcgbarkeit":"Auf Lager"},"schema":{"@context":"https:\/\/schema.org","@graph":[{"@type":"WebPage","@id":"https:\/\/www.key-devices.com\/product\/jlr-fast-start\/","url":"https:\/\/www.key-devices.com\/product\/jlr-fast-start\/","name":"Jlr schnell-start - Schl\u00fcssel-Programmierer - 07.55.98.64.05","isPartOf":{"@id":"https:\/\/www.key-devices.com\/#website"},"primaryImageOfPage":{"@id":"https:\/\/www.key-devices.com\/product\/jlr-fast-start\/#primaryimage"},"image":{"@id":"https:\/\/www.key-devices.com\/product\/jlr-fast-start\/#primaryimage"},"thumbnailUrl":"https:\/\/www.key-devices.com\/wp-content\/uploads\/Jlr-fast-start.jpg","datePublished":"2025-09-09T09:16:04+00:00","dateModified":"2025-09-09T09:36:59+00:00","description":"Jlr schnell-start, die besten Verk\u00e4ufer, die beginnen, jlr in paar secondProgrammer DIAG v10.59++JLR Notfall start-Motor und Schl\u00fcssel Programmierer","breadcrumb":{"@id":"https:\/\/www.key-devices.com\/product\/jlr-fast-start\/#breadcrumb"},"inLanguage":"de","potentialAction":[{"@type":"ReadAction","target":["https:\/\/www.key-devices.com\/product\/jlr-fast-start\/"]}]},{"@type":"ImageObject","inLanguage":"de","@id":"https:\/\/www.key-devices.com\/product\/jlr-fast-start\/#primaryimage","url":"https:\/\/www.key-devices.com\/wp-content\/uploads\/Jlr-fast-start.jpg","contentUrl":"https:\/\/www.key-devices.com\/wp-content\/uploads\/Jlr-fast-start.jpg","width":1152,"height":2048,"caption":"Jlr fast start"},{"@type":"BreadcrumbList","@id":"https:\/\/www.key-devices.com\/product\/jlr-fast-start\/#breadcrumb","itemListElement":[{"@type":"ListItem","position":1,"name":"Home","item":"https:\/\/www.key-devices.com\/"},{"@type":"ListItem","position":2,"name":"Shop","item":"https:\/\/www.key-devices.com\/shop\/"},{"@type":"ListItem","position":3,"name":"Jlr fast start"}]},{"@type":"WebSite","@id":"https:\/\/www.key-devices.com\/#website","url":"https:\/\/www.key-devices.com\/","name":"SCHL\u00dcSSELGER\u00c4TE","description":"","publisher":{"@id":"https:\/\/www.key-devices.com\/#organization"},"potentialAction":[{"@type":"SearchAction","target":{"@type":"EntryPoint","urlTemplate":"https:\/\/www.key-devices.com\/?s={search_term_string}"},"query-input":{"@type":"PropertyValueSpecification","valueRequired":true,"valueName":"search_term_string"}}],"inLanguage":"de"},{"@type":["Organization","Place"],"@id":"https:\/\/www.key-devices.com\/#organization","name":"Wichtige Ger\u00e4te","url":"https:\/\/www.key-devices.com\/","logo":{"@id":"https:\/\/www.key-devices.com\/product\/jlr-fast-start\/#local-main-organization-logo"},"image":{"@id":"https:\/\/www.key-devices.com\/product\/jlr-fast-start\/#local-main-organization-logo"},"legalName":"Key Devices","telephone":[],"openingHoursSpecification":[{"@type":"OpeningHoursSpecification","dayOfWeek":["Monday","Tuesday","Wednesday","Thursday","Friday","Saturday","Sunday"],"opens":"09:00","closes":"17:00"}]},{"@type":"ImageObject","inLanguage":"de","@id":"https:\/\/www.key-devices.com\/product\/jlr-fast-start\/#local-main-organization-logo","url":"https:\/\/www.key-devices.com\/wp-content\/uploads\/cropped-Key-Devices-Logo-official-.png","contentUrl":"https:\/\/www.key-devices.com\/wp-content\/uploads\/cropped-Key-Devices-Logo-official-.png","width":512,"height":512,"caption":"Key Devices"}]},"product_price_currency":"EUR","og_availability":"instock","product_availability":"instock","product_retailer_item_id":"2788","product_condition":"new"},"jetpack_sharing_enabled":true,"_links":{"self":[{"href":"https:\/\/www.key-devices.com\/de\/wp-json\/wp\/v2\/product\/11201","targetHints":{"allow":["GET"]}}],"collection":[{"href":"https:\/\/www.key-devices.com\/de\/wp-json\/wp\/v2\/product"}],"about":[{"href":"https:\/\/www.key-devices.com\/de\/wp-json\/wp\/v2\/types\/product"}],"replies":[{"embeddable":true,"href":"https:\/\/www.key-devices.com\/de\/wp-json\/wp\/v2\/comments?post=11201"}],"wp:featuredmedia":[{"embeddable":true,"href":"https:\/\/www.key-devices.com\/de\/wp-json\/wp\/v2\/media\/11202"}],"wp:attachment":[{"href":"https:\/\/www.key-devices.com\/de\/wp-json\/wp\/v2\/media?parent=11201"}],"wp:term":[{"taxonomy":"product_brand","embeddable":true,"href":"https:\/\/www.key-devices.com\/de\/wp-json\/wp\/v2\/product_brand?post=11201"},{"taxonomy":"product_cat","embeddable":true,"href":"https:\/\/www.key-devices.com\/de\/wp-json\/wp\/v2\/product_cat?post=11201"},{"taxonomy":"product_tag","embeddable":true,"href":"https:\/\/www.key-devices.com\/de\/wp-json\/wp\/v2\/product_tag?post=11201"},{"taxonomy":"vehicles","embeddable":true,"href":"https:\/\/www.key-devices.com\/de\/wp-json\/wp\/v2\/vehicles?post=11201"}],"curies":[{"name":"wp","href":"https:\/\/api.w.org\/{rel}","templated":true}]}}