{"id":11206,"date":"2025-09-09T11:54:27","date_gmt":"2025-09-09T09:54:27","guid":{"rendered":"https:\/\/www.key-devices.com\/?post_type=product&#038;p=11206"},"modified":"2025-09-09T14:03:41","modified_gmt":"2025-09-09T12:03:41","slug":"alfa-romeo-2016-2022-key-programmer","status":"publish","type":"product","link":"https:\/\/www.key-devices.com\/de\/product\/alfa-romeo-2016-2022-key-programmer\/","title":{"rendered":"Alfa Romeo 2016-2022 Schl\u00fcssel Programmierer"},"content":{"rendered":"<h1 style=\"text-align: center;\">Alfa Romeo 2016-2022 Schl\u00fcssel Programmierer<\/h1>\n<p>&nbsp;<\/p>\n<h2 style=\"text-align: center;\">ALFA ROMEO<\/h2>\n<ul>\n<li>Alphard \/ Vellfire 2023+ BA\n<div dir=\"ltr\"><\/div>\n<\/li>\n<li>\n<div dir=\"ltr\">Giulia 16-22<\/div>\n<div dir=\"ltr\"><\/div>\n<\/li>\n<li>\n<div dir=\"ltr\">Stelvio 16-22<\/div>\n<div dir=\"ltr\"><\/div>\n<\/li>\n<li>\n<div dir=\"ltr\">Cherokee -2018<\/div>\n<\/li>\n<\/ul>\n<div dir=\"ltr\">\u00d6ffnen Sie &#034;start&#034; echten Schl\u00fcssel von au\u00dferhalb der Auto, einfach Stecker schnelle Verbindung offenen Wagen und Entwaffnen Auto in Sekunden und f\u00fchren Sie dann die keyprograming im Auto dieses tool nicht l\u00f6schen, original Schl\u00fcssel hinzuf\u00fcgen Ersatz Schl\u00fcssel auch alle Schl\u00fcssel verloren situation<\/div>\n<div dir=\"ltr\"><\/div>\n<div dir=\"ltr\">Sehr gut f\u00fcr Schlosser und italienische Autos L\u00fcfter genie\u00dfen<\/div>\n<p>&nbsp;<\/p>\n<p><span style=\"color: #ff0000;\">* UNSERE GER\u00c4TE WERDEN NUR F\u00dcR DEN DIENSTLICHEN UND PRIVATEN GEBRAUCH VERKAUFT. WIR SIND NICHT F\u00dcR DEN BETR\u00dcGERISCHEN ODER RECHTSWIDRIGEN GEBRAUCH DER AN SIE VERKAUFTEN AUSR\u00dcSTUNG VERANTWORTLICH.<\/span><\/p>","protected":false},"excerpt":{"rendered":"<h2 style=\"text-align: center;\">ALFA ROMEO<\/h2>\n<ul>\n<li>Alphard \/ Vellfire 2023+ BA<\/li>\n<li>\n<div dir=\"ltr\">Giulia 16-22<\/div>\n<\/li>\n<li>\n<div dir=\"ltr\">Stelvio 16-22<\/div>\n<\/li>\n<li>\n<div dir=\"ltr\">Cherokee -2018<\/div>\n<\/li>\n<\/ul>\n<div dir=\"ltr\">\u00d6ffnen Sie &#034;start&#034; echten Schl\u00fcssel von au\u00dferhalb der Auto, einfach Stecker schnelle Verbindung offenen Wagen und Entwaffnen Auto in Sekunden und f\u00fchren Sie dann die keyprograming im Auto dieses tool nicht l\u00f6schen, original Schl\u00fcssel hinzuf\u00fcgen Ersatz Schl\u00fcssel auch alle Schl\u00fcssel verloren situation<\/div>\n<div dir=\"ltr\"><\/div>\n<div dir=\"ltr\">Sehr gut f\u00fcr Schlosser und italienische Autos L\u00fcfter genie\u00dfen<\/div>\n<p>&nbsp;<\/p>","protected":false},"featured_media":11207,"comment_status":"open","ping_status":"closed","template":"","meta":{"_monsterinsights_skip_tracking":false,"_monsterinsights_sitenote_active":false,"_monsterinsights_sitenote_note":"","_monsterinsights_sitenote_category":0},"product_brand":[1159],"product_cat":[516],"product_tag":[1222],"vehicles":[],"class_list":{"0":"post-11206","1":"product","2":"type-product","3":"status-publish","4":"has-post-thumbnail","6":"product_brand-alfa-romeo","7":"product_cat-key-programmer","8":"product_tag-alphard-vellfire-2023-ba-giulia-16-22-stelvio-16-22-cherokee-2018","10":"first","11":"instock","12":"featured","13":"shipping-taxable","14":"product-type-simple"},"yoast_head":"<!-- This site is optimized with the Yoast SEO Premium plugin v25.5 (Yoast SEO v27.4) - https:\/\/yoast.com\/product\/yoast-seo-premium-wordpress\/ -->\n<title>Alfa Romeo 2016-2022 key programmer - Call : 07.55.98.64.05<\/title>\n<meta name=\"description\" content=\"Alfa Romeo 2016-2022 key programmer, Open start make real key from outside of the car easy plug fast connection open car and disarm car in seconds then...\" \/>\n<meta name=\"robots\" content=\"index, follow, max-snippet:-1, max-image-preview:large, max-video-preview:-1\" \/>\n<link rel=\"canonical\" href=\"https:\/\/www.key-devices.com\/de\/product\/alfa-romeo-2016-2022-key-programmer\/\" \/>\n<meta property=\"og:locale\" content=\"de_DE\" \/>\n<meta property=\"og:type\" content=\"article\" \/>\n<meta property=\"og:title\" content=\"Alfa Romeo 2016-2022 key programmer\" \/>\n<meta property=\"og:description\" content=\"Alfa Romeo 2016-2022 key programmer, Open start make real key from outside of the car easy plug fast connection open car and disarm car in seconds then...\" \/>\n<meta property=\"og:url\" content=\"https:\/\/www.key-devices.com\/de\/product\/alfa-romeo-2016-2022-key-programmer\/\" \/>\n<meta property=\"og:site_name\" content=\"KEY DEVICES\" \/>\n<meta property=\"article:modified_time\" content=\"2025-09-09T12:03:41+00:00\" \/>\n<meta property=\"og:image\" content=\"https:\/\/www.key-devices.com\/wp-content\/uploads\/Alfa-Romeo-2016-2022-key-prog.jpg\" \/>\n\t<meta property=\"og:image:width\" content=\"1536\" \/>\n\t<meta property=\"og:image:height\" content=\"2048\" \/>\n\t<meta property=\"og:image:type\" content=\"image\/jpeg\" \/>\n<meta name=\"twitter:card\" content=\"summary_large_image\" \/>\n<meta name=\"twitter:label1\" content=\"Preis\" \/>\n\t<meta name=\"twitter:data1\" content=\"\" \/>\n\t<meta name=\"twitter:label2\" content=\"Verf\u00fcgbarkeit\" \/>\n\t<meta name=\"twitter:data2\" content=\"Auf Lager\" \/>\n<script type=\"application\/ld+json\" class=\"yoast-schema-graph\">{\"@context\":\"https:\\\/\\\/schema.org\",\"@graph\":[{\"@type\":\"WebPage\",\"@id\":\"https:\\\/\\\/www.key-devices.com\\\/product\\\/alfa-romeo-2016-2022-key-programmer\\\/\",\"url\":\"https:\\\/\\\/www.key-devices.com\\\/product\\\/alfa-romeo-2016-2022-key-programmer\\\/\",\"name\":\"Alfa Romeo 2016-2022 key programmer - Call : 07.55.98.64.05\",\"isPartOf\":{\"@id\":\"https:\\\/\\\/www.key-devices.com\\\/#website\"},\"primaryImageOfPage\":{\"@id\":\"https:\\\/\\\/www.key-devices.com\\\/product\\\/alfa-romeo-2016-2022-key-programmer\\\/#primaryimage\"},\"image\":{\"@id\":\"https:\\\/\\\/www.key-devices.com\\\/product\\\/alfa-romeo-2016-2022-key-programmer\\\/#primaryimage\"},\"thumbnailUrl\":\"https:\\\/\\\/www.key-devices.com\\\/wp-content\\\/uploads\\\/Alfa-Romeo-2016-2022-key-prog.jpg\",\"datePublished\":\"2025-09-09T09:54:27+00:00\",\"dateModified\":\"2025-09-09T12:03:41+00:00\",\"description\":\"Alfa Romeo 2016-2022 key programmer, Open start make real key from outside of the car easy plug fast connection open car and disarm car in seconds then...\",\"breadcrumb\":{\"@id\":\"https:\\\/\\\/www.key-devices.com\\\/product\\\/alfa-romeo-2016-2022-key-programmer\\\/#breadcrumb\"},\"inLanguage\":\"de\",\"potentialAction\":[{\"@type\":\"ReadAction\",\"target\":[\"https:\\\/\\\/www.key-devices.com\\\/product\\\/alfa-romeo-2016-2022-key-programmer\\\/\"]}]},{\"@type\":\"ImageObject\",\"inLanguage\":\"de\",\"@id\":\"https:\\\/\\\/www.key-devices.com\\\/product\\\/alfa-romeo-2016-2022-key-programmer\\\/#primaryimage\",\"url\":\"https:\\\/\\\/www.key-devices.com\\\/wp-content\\\/uploads\\\/Alfa-Romeo-2016-2022-key-prog.jpg\",\"contentUrl\":\"https:\\\/\\\/www.key-devices.com\\\/wp-content\\\/uploads\\\/Alfa-Romeo-2016-2022-key-prog.jpg\",\"width\":1536,\"height\":2048,\"caption\":\"Alfa Romeo 2016-2022 key prog\"},{\"@type\":\"BreadcrumbList\",\"@id\":\"https:\\\/\\\/www.key-devices.com\\\/product\\\/alfa-romeo-2016-2022-key-programmer\\\/#breadcrumb\",\"itemListElement\":[{\"@type\":\"ListItem\",\"position\":1,\"name\":\"Home\",\"item\":\"https:\\\/\\\/www.key-devices.com\\\/\"},{\"@type\":\"ListItem\",\"position\":2,\"name\":\"Shop\",\"item\":\"https:\\\/\\\/www.key-devices.com\\\/shop\\\/\"},{\"@type\":\"ListItem\",\"position\":3,\"name\":\"Alfa Romeo 2016-2022 key programmer\"}]},{\"@type\":\"WebSite\",\"@id\":\"https:\\\/\\\/www.key-devices.com\\\/#website\",\"url\":\"https:\\\/\\\/www.key-devices.com\\\/\",\"name\":\"KEY DEVICES\",\"description\":\"\",\"publisher\":{\"@id\":\"https:\\\/\\\/www.key-devices.com\\\/#organization\"},\"potentialAction\":[{\"@type\":\"SearchAction\",\"target\":{\"@type\":\"EntryPoint\",\"urlTemplate\":\"https:\\\/\\\/www.key-devices.com\\\/?s={search_term_string}\"},\"query-input\":{\"@type\":\"PropertyValueSpecification\",\"valueRequired\":true,\"valueName\":\"search_term_string\"}}],\"inLanguage\":\"de\"},{\"@type\":[\"Organization\",\"Place\"],\"@id\":\"https:\\\/\\\/www.key-devices.com\\\/#organization\",\"name\":\"Key Devices\",\"url\":\"https:\\\/\\\/www.key-devices.com\\\/\",\"logo\":{\"@id\":\"https:\\\/\\\/www.key-devices.com\\\/product\\\/alfa-romeo-2016-2022-key-programmer\\\/#local-main-organization-logo\"},\"image\":{\"@id\":\"https:\\\/\\\/www.key-devices.com\\\/product\\\/alfa-romeo-2016-2022-key-programmer\\\/#local-main-organization-logo\"},\"legalName\":\"Key Devices\",\"telephone\":[],\"openingHoursSpecification\":[{\"@type\":\"OpeningHoursSpecification\",\"dayOfWeek\":[\"Monday\",\"Tuesday\",\"Wednesday\",\"Thursday\",\"Friday\",\"Saturday\",\"Sunday\"],\"opens\":\"09:00\",\"closes\":\"17:00\"}]},{\"@type\":\"ImageObject\",\"inLanguage\":\"de\",\"@id\":\"https:\\\/\\\/www.key-devices.com\\\/product\\\/alfa-romeo-2016-2022-key-programmer\\\/#local-main-organization-logo\",\"url\":\"https:\\\/\\\/www.key-devices.com\\\/wp-content\\\/uploads\\\/cropped-Key-Devices-Logo-official-.png\",\"contentUrl\":\"https:\\\/\\\/www.key-devices.com\\\/wp-content\\\/uploads\\\/cropped-Key-Devices-Logo-official-.png\",\"width\":512,\"height\":512,\"caption\":\"Key Devices\"}]}<\/script>\n<meta property=\"product:price:currency\" content=\"EUR\" \/>\n<meta property=\"og:availability\" content=\"instock\" \/>\n<meta property=\"product:availability\" content=\"instock\" \/>\n<meta property=\"product:retailer_item_id\" content=\"2790\" \/>\n<meta property=\"product:condition\" content=\"new\" \/>\n<!-- \/ Yoast SEO Premium plugin. -->","yoast_head_json":{"title":"Alfa Romeo 2016-2022-Schl\u00fcssel-Programmierer - Call : 07.55.98.64.05","description":"Alfa Romeo 2016-2022 Schl\u00fcssel Programmierer, \u00d6ffnen Sie anfangen, stellen Sie echte Schl\u00fcssel von au\u00dferhalb der Auto, einfach Stecker schnelle Verbindung offenen Wagen und Entwaffnen Auto in Sekunden und dann...","robots":{"index":"index","follow":"follow","max-snippet":"max-snippet:-1","max-image-preview":"max-image-preview:large","max-video-preview":"max-video-preview:-1"},"canonical":"https:\/\/www.key-devices.com\/de\/product\/alfa-romeo-2016-2022-key-programmer\/","og_locale":"de_DE","og_type":"article","og_title":"Alfa Romeo 2016-2022 key programmer","og_description":"Alfa Romeo 2016-2022 key programmer, Open start make real key from outside of the car easy plug fast connection open car and disarm car in seconds then...","og_url":"https:\/\/www.key-devices.com\/de\/product\/alfa-romeo-2016-2022-key-programmer\/","og_site_name":"KEY DEVICES","article_modified_time":"2025-09-09T12:03:41+00:00","og_image":[{"width":1536,"height":2048,"url":"https:\/\/www.key-devices.com\/wp-content\/uploads\/Alfa-Romeo-2016-2022-key-prog.jpg","type":"image\/jpeg"}],"twitter_card":"summary_large_image","twitter_misc":{"Preis":"","Verf\u00fcgbarkeit":"Auf Lager"},"schema":{"@context":"https:\/\/schema.org","@graph":[{"@type":"WebPage","@id":"https:\/\/www.key-devices.com\/product\/alfa-romeo-2016-2022-key-programmer\/","url":"https:\/\/www.key-devices.com\/product\/alfa-romeo-2016-2022-key-programmer\/","name":"Alfa Romeo 2016-2022-Schl\u00fcssel-Programmierer - Call : 07.55.98.64.05","isPartOf":{"@id":"https:\/\/www.key-devices.com\/#website"},"primaryImageOfPage":{"@id":"https:\/\/www.key-devices.com\/product\/alfa-romeo-2016-2022-key-programmer\/#primaryimage"},"image":{"@id":"https:\/\/www.key-devices.com\/product\/alfa-romeo-2016-2022-key-programmer\/#primaryimage"},"thumbnailUrl":"https:\/\/www.key-devices.com\/wp-content\/uploads\/Alfa-Romeo-2016-2022-key-prog.jpg","datePublished":"2025-09-09T09:54:27+00:00","dateModified":"2025-09-09T12:03:41+00:00","description":"Alfa Romeo 2016-2022 Schl\u00fcssel Programmierer, \u00d6ffnen Sie anfangen, stellen Sie echte Schl\u00fcssel von au\u00dferhalb der Auto, einfach Stecker schnelle Verbindung offenen Wagen und Entwaffnen Auto in Sekunden und dann...","breadcrumb":{"@id":"https:\/\/www.key-devices.com\/product\/alfa-romeo-2016-2022-key-programmer\/#breadcrumb"},"inLanguage":"de","potentialAction":[{"@type":"ReadAction","target":["https:\/\/www.key-devices.com\/product\/alfa-romeo-2016-2022-key-programmer\/"]}]},{"@type":"ImageObject","inLanguage":"de","@id":"https:\/\/www.key-devices.com\/product\/alfa-romeo-2016-2022-key-programmer\/#primaryimage","url":"https:\/\/www.key-devices.com\/wp-content\/uploads\/Alfa-Romeo-2016-2022-key-prog.jpg","contentUrl":"https:\/\/www.key-devices.com\/wp-content\/uploads\/Alfa-Romeo-2016-2022-key-prog.jpg","width":1536,"height":2048,"caption":"Alfa Romeo 2016-2022 key prog"},{"@type":"BreadcrumbList","@id":"https:\/\/www.key-devices.com\/product\/alfa-romeo-2016-2022-key-programmer\/#breadcrumb","itemListElement":[{"@type":"ListItem","position":1,"name":"Home","item":"https:\/\/www.key-devices.com\/"},{"@type":"ListItem","position":2,"name":"Shop","item":"https:\/\/www.key-devices.com\/shop\/"},{"@type":"ListItem","position":3,"name":"Alfa Romeo 2016-2022 key programmer"}]},{"@type":"WebSite","@id":"https:\/\/www.key-devices.com\/#website","url":"https:\/\/www.key-devices.com\/","name":"SCHL\u00dcSSELGER\u00c4TE","description":"","publisher":{"@id":"https:\/\/www.key-devices.com\/#organization"},"potentialAction":[{"@type":"SearchAction","target":{"@type":"EntryPoint","urlTemplate":"https:\/\/www.key-devices.com\/?s={search_term_string}"},"query-input":{"@type":"PropertyValueSpecification","valueRequired":true,"valueName":"search_term_string"}}],"inLanguage":"de"},{"@type":["Organization","Place"],"@id":"https:\/\/www.key-devices.com\/#organization","name":"Wichtige Ger\u00e4te","url":"https:\/\/www.key-devices.com\/","logo":{"@id":"https:\/\/www.key-devices.com\/product\/alfa-romeo-2016-2022-key-programmer\/#local-main-organization-logo"},"image":{"@id":"https:\/\/www.key-devices.com\/product\/alfa-romeo-2016-2022-key-programmer\/#local-main-organization-logo"},"legalName":"Key Devices","telephone":[],"openingHoursSpecification":[{"@type":"OpeningHoursSpecification","dayOfWeek":["Monday","Tuesday","Wednesday","Thursday","Friday","Saturday","Sunday"],"opens":"09:00","closes":"17:00"}]},{"@type":"ImageObject","inLanguage":"de","@id":"https:\/\/www.key-devices.com\/product\/alfa-romeo-2016-2022-key-programmer\/#local-main-organization-logo","url":"https:\/\/www.key-devices.com\/wp-content\/uploads\/cropped-Key-Devices-Logo-official-.png","contentUrl":"https:\/\/www.key-devices.com\/wp-content\/uploads\/cropped-Key-Devices-Logo-official-.png","width":512,"height":512,"caption":"Key Devices"}]},"product_price_currency":"EUR","og_availability":"instock","product_availability":"instock","product_retailer_item_id":"2790","product_condition":"new"},"jetpack_sharing_enabled":true,"_links":{"self":[{"href":"https:\/\/www.key-devices.com\/de\/wp-json\/wp\/v2\/product\/11206","targetHints":{"allow":["GET"]}}],"collection":[{"href":"https:\/\/www.key-devices.com\/de\/wp-json\/wp\/v2\/product"}],"about":[{"href":"https:\/\/www.key-devices.com\/de\/wp-json\/wp\/v2\/types\/product"}],"replies":[{"embeddable":true,"href":"https:\/\/www.key-devices.com\/de\/wp-json\/wp\/v2\/comments?post=11206"}],"wp:featuredmedia":[{"embeddable":true,"href":"https:\/\/www.key-devices.com\/de\/wp-json\/wp\/v2\/media\/11207"}],"wp:attachment":[{"href":"https:\/\/www.key-devices.com\/de\/wp-json\/wp\/v2\/media?parent=11206"}],"wp:term":[{"taxonomy":"product_brand","embeddable":true,"href":"https:\/\/www.key-devices.com\/de\/wp-json\/wp\/v2\/product_brand?post=11206"},{"taxonomy":"product_cat","embeddable":true,"href":"https:\/\/www.key-devices.com\/de\/wp-json\/wp\/v2\/product_cat?post=11206"},{"taxonomy":"product_tag","embeddable":true,"href":"https:\/\/www.key-devices.com\/de\/wp-json\/wp\/v2\/product_tag?post=11206"},{"taxonomy":"vehicles","embeddable":true,"href":"https:\/\/www.key-devices.com\/de\/wp-json\/wp\/v2\/vehicles?post=11206"}],"curies":[{"name":"wp","href":"https:\/\/api.w.org\/{rel}","templated":true}]}}