{"id":11298,"date":"2025-09-16T10:37:55","date_gmt":"2025-09-16T08:37:55","guid":{"rendered":"https:\/\/www.key-devices.com\/?post_type=product&#038;p=11298"},"modified":"2025-09-16T10:56:44","modified_gmt":"2025-09-16T08:56:44","slug":"kia-hyundai-2018-2024-key-programmer","status":"publish","type":"product","link":"https:\/\/www.key-devices.com\/de\/product\/kia-hyundai-2018-2024-key-programmer\/","title":{"rendered":"Kia Hyundai 2018-2024 Schl\u00fcsselprogrammierer"},"content":{"rendered":"<h1 style=\"text-align: center;\">Kia Hyundai 2018-2024 Schl\u00fcsselprogrammierer<\/h1>\n<p>&nbsp;<\/p>\n<p>Das KPP-Ger\u00e4t ist f\u00fcr die Programmierung von Schl\u00fcsseln f\u00fcr Fahrzeuge der Marken KIA, HYUNDAI und GENESIS ab Baujahr 2018 bis heute konzipiert.<\/p>\n<p>In dieser Version werden nur Keyless-Go-Systeme unterst\u00fctzt, weitere werden mit dem Update hinzugef\u00fcgt.<\/p>\n<p>Dokumente :<\/p>\n<p><a href=\"https:\/\/www.key-devices.com\/wp-content\/uploads\/KKP_eng.pdf\">Kia Hyundai 2018-2024\u00a0<\/a><\/p>\n<p>&nbsp;<\/p>\n<p><span style=\"color: #ff0000;\">* UNSERE GER\u00c4TE WERDEN NUR F\u00dcR DEN DIENSTLICHEN UND PRIVATEN GEBRAUCH VERKAUFT. WIR SIND NICHT F\u00dcR DEN BETR\u00dcGERISCHEN ODER RECHTSWIDRIGEN GEBRAUCH DER AN SIE VERKAUFTEN AUSR\u00dcSTUNG VERANTWORTLICH.<\/span><\/p>","protected":false},"excerpt":{"rendered":"<p>Das KPP-Ger\u00e4t ist f\u00fcr die Programmierung von Schl\u00fcsseln f\u00fcr Fahrzeuge der Marken KIA, HYUNDAI und GENESIS ab Baujahr 2018 bis heute konzipiert.<\/p>\n<p>In dieser Version werden nur Keyless-Go-Systeme unterst\u00fctzt, weitere werden mit dem Update hinzugef\u00fcgt.<\/p>\n<p>Dokumente :<\/p>\n<p><a href=\"https:\/\/www.key-devices.com\/wp-content\/uploads\/KKP_eng.pdf\">Kia Hyundai 2018-2024<\/a><\/p>","protected":false},"featured_media":11299,"comment_status":"open","ping_status":"closed","template":"","meta":{"_monsterinsights_skip_tracking":false,"_monsterinsights_sitenote_active":false,"_monsterinsights_sitenote_note":"","_monsterinsights_sitenote_category":0},"product_brand":[1212,1211],"product_cat":[516],"product_tag":[1237],"vehicles":[],"class_list":{"0":"post-11298","1":"product","2":"type-product","3":"status-publish","4":"has-post-thumbnail","6":"product_brand-hyundai","7":"product_brand-kia","8":"product_cat-key-programmer","9":"product_tag-alfa-romeo-2016-2025-key-programmer","11":"first","12":"instock","13":"featured","14":"shipping-taxable","15":"product-type-simple"},"yoast_head":"<!-- This site is optimized with the Yoast SEO Premium plugin v25.5 (Yoast SEO v27.4) - https:\/\/yoast.com\/product\/yoast-seo-premium-wordpress\/ -->\n<title>Kia Hyundai 2018-2024 key programmer - Call : 07.55.98.64.05<\/title>\n<meta name=\"description\" content=\"Kia Hyundai 2018-2024 key programmer, the KPP device is designed to program keys to KIA, HYUNDAI and GENESIS vehicles manufactured from 2018t to the present\" \/>\n<meta name=\"robots\" content=\"index, follow, max-snippet:-1, max-image-preview:large, max-video-preview:-1\" \/>\n<link rel=\"canonical\" href=\"https:\/\/www.key-devices.com\/de\/product\/kia-hyundai-2018-2024-key-programmer\/\" \/>\n<meta property=\"og:locale\" content=\"de_DE\" \/>\n<meta property=\"og:type\" content=\"article\" \/>\n<meta property=\"og:title\" content=\"Kia Hyundai 2018-2024 key programmer\" \/>\n<meta property=\"og:description\" content=\"Kia Hyundai 2018-2024 key programmer, the KPP device is designed to program keys to KIA, HYUNDAI and GENESIS vehicles manufactured from 2018t to the present\" \/>\n<meta property=\"og:url\" content=\"https:\/\/www.key-devices.com\/de\/product\/kia-hyundai-2018-2024-key-programmer\/\" \/>\n<meta property=\"og:site_name\" content=\"KEY DEVICES\" \/>\n<meta property=\"article:modified_time\" content=\"2025-09-16T08:56:44+00:00\" \/>\n<meta property=\"og:image\" content=\"https:\/\/www.key-devices.com\/wp-content\/uploads\/Kia-Hyundai-2018-2024-key-programmer.jpg\" \/>\n\t<meta property=\"og:image:width\" content=\"1105\" \/>\n\t<meta property=\"og:image:height\" content=\"996\" \/>\n\t<meta property=\"og:image:type\" content=\"image\/jpeg\" \/>\n<meta name=\"twitter:card\" content=\"summary_large_image\" \/>\n<meta name=\"twitter:label1\" content=\"Preis\" \/>\n\t<meta name=\"twitter:data1\" content=\"\" \/>\n\t<meta name=\"twitter:label2\" content=\"Verf\u00fcgbarkeit\" \/>\n\t<meta name=\"twitter:data2\" content=\"Auf Lager\" \/>\n<script type=\"application\/ld+json\" class=\"yoast-schema-graph\">{\"@context\":\"https:\\\/\\\/schema.org\",\"@graph\":[{\"@type\":\"WebPage\",\"@id\":\"https:\\\/\\\/www.key-devices.com\\\/product\\\/kia-hyundai-2018-2024-key-programmer\\\/\",\"url\":\"https:\\\/\\\/www.key-devices.com\\\/product\\\/kia-hyundai-2018-2024-key-programmer\\\/\",\"name\":\"Kia Hyundai 2018-2024 key programmer - Call : 07.55.98.64.05\",\"isPartOf\":{\"@id\":\"https:\\\/\\\/www.key-devices.com\\\/#website\"},\"primaryImageOfPage\":{\"@id\":\"https:\\\/\\\/www.key-devices.com\\\/product\\\/kia-hyundai-2018-2024-key-programmer\\\/#primaryimage\"},\"image\":{\"@id\":\"https:\\\/\\\/www.key-devices.com\\\/product\\\/kia-hyundai-2018-2024-key-programmer\\\/#primaryimage\"},\"thumbnailUrl\":\"https:\\\/\\\/www.key-devices.com\\\/wp-content\\\/uploads\\\/Kia-Hyundai-2018-2024-key-programmer.jpg\",\"datePublished\":\"2025-09-16T08:37:55+00:00\",\"dateModified\":\"2025-09-16T08:56:44+00:00\",\"description\":\"Kia Hyundai 2018-2024 key programmer, the KPP device is designed to program keys to KIA, HYUNDAI and GENESIS vehicles manufactured from 2018t to the present\",\"breadcrumb\":{\"@id\":\"https:\\\/\\\/www.key-devices.com\\\/product\\\/kia-hyundai-2018-2024-key-programmer\\\/#breadcrumb\"},\"inLanguage\":\"de\",\"potentialAction\":[{\"@type\":\"ReadAction\",\"target\":[\"https:\\\/\\\/www.key-devices.com\\\/product\\\/kia-hyundai-2018-2024-key-programmer\\\/\"]}]},{\"@type\":\"ImageObject\",\"inLanguage\":\"de\",\"@id\":\"https:\\\/\\\/www.key-devices.com\\\/product\\\/kia-hyundai-2018-2024-key-programmer\\\/#primaryimage\",\"url\":\"https:\\\/\\\/www.key-devices.com\\\/wp-content\\\/uploads\\\/Kia-Hyundai-2018-2024-key-programmer.jpg\",\"contentUrl\":\"https:\\\/\\\/www.key-devices.com\\\/wp-content\\\/uploads\\\/Kia-Hyundai-2018-2024-key-programmer.jpg\",\"width\":1105,\"height\":996,\"caption\":\"Kia Hyundai 2018-2024 key programmer\"},{\"@type\":\"BreadcrumbList\",\"@id\":\"https:\\\/\\\/www.key-devices.com\\\/product\\\/kia-hyundai-2018-2024-key-programmer\\\/#breadcrumb\",\"itemListElement\":[{\"@type\":\"ListItem\",\"position\":1,\"name\":\"Home\",\"item\":\"https:\\\/\\\/www.key-devices.com\\\/\"},{\"@type\":\"ListItem\",\"position\":2,\"name\":\"Shop\",\"item\":\"https:\\\/\\\/www.key-devices.com\\\/shop\\\/\"},{\"@type\":\"ListItem\",\"position\":3,\"name\":\"Kia Hyundai 2018-2024 key programmer\"}]},{\"@type\":\"WebSite\",\"@id\":\"https:\\\/\\\/www.key-devices.com\\\/#website\",\"url\":\"https:\\\/\\\/www.key-devices.com\\\/\",\"name\":\"KEY DEVICES\",\"description\":\"\",\"publisher\":{\"@id\":\"https:\\\/\\\/www.key-devices.com\\\/#organization\"},\"potentialAction\":[{\"@type\":\"SearchAction\",\"target\":{\"@type\":\"EntryPoint\",\"urlTemplate\":\"https:\\\/\\\/www.key-devices.com\\\/?s={search_term_string}\"},\"query-input\":{\"@type\":\"PropertyValueSpecification\",\"valueRequired\":true,\"valueName\":\"search_term_string\"}}],\"inLanguage\":\"de\"},{\"@type\":[\"Organization\",\"Place\"],\"@id\":\"https:\\\/\\\/www.key-devices.com\\\/#organization\",\"name\":\"Key Devices\",\"url\":\"https:\\\/\\\/www.key-devices.com\\\/\",\"logo\":{\"@id\":\"https:\\\/\\\/www.key-devices.com\\\/product\\\/kia-hyundai-2018-2024-key-programmer\\\/#local-main-organization-logo\"},\"image\":{\"@id\":\"https:\\\/\\\/www.key-devices.com\\\/product\\\/kia-hyundai-2018-2024-key-programmer\\\/#local-main-organization-logo\"},\"legalName\":\"Key Devices\",\"telephone\":[],\"openingHoursSpecification\":[{\"@type\":\"OpeningHoursSpecification\",\"dayOfWeek\":[\"Monday\",\"Tuesday\",\"Wednesday\",\"Thursday\",\"Friday\",\"Saturday\",\"Sunday\"],\"opens\":\"09:00\",\"closes\":\"17:00\"}]},{\"@type\":\"ImageObject\",\"inLanguage\":\"de\",\"@id\":\"https:\\\/\\\/www.key-devices.com\\\/product\\\/kia-hyundai-2018-2024-key-programmer\\\/#local-main-organization-logo\",\"url\":\"https:\\\/\\\/www.key-devices.com\\\/wp-content\\\/uploads\\\/cropped-Key-Devices-Logo-official-.png\",\"contentUrl\":\"https:\\\/\\\/www.key-devices.com\\\/wp-content\\\/uploads\\\/cropped-Key-Devices-Logo-official-.png\",\"width\":512,\"height\":512,\"caption\":\"Key Devices\"}]}<\/script>\n<meta property=\"product:price:currency\" content=\"EUR\" \/>\n<meta property=\"og:availability\" content=\"instock\" \/>\n<meta property=\"product:availability\" content=\"instock\" \/>\n<meta property=\"product:retailer_item_id\" content=\"2795-1\" \/>\n<meta property=\"product:condition\" content=\"new\" \/>\n<!-- \/ Yoast SEO Premium plugin. -->","yoast_head_json":{"title":"Kia Hyundai 2018-2024 Schl\u00fcsselprogrammierer - Rufen Sie an: 07.55.98.64.05","description":"Kia Hyundai 2018-2024 Schl\u00fcsselprogrammierer, das KPP-Ger\u00e4t ist f\u00fcr die Programmierung von Schl\u00fcsseln f\u00fcr KIA-, HYUNDAI- und GENESIS-Fahrzeuge ab Baujahr 2018 bis heute konzipiert","robots":{"index":"index","follow":"follow","max-snippet":"max-snippet:-1","max-image-preview":"max-image-preview:large","max-video-preview":"max-video-preview:-1"},"canonical":"https:\/\/www.key-devices.com\/de\/product\/kia-hyundai-2018-2024-key-programmer\/","og_locale":"de_DE","og_type":"article","og_title":"Kia Hyundai 2018-2024 key programmer","og_description":"Kia Hyundai 2018-2024 key programmer, the KPP device is designed to program keys to KIA, HYUNDAI and GENESIS vehicles manufactured from 2018t to the present","og_url":"https:\/\/www.key-devices.com\/de\/product\/kia-hyundai-2018-2024-key-programmer\/","og_site_name":"KEY DEVICES","article_modified_time":"2025-09-16T08:56:44+00:00","og_image":[{"width":1105,"height":996,"url":"https:\/\/www.key-devices.com\/wp-content\/uploads\/Kia-Hyundai-2018-2024-key-programmer.jpg","type":"image\/jpeg"}],"twitter_card":"summary_large_image","twitter_misc":{"Preis":"","Verf\u00fcgbarkeit":"Auf Lager"},"schema":{"@context":"https:\/\/schema.org","@graph":[{"@type":"WebPage","@id":"https:\/\/www.key-devices.com\/product\/kia-hyundai-2018-2024-key-programmer\/","url":"https:\/\/www.key-devices.com\/product\/kia-hyundai-2018-2024-key-programmer\/","name":"Kia Hyundai 2018-2024 Schl\u00fcsselprogrammierer - Rufen Sie an: 07.55.98.64.05","isPartOf":{"@id":"https:\/\/www.key-devices.com\/#website"},"primaryImageOfPage":{"@id":"https:\/\/www.key-devices.com\/product\/kia-hyundai-2018-2024-key-programmer\/#primaryimage"},"image":{"@id":"https:\/\/www.key-devices.com\/product\/kia-hyundai-2018-2024-key-programmer\/#primaryimage"},"thumbnailUrl":"https:\/\/www.key-devices.com\/wp-content\/uploads\/Kia-Hyundai-2018-2024-key-programmer.jpg","datePublished":"2025-09-16T08:37:55+00:00","dateModified":"2025-09-16T08:56:44+00:00","description":"Kia Hyundai 2018-2024 Schl\u00fcsselprogrammierer, das KPP-Ger\u00e4t ist f\u00fcr die Programmierung von Schl\u00fcsseln f\u00fcr KIA-, HYUNDAI- und GENESIS-Fahrzeuge ab Baujahr 2018 bis heute konzipiert","breadcrumb":{"@id":"https:\/\/www.key-devices.com\/product\/kia-hyundai-2018-2024-key-programmer\/#breadcrumb"},"inLanguage":"de","potentialAction":[{"@type":"ReadAction","target":["https:\/\/www.key-devices.com\/product\/kia-hyundai-2018-2024-key-programmer\/"]}]},{"@type":"ImageObject","inLanguage":"de","@id":"https:\/\/www.key-devices.com\/product\/kia-hyundai-2018-2024-key-programmer\/#primaryimage","url":"https:\/\/www.key-devices.com\/wp-content\/uploads\/Kia-Hyundai-2018-2024-key-programmer.jpg","contentUrl":"https:\/\/www.key-devices.com\/wp-content\/uploads\/Kia-Hyundai-2018-2024-key-programmer.jpg","width":1105,"height":996,"caption":"Kia Hyundai 2018-2024 key programmer"},{"@type":"BreadcrumbList","@id":"https:\/\/www.key-devices.com\/product\/kia-hyundai-2018-2024-key-programmer\/#breadcrumb","itemListElement":[{"@type":"ListItem","position":1,"name":"Home","item":"https:\/\/www.key-devices.com\/"},{"@type":"ListItem","position":2,"name":"Shop","item":"https:\/\/www.key-devices.com\/shop\/"},{"@type":"ListItem","position":3,"name":"Kia Hyundai 2018-2024 key programmer"}]},{"@type":"WebSite","@id":"https:\/\/www.key-devices.com\/#website","url":"https:\/\/www.key-devices.com\/","name":"SCHL\u00dcSSELGER\u00c4TE","description":"","publisher":{"@id":"https:\/\/www.key-devices.com\/#organization"},"potentialAction":[{"@type":"SearchAction","target":{"@type":"EntryPoint","urlTemplate":"https:\/\/www.key-devices.com\/?s={search_term_string}"},"query-input":{"@type":"PropertyValueSpecification","valueRequired":true,"valueName":"search_term_string"}}],"inLanguage":"de"},{"@type":["Organization","Place"],"@id":"https:\/\/www.key-devices.com\/#organization","name":"Wichtige Ger\u00e4te","url":"https:\/\/www.key-devices.com\/","logo":{"@id":"https:\/\/www.key-devices.com\/product\/kia-hyundai-2018-2024-key-programmer\/#local-main-organization-logo"},"image":{"@id":"https:\/\/www.key-devices.com\/product\/kia-hyundai-2018-2024-key-programmer\/#local-main-organization-logo"},"legalName":"Key Devices","telephone":[],"openingHoursSpecification":[{"@type":"OpeningHoursSpecification","dayOfWeek":["Monday","Tuesday","Wednesday","Thursday","Friday","Saturday","Sunday"],"opens":"09:00","closes":"17:00"}]},{"@type":"ImageObject","inLanguage":"de","@id":"https:\/\/www.key-devices.com\/product\/kia-hyundai-2018-2024-key-programmer\/#local-main-organization-logo","url":"https:\/\/www.key-devices.com\/wp-content\/uploads\/cropped-Key-Devices-Logo-official-.png","contentUrl":"https:\/\/www.key-devices.com\/wp-content\/uploads\/cropped-Key-Devices-Logo-official-.png","width":512,"height":512,"caption":"Key Devices"}]},"product_price_currency":"EUR","og_availability":"instock","product_availability":"instock","product_retailer_item_id":"2795-1","product_condition":"new"},"jetpack_sharing_enabled":true,"_links":{"self":[{"href":"https:\/\/www.key-devices.com\/de\/wp-json\/wp\/v2\/product\/11298","targetHints":{"allow":["GET"]}}],"collection":[{"href":"https:\/\/www.key-devices.com\/de\/wp-json\/wp\/v2\/product"}],"about":[{"href":"https:\/\/www.key-devices.com\/de\/wp-json\/wp\/v2\/types\/product"}],"replies":[{"embeddable":true,"href":"https:\/\/www.key-devices.com\/de\/wp-json\/wp\/v2\/comments?post=11298"}],"wp:featuredmedia":[{"embeddable":true,"href":"https:\/\/www.key-devices.com\/de\/wp-json\/wp\/v2\/media\/11299"}],"wp:attachment":[{"href":"https:\/\/www.key-devices.com\/de\/wp-json\/wp\/v2\/media?parent=11298"}],"wp:term":[{"taxonomy":"product_brand","embeddable":true,"href":"https:\/\/www.key-devices.com\/de\/wp-json\/wp\/v2\/product_brand?post=11298"},{"taxonomy":"product_cat","embeddable":true,"href":"https:\/\/www.key-devices.com\/de\/wp-json\/wp\/v2\/product_cat?post=11298"},{"taxonomy":"product_tag","embeddable":true,"href":"https:\/\/www.key-devices.com\/de\/wp-json\/wp\/v2\/product_tag?post=11298"},{"taxonomy":"vehicles","embeddable":true,"href":"https:\/\/www.key-devices.com\/de\/wp-json\/wp\/v2\/vehicles?post=11298"}],"curies":[{"name":"wp","href":"https:\/\/api.w.org\/{rel}","templated":true}]}}