{"id":11301,"date":"2025-09-16T10:57:49","date_gmt":"2025-09-16T08:57:49","guid":{"rendered":"https:\/\/www.key-devices.com\/?post_type=product&#038;p=11301"},"modified":"2025-09-16T11:05:24","modified_gmt":"2025-09-16T09:05:24","slug":"keydevice-bmw-f-serie","status":"publish","type":"product","link":"https:\/\/www.key-devices.com\/de\/product\/keydevice-bmw-f-serie\/","title":{"rendered":"Schl\u00fcsselger\u00e4t BMW F-Serie"},"content":{"rendered":"<h1 style=\"text-align: center;\">Schl\u00fcsselger\u00e4t BMW F-Serie<\/h1>\n<p>&nbsp;<\/p>\n<div dir=\"ltr\">BKP2 \u2013 BMW KEY PROG 2<\/div>\n<div dir=\"ltr\"><\/div>\n<div dir=\"ltr\">Neue BKP2 stand-alone Schl\u00fcssel Programmierer f\u00fcr BMW F-Serie Autos ausgestattet mit CAS-Steuerger\u00e4t mit EWS4 (CAS4) und EWS5 (CAS4+) - Systeme. Ger\u00e4te, die verwendet high-speed-interne ENET-Netzwerk, um Zugriff auf Schl\u00fcssel-Programmierung. Die Programmierung dauert 2 Minuten f\u00fcr CAS4 (EWS4) und 8 Minuten f\u00fcr die DME+CAS4 (EWS5).<\/div>\n<div dir=\"ltr\">!!! 9078 von DME-firmware-Typen unterst\u00fctzt.<\/div>\n<div dir=\"ltr\"><\/div>\n<div dir=\"ltr\">Liste der Fahrzeuge unterst\u00fctzt (LCI-facelift\/restyle):<\/div>\n<div dir=\"ltr\"><\/div>\n<ul>\n<li dir=\"ltr\">\u00a05&#039; F07 GT (09\/2008 \u2014 06\/2013)<\/li>\n<li dir=\"ltr\">\u00a05&#039; F07 GT LCI (08\/2012 \u2014 02\/2017)<\/li>\n<li dir=\"ltr\">\u00a05&#039; F10 (01\/2009 \u2014 10\/2016)<\/li>\n<li dir=\"ltr\">\u00a05&#039; F10 LCI (08\/2012 \u2014 10\/2016)<\/li>\n<li dir=\"ltr\">\u00a05&#039; F11 (01\/2009 \u2014 06\/2013) Schr\u00e4gheck<\/li>\n<li dir=\"ltr\">\u00a05&#039; F11 LCI (08\/2012 \u2014 02\/2017)<\/li>\n<li dir=\"ltr\">\u00a05&#039; F18 (08\/2009 \u2014 08\/2013) &#034;Lange f\u00fcr den chinesischen Markt&#034;<\/li>\n<li dir=\"ltr\">\u00a05&#039; F18 LCI (10\/2012 \u2014 04\/2017) &#034;Lange f\u00fcr den chinesischen Markt&#034;<\/li>\n<li dir=\"ltr\">\u00a06&#039; F06 Gran Coup\u00e9 (05\/2011 \u2014 03\/2015)<\/li>\n<li dir=\"ltr\">\u00a06&#039; F06 Gran Coup\u00e9 LCI (05\/2014 \u2014 09\/2018)<\/li>\n<li dir=\"ltr\">6&#039; F12 (10\/2009 \u2014 02\/2015) Cabrio<\/li>\n<li dir=\"ltr\">\u00a06&#039; F12 LCI (05\/2014 \u2014 05\/2018)<\/li>\n<li dir=\"ltr\">\u00a06&#039; F13 (03\/2010 \u2014 02\/2015)<\/li>\n<li dir=\"ltr\">\u00a06&#039; F13 LCI (05\/2014 \u2014 10\/2017)<\/li>\n<li dir=\"ltr\">\u00a07&#039; F01 (06\/2007 \u2014 06\/2012)<\/li>\n<li dir=\"ltr\">\u00a07&#039; F01 LCI (05\/2011 \u2014 05\/2015)<\/li>\n<li dir=\"ltr\">\u00a07&#039; F02 (07\/2007 \u2014 06\/2012)<\/li>\n<li dir=\"ltr\">7&#039; F02 LCI (05\/2011 \u2014 05\/2015)<\/li>\n<li dir=\"ltr\">\u00a07&#039; F03 (04\/2008 \u2014 05\/2012)<\/li>\n<li dir=\"ltr\">\u00a07&#039; F03 LCI (01\/2012 \u2014 03\/2015)<\/li>\n<li dir=\"ltr\">\u00a07&#039; F04 Hybrid (10\/2008 \u2014 06\/2012)<\/li>\n<li dir=\"ltr\">\u00a0X3 F25 (06\/2009 \u2014 08\/2017)<\/li>\n<li dir=\"ltr\">\u00a0X4 F26 (05\/2013 \u2014 03\/2018)<\/li>\n<li dir=\"ltr\">\u00a0Rolls-Royce Ghost RR4 (08\/2008 \u2014 11\/2019)<\/li>\n<li dir=\"ltr\">\u00a0Rolls-Royce Wraith RR5 (11\/2012 \u2014 12\/2019)<\/li>\n<li dir=\"ltr\">\u00a0Rolls-Royce Dawn RR6 (04\/2015 \u2014 11\/2019)<\/li>\n<\/ul>\n<div dir=\"ltr\">Beschreibung:<\/div>\n<div dir=\"ltr\"><\/div>\n<div dir=\"ltr\">1. \u00d6ffnen die Auto T\u00fcr mit einem mechanischen Schl\u00fcssel oder Turbodecoder HU100R Lock pick.<\/div>\n<div dir=\"ltr\">2. Stecken Sie das BKP2 Programmierer in die ODB Diagnose Buchse. Die ROTE LED auf der<\/div>\n<div dir=\"ltr\">Programmierer wird Licht up, was darauf hinweist, dass es ist eine 12V Spannung an den OBD-Stecker.<\/div>\n<div dir=\"ltr\">3. BKP2 wird emittieren eine beep-signal anzeigt, dass der high-speed-ENET-bus arbeitet (eventuell m\u00fcssen Sie die START-Taste dr\u00fccken oder die Bremse pedal zu wake up die Fahrzeug-Netzwerk). BKP2<\/div>\n<div dir=\"ltr\">schalten Sie die Z\u00fcndung und das Auto wird &#034;geweckt&#034;.<\/div>\n<div dir=\"ltr\">4. Wenn die standard-alarm ausgel\u00f6st wird (eine rote LED-Anzeige blinkt unter die rear-view mirror), dr\u00fccken Sie<\/div>\n<div dir=\"ltr\">die Bordcomputer-Taste, um es auszuschalten.<\/div>\n<div dir=\"ltr\">5. Wenn CAS4 EWS5-system im Auto installiert, aber das Ger\u00e4t nicht notwendigen firmwares f\u00fcr<\/div>\n<div dir=\"ltr\">Programmierung, h\u00f6ren Sie die Sprachnachricht &#034;Unit-version wird nicht unterst\u00fctzt&#034; \u2013 es bedeutet, dass diese software-version unterst\u00fctzt derzeit nicht den Schl\u00fcssel Programmierung Funktion und Hinzugef\u00fcgt werden BKP2 in den n\u00e4chsten updare<\/div>\n<div dir=\"ltr\">BKP2<\/div>\n<div dir=\"ltr\">6. Wenn die Fahrzeug-software-version unterst\u00fctzen, werden Sie h\u00f6ren die Meldung \u201cDas Ger\u00e4t wird programmiert. Bitte warten Sie.&#034;, und BKP2 wird die Programmierung der elektronischen Ger\u00e4te \u00fcber die high-speed-ENET-bus. Die Programmierung dauert 2 Minuten f\u00fcr CAS4 (EWS4) und 8 Minuten f\u00fcr die DME+CAS4 (EWS5).<\/div>\n<div dir=\"ltr\">7. Wenn die Programmierung der Ger\u00e4te ist abgeschlossen, h\u00f6ren Sie einen doppelten beep-beep-und ein voice-Nachricht \u201cHalten Sie den Schl\u00fcssel von der Lenks\u00e4ule. Schl\u00fcssel Frequenz-xxx MHz. \u201c<\/div>\n<div dir=\"ltr\">8. Es gibt f\u00fcnf verschiedene Schl\u00fcssel-Versionen \u2013 315 MHz, 315 MHz &#034;Low-Power&#034; -, 434 MHz, 434 MHz f\u00fcr den koreanischen Markt, 868 MHz. Nur der richtige Schl\u00fcssel geben k\u00f6nnen programmiert werden in die Auto. Als Beispiel, ist es unm\u00f6glich, das Programm 434MHz Schl\u00fcssel in ein Auto, ausger\u00fcstet mit 868MHz-Tasten. H\u00f6ren Sie sorgf\u00e4ltig auf die Ansagen der BKP2.<\/div>\n<div dir=\"ltr\">9. Halten Sie den richtigen key von der Lenks\u00e4ule, wo der Schl\u00fcssel reader installiert ist. (Bild mit Schl\u00fcssel-logo auf der Lenks\u00e4ule).<\/div>\n<div dir=\"ltr\">10. Wenn der Schl\u00fcssel nicht fit das Auto, h\u00f6ren Sie eine Nachricht f\u00fcr was Grund die Schl\u00fcssel passte nicht. F\u00fcr eine erfolgreiche Schl\u00fcssel-Programmierung \u2013 bringen Sie die richtige Taste.<\/div>\n<div dir=\"ltr\">11. Wenn der Schl\u00fcssel passt, h\u00f6ren Sie einen dreifachen Piepton-piep-piep-sound. Halten Sie die-Taste, um die Lenks\u00e4ule, die Schl\u00fcssel Programmierung betr\u00e4gt f\u00fcnf Sekunden. Wenn der Schl\u00fcssel erfolgreich programmiert wurde, h\u00f6ren Sie die Sprachnachricht &#034;Der Schl\u00fcssel erfolgreich programmiert wurde&#034; und ein langer beep \u2013 beeeeeep.<\/div>\n<div dir=\"ltr\"><\/div>\n<div dir=\"ltr\">Wichtige Informationen:<\/div>\n<div dir=\"ltr\"><\/div>\n<div dir=\"ltr\">1. Nutzung des Ger\u00e4tes f\u00fcr kriminelle Handlungen ist untersagt.<\/div>\n<div dir=\"ltr\">2. W\u00e4hlen Sie immer den richtigen Schl\u00fcssel, mit VIN. W\u00e4hlen Sie immer den echten Schl\u00fcssel. Wenn Keyless-option nicht<\/div>\n<div dir=\"ltr\">arbeiten nach der Programmierung \u2013 Schl\u00fcssel hat falsche Frequenz.<\/div>\n<div dir=\"ltr\">3. Wenn die CAS-und DME sind bereits programmiert und nicht gesperrt \u2013 keine neu-Programmierung<\/div>\n<div dir=\"ltr\">erforderlich, BKP2 geht sofort auf den Schl\u00fcssel schreiben Funktion.<\/div>\n<div dir=\"ltr\">4. Insgesamt 8 Tasten k\u00f6nnen programmiert werden in CAS4.<\/div>\n<div dir=\"ltr\">5. Ger\u00e4t nicht l\u00f6schen gespeicherter Schl\u00fcssel von CAS-Speicher.<\/div>\n<div dir=\"ltr\">6. Programmierte Tasten nicht gesperrt und kann wiederverwendet werden.<\/div>\n<div dir=\"ltr\">7. Wenn alle free key tracks werden gesperrt, die als &#034;verloren&#034; \u2013 BKP2 entsperrt das erste freie Bahn, und schreibt die<\/div>\n<div dir=\"ltr\">- Taste, um es.<\/div>\n<div dir=\"ltr\">8. Wenn BKP2 sagt: &#034;Der Schl\u00fcssel ist, nicht geschrieben&#034;, ist der Schl\u00fcssel f\u00fcr ein solches Auto nicht programmiert werden. Ein<\/div>\n<div dir=\"ltr\">m\u00f6gliche Ursache ist eine leere Batterie im Auto, die selbst verursachte Sch\u00e4den an der Einheit Speicher w\u00e4hrend der Programmierung. Schlie\u00dfen Sie immer einen zus\u00e4tzlichen Akku oder eine externe Stromquelle f\u00fcr Fahrzeuge, die haben nicht verwendet f\u00fcr eine lange Zeit.<\/div>\n<div dir=\"ltr\">9. Wenn Sie ein Auto dran war oder extra Optionen wurden entfernt oder ver\u00e4ndert werden (EGR, etc.), Ger\u00e4t stellt original-Fabrik firmware und alle die abgestimmt Optionen verloren gehen.<\/div>\n<div dir=\"ltr\">10. Wenn die CAS hat bereits programmiert, nicht-Fabrik-firmware, die Programmierung kann scheitern, und das CAS-Ger\u00e4t wiederhergestellt werden m\u00fcssen.<\/div>\n<div dir=\"ltr\">11. Entfernen Sie niemals BKP2 w\u00e4hrend der Programmierung session \u2013 hohes Risiko von Sch\u00e4den an Fahrzeug ECU. Wenn BKP2 entfernt wurde, aus OBD vor dem Ende des ECU-Programmierung, wenn Sie wieder die BKP2, ein Versuch wird unternommen werden, die Wiederherstellung der besch\u00e4digten elektronischen Bauteile des Fahrzeugs aus dem backup. Wenn BKP2 angeschlossen ist, ein anderes Auto, die backup-Daten von der vorherigen Fahrzeug gel\u00f6scht werden.<\/div>\n<p>&nbsp;<\/p>\n<p>&nbsp;<\/p>\n<p><span style=\"color: #ff0000;\">* UNSERE GER\u00c4TE WERDEN NUR F\u00dcR DEN DIENSTLICHEN UND PRIVATEN GEBRAUCH VERKAUFT. WIR SIND NICHT F\u00dcR DEN BETR\u00dcGERISCHEN ODER RECHTSWIDRIGEN GEBRAUCH DER AN SIE VERKAUFTEN AUSR\u00dcSTUNG VERANTWORTLICH.<\/span><\/p>","protected":false},"excerpt":{"rendered":"<div dir=\"ltr\">BKP2 \u2013 BMW KEY PROG 2<\/div>\n<div dir=\"ltr\"><\/div>\n<div dir=\"ltr\">Neue BKP2 stand-alone Schl\u00fcssel Programmierer f\u00fcr BMW F-Serie Autos ausgestattet mit CAS-Steuerger\u00e4t mit EWS4 (CAS4) und EWS5 (CAS4+) - Systeme. Ger\u00e4te, die verwendet high-speed-interne ENET-Netzwerk, um Zugriff auf Schl\u00fcssel-Programmierung. Die Programmierung dauert 2 Minuten f\u00fcr CAS4 (EWS4) und 8 Minuten f\u00fcr die DME+CAS4 (EWS5).<\/div>\n<div dir=\"ltr\">!!! 9078 von DME-firmware-Typen unterst\u00fctzt.<\/div>\n<div dir=\"ltr\"><\/div>\n<div dir=\"ltr\">Liste der Fahrzeuge unterst\u00fctzt (LCI-facelift\/restyle):<\/div>\n<div dir=\"ltr\"><\/div>\n<ul>\n<li dir=\"ltr\">\u00a05&#039; F07 GT (09\/2008 \u2014 06\/2013)<\/li>\n<li dir=\"ltr\">\u00a05&#039; F07 GT LCI (08\/2012 \u2014 02\/2017)<\/li>\n<li dir=\"ltr\">\u00a05&#039; F10 (01\/2009 \u2014 10\/2016)<\/li>\n<li dir=\"ltr\">\u00a05&#039; F10 LCI (08\/2012 \u2014 10\/2016)<\/li>\n<li dir=\"ltr\">\u00a05&#039; F11 (01\/2009 \u2014 06\/2013) Schr\u00e4gheck<\/li>\n<li dir=\"ltr\">\u00a05&#039; F11 LCI (08\/2012 \u2014 02\/2017)<\/li>\n<li dir=\"ltr\">\u00a05&#039; F18 (08\/2009 \u2014 08\/2013) &#034;Lange f\u00fcr den chinesischen Markt&#034;<\/li>\n<li dir=\"ltr\">\u00a05&#039; F18 LCI (10\/2012 \u2014 04\/2017) &#034;Lange f\u00fcr den chinesischen Markt&#034;<\/li>\n<li dir=\"ltr\">\u00a06&#039; F06 Gran Coup\u00e9 (05\/2011 \u2014 03\/2015)<\/li>\n<li dir=\"ltr\">\u00a06&#039; F06 Gran Coup\u00e9 LCI (05\/2014 \u2014 09\/2018)<\/li>\n<li dir=\"ltr\">6&#039; F12 (10\/2009 \u2014 02\/2015) Cabrio<\/li>\n<li dir=\"ltr\">\u00a06&#039; F12 LCI (05\/2014 \u2014 05\/2018)<\/li>\n<li dir=\"ltr\">\u00a06&#039; F13 (03\/2010 \u2014 02\/2015)<\/li>\n<li dir=\"ltr\">\u00a06&#039; F13 LCI (05\/2014 \u2014 10\/2017)<\/li>\n<li dir=\"ltr\">\u00a07&#039; F01 (06\/2007 \u2014 06\/2012)<\/li>\n<li dir=\"ltr\">\u00a07&#039; F01 LCI (05\/2011 \u2014 05\/2015)<\/li>\n<li dir=\"ltr\">\u00a07&#039; F02 (07\/2007 \u2014 06\/2012)<\/li>\n<li dir=\"ltr\">7&#039; F02 LCI (05\/2011 \u2014 05\/2015)<\/li>\n<li dir=\"ltr\">\u00a07&#039; F03 (04\/2008 \u2014 05\/2012)<\/li>\n<li dir=\"ltr\">\u00a07&#039; F03 LCI (01\/2012 \u2014 03\/2015)<\/li>\n<li dir=\"ltr\">\u00a07&#039; F04 Hybrid (10\/2008 \u2014 06\/2012)<\/li>\n<li dir=\"ltr\">\u00a0X3 F25 (06\/2009 \u2014 08\/2017)<\/li>\n<li dir=\"ltr\">\u00a0X4 F26 (05\/2013 \u2014 03\/2018)<\/li>\n<li dir=\"ltr\">\u00a0Rolls-Royce Ghost RR4 (08\/2008 \u2014 11\/2019)<\/li>\n<li dir=\"ltr\">\u00a0Rolls-Royce Wraith RR5 (11\/2012 \u2014 12\/2019)<\/li>\n<li dir=\"ltr\">\u00a0Rolls-Royce Dawn RR6 (04\/2015 \u2014 11\/2019)<\/li>\n<\/ul>\n<p>&nbsp;<\/p>","protected":false},"featured_media":11302,"comment_status":"open","ping_status":"closed","template":"","meta":{"_monsterinsights_skip_tracking":false,"_monsterinsights_sitenote_active":false,"_monsterinsights_sitenote_note":"","_monsterinsights_sitenote_category":0},"product_brand":[1171,1238],"product_cat":[516],"product_tag":[1237,1239],"vehicles":[],"class_list":{"0":"post-11301","1":"product","2":"type-product","3":"status-publish","4":"has-post-thumbnail","6":"product_brand-bmw","7":"product_brand-rolls-royce","8":"product_cat-key-programmer","9":"product_tag-alfa-romeo-2016-2025-key-programmer","10":"product_tag-keydevice-bmw-f-serie","12":"first","13":"instock","14":"featured","15":"shipping-taxable","16":"product-type-simple"},"yoast_head":"<!-- This site is optimized with the Yoast SEO Premium plugin v25.5 (Yoast SEO v27.4) - https:\/\/yoast.com\/product\/yoast-seo-premium-wordpress\/ -->\n<title>Keydevice Bmw F Serie - Call : 07.55.98.64.05<\/title>\n<meta name=\"description\" content=\"Keydevice Bmw F Serie, New BKP2 stand-alone key programmer for BMW F-series cars equipped with CAS ECU with EWS4 (CAS4) and EWS5 (CAS4+) systems...\" \/>\n<meta name=\"robots\" content=\"index, follow, max-snippet:-1, max-image-preview:large, max-video-preview:-1\" \/>\n<link rel=\"canonical\" href=\"https:\/\/www.key-devices.com\/de\/product\/keydevice-bmw-f-serie\/\" \/>\n<meta property=\"og:locale\" content=\"de_DE\" \/>\n<meta property=\"og:type\" content=\"article\" \/>\n<meta property=\"og:title\" content=\"Keydevice Bmw F Serie\" \/>\n<meta property=\"og:description\" content=\"Keydevice Bmw F Serie, New BKP2 stand-alone key programmer for BMW F-series cars equipped with CAS ECU with EWS4 (CAS4) and EWS5 (CAS4+) systems...\" \/>\n<meta property=\"og:url\" content=\"https:\/\/www.key-devices.com\/de\/product\/keydevice-bmw-f-serie\/\" \/>\n<meta property=\"og:site_name\" content=\"KEY DEVICES\" \/>\n<meta property=\"article:modified_time\" content=\"2025-09-16T09:05:24+00:00\" \/>\n<meta property=\"og:image\" content=\"https:\/\/www.key-devices.com\/wp-content\/uploads\/Keydevice-Bmw-F-Serie.jpg\" \/>\n\t<meta property=\"og:image:width\" content=\"960\" \/>\n\t<meta property=\"og:image:height\" content=\"1280\" \/>\n\t<meta property=\"og:image:type\" content=\"image\/jpeg\" \/>\n<meta name=\"twitter:card\" content=\"summary_large_image\" \/>\n<meta name=\"twitter:label1\" content=\"Preis\" \/>\n\t<meta name=\"twitter:data1\" content=\"\" \/>\n\t<meta name=\"twitter:label2\" content=\"Verf\u00fcgbarkeit\" \/>\n\t<meta name=\"twitter:data2\" content=\"Auf Lager\" \/>\n<script type=\"application\/ld+json\" class=\"yoast-schema-graph\">{\"@context\":\"https:\\\/\\\/schema.org\",\"@graph\":[{\"@type\":\"WebPage\",\"@id\":\"https:\\\/\\\/www.key-devices.com\\\/product\\\/keydevice-bmw-f-serie\\\/\",\"url\":\"https:\\\/\\\/www.key-devices.com\\\/product\\\/keydevice-bmw-f-serie\\\/\",\"name\":\"Keydevice Bmw F Serie - Call : 07.55.98.64.05\",\"isPartOf\":{\"@id\":\"https:\\\/\\\/www.key-devices.com\\\/#website\"},\"primaryImageOfPage\":{\"@id\":\"https:\\\/\\\/www.key-devices.com\\\/product\\\/keydevice-bmw-f-serie\\\/#primaryimage\"},\"image\":{\"@id\":\"https:\\\/\\\/www.key-devices.com\\\/product\\\/keydevice-bmw-f-serie\\\/#primaryimage\"},\"thumbnailUrl\":\"https:\\\/\\\/www.key-devices.com\\\/wp-content\\\/uploads\\\/Keydevice-Bmw-F-Serie.jpg\",\"datePublished\":\"2025-09-16T08:57:49+00:00\",\"dateModified\":\"2025-09-16T09:05:24+00:00\",\"description\":\"Keydevice Bmw F Serie, New BKP2 stand-alone key programmer for BMW F-series cars equipped with CAS ECU with EWS4 (CAS4) and EWS5 (CAS4+) systems...\",\"breadcrumb\":{\"@id\":\"https:\\\/\\\/www.key-devices.com\\\/product\\\/keydevice-bmw-f-serie\\\/#breadcrumb\"},\"inLanguage\":\"de\",\"potentialAction\":[{\"@type\":\"ReadAction\",\"target\":[\"https:\\\/\\\/www.key-devices.com\\\/product\\\/keydevice-bmw-f-serie\\\/\"]}]},{\"@type\":\"ImageObject\",\"inLanguage\":\"de\",\"@id\":\"https:\\\/\\\/www.key-devices.com\\\/product\\\/keydevice-bmw-f-serie\\\/#primaryimage\",\"url\":\"https:\\\/\\\/www.key-devices.com\\\/wp-content\\\/uploads\\\/Keydevice-Bmw-F-Serie.jpg\",\"contentUrl\":\"https:\\\/\\\/www.key-devices.com\\\/wp-content\\\/uploads\\\/Keydevice-Bmw-F-Serie.jpg\",\"width\":960,\"height\":1280,\"caption\":\"Keydevice Bmw F Serie\"},{\"@type\":\"BreadcrumbList\",\"@id\":\"https:\\\/\\\/www.key-devices.com\\\/product\\\/keydevice-bmw-f-serie\\\/#breadcrumb\",\"itemListElement\":[{\"@type\":\"ListItem\",\"position\":1,\"name\":\"Home\",\"item\":\"https:\\\/\\\/www.key-devices.com\\\/\"},{\"@type\":\"ListItem\",\"position\":2,\"name\":\"Shop\",\"item\":\"https:\\\/\\\/www.key-devices.com\\\/shop\\\/\"},{\"@type\":\"ListItem\",\"position\":3,\"name\":\"Keydevice Bmw F Serie\"}]},{\"@type\":\"WebSite\",\"@id\":\"https:\\\/\\\/www.key-devices.com\\\/#website\",\"url\":\"https:\\\/\\\/www.key-devices.com\\\/\",\"name\":\"KEY DEVICES\",\"description\":\"\",\"publisher\":{\"@id\":\"https:\\\/\\\/www.key-devices.com\\\/#organization\"},\"potentialAction\":[{\"@type\":\"SearchAction\",\"target\":{\"@type\":\"EntryPoint\",\"urlTemplate\":\"https:\\\/\\\/www.key-devices.com\\\/?s={search_term_string}\"},\"query-input\":{\"@type\":\"PropertyValueSpecification\",\"valueRequired\":true,\"valueName\":\"search_term_string\"}}],\"inLanguage\":\"de\"},{\"@type\":[\"Organization\",\"Place\"],\"@id\":\"https:\\\/\\\/www.key-devices.com\\\/#organization\",\"name\":\"Key Devices\",\"url\":\"https:\\\/\\\/www.key-devices.com\\\/\",\"logo\":{\"@id\":\"https:\\\/\\\/www.key-devices.com\\\/product\\\/keydevice-bmw-f-serie\\\/#local-main-organization-logo\"},\"image\":{\"@id\":\"https:\\\/\\\/www.key-devices.com\\\/product\\\/keydevice-bmw-f-serie\\\/#local-main-organization-logo\"},\"legalName\":\"Key Devices\",\"telephone\":[],\"openingHoursSpecification\":[{\"@type\":\"OpeningHoursSpecification\",\"dayOfWeek\":[\"Monday\",\"Tuesday\",\"Wednesday\",\"Thursday\",\"Friday\",\"Saturday\",\"Sunday\"],\"opens\":\"09:00\",\"closes\":\"17:00\"}]},{\"@type\":\"ImageObject\",\"inLanguage\":\"de\",\"@id\":\"https:\\\/\\\/www.key-devices.com\\\/product\\\/keydevice-bmw-f-serie\\\/#local-main-organization-logo\",\"url\":\"https:\\\/\\\/www.key-devices.com\\\/wp-content\\\/uploads\\\/cropped-Key-Devices-Logo-official-.png\",\"contentUrl\":\"https:\\\/\\\/www.key-devices.com\\\/wp-content\\\/uploads\\\/cropped-Key-Devices-Logo-official-.png\",\"width\":512,\"height\":512,\"caption\":\"Key Devices\"}]}<\/script>\n<meta property=\"product:price:currency\" content=\"EUR\" \/>\n<meta property=\"og:availability\" content=\"instock\" \/>\n<meta property=\"product:availability\" content=\"instock\" \/>\n<meta property=\"product:retailer_item_id\" content=\"2795-1-1\" \/>\n<meta property=\"product:condition\" content=\"new\" \/>\n<!-- \/ Yoast SEO Premium plugin. -->","yoast_head_json":{"title":"Keydevice Bmw F-Serie - Call : 07.55.98.64.05","description":"Keydevice Bmw F Serie, die Neue BKP2 stand-alone Schl\u00fcssel Programmierer f\u00fcr BMW F-Serie Autos ausgestattet mit CAS-Steuerger\u00e4t mit EWS4 (CAS4) und EWS5 (CAS4+) - Systeme...","robots":{"index":"index","follow":"follow","max-snippet":"max-snippet:-1","max-image-preview":"max-image-preview:large","max-video-preview":"max-video-preview:-1"},"canonical":"https:\/\/www.key-devices.com\/de\/product\/keydevice-bmw-f-serie\/","og_locale":"de_DE","og_type":"article","og_title":"Keydevice Bmw F Serie","og_description":"Keydevice Bmw F Serie, New BKP2 stand-alone key programmer for BMW F-series cars equipped with CAS ECU with EWS4 (CAS4) and EWS5 (CAS4+) systems...","og_url":"https:\/\/www.key-devices.com\/de\/product\/keydevice-bmw-f-serie\/","og_site_name":"KEY DEVICES","article_modified_time":"2025-09-16T09:05:24+00:00","og_image":[{"width":960,"height":1280,"url":"https:\/\/www.key-devices.com\/wp-content\/uploads\/Keydevice-Bmw-F-Serie.jpg","type":"image\/jpeg"}],"twitter_card":"summary_large_image","twitter_misc":{"Preis":"","Verf\u00fcgbarkeit":"Auf Lager"},"schema":{"@context":"https:\/\/schema.org","@graph":[{"@type":"WebPage","@id":"https:\/\/www.key-devices.com\/product\/keydevice-bmw-f-serie\/","url":"https:\/\/www.key-devices.com\/product\/keydevice-bmw-f-serie\/","name":"Keydevice Bmw F-Serie - Call : 07.55.98.64.05","isPartOf":{"@id":"https:\/\/www.key-devices.com\/#website"},"primaryImageOfPage":{"@id":"https:\/\/www.key-devices.com\/product\/keydevice-bmw-f-serie\/#primaryimage"},"image":{"@id":"https:\/\/www.key-devices.com\/product\/keydevice-bmw-f-serie\/#primaryimage"},"thumbnailUrl":"https:\/\/www.key-devices.com\/wp-content\/uploads\/Keydevice-Bmw-F-Serie.jpg","datePublished":"2025-09-16T08:57:49+00:00","dateModified":"2025-09-16T09:05:24+00:00","description":"Keydevice Bmw F Serie, die Neue BKP2 stand-alone Schl\u00fcssel Programmierer f\u00fcr BMW F-Serie Autos ausgestattet mit CAS-Steuerger\u00e4t mit EWS4 (CAS4) und EWS5 (CAS4+) - Systeme...","breadcrumb":{"@id":"https:\/\/www.key-devices.com\/product\/keydevice-bmw-f-serie\/#breadcrumb"},"inLanguage":"de","potentialAction":[{"@type":"ReadAction","target":["https:\/\/www.key-devices.com\/product\/keydevice-bmw-f-serie\/"]}]},{"@type":"ImageObject","inLanguage":"de","@id":"https:\/\/www.key-devices.com\/product\/keydevice-bmw-f-serie\/#primaryimage","url":"https:\/\/www.key-devices.com\/wp-content\/uploads\/Keydevice-Bmw-F-Serie.jpg","contentUrl":"https:\/\/www.key-devices.com\/wp-content\/uploads\/Keydevice-Bmw-F-Serie.jpg","width":960,"height":1280,"caption":"Keydevice Bmw F Serie"},{"@type":"BreadcrumbList","@id":"https:\/\/www.key-devices.com\/product\/keydevice-bmw-f-serie\/#breadcrumb","itemListElement":[{"@type":"ListItem","position":1,"name":"Home","item":"https:\/\/www.key-devices.com\/"},{"@type":"ListItem","position":2,"name":"Shop","item":"https:\/\/www.key-devices.com\/shop\/"},{"@type":"ListItem","position":3,"name":"Keydevice Bmw F Serie"}]},{"@type":"WebSite","@id":"https:\/\/www.key-devices.com\/#website","url":"https:\/\/www.key-devices.com\/","name":"SCHL\u00dcSSELGER\u00c4TE","description":"","publisher":{"@id":"https:\/\/www.key-devices.com\/#organization"},"potentialAction":[{"@type":"SearchAction","target":{"@type":"EntryPoint","urlTemplate":"https:\/\/www.key-devices.com\/?s={search_term_string}"},"query-input":{"@type":"PropertyValueSpecification","valueRequired":true,"valueName":"search_term_string"}}],"inLanguage":"de"},{"@type":["Organization","Place"],"@id":"https:\/\/www.key-devices.com\/#organization","name":"Wichtige Ger\u00e4te","url":"https:\/\/www.key-devices.com\/","logo":{"@id":"https:\/\/www.key-devices.com\/product\/keydevice-bmw-f-serie\/#local-main-organization-logo"},"image":{"@id":"https:\/\/www.key-devices.com\/product\/keydevice-bmw-f-serie\/#local-main-organization-logo"},"legalName":"Key Devices","telephone":[],"openingHoursSpecification":[{"@type":"OpeningHoursSpecification","dayOfWeek":["Monday","Tuesday","Wednesday","Thursday","Friday","Saturday","Sunday"],"opens":"09:00","closes":"17:00"}]},{"@type":"ImageObject","inLanguage":"de","@id":"https:\/\/www.key-devices.com\/product\/keydevice-bmw-f-serie\/#local-main-organization-logo","url":"https:\/\/www.key-devices.com\/wp-content\/uploads\/cropped-Key-Devices-Logo-official-.png","contentUrl":"https:\/\/www.key-devices.com\/wp-content\/uploads\/cropped-Key-Devices-Logo-official-.png","width":512,"height":512,"caption":"Key Devices"}]},"product_price_currency":"EUR","og_availability":"instock","product_availability":"instock","product_retailer_item_id":"2795-1-1","product_condition":"new"},"jetpack_sharing_enabled":true,"_links":{"self":[{"href":"https:\/\/www.key-devices.com\/de\/wp-json\/wp\/v2\/product\/11301","targetHints":{"allow":["GET"]}}],"collection":[{"href":"https:\/\/www.key-devices.com\/de\/wp-json\/wp\/v2\/product"}],"about":[{"href":"https:\/\/www.key-devices.com\/de\/wp-json\/wp\/v2\/types\/product"}],"replies":[{"embeddable":true,"href":"https:\/\/www.key-devices.com\/de\/wp-json\/wp\/v2\/comments?post=11301"}],"wp:featuredmedia":[{"embeddable":true,"href":"https:\/\/www.key-devices.com\/de\/wp-json\/wp\/v2\/media\/11302"}],"wp:attachment":[{"href":"https:\/\/www.key-devices.com\/de\/wp-json\/wp\/v2\/media?parent=11301"}],"wp:term":[{"taxonomy":"product_brand","embeddable":true,"href":"https:\/\/www.key-devices.com\/de\/wp-json\/wp\/v2\/product_brand?post=11301"},{"taxonomy":"product_cat","embeddable":true,"href":"https:\/\/www.key-devices.com\/de\/wp-json\/wp\/v2\/product_cat?post=11301"},{"taxonomy":"product_tag","embeddable":true,"href":"https:\/\/www.key-devices.com\/de\/wp-json\/wp\/v2\/product_tag?post=11301"},{"taxonomy":"vehicles","embeddable":true,"href":"https:\/\/www.key-devices.com\/de\/wp-json\/wp\/v2\/vehicles?post=11301"}],"curies":[{"name":"wp","href":"https:\/\/api.w.org\/{rel}","templated":true}]}}