{"id":10703,"date":"2025-06-07T20:42:13","date_gmt":"2025-06-07T18:42:13","guid":{"rendered":"https:\/\/www.key-devices.com\/?post_type=product&#038;p=10703"},"modified":"2025-07-28T13:22:53","modified_gmt":"2025-07-28T11:22:53","slug":"nissan-infiniti-key-programmer","status":"publish","type":"product","link":"https:\/\/www.key-devices.com\/es\/product\/nissan-infiniti-key-programmer\/","title":{"rendered":"Programador de llaves Nissan e Infiniti"},"content":{"rendered":"<h1  style=\"text-align: center;\">Nissan &amp; Infiniti Clave Programador<\/h1>\n<p>&nbsp;<\/p>\n<p >En primer lugar, este &#034;Nissan &amp; Infinity&#034; dispositivo le permite crear un duplicado de la llave para los veh\u00edculos a partir de 2014, incluso si se les ha perdido.<\/p>\n<p >\u00a1De hecho, todo se hace en 30 segundos!<\/p>\n<p >Por \u00faltimo, se proporcionan instrucciones completas sobre c\u00f3mo utilizar este dispositivo en un folleto con informaci\u00f3n detallada sobre las distintas funciones disponibles.<\/p>\n<p >Por \u00faltimo, no dude en contactarnos para obtener m\u00e1s informaci\u00f3n sobre precios, entregas o detalles del producto.<\/p>\n<p >Para la marca NISSAN:<\/p>\n<ul>\n<li >Altima La Llave Inteligente De 2013+<\/li>\n<li >Juke Llave Inteligente De 2013+<\/li>\n<li >Pathfinder Llave Inteligente De 2013+<\/li>\n<li >Pulsar La Llave Inteligente De 2014+<\/li>\n<li >Rogue Llave Inteligente 2014+<\/li>\n<li >Qashqai Llave Inteligente 2014+<\/li>\n<li >X-Trail Llave Inteligente 2014+<\/li>\n<li >Maxima Llave Inteligente 2016+<\/li>\n<li >Murano Llave Inteligente 2015+<\/li>\n<li >JX35 la Llave Inteligente de 2013+<\/li>\n<\/ul>\n<p >A continuaci\u00f3n, la Marca Infiniti :<\/p>\n<ul>\n<li >Q50 Llave Inteligente 2014+<\/li>\n<li >QX50 Llave Inteligente 2014+<\/li>\n<li >QX60 Llave Inteligente 2014+<\/li>\n<\/ul>\n<p>&nbsp;<\/p>\n<p ><strong><span style=\"color: #ff0000;\">* NUESTROS DISPOSITIVOS SE VENDEN EXCLUSIVAMENTE PARA USO OFICIAL Y PRIVADO. NO NOS HACEMOS RESPONSABLES DEL USO FRAUDULENTO O ILEGAL DEL EQUIPO QUE SE LE VENDE.<\/span><\/strong><\/p>","protected":false},"excerpt":{"rendered":"<p class=\"ai-optimize-55\">Finalmente, aqu\u00ed est\u00e1n los modelos compatibles con este dispositivo, incluidos los siguientes:<\/p>\n<p class=\"ai-optimize-56\">Para la marca NISSAN:<\/p>\n<p class=\"ai-optimize-57\">\u2013 Llave inteligente Altima 2013+<br \/>\n\u2013 Llave inteligente Juke 2013+<br \/>\n\u2013 Llave inteligente Pathfinder 2013+<\/p>\n<p class=\"ai-optimize-58\">\u2013 Llave inteligente Pulsar 2014+<br \/>\n\u2013 Llave inteligente Rogue 2014+<br \/>\n\u2013 Llave Inteligente Qashqai 2014+<br \/>\n\u2013 Llave inteligente X-Trail 2014+<br \/>\n\u2013 Llave Inteligente Maxima 2016+<br \/>\nLlave inteligente Murano 2015+<br \/>\n\u2013 Llave inteligente JX35 2013+<\/p>\n<p class=\"ai-optimize-59\">La marca Infiniti :<\/p>\n<p class=\"ai-optimize-60\">\u2013 Q50 Intelligent Key 2014+<br \/>\n\u2013 QX50 Intelligent Key 2014+<br \/>\n\u2013 QX60 Intelligent Key 2014+<\/p>","protected":false},"featured_media":10556,"comment_status":"open","ping_status":"closed","template":"","meta":{"_monsterinsights_skip_tracking":false,"_monsterinsights_sitenote_active":false,"_monsterinsights_sitenote_note":"","_monsterinsights_sitenote_category":0},"product_brand":[1162,1161],"product_cat":[516],"product_tag":[522,523,524,525,526,527,528,529,530,531,532,533,534],"vehicles":[],"class_list":{"0":"post-10703","1":"product","2":"type-product","3":"status-publish","4":"has-post-thumbnail","6":"product_brand-infinity","7":"product_brand-nissan","8":"product_cat-key-programmer","9":"product_tag-altima","10":"product_tag-infiniti","11":"product_tag-juke-intelligent","12":"product_tag-jx35","13":"product_tag-key-programmer","14":"product_tag-maxima","15":"product_tag-murano","16":"product_tag-nissan","17":"product_tag-q50","18":"product_tag-qashqai","19":"product_tag-qx50","20":"product_tag-qx60","21":"product_tag-rogue","23":"first","24":"instock","25":"featured","26":"shipping-taxable","27":"product-type-simple"},"yoast_head":"<!-- This site is optimized with the Yoast SEO Premium plugin v25.5 (Yoast SEO v27.4) - https:\/\/yoast.com\/product\/yoast-seo-premium-wordpress\/ -->\n<title>Nissan &amp; Infiniti Key Programmer - KEY DEVICES<\/title>\n<meta name=\"description\" content=\"Nissan &amp; Infiniti Key Programmer device allows you to create a duplicate key for vehicles from 2014 onwards, even if they&#039;ve been lost.\" \/>\n<meta name=\"robots\" content=\"index, follow, max-snippet:-1, max-image-preview:large, max-video-preview:-1\" \/>\n<link rel=\"canonical\" href=\"https:\/\/www.key-devices.com\/es\/product\/nissan-infiniti-key-programmer\/\" \/>\n<meta property=\"og:locale\" content=\"es_ES\" \/>\n<meta property=\"og:type\" content=\"article\" \/>\n<meta property=\"og:title\" content=\"Nissan &amp; Infiniti Key Programmer\" \/>\n<meta property=\"og:description\" content=\"Nissan &amp; Infiniti Key Programmer device allows you to create a duplicate key for vehicles from 2014 onwards, even if they&#039;ve been lost.\" \/>\n<meta property=\"og:url\" content=\"https:\/\/www.key-devices.com\/es\/product\/nissan-infiniti-key-programmer\/\" \/>\n<meta property=\"og:site_name\" content=\"KEY DEVICES\" \/>\n<meta property=\"article:modified_time\" content=\"2025-07-28T11:22:53+00:00\" \/>\n<meta property=\"og:image\" content=\"https:\/\/www.key-devices.com\/wp-content\/uploads\/psa-2.png\" \/>\n\t<meta property=\"og:image:width\" content=\"300\" \/>\n\t<meta property=\"og:image:height\" content=\"300\" \/>\n\t<meta property=\"og:image:type\" content=\"image\/png\" \/>\n<meta name=\"twitter:card\" content=\"summary_large_image\" \/>\n<meta name=\"twitter:label1\" content=\"Precio\" \/>\n\t<meta name=\"twitter:data1\" content=\"\" \/>\n\t<meta name=\"twitter:label2\" content=\"Disponibilidad\" \/>\n\t<meta name=\"twitter:data2\" content=\"Disponible\" \/>\n<script type=\"application\/ld+json\" class=\"yoast-schema-graph\">{\"@context\":\"https:\\\/\\\/schema.org\",\"@graph\":[{\"@type\":\"WebPage\",\"@id\":\"https:\\\/\\\/www.key-devices.com\\\/product\\\/nissan-infiniti-key-programmer\\\/\",\"url\":\"https:\\\/\\\/www.key-devices.com\\\/product\\\/nissan-infiniti-key-programmer\\\/\",\"name\":\"Nissan & Infiniti Key Programmer - KEY DEVICES\",\"isPartOf\":{\"@id\":\"https:\\\/\\\/www.key-devices.com\\\/#website\"},\"primaryImageOfPage\":{\"@id\":\"https:\\\/\\\/www.key-devices.com\\\/product\\\/nissan-infiniti-key-programmer\\\/#primaryimage\"},\"image\":{\"@id\":\"https:\\\/\\\/www.key-devices.com\\\/product\\\/nissan-infiniti-key-programmer\\\/#primaryimage\"},\"thumbnailUrl\":\"https:\\\/\\\/www.key-devices.com\\\/wp-content\\\/uploads\\\/psa-2.png\",\"datePublished\":\"2025-06-07T18:42:13+00:00\",\"dateModified\":\"2025-07-28T11:22:53+00:00\",\"description\":\"Nissan & Infiniti Key Programmer device allows you to create a duplicate key for vehicles from 2014 onwards, even if they've been lost.\",\"breadcrumb\":{\"@id\":\"https:\\\/\\\/www.key-devices.com\\\/product\\\/nissan-infiniti-key-programmer\\\/#breadcrumb\"},\"inLanguage\":\"es\",\"potentialAction\":[{\"@type\":\"ReadAction\",\"target\":[\"https:\\\/\\\/www.key-devices.com\\\/product\\\/nissan-infiniti-key-programmer\\\/\"]}]},{\"@type\":\"ImageObject\",\"inLanguage\":\"es\",\"@id\":\"https:\\\/\\\/www.key-devices.com\\\/product\\\/nissan-infiniti-key-programmer\\\/#primaryimage\",\"url\":\"https:\\\/\\\/www.key-devices.com\\\/wp-content\\\/uploads\\\/psa-2.png\",\"contentUrl\":\"https:\\\/\\\/www.key-devices.com\\\/wp-content\\\/uploads\\\/psa-2.png\",\"width\":300,\"height\":300,\"caption\":\"Nissan & Infiniti Key Programmer\"},{\"@type\":\"BreadcrumbList\",\"@id\":\"https:\\\/\\\/www.key-devices.com\\\/product\\\/nissan-infiniti-key-programmer\\\/#breadcrumb\",\"itemListElement\":[{\"@type\":\"ListItem\",\"position\":1,\"name\":\"Home\",\"item\":\"https:\\\/\\\/www.key-devices.com\\\/\"},{\"@type\":\"ListItem\",\"position\":2,\"name\":\"Shop\",\"item\":\"https:\\\/\\\/www.key-devices.com\\\/shop\\\/\"},{\"@type\":\"ListItem\",\"position\":3,\"name\":\"Nissan &#038; Infiniti Key Programmer\"}]},{\"@type\":\"WebSite\",\"@id\":\"https:\\\/\\\/www.key-devices.com\\\/#website\",\"url\":\"https:\\\/\\\/www.key-devices.com\\\/\",\"name\":\"KEY DEVICES\",\"description\":\"\",\"publisher\":{\"@id\":\"https:\\\/\\\/www.key-devices.com\\\/#organization\"},\"potentialAction\":[{\"@type\":\"SearchAction\",\"target\":{\"@type\":\"EntryPoint\",\"urlTemplate\":\"https:\\\/\\\/www.key-devices.com\\\/?s={search_term_string}\"},\"query-input\":{\"@type\":\"PropertyValueSpecification\",\"valueRequired\":true,\"valueName\":\"search_term_string\"}}],\"inLanguage\":\"es\"},{\"@type\":[\"Organization\",\"Place\"],\"@id\":\"https:\\\/\\\/www.key-devices.com\\\/#organization\",\"name\":\"Key Devices\",\"url\":\"https:\\\/\\\/www.key-devices.com\\\/\",\"logo\":{\"@id\":\"https:\\\/\\\/www.key-devices.com\\\/product\\\/nissan-infiniti-key-programmer\\\/#local-main-organization-logo\"},\"image\":{\"@id\":\"https:\\\/\\\/www.key-devices.com\\\/product\\\/nissan-infiniti-key-programmer\\\/#local-main-organization-logo\"},\"legalName\":\"Key Devices\",\"telephone\":[],\"openingHoursSpecification\":[{\"@type\":\"OpeningHoursSpecification\",\"dayOfWeek\":[\"Monday\",\"Tuesday\",\"Wednesday\",\"Thursday\",\"Friday\",\"Saturday\",\"Sunday\"],\"opens\":\"09:00\",\"closes\":\"17:00\"}]},{\"@type\":\"ImageObject\",\"inLanguage\":\"es\",\"@id\":\"https:\\\/\\\/www.key-devices.com\\\/product\\\/nissan-infiniti-key-programmer\\\/#local-main-organization-logo\",\"url\":\"https:\\\/\\\/www.key-devices.com\\\/wp-content\\\/uploads\\\/cropped-Key-Devices-Logo-official-.png\",\"contentUrl\":\"https:\\\/\\\/www.key-devices.com\\\/wp-content\\\/uploads\\\/cropped-Key-Devices-Logo-official-.png\",\"width\":512,\"height\":512,\"caption\":\"Key Devices\"}]}<\/script>\n<meta property=\"product:price:currency\" content=\"EUR\" \/>\n<meta property=\"og:availability\" content=\"instock\" \/>\n<meta property=\"product:availability\" content=\"instock\" \/>\n<meta property=\"product:retailer_item_id\" content=\"2281\" \/>\n<meta property=\"product:condition\" content=\"new\" \/>\n<!-- \/ Yoast SEO Premium plugin. -->","yoast_head_json":{"title":"Nissan &amp; Infiniti Programador Clave de CLAVE de los DISPOSITIVOS","description":"Nissan &amp; Infiniti Programador Clave del dispositivo le permite crear un duplicado de la llave para los veh\u00edculos a partir de 2014, incluso si se les ha perdido.","robots":{"index":"index","follow":"follow","max-snippet":"max-snippet:-1","max-image-preview":"max-image-preview:large","max-video-preview":"max-video-preview:-1"},"canonical":"https:\/\/www.key-devices.com\/es\/product\/nissan-infiniti-key-programmer\/","og_locale":"es_ES","og_type":"article","og_title":"Nissan & Infiniti Key Programmer","og_description":"Nissan & Infiniti Key Programmer device allows you to create a duplicate key for vehicles from 2014 onwards, even if they've been lost.","og_url":"https:\/\/www.key-devices.com\/es\/product\/nissan-infiniti-key-programmer\/","og_site_name":"KEY DEVICES","article_modified_time":"2025-07-28T11:22:53+00:00","og_image":[{"width":300,"height":300,"url":"https:\/\/www.key-devices.com\/wp-content\/uploads\/psa-2.png","type":"image\/png"}],"twitter_card":"summary_large_image","twitter_misc":{"Precio":"","Disponibilidad":"Disponible"},"schema":{"@context":"https:\/\/schema.org","@graph":[{"@type":"WebPage","@id":"https:\/\/www.key-devices.com\/product\/nissan-infiniti-key-programmer\/","url":"https:\/\/www.key-devices.com\/product\/nissan-infiniti-key-programmer\/","name":"Nissan &amp; Infiniti Programador Clave de CLAVE de los DISPOSITIVOS","isPartOf":{"@id":"https:\/\/www.key-devices.com\/#website"},"primaryImageOfPage":{"@id":"https:\/\/www.key-devices.com\/product\/nissan-infiniti-key-programmer\/#primaryimage"},"image":{"@id":"https:\/\/www.key-devices.com\/product\/nissan-infiniti-key-programmer\/#primaryimage"},"thumbnailUrl":"https:\/\/www.key-devices.com\/wp-content\/uploads\/psa-2.png","datePublished":"2025-06-07T18:42:13+00:00","dateModified":"2025-07-28T11:22:53+00:00","description":"Nissan &amp; Infiniti Programador Clave del dispositivo le permite crear un duplicado de la llave para los veh\u00edculos a partir de 2014, incluso si se les ha perdido.","breadcrumb":{"@id":"https:\/\/www.key-devices.com\/product\/nissan-infiniti-key-programmer\/#breadcrumb"},"inLanguage":"es","potentialAction":[{"@type":"ReadAction","target":["https:\/\/www.key-devices.com\/product\/nissan-infiniti-key-programmer\/"]}]},{"@type":"ImageObject","inLanguage":"es","@id":"https:\/\/www.key-devices.com\/product\/nissan-infiniti-key-programmer\/#primaryimage","url":"https:\/\/www.key-devices.com\/wp-content\/uploads\/psa-2.png","contentUrl":"https:\/\/www.key-devices.com\/wp-content\/uploads\/psa-2.png","width":300,"height":300,"caption":"Nissan & Infiniti Key Programmer"},{"@type":"BreadcrumbList","@id":"https:\/\/www.key-devices.com\/product\/nissan-infiniti-key-programmer\/#breadcrumb","itemListElement":[{"@type":"ListItem","position":1,"name":"Home","item":"https:\/\/www.key-devices.com\/"},{"@type":"ListItem","position":2,"name":"Shop","item":"https:\/\/www.key-devices.com\/shop\/"},{"@type":"ListItem","position":3,"name":"Nissan &#038; Infiniti Key Programmer"}]},{"@type":"WebSite","@id":"https:\/\/www.key-devices.com\/#website","url":"https:\/\/www.key-devices.com\/","name":"DISPOSITIVOS CLAVE","description":"","publisher":{"@id":"https:\/\/www.key-devices.com\/#organization"},"potentialAction":[{"@type":"SearchAction","target":{"@type":"EntryPoint","urlTemplate":"https:\/\/www.key-devices.com\/?s={search_term_string}"},"query-input":{"@type":"PropertyValueSpecification","valueRequired":true,"valueName":"search_term_string"}}],"inLanguage":"es"},{"@type":["Organization","Place"],"@id":"https:\/\/www.key-devices.com\/#organization","name":"Los Dispositivos Principales","url":"https:\/\/www.key-devices.com\/","logo":{"@id":"https:\/\/www.key-devices.com\/product\/nissan-infiniti-key-programmer\/#local-main-organization-logo"},"image":{"@id":"https:\/\/www.key-devices.com\/product\/nissan-infiniti-key-programmer\/#local-main-organization-logo"},"legalName":"Key Devices","telephone":[],"openingHoursSpecification":[{"@type":"OpeningHoursSpecification","dayOfWeek":["Monday","Tuesday","Wednesday","Thursday","Friday","Saturday","Sunday"],"opens":"09:00","closes":"17:00"}]},{"@type":"ImageObject","inLanguage":"es","@id":"https:\/\/www.key-devices.com\/product\/nissan-infiniti-key-programmer\/#local-main-organization-logo","url":"https:\/\/www.key-devices.com\/wp-content\/uploads\/cropped-Key-Devices-Logo-official-.png","contentUrl":"https:\/\/www.key-devices.com\/wp-content\/uploads\/cropped-Key-Devices-Logo-official-.png","width":512,"height":512,"caption":"Key Devices"}]},"product_price_currency":"EUR","og_availability":"instock","product_availability":"instock","product_retailer_item_id":"2281","product_condition":"new"},"jetpack_sharing_enabled":true,"_links":{"self":[{"href":"https:\/\/www.key-devices.com\/es\/wp-json\/wp\/v2\/product\/10703","targetHints":{"allow":["GET"]}}],"collection":[{"href":"https:\/\/www.key-devices.com\/es\/wp-json\/wp\/v2\/product"}],"about":[{"href":"https:\/\/www.key-devices.com\/es\/wp-json\/wp\/v2\/types\/product"}],"replies":[{"embeddable":true,"href":"https:\/\/www.key-devices.com\/es\/wp-json\/wp\/v2\/comments?post=10703"}],"wp:featuredmedia":[{"embeddable":true,"href":"https:\/\/www.key-devices.com\/es\/wp-json\/wp\/v2\/media\/10556"}],"wp:attachment":[{"href":"https:\/\/www.key-devices.com\/es\/wp-json\/wp\/v2\/media?parent=10703"}],"wp:term":[{"taxonomy":"product_brand","embeddable":true,"href":"https:\/\/www.key-devices.com\/es\/wp-json\/wp\/v2\/product_brand?post=10703"},{"taxonomy":"product_cat","embeddable":true,"href":"https:\/\/www.key-devices.com\/es\/wp-json\/wp\/v2\/product_cat?post=10703"},{"taxonomy":"product_tag","embeddable":true,"href":"https:\/\/www.key-devices.com\/es\/wp-json\/wp\/v2\/product_tag?post=10703"},{"taxonomy":"vehicles","embeddable":true,"href":"https:\/\/www.key-devices.com\/es\/wp-json\/wp\/v2\/vehicles?post=10703"}],"curies":[{"name":"wp","href":"https:\/\/api.w.org\/{rel}","templated":true}]}}