{"id":10705,"date":"2025-06-07T20:42:13","date_gmt":"2025-06-07T18:42:13","guid":{"rendered":"https:\/\/www.key-devices.com\/?post_type=product&#038;p=10705"},"modified":"2025-07-28T13:22:54","modified_gmt":"2025-07-28T11:22:54","slug":"iveco-2012-2020-emergency-start","status":"publish","type":"product","link":"https:\/\/www.key-devices.com\/es\/product\/iveco-2012-2020-emergency-start\/","title":{"rendered":"Arranque de emergencia Iveco 2012-2020"},"content":{"rendered":"<h1  style=\"text-align: center;\">IVECO 2012 \u2013 2020 de arranque de Emergencia<\/h1>\n<p >Este dispositivo es adecuado para veh\u00edculos comerciales y m\u00e1s, tales como:<\/p>\n<p >\u2013&gt; Iveco 2012-2014 (activar el encendido en el plug-in del dispositivo, desconecte el cable rojo desde el BCM y vuelva a conectar el cable.<\/p>\n<p >El LED verde se encender\u00e1. Apague y el inicio de la furgoneta. Todo el proceso dura 3 segundos, y el coche va a comenzar).<\/p>\n<p >\u2013&gt; Iveco 2014-2020 (activar el encendido en el plug-in del dispositivo. Usted ver\u00e1 dos rojo y naranja de las luces.<\/p>\n<p >A continuaci\u00f3n, espere 1 minuto hasta un m\u00e1ximo de 12 minutos. El LED verde se encender\u00e1. Usted puede apagar e iniciar la furgoneta.<\/p>\n<p >Finalmente, el dispositivo almacena el coche del c\u00f3digo PIN de modo que usted puede comenzar de inmediato si usted vuelva a conectar el dispositivo.)<\/p>\n<p>&nbsp;<\/p>\n<h1  style=\"text-align: center;\">FIAT \/ FORD \/ PEUGEOT \/ CITROEN \/ LANCIA 2012 \u2013 2020<\/h1>\n<p >\u2013&gt; <strong>FIAT 500 :<\/strong><\/p>\n<ul>\n<li ><strong> 2007 \u2013 2020 \u2013 todos los tipos de motor FIAT 500L \u2013 2007 \u2013 2009 (1.2 y 1.4 de gasolina) y 2010 \u2013 2020 \u2013 todos los tipos de motor FIAT 500 ABARTH<br \/>\n<\/strong><\/li>\n<li ><strong>2008 \u2013 2020 \u2013 todos los tipos de motor FIAT Punto\/Grande Punto\/ABARTH Grande Punto\u2013 2008 \u2013 2020 \u2013 todos los tipos de motor FIAT FIORINO<br \/>\n<\/strong><\/li>\n<li ><strong>2008 \u2013 2020 \u2013 todos los tipos de motor Nuevo FIAT DOBLO<br \/>\n<\/strong><\/li>\n<li ><strong>2012 \u2013 2020 \u2013 todos los tipos de motor FORD Ka<br \/>\n<\/strong><\/li>\n<li ><strong>2008 \u2013 ...+... \u2013 todos los tipos de motor, tales como el Nuevo Lancia Ypsilon modelo\u2013 2012 \u2013 2020 \u2013 todos los tipos de motor.<\/strong><\/li>\n<\/ul>\n<p >Noticias FIAT Panda :<\/p>\n<ul>\n<li >2012 \u2013 2020 \u2013 todos los tipos de motor: FIAT Ducato, Peugeot Boxer, y Citro\u00ebn Jumper<\/li>\n<li >2010 \u2013 2020 \u2013 si est\u00e1 equipado con el DELPHI BCM m\u00f3dulo, a continuaci\u00f3n, todos los tipos de motor, o de lo contrario s\u00f3lo con Winodw Marelli ECU 8F2 y 8F3 2,8 LIVECO<\/li>\n<li >2010 \u2013 2017 \u2013 si est\u00e1 equipado con el DELPHI BCM m\u00f3dulo.<\/li>\n<\/ul>\n<p>&nbsp;<\/p>\n<h1  style=\"text-align: center;\">Alfa Romeo 2012 \u2013 2020<\/h1>\n<p>&nbsp;<\/p>\n<p >\u2013&gt; Todos los Alfa Romeo MITO motores\u2013 2008 \u2013 2020 \u2013 Todos los Alfa Romeo GIULIETTA motores \u2013 2010 \u2013 2020<\/p>\n<p ><strong><span style=\"color: #ff0000;\">* NUESTROS DISPOSITIVOS SE VENDEN EXCLUSIVAMENTE PARA USO OFICIAL Y PRIVADO. NO NOS HACEMOS RESPONSABLES DEL USO FRAUDULENTO O ILEGAL DEL EQUIPO QUE SE LE VENDE.<\/span><\/strong><\/p>","protected":false},"excerpt":{"rendered":"<p class=\"ai-optimize-43\">En primer lugar, tenemos el IVECO de la marca:<\/p>\n<p class=\"ai-optimize-44\">This complete device is for commercial vehicles and more of the following types:&#8211;&gt; Iveco 2012-2014 (turn on the ignition on the plug-in device, disconnect the red cable from the BCM and reconnect the cable; the green LED will light up. Turn off and start the van; the entire process takes 3 seconds and the car will start).&#8211;&gt; Iveco 2014-2020 (turn on the ignition on the plug-in device; you will see two red and orange lights on; wait 1 minute to 12 minutes maximum; the green LED will light up; you can turn off and start the van. The device stores the car&#8217;s PIN code so that you can start it immediately if you reconnect the device).<\/p>\n<p class=\"ai-optimize-44\">\nEntonces, tenemos el ALFA ROMEO marca:<\/p>\n<ul>\n<li class=\"ai-optimize-45\">MITO: 2008 hasta el a\u00f1o 2019 (Todos los motores) )<\/li>\n<li class=\"ai-optimize-46\">GIULIETTA: 2012 a 2019 (Todos los motores)<\/li>\n<\/ul>\n<p class=\"ai-optimize-47\">Entonces, FIAT:<\/p>\n<ul>\n<li class=\"ai-optimize-55\">500 \u2013 2007 &#8211; 2020 &#8211;<\/li>\n<li class=\"ai-optimize-55\">500L \u2013 2007 &#8211; 2009 (1.2 and 1.4 petrol) and 2010 &#8211; 2020<\/li>\n<li class=\"ai-optimize-55\">500 ABARTH \u2013 2008 &#8211; 2020<\/li>\n<li class=\"ai-optimize-55\">Punto\/Grande Punto\/ABARTH Grande Punto \u2013 2008 &#8211; 2020<\/li>\n<li class=\"ai-optimize-55\">FIORINO \u2013 2008 &#8211; 2020<\/li>\n<li class=\"ai-optimize-55\">DOBLO \u2013 2012 &#8211; 2020<\/li>\n<li class=\"ai-optimize-55\">Panda &#8211; 2012 &#8211; 2020<\/li>\n<li class=\"ai-optimize-55\">FIAT Ducato<\/li>\n<\/ul>\n<p class=\"ai-optimize-49\">Entonces, FORD:<\/p>\n<ul>\n<li class=\"ai-optimize-50\">FORD Ka \u2013 2008 &#8211; &#8230;+&#8230; &#8211;<\/li>\n<\/ul>\n<p class=\"ai-optimize-51\">Entonces, LANCIA :<\/p>\n<ul>\n<li class=\"ai-optimize-52\">Lancia Ypsilon &#8211; 2012 &#8211; 2020,<\/li>\n<\/ul>\n<p class=\"ai-optimize-53\">Finalmente, el PEUGEOT\/CITROEN marcas:<\/p>\n<ul>\n<li class=\"ai-optimize-54\">Peugeot Boxer and Citro\u00ebn Jumper &#8211; 2010 &#8211; 2020 &#8211; if equipped with the DELPHI BCM module, then all engine types, or otherwise only with Magneti Marelli ECU 8F2 and 8F3 for 2.8 LIVECO &#8211; 2010 &#8211; 2017 &#8211; if equipped with the DELPHI BCM module.<\/li>\n<\/ul>","protected":false},"featured_media":10560,"comment_status":"open","ping_status":"closed","template":"","meta":{"_monsterinsights_skip_tracking":false,"_monsterinsights_sitenote_active":false,"_monsterinsights_sitenote_note":"","_monsterinsights_sitenote_category":0},"product_brand":[1173,1157,1176,1177],"product_cat":[516],"product_tag":[549,550,551,552,553,542,526,554,555,556],"vehicles":[825,813,811,812,815,817,823,818,814,833,830,820,824],"class_list":{"0":"post-10705","1":"product","2":"type-product","3":"status-publish","4":"has-post-thumbnail","6":"product_brand-citroen","7":"product_brand-fiat","8":"product_brand-ford","9":"product_brand-iveco","10":"product_cat-key-programmer","11":"product_tag-alfa-romeo","12":"product_tag-citroen","13":"product_tag-fiat","14":"product_tag-ford","15":"product_tag-iveco","16":"product_tag-key-device","17":"product_tag-key-programmer","18":"product_tag-keydevice","19":"product_tag-lancia","20":"product_tag-peugeot","21":"vehicles-citroen-jumper-2010-2020-if-equipped-with-delphi-bcm-module-then-all-types-of-engines-or-otherwise-only-with-magneti-marelli-ecu-8f2-and-8f3-for-2-8-liveco-2010","22":"vehicles-fiat-500-abarth-2008-2020","23":"vehicles-fiat-500-2007-2020","24":"vehicles-fiat-500l-2007-2009-1-2-and-1-4-petrol-and-2010-2020","25":"vehicles-fiat-abarth-grande-punto-2008-2020","26":"vehicles-fiat-doblo-2012-2020","27":"vehicles-fiat-ducato-2010-2020-if-equipped-with-delphi-bcm-module-then-all-types-of-engines-or-otherwise-only-with-magneti-marelli-ecu-8f2-and-8f3-for-2-8-liveco-2010","28":"vehicles-fiat-panda-2012-2020","29":"vehicles-fiat-punto-grande-punto-2008-2020","30":"vehicles-ford-ka-2008","31":"vehicles-iveco-all-models-2012-2020","32":"vehicles-lancia-ypsilon-2012-2020","33":"vehicles-peugeot-boxer-2010-2020-if-equipped-with-delphi-bcm-module-then-all-types-of-engines-or-otherwise-only-with-magneti-marelli-ecu-8f2-and-8f3-for-2-8-liveco-2010","35":"first","36":"instock","37":"featured","38":"shipping-taxable","39":"product-type-simple"},"yoast_head":"<!-- This site is optimized with the Yoast SEO Premium plugin v25.5 (Yoast SEO v27.4) - https:\/\/yoast.com\/product\/yoast-seo-premium-wordpress\/ -->\n<title>Fiat Iveco 2020 Emergency Start - Key Devices<\/title>\n<meta name=\"description\" content=\"Fiat Iveco 2020 Emergency Start est un appareil simple d&#039;utilisation puisqu&#039;il suffit de l&#039;ins\u00e9rer dans l&#039;OBDII et de tourner le tableau...\" \/>\n<meta name=\"robots\" content=\"index, follow, max-snippet:-1, max-image-preview:large, max-video-preview:-1\" \/>\n<link rel=\"canonical\" href=\"https:\/\/www.key-devices.com\/es\/product\/iveco-2012-2020-emergency-start\/\" \/>\n<meta property=\"og:locale\" content=\"es_ES\" \/>\n<meta property=\"og:type\" content=\"article\" \/>\n<meta property=\"og:title\" content=\"Iveco 2012 - 2020 Emergency Start\" \/>\n<meta property=\"og:description\" content=\"Fiat Iveco 2020 Emergency Start est un appareil simple d&#039;utilisation puisqu&#039;il suffit de l&#039;ins\u00e9rer dans l&#039;OBDII et de tourner le tableau...\" \/>\n<meta property=\"og:url\" content=\"https:\/\/www.key-devices.com\/es\/product\/iveco-2012-2020-emergency-start\/\" \/>\n<meta property=\"og:site_name\" content=\"KEY DEVICES\" \/>\n<meta property=\"article:modified_time\" content=\"2025-07-28T11:22:54+00:00\" \/>\n<meta property=\"og:image\" content=\"https:\/\/www.key-devices.com\/wp-content\/uploads\/Iveco-2012-2020-Emergency-Start-Photo.jpg\" \/>\n\t<meta property=\"og:image:width\" content=\"1152\" \/>\n\t<meta property=\"og:image:height\" content=\"2048\" \/>\n\t<meta property=\"og:image:type\" content=\"image\/jpeg\" \/>\n<meta name=\"twitter:card\" content=\"summary_large_image\" \/>\n<meta name=\"twitter:label1\" content=\"Precio\" \/>\n\t<meta name=\"twitter:data1\" content=\"\" \/>\n\t<meta name=\"twitter:label2\" content=\"Disponibilidad\" \/>\n\t<meta name=\"twitter:data2\" content=\"Disponible\" \/>\n<script type=\"application\/ld+json\" class=\"yoast-schema-graph\">{\"@context\":\"https:\\\/\\\/schema.org\",\"@graph\":[{\"@type\":\"WebPage\",\"@id\":\"https:\\\/\\\/www.key-devices.com\\\/product\\\/iveco-2012-2020-emergency-start\\\/\",\"url\":\"https:\\\/\\\/www.key-devices.com\\\/product\\\/iveco-2012-2020-emergency-start\\\/\",\"name\":\"Fiat Iveco 2020 Emergency Start - Key Devices\",\"isPartOf\":{\"@id\":\"https:\\\/\\\/www.key-devices.com\\\/#website\"},\"primaryImageOfPage\":{\"@id\":\"https:\\\/\\\/www.key-devices.com\\\/product\\\/iveco-2012-2020-emergency-start\\\/#primaryimage\"},\"image\":{\"@id\":\"https:\\\/\\\/www.key-devices.com\\\/product\\\/iveco-2012-2020-emergency-start\\\/#primaryimage\"},\"thumbnailUrl\":\"https:\\\/\\\/www.key-devices.com\\\/wp-content\\\/uploads\\\/Iveco-2012-2020-Emergency-Start-Photo.jpg\",\"datePublished\":\"2025-06-07T18:42:13+00:00\",\"dateModified\":\"2025-07-28T11:22:54+00:00\",\"description\":\"Fiat Iveco 2020 Emergency Start est un appareil simple d'utilisation puisqu'il suffit de l'ins\u00e9rer dans l'OBDII et de tourner le tableau...\",\"breadcrumb\":{\"@id\":\"https:\\\/\\\/www.key-devices.com\\\/product\\\/iveco-2012-2020-emergency-start\\\/#breadcrumb\"},\"inLanguage\":\"es\",\"potentialAction\":[{\"@type\":\"ReadAction\",\"target\":[\"https:\\\/\\\/www.key-devices.com\\\/product\\\/iveco-2012-2020-emergency-start\\\/\"]}]},{\"@type\":\"ImageObject\",\"inLanguage\":\"es\",\"@id\":\"https:\\\/\\\/www.key-devices.com\\\/product\\\/iveco-2012-2020-emergency-start\\\/#primaryimage\",\"url\":\"https:\\\/\\\/www.key-devices.com\\\/wp-content\\\/uploads\\\/Iveco-2012-2020-Emergency-Start-Photo.jpg\",\"contentUrl\":\"https:\\\/\\\/www.key-devices.com\\\/wp-content\\\/uploads\\\/Iveco-2012-2020-Emergency-Start-Photo.jpg\",\"width\":1152,\"height\":2048,\"caption\":\"Fiat Iveco 2020 Emergency Start\"},{\"@type\":\"BreadcrumbList\",\"@id\":\"https:\\\/\\\/www.key-devices.com\\\/product\\\/iveco-2012-2020-emergency-start\\\/#breadcrumb\",\"itemListElement\":[{\"@type\":\"ListItem\",\"position\":1,\"name\":\"Home\",\"item\":\"https:\\\/\\\/www.key-devices.com\\\/\"},{\"@type\":\"ListItem\",\"position\":2,\"name\":\"Shop\",\"item\":\"https:\\\/\\\/www.key-devices.com\\\/shop\\\/\"},{\"@type\":\"ListItem\",\"position\":3,\"name\":\"Iveco 2012 &#8211; 2020 Emergency Start\"}]},{\"@type\":\"WebSite\",\"@id\":\"https:\\\/\\\/www.key-devices.com\\\/#website\",\"url\":\"https:\\\/\\\/www.key-devices.com\\\/\",\"name\":\"KEY DEVICES\",\"description\":\"\",\"publisher\":{\"@id\":\"https:\\\/\\\/www.key-devices.com\\\/#organization\"},\"potentialAction\":[{\"@type\":\"SearchAction\",\"target\":{\"@type\":\"EntryPoint\",\"urlTemplate\":\"https:\\\/\\\/www.key-devices.com\\\/?s={search_term_string}\"},\"query-input\":{\"@type\":\"PropertyValueSpecification\",\"valueRequired\":true,\"valueName\":\"search_term_string\"}}],\"inLanguage\":\"es\"},{\"@type\":[\"Organization\",\"Place\"],\"@id\":\"https:\\\/\\\/www.key-devices.com\\\/#organization\",\"name\":\"Key Devices\",\"url\":\"https:\\\/\\\/www.key-devices.com\\\/\",\"logo\":{\"@id\":\"https:\\\/\\\/www.key-devices.com\\\/product\\\/iveco-2012-2020-emergency-start\\\/#local-main-organization-logo\"},\"image\":{\"@id\":\"https:\\\/\\\/www.key-devices.com\\\/product\\\/iveco-2012-2020-emergency-start\\\/#local-main-organization-logo\"},\"legalName\":\"Key Devices\",\"telephone\":[],\"openingHoursSpecification\":[{\"@type\":\"OpeningHoursSpecification\",\"dayOfWeek\":[\"Monday\",\"Tuesday\",\"Wednesday\",\"Thursday\",\"Friday\",\"Saturday\",\"Sunday\"],\"opens\":\"09:00\",\"closes\":\"17:00\"}]},{\"@type\":\"ImageObject\",\"inLanguage\":\"es\",\"@id\":\"https:\\\/\\\/www.key-devices.com\\\/product\\\/iveco-2012-2020-emergency-start\\\/#local-main-organization-logo\",\"url\":\"https:\\\/\\\/www.key-devices.com\\\/wp-content\\\/uploads\\\/cropped-Key-Devices-Logo-official-.png\",\"contentUrl\":\"https:\\\/\\\/www.key-devices.com\\\/wp-content\\\/uploads\\\/cropped-Key-Devices-Logo-official-.png\",\"width\":512,\"height\":512,\"caption\":\"Key Devices\"}]}<\/script>\n<meta property=\"product:price:currency\" content=\"EUR\" \/>\n<meta property=\"og:availability\" content=\"instock\" \/>\n<meta property=\"product:availability\" content=\"instock\" \/>\n<meta property=\"product:retailer_item_id\" content=\"2292\" \/>\n<meta property=\"product:condition\" content=\"new\" \/>\n<!-- \/ Yoast SEO Premium plugin. -->","yoast_head_json":{"title":"Fiat Iveco 2020 De Arranque De Emergencia - Los Dispositivos Principales","description":"Fiat Iveco 2020 de arranque de Emergencia est un appareil simple d&#039;utilisation puisqu il suffit de l&#039;&#039;ins\u00e9rer dans l&#039;&#039;OBDII et de tourner le tableau...","robots":{"index":"index","follow":"follow","max-snippet":"max-snippet:-1","max-image-preview":"max-image-preview:large","max-video-preview":"max-video-preview:-1"},"canonical":"https:\/\/www.key-devices.com\/es\/product\/iveco-2012-2020-emergency-start\/","og_locale":"es_ES","og_type":"article","og_title":"Iveco 2012 - 2020 Emergency Start","og_description":"Fiat Iveco 2020 Emergency Start est un appareil simple d'utilisation puisqu'il suffit de l'ins\u00e9rer dans l'OBDII et de tourner le tableau...","og_url":"https:\/\/www.key-devices.com\/es\/product\/iveco-2012-2020-emergency-start\/","og_site_name":"KEY DEVICES","article_modified_time":"2025-07-28T11:22:54+00:00","og_image":[{"width":1152,"height":2048,"url":"https:\/\/www.key-devices.com\/wp-content\/uploads\/Iveco-2012-2020-Emergency-Start-Photo.jpg","type":"image\/jpeg"}],"twitter_card":"summary_large_image","twitter_misc":{"Precio":"","Disponibilidad":"Disponible"},"schema":{"@context":"https:\/\/schema.org","@graph":[{"@type":"WebPage","@id":"https:\/\/www.key-devices.com\/product\/iveco-2012-2020-emergency-start\/","url":"https:\/\/www.key-devices.com\/product\/iveco-2012-2020-emergency-start\/","name":"Fiat Iveco 2020 De Arranque De Emergencia - Los Dispositivos Principales","isPartOf":{"@id":"https:\/\/www.key-devices.com\/#website"},"primaryImageOfPage":{"@id":"https:\/\/www.key-devices.com\/product\/iveco-2012-2020-emergency-start\/#primaryimage"},"image":{"@id":"https:\/\/www.key-devices.com\/product\/iveco-2012-2020-emergency-start\/#primaryimage"},"thumbnailUrl":"https:\/\/www.key-devices.com\/wp-content\/uploads\/Iveco-2012-2020-Emergency-Start-Photo.jpg","datePublished":"2025-06-07T18:42:13+00:00","dateModified":"2025-07-28T11:22:54+00:00","description":"Fiat Iveco 2020 de arranque de Emergencia est un appareil simple d&#039;utilisation puisqu il suffit de l&#039;&#039;ins\u00e9rer dans l&#039;&#039;OBDII et de tourner le tableau...","breadcrumb":{"@id":"https:\/\/www.key-devices.com\/product\/iveco-2012-2020-emergency-start\/#breadcrumb"},"inLanguage":"es","potentialAction":[{"@type":"ReadAction","target":["https:\/\/www.key-devices.com\/product\/iveco-2012-2020-emergency-start\/"]}]},{"@type":"ImageObject","inLanguage":"es","@id":"https:\/\/www.key-devices.com\/product\/iveco-2012-2020-emergency-start\/#primaryimage","url":"https:\/\/www.key-devices.com\/wp-content\/uploads\/Iveco-2012-2020-Emergency-Start-Photo.jpg","contentUrl":"https:\/\/www.key-devices.com\/wp-content\/uploads\/Iveco-2012-2020-Emergency-Start-Photo.jpg","width":1152,"height":2048,"caption":"Fiat Iveco 2020 Emergency Start"},{"@type":"BreadcrumbList","@id":"https:\/\/www.key-devices.com\/product\/iveco-2012-2020-emergency-start\/#breadcrumb","itemListElement":[{"@type":"ListItem","position":1,"name":"Home","item":"https:\/\/www.key-devices.com\/"},{"@type":"ListItem","position":2,"name":"Shop","item":"https:\/\/www.key-devices.com\/shop\/"},{"@type":"ListItem","position":3,"name":"Iveco 2012 &#8211; 2020 Emergency Start"}]},{"@type":"WebSite","@id":"https:\/\/www.key-devices.com\/#website","url":"https:\/\/www.key-devices.com\/","name":"DISPOSITIVOS CLAVE","description":"","publisher":{"@id":"https:\/\/www.key-devices.com\/#organization"},"potentialAction":[{"@type":"SearchAction","target":{"@type":"EntryPoint","urlTemplate":"https:\/\/www.key-devices.com\/?s={search_term_string}"},"query-input":{"@type":"PropertyValueSpecification","valueRequired":true,"valueName":"search_term_string"}}],"inLanguage":"es"},{"@type":["Organization","Place"],"@id":"https:\/\/www.key-devices.com\/#organization","name":"Los Dispositivos Principales","url":"https:\/\/www.key-devices.com\/","logo":{"@id":"https:\/\/www.key-devices.com\/product\/iveco-2012-2020-emergency-start\/#local-main-organization-logo"},"image":{"@id":"https:\/\/www.key-devices.com\/product\/iveco-2012-2020-emergency-start\/#local-main-organization-logo"},"legalName":"Key Devices","telephone":[],"openingHoursSpecification":[{"@type":"OpeningHoursSpecification","dayOfWeek":["Monday","Tuesday","Wednesday","Thursday","Friday","Saturday","Sunday"],"opens":"09:00","closes":"17:00"}]},{"@type":"ImageObject","inLanguage":"es","@id":"https:\/\/www.key-devices.com\/product\/iveco-2012-2020-emergency-start\/#local-main-organization-logo","url":"https:\/\/www.key-devices.com\/wp-content\/uploads\/cropped-Key-Devices-Logo-official-.png","contentUrl":"https:\/\/www.key-devices.com\/wp-content\/uploads\/cropped-Key-Devices-Logo-official-.png","width":512,"height":512,"caption":"Key Devices"}]},"product_price_currency":"EUR","og_availability":"instock","product_availability":"instock","product_retailer_item_id":"2292","product_condition":"new"},"jetpack_sharing_enabled":true,"_links":{"self":[{"href":"https:\/\/www.key-devices.com\/es\/wp-json\/wp\/v2\/product\/10705","targetHints":{"allow":["GET"]}}],"collection":[{"href":"https:\/\/www.key-devices.com\/es\/wp-json\/wp\/v2\/product"}],"about":[{"href":"https:\/\/www.key-devices.com\/es\/wp-json\/wp\/v2\/types\/product"}],"replies":[{"embeddable":true,"href":"https:\/\/www.key-devices.com\/es\/wp-json\/wp\/v2\/comments?post=10705"}],"wp:featuredmedia":[{"embeddable":true,"href":"https:\/\/www.key-devices.com\/es\/wp-json\/wp\/v2\/media\/10560"}],"wp:attachment":[{"href":"https:\/\/www.key-devices.com\/es\/wp-json\/wp\/v2\/media?parent=10705"}],"wp:term":[{"taxonomy":"product_brand","embeddable":true,"href":"https:\/\/www.key-devices.com\/es\/wp-json\/wp\/v2\/product_brand?post=10705"},{"taxonomy":"product_cat","embeddable":true,"href":"https:\/\/www.key-devices.com\/es\/wp-json\/wp\/v2\/product_cat?post=10705"},{"taxonomy":"product_tag","embeddable":true,"href":"https:\/\/www.key-devices.com\/es\/wp-json\/wp\/v2\/product_tag?post=10705"},{"taxonomy":"vehicles","embeddable":true,"href":"https:\/\/www.key-devices.com\/es\/wp-json\/wp\/v2\/vehicles?post=10705"}],"curies":[{"name":"wp","href":"https:\/\/api.w.org\/{rel}","templated":true}]}}