{"id":10706,"date":"2025-06-07T20:42:13","date_gmt":"2025-06-07T18:42:13","guid":{"rendered":"https:\/\/www.key-devices.com\/?post_type=product&#038;p=10706"},"modified":"2025-07-28T13:22:54","modified_gmt":"2025-07-28T11:22:54","slug":"renault-emergency-start-device-2018","status":"publish","type":"product","link":"https:\/\/www.key-devices.com\/es\/product\/renault-emergency-start-device-2018\/","title":{"rendered":"Dispositivo de arranque de emergencia Renault 2018"},"content":{"rendered":"<h1  style=\"text-align: center;\"><strong>Dispositivo de arranque de emergencia de Renault<\/strong><\/h1>\n<p >En primer lugar, con el nuevo Dispositivo de Arranque de Emergencia Renault 2018*, podr\u00e1s arrancar los modelos Renault Talisman, Espace IV, Espace V y M\u00e9gane IV sin programar la llave\/tarjeta del coche.<\/p>\n<p >A continuaci\u00f3n, deber\u00e1 llevar el veh\u00edculo a su taller o cerrajero y, utilizando nuestro software para PC, hardware y conexi\u00f3n a Internet especiales, podr\u00e1 programar y proporcionar una nueva llave\/tarjeta a su cliente.<\/p>\n<p >Finalmente, luego de seguir estos pasos, recibir\u00e1s tu llave reprogramada.<\/p>\n<p>&nbsp;<\/p>\n<p ><strong><span style=\"color: #ff0000;\">*NUESTROS DISPOSITIVOS SE VENDEN PARA SU USO PRIVADO. NO SOMOS RESPONSABLES POR FRAUDULENTOS O ILEGALES DE USO DE LOS EQUIPOS VENDIDOS.<\/span><\/strong><\/p>","protected":false},"excerpt":{"rendered":"<p class=\"ai-optimize-28\">En primer lugar, aqu\u00ed est\u00e1n los modelos afectados por este dispositivo llave de la marca RENAULT:<\/p>\n<ul>\n<li class=\"ai-optimize-29\">Talisman &#8211; 2015 &#8211; 2018<\/li>\n<li class=\"ai-optimize-30\">Espace IV &#8211; 2015 &#8211; 2018<\/li>\n<li class=\"ai-optimize-31\">Espace V &#8211; 2015 &#8211; 2018<\/li>\n<li class=\"ai-optimize-32\">Megane IV &#8211; 2015 &#8211; 2018<\/li>\n<\/ul>","protected":false},"featured_media":10561,"comment_status":"open","ping_status":"closed","template":"","meta":{"_monsterinsights_skip_tracking":false,"_monsterinsights_sitenote_active":false,"_monsterinsights_sitenote_note":"","_monsterinsights_sitenote_category":0},"product_brand":[1163],"product_cat":[516],"product_tag":[],"vehicles":[976,977,978,1037,975],"class_list":{"0":"post-10706","1":"product","2":"type-product","3":"status-publish","4":"has-post-thumbnail","6":"product_brand-renault","7":"product_cat-key-programmer","8":"vehicles-renault-espace-iv-2015-2018","9":"vehicles-renault-espace-v-2015-2018","10":"vehicles-renault-megane-iv-2015-2018","11":"vehicles-renault-scenic-iv-2015-2018","12":"vehicles-renault-talisman-2015-2018","14":"first","15":"outofstock","16":"featured","17":"shipping-taxable","18":"product-type-simple"},"yoast_head":"<!-- This site is optimized with the Yoast SEO Premium plugin v25.5 (Yoast SEO v27.4) - https:\/\/yoast.com\/product\/yoast-seo-premium-wordpress\/ -->\n<title>Renault Emergency Start Device - Key Devices<\/title>\n<meta name=\"description\" content=\"Renault Emergency Start Device est un nouveau dispositif de programmation de d\u00e9marrage d&#039;urgence Renault Emergency Start Device 2018...\" \/>\n<meta name=\"robots\" content=\"index, follow, max-snippet:-1, max-image-preview:large, max-video-preview:-1\" \/>\n<link rel=\"canonical\" href=\"https:\/\/www.key-devices.com\/es\/product\/renault-emergency-start-device-2018\/\" \/>\n<meta property=\"og:locale\" content=\"es_ES\" \/>\n<meta property=\"og:type\" content=\"article\" \/>\n<meta property=\"og:title\" content=\"Renault Emergency Start Device 2018\" \/>\n<meta property=\"og:description\" content=\"Renault Emergency Start Device est un nouveau dispositif de programmation de d\u00e9marrage d&#039;urgence Renault Emergency Start Device 2018...\" \/>\n<meta property=\"og:url\" content=\"https:\/\/www.key-devices.com\/es\/product\/renault-emergency-start-device-2018\/\" \/>\n<meta property=\"og:site_name\" content=\"KEY DEVICES\" \/>\n<meta property=\"article:modified_time\" content=\"2025-07-28T11:22:54+00:00\" \/>\n<meta property=\"og:image\" content=\"https:\/\/www.key-devices.com\/wp-content\/uploads\/Renault-keyprogrammer-2-rotated-1.jpg\" \/>\n\t<meta property=\"og:image:width\" content=\"1080\" \/>\n\t<meta property=\"og:image:height\" content=\"1920\" \/>\n\t<meta property=\"og:image:type\" content=\"image\/jpeg\" \/>\n<meta name=\"twitter:card\" content=\"summary_large_image\" \/>\n<meta name=\"twitter:label1\" content=\"Precio\" \/>\n\t<meta name=\"twitter:data1\" content=\"\" \/>\n\t<meta name=\"twitter:label2\" content=\"Disponibilidad\" \/>\n\t<meta name=\"twitter:data2\" content=\"Sin existencias\" \/>\n<script type=\"application\/ld+json\" class=\"yoast-schema-graph\">{\"@context\":\"https:\\\/\\\/schema.org\",\"@graph\":[{\"@type\":\"WebPage\",\"@id\":\"https:\\\/\\\/www.key-devices.com\\\/product\\\/renault-emergency-start-device-2018\\\/\",\"url\":\"https:\\\/\\\/www.key-devices.com\\\/product\\\/renault-emergency-start-device-2018\\\/\",\"name\":\"Renault Emergency Start Device - Key Devices\",\"isPartOf\":{\"@id\":\"https:\\\/\\\/www.key-devices.com\\\/#website\"},\"primaryImageOfPage\":{\"@id\":\"https:\\\/\\\/www.key-devices.com\\\/product\\\/renault-emergency-start-device-2018\\\/#primaryimage\"},\"image\":{\"@id\":\"https:\\\/\\\/www.key-devices.com\\\/product\\\/renault-emergency-start-device-2018\\\/#primaryimage\"},\"thumbnailUrl\":\"https:\\\/\\\/www.key-devices.com\\\/wp-content\\\/uploads\\\/Renault-keyprogrammer-2-rotated-1.jpg\",\"datePublished\":\"2025-06-07T18:42:13+00:00\",\"dateModified\":\"2025-07-28T11:22:54+00:00\",\"description\":\"Renault Emergency Start Device est un nouveau dispositif de programmation de d\u00e9marrage d'urgence Renault Emergency Start Device 2018...\",\"breadcrumb\":{\"@id\":\"https:\\\/\\\/www.key-devices.com\\\/product\\\/renault-emergency-start-device-2018\\\/#breadcrumb\"},\"inLanguage\":\"es\",\"potentialAction\":[{\"@type\":\"ReadAction\",\"target\":[\"https:\\\/\\\/www.key-devices.com\\\/product\\\/renault-emergency-start-device-2018\\\/\"]}]},{\"@type\":\"ImageObject\",\"inLanguage\":\"es\",\"@id\":\"https:\\\/\\\/www.key-devices.com\\\/product\\\/renault-emergency-start-device-2018\\\/#primaryimage\",\"url\":\"https:\\\/\\\/www.key-devices.com\\\/wp-content\\\/uploads\\\/Renault-keyprogrammer-2-rotated-1.jpg\",\"contentUrl\":\"https:\\\/\\\/www.key-devices.com\\\/wp-content\\\/uploads\\\/Renault-keyprogrammer-2-rotated-1.jpg\",\"width\":1080,\"height\":1920,\"caption\":\"Renault Emergency Start Device\"},{\"@type\":\"BreadcrumbList\",\"@id\":\"https:\\\/\\\/www.key-devices.com\\\/product\\\/renault-emergency-start-device-2018\\\/#breadcrumb\",\"itemListElement\":[{\"@type\":\"ListItem\",\"position\":1,\"name\":\"Home\",\"item\":\"https:\\\/\\\/www.key-devices.com\\\/\"},{\"@type\":\"ListItem\",\"position\":2,\"name\":\"Shop\",\"item\":\"https:\\\/\\\/www.key-devices.com\\\/shop\\\/\"},{\"@type\":\"ListItem\",\"position\":3,\"name\":\"Renault Emergency Start Device 2018\"}]},{\"@type\":\"WebSite\",\"@id\":\"https:\\\/\\\/www.key-devices.com\\\/#website\",\"url\":\"https:\\\/\\\/www.key-devices.com\\\/\",\"name\":\"KEY DEVICES\",\"description\":\"\",\"publisher\":{\"@id\":\"https:\\\/\\\/www.key-devices.com\\\/#organization\"},\"potentialAction\":[{\"@type\":\"SearchAction\",\"target\":{\"@type\":\"EntryPoint\",\"urlTemplate\":\"https:\\\/\\\/www.key-devices.com\\\/?s={search_term_string}\"},\"query-input\":{\"@type\":\"PropertyValueSpecification\",\"valueRequired\":true,\"valueName\":\"search_term_string\"}}],\"inLanguage\":\"es\"},{\"@type\":[\"Organization\",\"Place\"],\"@id\":\"https:\\\/\\\/www.key-devices.com\\\/#organization\",\"name\":\"Key Devices\",\"url\":\"https:\\\/\\\/www.key-devices.com\\\/\",\"logo\":{\"@id\":\"https:\\\/\\\/www.key-devices.com\\\/product\\\/renault-emergency-start-device-2018\\\/#local-main-organization-logo\"},\"image\":{\"@id\":\"https:\\\/\\\/www.key-devices.com\\\/product\\\/renault-emergency-start-device-2018\\\/#local-main-organization-logo\"},\"legalName\":\"Key Devices\",\"telephone\":[],\"openingHoursSpecification\":[{\"@type\":\"OpeningHoursSpecification\",\"dayOfWeek\":[\"Monday\",\"Tuesday\",\"Wednesday\",\"Thursday\",\"Friday\",\"Saturday\",\"Sunday\"],\"opens\":\"09:00\",\"closes\":\"17:00\"}]},{\"@type\":\"ImageObject\",\"inLanguage\":\"es\",\"@id\":\"https:\\\/\\\/www.key-devices.com\\\/product\\\/renault-emergency-start-device-2018\\\/#local-main-organization-logo\",\"url\":\"https:\\\/\\\/www.key-devices.com\\\/wp-content\\\/uploads\\\/cropped-Key-Devices-Logo-official-.png\",\"contentUrl\":\"https:\\\/\\\/www.key-devices.com\\\/wp-content\\\/uploads\\\/cropped-Key-Devices-Logo-official-.png\",\"width\":512,\"height\":512,\"caption\":\"Key Devices\"}]}<\/script>\n<meta property=\"product:price:currency\" content=\"EUR\" \/>\n<meta property=\"og:availability\" content=\"out of stock\" \/>\n<meta property=\"product:availability\" content=\"out of stock\" \/>\n<meta property=\"product:retailer_item_id\" content=\"2295\" \/>\n<meta property=\"product:condition\" content=\"new\" \/>\n<!-- \/ Yoast SEO Premium plugin. -->","yoast_head_json":{"title":"Renault Emergency Start Device - Key Devices","description":"Renault Emergency Start Device est un nouveau dispositif de programmation de d\u00e9marrage d&#039;urgence Renault Emergency Start Device 2018...","robots":{"index":"index","follow":"follow","max-snippet":"max-snippet:-1","max-image-preview":"max-image-preview:large","max-video-preview":"max-video-preview:-1"},"canonical":"https:\/\/www.key-devices.com\/es\/product\/renault-emergency-start-device-2018\/","og_locale":"es_ES","og_type":"article","og_title":"Renault Emergency Start Device 2018","og_description":"Renault Emergency Start Device est un nouveau dispositif de programmation de d\u00e9marrage d'urgence Renault Emergency Start Device 2018...","og_url":"https:\/\/www.key-devices.com\/es\/product\/renault-emergency-start-device-2018\/","og_site_name":"KEY DEVICES","article_modified_time":"2025-07-28T11:22:54+00:00","og_image":[{"width":1080,"height":1920,"url":"https:\/\/www.key-devices.com\/wp-content\/uploads\/Renault-keyprogrammer-2-rotated-1.jpg","type":"image\/jpeg"}],"twitter_card":"summary_large_image","twitter_misc":{"Precio":"","Disponibilidad":"Sin existencias"},"schema":{"@context":"https:\/\/schema.org","@graph":[{"@type":"WebPage","@id":"https:\/\/www.key-devices.com\/product\/renault-emergency-start-device-2018\/","url":"https:\/\/www.key-devices.com\/product\/renault-emergency-start-device-2018\/","name":"Renault Emergency Start Device - Key Devices","isPartOf":{"@id":"https:\/\/www.key-devices.com\/#website"},"primaryImageOfPage":{"@id":"https:\/\/www.key-devices.com\/product\/renault-emergency-start-device-2018\/#primaryimage"},"image":{"@id":"https:\/\/www.key-devices.com\/product\/renault-emergency-start-device-2018\/#primaryimage"},"thumbnailUrl":"https:\/\/www.key-devices.com\/wp-content\/uploads\/Renault-keyprogrammer-2-rotated-1.jpg","datePublished":"2025-06-07T18:42:13+00:00","dateModified":"2025-07-28T11:22:54+00:00","description":"Renault Emergency Start Device est un nouveau dispositif de programmation de d\u00e9marrage d&#039;urgence Renault Emergency Start Device 2018...","breadcrumb":{"@id":"https:\/\/www.key-devices.com\/product\/renault-emergency-start-device-2018\/#breadcrumb"},"inLanguage":"es","potentialAction":[{"@type":"ReadAction","target":["https:\/\/www.key-devices.com\/product\/renault-emergency-start-device-2018\/"]}]},{"@type":"ImageObject","inLanguage":"es","@id":"https:\/\/www.key-devices.com\/product\/renault-emergency-start-device-2018\/#primaryimage","url":"https:\/\/www.key-devices.com\/wp-content\/uploads\/Renault-keyprogrammer-2-rotated-1.jpg","contentUrl":"https:\/\/www.key-devices.com\/wp-content\/uploads\/Renault-keyprogrammer-2-rotated-1.jpg","width":1080,"height":1920,"caption":"Renault Emergency Start Device"},{"@type":"BreadcrumbList","@id":"https:\/\/www.key-devices.com\/product\/renault-emergency-start-device-2018\/#breadcrumb","itemListElement":[{"@type":"ListItem","position":1,"name":"Home","item":"https:\/\/www.key-devices.com\/"},{"@type":"ListItem","position":2,"name":"Shop","item":"https:\/\/www.key-devices.com\/shop\/"},{"@type":"ListItem","position":3,"name":"Renault Emergency Start Device 2018"}]},{"@type":"WebSite","@id":"https:\/\/www.key-devices.com\/#website","url":"https:\/\/www.key-devices.com\/","name":"DISPOSITIVOS CLAVE","description":"","publisher":{"@id":"https:\/\/www.key-devices.com\/#organization"},"potentialAction":[{"@type":"SearchAction","target":{"@type":"EntryPoint","urlTemplate":"https:\/\/www.key-devices.com\/?s={search_term_string}"},"query-input":{"@type":"PropertyValueSpecification","valueRequired":true,"valueName":"search_term_string"}}],"inLanguage":"es"},{"@type":["Organization","Place"],"@id":"https:\/\/www.key-devices.com\/#organization","name":"Los Dispositivos Principales","url":"https:\/\/www.key-devices.com\/","logo":{"@id":"https:\/\/www.key-devices.com\/product\/renault-emergency-start-device-2018\/#local-main-organization-logo"},"image":{"@id":"https:\/\/www.key-devices.com\/product\/renault-emergency-start-device-2018\/#local-main-organization-logo"},"legalName":"Key Devices","telephone":[],"openingHoursSpecification":[{"@type":"OpeningHoursSpecification","dayOfWeek":["Monday","Tuesday","Wednesday","Thursday","Friday","Saturday","Sunday"],"opens":"09:00","closes":"17:00"}]},{"@type":"ImageObject","inLanguage":"es","@id":"https:\/\/www.key-devices.com\/product\/renault-emergency-start-device-2018\/#local-main-organization-logo","url":"https:\/\/www.key-devices.com\/wp-content\/uploads\/cropped-Key-Devices-Logo-official-.png","contentUrl":"https:\/\/www.key-devices.com\/wp-content\/uploads\/cropped-Key-Devices-Logo-official-.png","width":512,"height":512,"caption":"Key Devices"}]},"product_price_currency":"EUR","og_availability":"out of stock","product_availability":"out of stock","product_retailer_item_id":"2295","product_condition":"new"},"jetpack_sharing_enabled":true,"_links":{"self":[{"href":"https:\/\/www.key-devices.com\/es\/wp-json\/wp\/v2\/product\/10706","targetHints":{"allow":["GET"]}}],"collection":[{"href":"https:\/\/www.key-devices.com\/es\/wp-json\/wp\/v2\/product"}],"about":[{"href":"https:\/\/www.key-devices.com\/es\/wp-json\/wp\/v2\/types\/product"}],"replies":[{"embeddable":true,"href":"https:\/\/www.key-devices.com\/es\/wp-json\/wp\/v2\/comments?post=10706"}],"wp:featuredmedia":[{"embeddable":true,"href":"https:\/\/www.key-devices.com\/es\/wp-json\/wp\/v2\/media\/10561"}],"wp:attachment":[{"href":"https:\/\/www.key-devices.com\/es\/wp-json\/wp\/v2\/media?parent=10706"}],"wp:term":[{"taxonomy":"product_brand","embeddable":true,"href":"https:\/\/www.key-devices.com\/es\/wp-json\/wp\/v2\/product_brand?post=10706"},{"taxonomy":"product_cat","embeddable":true,"href":"https:\/\/www.key-devices.com\/es\/wp-json\/wp\/v2\/product_cat?post=10706"},{"taxonomy":"product_tag","embeddable":true,"href":"https:\/\/www.key-devices.com\/es\/wp-json\/wp\/v2\/product_tag?post=10706"},{"taxonomy":"vehicles","embeddable":true,"href":"https:\/\/www.key-devices.com\/es\/wp-json\/wp\/v2\/vehicles?post=10706"}],"curies":[{"name":"wp","href":"https:\/\/api.w.org\/{rel}","templated":true}]}}