{"id":10708,"date":"2025-06-07T20:42:13","date_gmt":"2025-06-07T18:42:13","guid":{"rendered":"https:\/\/www.key-devices.com\/?post_type=product&#038;p=10708"},"modified":"2025-07-28T13:22:55","modified_gmt":"2025-07-28T11:22:55","slug":"peugeot-citroen-key-programming-device-2005-2019","status":"publish","type":"product","link":"https:\/\/www.key-devices.com\/es\/product\/peugeot-citroen-key-programming-device-2005-2019\/","title":{"rendered":"Dispositivo de programaci\u00f3n de llaves Peugeot Citro\u00ebn 2005-2019"},"content":{"rendered":"<h1  style=\"text-align: center;\">Dispositivo de programaci\u00f3n de llaves Peugeot Citro\u00ebn 2005-2019<\/h1>\n<p >Primero de todos, con este &#034;Peugeot Citroen Programaci\u00f3n de la Llave del Dispositivo de 2005 \u2013 2019&#034; tecla de dispositivo, usted puede programar nuevas llaves sin necesidad de un inmovilizador de c\u00f3digo PIN.<\/p>\n<p >De hecho, toda la programaci\u00f3n se realiza a trav\u00e9s de OBD II para veh\u00edculos con CAN BUS y UDS protocolos de diagn\u00f3stico.<\/p>\n<p >En segundo lugar, es muy f\u00e1cil de usar; simplemente ajuste los interruptores para seleccionar el n\u00famero de teclas para ser programado y conecte el dispositivo en el puerto OBD II.<\/p>\n<p >El dispositivo tambi\u00e9n funciona en los veh\u00edculos de 2005 a 2019 y algunos modelos posteriores.<\/p>\n<h2  style=\"text-align: center;\">Caracter\u00edsticas :<\/h2>\n<p>&nbsp;<\/p>\n<p >En primer lugar, el c\u00f3digo PIN de la lectura:<\/p>\n<p >El dispositivo lee el c\u00f3digo PIN necesario para el programa de la llave del inmovilizador directamente desde el coche del BSI m\u00f3dulo a trav\u00e9s de OBD II.<br \/>\nSegundo, no hay necesidad de desmontar la BSI o de la ECU para leer el c\u00f3digo PIN.<\/p>\n<p >En tercer lugar, con el dispositivo, usted puede programar tantas claves como el fabricante lo permite.<\/p>\n<p>&nbsp;<\/p>\n<p ><span style=\"color: #ff0000;\"><strong>* NUESTROS DISPOSITIVOS SE VENDEN EXCLUSIVAMENTE PARA USO OFICIAL Y PRIVADO. NO NOS HACEMOS RESPONSABLES DEL USO FRAUDULENTO O ILEGAL DEL EQUIPO QUE SE LE VENDE.<\/strong><\/span><\/p>","protected":false},"excerpt":{"rendered":"<p class=\"ai-optimize-31\">Primero de todo, estos son los modelos compatibles con este dispositivo de la marca PEUGEOT:<\/p>\n<ul>\n<li class=\"ai-optimize-32\"><strong>1007<\/strong><\/li>\n<li class=\"ai-optimize-33\"><strong>206 (1,4 HDI, 2.0 HDI)<\/strong><\/li>\n<li class=\"ai-optimize-34\"><strong>207<\/strong><\/li>\n<li class=\"ai-optimize-35\"><strong>306 (2.0 HDI)<\/strong><\/li>\n<li class=\"ai-optimize-36\"><strong>307 (2.0 HDI)<\/strong><\/li>\n<li class=\"ai-optimize-37\"><strong>307 2005+<\/strong><\/li>\n<li class=\"ai-optimize-38\"><strong>208 2012+<\/strong><\/li>\n<li class=\"ai-optimize-39\"><strong>2008 2013+<\/strong><\/li>\n<li class=\"ai-optimize-40\"><strong>308<\/strong><\/li>\n<li class=\"ai-optimize-41\"><strong>3008<\/strong><\/li>\n<li class=\"ai-optimize-42\"><strong>508<\/strong><\/li>\n<li class=\"ai-optimize-43\"><strong>5008<\/strong><\/li>\n<li class=\"ai-optimize-44\"><strong>406 (2.0 HDI)<\/strong><\/li>\n<li class=\"ai-optimize-45\"><strong>407<\/strong><\/li>\n<li class=\"ai-optimize-46\"><strong>607 2006+<\/strong><\/li>\n<li class=\"ai-optimize-47\"><strong>807 2006+<\/strong><\/li>\n<li class=\"ai-optimize-48\"><strong>Experto II<\/strong><\/li>\n<li class=\"ai-optimize-49\"><strong>Socio (2.0 HDI)<\/strong><\/li>\n<li class=\"ai-optimize-50\"><strong>Rancho (2.0 HDI)<\/strong><\/li>\n<li class=\"ai-optimize-51\"><strong>Socio de 2008+<\/strong><\/li>\n<\/ul>\n<p class=\"ai-optimize-52\">Entonces, para el CITROEN marca:<\/p>\n<ul>\n<li class=\"ai-optimize-53\"><strong>C2<\/strong><\/li>\n<li class=\"ai-optimize-54\"><strong>C3 (1.4 HDI)<\/strong><\/li>\n<li class=\"ai-optimize-55\"><strong>C3 2006+<\/strong><\/li>\n<li class=\"ai-optimize-56\"><strong>C3 II<\/strong><\/li>\n<li class=\"ai-optimize-57\"><strong>Entonces, DS3<\/strong><strong> C4<\/strong><\/li>\n<li class=\"ai-optimize-58\"><strong>C4 Picasso<\/strong><\/li>\n<li class=\"ai-optimize-59\"><strong>Entonces, C4 II<\/strong><\/li>\n<li class=\"ai-optimize-60\"><strong>DS4<\/strong><\/li>\n<li class=\"ai-optimize-61\"><strong>Entonces, C5 (2.0 HDI)<\/strong><\/li>\n<li class=\"ai-optimize-62\"><strong>C5 2004+<\/strong><\/li>\n<li class=\"ai-optimize-63\"><strong>Entonces, C5 II 2007+<\/strong><\/li>\n<li class=\"ai-optimize-64\"><strong>DS5<\/strong><\/li>\n<li class=\"ai-optimize-65\"><strong>Entonces, C6<\/strong><\/li>\n<li class=\"ai-optimize-66\"><strong>C8 2007+<\/strong><\/li>\n<li class=\"ai-optimize-67\"><strong>Jumpy II<\/strong><\/li>\n<li class=\"ai-optimize-68\"><strong>Entonces, Xsara (2.0 HDI)<\/strong><\/li>\n<li class=\"ai-optimize-69\"><strong>Xsara Picasso 2.0 HDI)<\/strong><\/li>\n<li class=\"ai-optimize-70\"><strong>Saxo (1.4 HDI)<\/strong><\/li>\n<li class=\"ai-optimize-71\"><strong>Entonces, Berlingo (2.0 HDI)<\/strong><\/li>\n<li class=\"ai-optimize-72\"><strong>Berlingo 2008+<\/strong><\/li>\n<li class=\"ai-optimize-73\"><strong>Siguiente, Xantia (2.0 HDI)<\/strong><\/li>\n<li class=\"ai-optimize-74\"><strong>Picasso 2.0 HDI)<\/strong><\/li>\n<li class=\"ai-optimize-75\"><strong>Por \u00daltimo, El C-Elysee 2012+<\/strong><\/li>\n<\/ul>","protected":false},"featured_media":10565,"comment_status":"open","ping_status":"closed","template":"","meta":{"_monsterinsights_skip_tracking":false,"_monsterinsights_sitenote_active":false,"_monsterinsights_sitenote_note":"","_monsterinsights_sitenote_category":0},"product_brand":[1173,1172],"product_cat":[516],"product_tag":[550,542,526,556],"vehicles":[932,914,915,917,916,920,919,922,923,926,918,921,925,928,935,931,934,929,930,903,904,894,895,896,897,898,899,902,906,907,905,908,909,910,911,912],"class_list":{"0":"post-10708","1":"product","2":"type-product","3":"status-publish","4":"has-post-thumbnail","6":"product_brand-citroen","7":"product_brand-peugeot","8":"product_cat-key-programmer","9":"product_tag-citroen","10":"product_tag-key-device","11":"product_tag-key-programmer","12":"product_tag-peugeot","13":"vehicles-citroen-berlingo-2-0-hdi-2005-2019","14":"vehicles-citroen-c2-2005-2019","15":"vehicles-citroen-c3-1-4-hdi-2005-2019","16":"vehicles-citroen-c3-ii-2005-2019","17":"vehicles-citroen-c3-2006","18":"vehicles-citroen-c4-ii-2005-2019","19":"vehicles-citroen-c4-picasso-2005-2019","20":"vehicles-citroen-c5-2-0-hdi-2005-2019","21":"vehicles-citroen-c5-2004","22":"vehicles-citroen-c6-2005-2019","23":"vehicles-citroen-ds3-c4-2005-2019","24":"vehicles-citroen-ds4-2005-2019","25":"vehicles-citroen-ds5-2005-2019","26":"vehicles-citroen-jumpy-ii-2005-2019","27":"vehicles-citroen-picasso-2-0-hdi-2005-2019","28":"vehicles-citroen-saxo-1-4-hdi-2005-2019","29":"vehicles-citroen-xantia-2-0-hdi-2005-2019","30":"vehicles-citroen-xsara-2-0-hdi-2005-2019","31":"vehicles-citroen-xsara-picasso-2-0-hdi-2005-2019","32":"vehicles-peugeot-3008-2005-2019","33":"vehicles-peugeot-508-2005-2019","34":"vehicles-peugeot-1007-2005-2019","35":"vehicles-peugeot-206-14-hdi-2-0-hdi-2005-2019","36":"vehicles-peugeot-207-2005-2019","37":"vehicles-peugeot-306-2-0-hdi-2005-2019","38":"vehicles-peugeot-307-2-0-hdi-2005-2019","39":"vehicles-peugeot-307-2005","40":"vehicles-peugeot-308-2005-2019","41":"vehicles-peugeot-406-2-0-hdi-2005-2019","42":"vehicles-peugeot-407-2005-2019","43":"vehicles-peugeot-5008-2005-2019","44":"vehicles-peugeot-607-2006","45":"vehicles-peugeot-807-2006","46":"vehicles-peugeot-expert-ii-2005-2019","47":"vehicles-peugeot-partner-2-0-hdi-2005-2019","48":"vehicles-peugeot-ranch-2-0-hdi-2005-2019","50":"first","51":"outofstock","52":"featured","53":"shipping-taxable","54":"product-type-simple"},"yoast_head":"<!-- This site is optimized with the Yoast SEO Premium plugin v25.5 (Yoast SEO v27.4) - https:\/\/yoast.com\/product\/yoast-seo-premium-wordpress\/ -->\n<title>Peugeot Citroen Key Programming Device 2005 - 2019<\/title>\n<meta name=\"description\" content=\"Peugeot Citroen Key Programming Device 2005 - 2019, vous pouvez programmer de nouvelles cl\u00e9s sans avoir besoin de toucher....\" \/>\n<meta name=\"robots\" content=\"index, follow, max-snippet:-1, max-image-preview:large, max-video-preview:-1\" \/>\n<link rel=\"canonical\" href=\"https:\/\/www.key-devices.com\/es\/product\/peugeot-citroen-key-programming-device-2005-2019\/\" \/>\n<meta property=\"og:locale\" content=\"es_ES\" \/>\n<meta property=\"og:type\" content=\"article\" \/>\n<meta property=\"og:title\" content=\"Peugeot Citroen Key Programming Device 2005 - 2019\" \/>\n<meta property=\"og:description\" content=\"Peugeot Citroen Key Programming Device 2005 - 2019, vous pouvez programmer de nouvelles cl\u00e9s sans avoir besoin de toucher....\" \/>\n<meta property=\"og:url\" content=\"https:\/\/www.key-devices.com\/es\/product\/peugeot-citroen-key-programming-device-2005-2019\/\" \/>\n<meta property=\"og:site_name\" content=\"KEY DEVICES\" \/>\n<meta property=\"article:modified_time\" content=\"2025-07-28T11:22:55+00:00\" \/>\n<meta property=\"og:image\" content=\"https:\/\/www.key-devices.com\/wp-content\/uploads\/Peugeot-Citroen-keyprogrammer-1.jpg\" \/>\n\t<meta property=\"og:image:width\" content=\"1200\" \/>\n\t<meta property=\"og:image:height\" content=\"1600\" \/>\n\t<meta property=\"og:image:type\" content=\"image\/jpeg\" \/>\n<meta name=\"twitter:card\" content=\"summary_large_image\" \/>\n<meta name=\"twitter:label1\" content=\"Precio\" \/>\n\t<meta name=\"twitter:data1\" content=\"\" \/>\n\t<meta name=\"twitter:label2\" content=\"Disponibilidad\" \/>\n\t<meta name=\"twitter:data2\" content=\"Sin existencias\" \/>\n<script type=\"application\/ld+json\" class=\"yoast-schema-graph\">{\"@context\":\"https:\\\/\\\/schema.org\",\"@graph\":[{\"@type\":\"WebPage\",\"@id\":\"https:\\\/\\\/www.key-devices.com\\\/product\\\/peugeot-citroen-key-programming-device-2005-2019\\\/\",\"url\":\"https:\\\/\\\/www.key-devices.com\\\/product\\\/peugeot-citroen-key-programming-device-2005-2019\\\/\",\"name\":\"Peugeot Citroen Key Programming Device 2005 - 2019\",\"isPartOf\":{\"@id\":\"https:\\\/\\\/www.key-devices.com\\\/#website\"},\"primaryImageOfPage\":{\"@id\":\"https:\\\/\\\/www.key-devices.com\\\/product\\\/peugeot-citroen-key-programming-device-2005-2019\\\/#primaryimage\"},\"image\":{\"@id\":\"https:\\\/\\\/www.key-devices.com\\\/product\\\/peugeot-citroen-key-programming-device-2005-2019\\\/#primaryimage\"},\"thumbnailUrl\":\"https:\\\/\\\/www.key-devices.com\\\/wp-content\\\/uploads\\\/Peugeot-Citroen-keyprogrammer-1.jpg\",\"datePublished\":\"2025-06-07T18:42:13+00:00\",\"dateModified\":\"2025-07-28T11:22:55+00:00\",\"description\":\"Peugeot Citroen Key Programming Device 2005 - 2019, vous pouvez programmer de nouvelles cl\u00e9s sans avoir besoin de toucher....\",\"breadcrumb\":{\"@id\":\"https:\\\/\\\/www.key-devices.com\\\/product\\\/peugeot-citroen-key-programming-device-2005-2019\\\/#breadcrumb\"},\"inLanguage\":\"es\",\"potentialAction\":[{\"@type\":\"ReadAction\",\"target\":[\"https:\\\/\\\/www.key-devices.com\\\/product\\\/peugeot-citroen-key-programming-device-2005-2019\\\/\"]}]},{\"@type\":\"ImageObject\",\"inLanguage\":\"es\",\"@id\":\"https:\\\/\\\/www.key-devices.com\\\/product\\\/peugeot-citroen-key-programming-device-2005-2019\\\/#primaryimage\",\"url\":\"https:\\\/\\\/www.key-devices.com\\\/wp-content\\\/uploads\\\/Peugeot-Citroen-keyprogrammer-1.jpg\",\"contentUrl\":\"https:\\\/\\\/www.key-devices.com\\\/wp-content\\\/uploads\\\/Peugeot-Citroen-keyprogrammer-1.jpg\",\"width\":1200,\"height\":1600,\"caption\":\"Peugeot Citroen Key Programming Device 2005 - 2019\"},{\"@type\":\"BreadcrumbList\",\"@id\":\"https:\\\/\\\/www.key-devices.com\\\/product\\\/peugeot-citroen-key-programming-device-2005-2019\\\/#breadcrumb\",\"itemListElement\":[{\"@type\":\"ListItem\",\"position\":1,\"name\":\"Home\",\"item\":\"https:\\\/\\\/www.key-devices.com\\\/\"},{\"@type\":\"ListItem\",\"position\":2,\"name\":\"Shop\",\"item\":\"https:\\\/\\\/www.key-devices.com\\\/shop\\\/\"},{\"@type\":\"ListItem\",\"position\":3,\"name\":\"Peugeot Citroen Key Programming Device 2005 &#8211; 2019\"}]},{\"@type\":\"WebSite\",\"@id\":\"https:\\\/\\\/www.key-devices.com\\\/#website\",\"url\":\"https:\\\/\\\/www.key-devices.com\\\/\",\"name\":\"KEY DEVICES\",\"description\":\"\",\"publisher\":{\"@id\":\"https:\\\/\\\/www.key-devices.com\\\/#organization\"},\"potentialAction\":[{\"@type\":\"SearchAction\",\"target\":{\"@type\":\"EntryPoint\",\"urlTemplate\":\"https:\\\/\\\/www.key-devices.com\\\/?s={search_term_string}\"},\"query-input\":{\"@type\":\"PropertyValueSpecification\",\"valueRequired\":true,\"valueName\":\"search_term_string\"}}],\"inLanguage\":\"es\"},{\"@type\":[\"Organization\",\"Place\"],\"@id\":\"https:\\\/\\\/www.key-devices.com\\\/#organization\",\"name\":\"Key Devices\",\"url\":\"https:\\\/\\\/www.key-devices.com\\\/\",\"logo\":{\"@id\":\"https:\\\/\\\/www.key-devices.com\\\/product\\\/peugeot-citroen-key-programming-device-2005-2019\\\/#local-main-organization-logo\"},\"image\":{\"@id\":\"https:\\\/\\\/www.key-devices.com\\\/product\\\/peugeot-citroen-key-programming-device-2005-2019\\\/#local-main-organization-logo\"},\"legalName\":\"Key Devices\",\"telephone\":[],\"openingHoursSpecification\":[{\"@type\":\"OpeningHoursSpecification\",\"dayOfWeek\":[\"Monday\",\"Tuesday\",\"Wednesday\",\"Thursday\",\"Friday\",\"Saturday\",\"Sunday\"],\"opens\":\"09:00\",\"closes\":\"17:00\"}]},{\"@type\":\"ImageObject\",\"inLanguage\":\"es\",\"@id\":\"https:\\\/\\\/www.key-devices.com\\\/product\\\/peugeot-citroen-key-programming-device-2005-2019\\\/#local-main-organization-logo\",\"url\":\"https:\\\/\\\/www.key-devices.com\\\/wp-content\\\/uploads\\\/cropped-Key-Devices-Logo-official-.png\",\"contentUrl\":\"https:\\\/\\\/www.key-devices.com\\\/wp-content\\\/uploads\\\/cropped-Key-Devices-Logo-official-.png\",\"width\":512,\"height\":512,\"caption\":\"Key Devices\"}]}<\/script>\n<meta property=\"product:price:currency\" content=\"EUR\" \/>\n<meta property=\"og:availability\" content=\"out of stock\" \/>\n<meta property=\"product:availability\" content=\"out of stock\" \/>\n<meta property=\"product:retailer_item_id\" content=\"2302\" \/>\n<meta property=\"product:condition\" content=\"new\" \/>\n<!-- \/ Yoast SEO Premium plugin. -->","yoast_head_json":{"title":"Dispositivo de programaci\u00f3n de llaves Peugeot Citro\u00ebn 2005-2019","description":"Peugeot Citroen Programaci\u00f3n de la Llave del Dispositivo de 2005 - 2019, vous puede programador de nouvelles cl\u00e9s sans avoir besoin de toucher....","robots":{"index":"index","follow":"follow","max-snippet":"max-snippet:-1","max-image-preview":"max-image-preview:large","max-video-preview":"max-video-preview:-1"},"canonical":"https:\/\/www.key-devices.com\/es\/product\/peugeot-citroen-key-programming-device-2005-2019\/","og_locale":"es_ES","og_type":"article","og_title":"Peugeot Citroen Key Programming Device 2005 - 2019","og_description":"Peugeot Citroen Key Programming Device 2005 - 2019, vous pouvez programmer de nouvelles cl\u00e9s sans avoir besoin de toucher....","og_url":"https:\/\/www.key-devices.com\/es\/product\/peugeot-citroen-key-programming-device-2005-2019\/","og_site_name":"KEY DEVICES","article_modified_time":"2025-07-28T11:22:55+00:00","og_image":[{"width":1200,"height":1600,"url":"https:\/\/www.key-devices.com\/wp-content\/uploads\/Peugeot-Citroen-keyprogrammer-1.jpg","type":"image\/jpeg"}],"twitter_card":"summary_large_image","twitter_misc":{"Precio":"","Disponibilidad":"Sin existencias"},"schema":{"@context":"https:\/\/schema.org","@graph":[{"@type":"WebPage","@id":"https:\/\/www.key-devices.com\/product\/peugeot-citroen-key-programming-device-2005-2019\/","url":"https:\/\/www.key-devices.com\/product\/peugeot-citroen-key-programming-device-2005-2019\/","name":"Dispositivo de programaci\u00f3n de llaves Peugeot Citro\u00ebn 2005-2019","isPartOf":{"@id":"https:\/\/www.key-devices.com\/#website"},"primaryImageOfPage":{"@id":"https:\/\/www.key-devices.com\/product\/peugeot-citroen-key-programming-device-2005-2019\/#primaryimage"},"image":{"@id":"https:\/\/www.key-devices.com\/product\/peugeot-citroen-key-programming-device-2005-2019\/#primaryimage"},"thumbnailUrl":"https:\/\/www.key-devices.com\/wp-content\/uploads\/Peugeot-Citroen-keyprogrammer-1.jpg","datePublished":"2025-06-07T18:42:13+00:00","dateModified":"2025-07-28T11:22:55+00:00","description":"Peugeot Citroen Programaci\u00f3n de la Llave del Dispositivo de 2005 - 2019, vous puede programador de nouvelles cl\u00e9s sans avoir besoin de toucher....","breadcrumb":{"@id":"https:\/\/www.key-devices.com\/product\/peugeot-citroen-key-programming-device-2005-2019\/#breadcrumb"},"inLanguage":"es","potentialAction":[{"@type":"ReadAction","target":["https:\/\/www.key-devices.com\/product\/peugeot-citroen-key-programming-device-2005-2019\/"]}]},{"@type":"ImageObject","inLanguage":"es","@id":"https:\/\/www.key-devices.com\/product\/peugeot-citroen-key-programming-device-2005-2019\/#primaryimage","url":"https:\/\/www.key-devices.com\/wp-content\/uploads\/Peugeot-Citroen-keyprogrammer-1.jpg","contentUrl":"https:\/\/www.key-devices.com\/wp-content\/uploads\/Peugeot-Citroen-keyprogrammer-1.jpg","width":1200,"height":1600,"caption":"Peugeot Citroen Key Programming Device 2005 - 2019"},{"@type":"BreadcrumbList","@id":"https:\/\/www.key-devices.com\/product\/peugeot-citroen-key-programming-device-2005-2019\/#breadcrumb","itemListElement":[{"@type":"ListItem","position":1,"name":"Home","item":"https:\/\/www.key-devices.com\/"},{"@type":"ListItem","position":2,"name":"Shop","item":"https:\/\/www.key-devices.com\/shop\/"},{"@type":"ListItem","position":3,"name":"Peugeot Citroen Key Programming Device 2005 &#8211; 2019"}]},{"@type":"WebSite","@id":"https:\/\/www.key-devices.com\/#website","url":"https:\/\/www.key-devices.com\/","name":"DISPOSITIVOS CLAVE","description":"","publisher":{"@id":"https:\/\/www.key-devices.com\/#organization"},"potentialAction":[{"@type":"SearchAction","target":{"@type":"EntryPoint","urlTemplate":"https:\/\/www.key-devices.com\/?s={search_term_string}"},"query-input":{"@type":"PropertyValueSpecification","valueRequired":true,"valueName":"search_term_string"}}],"inLanguage":"es"},{"@type":["Organization","Place"],"@id":"https:\/\/www.key-devices.com\/#organization","name":"Los Dispositivos Principales","url":"https:\/\/www.key-devices.com\/","logo":{"@id":"https:\/\/www.key-devices.com\/product\/peugeot-citroen-key-programming-device-2005-2019\/#local-main-organization-logo"},"image":{"@id":"https:\/\/www.key-devices.com\/product\/peugeot-citroen-key-programming-device-2005-2019\/#local-main-organization-logo"},"legalName":"Key Devices","telephone":[],"openingHoursSpecification":[{"@type":"OpeningHoursSpecification","dayOfWeek":["Monday","Tuesday","Wednesday","Thursday","Friday","Saturday","Sunday"],"opens":"09:00","closes":"17:00"}]},{"@type":"ImageObject","inLanguage":"es","@id":"https:\/\/www.key-devices.com\/product\/peugeot-citroen-key-programming-device-2005-2019\/#local-main-organization-logo","url":"https:\/\/www.key-devices.com\/wp-content\/uploads\/cropped-Key-Devices-Logo-official-.png","contentUrl":"https:\/\/www.key-devices.com\/wp-content\/uploads\/cropped-Key-Devices-Logo-official-.png","width":512,"height":512,"caption":"Key Devices"}]},"product_price_currency":"EUR","og_availability":"out of stock","product_availability":"out of stock","product_retailer_item_id":"2302","product_condition":"new"},"jetpack_sharing_enabled":true,"_links":{"self":[{"href":"https:\/\/www.key-devices.com\/es\/wp-json\/wp\/v2\/product\/10708","targetHints":{"allow":["GET"]}}],"collection":[{"href":"https:\/\/www.key-devices.com\/es\/wp-json\/wp\/v2\/product"}],"about":[{"href":"https:\/\/www.key-devices.com\/es\/wp-json\/wp\/v2\/types\/product"}],"replies":[{"embeddable":true,"href":"https:\/\/www.key-devices.com\/es\/wp-json\/wp\/v2\/comments?post=10708"}],"wp:featuredmedia":[{"embeddable":true,"href":"https:\/\/www.key-devices.com\/es\/wp-json\/wp\/v2\/media\/10565"}],"wp:attachment":[{"href":"https:\/\/www.key-devices.com\/es\/wp-json\/wp\/v2\/media?parent=10708"}],"wp:term":[{"taxonomy":"product_brand","embeddable":true,"href":"https:\/\/www.key-devices.com\/es\/wp-json\/wp\/v2\/product_brand?post=10708"},{"taxonomy":"product_cat","embeddable":true,"href":"https:\/\/www.key-devices.com\/es\/wp-json\/wp\/v2\/product_cat?post=10708"},{"taxonomy":"product_tag","embeddable":true,"href":"https:\/\/www.key-devices.com\/es\/wp-json\/wp\/v2\/product_tag?post=10708"},{"taxonomy":"vehicles","embeddable":true,"href":"https:\/\/www.key-devices.com\/es\/wp-json\/wp\/v2\/vehicles?post=10708"}],"curies":[{"name":"wp","href":"https:\/\/api.w.org\/{rel}","templated":true}]}}