{"id":10710,"date":"2025-06-07T20:42:14","date_gmt":"2025-06-07T18:42:14","guid":{"rendered":"https:\/\/www.key-devices.com\/?post_type=product&#038;p=10710"},"modified":"2025-07-28T13:22:49","modified_gmt":"2025-07-28T11:22:49","slug":"range-rover-land-rover-jaguar","status":"publish","type":"product","link":"https:\/\/www.key-devices.com\/es\/product\/range-rover-land-rover-jaguar\/","title":{"rendered":"Range Rover Land Rover Jaguar"},"content":{"rendered":"<h1  style=\"text-align: center;\">Range Rover Land Rover Jaguar<\/h1>\n<p >El &#034;Range Rover Land Rover Jaguar&#034; independiente tecla de programaci\u00f3n del dispositivo est\u00e1 dise\u00f1ado para el programa de originales adicionales claves en el nuevo Land Rover\/Jaguar (JLR) veh\u00edculos a trav\u00e9s de OBD II, incluso si todas las llaves se pierden.<\/p>\n<p >Admite el dispositivo PUEDE basada en modelos a partir de 2010.<\/p>\n<p >Programaci\u00f3n de la llave tarda 15 segundos si no hay errores en el aire la transmisi\u00f3n de la se\u00f1al de la llave inteligente en el veh\u00edculo. Si hay errores,<\/p>\n<p >la programaci\u00f3n puede tomar aproximadamente 25 segundos despu\u00e9s de repetir algunos pasos del procedimiento de programaci\u00f3n. Usted puede programar un m\u00e1ximo de 8 llaves en el inmovilizador de la memoria.<\/p>\n<p>&nbsp;<\/p>\n<p ><span style=\"color: #ff0000;\"><strong>*NUESTROS DISPOSITIVOS SE VENDEN PARA SU USO PRIVADO. NO SOMOS RESPONSABLES POR FRAUDULENTOS O ILEGALES DE USO DE LOS EQUIPOS VENDIDOS.<\/strong><\/span><\/p>","protected":false},"excerpt":{"rendered":"<p class=\"ai-optimize-28\">Primero de todo, aqu\u00ed est\u00e1n los modelos de que se trate para el RANGE ROVER marca:<\/p>\n<ul>\n<li class=\"ai-optimize-29\">Mark IV L405 2013 \u2013 2014,<\/li>\n<li class=\"ai-optimize-30\">Puis, Mark III L322 &#8211; 2010,<\/li>\n<li class=\"ai-optimize-31\">Sport L320 &#8211; 2010 \u2013 2012,<\/li>\n<li class=\"ai-optimize-32\">Puis, Sport II L 494 &#8211; 2014,<\/li>\n<li class=\"ai-optimize-33\">Evoque L538 2012 \u2013 2014<\/li>\n<\/ul>\n<p class=\"ai-optimize-34\">Entonces, aqu\u00ed est\u00e1n los modelos de que se trate para el LAND ROVER de la marca:<\/p>\n<ul>\n<li class=\"ai-optimize-35\">\u00a0Freelander IIL 359 2013+,<\/li>\n<li class=\"ai-optimize-36\">Descubrimiento IV L319 2010 \u2013 2014<\/li>\n<\/ul>\n<p class=\"ai-optimize-37\">Finalmente, aqu\u00ed est\u00e1n los modelos de que se trate para el JAGUAR de la marca:<\/p>\n<ul>\n<li class=\"ai-optimize-38\">XJ X351 2010 \u2013 2013,<\/li>\n<li class=\"ai-optimize-39\">XF X250 &#8211; 2013+,<\/li>\n<li class=\"ai-optimize-40\">XE X152 &#8211; 2014+<\/li>\n<\/ul>","protected":false},"featured_media":10568,"comment_status":"open","ping_status":"closed","template":"","meta":{"_monsterinsights_skip_tracking":false,"_monsterinsights_sitenote_active":false,"_monsterinsights_sitenote_note":"","_monsterinsights_sitenote_category":0},"product_brand":[1166,1168,1167],"product_cat":[516],"product_tag":[657,542,526,554,658,659,660,661],"vehicles":[974,973,972,952,966,965,968,967],"class_list":{"0":"post-10710","1":"product","2":"type-product","3":"status-publish","4":"has-post-thumbnail","6":"product_brand-jaguar","7":"product_brand-land-rover","8":"product_brand-range-rover","9":"product_cat-key-programmer","10":"product_tag-jaguar","11":"product_tag-key-device","12":"product_tag-key-programmer","13":"product_tag-keydevice","14":"product_tag-land-rover","15":"product_tag-range-rover","16":"product_tag-xf","17":"product_tag-xj","18":"vehicles-jaguar-xe-x152-2014","19":"vehicles-jaguar-xf-x250-2013","20":"vehicles-jaguar-xj-x351-2010-2013","21":"vehicles-land-rover-l538-evoque-2010-2021","22":"vehicles-range-rover-mark-iii-l322-2010","23":"vehicles-range-rover-mark-iv-l405-2013-2014","24":"vehicles-range-rover-sport-ii-l-494-2014","25":"vehicles-range-rover-sport-l320-2010-2012","27":"first","28":"instock","29":"featured","30":"shipping-taxable","31":"product-type-simple"},"yoast_head":"<!-- This site is optimized with the Yoast SEO Premium plugin v25.5 (Yoast SEO v27.4) - https:\/\/yoast.com\/product\/yoast-seo-premium-wordpress\/ -->\n<title>Range Rover Land Rover Jaguar - Key Device<\/title>\n<meta name=\"description\" content=\"Range Rover Land Rover Jaguar est d\u00e9velopp\u00e9 pour programmer des cl\u00e9s d&#039;origine suppl\u00e9mentaires pour votre v\u00e9hicule derni\u00e8re....\" \/>\n<meta name=\"robots\" content=\"index, follow, max-snippet:-1, max-image-preview:large, max-video-preview:-1\" \/>\n<link rel=\"canonical\" href=\"https:\/\/www.key-devices.com\/es\/product\/range-rover-land-rover-jaguar\/\" \/>\n<meta property=\"og:locale\" content=\"es_ES\" \/>\n<meta property=\"og:type\" content=\"article\" \/>\n<meta property=\"og:title\" content=\"Range Rover Land Rover Jaguar\" \/>\n<meta property=\"og:description\" content=\"Range Rover Land Rover Jaguar est d\u00e9velopp\u00e9 pour programmer des cl\u00e9s d&#039;origine suppl\u00e9mentaires pour votre v\u00e9hicule derni\u00e8re....\" \/>\n<meta property=\"og:url\" content=\"https:\/\/www.key-devices.com\/es\/product\/range-rover-land-rover-jaguar\/\" \/>\n<meta property=\"og:site_name\" content=\"KEY DEVICES\" \/>\n<meta property=\"article:modified_time\" content=\"2025-07-28T11:22:49+00:00\" \/>\n<meta property=\"og:image\" content=\"https:\/\/www.key-devices.com\/wp-content\/uploads\/Range-Rover-Keyprogrammer-2-1.jpg\" \/>\n\t<meta property=\"og:image:width\" content=\"480\" \/>\n\t<meta property=\"og:image:height\" content=\"640\" \/>\n\t<meta property=\"og:image:type\" content=\"image\/jpeg\" \/>\n<meta name=\"twitter:card\" content=\"summary_large_image\" \/>\n<meta name=\"twitter:label1\" content=\"Precio\" \/>\n\t<meta name=\"twitter:data1\" content=\"\" \/>\n\t<meta name=\"twitter:label2\" content=\"Disponibilidad\" \/>\n\t<meta name=\"twitter:data2\" content=\"Disponible\" \/>\n<script type=\"application\/ld+json\" class=\"yoast-schema-graph\">{\"@context\":\"https:\\\/\\\/schema.org\",\"@graph\":[{\"@type\":\"WebPage\",\"@id\":\"https:\\\/\\\/www.key-devices.com\\\/product\\\/range-rover-land-rover-jaguar\\\/\",\"url\":\"https:\\\/\\\/www.key-devices.com\\\/product\\\/range-rover-land-rover-jaguar\\\/\",\"name\":\"Range Rover Land Rover Jaguar - Key Device\",\"isPartOf\":{\"@id\":\"https:\\\/\\\/www.key-devices.com\\\/#website\"},\"primaryImageOfPage\":{\"@id\":\"https:\\\/\\\/www.key-devices.com\\\/product\\\/range-rover-land-rover-jaguar\\\/#primaryimage\"},\"image\":{\"@id\":\"https:\\\/\\\/www.key-devices.com\\\/product\\\/range-rover-land-rover-jaguar\\\/#primaryimage\"},\"thumbnailUrl\":\"https:\\\/\\\/www.key-devices.com\\\/wp-content\\\/uploads\\\/Range-Rover-Keyprogrammer-2-1.jpg\",\"datePublished\":\"2025-06-07T18:42:14+00:00\",\"dateModified\":\"2025-07-28T11:22:49+00:00\",\"description\":\"Range Rover Land Rover Jaguar est d\u00e9velopp\u00e9 pour programmer des cl\u00e9s d'origine suppl\u00e9mentaires pour votre v\u00e9hicule derni\u00e8re....\",\"breadcrumb\":{\"@id\":\"https:\\\/\\\/www.key-devices.com\\\/product\\\/range-rover-land-rover-jaguar\\\/#breadcrumb\"},\"inLanguage\":\"es\",\"potentialAction\":[{\"@type\":\"ReadAction\",\"target\":[\"https:\\\/\\\/www.key-devices.com\\\/product\\\/range-rover-land-rover-jaguar\\\/\"]}]},{\"@type\":\"ImageObject\",\"inLanguage\":\"es\",\"@id\":\"https:\\\/\\\/www.key-devices.com\\\/product\\\/range-rover-land-rover-jaguar\\\/#primaryimage\",\"url\":\"https:\\\/\\\/www.key-devices.com\\\/wp-content\\\/uploads\\\/Range-Rover-Keyprogrammer-2-1.jpg\",\"contentUrl\":\"https:\\\/\\\/www.key-devices.com\\\/wp-content\\\/uploads\\\/Range-Rover-Keyprogrammer-2-1.jpg\",\"width\":480,\"height\":640},{\"@type\":\"BreadcrumbList\",\"@id\":\"https:\\\/\\\/www.key-devices.com\\\/product\\\/range-rover-land-rover-jaguar\\\/#breadcrumb\",\"itemListElement\":[{\"@type\":\"ListItem\",\"position\":1,\"name\":\"Home\",\"item\":\"https:\\\/\\\/www.key-devices.com\\\/\"},{\"@type\":\"ListItem\",\"position\":2,\"name\":\"Shop\",\"item\":\"https:\\\/\\\/www.key-devices.com\\\/shop\\\/\"},{\"@type\":\"ListItem\",\"position\":3,\"name\":\"Range Rover Land Rover Jaguar\"}]},{\"@type\":\"WebSite\",\"@id\":\"https:\\\/\\\/www.key-devices.com\\\/#website\",\"url\":\"https:\\\/\\\/www.key-devices.com\\\/\",\"name\":\"KEY DEVICES\",\"description\":\"\",\"publisher\":{\"@id\":\"https:\\\/\\\/www.key-devices.com\\\/#organization\"},\"potentialAction\":[{\"@type\":\"SearchAction\",\"target\":{\"@type\":\"EntryPoint\",\"urlTemplate\":\"https:\\\/\\\/www.key-devices.com\\\/?s={search_term_string}\"},\"query-input\":{\"@type\":\"PropertyValueSpecification\",\"valueRequired\":true,\"valueName\":\"search_term_string\"}}],\"inLanguage\":\"es\"},{\"@type\":[\"Organization\",\"Place\"],\"@id\":\"https:\\\/\\\/www.key-devices.com\\\/#organization\",\"name\":\"Key Devices\",\"url\":\"https:\\\/\\\/www.key-devices.com\\\/\",\"logo\":{\"@id\":\"https:\\\/\\\/www.key-devices.com\\\/product\\\/range-rover-land-rover-jaguar\\\/#local-main-organization-logo\"},\"image\":{\"@id\":\"https:\\\/\\\/www.key-devices.com\\\/product\\\/range-rover-land-rover-jaguar\\\/#local-main-organization-logo\"},\"legalName\":\"Key Devices\",\"telephone\":[],\"openingHoursSpecification\":[{\"@type\":\"OpeningHoursSpecification\",\"dayOfWeek\":[\"Monday\",\"Tuesday\",\"Wednesday\",\"Thursday\",\"Friday\",\"Saturday\",\"Sunday\"],\"opens\":\"09:00\",\"closes\":\"17:00\"}]},{\"@type\":\"ImageObject\",\"inLanguage\":\"es\",\"@id\":\"https:\\\/\\\/www.key-devices.com\\\/product\\\/range-rover-land-rover-jaguar\\\/#local-main-organization-logo\",\"url\":\"https:\\\/\\\/www.key-devices.com\\\/wp-content\\\/uploads\\\/cropped-Key-Devices-Logo-official-.png\",\"contentUrl\":\"https:\\\/\\\/www.key-devices.com\\\/wp-content\\\/uploads\\\/cropped-Key-Devices-Logo-official-.png\",\"width\":512,\"height\":512,\"caption\":\"Key Devices\"}]}<\/script>\n<meta property=\"product:price:currency\" content=\"EUR\" \/>\n<meta property=\"og:availability\" content=\"instock\" \/>\n<meta property=\"product:availability\" content=\"instock\" \/>\n<meta property=\"product:retailer_item_id\" content=\"2308\" \/>\n<meta property=\"product:condition\" content=\"new\" \/>\n<!-- \/ Yoast SEO Premium plugin. -->","yoast_head_json":{"title":"Range Rover Land Rover Jaguar - Tecla De Dispositivo","description":"Range Rover Land Rover Jaguar est d\u00e9velopp\u00e9 verter programador des cl\u00e9s d&#039;origine suppl\u00e9mentaires pour votre vehiculo derni\u00e8re....","robots":{"index":"index","follow":"follow","max-snippet":"max-snippet:-1","max-image-preview":"max-image-preview:large","max-video-preview":"max-video-preview:-1"},"canonical":"https:\/\/www.key-devices.com\/es\/product\/range-rover-land-rover-jaguar\/","og_locale":"es_ES","og_type":"article","og_title":"Range Rover Land Rover Jaguar","og_description":"Range Rover Land Rover Jaguar est d\u00e9velopp\u00e9 pour programmer des cl\u00e9s d'origine suppl\u00e9mentaires pour votre v\u00e9hicule derni\u00e8re....","og_url":"https:\/\/www.key-devices.com\/es\/product\/range-rover-land-rover-jaguar\/","og_site_name":"KEY DEVICES","article_modified_time":"2025-07-28T11:22:49+00:00","og_image":[{"width":480,"height":640,"url":"https:\/\/www.key-devices.com\/wp-content\/uploads\/Range-Rover-Keyprogrammer-2-1.jpg","type":"image\/jpeg"}],"twitter_card":"summary_large_image","twitter_misc":{"Precio":"","Disponibilidad":"Disponible"},"schema":{"@context":"https:\/\/schema.org","@graph":[{"@type":"WebPage","@id":"https:\/\/www.key-devices.com\/product\/range-rover-land-rover-jaguar\/","url":"https:\/\/www.key-devices.com\/product\/range-rover-land-rover-jaguar\/","name":"Range Rover Land Rover Jaguar - Tecla De Dispositivo","isPartOf":{"@id":"https:\/\/www.key-devices.com\/#website"},"primaryImageOfPage":{"@id":"https:\/\/www.key-devices.com\/product\/range-rover-land-rover-jaguar\/#primaryimage"},"image":{"@id":"https:\/\/www.key-devices.com\/product\/range-rover-land-rover-jaguar\/#primaryimage"},"thumbnailUrl":"https:\/\/www.key-devices.com\/wp-content\/uploads\/Range-Rover-Keyprogrammer-2-1.jpg","datePublished":"2025-06-07T18:42:14+00:00","dateModified":"2025-07-28T11:22:49+00:00","description":"Range Rover Land Rover Jaguar est d\u00e9velopp\u00e9 verter programador des cl\u00e9s d&#039;origine suppl\u00e9mentaires pour votre vehiculo derni\u00e8re....","breadcrumb":{"@id":"https:\/\/www.key-devices.com\/product\/range-rover-land-rover-jaguar\/#breadcrumb"},"inLanguage":"es","potentialAction":[{"@type":"ReadAction","target":["https:\/\/www.key-devices.com\/product\/range-rover-land-rover-jaguar\/"]}]},{"@type":"ImageObject","inLanguage":"es","@id":"https:\/\/www.key-devices.com\/product\/range-rover-land-rover-jaguar\/#primaryimage","url":"https:\/\/www.key-devices.com\/wp-content\/uploads\/Range-Rover-Keyprogrammer-2-1.jpg","contentUrl":"https:\/\/www.key-devices.com\/wp-content\/uploads\/Range-Rover-Keyprogrammer-2-1.jpg","width":480,"height":640},{"@type":"BreadcrumbList","@id":"https:\/\/www.key-devices.com\/product\/range-rover-land-rover-jaguar\/#breadcrumb","itemListElement":[{"@type":"ListItem","position":1,"name":"Home","item":"https:\/\/www.key-devices.com\/"},{"@type":"ListItem","position":2,"name":"Shop","item":"https:\/\/www.key-devices.com\/shop\/"},{"@type":"ListItem","position":3,"name":"Range Rover Land Rover Jaguar"}]},{"@type":"WebSite","@id":"https:\/\/www.key-devices.com\/#website","url":"https:\/\/www.key-devices.com\/","name":"DISPOSITIVOS CLAVE","description":"","publisher":{"@id":"https:\/\/www.key-devices.com\/#organization"},"potentialAction":[{"@type":"SearchAction","target":{"@type":"EntryPoint","urlTemplate":"https:\/\/www.key-devices.com\/?s={search_term_string}"},"query-input":{"@type":"PropertyValueSpecification","valueRequired":true,"valueName":"search_term_string"}}],"inLanguage":"es"},{"@type":["Organization","Place"],"@id":"https:\/\/www.key-devices.com\/#organization","name":"Los Dispositivos Principales","url":"https:\/\/www.key-devices.com\/","logo":{"@id":"https:\/\/www.key-devices.com\/product\/range-rover-land-rover-jaguar\/#local-main-organization-logo"},"image":{"@id":"https:\/\/www.key-devices.com\/product\/range-rover-land-rover-jaguar\/#local-main-organization-logo"},"legalName":"Key Devices","telephone":[],"openingHoursSpecification":[{"@type":"OpeningHoursSpecification","dayOfWeek":["Monday","Tuesday","Wednesday","Thursday","Friday","Saturday","Sunday"],"opens":"09:00","closes":"17:00"}]},{"@type":"ImageObject","inLanguage":"es","@id":"https:\/\/www.key-devices.com\/product\/range-rover-land-rover-jaguar\/#local-main-organization-logo","url":"https:\/\/www.key-devices.com\/wp-content\/uploads\/cropped-Key-Devices-Logo-official-.png","contentUrl":"https:\/\/www.key-devices.com\/wp-content\/uploads\/cropped-Key-Devices-Logo-official-.png","width":512,"height":512,"caption":"Key Devices"}]},"product_price_currency":"EUR","og_availability":"instock","product_availability":"instock","product_retailer_item_id":"2308","product_condition":"new"},"jetpack_sharing_enabled":true,"_links":{"self":[{"href":"https:\/\/www.key-devices.com\/es\/wp-json\/wp\/v2\/product\/10710","targetHints":{"allow":["GET"]}}],"collection":[{"href":"https:\/\/www.key-devices.com\/es\/wp-json\/wp\/v2\/product"}],"about":[{"href":"https:\/\/www.key-devices.com\/es\/wp-json\/wp\/v2\/types\/product"}],"replies":[{"embeddable":true,"href":"https:\/\/www.key-devices.com\/es\/wp-json\/wp\/v2\/comments?post=10710"}],"wp:featuredmedia":[{"embeddable":true,"href":"https:\/\/www.key-devices.com\/es\/wp-json\/wp\/v2\/media\/10568"}],"wp:attachment":[{"href":"https:\/\/www.key-devices.com\/es\/wp-json\/wp\/v2\/media?parent=10710"}],"wp:term":[{"taxonomy":"product_brand","embeddable":true,"href":"https:\/\/www.key-devices.com\/es\/wp-json\/wp\/v2\/product_brand?post=10710"},{"taxonomy":"product_cat","embeddable":true,"href":"https:\/\/www.key-devices.com\/es\/wp-json\/wp\/v2\/product_cat?post=10710"},{"taxonomy":"product_tag","embeddable":true,"href":"https:\/\/www.key-devices.com\/es\/wp-json\/wp\/v2\/product_tag?post=10710"},{"taxonomy":"vehicles","embeddable":true,"href":"https:\/\/www.key-devices.com\/es\/wp-json\/wp\/v2\/vehicles?post=10710"}],"curies":[{"name":"wp","href":"https:\/\/api.w.org\/{rel}","templated":true}]}}