{"id":10715,"date":"2025-06-07T20:42:14","date_gmt":"2025-06-07T18:42:14","guid":{"rendered":"https:\/\/www.key-devices.com\/?post_type=product&#038;p=10715"},"modified":"2025-07-28T13:22:52","modified_gmt":"2025-07-28T11:22:52","slug":"trafic-3-smart-twingo-3-keydevice","status":"publish","type":"product","link":"https:\/\/www.key-devices.com\/es\/product\/trafic-3-smart-twingo-3-keydevice\/","title":{"rendered":"Dispositivo de llave Trafic 3 Smart Twingo 3"},"content":{"rendered":"<h1  style=\"text-align: center;\">INTRODUCCI\u00d3N<\/h1>\n<p >Su RENAULT \/ Dispositivo INTELIGENTE<\/p>\n<p >RENAULT \/ Dispositivo INTELIGENTE Caracter\u00edsticas de RENAULT \/ Dispositivo INTELIGENTE de la Aplicaci\u00f3n 2. EL USO DE LA RENAULT \/ DISPOSITIVO INTELIGENTE<\/p>\n<p >A continuaci\u00f3n, el RENAULT \/ Dispositivo INTELIGENTE de RENAULT dispositivo est\u00e1 equipado con interruptores DIP numeradas del 1 al 10, donde se puede definir el dispositivo de funcionalidad, y un LED que se ilumina de color verde y rojo.<\/p>\n<p >A continuaci\u00f3n, el RENAULT \/ Dispositivo INTELIGENTE Caracter\u00edsticas: Llave\/Tarjeta de Programaci\u00f3n \u2013 1, 2, 3, o 4 llaves\/tarjetas. Si todas las llaves se pierden, primero debe de programa tecla 1, entonces el programa de todo el resto de teclas.<\/p>\n<p >RENAULT \/ Dispositivo INTELIGENTE de la Aplicaci\u00f3n de Este dispositivo est\u00e1 dise\u00f1ado para ser cerrajero tiendas, talleres de reparaci\u00f3n de autos, talleres de reparaci\u00f3n de autos, etc. El dispositivo puede ayudar en todos los casos, cuando es necesario a\u00f1adir espacio en blanco llaves\/tarjetas a un veh\u00edculo Renault.<\/p>\n<p >Por \u00faltimo, se trabaja a trav\u00e9s de OBDII y no requieren que el veh\u00edculo del c\u00f3digo PIN o un PC. El procedimiento de aprendizaje de toma de 30 segundos a 5 minutos (dependiendo del coche y si todas las llaves se han perdido o no). Usted tiene la opci\u00f3n de aprender llaves\/tarjetas cuando el propietario del veh\u00edculo ha perdido todas las llaves.<\/p>\n<h1><\/h1>\n<h1  style=\"text-align: center;\">EL USO DE LA RENAULT \/ DISPOSITIVO INTELIGENTE<\/h1>\n<p >Renault Twingo 3, Renault Trafic 3, Smart 453 veh\u00edculos:<\/p>\n<ul>\n<li >En primer lugar, gire el encendido con la llave (sin el transpondedor) y montar el transpondedor en la antena del dispositivo.<\/li>\n<li >Coloque el dispositivo en el veh\u00edculo del puerto OBDII, y el LED se iluminar\u00e1 en verde.<\/li>\n<li >Despu\u00e9s, cuando el dispositivo parpadea en rojo una vez, retire la llave y inserte el transponder de la antena en la clave. Tan pronto como la llave se retira del encendido, el LED se iluminar\u00e1 en rojo. En este punto, gire el encendido con la completa llave (de la cuchilla y del transpondedor).<\/li>\n<li >Despu\u00e9s de 3-4 segundos, el dispositivo comenzar\u00e1 a parpadear en verde, indicando que el procedimiento est\u00e1 completo y la clave est\u00e1 programado.<\/li>\n<li >A continuaci\u00f3n, retire el dispositivo, apague la ignici\u00f3n de una vez, y el coche estar\u00e1 listo para comenzar, y el control remoto de la programaci\u00f3n (si est\u00e1 presente). Smart 450 y 452 veh\u00edculos:<\/li>\n<\/ul>\n<p>&nbsp;<\/p>\n<ul>\n<li >En primer lugar, gire el encendido con la llave y colocar la antena del dispositivo en la parte superior de la tecla.<\/li>\n<li >Coloque el dispositivo en el veh\u00edculo del puerto OBDII, y el LED se iluminar\u00e1 en verde.<\/li>\n<li >Entonces, tan pronto como la hoja se extrae del encendido, el LED se iluminar\u00e1 de color rojo s\u00f3lido. En este punto, apague el motor y vuelva a encenderlo con la tecla.<\/li>\n<li >Despu\u00e9s de 3-4 segundos, el dispositivo empezar\u00e1 a parpadear en verde, lo que indica que el procedimiento est\u00e1 completo y la clave est\u00e1 programado.<\/li>\n<li >A continuaci\u00f3n, retire el dispositivo, apague la ignici\u00f3n de una vez, y el coche estar\u00e1 listo para comenzar, y el control remoto de la programaci\u00f3n.<\/li>\n<\/ul>\n<p ><span style=\"color: #ff0000;\"><strong>* NUESTROS DISPOSITIVOS SE VENDEN EXCLUSIVAMENTE PARA USO OFICIAL Y PRIVADO. NO NOS HACEMOS RESPONSABLES DEL USO FRAUDULENTO O ILEGAL DEL EQUIPO QUE SE LE VENDE.<\/strong><\/span><\/p>","protected":false},"excerpt":{"rendered":"<p class=\"ai-optimize-46\">Este dispositivo cubre el 451\/452 modelos:<\/p>\n<p class=\"ai-optimize-47\">&#8211; Renault Twingo 3<br \/>\n&#8211; Then, Smart 453<br \/>\n&#8211; Finally, the Renault Trafic 3 model<\/p>","protected":false},"featured_media":10577,"comment_status":"open","ping_status":"closed","template":"","meta":{"_monsterinsights_skip_tracking":false,"_monsterinsights_sitenote_active":false,"_monsterinsights_sitenote_note":"","_monsterinsights_sitenote_category":0},"product_brand":[1163],"product_cat":[516],"product_tag":[558,559,562,563,564,572,573,575,542,585,526,586,554,587,588,599,618,622,623,624,544,684,685,686],"vehicles":[1090,1089],"class_list":{"0":"post-10715","1":"product","2":"type-product","3":"status-publish","4":"has-post-thumbnail","6":"product_brand-renault","7":"product_cat-key-programmer","8":"product_tag-autodevice","9":"product_tag-autokeydevice","10":"product_tag-cle-auto","11":"product_tag-cles-auto","12":"product_tag-cles-de-voiture","13":"product_tag-diagnostic-key","14":"product_tag-diagnostickey","15":"product_tag-encoder","16":"product_tag-key-device","17":"product_tag-key-devices","18":"product_tag-key-programmer","19":"product_tag-key-programmeur","20":"product_tag-keydevice","21":"product_tag-keydevices","22":"product_tag-keyprogrammer","23":"product_tag-lock-smith","24":"product_tag-noimmo","25":"product_tag-prodecoder","26":"product_tag-programmateur-de-cle","27":"product_tag-programmeur-cle","28":"product_tag-renault","29":"product_tag-smart","30":"product_tag-trafic-iii","31":"product_tag-twingo-iii","32":"vehicles-renault-traffic-3","33":"vehicles-renault-twingo-3","35":"first","36":"instock","37":"shipping-taxable","38":"product-type-simple"},"yoast_head":"<!-- This site is optimized with the Yoast SEO Premium plugin v25.5 (Yoast SEO v27.4) - https:\/\/yoast.com\/product\/yoast-seo-premium-wordpress\/ -->\n<title>Smart 453 452 451 twingo 3 Keydevice<\/title>\n<meta name=\"description\" content=\"Profitez d&#039;un prix promo pour ce Key Programmer Smart 453 452 451 twingo 3 Keydevice qui vous permettra d&#039;obtenir un double de cl\u00e9 pour les..\" \/>\n<meta name=\"robots\" content=\"index, follow, max-snippet:-1, max-image-preview:large, max-video-preview:-1\" \/>\n<link rel=\"canonical\" href=\"https:\/\/www.key-devices.com\/es\/product\/trafic-3-smart-twingo-3-keydevice\/\" \/>\n<meta property=\"og:locale\" content=\"es_ES\" \/>\n<meta property=\"og:type\" content=\"article\" \/>\n<meta property=\"og:title\" content=\"Trafic 3 Smart Twingo 3 Keydevice\" \/>\n<meta property=\"og:description\" content=\"Profitez d&#039;un prix promo pour ce Key Programmer Smart 453 452 451 twingo 3 Keydevice qui vous permettra d&#039;obtenir un double de cl\u00e9 pour les..\" \/>\n<meta property=\"og:url\" content=\"https:\/\/www.key-devices.com\/es\/product\/trafic-3-smart-twingo-3-keydevice\/\" \/>\n<meta property=\"og:site_name\" content=\"KEY DEVICES\" \/>\n<meta property=\"article:modified_time\" content=\"2025-07-28T11:22:52+00:00\" \/>\n<meta property=\"og:image\" content=\"https:\/\/www.key-devices.com\/wp-content\/uploads\/PHOTO-2021-03-16-10-19-43.jpg\" \/>\n\t<meta property=\"og:image:width\" content=\"900\" \/>\n\t<meta property=\"og:image:height\" content=\"1600\" \/>\n\t<meta property=\"og:image:type\" content=\"image\/jpeg\" \/>\n<meta name=\"twitter:card\" content=\"summary_large_image\" \/>\n<meta name=\"twitter:label1\" content=\"Precio\" \/>\n\t<meta name=\"twitter:data1\" content=\"\" \/>\n\t<meta name=\"twitter:label2\" content=\"Disponibilidad\" \/>\n\t<meta name=\"twitter:data2\" content=\"Disponible\" \/>\n<script type=\"application\/ld+json\" class=\"yoast-schema-graph\">{\"@context\":\"https:\\\/\\\/schema.org\",\"@graph\":[{\"@type\":\"WebPage\",\"@id\":\"https:\\\/\\\/www.key-devices.com\\\/product\\\/trafic-3-smart-twingo-3-keydevice\\\/\",\"url\":\"https:\\\/\\\/www.key-devices.com\\\/product\\\/trafic-3-smart-twingo-3-keydevice\\\/\",\"name\":\"Smart 453 452 451 twingo 3 Keydevice\",\"isPartOf\":{\"@id\":\"https:\\\/\\\/www.key-devices.com\\\/#website\"},\"primaryImageOfPage\":{\"@id\":\"https:\\\/\\\/www.key-devices.com\\\/product\\\/trafic-3-smart-twingo-3-keydevice\\\/#primaryimage\"},\"image\":{\"@id\":\"https:\\\/\\\/www.key-devices.com\\\/product\\\/trafic-3-smart-twingo-3-keydevice\\\/#primaryimage\"},\"thumbnailUrl\":\"https:\\\/\\\/www.key-devices.com\\\/wp-content\\\/uploads\\\/PHOTO-2021-03-16-10-19-43.jpg\",\"datePublished\":\"2025-06-07T18:42:14+00:00\",\"dateModified\":\"2025-07-28T11:22:52+00:00\",\"description\":\"Profitez d'un prix promo pour ce Key Programmer Smart 453 452 451 twingo 3 Keydevice qui vous permettra d'obtenir un double de cl\u00e9 pour les..\",\"breadcrumb\":{\"@id\":\"https:\\\/\\\/www.key-devices.com\\\/product\\\/trafic-3-smart-twingo-3-keydevice\\\/#breadcrumb\"},\"inLanguage\":\"es\",\"potentialAction\":[{\"@type\":\"ReadAction\",\"target\":[\"https:\\\/\\\/www.key-devices.com\\\/product\\\/trafic-3-smart-twingo-3-keydevice\\\/\"]}]},{\"@type\":\"ImageObject\",\"inLanguage\":\"es\",\"@id\":\"https:\\\/\\\/www.key-devices.com\\\/product\\\/trafic-3-smart-twingo-3-keydevice\\\/#primaryimage\",\"url\":\"https:\\\/\\\/www.key-devices.com\\\/wp-content\\\/uploads\\\/PHOTO-2021-03-16-10-19-43.jpg\",\"contentUrl\":\"https:\\\/\\\/www.key-devices.com\\\/wp-content\\\/uploads\\\/PHOTO-2021-03-16-10-19-43.jpg\",\"width\":900,\"height\":1600,\"caption\":\"Smart 453 452 451 twingo 3 Keydevice\"},{\"@type\":\"BreadcrumbList\",\"@id\":\"https:\\\/\\\/www.key-devices.com\\\/product\\\/trafic-3-smart-twingo-3-keydevice\\\/#breadcrumb\",\"itemListElement\":[{\"@type\":\"ListItem\",\"position\":1,\"name\":\"Home\",\"item\":\"https:\\\/\\\/www.key-devices.com\\\/\"},{\"@type\":\"ListItem\",\"position\":2,\"name\":\"Shop\",\"item\":\"https:\\\/\\\/www.key-devices.com\\\/shop\\\/\"},{\"@type\":\"ListItem\",\"position\":3,\"name\":\"Trafic 3 Smart Twingo 3 Keydevice\"}]},{\"@type\":\"WebSite\",\"@id\":\"https:\\\/\\\/www.key-devices.com\\\/#website\",\"url\":\"https:\\\/\\\/www.key-devices.com\\\/\",\"name\":\"KEY DEVICES\",\"description\":\"\",\"publisher\":{\"@id\":\"https:\\\/\\\/www.key-devices.com\\\/#organization\"},\"potentialAction\":[{\"@type\":\"SearchAction\",\"target\":{\"@type\":\"EntryPoint\",\"urlTemplate\":\"https:\\\/\\\/www.key-devices.com\\\/?s={search_term_string}\"},\"query-input\":{\"@type\":\"PropertyValueSpecification\",\"valueRequired\":true,\"valueName\":\"search_term_string\"}}],\"inLanguage\":\"es\"},{\"@type\":[\"Organization\",\"Place\"],\"@id\":\"https:\\\/\\\/www.key-devices.com\\\/#organization\",\"name\":\"Key Devices\",\"url\":\"https:\\\/\\\/www.key-devices.com\\\/\",\"logo\":{\"@id\":\"https:\\\/\\\/www.key-devices.com\\\/product\\\/trafic-3-smart-twingo-3-keydevice\\\/#local-main-organization-logo\"},\"image\":{\"@id\":\"https:\\\/\\\/www.key-devices.com\\\/product\\\/trafic-3-smart-twingo-3-keydevice\\\/#local-main-organization-logo\"},\"legalName\":\"Key Devices\",\"telephone\":[],\"openingHoursSpecification\":[{\"@type\":\"OpeningHoursSpecification\",\"dayOfWeek\":[\"Monday\",\"Tuesday\",\"Wednesday\",\"Thursday\",\"Friday\",\"Saturday\",\"Sunday\"],\"opens\":\"09:00\",\"closes\":\"17:00\"}]},{\"@type\":\"ImageObject\",\"inLanguage\":\"es\",\"@id\":\"https:\\\/\\\/www.key-devices.com\\\/product\\\/trafic-3-smart-twingo-3-keydevice\\\/#local-main-organization-logo\",\"url\":\"https:\\\/\\\/www.key-devices.com\\\/wp-content\\\/uploads\\\/cropped-Key-Devices-Logo-official-.png\",\"contentUrl\":\"https:\\\/\\\/www.key-devices.com\\\/wp-content\\\/uploads\\\/cropped-Key-Devices-Logo-official-.png\",\"width\":512,\"height\":512,\"caption\":\"Key Devices\"}]}<\/script>\n<meta property=\"product:price:currency\" content=\"EUR\" \/>\n<meta property=\"og:availability\" content=\"instock\" \/>\n<meta property=\"product:availability\" content=\"instock\" \/>\n<meta property=\"product:retailer_item_id\" content=\"2545\" \/>\n<meta property=\"product:condition\" content=\"new\" \/>\n<!-- \/ Yoast SEO Premium plugin. -->","yoast_head_json":{"title":"Smart 453 452 451 twingo 3 Dispositivo de llave","description":"Disfrutar d&#039;un premio de promoci\u00f3n pour ce Clave Programador Inteligente 453 452 451 twingo 3 Keydevice qui vous nos permiten d&#039;obtenir de la onu doble de cl\u00e9 pour les..","robots":{"index":"index","follow":"follow","max-snippet":"max-snippet:-1","max-image-preview":"max-image-preview:large","max-video-preview":"max-video-preview:-1"},"canonical":"https:\/\/www.key-devices.com\/es\/product\/trafic-3-smart-twingo-3-keydevice\/","og_locale":"es_ES","og_type":"article","og_title":"Trafic 3 Smart Twingo 3 Keydevice","og_description":"Profitez d'un prix promo pour ce Key Programmer Smart 453 452 451 twingo 3 Keydevice qui vous permettra d'obtenir un double de cl\u00e9 pour les..","og_url":"https:\/\/www.key-devices.com\/es\/product\/trafic-3-smart-twingo-3-keydevice\/","og_site_name":"KEY DEVICES","article_modified_time":"2025-07-28T11:22:52+00:00","og_image":[{"width":900,"height":1600,"url":"https:\/\/www.key-devices.com\/wp-content\/uploads\/PHOTO-2021-03-16-10-19-43.jpg","type":"image\/jpeg"}],"twitter_card":"summary_large_image","twitter_misc":{"Precio":"","Disponibilidad":"Disponible"},"schema":{"@context":"https:\/\/schema.org","@graph":[{"@type":"WebPage","@id":"https:\/\/www.key-devices.com\/product\/trafic-3-smart-twingo-3-keydevice\/","url":"https:\/\/www.key-devices.com\/product\/trafic-3-smart-twingo-3-keydevice\/","name":"Smart 453 452 451 twingo 3 Dispositivo de llave","isPartOf":{"@id":"https:\/\/www.key-devices.com\/#website"},"primaryImageOfPage":{"@id":"https:\/\/www.key-devices.com\/product\/trafic-3-smart-twingo-3-keydevice\/#primaryimage"},"image":{"@id":"https:\/\/www.key-devices.com\/product\/trafic-3-smart-twingo-3-keydevice\/#primaryimage"},"thumbnailUrl":"https:\/\/www.key-devices.com\/wp-content\/uploads\/PHOTO-2021-03-16-10-19-43.jpg","datePublished":"2025-06-07T18:42:14+00:00","dateModified":"2025-07-28T11:22:52+00:00","description":"Disfrutar d&#039;un premio de promoci\u00f3n pour ce Clave Programador Inteligente 453 452 451 twingo 3 Keydevice qui vous nos permiten d&#039;obtenir de la onu doble de cl\u00e9 pour les..","breadcrumb":{"@id":"https:\/\/www.key-devices.com\/product\/trafic-3-smart-twingo-3-keydevice\/#breadcrumb"},"inLanguage":"es","potentialAction":[{"@type":"ReadAction","target":["https:\/\/www.key-devices.com\/product\/trafic-3-smart-twingo-3-keydevice\/"]}]},{"@type":"ImageObject","inLanguage":"es","@id":"https:\/\/www.key-devices.com\/product\/trafic-3-smart-twingo-3-keydevice\/#primaryimage","url":"https:\/\/www.key-devices.com\/wp-content\/uploads\/PHOTO-2021-03-16-10-19-43.jpg","contentUrl":"https:\/\/www.key-devices.com\/wp-content\/uploads\/PHOTO-2021-03-16-10-19-43.jpg","width":900,"height":1600,"caption":"Smart 453 452 451 twingo 3 Keydevice"},{"@type":"BreadcrumbList","@id":"https:\/\/www.key-devices.com\/product\/trafic-3-smart-twingo-3-keydevice\/#breadcrumb","itemListElement":[{"@type":"ListItem","position":1,"name":"Home","item":"https:\/\/www.key-devices.com\/"},{"@type":"ListItem","position":2,"name":"Shop","item":"https:\/\/www.key-devices.com\/shop\/"},{"@type":"ListItem","position":3,"name":"Trafic 3 Smart Twingo 3 Keydevice"}]},{"@type":"WebSite","@id":"https:\/\/www.key-devices.com\/#website","url":"https:\/\/www.key-devices.com\/","name":"DISPOSITIVOS CLAVE","description":"","publisher":{"@id":"https:\/\/www.key-devices.com\/#organization"},"potentialAction":[{"@type":"SearchAction","target":{"@type":"EntryPoint","urlTemplate":"https:\/\/www.key-devices.com\/?s={search_term_string}"},"query-input":{"@type":"PropertyValueSpecification","valueRequired":true,"valueName":"search_term_string"}}],"inLanguage":"es"},{"@type":["Organization","Place"],"@id":"https:\/\/www.key-devices.com\/#organization","name":"Los Dispositivos Principales","url":"https:\/\/www.key-devices.com\/","logo":{"@id":"https:\/\/www.key-devices.com\/product\/trafic-3-smart-twingo-3-keydevice\/#local-main-organization-logo"},"image":{"@id":"https:\/\/www.key-devices.com\/product\/trafic-3-smart-twingo-3-keydevice\/#local-main-organization-logo"},"legalName":"Key Devices","telephone":[],"openingHoursSpecification":[{"@type":"OpeningHoursSpecification","dayOfWeek":["Monday","Tuesday","Wednesday","Thursday","Friday","Saturday","Sunday"],"opens":"09:00","closes":"17:00"}]},{"@type":"ImageObject","inLanguage":"es","@id":"https:\/\/www.key-devices.com\/product\/trafic-3-smart-twingo-3-keydevice\/#local-main-organization-logo","url":"https:\/\/www.key-devices.com\/wp-content\/uploads\/cropped-Key-Devices-Logo-official-.png","contentUrl":"https:\/\/www.key-devices.com\/wp-content\/uploads\/cropped-Key-Devices-Logo-official-.png","width":512,"height":512,"caption":"Key Devices"}]},"product_price_currency":"EUR","og_availability":"instock","product_availability":"instock","product_retailer_item_id":"2545","product_condition":"new"},"jetpack_sharing_enabled":true,"_links":{"self":[{"href":"https:\/\/www.key-devices.com\/es\/wp-json\/wp\/v2\/product\/10715","targetHints":{"allow":["GET"]}}],"collection":[{"href":"https:\/\/www.key-devices.com\/es\/wp-json\/wp\/v2\/product"}],"about":[{"href":"https:\/\/www.key-devices.com\/es\/wp-json\/wp\/v2\/types\/product"}],"replies":[{"embeddable":true,"href":"https:\/\/www.key-devices.com\/es\/wp-json\/wp\/v2\/comments?post=10715"}],"wp:featuredmedia":[{"embeddable":true,"href":"https:\/\/www.key-devices.com\/es\/wp-json\/wp\/v2\/media\/10577"}],"wp:attachment":[{"href":"https:\/\/www.key-devices.com\/es\/wp-json\/wp\/v2\/media?parent=10715"}],"wp:term":[{"taxonomy":"product_brand","embeddable":true,"href":"https:\/\/www.key-devices.com\/es\/wp-json\/wp\/v2\/product_brand?post=10715"},{"taxonomy":"product_cat","embeddable":true,"href":"https:\/\/www.key-devices.com\/es\/wp-json\/wp\/v2\/product_cat?post=10715"},{"taxonomy":"product_tag","embeddable":true,"href":"https:\/\/www.key-devices.com\/es\/wp-json\/wp\/v2\/product_tag?post=10715"},{"taxonomy":"vehicles","embeddable":true,"href":"https:\/\/www.key-devices.com\/es\/wp-json\/wp\/v2\/vehicles?post=10715"}],"curies":[{"name":"wp","href":"https:\/\/api.w.org\/{rel}","templated":true}]}}