{"id":10716,"date":"2025-06-07T20:42:14","date_gmt":"2025-06-07T18:42:14","guid":{"rendered":"https:\/\/www.key-devices.com\/?post_type=product&#038;p=10716"},"modified":"2025-07-28T13:22:52","modified_gmt":"2025-07-28T11:22:52","slug":"maserati-jeep-dodge-alfa-romeo-key-programmer-full-version","status":"publish","type":"product","link":"https:\/\/www.key-devices.com\/es\/product\/maserati-jeep-dodge-alfa-romeo-key-programmer-full-version\/","title":{"rendered":"Programador de llaves Maserati Jeep Dodge Alfa Romeo versi\u00f3n completa"},"content":{"rendered":"<h1  style=\"text-align: center;\">UTILIZANDO EL DISPOSITIVO DE MASERATI \/ JEEP DODGE \/ ALFA ROMEO<\/h1>\n<p >Este dispositivo independiente permite la programaci\u00f3n de la nueva LLAVE INTELIGENTE (sin llave), incluso si todas las llaves se pierden, sin quitar las teclas de edad. Adem\u00e1s, la emergencia de partida es posible en algunos veh\u00edculos, el uso de la clave emulador incluido con el dispositivo.<\/p>\n<p >Entonces, gracias a la pantalla en la parte posterior del dispositivo, integrado en el dispositivo, es posible ver la presencia de la SGW (SEGURO ESCAPADA) y de derivaci\u00f3n a trav\u00e9s de nuestra adaptadores mejor se adapta al veh\u00edculo. Tambi\u00e9n es posible ver el c\u00f3digo PIN del veh\u00edculo en el que se utiliza, y a la vista de los diversos errores, comunicaciones y procedimientos durante la programaci\u00f3n de la llave.<\/p>\n<p >Por \u00faltimo, la pantalla tambi\u00e9n muestra el estimado de tiempo de programaci\u00f3n para la nueva clave (de 8 a 30 segundos). Un m\u00e1ximo de 8 llaves pueden ser registrados en un veh\u00edculo. Adem\u00e1s, el dispositivo tambi\u00e9n permite que el silenciamiento de ciertos alarmas, tanto est\u00e1ndar como de posventa PUEDE a trav\u00e9s de la RED.<\/p>\n<p>&nbsp;<\/p>\n<p ><span style=\"color: #ff0000;\"><strong>* NUESTROS DISPOSITIVOS SE VENDEN EXCLUSIVAMENTE PARA USO OFICIAL Y PRIVADO. NO NOS HACEMOS RESPONSABLES DEL USO FRAUDULENTO O ILEGAL DEL EQUIPO QUE SE LE VENDE.<\/strong><\/span><\/p>","protected":false},"excerpt":{"rendered":"<div dir=\"ltr\">Lista de veh\u00edculos compatibles:<\/div>\n<div dir=\"ltr\"><\/div>\n<h2 class=\"ai-optimize-17\" dir=\"ltr\" style=\"text-align: center;\">La Marca Maserati :<\/h2>\n<ul>\n<li class=\"ai-optimize-18\" dir=\"ltr\">Primero de todo, MASERATI LEVANTE Todas las versiones del motor 2014-2016 \/ 2017-2021<\/li>\n<li class=\"ai-optimize-19\" dir=\"ltr\">GHIBLI todas las versiones del motor 2013-2017 \/ 2018-2021<\/li>\n<li class=\"ai-optimize-20\" dir=\"ltr\">Finalmente, el Quattroporte modelo de todas las versiones del motor 2013-2016 \/ 2017-2021<\/li>\n<\/ul>\n<h2 class=\"ai-optimize-21\" style=\"text-align: center;\">Marca JEEP :<\/h2>\n<ul>\n<li class=\"ai-optimize-22\" dir=\"ltr\">Entonces, JEEP GRAND CHEROKEE 2011-2015 \/ 2015-2021 Todas las versiones del motor: LIMITADA \/ SRT \/ HIBRID, etc<\/li>\n<li class=\"ai-optimize-23\" dir=\"ltr\">BR\u00daJULA todas las versiones del motor: LIMITADA \/ NIGHE etc. 2017-2021<\/li>\n<li class=\"ai-optimize-24\" dir=\"ltr\">Entonces, RENEGADO de Todas las versiones del motor: hibrid ECC 2015-2017 \/ 2018<\/li>\n<\/ul>\n<h2 class=\"ai-optimize-25\" style=\"text-align: center;\">Marca FIAT :<\/h2>\n<ul>\n<li class=\"ai-optimize-26\" dir=\"ltr\">FIAT 500X todas las versiones del motor 2014-2017 \/ 2018-2021<\/li>\n<\/ul>\n<h2 class=\"ai-optimize-27\" style=\"text-align: center;\">Marca DODGE :<\/h2>\n<ul>\n<li class=\"ai-optimize-28\" dir=\"ltr\">DODGE DURANGO todas las versiones del motor: GT \/ SRT, etc. 2010-2013 \/ 2014-2021 Todas las versiones del motor: GT \/ SRT, etc.<\/li>\n<li class=\"ai-optimize-29\" dir=\"ltr\">Entonces, CHALLENGER GT\/STR etc. 2015-2021<\/li>\n<li class=\"ai-optimize-30\" dir=\"ltr\">CARGADOR de todas las versiones del motor 2011-2015 \/ 2016-2021<\/li>\n<li class=\"ai-optimize-31\" dir=\"ltr\">RAM todas las versiones del motor: 2500\/3500\/4500\/5500\/5500\/pickup<\/li>\n<li class=\"ai-optimize-32\" dir=\"ltr\">2013-2018 \/ 2019-2021.<\/li>\n<li class=\"ai-optimize-33\" dir=\"ltr\">La V\u00cdBORA de todas las versiones del motor de 2012 a 2014 \/ 2015+<\/li>\n<li class=\"ai-optimize-34\" dir=\"ltr\">Ba\u00f1o privado, DART todas las versiones del motor 2012-2016<\/li>\n<li class=\"ai-optimize-35\" dir=\"ltr\">VIAJE de todas las versiones del motor 2011-2021<\/li>\n<li class=\"ai-optimize-36\" dir=\"ltr\">MAGNUM todas las versiones del motor 2011-2021.<\/li>\n<li class=\"ai-optimize-37\" dir=\"ltr\">CARAVANA de todas las versiones del motor 2009-2014 \/ 2015-2021.<\/li>\n<\/ul>\n<h2 class=\"ai-optimize-38\" style=\"text-align: center;\">Marca CHRISLER :<\/h2>\n<ul>\n<li class=\"ai-optimize-39\" dir=\"ltr\">Entonces, CHRISLER 200 todas las versiones del motor 2014-2017 \/ 2017 +<\/li>\n<li class=\"ai-optimize-40\" dir=\"ltr\">300 todas las versiones del motor 300 \/ 300c \/ 300m etc. 2011-2017 \/ 2018-2020<\/li>\n<li class=\"ai-optimize-41\" dir=\"ltr\">Entonces, el Grand Voyager todas las versiones del motor 2018-2020 todas las versiones del motor : h\u00edbrido \/ VAN MAX \/ etc<\/li>\n<li class=\"ai-optimize-42\" dir=\"ltr\">PACIFICA todas las versiones del motor : hibridd \/ VAN MAX \/ etc 2017-2018 \/ 2019-2021<\/li>\n<li class=\"ai-optimize-43\" dir=\"ltr\">Finalmente, el VOYAGER, todas las versiones del motor 2017-2020.<\/li>\n<\/ul>","protected":false},"featured_media":10578,"comment_status":"open","ping_status":"closed","template":"","meta":{"_monsterinsights_skip_tracking":false,"_monsterinsights_sitenote_active":false,"_monsterinsights_sitenote_note":"","_monsterinsights_sitenote_category":0},"product_brand":[1159,1170,1169,1157,1160,1164],"product_cat":[516],"product_tag":[687,688,558,559,689,690,691,692,693,562,563,564,572,573,694,695,696,697,698,699,700,701,575,702,703,704,705,706,707,542,585,526,586,554,587,588,599,708,709,710,711,618,622,623,624,712],"vehicles":[874,1151,1152,875,1153,876,877,878,873,866,867,137,870,865,871,872,868,869,1146,1145,1144,1147,1149,1148,1150],"class_list":{"0":"post-10716","1":"product","2":"type-product","3":"status-publish","4":"has-post-thumbnail","6":"product_brand-alfa-romeo","7":"product_brand-chrisler","8":"product_brand-dodge","9":"product_brand-fiat","10":"product_brand-jeep","11":"product_brand-maserati","12":"product_cat-key-programmer","13":"product_tag-alfa-romeo-giulia-toutes-les-versions-de-moteur-2016-2018-2019-2021","14":"product_tag-alfa-romeo-stelvio-toutes-les-versions-de-moteur-2016-2018-2019-2021","15":"product_tag-autodevice","16":"product_tag-autokeydevice","17":"product_tag-chrisler-200-toutes-les-versions-de-moteur-2014-2017-2017","18":"product_tag-chrisler-300-toutes-les-versions-moteurs-300-300c-300m-etc-2011-2017-2018-2020","19":"product_tag-chrisler-grand-voyager-toutes-les-versions-de-moteur-2018-2020-toutes-les-versions-moteurs-hybride-van-max-etc","20":"product_tag-chrisler-pacifica-toutes-les-versions-moteurs-hibridd-van-max-etc-2017-2018-2019-2021","21":"product_tag-chrisler-voyager","22":"product_tag-cle-auto","23":"product_tag-cles-auto","24":"product_tag-cles-de-voiture","25":"product_tag-diagnostic-key","26":"product_tag-diagnostickey","27":"product_tag-dodge-caravan-toutes-les-versions-de-moteur-2009-2014-2015-2021","28":"product_tag-dodge-challenger-gt-str-etc-2015-2021-dodge-charger-toutes-les-versions-de-moteur-2011-2015-2016-2021","29":"product_tag-dodge-dart-toutes-les-versions-de-moteur-2012-2016","30":"product_tag-dodge-durango-toutes-les-versions-de-moteur-gt-srt","31":"product_tag-dodge-journey-toutes-les-versions-de-moteur-2011-2021","32":"product_tag-dodge-magnum-toutes-les-versions-de-moteur-2011-2021","33":"product_tag-dodge-ram-toutes-les-versions-moteurs-2500-3500-4500-5500-5500-pickup-2013-2018-2019-2021","34":"product_tag-dodge-viper-toutes-les-versions-de-moteur-2012-2014-2015","35":"product_tag-encoder","36":"product_tag-etc","37":"product_tag-etc-2010-2013-2014-2021-toutes-les-versions-de-moteur-gt-srt","38":"product_tag-etc-jeep-compass-toutes-les-versions-moteurs-limite-nighe-etc-2017-2021","39":"product_tag-fiat-500x-toutes-les-versions-de-moteur-2014-2017-2018-2021","40":"product_tag-jeep-grand-cherokee-2011-2015-2015-2021-toutes-les-versions-de-moteur-limite-srt-hibrid","41":"product_tag-jeep-renegade-toutes-les-versions-de-moteur-hibrid-ecc-2015-2017-2018-2018","42":"product_tag-key-device","43":"product_tag-key-devices","44":"product_tag-key-programmer","45":"product_tag-key-programmeur","46":"product_tag-keydevice","47":"product_tag-keydevices","48":"product_tag-keyprogrammer","49":"product_tag-lock-smith","50":"product_tag-maserati","51":"product_tag-maserati-ghibli-toutes-les-versions-de-moteur-2013-2017-2018-2021","52":"product_tag-maserati-levante-toutes-les-versions-de-moteur-2014-2016-2017-2021","53":"product_tag-maserati-quattroporte-toutes-les-versions-de-moteur-2013-2016-2017-2021","54":"product_tag-noimmo","55":"product_tag-prodecoder","56":"product_tag-programmateur-de-cle","57":"product_tag-programmeur-cle","58":"product_tag-toutes-les-versions-de-moteur-2017-2020","59":"vehicles-chrisler-200-2014-2017-2017","60":"vehicles-chrisler-200-2014-2017-2017-2","61":"vehicles-chrisler-300-300-300c-300m-2011-2017-2018-2020","62":"vehicles-chrisler-300-300c-300m-2011-2017-2018-2020","63":"vehicles-chrisler-grand-voyager-hybride-van-max-2018-2020","64":"vehicles-chrisler-grand-voyager-2018-2020","65":"vehicles-chrisler-pacifica-hybrid-van-max-2017-2018-2019-2021","66":"vehicles-chrisler-voyager-2017-2020","67":"vehicles-dodge-caravan-2009-2014-2015-2021","68":"vehicles-dodge-challenger-gt-str-2015-2021","69":"vehicles-dodge-charger-2011-2015-2016-2021","70":"vehicles-dodge-charger-2011-5-7-5-speed-automatic-select-shift-dodge-5-7l-8-cylinder-370-hp-395-ft-lbs","71":"vehicles-dodge-dart-2012-2016","72":"vehicles-dodge-durango-gt-srt-2010-2013-2014-2021","73":"vehicles-dodge-journey-2011-2021","74":"vehicles-dodge-magnum-2011-2021","75":"vehicles-dodge-ram-2500-3500-4500-5500-5500-pickup-2013-2018-2019-2021","76":"vehicles-dodge-viper-2012-2014-2015","77":"vehicles-fiat-500x-2014-2017-2018-2021","78":"vehicles-jeep-renegade-2015-2017-2018","79":"vehicles-jeep-compass-2017-2021","80":"vehicles-jeep-grand-cherokee-2011-2015-2015-2021","81":"vehicles-maserati-ghibli-2013-2017-2018-2021","82":"vehicles-maserati-levante-2014-2016-2017-2021","83":"vehicles-maserati-quattroporte-2013-2016-2017-2021","85":"first","86":"outofstock","87":"shipping-taxable","88":"product-type-simple"},"yoast_head":"<!-- This site is optimized with the Yoast SEO Premium plugin v25.5 (Yoast SEO v27.4) - https:\/\/yoast.com\/product\/yoast-seo-premium-wordpress\/ -->\n<title>Maserati Jeep Dodge Alfa Romeo Key Programmer Full Version<\/title>\n<meta name=\"description\" content=\"Maserati Jeep Dodge Alfa Romeo Key Programmer Full Version est un appareil derni\u00e8re g\u00e9n\u00e9ration \u00e0 prix d\u00e9fiant toute concurrence pour votre...\" \/>\n<meta name=\"robots\" content=\"index, follow, max-snippet:-1, max-image-preview:large, max-video-preview:-1\" \/>\n<link rel=\"canonical\" href=\"https:\/\/www.key-devices.com\/es\/product\/maserati-jeep-dodge-alfa-romeo-key-programmer-full-version\/\" \/>\n<meta property=\"og:locale\" content=\"es_ES\" \/>\n<meta property=\"og:type\" content=\"article\" \/>\n<meta property=\"og:title\" content=\"Maserati Jeep Dodge Alfa Romeo Key Programmer Full Version\" \/>\n<meta property=\"og:description\" content=\"Maserati Jeep Dodge Alfa Romeo Key Programmer Full Version est un appareil derni\u00e8re g\u00e9n\u00e9ration \u00e0 prix d\u00e9fiant toute concurrence pour votre...\" \/>\n<meta property=\"og:url\" content=\"https:\/\/www.key-devices.com\/es\/product\/maserati-jeep-dodge-alfa-romeo-key-programmer-full-version\/\" \/>\n<meta property=\"og:site_name\" content=\"KEY DEVICES\" \/>\n<meta property=\"article:modified_time\" content=\"2025-07-28T11:22:52+00:00\" \/>\n<meta property=\"og:image\" content=\"https:\/\/www.key-devices.com\/wp-content\/uploads\/Key-Programmer-Maserait-Dodge-Jeep-Alafa-Romeo.jpg\" \/>\n\t<meta property=\"og:image:width\" content=\"1200\" \/>\n\t<meta property=\"og:image:height\" content=\"1600\" \/>\n\t<meta property=\"og:image:type\" content=\"image\/jpeg\" \/>\n<meta name=\"twitter:card\" content=\"summary_large_image\" \/>\n<meta name=\"twitter:label1\" content=\"Precio\" \/>\n\t<meta name=\"twitter:data1\" content=\"\" \/>\n\t<meta name=\"twitter:label2\" content=\"Disponibilidad\" \/>\n\t<meta name=\"twitter:data2\" content=\"Sin existencias\" \/>\n<script type=\"application\/ld+json\" class=\"yoast-schema-graph\">{\"@context\":\"https:\\\/\\\/schema.org\",\"@graph\":[{\"@type\":\"WebPage\",\"@id\":\"https:\\\/\\\/www.key-devices.com\\\/product\\\/maserati-jeep-dodge-alfa-romeo-key-programmer-full-version\\\/\",\"url\":\"https:\\\/\\\/www.key-devices.com\\\/product\\\/maserati-jeep-dodge-alfa-romeo-key-programmer-full-version\\\/\",\"name\":\"Maserati Jeep Dodge Alfa Romeo Key Programmer Full Version\",\"isPartOf\":{\"@id\":\"https:\\\/\\\/www.key-devices.com\\\/#website\"},\"primaryImageOfPage\":{\"@id\":\"https:\\\/\\\/www.key-devices.com\\\/product\\\/maserati-jeep-dodge-alfa-romeo-key-programmer-full-version\\\/#primaryimage\"},\"image\":{\"@id\":\"https:\\\/\\\/www.key-devices.com\\\/product\\\/maserati-jeep-dodge-alfa-romeo-key-programmer-full-version\\\/#primaryimage\"},\"thumbnailUrl\":\"https:\\\/\\\/www.key-devices.com\\\/wp-content\\\/uploads\\\/Key-Programmer-Maserait-Dodge-Jeep-Alafa-Romeo.jpg\",\"datePublished\":\"2025-06-07T18:42:14+00:00\",\"dateModified\":\"2025-07-28T11:22:52+00:00\",\"description\":\"Maserati Jeep Dodge Alfa Romeo Key Programmer Full Version est un appareil derni\u00e8re g\u00e9n\u00e9ration \u00e0 prix d\u00e9fiant toute concurrence pour votre...\",\"breadcrumb\":{\"@id\":\"https:\\\/\\\/www.key-devices.com\\\/product\\\/maserati-jeep-dodge-alfa-romeo-key-programmer-full-version\\\/#breadcrumb\"},\"inLanguage\":\"es\",\"potentialAction\":[{\"@type\":\"ReadAction\",\"target\":[\"https:\\\/\\\/www.key-devices.com\\\/product\\\/maserati-jeep-dodge-alfa-romeo-key-programmer-full-version\\\/\"]}]},{\"@type\":\"ImageObject\",\"inLanguage\":\"es\",\"@id\":\"https:\\\/\\\/www.key-devices.com\\\/product\\\/maserati-jeep-dodge-alfa-romeo-key-programmer-full-version\\\/#primaryimage\",\"url\":\"https:\\\/\\\/www.key-devices.com\\\/wp-content\\\/uploads\\\/Key-Programmer-Maserait-Dodge-Jeep-Alafa-Romeo.jpg\",\"contentUrl\":\"https:\\\/\\\/www.key-devices.com\\\/wp-content\\\/uploads\\\/Key-Programmer-Maserait-Dodge-Jeep-Alafa-Romeo.jpg\",\"width\":1200,\"height\":1600,\"caption\":\"Maserati Jeep Dodge Alfa Romeo Key Programmer Full Version\"},{\"@type\":\"BreadcrumbList\",\"@id\":\"https:\\\/\\\/www.key-devices.com\\\/product\\\/maserati-jeep-dodge-alfa-romeo-key-programmer-full-version\\\/#breadcrumb\",\"itemListElement\":[{\"@type\":\"ListItem\",\"position\":1,\"name\":\"Home\",\"item\":\"https:\\\/\\\/www.key-devices.com\\\/\"},{\"@type\":\"ListItem\",\"position\":2,\"name\":\"Shop\",\"item\":\"https:\\\/\\\/www.key-devices.com\\\/shop\\\/\"},{\"@type\":\"ListItem\",\"position\":3,\"name\":\"Maserati Jeep Dodge Alfa Romeo Key Programmer Full Version\"}]},{\"@type\":\"WebSite\",\"@id\":\"https:\\\/\\\/www.key-devices.com\\\/#website\",\"url\":\"https:\\\/\\\/www.key-devices.com\\\/\",\"name\":\"KEY DEVICES\",\"description\":\"\",\"publisher\":{\"@id\":\"https:\\\/\\\/www.key-devices.com\\\/#organization\"},\"potentialAction\":[{\"@type\":\"SearchAction\",\"target\":{\"@type\":\"EntryPoint\",\"urlTemplate\":\"https:\\\/\\\/www.key-devices.com\\\/?s={search_term_string}\"},\"query-input\":{\"@type\":\"PropertyValueSpecification\",\"valueRequired\":true,\"valueName\":\"search_term_string\"}}],\"inLanguage\":\"es\"},{\"@type\":[\"Organization\",\"Place\"],\"@id\":\"https:\\\/\\\/www.key-devices.com\\\/#organization\",\"name\":\"Key Devices\",\"url\":\"https:\\\/\\\/www.key-devices.com\\\/\",\"logo\":{\"@id\":\"https:\\\/\\\/www.key-devices.com\\\/product\\\/maserati-jeep-dodge-alfa-romeo-key-programmer-full-version\\\/#local-main-organization-logo\"},\"image\":{\"@id\":\"https:\\\/\\\/www.key-devices.com\\\/product\\\/maserati-jeep-dodge-alfa-romeo-key-programmer-full-version\\\/#local-main-organization-logo\"},\"legalName\":\"Key Devices\",\"telephone\":[],\"openingHoursSpecification\":[{\"@type\":\"OpeningHoursSpecification\",\"dayOfWeek\":[\"Monday\",\"Tuesday\",\"Wednesday\",\"Thursday\",\"Friday\",\"Saturday\",\"Sunday\"],\"opens\":\"09:00\",\"closes\":\"17:00\"}]},{\"@type\":\"ImageObject\",\"inLanguage\":\"es\",\"@id\":\"https:\\\/\\\/www.key-devices.com\\\/product\\\/maserati-jeep-dodge-alfa-romeo-key-programmer-full-version\\\/#local-main-organization-logo\",\"url\":\"https:\\\/\\\/www.key-devices.com\\\/wp-content\\\/uploads\\\/cropped-Key-Devices-Logo-official-.png\",\"contentUrl\":\"https:\\\/\\\/www.key-devices.com\\\/wp-content\\\/uploads\\\/cropped-Key-Devices-Logo-official-.png\",\"width\":512,\"height\":512,\"caption\":\"Key Devices\"}]}<\/script>\n<meta property=\"product:price:currency\" content=\"EUR\" \/>\n<meta property=\"og:availability\" content=\"out of stock\" \/>\n<meta property=\"product:availability\" content=\"out of stock\" \/>\n<meta property=\"product:retailer_item_id\" content=\"2554\" \/>\n<meta property=\"product:condition\" content=\"new\" \/>\n<!-- \/ Yoast SEO Premium plugin. -->","yoast_head_json":{"title":"Programador de llaves Maserati Jeep Dodge Alfa Romeo versi\u00f3n completa","description":"Maserati Jeep Dodge Alfa Romeo Programador Clave de la Versi\u00f3n Completa est un appareil derni\u00e8re g\u00e9n\u00e9ration \u00e0 prix d\u00e9fiant toute la concurrencia pour votre...","robots":{"index":"index","follow":"follow","max-snippet":"max-snippet:-1","max-image-preview":"max-image-preview:large","max-video-preview":"max-video-preview:-1"},"canonical":"https:\/\/www.key-devices.com\/es\/product\/maserati-jeep-dodge-alfa-romeo-key-programmer-full-version\/","og_locale":"es_ES","og_type":"article","og_title":"Maserati Jeep Dodge Alfa Romeo Key Programmer Full Version","og_description":"Maserati Jeep Dodge Alfa Romeo Key Programmer Full Version est un appareil derni\u00e8re g\u00e9n\u00e9ration \u00e0 prix d\u00e9fiant toute concurrence pour votre...","og_url":"https:\/\/www.key-devices.com\/es\/product\/maserati-jeep-dodge-alfa-romeo-key-programmer-full-version\/","og_site_name":"KEY DEVICES","article_modified_time":"2025-07-28T11:22:52+00:00","og_image":[{"width":1200,"height":1600,"url":"https:\/\/www.key-devices.com\/wp-content\/uploads\/Key-Programmer-Maserait-Dodge-Jeep-Alafa-Romeo.jpg","type":"image\/jpeg"}],"twitter_card":"summary_large_image","twitter_misc":{"Precio":"","Disponibilidad":"Sin existencias"},"schema":{"@context":"https:\/\/schema.org","@graph":[{"@type":"WebPage","@id":"https:\/\/www.key-devices.com\/product\/maserati-jeep-dodge-alfa-romeo-key-programmer-full-version\/","url":"https:\/\/www.key-devices.com\/product\/maserati-jeep-dodge-alfa-romeo-key-programmer-full-version\/","name":"Programador de llaves Maserati Jeep Dodge Alfa Romeo versi\u00f3n completa","isPartOf":{"@id":"https:\/\/www.key-devices.com\/#website"},"primaryImageOfPage":{"@id":"https:\/\/www.key-devices.com\/product\/maserati-jeep-dodge-alfa-romeo-key-programmer-full-version\/#primaryimage"},"image":{"@id":"https:\/\/www.key-devices.com\/product\/maserati-jeep-dodge-alfa-romeo-key-programmer-full-version\/#primaryimage"},"thumbnailUrl":"https:\/\/www.key-devices.com\/wp-content\/uploads\/Key-Programmer-Maserait-Dodge-Jeep-Alafa-Romeo.jpg","datePublished":"2025-06-07T18:42:14+00:00","dateModified":"2025-07-28T11:22:52+00:00","description":"Maserati Jeep Dodge Alfa Romeo Programador Clave de la Versi\u00f3n Completa est un appareil derni\u00e8re g\u00e9n\u00e9ration \u00e0 prix d\u00e9fiant toute la concurrencia pour votre...","breadcrumb":{"@id":"https:\/\/www.key-devices.com\/product\/maserati-jeep-dodge-alfa-romeo-key-programmer-full-version\/#breadcrumb"},"inLanguage":"es","potentialAction":[{"@type":"ReadAction","target":["https:\/\/www.key-devices.com\/product\/maserati-jeep-dodge-alfa-romeo-key-programmer-full-version\/"]}]},{"@type":"ImageObject","inLanguage":"es","@id":"https:\/\/www.key-devices.com\/product\/maserati-jeep-dodge-alfa-romeo-key-programmer-full-version\/#primaryimage","url":"https:\/\/www.key-devices.com\/wp-content\/uploads\/Key-Programmer-Maserait-Dodge-Jeep-Alafa-Romeo.jpg","contentUrl":"https:\/\/www.key-devices.com\/wp-content\/uploads\/Key-Programmer-Maserait-Dodge-Jeep-Alafa-Romeo.jpg","width":1200,"height":1600,"caption":"Maserati Jeep Dodge Alfa Romeo Key Programmer Full Version"},{"@type":"BreadcrumbList","@id":"https:\/\/www.key-devices.com\/product\/maserati-jeep-dodge-alfa-romeo-key-programmer-full-version\/#breadcrumb","itemListElement":[{"@type":"ListItem","position":1,"name":"Home","item":"https:\/\/www.key-devices.com\/"},{"@type":"ListItem","position":2,"name":"Shop","item":"https:\/\/www.key-devices.com\/shop\/"},{"@type":"ListItem","position":3,"name":"Maserati Jeep Dodge Alfa Romeo Key Programmer Full Version"}]},{"@type":"WebSite","@id":"https:\/\/www.key-devices.com\/#website","url":"https:\/\/www.key-devices.com\/","name":"DISPOSITIVOS CLAVE","description":"","publisher":{"@id":"https:\/\/www.key-devices.com\/#organization"},"potentialAction":[{"@type":"SearchAction","target":{"@type":"EntryPoint","urlTemplate":"https:\/\/www.key-devices.com\/?s={search_term_string}"},"query-input":{"@type":"PropertyValueSpecification","valueRequired":true,"valueName":"search_term_string"}}],"inLanguage":"es"},{"@type":["Organization","Place"],"@id":"https:\/\/www.key-devices.com\/#organization","name":"Los Dispositivos Principales","url":"https:\/\/www.key-devices.com\/","logo":{"@id":"https:\/\/www.key-devices.com\/product\/maserati-jeep-dodge-alfa-romeo-key-programmer-full-version\/#local-main-organization-logo"},"image":{"@id":"https:\/\/www.key-devices.com\/product\/maserati-jeep-dodge-alfa-romeo-key-programmer-full-version\/#local-main-organization-logo"},"legalName":"Key Devices","telephone":[],"openingHoursSpecification":[{"@type":"OpeningHoursSpecification","dayOfWeek":["Monday","Tuesday","Wednesday","Thursday","Friday","Saturday","Sunday"],"opens":"09:00","closes":"17:00"}]},{"@type":"ImageObject","inLanguage":"es","@id":"https:\/\/www.key-devices.com\/product\/maserati-jeep-dodge-alfa-romeo-key-programmer-full-version\/#local-main-organization-logo","url":"https:\/\/www.key-devices.com\/wp-content\/uploads\/cropped-Key-Devices-Logo-official-.png","contentUrl":"https:\/\/www.key-devices.com\/wp-content\/uploads\/cropped-Key-Devices-Logo-official-.png","width":512,"height":512,"caption":"Key Devices"}]},"product_price_currency":"EUR","og_availability":"out of stock","product_availability":"out of stock","product_retailer_item_id":"2554","product_condition":"new"},"jetpack_sharing_enabled":true,"_links":{"self":[{"href":"https:\/\/www.key-devices.com\/es\/wp-json\/wp\/v2\/product\/10716","targetHints":{"allow":["GET"]}}],"collection":[{"href":"https:\/\/www.key-devices.com\/es\/wp-json\/wp\/v2\/product"}],"about":[{"href":"https:\/\/www.key-devices.com\/es\/wp-json\/wp\/v2\/types\/product"}],"replies":[{"embeddable":true,"href":"https:\/\/www.key-devices.com\/es\/wp-json\/wp\/v2\/comments?post=10716"}],"wp:featuredmedia":[{"embeddable":true,"href":"https:\/\/www.key-devices.com\/es\/wp-json\/wp\/v2\/media\/10578"}],"wp:attachment":[{"href":"https:\/\/www.key-devices.com\/es\/wp-json\/wp\/v2\/media?parent=10716"}],"wp:term":[{"taxonomy":"product_brand","embeddable":true,"href":"https:\/\/www.key-devices.com\/es\/wp-json\/wp\/v2\/product_brand?post=10716"},{"taxonomy":"product_cat","embeddable":true,"href":"https:\/\/www.key-devices.com\/es\/wp-json\/wp\/v2\/product_cat?post=10716"},{"taxonomy":"product_tag","embeddable":true,"href":"https:\/\/www.key-devices.com\/es\/wp-json\/wp\/v2\/product_tag?post=10716"},{"taxonomy":"vehicles","embeddable":true,"href":"https:\/\/www.key-devices.com\/es\/wp-json\/wp\/v2\/vehicles?post=10716"}],"curies":[{"name":"wp","href":"https:\/\/api.w.org\/{rel}","templated":true}]}}