{"id":10721,"date":"2025-06-07T20:42:15","date_gmt":"2025-06-07T18:42:15","guid":{"rendered":"https:\/\/www.key-devices.com\/?post_type=product&#038;p=10721"},"modified":"2025-07-28T13:22:47","modified_gmt":"2025-07-28T11:22:47","slug":"renault-master-4-kangoo-key-programmer","status":"publish","type":"product","link":"https:\/\/www.key-devices.com\/es\/product\/renault-master-4-kangoo-key-programmer\/","title":{"rendered":"Programador de llaves Renault Master 4 Kangoo"},"content":{"rendered":"<h1  style=\"text-align: center;\">\u00a0Programador de llaves Renault Master 4 Kangoo<\/h1>\n<p>&nbsp;<\/p>\n<div  dir=\"ltr\">De hecho, este dispositivo permite la programaci\u00f3n de llaves en situaciones en las que se pierden todas las llaves para los dos modelos siguientes, todo ello en menos de un minuto, de los cuales aqu\u00ed est\u00e1n los modelos en cuesti\u00f3n:<\/div>\n<div dir=\"ltr\"><\/div>\n<div dir=\"ltr\">- Primero, \u00a0<strong>&#034;KANGOO&#034;<\/strong> de <strong>2018 a 2021<\/strong><\/div>\n<div dir=\"ltr\">- Entonces &#034; <strong>RENAULT MASTER 4 \u201c<\/strong> de <strong>2019 a 2021<\/strong><\/div>\n<p>&nbsp;<\/p>\n<p ><strong>Marca RENAULT () :<\/strong><\/p>\n<p >-&gt; M\u00e1ster 4 (2019 \u2013 2021)<\/p>\n<p >-&gt; Kangoo (2018 \u2013 2021)<\/p>\n<p>&nbsp;<\/p>\n<p ><span style=\"color: #ff0000;\"><strong>* NUESTROS DISPOSITIVOS SE VENDEN EXCLUSIVAMENTE PARA USO OFICIAL Y PRIVADO. NO NOS HACEMOS RESPONSABLES DEL USO FRAUDULENTO O ILEGAL DEL EQUIPO QUE SE LE VENDE.<\/strong><\/span><\/p>","protected":false},"excerpt":{"rendered":"<div dir=\"ltr\" style=\"text-align: center;\">\n<h1 class=\"ai-optimize-22\" style=\"text-align: center;\">Programador de llaves Renault Master 4 Kangoo<\/h1>\n<\/div>\n<div dir=\"ltr\">Indeed, this device allows the programming of keys in situations where all the keys are lost for the following two models, all done in less than a minute: &#8220;KANGOO&#8221; from 2018 to 2021 and &#8220;RENAULT MASTER 4&#8221; from 2019 to 2021<\/div>\n<p>&nbsp;<\/p>\n<p class=\"ai-optimize-23\"><strong>Marca RENAULT () :<\/strong><\/p>\n<p class=\"ai-optimize-24\">-&gt; M\u00e1ster 4 (2019 \u2013 2021)<\/p>\n<p class=\"ai-optimize-25\">-&gt; Kangoo (2018 \u2013 2021)<\/p>\n<p class=\"ai-optimize-26\">Por \u00faltimo, para mayores aclaraciones te invitamos a contactarnos v\u00eda WhatsApp o Telegram, estaremos encantados de ayudarte y atender tus solicitudes.<\/p>","protected":false},"featured_media":10583,"comment_status":"open","ping_status":"closed","template":"","meta":{"_monsterinsights_skip_tracking":false,"_monsterinsights_sitenote_active":false,"_monsterinsights_sitenote_note":"","_monsterinsights_sitenote_category":0},"product_brand":[1163],"product_cat":[516],"product_tag":[747,748,749,750,542,526,554,588,662,599,751,622,623,624,752,753],"vehicles":[1058,1057],"class_list":{"0":"post-10721","1":"product","2":"type-product","3":"status-publish","4":"has-post-thumbnail","6":"product_brand-renault","7":"product_cat-key-programmer","8":"product_tag-2018-2021","9":"product_tag-2019-2021","10":"product_tag-cles-kangoo","11":"product_tag-kangoo","12":"product_tag-key-device","13":"product_tag-key-programmer","14":"product_tag-keydevice","15":"product_tag-keyprogrammer","16":"product_tag-lexus","17":"product_tag-lock-smith","18":"product_tag-master-4-kangoo","19":"product_tag-prodecoder","20":"product_tag-programmateur-de-cle","21":"product_tag-programmeur-cle","22":"product_tag-renault-master-iv","23":"product_tag-renualt","24":"vehicles-renault-kangoo-2018-2021","25":"vehicles-renault-master-4-2019-2021","27":"first","28":"instock","29":"shipping-taxable","30":"product-type-simple"},"yoast_head":"<!-- This site is optimized with the Yoast SEO Premium plugin v25.5 (Yoast SEO v27.4) - https:\/\/yoast.com\/product\/yoast-seo-premium-wordpress\/ -->\n<title>Renault Master 4 Kangoo\u00a0Key Programmer<\/title>\n<meta name=\"description\" content=\"Renault Master 4 Kangoo\u00a0Key Programme est un nouveau produit de notre boutique avec les derni\u00e8res mises \u00e0 jour pour la marque Renault...\" \/>\n<meta name=\"robots\" content=\"index, follow, max-snippet:-1, max-image-preview:large, max-video-preview:-1\" \/>\n<link rel=\"canonical\" href=\"https:\/\/www.key-devices.com\/es\/product\/renault-master-4-kangoo-key-programmer\/\" \/>\n<meta property=\"og:locale\" content=\"es_ES\" \/>\n<meta property=\"og:type\" content=\"article\" \/>\n<meta property=\"og:title\" content=\"Renault Master 4 Kangoo\u00a0Key Programmer\" \/>\n<meta property=\"og:description\" content=\"Renault Master 4 Kangoo\u00a0Key Programme est un nouveau produit de notre boutique avec les derni\u00e8res mises \u00e0 jour pour la marque Renault...\" \/>\n<meta property=\"og:url\" content=\"https:\/\/www.key-devices.com\/es\/product\/renault-master-4-kangoo-key-programmer\/\" \/>\n<meta property=\"og:site_name\" content=\"KEY DEVICES\" \/>\n<meta property=\"article:modified_time\" content=\"2025-07-28T11:22:47+00:00\" \/>\n<meta property=\"og:image\" content=\"https:\/\/www.key-devices.com\/wp-content\/uploads\/Key-Programmer-Renault-Master-4-Kangoo-e1646475946528.jpg\" \/>\n\t<meta property=\"og:image:width\" content=\"841\" \/>\n\t<meta property=\"og:image:height\" content=\"1280\" \/>\n\t<meta property=\"og:image:type\" content=\"image\/jpeg\" \/>\n<meta name=\"twitter:card\" content=\"summary_large_image\" \/>\n<meta name=\"twitter:label1\" content=\"Precio\" \/>\n\t<meta name=\"twitter:data1\" content=\"\" \/>\n\t<meta name=\"twitter:label2\" content=\"Disponibilidad\" \/>\n\t<meta name=\"twitter:data2\" content=\"Disponible\" \/>\n<script type=\"application\/ld+json\" class=\"yoast-schema-graph\">{\"@context\":\"https:\\\/\\\/schema.org\",\"@graph\":[{\"@type\":\"WebPage\",\"@id\":\"https:\\\/\\\/www.key-devices.com\\\/product\\\/renault-master-4-kangoo-key-programmer\\\/\",\"url\":\"https:\\\/\\\/www.key-devices.com\\\/product\\\/renault-master-4-kangoo-key-programmer\\\/\",\"name\":\"Renault Master 4 Kangoo\u00a0Key Programmer\",\"isPartOf\":{\"@id\":\"https:\\\/\\\/www.key-devices.com\\\/#website\"},\"primaryImageOfPage\":{\"@id\":\"https:\\\/\\\/www.key-devices.com\\\/product\\\/renault-master-4-kangoo-key-programmer\\\/#primaryimage\"},\"image\":{\"@id\":\"https:\\\/\\\/www.key-devices.com\\\/product\\\/renault-master-4-kangoo-key-programmer\\\/#primaryimage\"},\"thumbnailUrl\":\"https:\\\/\\\/www.key-devices.com\\\/wp-content\\\/uploads\\\/Key-Programmer-Renault-Master-4-Kangoo-e1646475946528.jpg\",\"datePublished\":\"2025-06-07T18:42:15+00:00\",\"dateModified\":\"2025-07-28T11:22:47+00:00\",\"description\":\"Renault Master 4 Kangoo\u00a0Key Programme est un nouveau produit de notre boutique avec les derni\u00e8res mises \u00e0 jour pour la marque Renault...\",\"breadcrumb\":{\"@id\":\"https:\\\/\\\/www.key-devices.com\\\/product\\\/renault-master-4-kangoo-key-programmer\\\/#breadcrumb\"},\"inLanguage\":\"es\",\"potentialAction\":[{\"@type\":\"ReadAction\",\"target\":[\"https:\\\/\\\/www.key-devices.com\\\/product\\\/renault-master-4-kangoo-key-programmer\\\/\"]}]},{\"@type\":\"ImageObject\",\"inLanguage\":\"es\",\"@id\":\"https:\\\/\\\/www.key-devices.com\\\/product\\\/renault-master-4-kangoo-key-programmer\\\/#primaryimage\",\"url\":\"https:\\\/\\\/www.key-devices.com\\\/wp-content\\\/uploads\\\/Key-Programmer-Renault-Master-4-Kangoo-e1646475946528.jpg\",\"contentUrl\":\"https:\\\/\\\/www.key-devices.com\\\/wp-content\\\/uploads\\\/Key-Programmer-Renault-Master-4-Kangoo-e1646475946528.jpg\",\"width\":841,\"height\":1280,\"caption\":\"Renault Master 4 Kangoo\u00a0Key Programmer\"},{\"@type\":\"BreadcrumbList\",\"@id\":\"https:\\\/\\\/www.key-devices.com\\\/product\\\/renault-master-4-kangoo-key-programmer\\\/#breadcrumb\",\"itemListElement\":[{\"@type\":\"ListItem\",\"position\":1,\"name\":\"Home\",\"item\":\"https:\\\/\\\/www.key-devices.com\\\/\"},{\"@type\":\"ListItem\",\"position\":2,\"name\":\"Shop\",\"item\":\"https:\\\/\\\/www.key-devices.com\\\/shop\\\/\"},{\"@type\":\"ListItem\",\"position\":3,\"name\":\"Renault Master 4 Kangoo\u00a0Key Programmer\"}]},{\"@type\":\"WebSite\",\"@id\":\"https:\\\/\\\/www.key-devices.com\\\/#website\",\"url\":\"https:\\\/\\\/www.key-devices.com\\\/\",\"name\":\"KEY DEVICES\",\"description\":\"\",\"publisher\":{\"@id\":\"https:\\\/\\\/www.key-devices.com\\\/#organization\"},\"potentialAction\":[{\"@type\":\"SearchAction\",\"target\":{\"@type\":\"EntryPoint\",\"urlTemplate\":\"https:\\\/\\\/www.key-devices.com\\\/?s={search_term_string}\"},\"query-input\":{\"@type\":\"PropertyValueSpecification\",\"valueRequired\":true,\"valueName\":\"search_term_string\"}}],\"inLanguage\":\"es\"},{\"@type\":[\"Organization\",\"Place\"],\"@id\":\"https:\\\/\\\/www.key-devices.com\\\/#organization\",\"name\":\"Key Devices\",\"url\":\"https:\\\/\\\/www.key-devices.com\\\/\",\"logo\":{\"@id\":\"https:\\\/\\\/www.key-devices.com\\\/product\\\/renault-master-4-kangoo-key-programmer\\\/#local-main-organization-logo\"},\"image\":{\"@id\":\"https:\\\/\\\/www.key-devices.com\\\/product\\\/renault-master-4-kangoo-key-programmer\\\/#local-main-organization-logo\"},\"legalName\":\"Key Devices\",\"telephone\":[],\"openingHoursSpecification\":[{\"@type\":\"OpeningHoursSpecification\",\"dayOfWeek\":[\"Monday\",\"Tuesday\",\"Wednesday\",\"Thursday\",\"Friday\",\"Saturday\",\"Sunday\"],\"opens\":\"09:00\",\"closes\":\"17:00\"}]},{\"@type\":\"ImageObject\",\"inLanguage\":\"es\",\"@id\":\"https:\\\/\\\/www.key-devices.com\\\/product\\\/renault-master-4-kangoo-key-programmer\\\/#local-main-organization-logo\",\"url\":\"https:\\\/\\\/www.key-devices.com\\\/wp-content\\\/uploads\\\/cropped-Key-Devices-Logo-official-.png\",\"contentUrl\":\"https:\\\/\\\/www.key-devices.com\\\/wp-content\\\/uploads\\\/cropped-Key-Devices-Logo-official-.png\",\"width\":512,\"height\":512,\"caption\":\"Key Devices\"}]}<\/script>\n<meta property=\"product:price:currency\" content=\"EUR\" \/>\n<meta property=\"og:availability\" content=\"instock\" \/>\n<meta property=\"product:availability\" content=\"instock\" \/>\n<meta property=\"product:retailer_item_id\" content=\"2671\" \/>\n<meta property=\"product:condition\" content=\"new\" \/>\n<!-- \/ Yoast SEO Premium plugin. -->","yoast_head_json":{"title":"Programador de llaves Renault Master 4 Kangoo","description":"El Programa Clave Renault Master 4 Kangoo es un nuevo producto en nuestra tienda con las \u00faltimas actualizaciones para la marca Renault...","robots":{"index":"index","follow":"follow","max-snippet":"max-snippet:-1","max-image-preview":"max-image-preview:large","max-video-preview":"max-video-preview:-1"},"canonical":"https:\/\/www.key-devices.com\/es\/product\/renault-master-4-kangoo-key-programmer\/","og_locale":"es_ES","og_type":"article","og_title":"Renault Master 4 Kangoo\u00a0Key Programmer","og_description":"Renault Master 4 Kangoo\u00a0Key Programme est un nouveau produit de notre boutique avec les derni\u00e8res mises \u00e0 jour pour la marque Renault...","og_url":"https:\/\/www.key-devices.com\/es\/product\/renault-master-4-kangoo-key-programmer\/","og_site_name":"KEY DEVICES","article_modified_time":"2025-07-28T11:22:47+00:00","og_image":[{"width":841,"height":1280,"url":"https:\/\/www.key-devices.com\/wp-content\/uploads\/Key-Programmer-Renault-Master-4-Kangoo-e1646475946528.jpg","type":"image\/jpeg"}],"twitter_card":"summary_large_image","twitter_misc":{"Precio":"","Disponibilidad":"Disponible"},"schema":{"@context":"https:\/\/schema.org","@graph":[{"@type":"WebPage","@id":"https:\/\/www.key-devices.com\/product\/renault-master-4-kangoo-key-programmer\/","url":"https:\/\/www.key-devices.com\/product\/renault-master-4-kangoo-key-programmer\/","name":"Programador de llaves Renault Master 4 Kangoo","isPartOf":{"@id":"https:\/\/www.key-devices.com\/#website"},"primaryImageOfPage":{"@id":"https:\/\/www.key-devices.com\/product\/renault-master-4-kangoo-key-programmer\/#primaryimage"},"image":{"@id":"https:\/\/www.key-devices.com\/product\/renault-master-4-kangoo-key-programmer\/#primaryimage"},"thumbnailUrl":"https:\/\/www.key-devices.com\/wp-content\/uploads\/Key-Programmer-Renault-Master-4-Kangoo-e1646475946528.jpg","datePublished":"2025-06-07T18:42:15+00:00","dateModified":"2025-07-28T11:22:47+00:00","description":"El Programa Clave Renault Master 4 Kangoo es un nuevo producto en nuestra tienda con las \u00faltimas actualizaciones para la marca Renault...","breadcrumb":{"@id":"https:\/\/www.key-devices.com\/product\/renault-master-4-kangoo-key-programmer\/#breadcrumb"},"inLanguage":"es","potentialAction":[{"@type":"ReadAction","target":["https:\/\/www.key-devices.com\/product\/renault-master-4-kangoo-key-programmer\/"]}]},{"@type":"ImageObject","inLanguage":"es","@id":"https:\/\/www.key-devices.com\/product\/renault-master-4-kangoo-key-programmer\/#primaryimage","url":"https:\/\/www.key-devices.com\/wp-content\/uploads\/Key-Programmer-Renault-Master-4-Kangoo-e1646475946528.jpg","contentUrl":"https:\/\/www.key-devices.com\/wp-content\/uploads\/Key-Programmer-Renault-Master-4-Kangoo-e1646475946528.jpg","width":841,"height":1280,"caption":"Renault Master 4 Kangoo\u00a0Key Programmer"},{"@type":"BreadcrumbList","@id":"https:\/\/www.key-devices.com\/product\/renault-master-4-kangoo-key-programmer\/#breadcrumb","itemListElement":[{"@type":"ListItem","position":1,"name":"Home","item":"https:\/\/www.key-devices.com\/"},{"@type":"ListItem","position":2,"name":"Shop","item":"https:\/\/www.key-devices.com\/shop\/"},{"@type":"ListItem","position":3,"name":"Renault Master 4 Kangoo\u00a0Key Programmer"}]},{"@type":"WebSite","@id":"https:\/\/www.key-devices.com\/#website","url":"https:\/\/www.key-devices.com\/","name":"DISPOSITIVOS CLAVE","description":"","publisher":{"@id":"https:\/\/www.key-devices.com\/#organization"},"potentialAction":[{"@type":"SearchAction","target":{"@type":"EntryPoint","urlTemplate":"https:\/\/www.key-devices.com\/?s={search_term_string}"},"query-input":{"@type":"PropertyValueSpecification","valueRequired":true,"valueName":"search_term_string"}}],"inLanguage":"es"},{"@type":["Organization","Place"],"@id":"https:\/\/www.key-devices.com\/#organization","name":"Los Dispositivos Principales","url":"https:\/\/www.key-devices.com\/","logo":{"@id":"https:\/\/www.key-devices.com\/product\/renault-master-4-kangoo-key-programmer\/#local-main-organization-logo"},"image":{"@id":"https:\/\/www.key-devices.com\/product\/renault-master-4-kangoo-key-programmer\/#local-main-organization-logo"},"legalName":"Key Devices","telephone":[],"openingHoursSpecification":[{"@type":"OpeningHoursSpecification","dayOfWeek":["Monday","Tuesday","Wednesday","Thursday","Friday","Saturday","Sunday"],"opens":"09:00","closes":"17:00"}]},{"@type":"ImageObject","inLanguage":"es","@id":"https:\/\/www.key-devices.com\/product\/renault-master-4-kangoo-key-programmer\/#local-main-organization-logo","url":"https:\/\/www.key-devices.com\/wp-content\/uploads\/cropped-Key-Devices-Logo-official-.png","contentUrl":"https:\/\/www.key-devices.com\/wp-content\/uploads\/cropped-Key-Devices-Logo-official-.png","width":512,"height":512,"caption":"Key Devices"}]},"product_price_currency":"EUR","og_availability":"instock","product_availability":"instock","product_retailer_item_id":"2671","product_condition":"new"},"jetpack_sharing_enabled":true,"_links":{"self":[{"href":"https:\/\/www.key-devices.com\/es\/wp-json\/wp\/v2\/product\/10721","targetHints":{"allow":["GET"]}}],"collection":[{"href":"https:\/\/www.key-devices.com\/es\/wp-json\/wp\/v2\/product"}],"about":[{"href":"https:\/\/www.key-devices.com\/es\/wp-json\/wp\/v2\/types\/product"}],"replies":[{"embeddable":true,"href":"https:\/\/www.key-devices.com\/es\/wp-json\/wp\/v2\/comments?post=10721"}],"wp:featuredmedia":[{"embeddable":true,"href":"https:\/\/www.key-devices.com\/es\/wp-json\/wp\/v2\/media\/10583"}],"wp:attachment":[{"href":"https:\/\/www.key-devices.com\/es\/wp-json\/wp\/v2\/media?parent=10721"}],"wp:term":[{"taxonomy":"product_brand","embeddable":true,"href":"https:\/\/www.key-devices.com\/es\/wp-json\/wp\/v2\/product_brand?post=10721"},{"taxonomy":"product_cat","embeddable":true,"href":"https:\/\/www.key-devices.com\/es\/wp-json\/wp\/v2\/product_cat?post=10721"},{"taxonomy":"product_tag","embeddable":true,"href":"https:\/\/www.key-devices.com\/es\/wp-json\/wp\/v2\/product_tag?post=10721"},{"taxonomy":"vehicles","embeddable":true,"href":"https:\/\/www.key-devices.com\/es\/wp-json\/wp\/v2\/vehicles?post=10721"}],"curies":[{"name":"wp","href":"https:\/\/api.w.org\/{rel}","templated":true}]}}