{"id":10723,"date":"2025-06-07T20:42:15","date_gmt":"2025-06-07T18:42:15","guid":{"rendered":"https:\/\/www.key-devices.com\/?post_type=product&#038;p=10723"},"modified":"2025-07-28T13:22:48","modified_gmt":"2025-07-28T11:22:48","slug":"fiat-lancia-ford-citroen-alfa-romeo-jeep-iveco-key-programmer","status":"publish","type":"product","link":"https:\/\/www.key-devices.com\/es\/product\/fiat-lancia-ford-citroen-alfa-romeo-jeep-iveco-key-programmer\/","title":{"rendered":"Programador de llaves Fiat Lancia Ford Citro\u00ebn Alfa Romeo Jeep Iveco"},"content":{"rendered":"<h1  style=\"text-align: center;\">Programador de llaves Fiat Lancia Ford Citro\u00ebn Alfa Romeo Jeep Iveco<\/h1>\n<p>&nbsp;<\/p>\n<p >\u2013 En primer lugar, aqu\u00ed est\u00e1n los modelos en cuesti\u00f3n:<\/p>\n<p >* Marca <strong>=FIAT<\/strong> :<\/p>\n<ul>\n<li ><strong>500<\/strong> \u2013 2007 \u2013 2020<\/li>\n<li ><strong>500 litros<\/strong> \u2013 2007 \u2013 2009 (1.2 y 1.4 gasolina) y 2010 \u2013 2020<\/li>\n<li ><strong>500 ABARTH<\/strong> \u2013 2008 \u2013 2020<\/li>\n<li >Despu\u00e9s,<strong>\u00a0Punto\/Gran Punto\/ABARTH Grande Punto<\/strong> \u2013 2008 \u2013 2020<\/li>\n<li ><strong>FLOR\u00cdN<\/strong> \u2013 2008 \u2013 2020<\/li>\n<li ><strong>Nuevo DOBLO<\/strong> \u2013 2012 \u2013 2020<\/li>\n<li ><strong>Nuevo Panda<\/strong> \u2013 2012 \u2013 2020<\/li>\n<\/ul>\n<p >Entonces la marca <strong>VADO<\/strong> :<\/p>\n<ul>\n<li ><b>VADO<\/b>&#8230;+&#8230;<\/li>\n<\/ul>\n<p>&nbsp;<\/p>\n<p >Entonces la marca <strong>LANZA<\/strong>\u00a0:<\/p>\n<ul>\n<li ><strong>Nuevo Ypsilon<\/strong> \u2013 2012 \u2013 2020<\/li>\n<\/ul>\n<p>&nbsp;<\/p>\n<p >Por fin la marca <strong>Alfa Romeo<\/strong>\u00a0:<\/p>\n<ul>\n<li >MITO \u2013 2008 \u2013 2020 si est\u00e1 equipado con el m\u00f3dulo DELPHI BCM, todos los tipos de motor.<\/li>\n<li >JULIETA \u2013 2010 \u2013 2020<\/li>\n<li >\u2013&gt; FIAT Ducato, Peugeot Boxer y Citroen Jumper \u2013 2010 \u2013 2020 \u2013 si est\u00e1 equipado con el m\u00f3dulo DELPHI BCM, entonces todos los tipos de motor o, de lo contrario, solo con ECU Magneti Marelli 8F2 y 8F3 para 2.8 LIVECO \u2013 2010 \u2013 2017<\/li>\n<li >+ Programaci\u00f3n de teclas 500X<\/li>\n<li >+ Programaci\u00f3n de llave Jeep Renegade<\/li>\n<\/ul>\n<p>&nbsp;<\/p>\n<p >\n<p ><strong><span style=\"color: #ff0000;\">* NUESTROS DISPOSITIVOS SE VENDEN EXCLUSIVAMENTE PARA USO OFICIAL Y PRIVADO. NO NOS HACEMOS RESPONSABLES DEL USO FRAUDULENTO O ILEGAL DEL EQUIPO QUE SE LE VENDE.<\/span><\/strong><\/p>","protected":false},"excerpt":{"rendered":"<p class=\"ai-optimize-65\">De hecho, aqu\u00ed est\u00e1n las marcas en cuesti\u00f3n:<\/p>\n<p class=\"ai-optimize-66\">* Marca = FIAT:<\/p>\n<ol>\n<li class=\"ai-optimize-67\">500 \u2013 2007 &#8211; 2020<\/li>\n<li class=\"ai-optimize-67\">500L \u2013 2007 &#8211; 2009 (1.2 and 1.4 petrol) and 2010 &#8211; 2020<\/li>\n<li class=\"ai-optimize-67\">500 ABARTH \u2013 2008 &#8211; 2020<\/li>\n<li class=\"ai-optimize-67\">Then, Punto\/Grande Punto\/ABARTH Grande Punto \u2013 2008 &#8211; 2020<\/li>\n<li class=\"ai-optimize-67\">FIORINO \u2013 2008 &#8211; 2020<\/li>\n<li class=\"ai-optimize-67\">New DOBLO \u2013 2012 &#8211; 2020<\/li>\n<li class=\"ai-optimize-67\">New Panda \u2013 2012 &#8211; 2020<\/li>\n<li class=\"ai-optimize-67\">Entonces, FORD:<\/li>\n<li class=\"ai-optimize-68\">Ka \u2013 2008 &#8211; &#8230;+&#8230;<\/li>\n<\/ol>\n<p class=\"ai-optimize-77\">Entonces, LANCIA:<\/p>\n<ul>\n<li class=\"ai-optimize-70\">New Ypsilon \u2013 2012 &#8211; 2020<\/li>\n<\/ul>\n<p class=\"ai-optimize-71\">Por \u00faltimo, ALFA ROMEO:<\/p>\n<ul>\n<li class=\"ai-optimize-72\">MITO \u2013 2008 \u2013 2020 si est\u00e1 equipado con el m\u00f3dulo DELPHI BCM, todos los tipos de motor.<\/li>\n<li class=\"ai-optimize-72\">JULIETA \u2013 2010 \u2013 2020<\/li>\n<\/ul>\n<p class=\"ai-optimize-73\">\u2013&gt; FIAT Ducato, Peugeot Boxer y Citroen Jumper \u2013 2010 \u2013 2020 \u2013 si est\u00e1 equipado con el m\u00f3dulo DELPHI BCM, entonces todos los tipos de motor o, de lo contrario, solo con ECU Magneti Marelli 8F2 y 8F3 para 2.8 LIVECO \u2013 2010 \u2013 2017<\/p>\n<p class=\"ai-optimize-74\">&#8211;&gt; 500X Key Programming<\/p>\n<p class=\"ai-optimize-75\">&#8211;&gt; Jeep Renegade Key Programming<\/p>","protected":false},"featured_media":10585,"comment_status":"open","ping_status":"closed","template":"","meta":{"_monsterinsights_skip_tracking":false,"_monsterinsights_sitenote_active":false,"_monsterinsights_sitenote_note":"","_monsterinsights_sitenote_category":0},"product_brand":[],"product_cat":[516],"product_tag":[549,754,755,756,757,758,759,523,524,525,542,526,760,527,761,528,529,762,763,764,531,534,765],"vehicles":[822,821,813,811,812,815,817,816,818,814,833,820],"class_list":{"0":"post-10723","1":"product","2":"type-product","3":"status-publish","4":"has-post-thumbnail","6":"product_cat-key-programmer","7":"product_tag-alfa-romeo","8":"product_tag-fait-500l-2007-2009","9":"product_tag-fiat-500","10":"product_tag-fiat-500-abarth-2008-2020","11":"product_tag-fiorino-2008-2020","12":"product_tag-ford-ka-2008","13":"product_tag-giulietta-2010-2020","14":"product_tag-infiniti","15":"product_tag-juke-intelligent","16":"product_tag-jx35","17":"product_tag-key-device","18":"product_tag-key-programmer","19":"product_tag-lancia-nouvelle-ypsilon-2012-2020","20":"product_tag-maxima","21":"product_tag-mito-2008-2020-si-equipe-du-module-delphi-bcm","22":"product_tag-murano","23":"product_tag-nissan","24":"product_tag-nouvelle-doblo-2012-2020","25":"product_tag-nouvelle-panda-2012-2020","26":"product_tag-punto-grande-punto-abarth-grande-punto-2008-2020","27":"product_tag-qashqai","28":"product_tag-rogue","29":"product_tag-tous-les-types-de-moteur","30":"vehicles-alfa-romeo-giulietta-2010-2020","31":"vehicles-alfa-romeo-mito-2008-2020","32":"vehicles-fiat-500-abarth-2008-2020","33":"vehicles-fiat-500-2007-2020","34":"vehicles-fiat-500l-2007-2009-1-2-and-1-4-petrol-and-2010-2020","35":"vehicles-fiat-abarth-grande-punto-2008-2020","36":"vehicles-fiat-doblo-2012-2020","37":"vehicles-fiat-fiorino-2008-2020","38":"vehicles-fiat-panda-2012-2020","39":"vehicles-fiat-punto-grande-punto-2008-2020","40":"vehicles-ford-ka-2008","41":"vehicles-lancia-ypsilon-2012-2020","43":"first","44":"instock","45":"featured","46":"shipping-taxable","47":"product-type-simple"},"yoast_head":"<!-- This site is optimized with the Yoast SEO Premium plugin v25.5 (Yoast SEO v27.4) - https:\/\/yoast.com\/product\/yoast-seo-premium-wordpress\/ -->\n<title>Fiat Lancia Ford Citroen Alfa Romeo Jeep Iveco Key Programmer<\/title>\n<meta name=\"description\" content=\"Fiat Lancia Ford Citroen Alfa Romeo Jeep Iveco Key Programmer est un mod\u00e8le accessible \u00e0 tout le monde \u00e0 un prix tr\u00e8s abordable. Facile \u00e0...\" \/>\n<meta name=\"robots\" content=\"index, follow, max-snippet:-1, max-image-preview:large, max-video-preview:-1\" \/>\n<link rel=\"canonical\" href=\"https:\/\/www.key-devices.com\/es\/product\/fiat-lancia-ford-citroen-alfa-romeo-jeep-iveco-key-programmer\/\" \/>\n<meta property=\"og:locale\" content=\"es_ES\" \/>\n<meta property=\"og:type\" content=\"article\" \/>\n<meta property=\"og:title\" content=\"Fiat Lancia Ford Citroen Alfa Romeo Jeep Iveco Key Programmer\" \/>\n<meta property=\"og:description\" content=\"Fiat Lancia Ford Citroen Alfa Romeo Jeep Iveco Key Programmer est un mod\u00e8le accessible \u00e0 tout le monde \u00e0 un prix tr\u00e8s abordable. Facile \u00e0...\" \/>\n<meta property=\"og:url\" content=\"https:\/\/www.key-devices.com\/es\/product\/fiat-lancia-ford-citroen-alfa-romeo-jeep-iveco-key-programmer\/\" \/>\n<meta property=\"og:site_name\" content=\"KEY DEVICES\" \/>\n<meta property=\"article:modified_time\" content=\"2025-07-28T11:22:48+00:00\" \/>\n<meta property=\"og:image\" content=\"https:\/\/www.key-devices.com\/wp-content\/uploads\/Fiat-Lancia-Ford-Citroen-Alfa-Romeo-Jeep-Iveco-Key-Programmer.jpg\" \/>\n\t<meta property=\"og:image:width\" content=\"1152\" \/>\n\t<meta property=\"og:image:height\" content=\"2048\" \/>\n\t<meta property=\"og:image:type\" content=\"image\/jpeg\" \/>\n<meta name=\"twitter:card\" content=\"summary_large_image\" \/>\n<meta name=\"twitter:label1\" content=\"Precio\" \/>\n\t<meta name=\"twitter:data1\" content=\"\" \/>\n\t<meta name=\"twitter:label2\" content=\"Disponibilidad\" \/>\n\t<meta name=\"twitter:data2\" content=\"Disponible\" \/>\n<script type=\"application\/ld+json\" class=\"yoast-schema-graph\">{\"@context\":\"https:\\\/\\\/schema.org\",\"@graph\":[{\"@type\":\"WebPage\",\"@id\":\"https:\\\/\\\/www.key-devices.com\\\/product\\\/fiat-lancia-ford-citroen-alfa-romeo-jeep-iveco-key-programmer\\\/\",\"url\":\"https:\\\/\\\/www.key-devices.com\\\/product\\\/fiat-lancia-ford-citroen-alfa-romeo-jeep-iveco-key-programmer\\\/\",\"name\":\"Fiat Lancia Ford Citroen Alfa Romeo Jeep Iveco Key Programmer\",\"isPartOf\":{\"@id\":\"https:\\\/\\\/www.key-devices.com\\\/#website\"},\"primaryImageOfPage\":{\"@id\":\"https:\\\/\\\/www.key-devices.com\\\/product\\\/fiat-lancia-ford-citroen-alfa-romeo-jeep-iveco-key-programmer\\\/#primaryimage\"},\"image\":{\"@id\":\"https:\\\/\\\/www.key-devices.com\\\/product\\\/fiat-lancia-ford-citroen-alfa-romeo-jeep-iveco-key-programmer\\\/#primaryimage\"},\"thumbnailUrl\":\"https:\\\/\\\/www.key-devices.com\\\/wp-content\\\/uploads\\\/Fiat-Lancia-Ford-Citroen-Alfa-Romeo-Jeep-Iveco-Key-Programmer.jpg\",\"datePublished\":\"2025-06-07T18:42:15+00:00\",\"dateModified\":\"2025-07-28T11:22:48+00:00\",\"description\":\"Fiat Lancia Ford Citroen Alfa Romeo Jeep Iveco Key Programmer est un mod\u00e8le accessible \u00e0 tout le monde \u00e0 un prix tr\u00e8s abordable. Facile \u00e0...\",\"breadcrumb\":{\"@id\":\"https:\\\/\\\/www.key-devices.com\\\/product\\\/fiat-lancia-ford-citroen-alfa-romeo-jeep-iveco-key-programmer\\\/#breadcrumb\"},\"inLanguage\":\"es\",\"potentialAction\":[{\"@type\":\"ReadAction\",\"target\":[\"https:\\\/\\\/www.key-devices.com\\\/product\\\/fiat-lancia-ford-citroen-alfa-romeo-jeep-iveco-key-programmer\\\/\"]}]},{\"@type\":\"ImageObject\",\"inLanguage\":\"es\",\"@id\":\"https:\\\/\\\/www.key-devices.com\\\/product\\\/fiat-lancia-ford-citroen-alfa-romeo-jeep-iveco-key-programmer\\\/#primaryimage\",\"url\":\"https:\\\/\\\/www.key-devices.com\\\/wp-content\\\/uploads\\\/Fiat-Lancia-Ford-Citroen-Alfa-Romeo-Jeep-Iveco-Key-Programmer.jpg\",\"contentUrl\":\"https:\\\/\\\/www.key-devices.com\\\/wp-content\\\/uploads\\\/Fiat-Lancia-Ford-Citroen-Alfa-Romeo-Jeep-Iveco-Key-Programmer.jpg\",\"width\":1152,\"height\":2048,\"caption\":\"Fiat Lancia Ford Citroen Alfa Romeo Jeep Iveco Key Programmer\"},{\"@type\":\"BreadcrumbList\",\"@id\":\"https:\\\/\\\/www.key-devices.com\\\/product\\\/fiat-lancia-ford-citroen-alfa-romeo-jeep-iveco-key-programmer\\\/#breadcrumb\",\"itemListElement\":[{\"@type\":\"ListItem\",\"position\":1,\"name\":\"Home\",\"item\":\"https:\\\/\\\/www.key-devices.com\\\/\"},{\"@type\":\"ListItem\",\"position\":2,\"name\":\"Shop\",\"item\":\"https:\\\/\\\/www.key-devices.com\\\/shop\\\/\"},{\"@type\":\"ListItem\",\"position\":3,\"name\":\"Fiat Lancia Ford Citroen Alfa Romeo Jeep Iveco Key Programmer\"}]},{\"@type\":\"WebSite\",\"@id\":\"https:\\\/\\\/www.key-devices.com\\\/#website\",\"url\":\"https:\\\/\\\/www.key-devices.com\\\/\",\"name\":\"KEY DEVICES\",\"description\":\"\",\"publisher\":{\"@id\":\"https:\\\/\\\/www.key-devices.com\\\/#organization\"},\"potentialAction\":[{\"@type\":\"SearchAction\",\"target\":{\"@type\":\"EntryPoint\",\"urlTemplate\":\"https:\\\/\\\/www.key-devices.com\\\/?s={search_term_string}\"},\"query-input\":{\"@type\":\"PropertyValueSpecification\",\"valueRequired\":true,\"valueName\":\"search_term_string\"}}],\"inLanguage\":\"es\"},{\"@type\":[\"Organization\",\"Place\"],\"@id\":\"https:\\\/\\\/www.key-devices.com\\\/#organization\",\"name\":\"Key Devices\",\"url\":\"https:\\\/\\\/www.key-devices.com\\\/\",\"logo\":{\"@id\":\"https:\\\/\\\/www.key-devices.com\\\/product\\\/fiat-lancia-ford-citroen-alfa-romeo-jeep-iveco-key-programmer\\\/#local-main-organization-logo\"},\"image\":{\"@id\":\"https:\\\/\\\/www.key-devices.com\\\/product\\\/fiat-lancia-ford-citroen-alfa-romeo-jeep-iveco-key-programmer\\\/#local-main-organization-logo\"},\"legalName\":\"Key Devices\",\"telephone\":[],\"openingHoursSpecification\":[{\"@type\":\"OpeningHoursSpecification\",\"dayOfWeek\":[\"Monday\",\"Tuesday\",\"Wednesday\",\"Thursday\",\"Friday\",\"Saturday\",\"Sunday\"],\"opens\":\"09:00\",\"closes\":\"17:00\"}]},{\"@type\":\"ImageObject\",\"inLanguage\":\"es\",\"@id\":\"https:\\\/\\\/www.key-devices.com\\\/product\\\/fiat-lancia-ford-citroen-alfa-romeo-jeep-iveco-key-programmer\\\/#local-main-organization-logo\",\"url\":\"https:\\\/\\\/www.key-devices.com\\\/wp-content\\\/uploads\\\/cropped-Key-Devices-Logo-official-.png\",\"contentUrl\":\"https:\\\/\\\/www.key-devices.com\\\/wp-content\\\/uploads\\\/cropped-Key-Devices-Logo-official-.png\",\"width\":512,\"height\":512,\"caption\":\"Key Devices\"}]}<\/script>\n<meta property=\"product:price:currency\" content=\"EUR\" \/>\n<meta property=\"og:availability\" content=\"instock\" \/>\n<meta property=\"product:availability\" content=\"instock\" \/>\n<meta property=\"product:retailer_item_id\" content=\"2738\" \/>\n<meta property=\"product:condition\" content=\"new\" \/>\n<!-- \/ Yoast SEO Premium plugin. -->","yoast_head_json":{"title":"Programador de llaves Fiat Lancia Ford Citro\u00ebn Alfa Romeo Jeep Iveco","description":"El programador de llaves Fiat, Lancia, Ford, Citro\u00ebn, Alfa Romeo, Jeep e Iveco es un modelo accesible para todos a un precio muy asequible. F\u00e1cil de...","robots":{"index":"index","follow":"follow","max-snippet":"max-snippet:-1","max-image-preview":"max-image-preview:large","max-video-preview":"max-video-preview:-1"},"canonical":"https:\/\/www.key-devices.com\/es\/product\/fiat-lancia-ford-citroen-alfa-romeo-jeep-iveco-key-programmer\/","og_locale":"es_ES","og_type":"article","og_title":"Fiat Lancia Ford Citroen Alfa Romeo Jeep Iveco Key Programmer","og_description":"Fiat Lancia Ford Citroen Alfa Romeo Jeep Iveco Key Programmer est un mod\u00e8le accessible \u00e0 tout le monde \u00e0 un prix tr\u00e8s abordable. Facile \u00e0...","og_url":"https:\/\/www.key-devices.com\/es\/product\/fiat-lancia-ford-citroen-alfa-romeo-jeep-iveco-key-programmer\/","og_site_name":"KEY DEVICES","article_modified_time":"2025-07-28T11:22:48+00:00","og_image":[{"width":1152,"height":2048,"url":"https:\/\/www.key-devices.com\/wp-content\/uploads\/Fiat-Lancia-Ford-Citroen-Alfa-Romeo-Jeep-Iveco-Key-Programmer.jpg","type":"image\/jpeg"}],"twitter_card":"summary_large_image","twitter_misc":{"Precio":"","Disponibilidad":"Disponible"},"schema":{"@context":"https:\/\/schema.org","@graph":[{"@type":"WebPage","@id":"https:\/\/www.key-devices.com\/product\/fiat-lancia-ford-citroen-alfa-romeo-jeep-iveco-key-programmer\/","url":"https:\/\/www.key-devices.com\/product\/fiat-lancia-ford-citroen-alfa-romeo-jeep-iveco-key-programmer\/","name":"Programador de llaves Fiat Lancia Ford Citro\u00ebn Alfa Romeo Jeep Iveco","isPartOf":{"@id":"https:\/\/www.key-devices.com\/#website"},"primaryImageOfPage":{"@id":"https:\/\/www.key-devices.com\/product\/fiat-lancia-ford-citroen-alfa-romeo-jeep-iveco-key-programmer\/#primaryimage"},"image":{"@id":"https:\/\/www.key-devices.com\/product\/fiat-lancia-ford-citroen-alfa-romeo-jeep-iveco-key-programmer\/#primaryimage"},"thumbnailUrl":"https:\/\/www.key-devices.com\/wp-content\/uploads\/Fiat-Lancia-Ford-Citroen-Alfa-Romeo-Jeep-Iveco-Key-Programmer.jpg","datePublished":"2025-06-07T18:42:15+00:00","dateModified":"2025-07-28T11:22:48+00:00","description":"El programador de llaves Fiat, Lancia, Ford, Citro\u00ebn, Alfa Romeo, Jeep e Iveco es un modelo accesible para todos a un precio muy asequible. F\u00e1cil de...","breadcrumb":{"@id":"https:\/\/www.key-devices.com\/product\/fiat-lancia-ford-citroen-alfa-romeo-jeep-iveco-key-programmer\/#breadcrumb"},"inLanguage":"es","potentialAction":[{"@type":"ReadAction","target":["https:\/\/www.key-devices.com\/product\/fiat-lancia-ford-citroen-alfa-romeo-jeep-iveco-key-programmer\/"]}]},{"@type":"ImageObject","inLanguage":"es","@id":"https:\/\/www.key-devices.com\/product\/fiat-lancia-ford-citroen-alfa-romeo-jeep-iveco-key-programmer\/#primaryimage","url":"https:\/\/www.key-devices.com\/wp-content\/uploads\/Fiat-Lancia-Ford-Citroen-Alfa-Romeo-Jeep-Iveco-Key-Programmer.jpg","contentUrl":"https:\/\/www.key-devices.com\/wp-content\/uploads\/Fiat-Lancia-Ford-Citroen-Alfa-Romeo-Jeep-Iveco-Key-Programmer.jpg","width":1152,"height":2048,"caption":"Fiat Lancia Ford Citroen Alfa Romeo Jeep Iveco Key Programmer"},{"@type":"BreadcrumbList","@id":"https:\/\/www.key-devices.com\/product\/fiat-lancia-ford-citroen-alfa-romeo-jeep-iveco-key-programmer\/#breadcrumb","itemListElement":[{"@type":"ListItem","position":1,"name":"Home","item":"https:\/\/www.key-devices.com\/"},{"@type":"ListItem","position":2,"name":"Shop","item":"https:\/\/www.key-devices.com\/shop\/"},{"@type":"ListItem","position":3,"name":"Fiat Lancia Ford Citroen Alfa Romeo Jeep Iveco Key Programmer"}]},{"@type":"WebSite","@id":"https:\/\/www.key-devices.com\/#website","url":"https:\/\/www.key-devices.com\/","name":"DISPOSITIVOS CLAVE","description":"","publisher":{"@id":"https:\/\/www.key-devices.com\/#organization"},"potentialAction":[{"@type":"SearchAction","target":{"@type":"EntryPoint","urlTemplate":"https:\/\/www.key-devices.com\/?s={search_term_string}"},"query-input":{"@type":"PropertyValueSpecification","valueRequired":true,"valueName":"search_term_string"}}],"inLanguage":"es"},{"@type":["Organization","Place"],"@id":"https:\/\/www.key-devices.com\/#organization","name":"Los Dispositivos Principales","url":"https:\/\/www.key-devices.com\/","logo":{"@id":"https:\/\/www.key-devices.com\/product\/fiat-lancia-ford-citroen-alfa-romeo-jeep-iveco-key-programmer\/#local-main-organization-logo"},"image":{"@id":"https:\/\/www.key-devices.com\/product\/fiat-lancia-ford-citroen-alfa-romeo-jeep-iveco-key-programmer\/#local-main-organization-logo"},"legalName":"Key Devices","telephone":[],"openingHoursSpecification":[{"@type":"OpeningHoursSpecification","dayOfWeek":["Monday","Tuesday","Wednesday","Thursday","Friday","Saturday","Sunday"],"opens":"09:00","closes":"17:00"}]},{"@type":"ImageObject","inLanguage":"es","@id":"https:\/\/www.key-devices.com\/product\/fiat-lancia-ford-citroen-alfa-romeo-jeep-iveco-key-programmer\/#local-main-organization-logo","url":"https:\/\/www.key-devices.com\/wp-content\/uploads\/cropped-Key-Devices-Logo-official-.png","contentUrl":"https:\/\/www.key-devices.com\/wp-content\/uploads\/cropped-Key-Devices-Logo-official-.png","width":512,"height":512,"caption":"Key Devices"}]},"product_price_currency":"EUR","og_availability":"instock","product_availability":"instock","product_retailer_item_id":"2738","product_condition":"new"},"jetpack_sharing_enabled":true,"_links":{"self":[{"href":"https:\/\/www.key-devices.com\/es\/wp-json\/wp\/v2\/product\/10723","targetHints":{"allow":["GET"]}}],"collection":[{"href":"https:\/\/www.key-devices.com\/es\/wp-json\/wp\/v2\/product"}],"about":[{"href":"https:\/\/www.key-devices.com\/es\/wp-json\/wp\/v2\/types\/product"}],"replies":[{"embeddable":true,"href":"https:\/\/www.key-devices.com\/es\/wp-json\/wp\/v2\/comments?post=10723"}],"wp:featuredmedia":[{"embeddable":true,"href":"https:\/\/www.key-devices.com\/es\/wp-json\/wp\/v2\/media\/10585"}],"wp:attachment":[{"href":"https:\/\/www.key-devices.com\/es\/wp-json\/wp\/v2\/media?parent=10723"}],"wp:term":[{"taxonomy":"product_brand","embeddable":true,"href":"https:\/\/www.key-devices.com\/es\/wp-json\/wp\/v2\/product_brand?post=10723"},{"taxonomy":"product_cat","embeddable":true,"href":"https:\/\/www.key-devices.com\/es\/wp-json\/wp\/v2\/product_cat?post=10723"},{"taxonomy":"product_tag","embeddable":true,"href":"https:\/\/www.key-devices.com\/es\/wp-json\/wp\/v2\/product_tag?post=10723"},{"taxonomy":"vehicles","embeddable":true,"href":"https:\/\/www.key-devices.com\/es\/wp-json\/wp\/v2\/vehicles?post=10723"}],"curies":[{"name":"wp","href":"https:\/\/api.w.org\/{rel}","templated":true}]}}