{"id":11195,"date":"2025-09-09T10:37:42","date_gmt":"2025-09-09T08:37:42","guid":{"rendered":"https:\/\/www.key-devices.com\/?post_type=product&#038;p=11195"},"modified":"2025-09-09T11:17:59","modified_gmt":"2025-09-09T09:17:59","slug":"volvo-trucks-immobilizer","status":"publish","type":"product","link":"https:\/\/www.key-devices.com\/es\/product\/volvo-trucks-immobilizer\/","title":{"rendered":"VOLVO TRUCKS Inmovilizador"},"content":{"rendered":"<h1 style=\"text-align: center;\">VOLVO TRUCKS Inmovilizador<\/h1>\n<p>&nbsp;<\/p>\n<p>El dispositivo le permite activar y DESACTIVAR el inmovilizador funciones en camiones basado en la<br \/>\nVOLVO plataforma, incluso si todas las llaves que se pierden. Cuando el inmovilizador est\u00e1 apagado, el motor puede ser<br \/>\ncomenz\u00f3 con cualquier tecla.<br \/>\nEl dispositivo no est\u00e1 dise\u00f1ado para acciones ilegales!<br \/>\nModelos soportados (con Firmware para 2023.01.25):<\/p>\n<ul>\n<li>\u00a0FH4\/FM4<\/li>\n<li>\u00a0VOLVO buses<\/li>\n<li>\u00a0VOLVO\/PENTA maquinaria de Construcci\u00f3n<\/li>\n<li>\u00a0Renault Trucks<\/li>\n<li>\u00a0VOLVO UD Trucks<\/li>\n<\/ul>\n<p>Acr\u00f3nimos que se usan:<\/p>\n<ul>\n<li>\u00a0ECU \u2013 Unidad de Control Electr\u00f3nico<\/li>\n<li>\u00a0DB \u2013 Base de datos<\/li>\n<\/ul>\n<h2 style=\"text-align: center;\">\nDB ECU Versi\u00f3n: 2023.01.25<\/h2>\n<p>C\u00f3mo seleccionar el modo de funcionamiento:<\/p>\n<p>1. 2. 3. 4. Conecte el dispositivo al PC puerto USB que tiene Windows 10 o 11 de la operaci\u00f3n del sistema.<br \/>\nWindows lo reconozca como un disco nuevo. Abrir y ejecutar IMMO.exe utilidad.<br \/>\nSeleccione IMMO o IMMO OFF<br \/>\nPulse GUARDAR y cerrar la utilidad del dispositivo preparado para trabajar en modo seleccionado.<br \/>\nInmovilizador de parametrizaci\u00f3n:<br \/>\n1. Inserte el dispositivo en OBD-z\u00f3calo.<br \/>\n2. Dispositivo har\u00e1 un breve PITIDO siguiente con el parpadeo del LED VERDE.<br \/>\n3. Depende del modo seleccionado, el dispositivo har\u00e1 inmovilizador activado o DESACTIVADO. El procedimiento se lleva a<br \/>\nalrededor de 1 minuto.<br \/>\n4. Si el procedimiento se ha completado con \u00e9xito el LED VERDE en el dispositivo se enciende acompa\u00f1ando con PITIDO largo.<\/p>\n<h2 style=\"text-align: center;\">\nActualizaci\u00f3n de dispositivos:<\/h2>\n<p>1. 2. 3. Para obtener una actualizaci\u00f3n por favor enviarnos INFO.TXT archivo de su dispositivo.<br \/>\nPegar el archivo que tiene de nosotros, en el dispositivo<br \/>\nDesconecte y conecte el dispositivo al puerto USB de la PC para terminar procedimiento de actualizaci\u00f3n.<br \/>\nIndicaci\u00f3n de Error:<br \/>\nn\u00famero.<\/p>\n<p>Largo de sonido de la se\u00f1al + algunas de las se\u00f1ales cortas. CANTIDAD DE LAS SE\u00d1ALES de CORTA indica error<br \/>\n1. 2. 3. 4. 5. 6. Una de las ECU interrumpido los procedimientos de programaci\u00f3n.<br \/>\nECU informaci\u00f3n no se encuentra en la base de datos.<br \/>\nCrypto clave en la memoria del dispositivo est\u00e1 da\u00f1ada.<br \/>\nEl dispositivo no se puede abrir DB (param.bin) \u2013 sin datos de archivo encontrado, perdido o da\u00f1ado).<br \/>\nEl reloj interno del dispositivo tiene un valor incorrecto.<br \/>\nNadie de la ECU no contesto a dispositivo.<\/p>\n<p>&nbsp;<\/p>\n<p><span style=\"color: #ff0000;\">* NUESTROS DISPOSITIVOS SE VENDEN EXCLUSIVAMENTE PARA USO OFICIAL Y PRIVADO. NO NOS HACEMOS RESPONSABLES DEL USO FRAUDULENTO O ILEGAL DEL EQUIPO QUE SE LE VENDE.<\/span><\/p>","protected":false},"excerpt":{"rendered":"<p>El dispositivo le permite activar y DESACTIVAR el inmovilizador funciones en camiones basado en la<br \/>\nVOLVO plataforma, incluso si todas las llaves que se pierden. Cuando el inmovilizador est\u00e1 apagado, el motor puede ser<br \/>\ncomenz\u00f3 con cualquier tecla.<br \/>\nEl dispositivo no est\u00e1 dise\u00f1ado para acciones ilegales!<br \/>\nModelos soportados (con Firmware para 2023.01.25):<\/p>\n<ul>\n<li>\u00a0FH4\/FM4<\/li>\n<li>\u00a0VOLVO buses<\/li>\n<li>\u00a0VOLVO\/PENTA maquinaria de Construcci\u00f3n<\/li>\n<li>\u00a0Renault Trucks<\/li>\n<li>\u00a0VOLVO UD Trucks<\/li>\n<\/ul>\n<p>Acr\u00f3nimos que se usan:<\/p>\n<ul>\n<li>\u00a0ECU \u2013 Unidad de Control Electr\u00f3nico<\/li>\n<li>\u00a0DB \u2013 Base de datos<\/li>\n<\/ul>","protected":false},"featured_media":11196,"comment_status":"open","ping_status":"closed","template":"","meta":{"_monsterinsights_skip_tracking":false,"_monsterinsights_sitenote_active":false,"_monsterinsights_sitenote_note":"","_monsterinsights_sitenote_category":0},"product_brand":[1163,1205],"product_cat":[516],"product_tag":[1206,1209,1207,1210,1208],"vehicles":[],"class_list":{"0":"post-11195","1":"product","2":"type-product","3":"status-publish","4":"has-post-thumbnail","6":"product_brand-renault","7":"product_brand-volvo","8":"product_cat-key-programmer","9":"product_tag-fh4-fm4","10":"product_tag-renault-trucks","11":"product_tag-volvo-buses","12":"product_tag-volvo-ud-trucks","13":"product_tag-volvo-penta-building-machinery","15":"first","16":"instock","17":"featured","18":"shipping-taxable","19":"product-type-simple"},"yoast_head":"<!-- This site is optimized with the Yoast SEO Premium plugin v25.5 (Yoast SEO v27.4) - https:\/\/yoast.com\/product\/yoast-seo-premium-wordpress\/ -->\n<title>Volvo Trucks Immobilizer Programmer - Discount Price<\/title>\n<meta name=\"description\" content=\"Volvo Trucks Immobilizer Programmer, the device allows you to turn ON and OFF the immobilizer functions in trucks based on theVOLVO platform...\" \/>\n<meta name=\"robots\" content=\"index, follow, max-snippet:-1, max-image-preview:large, max-video-preview:-1\" \/>\n<link rel=\"canonical\" href=\"https:\/\/www.key-devices.com\/es\/product\/volvo-trucks-immobilizer\/\" \/>\n<meta property=\"og:locale\" content=\"es_ES\" \/>\n<meta property=\"og:type\" content=\"article\" \/>\n<meta property=\"og:title\" content=\"VOLVO TRUCKS Immobilizer\" \/>\n<meta property=\"og:description\" content=\"Volvo Trucks Immobilizer Programmer, the device allows you to turn ON and OFF the immobilizer functions in trucks based on theVOLVO platform...\" \/>\n<meta property=\"og:url\" content=\"https:\/\/www.key-devices.com\/es\/product\/volvo-trucks-immobilizer\/\" \/>\n<meta property=\"og:site_name\" content=\"KEY DEVICES\" \/>\n<meta property=\"article:modified_time\" content=\"2025-09-09T09:17:59+00:00\" \/>\n<meta property=\"og:image\" content=\"https:\/\/www.key-devices.com\/wp-content\/uploads\/Volvo-Trucks-Immobilizer-Programmer.jpg\" \/>\n\t<meta property=\"og:image:width\" content=\"611\" \/>\n\t<meta property=\"og:image:height\" content=\"489\" \/>\n\t<meta property=\"og:image:type\" content=\"image\/jpeg\" \/>\n<meta name=\"twitter:card\" content=\"summary_large_image\" \/>\n<meta name=\"twitter:label1\" content=\"Precio\" \/>\n\t<meta name=\"twitter:data1\" content=\"\" \/>\n\t<meta name=\"twitter:label2\" content=\"Disponibilidad\" \/>\n\t<meta name=\"twitter:data2\" content=\"Disponible\" \/>\n<script type=\"application\/ld+json\" class=\"yoast-schema-graph\">{\"@context\":\"https:\\\/\\\/schema.org\",\"@graph\":[{\"@type\":\"WebPage\",\"@id\":\"https:\\\/\\\/www.key-devices.com\\\/product\\\/volvo-trucks-immobilizer\\\/\",\"url\":\"https:\\\/\\\/www.key-devices.com\\\/product\\\/volvo-trucks-immobilizer\\\/\",\"name\":\"Volvo Trucks Immobilizer Programmer - Discount Price\",\"isPartOf\":{\"@id\":\"https:\\\/\\\/www.key-devices.com\\\/#website\"},\"primaryImageOfPage\":{\"@id\":\"https:\\\/\\\/www.key-devices.com\\\/product\\\/volvo-trucks-immobilizer\\\/#primaryimage\"},\"image\":{\"@id\":\"https:\\\/\\\/www.key-devices.com\\\/product\\\/volvo-trucks-immobilizer\\\/#primaryimage\"},\"thumbnailUrl\":\"https:\\\/\\\/www.key-devices.com\\\/wp-content\\\/uploads\\\/Volvo-Trucks-Immobilizer-Programmer.jpg\",\"datePublished\":\"2025-09-09T08:37:42+00:00\",\"dateModified\":\"2025-09-09T09:17:59+00:00\",\"description\":\"Volvo Trucks Immobilizer Programmer, the device allows you to turn ON and OFF the immobilizer functions in trucks based on theVOLVO platform...\",\"breadcrumb\":{\"@id\":\"https:\\\/\\\/www.key-devices.com\\\/product\\\/volvo-trucks-immobilizer\\\/#breadcrumb\"},\"inLanguage\":\"es\",\"potentialAction\":[{\"@type\":\"ReadAction\",\"target\":[\"https:\\\/\\\/www.key-devices.com\\\/product\\\/volvo-trucks-immobilizer\\\/\"]}]},{\"@type\":\"ImageObject\",\"inLanguage\":\"es\",\"@id\":\"https:\\\/\\\/www.key-devices.com\\\/product\\\/volvo-trucks-immobilizer\\\/#primaryimage\",\"url\":\"https:\\\/\\\/www.key-devices.com\\\/wp-content\\\/uploads\\\/Volvo-Trucks-Immobilizer-Programmer.jpg\",\"contentUrl\":\"https:\\\/\\\/www.key-devices.com\\\/wp-content\\\/uploads\\\/Volvo-Trucks-Immobilizer-Programmer.jpg\",\"width\":611,\"height\":489,\"caption\":\"Volvo Trucks Immobilizer Programmer\"},{\"@type\":\"BreadcrumbList\",\"@id\":\"https:\\\/\\\/www.key-devices.com\\\/product\\\/volvo-trucks-immobilizer\\\/#breadcrumb\",\"itemListElement\":[{\"@type\":\"ListItem\",\"position\":1,\"name\":\"Home\",\"item\":\"https:\\\/\\\/www.key-devices.com\\\/\"},{\"@type\":\"ListItem\",\"position\":2,\"name\":\"Shop\",\"item\":\"https:\\\/\\\/www.key-devices.com\\\/shop\\\/\"},{\"@type\":\"ListItem\",\"position\":3,\"name\":\"VOLVO TRUCKS Immobilizer\"}]},{\"@type\":\"WebSite\",\"@id\":\"https:\\\/\\\/www.key-devices.com\\\/#website\",\"url\":\"https:\\\/\\\/www.key-devices.com\\\/\",\"name\":\"KEY DEVICES\",\"description\":\"\",\"publisher\":{\"@id\":\"https:\\\/\\\/www.key-devices.com\\\/#organization\"},\"potentialAction\":[{\"@type\":\"SearchAction\",\"target\":{\"@type\":\"EntryPoint\",\"urlTemplate\":\"https:\\\/\\\/www.key-devices.com\\\/?s={search_term_string}\"},\"query-input\":{\"@type\":\"PropertyValueSpecification\",\"valueRequired\":true,\"valueName\":\"search_term_string\"}}],\"inLanguage\":\"es\"},{\"@type\":[\"Organization\",\"Place\"],\"@id\":\"https:\\\/\\\/www.key-devices.com\\\/#organization\",\"name\":\"Key Devices\",\"url\":\"https:\\\/\\\/www.key-devices.com\\\/\",\"logo\":{\"@id\":\"https:\\\/\\\/www.key-devices.com\\\/product\\\/volvo-trucks-immobilizer\\\/#local-main-organization-logo\"},\"image\":{\"@id\":\"https:\\\/\\\/www.key-devices.com\\\/product\\\/volvo-trucks-immobilizer\\\/#local-main-organization-logo\"},\"legalName\":\"Key Devices\",\"telephone\":[],\"openingHoursSpecification\":[{\"@type\":\"OpeningHoursSpecification\",\"dayOfWeek\":[\"Monday\",\"Tuesday\",\"Wednesday\",\"Thursday\",\"Friday\",\"Saturday\",\"Sunday\"],\"opens\":\"09:00\",\"closes\":\"17:00\"}]},{\"@type\":\"ImageObject\",\"inLanguage\":\"es\",\"@id\":\"https:\\\/\\\/www.key-devices.com\\\/product\\\/volvo-trucks-immobilizer\\\/#local-main-organization-logo\",\"url\":\"https:\\\/\\\/www.key-devices.com\\\/wp-content\\\/uploads\\\/cropped-Key-Devices-Logo-official-.png\",\"contentUrl\":\"https:\\\/\\\/www.key-devices.com\\\/wp-content\\\/uploads\\\/cropped-Key-Devices-Logo-official-.png\",\"width\":512,\"height\":512,\"caption\":\"Key Devices\"}]}<\/script>\n<meta property=\"product:price:currency\" content=\"EUR\" \/>\n<meta property=\"og:availability\" content=\"instock\" \/>\n<meta property=\"product:availability\" content=\"instock\" \/>\n<meta property=\"product:retailer_item_id\" content=\"2784\" \/>\n<meta property=\"product:condition\" content=\"new\" \/>\n<!-- \/ Yoast SEO Premium plugin. -->","yoast_head_json":{"title":"Volvo Trucks Inmovilizador Programador - Precio De Descuento","description":"Volvo Trucks Inmovilizador Programador, el dispositivo le permite activar y DESACTIVAR el inmovilizador funciones en camiones basado en theVOLVO de la plataforma de...","robots":{"index":"index","follow":"follow","max-snippet":"max-snippet:-1","max-image-preview":"max-image-preview:large","max-video-preview":"max-video-preview:-1"},"canonical":"https:\/\/www.key-devices.com\/es\/product\/volvo-trucks-immobilizer\/","og_locale":"es_ES","og_type":"article","og_title":"VOLVO TRUCKS Immobilizer","og_description":"Volvo Trucks Immobilizer Programmer, the device allows you to turn ON and OFF the immobilizer functions in trucks based on theVOLVO platform...","og_url":"https:\/\/www.key-devices.com\/es\/product\/volvo-trucks-immobilizer\/","og_site_name":"KEY DEVICES","article_modified_time":"2025-09-09T09:17:59+00:00","og_image":[{"width":611,"height":489,"url":"https:\/\/www.key-devices.com\/wp-content\/uploads\/Volvo-Trucks-Immobilizer-Programmer.jpg","type":"image\/jpeg"}],"twitter_card":"summary_large_image","twitter_misc":{"Precio":"","Disponibilidad":"Disponible"},"schema":{"@context":"https:\/\/schema.org","@graph":[{"@type":"WebPage","@id":"https:\/\/www.key-devices.com\/product\/volvo-trucks-immobilizer\/","url":"https:\/\/www.key-devices.com\/product\/volvo-trucks-immobilizer\/","name":"Volvo Trucks Inmovilizador Programador - Precio De Descuento","isPartOf":{"@id":"https:\/\/www.key-devices.com\/#website"},"primaryImageOfPage":{"@id":"https:\/\/www.key-devices.com\/product\/volvo-trucks-immobilizer\/#primaryimage"},"image":{"@id":"https:\/\/www.key-devices.com\/product\/volvo-trucks-immobilizer\/#primaryimage"},"thumbnailUrl":"https:\/\/www.key-devices.com\/wp-content\/uploads\/Volvo-Trucks-Immobilizer-Programmer.jpg","datePublished":"2025-09-09T08:37:42+00:00","dateModified":"2025-09-09T09:17:59+00:00","description":"Volvo Trucks Inmovilizador Programador, el dispositivo le permite activar y DESACTIVAR el inmovilizador funciones en camiones basado en theVOLVO de la plataforma de...","breadcrumb":{"@id":"https:\/\/www.key-devices.com\/product\/volvo-trucks-immobilizer\/#breadcrumb"},"inLanguage":"es","potentialAction":[{"@type":"ReadAction","target":["https:\/\/www.key-devices.com\/product\/volvo-trucks-immobilizer\/"]}]},{"@type":"ImageObject","inLanguage":"es","@id":"https:\/\/www.key-devices.com\/product\/volvo-trucks-immobilizer\/#primaryimage","url":"https:\/\/www.key-devices.com\/wp-content\/uploads\/Volvo-Trucks-Immobilizer-Programmer.jpg","contentUrl":"https:\/\/www.key-devices.com\/wp-content\/uploads\/Volvo-Trucks-Immobilizer-Programmer.jpg","width":611,"height":489,"caption":"Volvo Trucks Immobilizer Programmer"},{"@type":"BreadcrumbList","@id":"https:\/\/www.key-devices.com\/product\/volvo-trucks-immobilizer\/#breadcrumb","itemListElement":[{"@type":"ListItem","position":1,"name":"Home","item":"https:\/\/www.key-devices.com\/"},{"@type":"ListItem","position":2,"name":"Shop","item":"https:\/\/www.key-devices.com\/shop\/"},{"@type":"ListItem","position":3,"name":"VOLVO TRUCKS Immobilizer"}]},{"@type":"WebSite","@id":"https:\/\/www.key-devices.com\/#website","url":"https:\/\/www.key-devices.com\/","name":"DISPOSITIVOS CLAVE","description":"","publisher":{"@id":"https:\/\/www.key-devices.com\/#organization"},"potentialAction":[{"@type":"SearchAction","target":{"@type":"EntryPoint","urlTemplate":"https:\/\/www.key-devices.com\/?s={search_term_string}"},"query-input":{"@type":"PropertyValueSpecification","valueRequired":true,"valueName":"search_term_string"}}],"inLanguage":"es"},{"@type":["Organization","Place"],"@id":"https:\/\/www.key-devices.com\/#organization","name":"Los Dispositivos Principales","url":"https:\/\/www.key-devices.com\/","logo":{"@id":"https:\/\/www.key-devices.com\/product\/volvo-trucks-immobilizer\/#local-main-organization-logo"},"image":{"@id":"https:\/\/www.key-devices.com\/product\/volvo-trucks-immobilizer\/#local-main-organization-logo"},"legalName":"Key Devices","telephone":[],"openingHoursSpecification":[{"@type":"OpeningHoursSpecification","dayOfWeek":["Monday","Tuesday","Wednesday","Thursday","Friday","Saturday","Sunday"],"opens":"09:00","closes":"17:00"}]},{"@type":"ImageObject","inLanguage":"es","@id":"https:\/\/www.key-devices.com\/product\/volvo-trucks-immobilizer\/#local-main-organization-logo","url":"https:\/\/www.key-devices.com\/wp-content\/uploads\/cropped-Key-Devices-Logo-official-.png","contentUrl":"https:\/\/www.key-devices.com\/wp-content\/uploads\/cropped-Key-Devices-Logo-official-.png","width":512,"height":512,"caption":"Key Devices"}]},"product_price_currency":"EUR","og_availability":"instock","product_availability":"instock","product_retailer_item_id":"2784","product_condition":"new"},"jetpack_sharing_enabled":true,"_links":{"self":[{"href":"https:\/\/www.key-devices.com\/es\/wp-json\/wp\/v2\/product\/11195","targetHints":{"allow":["GET"]}}],"collection":[{"href":"https:\/\/www.key-devices.com\/es\/wp-json\/wp\/v2\/product"}],"about":[{"href":"https:\/\/www.key-devices.com\/es\/wp-json\/wp\/v2\/types\/product"}],"replies":[{"embeddable":true,"href":"https:\/\/www.key-devices.com\/es\/wp-json\/wp\/v2\/comments?post=11195"}],"wp:featuredmedia":[{"embeddable":true,"href":"https:\/\/www.key-devices.com\/es\/wp-json\/wp\/v2\/media\/11196"}],"wp:attachment":[{"href":"https:\/\/www.key-devices.com\/es\/wp-json\/wp\/v2\/media?parent=11195"}],"wp:term":[{"taxonomy":"product_brand","embeddable":true,"href":"https:\/\/www.key-devices.com\/es\/wp-json\/wp\/v2\/product_brand?post=11195"},{"taxonomy":"product_cat","embeddable":true,"href":"https:\/\/www.key-devices.com\/es\/wp-json\/wp\/v2\/product_cat?post=11195"},{"taxonomy":"product_tag","embeddable":true,"href":"https:\/\/www.key-devices.com\/es\/wp-json\/wp\/v2\/product_tag?post=11195"},{"taxonomy":"vehicles","embeddable":true,"href":"https:\/\/www.key-devices.com\/es\/wp-json\/wp\/v2\/vehicles?post=11195"}],"curies":[{"name":"wp","href":"https:\/\/api.w.org\/{rel}","templated":true}]}}