{"id":11201,"date":"2025-09-09T11:16:04","date_gmt":"2025-09-09T09:16:04","guid":{"rendered":"https:\/\/www.key-devices.com\/?post_type=product&#038;p=11201"},"modified":"2025-09-09T11:36:59","modified_gmt":"2025-09-09T09:36:59","slug":"jlr-fast-start","status":"publish","type":"product","link":"https:\/\/www.key-devices.com\/es\/product\/jlr-fast-start\/","title":{"rendered":"Jlr de inicio r\u00e1pido"},"content":{"rendered":"<h1 style=\"text-align: center;\">Jlr de inicio r\u00e1pido<\/h1>\n<p>&nbsp;<\/p>\n<div dir=\"ltr\">El mejor vendedor que iniciar cualquier jlr en un par de segundo<\/div>\n<div dir=\"ltr\"><\/div>\n<div dir=\"ltr\">Programador DIAG v10.59++<\/div>\n<div dir=\"ltr\">JLR de emergencia arranque el motor y programador clave<\/div>\n<div dir=\"ltr\"><\/div>\n<div dir=\"ltr\">Modo ( S ) de arranque de Emergencia del Motor con alarma armado 2012-2018 :<\/div>\n<ul>\n<li dir=\"ltr\">Land Rover Evoque 2012-2018<\/li>\n<li dir=\"ltr\">Land Rover Discovery Sport 2015-2018<\/li>\n<li dir=\"ltr\">Jaguar F-type, XJ 2014-2018<\/li>\n<li dir=\"ltr\">Jaguar F-Pace, XE 2015-2018<\/li>\n<li dir=\"ltr\">Jaguar XF 2015-12\/2016<\/li>\n<li dir=\"ltr\">El Range Rover Sport, Vogue 2013-12\/2016 (versi\u00f3n 16.5)<\/li>\n<\/ul>\n<h2 dir=\"ltr\" style=\"text-align: center;\"><\/h2>\n<h2 dir=\"ltr\" style=\"text-align: center;\">conecte el dispositivo en el Modo de (E) el z\u00f3calo OBD2<\/h2>\n<div dir=\"ltr\"><\/div>\n<ul>\n<li dir=\"ltr\">Luz LED se encender\u00e1 en rojo y se escuchar\u00e1 un pitido corto de 3 a 5 segundos, el LED cambiar\u00e1 de color en verde y comenzar\u00e1 a parpadear muy r\u00e1pido, esto significa que la conexi\u00f3n con el coche est\u00e1 bien y el coche est\u00e1 listo para Empezar<\/li>\n<li dir=\"ltr\">Pulse el bot\u00f3n de Inicio en la consola durante 2 segundos, el motor empezar\u00e1 a automatictly<\/li>\n<\/ul>\n<div dir=\"ltr\"><\/div>\n<div dir=\"ltr\">( si el LED parpadea muy lenta, alrededor de 1 hora en 1 segundo, significa que el modelo no es compatible )<\/div>\n<div dir=\"ltr\">Despu\u00e9s de arrancar el motor, desconecte el dispositivo de OBD2<\/div>\n<div dir=\"ltr\">Si se apaga el motor y quiero empezar de nuevo, hay que conectar el dispositivo a OBD2 z\u00f3calo de nuevo<\/div>\n<div dir=\"ltr\"><\/div>\n<div dir=\"ltr\">NUEVO !!!<\/div>\n<div dir=\"ltr\">Modo de (E) y (D) arranque de Emergencia del Motor para los coches con un nuevo conector de diagn\u00f3stico en el DoiP est\u00e1ndar,<\/div>\n<div dir=\"ltr\">activa el sistema de alarma :<\/div>\n<ul>\n<li dir=\"ltr\">Land Rover Sport, Vogue 2017-02\/2018<\/li>\n<li dir=\"ltr\">Land Rover Velares 2017\/2018<\/li>\n<li dir=\"ltr\">Land Rover Discovery V 2017-02\/2018<\/li>\n<li dir=\"ltr\">Jaguar XF 2017-2018<\/li>\n<li dir=\"ltr\">Jaguar F-Pace 2018<\/li>\n<\/ul>\n<div dir=\"ltr\">\u2013 conecte el dispositivo en el Modo de (E) para el conector OBD2<\/div>\n<div dir=\"ltr\">\u2013 despu\u00e9s de unos segundos se escuchar\u00e1 un pitido largo, espere unos 10 segundos y desconecte el dispositivo<\/div>\n<div dir=\"ltr\">\u2013 apague el dispositivo en Modo de (D)!!!<\/div>\n<div dir=\"ltr\">\u2013 conecte los conectores a los cables CAN en el coche y la bater\u00eda de 9V si usted tiene la versi\u00f3n peque\u00f1a del dispositivo<\/div>\n<div dir=\"ltr\">(si usted tiene la versi\u00f3n m\u00e1s grande del dispositivo, a continuaci\u00f3n, la bater\u00eda se encuentra dentro de la caja)<\/div>\n<div dir=\"ltr\">\u2013 conecte los cables con agujas para el dispositivo (la programaci\u00f3n se iniciar\u00e1 autom\u00e1ticamente)<\/div>\n<div dir=\"ltr\">\u2013 despu\u00e9s de 5 segundos, presione y mantenga presionado el bot\u00f3n de Inicio en la consola de 2 segundos para encender el motor<\/div>\n<div dir=\"ltr\">PUEDE-Hi CAN-Low cable amarillo con una correa de color naranja (pinza roja)<\/div>\n<div dir=\"ltr\">cable amarillo con violeta correa (negro pinza)<\/div>\n<div dir=\"ltr\">El programador no tiene que estar conectado a la que PUEDE cables mientras se conduce<\/div>\n<div dir=\"ltr\">Despu\u00e9s del primer arranque de emergencia por cables CAN, el sistema de alarma se desconecta autom\u00e1ticamente y<\/div>\n<div dir=\"ltr\">el bloqueo central estar\u00e1 abierto.<\/div>\n<div dir=\"ltr\">En la que desea iniciar el motor de la pr\u00f3xima vez, usted puede agregar una Clave Emulador en el Modo (0)<\/div>\n<div dir=\"ltr\"><\/div>\n<div dir=\"ltr\">NUEVO !!!<\/div>\n<div dir=\"ltr\">Modo ( 0 ) \u2013 Programaci\u00f3n De Llave Emulador<\/div>\n<div dir=\"ltr\">\u00daltima funci\u00f3n de la Llave de programaci\u00f3n Emulador en todos los JLR coches 2018\/2019, si la alarma no est\u00e1 activa<\/div>\n<div dir=\"ltr\">Modo ( 0 ) \u2013 Programaci\u00f3n De Llave Emulador<\/div>\n<div dir=\"ltr\">funciona con todos los modelos de JLR con alarma armado, a partir de 2010 hasta 04\/2016<\/div>\n<div dir=\"ltr\">y 04\/2016-2019 con alarma desarmado<\/div>\n<div dir=\"ltr\"><\/div>\n<div dir=\"ltr\">Programaci\u00f3n manual:<\/div>\n<div dir=\"ltr\">-conecte el aparato en MODO 0, para el z\u00f3calo OBD2<\/div>\n<div dir=\"ltr\">-sistema de alarma se desactivar\u00e1 despu\u00e9s de 2-3 segundos<\/div>\n<div dir=\"ltr\">-mantenga pulsada la Tecla Emulador para la sterring columna (todos los modelos tienen un punto especial en sterring columna con<\/div>\n<div dir=\"ltr\">oculta antena interior, lado izquierdo de la columna, o en virtud de la columna, tres peque\u00f1os cinturones de pl\u00e1stico en caja de pl\u00e1stico)<\/div>\n<div dir=\"ltr\">-Si usted escuch\u00f3 un pitido largo desde el dispositivo despu\u00e9s de unos segundos, presione el bot\u00f3n de START en la consola.<\/div>\n<div dir=\"ltr\">Hacer esto durante largo pitido o en los pr\u00f3ximos 2-3 segundos porque si va a esperar mucho de dispositivo no agregar el<\/div>\n<div dir=\"ltr\">Clave Emulador para el coche<\/div>\n<div dir=\"ltr\">El modo ( 1 ) \u2013 Programaci\u00f3n de una llave para el coche con no se bloquea el m\u00f3dulo KVM,con alarma armado o<\/div>\n<div dir=\"ltr\">desarmado. el trabajo con los modelos 2010 \u2013 03\/2015 con el m\u00f3dulo KVM DPLA...<\/div>\n<div dir=\"ltr\">y 2015-2017 con el m\u00f3dulo KVM FK72,HPLA, s\u00f3lo la versi\u00f3n no bloqueado<\/div>\n<div dir=\"ltr\">Programaci\u00f3n Manual:<\/div>\n<div dir=\"ltr\">-conecte el dispositivo en el MODO 1, para el z\u00f3calo OBD2<\/div>\n<div dir=\"ltr\">-Se escucha un pitido corto, significa que hay una conexi\u00f3n con el coche<\/div>\n<div dir=\"ltr\">-despu\u00e9s de la segunda pitido corto, pulse el bot\u00f3n ABRIR en el control remoto y mant\u00e9ngalo pulsado hasta que el bloqueo central<\/div>\n<div dir=\"ltr\">ir abierta y las luces de emergencia parpadean y la luz por un momento tablero de instrumentos.<\/div>\n<div dir=\"ltr\">que la operaci\u00f3n tomar\u00e1 de 7 a 10 segundos<\/div>\n<div dir=\"ltr\">El modo (2) \u2013 Programaci\u00f3n de dos nuevas claves para el coche con no se bloquea el m\u00f3dulo KVM FK72... 2015\/2016<\/div>\n<div dir=\"ltr\">y el m\u00f3dulo KVM HPLA... de 2017<\/div>\n<div dir=\"ltr\">(use esa opci\u00f3n despu\u00e9s de cambiar KVM en el coche de nuevo, s\u00f3lo versi\u00f3n del m\u00f3dulo de la RFA 31.1. y 31.4.)<\/div>\n<div dir=\"ltr\">No funciona con la versi\u00f3n GK72, JPLA 2018, J9C3 2018<\/div>\n<div dir=\"ltr\"><\/div>\n<h2 dir=\"ltr\" style=\"text-align: center;\">Programaci\u00f3n Manual:<\/h2>\n<div dir=\"ltr\"><\/div>\n<div dir=\"ltr\">-conecte el dispositivo en el MODO 2, en el z\u00f3calo OBD2<\/div>\n<div dir=\"ltr\">-Se escucha un pitido corto, significa que hay una conexi\u00f3n con el coche<\/div>\n<div dir=\"ltr\">-entonces Usted va a escuchar pitido largo, durante ese pitido largo pulse el bot\u00f3n ABRIR en el primer control remoto<\/div>\n<div dir=\"ltr\">y mantenerla hasta el final del sonido, o hasta que el parpadeo de las luces de emergencia y se abre cierre centralizado<\/div>\n<div dir=\"ltr\">-entonces se oye otro pitido largo, presione el bot\u00f3n ABRIR en el segundo control remoto y mant\u00e9ngalo pulsado hasta que<\/div>\n<div dir=\"ltr\">el final del sonido<\/div>\n<div dir=\"ltr\">-despu\u00e9s de la programaci\u00f3n correcta de dos llaves, tablero de instrumentos se encender\u00e1 por unos segundos<\/div>\n<div dir=\"ltr\">Advertencia ! Es necesario programar dos teclas de inmediato!<\/div>\n<div dir=\"ltr\">Modo (3) \u2013 Cambio de m\u00f3dulo KVM, tipo FK72 o HPLA en uno nuevo, no se adaptan antes,<\/div>\n<div dir=\"ltr\">versi\u00f3n de la RFA 31.1. o s\u00f3lo el 31,4<\/div>\n<div dir=\"ltr\">\u2013 conecte el nuevo m\u00f3dulo KVM en el coche<\/div>\n<div dir=\"ltr\">\u2013 conecte el aparato en el MODO 3, para OBD2 atragantado<\/div>\n<div dir=\"ltr\">\u2013 durante la programaci\u00f3n estar\u00e1 parpadeando en rojo de luz led, y el tablero de instrumentos se encender\u00e1 por un momento<\/div>\n<div dir=\"ltr\">-si usted va a ver luz led verde en el dispositivo que significa la procedur se hace. la operaci\u00f3n se llevar\u00e1 a<\/div>\n<div dir=\"ltr\">hasta dos minutos<\/div>\n<div dir=\"ltr\">-desenchufe el dispositivo, cambie el interruptor en el interior en el MODO 2 y agregar dos nuevas claves<\/div>\n<div dir=\"ltr\">Despu\u00e9s de que la operaci\u00f3n puede agregar dos nuevas llaves para coche<\/div>\n<div dir=\"ltr\">y hacer la sincronizaci\u00f3n m\u00f3dulo KVM despu\u00e9s de la programaci\u00f3n de nuevas llaves por el Modo ( 4 )<\/div>\n<div dir=\"ltr\">o borrar todos los errores en el coche por el Modo ( C )<\/div>\n<div dir=\"ltr\"><\/div>\n<h2 dir=\"ltr\" style=\"text-align: center;\">Informaci\u00f3n adicional sobre el Modo de( 0 ):<\/h2>\n<div dir=\"ltr\"><\/div>\n<div dir=\"ltr\">-Despu\u00e9s de la primera programaci\u00f3n, la Clave Emulador se trabaja todo el tiempo en el coche. Si desea iniciar la<\/div>\n<div dir=\"ltr\">el motor debe mantener pulsada la Tecla Emulador para la sterring columna y presione el bot\u00f3n de start en la consola<\/div>\n<div dir=\"ltr\">-Control remoto en la Llave Emulador no va a trabajar<\/div>\n<div dir=\"ltr\">-Usted puede utilizar la Tecla Emulador con muchos coches<\/div>\n<div dir=\"ltr\">-Dispositivo de trabajo en todos los coches con el nuevo m\u00f3dulo KVM FK72,HPLA,JPLA<\/div>\n<div dir=\"ltr\">-Dispositivo de trabajo s\u00f3lo con la Llave de nuestro Emulador<\/div>\n<div dir=\"ltr\">-Si usted no puede encontrar un lugar con un oculto de la antena en la columna de la direcci\u00f3n, despu\u00e9s de que el dispositivo est\u00e1 conectado a<\/div>\n<div dir=\"ltr\">el lector de c\u00f3digos OBD2, usted debe presionar el bot\u00f3n de Inicio y la informaci\u00f3n sobre el oculto de la antena se muestra en<\/div>\n<div dir=\"ltr\">el tablero de instrumentos. Despu\u00e9s de eso, a veces hay que repetir el procedimiento de programaci\u00f3n<\/div>\n<div dir=\"ltr\">Programador DIAG v10.4 en el MODO 0 ,trabajando en los coches JLR 2010-04\/2016 con alarma armado<\/div>\n<div dir=\"ltr\">y los coches despu\u00e9s de 04\/2016-2019 si la alarma est\u00e1 desactivada<\/div>\n<div dir=\"ltr\">La funci\u00f3n de arranque de Emergencia del Motor en Modo de(E) o el Modo(E+D) trabajar con casi JLR coches con alarma armado<\/div>\n<div dir=\"ltr\">hasta el a\u00f1o 2018, tambi\u00e9n algunos modelos con VIN 2019<\/div>\n<div dir=\"ltr\">a excepci\u00f3n de los coches con el nuevo modelo de llave inteligente,<\/div>\n<div dir=\"ltr\">que los coches que trabajan s\u00f3lo en el Modo(0) si el sistema de alarma est\u00e1 DESACTIVADO<\/div>\n<div dir=\"ltr\"><\/div>\n<h2 dir=\"ltr\" style=\"text-align: center;\">Descripci\u00f3n corta:<\/h2>\n<div dir=\"ltr\"><\/div>\n<div dir=\"ltr\">Modo ( 0 ) agregar clave emulador 2010-2019 NUEVO!<\/div>\n<div dir=\"ltr\">El modo ( 1 ) a\u00f1adir una nueva clave de 2010-03\/2015 con KVM DPLA (como en la versi\u00f3n anterior del dispositivo) y KVM FK72,HPLA<\/div>\n<div dir=\"ltr\">no bloqueado 2015\/2017<\/div>\n<div dir=\"ltr\">( 2 ) a\u00f1adir nuevas llaves despu\u00e9s de cambiar KVM para uno nuevo 2012-2017<\/div>\n<div dir=\"ltr\">Modo ( 3 ) programaci\u00f3n de una nueva m\u00f3dulo KVM para el coche en dos minutos<\/div>\n<div dir=\"ltr\">( 4 ) la sincronizaci\u00f3n m\u00f3dulo KVM despu\u00e9s de la programaci\u00f3n de nuevas llaves<\/div>\n<div dir=\"ltr\">Modo ( B ) comprobar el VIN y la eliminaci\u00f3n de todos los errores en los modelos con el nuevo conector OBD2 en el DoiP<\/div>\n<div dir=\"ltr\">Est\u00e1ndar<\/div>\n<div dir=\"ltr\">-LED verde con el sonido de la se\u00f1al \u2013 el n\u00famero de VIN es correcta en el panel de control y los m\u00f3dulos de<\/div>\n<div dir=\"ltr\">-LED rojo con el sonido de la se\u00f1al \u2013 el n\u00famero de VIN es diferente<\/div>\n<div dir=\"ltr\">Modo ( C ) borrar todos los errores en el coche<\/div>\n<div dir=\"ltr\">Modo ( S ) de Emergencia arranque el motor sin un elemento clave en todos los modelos de JLR<\/div>\n<div dir=\"ltr\">Modo de (E) + (D) de Emergencia arranque el motor sin un elemento clave en los modelos con un nuevo conector OBD2 en el DoiP<\/div>\n<div dir=\"ltr\">est\u00e1ndar (2017-2018) \u00a1NUEVO!<\/div>\n<div dir=\"ltr\">Modo ( F ) Encendido, el modo de prueba, no cambia y no datos correctos<\/div>\n<div dir=\"ltr\">PUEDE cables en Land Rover Velares y el Jaguar F-Pace<\/div>\n<div dir=\"ltr\">Conector con los cables tapa de conector con cables CAN<\/div>\n<div dir=\"ltr\">PUEDE-Hi y Low cables<\/div>\n<div dir=\"ltr\">En el Deporte, la Moda, el Descubrimiento de modelos V, los cables CAN se encuentra en el lado izquierdo o derecho en el tronco o<\/div>\n<div dir=\"ltr\">por encima de la del pasajero piernas<\/div>\n<div dir=\"ltr\">RR Sport y moda ( pasajero sitio )<\/div>\n<p>&nbsp;<\/p>\n<p><span style=\"color: #ff0000;\">* NUESTROS DISPOSITIVOS SE VENDEN EXCLUSIVAMENTE PARA USO OFICIAL Y PRIVADO. NO NOS HACEMOS RESPONSABLES DEL USO FRAUDULENTO O ILEGAL DEL EQUIPO QUE SE LE VENDE.<\/span><\/p>","protected":false},"excerpt":{"rendered":"<div dir=\"ltr\">El mejor vendedor que iniciar cualquier jlr en un par de segundo<\/div>\n<div dir=\"ltr\"><\/div>\n<div dir=\"ltr\">Programador DIAG v10.59++<\/div>\n<div dir=\"ltr\">JLR de emergencia arranque el motor y programador clave<\/div>\n<div dir=\"ltr\"><\/div>\n<div dir=\"ltr\">Modo ( S ) de arranque de Emergencia del Motor con alarma armado 2012-2018 :<\/div>\n<ul>\n<li dir=\"ltr\">Land Rover Evoque 2012-2018<\/li>\n<li dir=\"ltr\">Land Rover Discovery Sport 2015-2018<\/li>\n<li dir=\"ltr\">Jaguar F-type, XJ 2014-2018<\/li>\n<li dir=\"ltr\">Jaguar F-Pace, XE 2015-2018<\/li>\n<li dir=\"ltr\">Jaguar XF 2015-12\/2016<\/li>\n<li dir=\"ltr\">El Range Rover Sport, Vogue 2013-12\/2016 (versi\u00f3n 16.5)<\/li>\n<\/ul>","protected":false},"featured_media":11202,"comment_status":"open","ping_status":"closed","template":"","meta":{"_monsterinsights_skip_tracking":false,"_monsterinsights_sitenote_active":false,"_monsterinsights_sitenote_note":"","_monsterinsights_sitenote_category":0},"product_brand":[1213,1212,1162,1211,1180,1161,1163],"product_cat":[516],"product_tag":[1215,1218,1216,1221,1217,1220,1219],"vehicles":[],"class_list":{"0":"post-11201","1":"product","2":"type-product","3":"status-publish","4":"has-post-thumbnail","6":"product_brand-genesis","7":"product_brand-hyundai","8":"product_brand-infinity","9":"product_brand-kia","10":"product_brand-mercedes","11":"product_brand-nissan","12":"product_brand-renault","13":"product_cat-key-programmer","14":"product_tag-jlr-fast-start","15":"product_tag-land-rover-evoque-2012-2018-land-rover-discovery-sport-2015-2018-jaguar-f-type","16":"product_tag-land-rover-sport","17":"product_tag-vogue-2013-12-2016-version-16-5","18":"product_tag-vogue-2017-02-2018-land-rover-velar-2017-2018-land-rover-discovery-v-2017-02-2018-jaguar-xf-2017-2018-jaguar-f-pace-2018","19":"product_tag-xe-2015-2018-jaguar-xf-2015-12-2016-range-rover-sport","20":"product_tag-xj-2014-2018-jaguar-f-pace","22":"first","23":"instock","24":"featured","25":"shipping-taxable","26":"product-type-simple"},"yoast_head":"<!-- This site is optimized with the Yoast SEO Premium plugin v25.5 (Yoast SEO v27.4) - https:\/\/yoast.com\/product\/yoast-seo-premium-wordpress\/ -->\n<title>Jlr fast start - Key Programmer - 07.55.98.64.05<\/title>\n<meta name=\"description\" content=\"Jlr fast start, the best seller that start any jlr in couple of secondProgrammer DIAG v10.59++JLR emergency start engine and key programmer\" \/>\n<meta name=\"robots\" content=\"index, follow, max-snippet:-1, max-image-preview:large, max-video-preview:-1\" \/>\n<link rel=\"canonical\" href=\"https:\/\/www.key-devices.com\/es\/product\/jlr-fast-start\/\" \/>\n<meta property=\"og:locale\" content=\"es_ES\" \/>\n<meta property=\"og:type\" content=\"article\" \/>\n<meta property=\"og:title\" content=\"Jlr fast start\" \/>\n<meta property=\"og:description\" content=\"Jlr fast start, the best seller that start any jlr in couple of secondProgrammer DIAG v10.59++JLR emergency start engine and key programmer\" \/>\n<meta property=\"og:url\" content=\"https:\/\/www.key-devices.com\/es\/product\/jlr-fast-start\/\" \/>\n<meta property=\"og:site_name\" content=\"KEY DEVICES\" \/>\n<meta property=\"article:modified_time\" content=\"2025-09-09T09:36:59+00:00\" \/>\n<meta property=\"og:image\" content=\"https:\/\/www.key-devices.com\/wp-content\/uploads\/Jlr-fast-start.jpg\" \/>\n\t<meta property=\"og:image:width\" content=\"1152\" \/>\n\t<meta property=\"og:image:height\" content=\"2048\" \/>\n\t<meta property=\"og:image:type\" content=\"image\/jpeg\" \/>\n<meta name=\"twitter:card\" content=\"summary_large_image\" \/>\n<meta name=\"twitter:label1\" content=\"Precio\" \/>\n\t<meta name=\"twitter:data1\" content=\"\" \/>\n\t<meta name=\"twitter:label2\" content=\"Disponibilidad\" \/>\n\t<meta name=\"twitter:data2\" content=\"Disponible\" \/>\n<script type=\"application\/ld+json\" class=\"yoast-schema-graph\">{\"@context\":\"https:\\\/\\\/schema.org\",\"@graph\":[{\"@type\":\"WebPage\",\"@id\":\"https:\\\/\\\/www.key-devices.com\\\/product\\\/jlr-fast-start\\\/\",\"url\":\"https:\\\/\\\/www.key-devices.com\\\/product\\\/jlr-fast-start\\\/\",\"name\":\"Jlr fast start - Key Programmer - 07.55.98.64.05\",\"isPartOf\":{\"@id\":\"https:\\\/\\\/www.key-devices.com\\\/#website\"},\"primaryImageOfPage\":{\"@id\":\"https:\\\/\\\/www.key-devices.com\\\/product\\\/jlr-fast-start\\\/#primaryimage\"},\"image\":{\"@id\":\"https:\\\/\\\/www.key-devices.com\\\/product\\\/jlr-fast-start\\\/#primaryimage\"},\"thumbnailUrl\":\"https:\\\/\\\/www.key-devices.com\\\/wp-content\\\/uploads\\\/Jlr-fast-start.jpg\",\"datePublished\":\"2025-09-09T09:16:04+00:00\",\"dateModified\":\"2025-09-09T09:36:59+00:00\",\"description\":\"Jlr fast start, the best seller that start any jlr in couple of secondProgrammer DIAG v10.59++JLR emergency start engine and key programmer\",\"breadcrumb\":{\"@id\":\"https:\\\/\\\/www.key-devices.com\\\/product\\\/jlr-fast-start\\\/#breadcrumb\"},\"inLanguage\":\"es\",\"potentialAction\":[{\"@type\":\"ReadAction\",\"target\":[\"https:\\\/\\\/www.key-devices.com\\\/product\\\/jlr-fast-start\\\/\"]}]},{\"@type\":\"ImageObject\",\"inLanguage\":\"es\",\"@id\":\"https:\\\/\\\/www.key-devices.com\\\/product\\\/jlr-fast-start\\\/#primaryimage\",\"url\":\"https:\\\/\\\/www.key-devices.com\\\/wp-content\\\/uploads\\\/Jlr-fast-start.jpg\",\"contentUrl\":\"https:\\\/\\\/www.key-devices.com\\\/wp-content\\\/uploads\\\/Jlr-fast-start.jpg\",\"width\":1152,\"height\":2048,\"caption\":\"Jlr fast start\"},{\"@type\":\"BreadcrumbList\",\"@id\":\"https:\\\/\\\/www.key-devices.com\\\/product\\\/jlr-fast-start\\\/#breadcrumb\",\"itemListElement\":[{\"@type\":\"ListItem\",\"position\":1,\"name\":\"Home\",\"item\":\"https:\\\/\\\/www.key-devices.com\\\/\"},{\"@type\":\"ListItem\",\"position\":2,\"name\":\"Shop\",\"item\":\"https:\\\/\\\/www.key-devices.com\\\/shop\\\/\"},{\"@type\":\"ListItem\",\"position\":3,\"name\":\"Jlr fast start\"}]},{\"@type\":\"WebSite\",\"@id\":\"https:\\\/\\\/www.key-devices.com\\\/#website\",\"url\":\"https:\\\/\\\/www.key-devices.com\\\/\",\"name\":\"KEY DEVICES\",\"description\":\"\",\"publisher\":{\"@id\":\"https:\\\/\\\/www.key-devices.com\\\/#organization\"},\"potentialAction\":[{\"@type\":\"SearchAction\",\"target\":{\"@type\":\"EntryPoint\",\"urlTemplate\":\"https:\\\/\\\/www.key-devices.com\\\/?s={search_term_string}\"},\"query-input\":{\"@type\":\"PropertyValueSpecification\",\"valueRequired\":true,\"valueName\":\"search_term_string\"}}],\"inLanguage\":\"es\"},{\"@type\":[\"Organization\",\"Place\"],\"@id\":\"https:\\\/\\\/www.key-devices.com\\\/#organization\",\"name\":\"Key Devices\",\"url\":\"https:\\\/\\\/www.key-devices.com\\\/\",\"logo\":{\"@id\":\"https:\\\/\\\/www.key-devices.com\\\/product\\\/jlr-fast-start\\\/#local-main-organization-logo\"},\"image\":{\"@id\":\"https:\\\/\\\/www.key-devices.com\\\/product\\\/jlr-fast-start\\\/#local-main-organization-logo\"},\"legalName\":\"Key Devices\",\"telephone\":[],\"openingHoursSpecification\":[{\"@type\":\"OpeningHoursSpecification\",\"dayOfWeek\":[\"Monday\",\"Tuesday\",\"Wednesday\",\"Thursday\",\"Friday\",\"Saturday\",\"Sunday\"],\"opens\":\"09:00\",\"closes\":\"17:00\"}]},{\"@type\":\"ImageObject\",\"inLanguage\":\"es\",\"@id\":\"https:\\\/\\\/www.key-devices.com\\\/product\\\/jlr-fast-start\\\/#local-main-organization-logo\",\"url\":\"https:\\\/\\\/www.key-devices.com\\\/wp-content\\\/uploads\\\/cropped-Key-Devices-Logo-official-.png\",\"contentUrl\":\"https:\\\/\\\/www.key-devices.com\\\/wp-content\\\/uploads\\\/cropped-Key-Devices-Logo-official-.png\",\"width\":512,\"height\":512,\"caption\":\"Key Devices\"}]}<\/script>\n<meta property=\"product:price:currency\" content=\"EUR\" \/>\n<meta property=\"og:availability\" content=\"instock\" \/>\n<meta property=\"product:availability\" content=\"instock\" \/>\n<meta property=\"product:retailer_item_id\" content=\"2788\" \/>\n<meta property=\"product:condition\" content=\"new\" \/>\n<!-- \/ Yoast SEO Premium plugin. -->","yoast_head_json":{"title":"Jlr de inicio r\u00e1pido - Programador Clave - 07.55.98.64.05","description":"Jlr de inicio r\u00e1pido, el mejor vendedor que iniciar cualquier jlr en un par de secondProgrammer DIAG v10.59++JLR de emergencia arranque el motor y programador clave","robots":{"index":"index","follow":"follow","max-snippet":"max-snippet:-1","max-image-preview":"max-image-preview:large","max-video-preview":"max-video-preview:-1"},"canonical":"https:\/\/www.key-devices.com\/es\/product\/jlr-fast-start\/","og_locale":"es_ES","og_type":"article","og_title":"Jlr fast start","og_description":"Jlr fast start, the best seller that start any jlr in couple of secondProgrammer DIAG v10.59++JLR emergency start engine and key programmer","og_url":"https:\/\/www.key-devices.com\/es\/product\/jlr-fast-start\/","og_site_name":"KEY DEVICES","article_modified_time":"2025-09-09T09:36:59+00:00","og_image":[{"width":1152,"height":2048,"url":"https:\/\/www.key-devices.com\/wp-content\/uploads\/Jlr-fast-start.jpg","type":"image\/jpeg"}],"twitter_card":"summary_large_image","twitter_misc":{"Precio":"","Disponibilidad":"Disponible"},"schema":{"@context":"https:\/\/schema.org","@graph":[{"@type":"WebPage","@id":"https:\/\/www.key-devices.com\/product\/jlr-fast-start\/","url":"https:\/\/www.key-devices.com\/product\/jlr-fast-start\/","name":"Jlr de inicio r\u00e1pido - Programador Clave - 07.55.98.64.05","isPartOf":{"@id":"https:\/\/www.key-devices.com\/#website"},"primaryImageOfPage":{"@id":"https:\/\/www.key-devices.com\/product\/jlr-fast-start\/#primaryimage"},"image":{"@id":"https:\/\/www.key-devices.com\/product\/jlr-fast-start\/#primaryimage"},"thumbnailUrl":"https:\/\/www.key-devices.com\/wp-content\/uploads\/Jlr-fast-start.jpg","datePublished":"2025-09-09T09:16:04+00:00","dateModified":"2025-09-09T09:36:59+00:00","description":"Jlr de inicio r\u00e1pido, el mejor vendedor que iniciar cualquier jlr en un par de secondProgrammer DIAG v10.59++JLR de emergencia arranque el motor y programador clave","breadcrumb":{"@id":"https:\/\/www.key-devices.com\/product\/jlr-fast-start\/#breadcrumb"},"inLanguage":"es","potentialAction":[{"@type":"ReadAction","target":["https:\/\/www.key-devices.com\/product\/jlr-fast-start\/"]}]},{"@type":"ImageObject","inLanguage":"es","@id":"https:\/\/www.key-devices.com\/product\/jlr-fast-start\/#primaryimage","url":"https:\/\/www.key-devices.com\/wp-content\/uploads\/Jlr-fast-start.jpg","contentUrl":"https:\/\/www.key-devices.com\/wp-content\/uploads\/Jlr-fast-start.jpg","width":1152,"height":2048,"caption":"Jlr fast start"},{"@type":"BreadcrumbList","@id":"https:\/\/www.key-devices.com\/product\/jlr-fast-start\/#breadcrumb","itemListElement":[{"@type":"ListItem","position":1,"name":"Home","item":"https:\/\/www.key-devices.com\/"},{"@type":"ListItem","position":2,"name":"Shop","item":"https:\/\/www.key-devices.com\/shop\/"},{"@type":"ListItem","position":3,"name":"Jlr fast start"}]},{"@type":"WebSite","@id":"https:\/\/www.key-devices.com\/#website","url":"https:\/\/www.key-devices.com\/","name":"DISPOSITIVOS CLAVE","description":"","publisher":{"@id":"https:\/\/www.key-devices.com\/#organization"},"potentialAction":[{"@type":"SearchAction","target":{"@type":"EntryPoint","urlTemplate":"https:\/\/www.key-devices.com\/?s={search_term_string}"},"query-input":{"@type":"PropertyValueSpecification","valueRequired":true,"valueName":"search_term_string"}}],"inLanguage":"es"},{"@type":["Organization","Place"],"@id":"https:\/\/www.key-devices.com\/#organization","name":"Los Dispositivos Principales","url":"https:\/\/www.key-devices.com\/","logo":{"@id":"https:\/\/www.key-devices.com\/product\/jlr-fast-start\/#local-main-organization-logo"},"image":{"@id":"https:\/\/www.key-devices.com\/product\/jlr-fast-start\/#local-main-organization-logo"},"legalName":"Key Devices","telephone":[],"openingHoursSpecification":[{"@type":"OpeningHoursSpecification","dayOfWeek":["Monday","Tuesday","Wednesday","Thursday","Friday","Saturday","Sunday"],"opens":"09:00","closes":"17:00"}]},{"@type":"ImageObject","inLanguage":"es","@id":"https:\/\/www.key-devices.com\/product\/jlr-fast-start\/#local-main-organization-logo","url":"https:\/\/www.key-devices.com\/wp-content\/uploads\/cropped-Key-Devices-Logo-official-.png","contentUrl":"https:\/\/www.key-devices.com\/wp-content\/uploads\/cropped-Key-Devices-Logo-official-.png","width":512,"height":512,"caption":"Key Devices"}]},"product_price_currency":"EUR","og_availability":"instock","product_availability":"instock","product_retailer_item_id":"2788","product_condition":"new"},"jetpack_sharing_enabled":true,"_links":{"self":[{"href":"https:\/\/www.key-devices.com\/es\/wp-json\/wp\/v2\/product\/11201","targetHints":{"allow":["GET"]}}],"collection":[{"href":"https:\/\/www.key-devices.com\/es\/wp-json\/wp\/v2\/product"}],"about":[{"href":"https:\/\/www.key-devices.com\/es\/wp-json\/wp\/v2\/types\/product"}],"replies":[{"embeddable":true,"href":"https:\/\/www.key-devices.com\/es\/wp-json\/wp\/v2\/comments?post=11201"}],"wp:featuredmedia":[{"embeddable":true,"href":"https:\/\/www.key-devices.com\/es\/wp-json\/wp\/v2\/media\/11202"}],"wp:attachment":[{"href":"https:\/\/www.key-devices.com\/es\/wp-json\/wp\/v2\/media?parent=11201"}],"wp:term":[{"taxonomy":"product_brand","embeddable":true,"href":"https:\/\/www.key-devices.com\/es\/wp-json\/wp\/v2\/product_brand?post=11201"},{"taxonomy":"product_cat","embeddable":true,"href":"https:\/\/www.key-devices.com\/es\/wp-json\/wp\/v2\/product_cat?post=11201"},{"taxonomy":"product_tag","embeddable":true,"href":"https:\/\/www.key-devices.com\/es\/wp-json\/wp\/v2\/product_tag?post=11201"},{"taxonomy":"vehicles","embeddable":true,"href":"https:\/\/www.key-devices.com\/es\/wp-json\/wp\/v2\/vehicles?post=11201"}],"curies":[{"name":"wp","href":"https:\/\/api.w.org\/{rel}","templated":true}]}}