{"id":11285,"date":"2025-09-16T09:31:06","date_gmt":"2025-09-16T07:31:06","guid":{"rendered":"https:\/\/www.key-devices.com\/?post_type=product&#038;p=11285"},"modified":"2025-09-16T09:54:08","modified_gmt":"2025-09-16T07:54:08","slug":"iskra-2-cryptograbber-emulator","status":"publish","type":"product","link":"https:\/\/www.key-devices.com\/es\/product\/iskra-2-cryptograbber-emulator\/","title":{"rendered":"Emulador de criptograbador Iskra 2"},"content":{"rendered":"<h1 class=\"product_title entry-title\" style=\"text-align: center;\">Emulador de criptograbador Iskra 2<\/h1>\n<p>&nbsp;<\/p>\n<div dir=\"ltr\">CAPACIDADES DEL DISPOSITIVO:<\/div>\n<div dir=\"ltr\"><\/div>\n<ul>\n<li dir=\"ltr\">1. \u00a1El dispositivo puede abrir, cerrar o arrancar el motor de un autom\u00f3vil incluso si se pierden todas las llaves!<\/li>\n<li dir=\"ltr\">2. El dispositivo muestra el c\u00f3digo PIN calculado para la programaci\u00f3n de la llave a trav\u00e9s del conector de diagn\u00f3stico.<\/li>\n<li dir=\"ltr\">3. Algoritmo de c\u00e1lculo de datos inteligente (normalmente alrededor de 1 minuto).<\/li>\n<li dir=\"ltr\">4. C\u00e1lculo de datos para coches nuevos mediante PIN directamente en el dispositivo sin ordenador.<\/li>\n<li dir=\"ltr\">5. Un programa para acelerar los c\u00e1lculos de coches nuevos para PC.<\/li>\n<li dir=\"ltr\">6. Antena 3D para recepci\u00f3n de datos de alta calidad desde el coche.<\/li>\n<li dir=\"ltr\">7. 40 celdas de memoria.<\/li>\n<li dir=\"ltr\">8. C\u00f3digo PIN \u00fanico para encender el dispositivo.<\/li>\n<li dir=\"ltr\">9. Funciona con dos pilas AA.<\/li>\n<\/ul>\n<p>&nbsp;<\/p>\n<p>LISTA DE VEH\u00cdCULOS COMPATIBLES EN MODO \u201cKIA\/HYUNDAI\/GENESIS\u201d:<span class=\"Apple-converted-space\">\u00a0<\/span><\/p>\n<p>PAQUETE M1:<span class=\"Apple-converted-space\">\u00a0<\/span><\/p>\n<ul>\n<li>\u00a0MITSUBISHI ASX (2016-2020)<span class=\"Apple-converted-space\">\u00a0<\/span><\/li>\n<li>\u00a0MITSUBISHI OUTLANDER 3G (2015-2021)<span class=\"Apple-converted-space\">\u00a0<\/span><\/li>\n<li>PAQUETE M2 (EN CONSTRUCCI\u00d3N):<span class=\"Apple-converted-space\">\u00a0<\/span><\/li>\n<li>\u00a0PAJERO SPORT (2016-2020)<span class=\"Apple-converted-space\">\u00a0<\/span><\/li>\n<li>CRUZ ECLIPSE (2017-2020)<span class=\"Apple-converted-space\">\u00a0<\/span><\/li>\n<li>\u00a0L200 (2015-2020)<\/li>\n<\/ul>\n<p>PACKAGE KR-1 [LIC #1]:<span class=\"Apple-converted-space\">\u00a0<\/span><\/p>\n<ul>\n<li>\u00a0KIA STINGER 1G (2017-2021)<span class=\"Apple-converted-space\">\u00a0<\/span><\/li>\n<li>\u00a0KIA SPORTAGE 4G (2018-2021)<span class=\"Apple-converted-space\">\u00a0<\/span><\/li>\n<li>\u00a0KIA SPORTAGE 4 (2016-2018)<span class=\"Apple-converted-space\">\u00a0<\/span><\/li>\n<li>\u00a0KIA SORENTO 3G FL (2017-2020, PRINCIPAL)<span class=\"Apple-converted-space\">\u00a0<\/span><\/li>\n<li>KIA SORENTO 3G (2014-2017, PRINCIPAL)<span class=\"Apple-converted-space\">\u00a0<\/span><\/li>\n<li>\u00a0Hyundai Tucson 3G Florida (2018-2021)<span class=\"Apple-converted-space\">\u00a0<\/span><\/li>\n<li>\u00a0Hyundai Tucson 3G (2015-2018)<span class=\"Apple-converted-space\">\u00a0<\/span><\/li>\n<li>\u00a0HYUNDAI SANTA FE 4G (2018-2021)<span class=\"Apple-converted-space\">\u00a0<\/span><\/li>\n<li>\u00a0G\u00e9nesis G70<span class=\"Apple-converted-space\">\u00a0<\/span><\/li>\n<\/ul>\n<p><span class=\"Apple-converted-space\">\u00a0<\/span><\/p>\n<p>PACKAGE KR-2 [LIC #2]:<span class=\"Apple-converted-space\">\u00a0<\/span><\/p>\n<ul>\n<li>KIA NIRO (2016-2021)<span class=\"Apple-converted-space\">\u00a0<\/span><\/li>\n<li>\u00a0HYUNDAI KONA H\u00cdBRIDO<span class=\"Apple-converted-space\">\u00a0<\/span><\/li>\n<li>\u00a0HYUNDAI KONA EL\u00c9CTRICO<span class=\"Apple-converted-space\">\u00a0<\/span><\/li>\n<li>\u00a0HYUNDAI KONA<span class=\"Apple-converted-space\">\u00a0<\/span><\/li>\n<li>\u00a0HYUNDAI IONIQ H\u00cdBRIDO<span class=\"Apple-converted-space\">\u00a0<\/span><\/li>\n<\/ul>\n<p><span class=\"Apple-converted-space\">\u00a0<\/span><\/p>\n<p>PACKAGE KR-3 [LIC #3] (*):<span class=\"Apple-converted-space\">\u00a0<\/span><\/p>\n<ul>\n<li>\u00a0Hyundai Palisade (2018-2021)<span class=\"Apple-converted-space\">\u00a0<\/span><\/li>\n<li>HYUNDAI SANTA FE 4G FL (2020-2021)<span class=\"Apple-converted-space\">\u00a0<\/span><\/li>\n<li>Hyundai Sonata 8G (2019-2021)<span class=\"Apple-converted-space\">\u00a0<\/span><\/li>\n<li>\u00a0Hyundai Tucson 4G (2020-2021)<span class=\"Apple-converted-space\">\u00a0<\/span><\/li>\n<li>\u00a0Kia K900 2G (2018-2021)<span class=\"Apple-converted-space\">\u00a0<\/span><\/li>\n<\/ul>\n<p><span class=\"Apple-converted-space\">\u00a0<\/span><\/p>\n<p>PACKAGE \u041aR-4 (EUROPACK) [LIC #4]:<span class=\"Apple-converted-space\">\u00a0<\/span><\/p>\n<ul>\n<li>\u00a0KIA STINGER 1G (2017-2021)<span class=\"Apple-converted-space\">\u00a0<\/span><\/li>\n<li>\u00a0KIA SPORTAGE 4G (2018-2021)<span class=\"Apple-converted-space\">\u00a0<\/span><\/li>\n<li>\u00a0KIA SPORTAGE 4 (2016-2018)<span class=\"Apple-converted-space\">\u00a0<\/span><\/li>\n<li>KIA NIRO (2016-2021)<span class=\"Apple-converted-space\">\u00a0<\/span><\/li>\n<li>\u00a0Hyundai Tucson 3G Florida (2018-2021)<span class=\"Apple-converted-space\">\u00a0<\/span><\/li>\n<li>\u00a0Hyundai Tucson 3G (2015-2018)<span class=\"Apple-converted-space\">\u00a0<\/span><\/li>\n<li>\u00a0Hyundai Tucson 4G (2020-2021)<span class=\"Apple-converted-space\">\u00a0<\/span><\/li>\n<li>\u00a0HYUNDAI SANTA FE 4G (2018-2021)<span class=\"Apple-converted-space\">\u00a0<\/span><\/li>\n<li>\u00a0HYUNDAI SANTA FE 4G FL(*) (2020-2021)<span class=\"Apple-converted-space\">\u00a0<\/span><\/li>\n<li>\u00a0HYUNDAI KONA H\u00cdBRIDO<span class=\"Apple-converted-space\">\u00a0<\/span><\/li>\n<li>\u00a0HYUNDAI KONA EL\u00c9CTRICO<span class=\"Apple-converted-space\">\u00a0<\/span><\/li>\n<li>\u00a0HYUNDAI KONA<span class=\"Apple-converted-space\">\u00a0<\/span><\/li>\n<li>\u00a0HYUNDAI IONIQ H\u00cdBRIDO<span class=\"Apple-converted-space\">\u00a0<\/span><\/li>\n<li>\u00a0IONQ<\/li>\n<\/ul>\n<p>&nbsp;<\/p>\n<p>Documentos :<\/p>\n<ul>\n<li><a href=\"https:\/\/www.key-devices.com\/wp-content\/uploads\/ISKRA2_rus.pdf\">ISKRA2_rus<\/a><\/li>\n<li><a href=\"https:\/\/www.key-devices.com\/wp-content\/uploads\/ISKRA2.2_eng.pdf\">ISKRA2.2_esp<\/a><\/li>\n<\/ul>\n<p><strong><span style=\"color: #ff0000;\">* NUESTROS DISPOSITIVOS SE VENDEN EXCLUSIVAMENTE PARA USO OFICIAL Y PRIVADO. NO NOS HACEMOS RESPONSABLES DEL USO FRAUDULENTO O ILEGAL DEL EQUIPO QUE SE LE VENDE.<\/span><\/strong><\/p>","protected":false},"excerpt":{"rendered":"<div dir=\"ltr\">CAPACIDADES DEL DISPOSITIVO:<\/div>\n<div dir=\"ltr\"><\/div>\n<ul>\n<li dir=\"ltr\">1. \u00a1El dispositivo puede abrir, cerrar o arrancar el motor de un autom\u00f3vil incluso si se pierden todas las llaves!<\/li>\n<li dir=\"ltr\">2. El dispositivo muestra el c\u00f3digo PIN calculado para la programaci\u00f3n de la llave a trav\u00e9s del conector de diagn\u00f3stico.<\/li>\n<li dir=\"ltr\">3. Algoritmo de c\u00e1lculo de datos inteligente (normalmente alrededor de 1 minuto).<\/li>\n<li dir=\"ltr\">4. C\u00e1lculo de datos para coches nuevos mediante PIN directamente en el dispositivo sin ordenador.<\/li>\n<li dir=\"ltr\">5. Un programa para acelerar los c\u00e1lculos de coches nuevos para PC.<\/li>\n<li dir=\"ltr\">6. Antena 3D para recepci\u00f3n de datos de alta calidad desde el coche.<\/li>\n<li dir=\"ltr\">7. 40 celdas de memoria.<\/li>\n<li dir=\"ltr\">8. C\u00f3digo PIN \u00fanico para encender el dispositivo.<\/li>\n<li dir=\"ltr\">9. Funciona con dos pilas AA.<\/li>\n<\/ul>","protected":false},"featured_media":11286,"comment_status":"open","ping_status":"closed","template":"","meta":{"_monsterinsights_skip_tracking":false,"_monsterinsights_sitenote_active":false,"_monsterinsights_sitenote_note":"","_monsterinsights_sitenote_category":0},"product_brand":[1213,1212,1226,1211],"product_cat":[517],"product_tag":[522,1231,542,526,1230,1227,528,529,1229,1228,531,534,1181,1182,1183],"vehicles":[],"class_list":{"0":"post-11285","1":"product","2":"type-product","3":"status-publish","4":"has-post-thumbnail","6":"product_brand-genesis","7":"product_brand-hyundai","8":"product_brand-ionq","9":"product_brand-kia","10":"product_cat-code-grabbers","11":"product_tag-altima","12":"product_tag-hyundai-palisade-2018-2021-hyundai-santa-fe-4g-fl-2020-2021-hyundai-sonata-8g-2019-2021-hyundai-tucson-4g-2020-2021-kia-k900-2g-2018-2021","13":"product_tag-key-device","14":"product_tag-key-programmer","15":"product_tag-kia-niro-2016-2021-hyundai-kona-hybrid-hyundai-kona-electric-hyundai-kona-hyundai-ioniq-hybride","16":"product_tag-kia-stinger-1g-2017-2021-kia-sportage-4g-2018-2021-kia-sportage-4-2016-2018-kia-sorento-3g-fl-2017-2020","17":"product_tag-murano","18":"product_tag-nissan","19":"product_tag-prime-hyundai-tucson-3g-fl-2018-2021-hyundai-tuscon-3g-2015-2018-hyundai-santa-fe-4g-2018-2021-genesis-g70","20":"product_tag-prime-kia-sorento-3g-2014-2017","21":"product_tag-qashqai","22":"product_tag-rogue","23":"product_tag-skyline","24":"product_tag-titan-2","25":"product_tag-x-trail","27":"first","28":"instock","29":"featured","30":"shipping-taxable","31":"product-type-simple"},"yoast_head":"<!-- This site is optimized with the Yoast SEO Premium plugin v25.5 (Yoast SEO v27.4) - https:\/\/yoast.com\/product\/yoast-seo-premium-wordpress\/ -->\n<title>Iskra 2 cryptograbber emulator - Key Devices 07.55.98.64.05<\/title>\n<meta name=\"description\" content=\"Iskra 2 cryptograbber emulator, the device can open, close or start a car engine even if all keys are lost, the device displays the calculated PIN-code...\" \/>\n<meta name=\"robots\" content=\"index, follow, max-snippet:-1, max-image-preview:large, max-video-preview:-1\" \/>\n<link rel=\"canonical\" href=\"https:\/\/www.key-devices.com\/es\/product\/iskra-2-cryptograbber-emulator\/\" \/>\n<meta property=\"og:locale\" content=\"es_ES\" \/>\n<meta property=\"og:type\" content=\"article\" \/>\n<meta property=\"og:title\" content=\"Iskra 2 cryptograbber emulator\" \/>\n<meta property=\"og:description\" content=\"Iskra 2 cryptograbber emulator, the device can open, close or start a car engine even if all keys are lost, the device displays the calculated PIN-code...\" \/>\n<meta property=\"og:url\" content=\"https:\/\/www.key-devices.com\/es\/product\/iskra-2-cryptograbber-emulator\/\" \/>\n<meta property=\"og:site_name\" content=\"KEY DEVICES\" \/>\n<meta property=\"article:modified_time\" content=\"2025-09-16T07:54:08+00:00\" \/>\n<meta property=\"og:image\" content=\"https:\/\/www.key-devices.com\/wp-content\/uploads\/Iskra-2-cryptograbber-emulator.jpg\" \/>\n\t<meta property=\"og:image:width\" content=\"1024\" \/>\n\t<meta property=\"og:image:height\" content=\"768\" \/>\n\t<meta property=\"og:image:type\" content=\"image\/jpeg\" \/>\n<meta name=\"twitter:card\" content=\"summary_large_image\" \/>\n<meta name=\"twitter:label1\" content=\"Precio\" \/>\n\t<meta name=\"twitter:data1\" content=\"\" \/>\n\t<meta name=\"twitter:label2\" content=\"Disponibilidad\" \/>\n\t<meta name=\"twitter:data2\" content=\"Disponible\" \/>\n<script type=\"application\/ld+json\" class=\"yoast-schema-graph\">{\"@context\":\"https:\\\/\\\/schema.org\",\"@graph\":[{\"@type\":\"WebPage\",\"@id\":\"https:\\\/\\\/www.key-devices.com\\\/product\\\/iskra-2-cryptograbber-emulator\\\/\",\"url\":\"https:\\\/\\\/www.key-devices.com\\\/product\\\/iskra-2-cryptograbber-emulator\\\/\",\"name\":\"Iskra 2 cryptograbber emulator - Key Devices 07.55.98.64.05\",\"isPartOf\":{\"@id\":\"https:\\\/\\\/www.key-devices.com\\\/#website\"},\"primaryImageOfPage\":{\"@id\":\"https:\\\/\\\/www.key-devices.com\\\/product\\\/iskra-2-cryptograbber-emulator\\\/#primaryimage\"},\"image\":{\"@id\":\"https:\\\/\\\/www.key-devices.com\\\/product\\\/iskra-2-cryptograbber-emulator\\\/#primaryimage\"},\"thumbnailUrl\":\"https:\\\/\\\/www.key-devices.com\\\/wp-content\\\/uploads\\\/Iskra-2-cryptograbber-emulator.jpg\",\"datePublished\":\"2025-09-16T07:31:06+00:00\",\"dateModified\":\"2025-09-16T07:54:08+00:00\",\"description\":\"Iskra 2 cryptograbber emulator, the device can open, close or start a car engine even if all keys are lost, the device displays the calculated PIN-code...\",\"breadcrumb\":{\"@id\":\"https:\\\/\\\/www.key-devices.com\\\/product\\\/iskra-2-cryptograbber-emulator\\\/#breadcrumb\"},\"inLanguage\":\"es\",\"potentialAction\":[{\"@type\":\"ReadAction\",\"target\":[\"https:\\\/\\\/www.key-devices.com\\\/product\\\/iskra-2-cryptograbber-emulator\\\/\"]}]},{\"@type\":\"ImageObject\",\"inLanguage\":\"es\",\"@id\":\"https:\\\/\\\/www.key-devices.com\\\/product\\\/iskra-2-cryptograbber-emulator\\\/#primaryimage\",\"url\":\"https:\\\/\\\/www.key-devices.com\\\/wp-content\\\/uploads\\\/Iskra-2-cryptograbber-emulator.jpg\",\"contentUrl\":\"https:\\\/\\\/www.key-devices.com\\\/wp-content\\\/uploads\\\/Iskra-2-cryptograbber-emulator.jpg\",\"width\":1024,\"height\":768,\"caption\":\"Iskra 2 cryptograbber emulator\"},{\"@type\":\"BreadcrumbList\",\"@id\":\"https:\\\/\\\/www.key-devices.com\\\/product\\\/iskra-2-cryptograbber-emulator\\\/#breadcrumb\",\"itemListElement\":[{\"@type\":\"ListItem\",\"position\":1,\"name\":\"Home\",\"item\":\"https:\\\/\\\/www.key-devices.com\\\/\"},{\"@type\":\"ListItem\",\"position\":2,\"name\":\"Shop\",\"item\":\"https:\\\/\\\/www.key-devices.com\\\/shop\\\/\"},{\"@type\":\"ListItem\",\"position\":3,\"name\":\"Iskra 2 cryptograbber emulator\"}]},{\"@type\":\"WebSite\",\"@id\":\"https:\\\/\\\/www.key-devices.com\\\/#website\",\"url\":\"https:\\\/\\\/www.key-devices.com\\\/\",\"name\":\"KEY DEVICES\",\"description\":\"\",\"publisher\":{\"@id\":\"https:\\\/\\\/www.key-devices.com\\\/#organization\"},\"potentialAction\":[{\"@type\":\"SearchAction\",\"target\":{\"@type\":\"EntryPoint\",\"urlTemplate\":\"https:\\\/\\\/www.key-devices.com\\\/?s={search_term_string}\"},\"query-input\":{\"@type\":\"PropertyValueSpecification\",\"valueRequired\":true,\"valueName\":\"search_term_string\"}}],\"inLanguage\":\"es\"},{\"@type\":[\"Organization\",\"Place\"],\"@id\":\"https:\\\/\\\/www.key-devices.com\\\/#organization\",\"name\":\"Key Devices\",\"url\":\"https:\\\/\\\/www.key-devices.com\\\/\",\"logo\":{\"@id\":\"https:\\\/\\\/www.key-devices.com\\\/product\\\/iskra-2-cryptograbber-emulator\\\/#local-main-organization-logo\"},\"image\":{\"@id\":\"https:\\\/\\\/www.key-devices.com\\\/product\\\/iskra-2-cryptograbber-emulator\\\/#local-main-organization-logo\"},\"legalName\":\"Key Devices\",\"telephone\":[],\"openingHoursSpecification\":[{\"@type\":\"OpeningHoursSpecification\",\"dayOfWeek\":[\"Monday\",\"Tuesday\",\"Wednesday\",\"Thursday\",\"Friday\",\"Saturday\",\"Sunday\"],\"opens\":\"09:00\",\"closes\":\"17:00\"}]},{\"@type\":\"ImageObject\",\"inLanguage\":\"es\",\"@id\":\"https:\\\/\\\/www.key-devices.com\\\/product\\\/iskra-2-cryptograbber-emulator\\\/#local-main-organization-logo\",\"url\":\"https:\\\/\\\/www.key-devices.com\\\/wp-content\\\/uploads\\\/cropped-Key-Devices-Logo-official-.png\",\"contentUrl\":\"https:\\\/\\\/www.key-devices.com\\\/wp-content\\\/uploads\\\/cropped-Key-Devices-Logo-official-.png\",\"width\":512,\"height\":512,\"caption\":\"Key Devices\"}]}<\/script>\n<meta property=\"product:price:currency\" content=\"EUR\" \/>\n<meta property=\"og:availability\" content=\"instock\" \/>\n<meta property=\"product:availability\" content=\"instock\" \/>\n<meta property=\"product:retailer_item_id\" content=\"2792\" \/>\n<meta property=\"product:condition\" content=\"new\" \/>\n<!-- \/ Yoast SEO Premium plugin. -->","yoast_head_json":{"title":"Emulador de criptograbador Iskra 2 - Dispositivos clave 07.55.98.64.05","description":"Emulador de criptograbber Iskra 2, el dispositivo puede abrir, cerrar o arrancar el motor de un autom\u00f3vil incluso si se pierden todas las llaves, el dispositivo muestra el c\u00f3digo PIN calculado...","robots":{"index":"index","follow":"follow","max-snippet":"max-snippet:-1","max-image-preview":"max-image-preview:large","max-video-preview":"max-video-preview:-1"},"canonical":"https:\/\/www.key-devices.com\/es\/product\/iskra-2-cryptograbber-emulator\/","og_locale":"es_ES","og_type":"article","og_title":"Iskra 2 cryptograbber emulator","og_description":"Iskra 2 cryptograbber emulator, the device can open, close or start a car engine even if all keys are lost, the device displays the calculated PIN-code...","og_url":"https:\/\/www.key-devices.com\/es\/product\/iskra-2-cryptograbber-emulator\/","og_site_name":"KEY DEVICES","article_modified_time":"2025-09-16T07:54:08+00:00","og_image":[{"width":1024,"height":768,"url":"https:\/\/www.key-devices.com\/wp-content\/uploads\/Iskra-2-cryptograbber-emulator.jpg","type":"image\/jpeg"}],"twitter_card":"summary_large_image","twitter_misc":{"Precio":"","Disponibilidad":"Disponible"},"schema":{"@context":"https:\/\/schema.org","@graph":[{"@type":"WebPage","@id":"https:\/\/www.key-devices.com\/product\/iskra-2-cryptograbber-emulator\/","url":"https:\/\/www.key-devices.com\/product\/iskra-2-cryptograbber-emulator\/","name":"Emulador de criptograbador Iskra 2 - Dispositivos clave 07.55.98.64.05","isPartOf":{"@id":"https:\/\/www.key-devices.com\/#website"},"primaryImageOfPage":{"@id":"https:\/\/www.key-devices.com\/product\/iskra-2-cryptograbber-emulator\/#primaryimage"},"image":{"@id":"https:\/\/www.key-devices.com\/product\/iskra-2-cryptograbber-emulator\/#primaryimage"},"thumbnailUrl":"https:\/\/www.key-devices.com\/wp-content\/uploads\/Iskra-2-cryptograbber-emulator.jpg","datePublished":"2025-09-16T07:31:06+00:00","dateModified":"2025-09-16T07:54:08+00:00","description":"Emulador de criptograbber Iskra 2, el dispositivo puede abrir, cerrar o arrancar el motor de un autom\u00f3vil incluso si se pierden todas las llaves, el dispositivo muestra el c\u00f3digo PIN calculado...","breadcrumb":{"@id":"https:\/\/www.key-devices.com\/product\/iskra-2-cryptograbber-emulator\/#breadcrumb"},"inLanguage":"es","potentialAction":[{"@type":"ReadAction","target":["https:\/\/www.key-devices.com\/product\/iskra-2-cryptograbber-emulator\/"]}]},{"@type":"ImageObject","inLanguage":"es","@id":"https:\/\/www.key-devices.com\/product\/iskra-2-cryptograbber-emulator\/#primaryimage","url":"https:\/\/www.key-devices.com\/wp-content\/uploads\/Iskra-2-cryptograbber-emulator.jpg","contentUrl":"https:\/\/www.key-devices.com\/wp-content\/uploads\/Iskra-2-cryptograbber-emulator.jpg","width":1024,"height":768,"caption":"Iskra 2 cryptograbber emulator"},{"@type":"BreadcrumbList","@id":"https:\/\/www.key-devices.com\/product\/iskra-2-cryptograbber-emulator\/#breadcrumb","itemListElement":[{"@type":"ListItem","position":1,"name":"Home","item":"https:\/\/www.key-devices.com\/"},{"@type":"ListItem","position":2,"name":"Shop","item":"https:\/\/www.key-devices.com\/shop\/"},{"@type":"ListItem","position":3,"name":"Iskra 2 cryptograbber emulator"}]},{"@type":"WebSite","@id":"https:\/\/www.key-devices.com\/#website","url":"https:\/\/www.key-devices.com\/","name":"DISPOSITIVOS CLAVE","description":"","publisher":{"@id":"https:\/\/www.key-devices.com\/#organization"},"potentialAction":[{"@type":"SearchAction","target":{"@type":"EntryPoint","urlTemplate":"https:\/\/www.key-devices.com\/?s={search_term_string}"},"query-input":{"@type":"PropertyValueSpecification","valueRequired":true,"valueName":"search_term_string"}}],"inLanguage":"es"},{"@type":["Organization","Place"],"@id":"https:\/\/www.key-devices.com\/#organization","name":"Los Dispositivos Principales","url":"https:\/\/www.key-devices.com\/","logo":{"@id":"https:\/\/www.key-devices.com\/product\/iskra-2-cryptograbber-emulator\/#local-main-organization-logo"},"image":{"@id":"https:\/\/www.key-devices.com\/product\/iskra-2-cryptograbber-emulator\/#local-main-organization-logo"},"legalName":"Key Devices","telephone":[],"openingHoursSpecification":[{"@type":"OpeningHoursSpecification","dayOfWeek":["Monday","Tuesday","Wednesday","Thursday","Friday","Saturday","Sunday"],"opens":"09:00","closes":"17:00"}]},{"@type":"ImageObject","inLanguage":"es","@id":"https:\/\/www.key-devices.com\/product\/iskra-2-cryptograbber-emulator\/#local-main-organization-logo","url":"https:\/\/www.key-devices.com\/wp-content\/uploads\/cropped-Key-Devices-Logo-official-.png","contentUrl":"https:\/\/www.key-devices.com\/wp-content\/uploads\/cropped-Key-Devices-Logo-official-.png","width":512,"height":512,"caption":"Key Devices"}]},"product_price_currency":"EUR","og_availability":"instock","product_availability":"instock","product_retailer_item_id":"2792","product_condition":"new"},"jetpack_sharing_enabled":true,"_links":{"self":[{"href":"https:\/\/www.key-devices.com\/es\/wp-json\/wp\/v2\/product\/11285","targetHints":{"allow":["GET"]}}],"collection":[{"href":"https:\/\/www.key-devices.com\/es\/wp-json\/wp\/v2\/product"}],"about":[{"href":"https:\/\/www.key-devices.com\/es\/wp-json\/wp\/v2\/types\/product"}],"replies":[{"embeddable":true,"href":"https:\/\/www.key-devices.com\/es\/wp-json\/wp\/v2\/comments?post=11285"}],"wp:featuredmedia":[{"embeddable":true,"href":"https:\/\/www.key-devices.com\/es\/wp-json\/wp\/v2\/media\/11286"}],"wp:attachment":[{"href":"https:\/\/www.key-devices.com\/es\/wp-json\/wp\/v2\/media?parent=11285"}],"wp:term":[{"taxonomy":"product_brand","embeddable":true,"href":"https:\/\/www.key-devices.com\/es\/wp-json\/wp\/v2\/product_brand?post=11285"},{"taxonomy":"product_cat","embeddable":true,"href":"https:\/\/www.key-devices.com\/es\/wp-json\/wp\/v2\/product_cat?post=11285"},{"taxonomy":"product_tag","embeddable":true,"href":"https:\/\/www.key-devices.com\/es\/wp-json\/wp\/v2\/product_tag?post=11285"},{"taxonomy":"vehicles","embeddable":true,"href":"https:\/\/www.key-devices.com\/es\/wp-json\/wp\/v2\/vehicles?post=11285"}],"curies":[{"name":"wp","href":"https:\/\/api.w.org\/{rel}","templated":true}]}}