{"id":11292,"date":"2025-09-16T10:06:43","date_gmt":"2025-09-16T08:06:43","guid":{"rendered":"https:\/\/www.key-devices.com\/?post_type=product&#038;p=11292"},"modified":"2025-09-16T10:37:31","modified_gmt":"2025-09-16T08:37:31","slug":"dodge-2016-2025-key-programmer","status":"publish","type":"product","link":"https:\/\/www.key-devices.com\/es\/product\/dodge-2016-2025-key-programmer\/","title":{"rendered":"Programador de llaves Dodge 2016-2025"},"content":{"rendered":"<h1 style=\"text-align: center;\">Programador de llaves Dodge 2016-2025<\/h1>\n<h2 style=\"text-align: center;\"><\/h2>\n<div dir=\"ltr\">PROGRAMACI\u00d3N DE LLAVES + DESBLOQUEO:<\/div>\n<div dir=\"ltr\"><\/div>\n<ul>\n<li dir=\"ltr\">Dodge Ram 2020-2024+<\/li>\n<li dir=\"ltr\">DISPOSITIVO INDEPENDIENTE<\/li>\n<li dir=\"ltr\">Este dispositivo est\u00e1 dise\u00f1ado para programar teclas en<\/li>\n<li dir=\"ltr\">Veh\u00edculos Dodge Ram del 2020 al 2024+ incluso<\/li>\n<li dir=\"ltr\">Cuando se pierden todas las llaves, de forma sencilla y sin<\/li>\n<li dir=\"ltr\">La necesidad de computadoras. El dispositivo tambi\u00e9n tiene<\/li>\n<li dir=\"ltr\">la funcionalidad \u201cUNLOCKER\u201d cuando todos los<\/li>\n<li dir=\"ltr\">Se han perdido las llaves, sin tener que operar<\/li>\n<li dir=\"ltr\">Otras herramientas de cerrajer\u00eda.<\/li>\n<li dir=\"ltr\">Este dispositivo funciona de dos maneras:<\/li>\n<li dir=\"ltr\">externamente desde la red de latas<\/li>\n<li dir=\"ltr\">internamente desde el conector OBD utilizando el cable SGW espec\u00edfico<\/li>\n<\/ul>\n<p>&nbsp;<\/p>\n<p>Documentos :<\/p>\n<p><a href=\"https:\/\/www.key-devices.com\/wp-content\/uploads\/Dodge-ram-2024-key-prog-unlock.pdf\">Programador de llaves Dodge 2016-2025<\/a><\/p>\n<p>&nbsp;<\/p>\n<p><span style=\"color: #ff0000;\">* NUESTROS DISPOSITIVOS SE VENDEN EXCLUSIVAMENTE PARA USO OFICIAL Y PRIVADO. NO NOS HACEMOS RESPONSABLES DEL USO FRAUDULENTO O ILEGAL DEL EQUIPO QUE SE LE VENDE.<\/span><\/p>","protected":false},"excerpt":{"rendered":"<h1 style=\"text-align: center;\">Dodge 2016-2025<\/h1>\n<h2 style=\"text-align: center;\"><\/h2>\n<div dir=\"ltr\">PROGRAMACI\u00d3N DE LLAVES + DESBLOQUEO:<\/div>\n<div dir=\"ltr\"><\/div>\n<ul>\n<li dir=\"ltr\">Dodge Ram 2020-2024+<\/li>\n<li dir=\"ltr\">DISPOSITIVO INDEPENDIENTE<\/li>\n<li dir=\"ltr\">Este dispositivo est\u00e1 dise\u00f1ado para programar teclas en<\/li>\n<li dir=\"ltr\">Veh\u00edculos Dodge Ram del 2020 al 2024+ incluso<\/li>\n<li dir=\"ltr\">Cuando se pierden todas las llaves, de forma sencilla y sin<\/li>\n<li dir=\"ltr\">La necesidad de computadoras. El dispositivo tambi\u00e9n tiene<\/li>\n<li dir=\"ltr\">la funcionalidad \u201cUNLOCKER\u201d cuando todos los<\/li>\n<li dir=\"ltr\">Se han perdido las llaves, sin tener que operar<\/li>\n<li dir=\"ltr\">Otras herramientas de cerrajer\u00eda.<\/li>\n<li dir=\"ltr\">Este dispositivo funciona de dos maneras:<\/li>\n<li dir=\"ltr\">externamente desde la red de latas<\/li>\n<li dir=\"ltr\">internamente desde el conector OBD utilizando el cable SGW espec\u00edfico<\/li>\n<\/ul>","protected":false},"featured_media":11294,"comment_status":"open","ping_status":"closed","template":"","meta":{"_monsterinsights_skip_tracking":false,"_monsterinsights_sitenote_active":false,"_monsterinsights_sitenote_note":"","_monsterinsights_sitenote_category":0},"product_brand":[1169],"product_cat":[516],"product_tag":[1236],"vehicles":[],"class_list":{"0":"post-11292","1":"product","2":"type-product","3":"status-publish","4":"has-post-thumbnail","6":"product_brand-dodge","7":"product_cat-key-programmer","8":"product_tag-dodge-2016-2025-key-programmer","10":"first","11":"instock","12":"featured","13":"shipping-taxable","14":"product-type-simple"},"yoast_head":"<!-- This site is optimized with the Yoast SEO Premium plugin v25.5 (Yoast SEO v27.4) - https:\/\/yoast.com\/product\/yoast-seo-premium-wordpress\/ -->\n<title>Dodge 2016-2025 key programmer - Call : 07.55.98.64.05<\/title>\n<meta name=\"description\" content=\"Dodge 2016-2025 key programmer, this device is designed to program keys onDodge Ram vehicles from 2020 to 2024+ even when all the keys are lost...\" \/>\n<meta name=\"robots\" content=\"index, follow, max-snippet:-1, max-image-preview:large, max-video-preview:-1\" \/>\n<link rel=\"canonical\" href=\"https:\/\/www.key-devices.com\/es\/product\/dodge-2016-2025-key-programmer\/\" \/>\n<meta property=\"og:locale\" content=\"es_ES\" \/>\n<meta property=\"og:type\" content=\"article\" \/>\n<meta property=\"og:title\" content=\"Dodge 2016-2025 key programmer\" \/>\n<meta property=\"og:description\" content=\"Dodge 2016-2025 key programmer, this device is designed to program keys onDodge Ram vehicles from 2020 to 2024+ even when all the keys are lost...\" \/>\n<meta property=\"og:url\" content=\"https:\/\/www.key-devices.com\/es\/product\/dodge-2016-2025-key-programmer\/\" \/>\n<meta property=\"og:site_name\" content=\"KEY DEVICES\" \/>\n<meta property=\"article:modified_time\" content=\"2025-09-16T08:37:31+00:00\" \/>\n<meta property=\"og:image\" content=\"https:\/\/www.key-devices.com\/wp-content\/uploads\/Dodge-2016-2025-key-programmer.jpg\" \/>\n\t<meta property=\"og:image:width\" content=\"1536\" \/>\n\t<meta property=\"og:image:height\" content=\"2048\" \/>\n\t<meta property=\"og:image:type\" content=\"image\/jpeg\" \/>\n<meta name=\"twitter:card\" content=\"summary_large_image\" \/>\n<meta name=\"twitter:label1\" content=\"Precio\" \/>\n\t<meta name=\"twitter:data1\" content=\"\" \/>\n\t<meta name=\"twitter:label2\" content=\"Disponibilidad\" \/>\n\t<meta name=\"twitter:data2\" content=\"Disponible\" \/>\n<script type=\"application\/ld+json\" class=\"yoast-schema-graph\">{\"@context\":\"https:\\\/\\\/schema.org\",\"@graph\":[{\"@type\":\"WebPage\",\"@id\":\"https:\\\/\\\/www.key-devices.com\\\/product\\\/dodge-2016-2025-key-programmer\\\/\",\"url\":\"https:\\\/\\\/www.key-devices.com\\\/product\\\/dodge-2016-2025-key-programmer\\\/\",\"name\":\"Dodge 2016-2025 key programmer - Call : 07.55.98.64.05\",\"isPartOf\":{\"@id\":\"https:\\\/\\\/www.key-devices.com\\\/#website\"},\"primaryImageOfPage\":{\"@id\":\"https:\\\/\\\/www.key-devices.com\\\/product\\\/dodge-2016-2025-key-programmer\\\/#primaryimage\"},\"image\":{\"@id\":\"https:\\\/\\\/www.key-devices.com\\\/product\\\/dodge-2016-2025-key-programmer\\\/#primaryimage\"},\"thumbnailUrl\":\"https:\\\/\\\/www.key-devices.com\\\/wp-content\\\/uploads\\\/Dodge-2016-2025-key-programmer.jpg\",\"datePublished\":\"2025-09-16T08:06:43+00:00\",\"dateModified\":\"2025-09-16T08:37:31+00:00\",\"description\":\"Dodge 2016-2025 key programmer, this device is designed to program keys onDodge Ram vehicles from 2020 to 2024+ even when all the keys are lost...\",\"breadcrumb\":{\"@id\":\"https:\\\/\\\/www.key-devices.com\\\/product\\\/dodge-2016-2025-key-programmer\\\/#breadcrumb\"},\"inLanguage\":\"es\",\"potentialAction\":[{\"@type\":\"ReadAction\",\"target\":[\"https:\\\/\\\/www.key-devices.com\\\/product\\\/dodge-2016-2025-key-programmer\\\/\"]}]},{\"@type\":\"ImageObject\",\"inLanguage\":\"es\",\"@id\":\"https:\\\/\\\/www.key-devices.com\\\/product\\\/dodge-2016-2025-key-programmer\\\/#primaryimage\",\"url\":\"https:\\\/\\\/www.key-devices.com\\\/wp-content\\\/uploads\\\/Dodge-2016-2025-key-programmer.jpg\",\"contentUrl\":\"https:\\\/\\\/www.key-devices.com\\\/wp-content\\\/uploads\\\/Dodge-2016-2025-key-programmer.jpg\",\"width\":1536,\"height\":2048,\"caption\":\"Dodge 2016-2025 key programmer\"},{\"@type\":\"BreadcrumbList\",\"@id\":\"https:\\\/\\\/www.key-devices.com\\\/product\\\/dodge-2016-2025-key-programmer\\\/#breadcrumb\",\"itemListElement\":[{\"@type\":\"ListItem\",\"position\":1,\"name\":\"Home\",\"item\":\"https:\\\/\\\/www.key-devices.com\\\/\"},{\"@type\":\"ListItem\",\"position\":2,\"name\":\"Shop\",\"item\":\"https:\\\/\\\/www.key-devices.com\\\/shop\\\/\"},{\"@type\":\"ListItem\",\"position\":3,\"name\":\"Dodge 2016-2025 key programmer\"}]},{\"@type\":\"WebSite\",\"@id\":\"https:\\\/\\\/www.key-devices.com\\\/#website\",\"url\":\"https:\\\/\\\/www.key-devices.com\\\/\",\"name\":\"KEY DEVICES\",\"description\":\"\",\"publisher\":{\"@id\":\"https:\\\/\\\/www.key-devices.com\\\/#organization\"},\"potentialAction\":[{\"@type\":\"SearchAction\",\"target\":{\"@type\":\"EntryPoint\",\"urlTemplate\":\"https:\\\/\\\/www.key-devices.com\\\/?s={search_term_string}\"},\"query-input\":{\"@type\":\"PropertyValueSpecification\",\"valueRequired\":true,\"valueName\":\"search_term_string\"}}],\"inLanguage\":\"es\"},{\"@type\":[\"Organization\",\"Place\"],\"@id\":\"https:\\\/\\\/www.key-devices.com\\\/#organization\",\"name\":\"Key Devices\",\"url\":\"https:\\\/\\\/www.key-devices.com\\\/\",\"logo\":{\"@id\":\"https:\\\/\\\/www.key-devices.com\\\/product\\\/dodge-2016-2025-key-programmer\\\/#local-main-organization-logo\"},\"image\":{\"@id\":\"https:\\\/\\\/www.key-devices.com\\\/product\\\/dodge-2016-2025-key-programmer\\\/#local-main-organization-logo\"},\"legalName\":\"Key Devices\",\"telephone\":[],\"openingHoursSpecification\":[{\"@type\":\"OpeningHoursSpecification\",\"dayOfWeek\":[\"Monday\",\"Tuesday\",\"Wednesday\",\"Thursday\",\"Friday\",\"Saturday\",\"Sunday\"],\"opens\":\"09:00\",\"closes\":\"17:00\"}]},{\"@type\":\"ImageObject\",\"inLanguage\":\"es\",\"@id\":\"https:\\\/\\\/www.key-devices.com\\\/product\\\/dodge-2016-2025-key-programmer\\\/#local-main-organization-logo\",\"url\":\"https:\\\/\\\/www.key-devices.com\\\/wp-content\\\/uploads\\\/cropped-Key-Devices-Logo-official-.png\",\"contentUrl\":\"https:\\\/\\\/www.key-devices.com\\\/wp-content\\\/uploads\\\/cropped-Key-Devices-Logo-official-.png\",\"width\":512,\"height\":512,\"caption\":\"Key Devices\"}]}<\/script>\n<meta property=\"product:price:currency\" content=\"EUR\" \/>\n<meta property=\"og:availability\" content=\"instock\" \/>\n<meta property=\"product:availability\" content=\"instock\" \/>\n<meta property=\"product:retailer_item_id\" content=\"2794\" \/>\n<meta property=\"product:condition\" content=\"new\" \/>\n<!-- \/ Yoast SEO Premium plugin. -->","yoast_head_json":{"title":"Programador de llaves Dodge 2016-2025 - Llamar al 07.55.98.64.05","description":"Programador de llaves Dodge 2016-2025, este dispositivo est\u00e1 dise\u00f1ado para programar llaves en veh\u00edculos Dodge Ram del 2020 al 2024+ incluso cuando se pierden todas las llaves...","robots":{"index":"index","follow":"follow","max-snippet":"max-snippet:-1","max-image-preview":"max-image-preview:large","max-video-preview":"max-video-preview:-1"},"canonical":"https:\/\/www.key-devices.com\/es\/product\/dodge-2016-2025-key-programmer\/","og_locale":"es_ES","og_type":"article","og_title":"Dodge 2016-2025 key programmer","og_description":"Dodge 2016-2025 key programmer, this device is designed to program keys onDodge Ram vehicles from 2020 to 2024+ even when all the keys are lost...","og_url":"https:\/\/www.key-devices.com\/es\/product\/dodge-2016-2025-key-programmer\/","og_site_name":"KEY DEVICES","article_modified_time":"2025-09-16T08:37:31+00:00","og_image":[{"width":1536,"height":2048,"url":"https:\/\/www.key-devices.com\/wp-content\/uploads\/Dodge-2016-2025-key-programmer.jpg","type":"image\/jpeg"}],"twitter_card":"summary_large_image","twitter_misc":{"Precio":"","Disponibilidad":"Disponible"},"schema":{"@context":"https:\/\/schema.org","@graph":[{"@type":"WebPage","@id":"https:\/\/www.key-devices.com\/product\/dodge-2016-2025-key-programmer\/","url":"https:\/\/www.key-devices.com\/product\/dodge-2016-2025-key-programmer\/","name":"Programador de llaves Dodge 2016-2025 - Llamar al 07.55.98.64.05","isPartOf":{"@id":"https:\/\/www.key-devices.com\/#website"},"primaryImageOfPage":{"@id":"https:\/\/www.key-devices.com\/product\/dodge-2016-2025-key-programmer\/#primaryimage"},"image":{"@id":"https:\/\/www.key-devices.com\/product\/dodge-2016-2025-key-programmer\/#primaryimage"},"thumbnailUrl":"https:\/\/www.key-devices.com\/wp-content\/uploads\/Dodge-2016-2025-key-programmer.jpg","datePublished":"2025-09-16T08:06:43+00:00","dateModified":"2025-09-16T08:37:31+00:00","description":"Programador de llaves Dodge 2016-2025, este dispositivo est\u00e1 dise\u00f1ado para programar llaves en veh\u00edculos Dodge Ram del 2020 al 2024+ incluso cuando se pierden todas las llaves...","breadcrumb":{"@id":"https:\/\/www.key-devices.com\/product\/dodge-2016-2025-key-programmer\/#breadcrumb"},"inLanguage":"es","potentialAction":[{"@type":"ReadAction","target":["https:\/\/www.key-devices.com\/product\/dodge-2016-2025-key-programmer\/"]}]},{"@type":"ImageObject","inLanguage":"es","@id":"https:\/\/www.key-devices.com\/product\/dodge-2016-2025-key-programmer\/#primaryimage","url":"https:\/\/www.key-devices.com\/wp-content\/uploads\/Dodge-2016-2025-key-programmer.jpg","contentUrl":"https:\/\/www.key-devices.com\/wp-content\/uploads\/Dodge-2016-2025-key-programmer.jpg","width":1536,"height":2048,"caption":"Dodge 2016-2025 key programmer"},{"@type":"BreadcrumbList","@id":"https:\/\/www.key-devices.com\/product\/dodge-2016-2025-key-programmer\/#breadcrumb","itemListElement":[{"@type":"ListItem","position":1,"name":"Home","item":"https:\/\/www.key-devices.com\/"},{"@type":"ListItem","position":2,"name":"Shop","item":"https:\/\/www.key-devices.com\/shop\/"},{"@type":"ListItem","position":3,"name":"Dodge 2016-2025 key programmer"}]},{"@type":"WebSite","@id":"https:\/\/www.key-devices.com\/#website","url":"https:\/\/www.key-devices.com\/","name":"DISPOSITIVOS CLAVE","description":"","publisher":{"@id":"https:\/\/www.key-devices.com\/#organization"},"potentialAction":[{"@type":"SearchAction","target":{"@type":"EntryPoint","urlTemplate":"https:\/\/www.key-devices.com\/?s={search_term_string}"},"query-input":{"@type":"PropertyValueSpecification","valueRequired":true,"valueName":"search_term_string"}}],"inLanguage":"es"},{"@type":["Organization","Place"],"@id":"https:\/\/www.key-devices.com\/#organization","name":"Los Dispositivos Principales","url":"https:\/\/www.key-devices.com\/","logo":{"@id":"https:\/\/www.key-devices.com\/product\/dodge-2016-2025-key-programmer\/#local-main-organization-logo"},"image":{"@id":"https:\/\/www.key-devices.com\/product\/dodge-2016-2025-key-programmer\/#local-main-organization-logo"},"legalName":"Key Devices","telephone":[],"openingHoursSpecification":[{"@type":"OpeningHoursSpecification","dayOfWeek":["Monday","Tuesday","Wednesday","Thursday","Friday","Saturday","Sunday"],"opens":"09:00","closes":"17:00"}]},{"@type":"ImageObject","inLanguage":"es","@id":"https:\/\/www.key-devices.com\/product\/dodge-2016-2025-key-programmer\/#local-main-organization-logo","url":"https:\/\/www.key-devices.com\/wp-content\/uploads\/cropped-Key-Devices-Logo-official-.png","contentUrl":"https:\/\/www.key-devices.com\/wp-content\/uploads\/cropped-Key-Devices-Logo-official-.png","width":512,"height":512,"caption":"Key Devices"}]},"product_price_currency":"EUR","og_availability":"instock","product_availability":"instock","product_retailer_item_id":"2794","product_condition":"new"},"jetpack_sharing_enabled":true,"_links":{"self":[{"href":"https:\/\/www.key-devices.com\/es\/wp-json\/wp\/v2\/product\/11292","targetHints":{"allow":["GET"]}}],"collection":[{"href":"https:\/\/www.key-devices.com\/es\/wp-json\/wp\/v2\/product"}],"about":[{"href":"https:\/\/www.key-devices.com\/es\/wp-json\/wp\/v2\/types\/product"}],"replies":[{"embeddable":true,"href":"https:\/\/www.key-devices.com\/es\/wp-json\/wp\/v2\/comments?post=11292"}],"wp:featuredmedia":[{"embeddable":true,"href":"https:\/\/www.key-devices.com\/es\/wp-json\/wp\/v2\/media\/11294"}],"wp:attachment":[{"href":"https:\/\/www.key-devices.com\/es\/wp-json\/wp\/v2\/media?parent=11292"}],"wp:term":[{"taxonomy":"product_brand","embeddable":true,"href":"https:\/\/www.key-devices.com\/es\/wp-json\/wp\/v2\/product_brand?post=11292"},{"taxonomy":"product_cat","embeddable":true,"href":"https:\/\/www.key-devices.com\/es\/wp-json\/wp\/v2\/product_cat?post=11292"},{"taxonomy":"product_tag","embeddable":true,"href":"https:\/\/www.key-devices.com\/es\/wp-json\/wp\/v2\/product_tag?post=11292"},{"taxonomy":"vehicles","embeddable":true,"href":"https:\/\/www.key-devices.com\/es\/wp-json\/wp\/v2\/vehicles?post=11292"}],"curies":[{"name":"wp","href":"https:\/\/api.w.org\/{rel}","templated":true}]}}