{"id":11301,"date":"2025-09-16T10:57:49","date_gmt":"2025-09-16T08:57:49","guid":{"rendered":"https:\/\/www.key-devices.com\/?post_type=product&#038;p=11301"},"modified":"2025-09-16T11:05:24","modified_gmt":"2025-09-16T09:05:24","slug":"keydevice-bmw-f-serie","status":"publish","type":"product","link":"https:\/\/www.key-devices.com\/es\/product\/keydevice-bmw-f-serie\/","title":{"rendered":"Dispositivo de llave BMW Serie F"},"content":{"rendered":"<h1 style=\"text-align: center;\">Dispositivo de llave BMW Serie F<\/h1>\n<p>&nbsp;<\/p>\n<div dir=\"ltr\">BKP2 \u2013 BMW TECLA PROG 2<\/div>\n<div dir=\"ltr\"><\/div>\n<div dir=\"ltr\">Nueva BKP2 independiente programador clave para BMW F-coches de serie equipado con CAS de la ECU con EWS4 (CAS4) y EWS5 (CAS4+) de los sistemas. Los dispositivos de los usos de alta velocidad de la ENET interna de la red para tener acceso a la programaci\u00f3n de la llave. La programaci\u00f3n se lleva a 2 minutos para CAS4 (EWS4) y a 8 minutos para el DME+CAS4 (EWS5).<\/div>\n<div dir=\"ltr\">!!! 9078 de DME firmware de tipos compatibles.<\/div>\n<div dir=\"ltr\"><\/div>\n<div dir=\"ltr\">Lista de veh\u00edculos compatibles (LCI-lifting facial\/cambiar el estilo):<\/div>\n<div dir=\"ltr\"><\/div>\n<ul>\n<li dir=\"ltr\">\u00a05&#039; F07 GT (09\/2008 \u2014 06\/2013)<\/li>\n<li dir=\"ltr\">\u00a05&#039; F07 GT LCI (08\/2012 \u2014 02\/2017)<\/li>\n<li dir=\"ltr\">\u00a05&#039; F10 (01\/2009 \u2014 10\/2016)<\/li>\n<li dir=\"ltr\">\u00a05&#039; F10 LCI (08\/2012 \u2014 10\/2016)<\/li>\n<li dir=\"ltr\">\u00a05&#039; F11 (01\/2009 \u2014 06\/2013) Hatchback<\/li>\n<li dir=\"ltr\">\u00a05&#039; F11 LCI (08\/2012 \u2014 02\/2017)<\/li>\n<li dir=\"ltr\">\u00a05&#039; F18 (08\/2009 \u2014 08\/2013) &#034;de Largo para el mercado Chino&#034;<\/li>\n<li dir=\"ltr\">\u00a05&#039; F18 LCI (10\/2012 \u2014 04\/2017) &#034;de Largo para el mercado Chino&#034;<\/li>\n<li dir=\"ltr\">\u00a06&#039; Gran Coupe F06 (05\/2011 \u2014 03\/2015)<\/li>\n<li dir=\"ltr\">\u00a06&#039; Gran Coupe F06 LCI (05\/2014 \u2014 09\/2018)<\/li>\n<li dir=\"ltr\">6&#039; F12 (10\/2009 \u2014 02\/2015) Convertible<\/li>\n<li dir=\"ltr\">\u00a06&#039; F12 LCI (05\/2014 \u2014 05\/2018)<\/li>\n<li dir=\"ltr\">\u00a06&#039; F13 (03\/2010 \u2014 02\/2015)<\/li>\n<li dir=\"ltr\">\u00a06&#039; F13 LCI (05\/2014 \u2014 10\/2017)<\/li>\n<li dir=\"ltr\">\u00a07&#039; F01 (06\/2007 \u2014 06\/2012)<\/li>\n<li dir=\"ltr\">\u00a07&#039; F01 LCI (05\/2011 \u2014 05\/2015)<\/li>\n<li dir=\"ltr\">\u00a07&#039; F02 (07\/2007 \u2014 06\/2012)<\/li>\n<li dir=\"ltr\">7&#039; F02 LCI (05\/2011 \u2014 05\/2015)<\/li>\n<li dir=\"ltr\">\u00a07&#039; F03 (04\/2008 \u2014 05\/2012)<\/li>\n<li dir=\"ltr\">\u00a07&#039; F03 LCI (01\/2012 \u2014 03\/2015)<\/li>\n<li dir=\"ltr\">\u00a07&#039; F04 H\u00edbrido (10\/2008 \u2014 06\/2012)<\/li>\n<li dir=\"ltr\">\u00a0X3 F25 (06\/2009 \u2014 08\/2017)<\/li>\n<li dir=\"ltr\">\u00a0X4 F26 (05\/2013 \u2014 03\/2018)<\/li>\n<li dir=\"ltr\">\u00a0Rolls-Royce Ghost RR4 (08\/2008 \u2014 11\/2019)<\/li>\n<li dir=\"ltr\">\u00a0Rolls-Royce Wraith RR5 (11\/2012 \u2014 12\/2019)<\/li>\n<li dir=\"ltr\">\u00a0Rolls-Royce Amanecer RR6 (04\/2015 \u2014 11\/2019)<\/li>\n<\/ul>\n<div dir=\"ltr\">Descripci\u00f3n:<\/div>\n<div dir=\"ltr\"><\/div>\n<div dir=\"ltr\">1. Abra la puerta del coche con una llave mec\u00e1nica o Turbodecoder HU100R el Bloqueo de selecci\u00f3n.<\/div>\n<div dir=\"ltr\">2. Conecte el BKP2 programador en el ODB z\u00f3calo de diagn\u00f3stico. El LED ROJO en la<\/div>\n<div dir=\"ltr\">programador se iluminar\u00e1, indicando que no es de 12V voltaje en el conector OBD.<\/div>\n<div dir=\"ltr\">3. BKP2 emitir\u00e1 un sonido de la se\u00f1al que indica que la alta velocidad ENET autob\u00fas de trabajo (puede que tenga que pulsar el bot\u00f3n de INICIO o el pedal de freno para despertar el veh\u00edculo a la red). BKP2<\/div>\n<div dir=\"ltr\">se enciende la ignici\u00f3n y el coche va a ser &#034;despertado&#034;.<\/div>\n<div dir=\"ltr\">4. Si el est\u00e1ndar de la alarma se activa (un LED rojo parpadeante en la parte trasera del espejo retrovisor), pulse<\/div>\n<div dir=\"ltr\">el bot\u00f3n de cierre centralizado para apagarlo.<\/div>\n<div dir=\"ltr\">5. Si CAS4 EWS5 sistema instalado en el coche, pero el dispositivo no es necesario firmwares para<\/div>\n<div dir=\"ltr\">la programaci\u00f3n, usted escuchar\u00e1 el mensaje de voz &#034;de la Unidad de la versi\u00f3n no es compatible&#034;, quiere decir que esta versi\u00f3n de software actualmente no admite la programaci\u00f3n de teclas de funci\u00f3n y ser\u00e1 a\u00f1adido a BKP2 en el siguiente updare<\/div>\n<div dir=\"ltr\">BKP2<\/div>\n<div dir=\"ltr\">6. Si el veh\u00edculo de la versi\u00f3n de software es el soporte, usted escuchar\u00e1 el mensaje &#034;La unidad electr\u00f3nica est\u00e1 siendo programado. Por favor, espere.&#034;, y BKP2 comenzar\u00e1 la programaci\u00f3n de las unidades electr\u00f3nicas a trav\u00e9s de la alta velocidad ENET autob\u00fas. La programaci\u00f3n se lleva a 2 minutos para CAS4 (EWS4) y a 8 minutos para el DME+CAS4 (EWS5).<\/div>\n<div dir=\"ltr\">7. Cuando la programaci\u00f3n de las unidades se ha completado, usted oir\u00e1 un doble pitido pitido y un mensaje de voz, &#034;Guardar la clave de la columna de direcci\u00f3n. Clave de frecuencia xxx MHz. &#034;<\/div>\n<div dir=\"ltr\">8. Hay cinco diferentes versiones de llave \u2013 315 MHz, 315 MHz &#034;de Baja Potencia&#034;, 434 MHz, 434 MHz para el mercado coreano, 868 MHz. S\u00f3lo el correcto tipo de clave puede ser programado en el coche. Como ejemplo, es imposible para el programa de 434MHz clave en un coche equipado con 868MHz claves. Escuche cuidadosamente las instrucciones de la voz de la BKP2.<\/div>\n<div dir=\"ltr\">9. Mantener la tecla correcta por la columna de la direcci\u00f3n en la que la clave reader est\u00e1 instalado. (La imagen con la tecla del logotipo en la columna de la direcci\u00f3n).<\/div>\n<div dir=\"ltr\">10. Si la clave no se ajustan a este coche, usted escuchar\u00e1 un mensaje de por qu\u00e9 raz\u00f3n la clave no encajar. Para el \u00e9xito de la programaci\u00f3n de la llave \u2013 adjuntar la clave correcta.<\/div>\n<div dir=\"ltr\">11. Si la llave encaja, usted escuchar\u00e1 un triple bip-bip-bip de sonido. Contin\u00fae presionando la tecla a la columna de direcci\u00f3n, la tecla de programaci\u00f3n de tiempo es de cinco segundos. Si la clave ha sido programado exitosamente, usted escuchar\u00e1 el mensaje de voz &#034;La clave ha sido programado exitosamente&#034; y un pitido largo \u2013 beeeeeep.<\/div>\n<div dir=\"ltr\"><\/div>\n<div dir=\"ltr\">Informaci\u00f3n importante:<\/div>\n<div dir=\"ltr\"><\/div>\n<div dir=\"ltr\">1. El uso del dispositivo para acciones criminales est\u00e1 prohibido.<\/div>\n<div dir=\"ltr\">2. Siempre la elecci\u00f3n correcta de la clave de uso de VIN. Seleccione siempre genuino claves. Si Keyless opci\u00f3n no<\/div>\n<div dir=\"ltr\">de trabajo despu\u00e9s de la programaci\u00f3n de clave incorrecta frecuencia.<\/div>\n<div dir=\"ltr\">3. Si el CAS y DME ya han sido programados y desbloqueado \u2013 no la reprogramaci\u00f3n<\/div>\n<div dir=\"ltr\">se requiere, BKP2 inmediatamente pasa a la clave de la funci\u00f3n de grabaci\u00f3n.<\/div>\n<div dir=\"ltr\">4. Un total de 8 teclas se pueden programar en CAS4.<\/div>\n<div dir=\"ltr\">5. El dispositivo no eliminar almacena las claves de CAS de la memoria.<\/div>\n<div dir=\"ltr\">6. Programar las teclas no se bloquea y puede ser reutilizado.<\/div>\n<div dir=\"ltr\">7. Si todo gratis clave v\u00edas est\u00e1n bloqueadas como &#034;perdido&#034; \u2013 BKP2 desbloquea la primera pista libre y escribe el<\/div>\n<div dir=\"ltr\">la clave para ello.<\/div>\n<div dir=\"ltr\">8. Si BKP2 dice que &#034;La clave no est\u00e1 escrito&#034;, la clave para un coche no va a ser programado. Un<\/div>\n<div dir=\"ltr\">la causa posible es una bater\u00eda muerta en el coche, que han causado da\u00f1os a la unidad de memoria durante la programaci\u00f3n. Siempre conecte una bater\u00eda adicional o fuente de alimentaci\u00f3n externa para los veh\u00edculos que no se hayan utilizado durante un largo per\u00edodo de tiempo.<\/div>\n<div dir=\"ltr\">9. Si el coche estaba en sinton\u00eda o las opciones extra que fueron removidos o alterados (EGR etc.), dispositivo restaura el firmware original de f\u00e1brica y todos los de la sinton\u00eda opciones se perder\u00e1n.<\/div>\n<div dir=\"ltr\">10. Si el CAS ya ha sido programado con los no-el firmware de fabrica, la programaci\u00f3n puede fallar y el CAS unidad necesita ser restaurado.<\/div>\n<div dir=\"ltr\">11. Nunca quite BKP2 durante la sesi\u00f3n de programaci\u00f3n de alto riesgo de da\u00f1o al veh\u00edculo de ECUs. Si BKP2 fue retirado de OBD antes de la final de la programaci\u00f3n de la CENTRALITA, cuando usted vuelva a conectar el BKP2, se har\u00e1 un intento para restaurar el da\u00f1ado los componentes electr\u00f3nicos del veh\u00edculo a partir de la copia de seguridad. Si BKP2 est\u00e1 conectado a otro coche, los datos de copia de seguridad de que el coche anterior ser\u00e1 eliminado.<\/div>\n<p>&nbsp;<\/p>\n<p>&nbsp;<\/p>\n<p><span style=\"color: #ff0000;\">* NUESTROS DISPOSITIVOS SE VENDEN EXCLUSIVAMENTE PARA USO OFICIAL Y PRIVADO. NO NOS HACEMOS RESPONSABLES DEL USO FRAUDULENTO O ILEGAL DEL EQUIPO QUE SE LE VENDE.<\/span><\/p>","protected":false},"excerpt":{"rendered":"<div dir=\"ltr\">BKP2 \u2013 BMW TECLA PROG 2<\/div>\n<div dir=\"ltr\"><\/div>\n<div dir=\"ltr\">Nueva BKP2 independiente programador clave para BMW F-coches de serie equipado con CAS de la ECU con EWS4 (CAS4) y EWS5 (CAS4+) de los sistemas. Los dispositivos de los usos de alta velocidad de la ENET interna de la red para tener acceso a la programaci\u00f3n de la llave. La programaci\u00f3n se lleva a 2 minutos para CAS4 (EWS4) y a 8 minutos para el DME+CAS4 (EWS5).<\/div>\n<div dir=\"ltr\">!!! 9078 de DME firmware de tipos compatibles.<\/div>\n<div dir=\"ltr\"><\/div>\n<div dir=\"ltr\">Lista de veh\u00edculos compatibles (LCI-lifting facial\/cambiar el estilo):<\/div>\n<div dir=\"ltr\"><\/div>\n<ul>\n<li dir=\"ltr\">\u00a05&#039; F07 GT (09\/2008 \u2014 06\/2013)<\/li>\n<li dir=\"ltr\">\u00a05&#039; F07 GT LCI (08\/2012 \u2014 02\/2017)<\/li>\n<li dir=\"ltr\">\u00a05&#039; F10 (01\/2009 \u2014 10\/2016)<\/li>\n<li dir=\"ltr\">\u00a05&#039; F10 LCI (08\/2012 \u2014 10\/2016)<\/li>\n<li dir=\"ltr\">\u00a05&#039; F11 (01\/2009 \u2014 06\/2013) Hatchback<\/li>\n<li dir=\"ltr\">\u00a05&#039; F11 LCI (08\/2012 \u2014 02\/2017)<\/li>\n<li dir=\"ltr\">\u00a05&#039; F18 (08\/2009 \u2014 08\/2013) &#034;de Largo para el mercado Chino&#034;<\/li>\n<li dir=\"ltr\">\u00a05&#039; F18 LCI (10\/2012 \u2014 04\/2017) &#034;de Largo para el mercado Chino&#034;<\/li>\n<li dir=\"ltr\">\u00a06&#039; Gran Coupe F06 (05\/2011 \u2014 03\/2015)<\/li>\n<li dir=\"ltr\">\u00a06&#039; Gran Coupe F06 LCI (05\/2014 \u2014 09\/2018)<\/li>\n<li dir=\"ltr\">6&#039; F12 (10\/2009 \u2014 02\/2015) Convertible<\/li>\n<li dir=\"ltr\">\u00a06&#039; F12 LCI (05\/2014 \u2014 05\/2018)<\/li>\n<li dir=\"ltr\">\u00a06&#039; F13 (03\/2010 \u2014 02\/2015)<\/li>\n<li dir=\"ltr\">\u00a06&#039; F13 LCI (05\/2014 \u2014 10\/2017)<\/li>\n<li dir=\"ltr\">\u00a07&#039; F01 (06\/2007 \u2014 06\/2012)<\/li>\n<li dir=\"ltr\">\u00a07&#039; F01 LCI (05\/2011 \u2014 05\/2015)<\/li>\n<li dir=\"ltr\">\u00a07&#039; F02 (07\/2007 \u2014 06\/2012)<\/li>\n<li dir=\"ltr\">7&#039; F02 LCI (05\/2011 \u2014 05\/2015)<\/li>\n<li dir=\"ltr\">\u00a07&#039; F03 (04\/2008 \u2014 05\/2012)<\/li>\n<li dir=\"ltr\">\u00a07&#039; F03 LCI (01\/2012 \u2014 03\/2015)<\/li>\n<li dir=\"ltr\">\u00a07&#039; F04 H\u00edbrido (10\/2008 \u2014 06\/2012)<\/li>\n<li dir=\"ltr\">\u00a0X3 F25 (06\/2009 \u2014 08\/2017)<\/li>\n<li dir=\"ltr\">\u00a0X4 F26 (05\/2013 \u2014 03\/2018)<\/li>\n<li dir=\"ltr\">\u00a0Rolls-Royce Ghost RR4 (08\/2008 \u2014 11\/2019)<\/li>\n<li dir=\"ltr\">\u00a0Rolls-Royce Wraith RR5 (11\/2012 \u2014 12\/2019)<\/li>\n<li dir=\"ltr\">\u00a0Rolls-Royce Amanecer RR6 (04\/2015 \u2014 11\/2019)<\/li>\n<\/ul>\n<p>&nbsp;<\/p>","protected":false},"featured_media":11302,"comment_status":"open","ping_status":"closed","template":"","meta":{"_monsterinsights_skip_tracking":false,"_monsterinsights_sitenote_active":false,"_monsterinsights_sitenote_note":"","_monsterinsights_sitenote_category":0},"product_brand":[1171,1238],"product_cat":[516],"product_tag":[1237,1239],"vehicles":[],"class_list":{"0":"post-11301","1":"product","2":"type-product","3":"status-publish","4":"has-post-thumbnail","6":"product_brand-bmw","7":"product_brand-rolls-royce","8":"product_cat-key-programmer","9":"product_tag-alfa-romeo-2016-2025-key-programmer","10":"product_tag-keydevice-bmw-f-serie","12":"first","13":"instock","14":"featured","15":"shipping-taxable","16":"product-type-simple"},"yoast_head":"<!-- This site is optimized with the Yoast SEO Premium plugin v25.5 (Yoast SEO v27.4) - https:\/\/yoast.com\/product\/yoast-seo-premium-wordpress\/ -->\n<title>Keydevice Bmw F Serie - Call : 07.55.98.64.05<\/title>\n<meta name=\"description\" content=\"Keydevice Bmw F Serie, New BKP2 stand-alone key programmer for BMW F-series cars equipped with CAS ECU with EWS4 (CAS4) and EWS5 (CAS4+) systems...\" \/>\n<meta name=\"robots\" content=\"index, follow, max-snippet:-1, max-image-preview:large, max-video-preview:-1\" \/>\n<link rel=\"canonical\" href=\"https:\/\/www.key-devices.com\/es\/product\/keydevice-bmw-f-serie\/\" \/>\n<meta property=\"og:locale\" content=\"es_ES\" \/>\n<meta property=\"og:type\" content=\"article\" \/>\n<meta property=\"og:title\" content=\"Keydevice Bmw F Serie\" \/>\n<meta property=\"og:description\" content=\"Keydevice Bmw F Serie, New BKP2 stand-alone key programmer for BMW F-series cars equipped with CAS ECU with EWS4 (CAS4) and EWS5 (CAS4+) systems...\" \/>\n<meta property=\"og:url\" content=\"https:\/\/www.key-devices.com\/es\/product\/keydevice-bmw-f-serie\/\" \/>\n<meta property=\"og:site_name\" content=\"KEY DEVICES\" \/>\n<meta property=\"article:modified_time\" content=\"2025-09-16T09:05:24+00:00\" \/>\n<meta property=\"og:image\" content=\"https:\/\/www.key-devices.com\/wp-content\/uploads\/Keydevice-Bmw-F-Serie.jpg\" \/>\n\t<meta property=\"og:image:width\" content=\"960\" \/>\n\t<meta property=\"og:image:height\" content=\"1280\" \/>\n\t<meta property=\"og:image:type\" content=\"image\/jpeg\" \/>\n<meta name=\"twitter:card\" content=\"summary_large_image\" \/>\n<meta name=\"twitter:label1\" content=\"Precio\" \/>\n\t<meta name=\"twitter:data1\" content=\"\" \/>\n\t<meta name=\"twitter:label2\" content=\"Disponibilidad\" \/>\n\t<meta name=\"twitter:data2\" content=\"Disponible\" \/>\n<script type=\"application\/ld+json\" class=\"yoast-schema-graph\">{\"@context\":\"https:\\\/\\\/schema.org\",\"@graph\":[{\"@type\":\"WebPage\",\"@id\":\"https:\\\/\\\/www.key-devices.com\\\/product\\\/keydevice-bmw-f-serie\\\/\",\"url\":\"https:\\\/\\\/www.key-devices.com\\\/product\\\/keydevice-bmw-f-serie\\\/\",\"name\":\"Keydevice Bmw F Serie - Call : 07.55.98.64.05\",\"isPartOf\":{\"@id\":\"https:\\\/\\\/www.key-devices.com\\\/#website\"},\"primaryImageOfPage\":{\"@id\":\"https:\\\/\\\/www.key-devices.com\\\/product\\\/keydevice-bmw-f-serie\\\/#primaryimage\"},\"image\":{\"@id\":\"https:\\\/\\\/www.key-devices.com\\\/product\\\/keydevice-bmw-f-serie\\\/#primaryimage\"},\"thumbnailUrl\":\"https:\\\/\\\/www.key-devices.com\\\/wp-content\\\/uploads\\\/Keydevice-Bmw-F-Serie.jpg\",\"datePublished\":\"2025-09-16T08:57:49+00:00\",\"dateModified\":\"2025-09-16T09:05:24+00:00\",\"description\":\"Keydevice Bmw F Serie, New BKP2 stand-alone key programmer for BMW F-series cars equipped with CAS ECU with EWS4 (CAS4) and EWS5 (CAS4+) systems...\",\"breadcrumb\":{\"@id\":\"https:\\\/\\\/www.key-devices.com\\\/product\\\/keydevice-bmw-f-serie\\\/#breadcrumb\"},\"inLanguage\":\"es\",\"potentialAction\":[{\"@type\":\"ReadAction\",\"target\":[\"https:\\\/\\\/www.key-devices.com\\\/product\\\/keydevice-bmw-f-serie\\\/\"]}]},{\"@type\":\"ImageObject\",\"inLanguage\":\"es\",\"@id\":\"https:\\\/\\\/www.key-devices.com\\\/product\\\/keydevice-bmw-f-serie\\\/#primaryimage\",\"url\":\"https:\\\/\\\/www.key-devices.com\\\/wp-content\\\/uploads\\\/Keydevice-Bmw-F-Serie.jpg\",\"contentUrl\":\"https:\\\/\\\/www.key-devices.com\\\/wp-content\\\/uploads\\\/Keydevice-Bmw-F-Serie.jpg\",\"width\":960,\"height\":1280,\"caption\":\"Keydevice Bmw F Serie\"},{\"@type\":\"BreadcrumbList\",\"@id\":\"https:\\\/\\\/www.key-devices.com\\\/product\\\/keydevice-bmw-f-serie\\\/#breadcrumb\",\"itemListElement\":[{\"@type\":\"ListItem\",\"position\":1,\"name\":\"Home\",\"item\":\"https:\\\/\\\/www.key-devices.com\\\/\"},{\"@type\":\"ListItem\",\"position\":2,\"name\":\"Shop\",\"item\":\"https:\\\/\\\/www.key-devices.com\\\/shop\\\/\"},{\"@type\":\"ListItem\",\"position\":3,\"name\":\"Keydevice Bmw F Serie\"}]},{\"@type\":\"WebSite\",\"@id\":\"https:\\\/\\\/www.key-devices.com\\\/#website\",\"url\":\"https:\\\/\\\/www.key-devices.com\\\/\",\"name\":\"KEY DEVICES\",\"description\":\"\",\"publisher\":{\"@id\":\"https:\\\/\\\/www.key-devices.com\\\/#organization\"},\"potentialAction\":[{\"@type\":\"SearchAction\",\"target\":{\"@type\":\"EntryPoint\",\"urlTemplate\":\"https:\\\/\\\/www.key-devices.com\\\/?s={search_term_string}\"},\"query-input\":{\"@type\":\"PropertyValueSpecification\",\"valueRequired\":true,\"valueName\":\"search_term_string\"}}],\"inLanguage\":\"es\"},{\"@type\":[\"Organization\",\"Place\"],\"@id\":\"https:\\\/\\\/www.key-devices.com\\\/#organization\",\"name\":\"Key Devices\",\"url\":\"https:\\\/\\\/www.key-devices.com\\\/\",\"logo\":{\"@id\":\"https:\\\/\\\/www.key-devices.com\\\/product\\\/keydevice-bmw-f-serie\\\/#local-main-organization-logo\"},\"image\":{\"@id\":\"https:\\\/\\\/www.key-devices.com\\\/product\\\/keydevice-bmw-f-serie\\\/#local-main-organization-logo\"},\"legalName\":\"Key Devices\",\"telephone\":[],\"openingHoursSpecification\":[{\"@type\":\"OpeningHoursSpecification\",\"dayOfWeek\":[\"Monday\",\"Tuesday\",\"Wednesday\",\"Thursday\",\"Friday\",\"Saturday\",\"Sunday\"],\"opens\":\"09:00\",\"closes\":\"17:00\"}]},{\"@type\":\"ImageObject\",\"inLanguage\":\"es\",\"@id\":\"https:\\\/\\\/www.key-devices.com\\\/product\\\/keydevice-bmw-f-serie\\\/#local-main-organization-logo\",\"url\":\"https:\\\/\\\/www.key-devices.com\\\/wp-content\\\/uploads\\\/cropped-Key-Devices-Logo-official-.png\",\"contentUrl\":\"https:\\\/\\\/www.key-devices.com\\\/wp-content\\\/uploads\\\/cropped-Key-Devices-Logo-official-.png\",\"width\":512,\"height\":512,\"caption\":\"Key Devices\"}]}<\/script>\n<meta property=\"product:price:currency\" content=\"EUR\" \/>\n<meta property=\"og:availability\" content=\"instock\" \/>\n<meta property=\"product:availability\" content=\"instock\" \/>\n<meta property=\"product:retailer_item_id\" content=\"2795-1-1\" \/>\n<meta property=\"product:condition\" content=\"new\" \/>\n<!-- \/ Yoast SEO Premium plugin. -->","yoast_head_json":{"title":"Keydevice Bmw F Serie Llamada : 07.55.98.64.05","description":"Keydevice Bmw F Serie, la Nueva BKP2 independiente programador clave para BMW F-coches de serie equipado con CAS de la ECU con EWS4 (CAS4) y EWS5 (CAS4+) sistemas de...","robots":{"index":"index","follow":"follow","max-snippet":"max-snippet:-1","max-image-preview":"max-image-preview:large","max-video-preview":"max-video-preview:-1"},"canonical":"https:\/\/www.key-devices.com\/es\/product\/keydevice-bmw-f-serie\/","og_locale":"es_ES","og_type":"article","og_title":"Keydevice Bmw F Serie","og_description":"Keydevice Bmw F Serie, New BKP2 stand-alone key programmer for BMW F-series cars equipped with CAS ECU with EWS4 (CAS4) and EWS5 (CAS4+) systems...","og_url":"https:\/\/www.key-devices.com\/es\/product\/keydevice-bmw-f-serie\/","og_site_name":"KEY DEVICES","article_modified_time":"2025-09-16T09:05:24+00:00","og_image":[{"width":960,"height":1280,"url":"https:\/\/www.key-devices.com\/wp-content\/uploads\/Keydevice-Bmw-F-Serie.jpg","type":"image\/jpeg"}],"twitter_card":"summary_large_image","twitter_misc":{"Precio":"","Disponibilidad":"Disponible"},"schema":{"@context":"https:\/\/schema.org","@graph":[{"@type":"WebPage","@id":"https:\/\/www.key-devices.com\/product\/keydevice-bmw-f-serie\/","url":"https:\/\/www.key-devices.com\/product\/keydevice-bmw-f-serie\/","name":"Keydevice Bmw F Serie Llamada : 07.55.98.64.05","isPartOf":{"@id":"https:\/\/www.key-devices.com\/#website"},"primaryImageOfPage":{"@id":"https:\/\/www.key-devices.com\/product\/keydevice-bmw-f-serie\/#primaryimage"},"image":{"@id":"https:\/\/www.key-devices.com\/product\/keydevice-bmw-f-serie\/#primaryimage"},"thumbnailUrl":"https:\/\/www.key-devices.com\/wp-content\/uploads\/Keydevice-Bmw-F-Serie.jpg","datePublished":"2025-09-16T08:57:49+00:00","dateModified":"2025-09-16T09:05:24+00:00","description":"Keydevice Bmw F Serie, la Nueva BKP2 independiente programador clave para BMW F-coches de serie equipado con CAS de la ECU con EWS4 (CAS4) y EWS5 (CAS4+) sistemas de...","breadcrumb":{"@id":"https:\/\/www.key-devices.com\/product\/keydevice-bmw-f-serie\/#breadcrumb"},"inLanguage":"es","potentialAction":[{"@type":"ReadAction","target":["https:\/\/www.key-devices.com\/product\/keydevice-bmw-f-serie\/"]}]},{"@type":"ImageObject","inLanguage":"es","@id":"https:\/\/www.key-devices.com\/product\/keydevice-bmw-f-serie\/#primaryimage","url":"https:\/\/www.key-devices.com\/wp-content\/uploads\/Keydevice-Bmw-F-Serie.jpg","contentUrl":"https:\/\/www.key-devices.com\/wp-content\/uploads\/Keydevice-Bmw-F-Serie.jpg","width":960,"height":1280,"caption":"Keydevice Bmw F Serie"},{"@type":"BreadcrumbList","@id":"https:\/\/www.key-devices.com\/product\/keydevice-bmw-f-serie\/#breadcrumb","itemListElement":[{"@type":"ListItem","position":1,"name":"Home","item":"https:\/\/www.key-devices.com\/"},{"@type":"ListItem","position":2,"name":"Shop","item":"https:\/\/www.key-devices.com\/shop\/"},{"@type":"ListItem","position":3,"name":"Keydevice Bmw F Serie"}]},{"@type":"WebSite","@id":"https:\/\/www.key-devices.com\/#website","url":"https:\/\/www.key-devices.com\/","name":"DISPOSITIVOS CLAVE","description":"","publisher":{"@id":"https:\/\/www.key-devices.com\/#organization"},"potentialAction":[{"@type":"SearchAction","target":{"@type":"EntryPoint","urlTemplate":"https:\/\/www.key-devices.com\/?s={search_term_string}"},"query-input":{"@type":"PropertyValueSpecification","valueRequired":true,"valueName":"search_term_string"}}],"inLanguage":"es"},{"@type":["Organization","Place"],"@id":"https:\/\/www.key-devices.com\/#organization","name":"Los Dispositivos Principales","url":"https:\/\/www.key-devices.com\/","logo":{"@id":"https:\/\/www.key-devices.com\/product\/keydevice-bmw-f-serie\/#local-main-organization-logo"},"image":{"@id":"https:\/\/www.key-devices.com\/product\/keydevice-bmw-f-serie\/#local-main-organization-logo"},"legalName":"Key Devices","telephone":[],"openingHoursSpecification":[{"@type":"OpeningHoursSpecification","dayOfWeek":["Monday","Tuesday","Wednesday","Thursday","Friday","Saturday","Sunday"],"opens":"09:00","closes":"17:00"}]},{"@type":"ImageObject","inLanguage":"es","@id":"https:\/\/www.key-devices.com\/product\/keydevice-bmw-f-serie\/#local-main-organization-logo","url":"https:\/\/www.key-devices.com\/wp-content\/uploads\/cropped-Key-Devices-Logo-official-.png","contentUrl":"https:\/\/www.key-devices.com\/wp-content\/uploads\/cropped-Key-Devices-Logo-official-.png","width":512,"height":512,"caption":"Key Devices"}]},"product_price_currency":"EUR","og_availability":"instock","product_availability":"instock","product_retailer_item_id":"2795-1-1","product_condition":"new"},"jetpack_sharing_enabled":true,"_links":{"self":[{"href":"https:\/\/www.key-devices.com\/es\/wp-json\/wp\/v2\/product\/11301","targetHints":{"allow":["GET"]}}],"collection":[{"href":"https:\/\/www.key-devices.com\/es\/wp-json\/wp\/v2\/product"}],"about":[{"href":"https:\/\/www.key-devices.com\/es\/wp-json\/wp\/v2\/types\/product"}],"replies":[{"embeddable":true,"href":"https:\/\/www.key-devices.com\/es\/wp-json\/wp\/v2\/comments?post=11301"}],"wp:featuredmedia":[{"embeddable":true,"href":"https:\/\/www.key-devices.com\/es\/wp-json\/wp\/v2\/media\/11302"}],"wp:attachment":[{"href":"https:\/\/www.key-devices.com\/es\/wp-json\/wp\/v2\/media?parent=11301"}],"wp:term":[{"taxonomy":"product_brand","embeddable":true,"href":"https:\/\/www.key-devices.com\/es\/wp-json\/wp\/v2\/product_brand?post=11301"},{"taxonomy":"product_cat","embeddable":true,"href":"https:\/\/www.key-devices.com\/es\/wp-json\/wp\/v2\/product_cat?post=11301"},{"taxonomy":"product_tag","embeddable":true,"href":"https:\/\/www.key-devices.com\/es\/wp-json\/wp\/v2\/product_tag?post=11301"},{"taxonomy":"vehicles","embeddable":true,"href":"https:\/\/www.key-devices.com\/es\/wp-json\/wp\/v2\/vehicles?post=11301"}],"curies":[{"name":"wp","href":"https:\/\/api.w.org\/{rel}","templated":true}]}}