{"id":40,"date":"2023-03-31T07:33:32","date_gmt":"2023-03-31T07:33:32","guid":{"rendered":"https:\/\/www.key-devices.com\/?page_id=40"},"modified":"2025-09-09T13:00:00","modified_gmt":"2025-09-09T11:00:00","slug":"contact-us","status":"publish","type":"page","link":"https:\/\/www.key-devices.com\/it\/contact-us\/","title":{"rendered":"Contattaci"},"content":{"rendered":"<div data-elementor-type=\"wp-page\" data-elementor-id=\"40\" class=\"elementor elementor-40\" data-elementor-post-type=\"page\">\n\t\t\t\t<div class=\"elementor-element elementor-element-23bc197 e-flex e-con-boxed e-con e-parent\" data-id=\"23bc197\" data-element_type=\"container\" data-e-type=\"container\">\n\t\t\t\t\t<div class=\"e-con-inner\">\n\t\t\t\t<div class=\"elementor-element elementor-element-19f943c elementor-widget elementor-widget-et_breadcrumbs\" data-id=\"19f943c\" data-element_type=\"widget\" data-e-type=\"widget\" data-widget_type=\"et_breadcrumbs.default\">\n\t\t\t\t<div class=\"elementor-widget-container\">\n\t\t\t\t\t<div class=\"et-breadcrumbs\"><\/div>\t\t\t\t<\/div>\n\t\t\t\t<\/div>\n\t\t\t\t\t<\/div>\n\t\t\t\t<\/div>\n\t\t<div class=\"elementor-element elementor-element-c1cb599 e-flex e-con-boxed e-con e-parent\" data-id=\"c1cb599\" data-element_type=\"container\" data-e-type=\"container\">\n\t\t\t\t\t<div class=\"e-con-inner\">\n\t\t\t\t<div class=\"elementor-element elementor-element-f7fb8e6 overflow-hidden elementor-widget elementor-widget-google_maps\" data-id=\"f7fb8e6\" data-element_type=\"widget\" data-e-type=\"widget\" data-widget_type=\"google_maps.default\">\n\t\t\t\t<div class=\"elementor-widget-container\">\n\t\t\t\t\t\t\t<div class=\"elementor-custom-embed\">\n\t\t\t<iframe loading=\"lazy\"\n\t\t\t\t\tsrc=\"https:\/\/maps.google.com\/maps?q=%20Rue%20de%20la%20loi%2C%20Brussels%2C%20Belgique&#038;t=m&#038;z=14&#038;output=embed&#038;iwloc=near\"\n\t\t\t\t\ttitle=\" Rue de la loi, Bruxelles, Belgio\"\n\t\t\t\t\taria-label=\" Rue de la loi, Bruxelles, Belgio\"\n\t\t\t><\/iframe>\n\t\t<\/div>\n\t\t\t\t\t\t<\/div>\n\t\t\t\t<\/div>\n\t\t\t\t\t<\/div>\n\t\t\t\t<\/div>\n\t\t<div class=\"elementor-element elementor-element-8eb2276 e-flex e-con-boxed e-con e-parent\" data-id=\"8eb2276\" data-element_type=\"container\" data-e-type=\"container\">\n\t\t\t\t\t<div class=\"e-con-inner\">\n\t\t<div class=\"elementor-element elementor-element-9fe2949 e-con-full e-flex e-con e-child\" data-id=\"9fe2949\" data-element_type=\"container\" data-e-type=\"container\" data-settings=\"{&quot;background_background&quot;:&quot;classic&quot;}\">\n\t\t\t\t<div class=\"elementor-element elementor-element-a9ab5fa elementor-widget elementor-widget-et_heading\" data-id=\"a9ab5fa\" data-element_type=\"widget\" data-e-type=\"widget\" data-widget_type=\"et_heading.default\">\n\t\t\t\t<div class=\"elementor-widget-container\">\n\t\t\t\t\t<h4 class=\"et-heading\" data-delay=\"0\"><span class=\"text-wrapper\"><span class=\"text\"><span >Contattaci<\/span><\/span><\/span><\/h4>\t\t\t\t<\/div>\n\t\t\t\t<\/div>\n\t\t\t\t<div class=\"elementor-element elementor-element-6af4fa1 elementor-widget elementor-widget-et_text\" data-id=\"6af4fa1\" data-element_type=\"widget\" data-e-type=\"widget\" data-widget_type=\"et_text.default\">\n\t\t\t\t<div class=\"elementor-widget-container\">\n\t\t\t\t\t<div class=\"et-text\"><p>Per noi \u00e8 importante per garantire il miglior servizio. \u00c8 per questo che uno-a-uno di sostegno \u00e8 una grande parte dei principali Dispositivi della societ\u00e0. Contattaci per telefono o email per ottenere assistenza dal nostro personale qualificato.<\/p><p>Servizi al cliente orario di lavoro per gli stati UNITI<br \/>Luned\u00ec - venerd\u00ec 9:00am - 5:00pm<br \/>Sabato 9:00am - 1:00pm<br \/>Domenica non lavoro<\/p><\/div>\t\t\t\t<\/div>\n\t\t\t\t<\/div>\n\t\t<div class=\"elementor-element elementor-element-f725313 e-con-full e-flex e-con e-child\" data-id=\"f725313\" data-element_type=\"container\" data-e-type=\"container\">\n\t\t\t\t<div class=\"elementor-element elementor-element-cde1e2c e-transform elementor-widget elementor-widget-et_icon_box\" data-id=\"cde1e2c\" data-element_type=\"widget\" data-e-type=\"widget\" data-settings=\"{&quot;_transform_translateY_effect&quot;:{&quot;unit&quot;:&quot;px&quot;,&quot;size&quot;:2,&quot;sizes&quot;:[]},&quot;_transform_translateX_effect&quot;:{&quot;unit&quot;:&quot;px&quot;,&quot;size&quot;:&quot;&quot;,&quot;sizes&quot;:[]},&quot;_transform_translateX_effect_laptop&quot;:{&quot;unit&quot;:&quot;px&quot;,&quot;size&quot;:&quot;&quot;,&quot;sizes&quot;:[]},&quot;_transform_translateX_effect_tablet_extra&quot;:{&quot;unit&quot;:&quot;px&quot;,&quot;size&quot;:&quot;&quot;,&quot;sizes&quot;:[]},&quot;_transform_translateX_effect_tablet&quot;:{&quot;unit&quot;:&quot;px&quot;,&quot;size&quot;:&quot;&quot;,&quot;sizes&quot;:[]},&quot;_transform_translateX_effect_mobile&quot;:{&quot;unit&quot;:&quot;px&quot;,&quot;size&quot;:&quot;&quot;,&quot;sizes&quot;:[]},&quot;_transform_translateY_effect_laptop&quot;:{&quot;unit&quot;:&quot;px&quot;,&quot;size&quot;:&quot;&quot;,&quot;sizes&quot;:[]},&quot;_transform_translateY_effect_tablet_extra&quot;:{&quot;unit&quot;:&quot;px&quot;,&quot;size&quot;:&quot;&quot;,&quot;sizes&quot;:[]},&quot;_transform_translateY_effect_tablet&quot;:{&quot;unit&quot;:&quot;px&quot;,&quot;size&quot;:&quot;&quot;,&quot;sizes&quot;:[]},&quot;_transform_translateY_effect_mobile&quot;:{&quot;unit&quot;:&quot;px&quot;,&quot;size&quot;:&quot;&quot;,&quot;sizes&quot;:[]}}\" data-widget_type=\"et_icon_box.default\">\n\t\t\t\t<div class=\"elementor-widget-container\">\n\t\t\t\t\t<div class=\"et-icon-box hide-default-false hide-sticky-false icon-position-left icon-position-tablet-left icon-position-mobile-inherit icon-alignment-left icon-alignment-tablet-inherit icon-alignment-mobile-inherit icon-vertical-alignment-center icon-vertical-alignment-tablet-inherit margin-small with-content\" ><a href=\"tel:+33655986405\"><div class=\"icon\"><\/div><div class=\"icon-box-content-wrap\"><h6 class=\"icon-box-title\">+33 6 55 98 64 05<\/h6><div class=\"icon-box-content\"><p><span style=\"line-height: 1em; display: inline-block; top: -4px; position: relative;\">Chiamaci tra 9 am alle 5 pm<\/span><\/p><\/div><\/div><\/a><\/div>\t\t\t\t<\/div>\n\t\t\t\t<\/div>\n\t\t\t\t<div class=\"elementor-element elementor-element-e0a2adf e-transform elementor-widget elementor-widget-et_icon_box\" data-id=\"e0a2adf\" data-element_type=\"widget\" data-e-type=\"widget\" data-settings=\"{&quot;_transform_translateY_effect&quot;:{&quot;unit&quot;:&quot;px&quot;,&quot;size&quot;:2,&quot;sizes&quot;:[]},&quot;_transform_translateX_effect&quot;:{&quot;unit&quot;:&quot;px&quot;,&quot;size&quot;:&quot;&quot;,&quot;sizes&quot;:[]},&quot;_transform_translateX_effect_laptop&quot;:{&quot;unit&quot;:&quot;px&quot;,&quot;size&quot;:&quot;&quot;,&quot;sizes&quot;:[]},&quot;_transform_translateX_effect_tablet_extra&quot;:{&quot;unit&quot;:&quot;px&quot;,&quot;size&quot;:&quot;&quot;,&quot;sizes&quot;:[]},&quot;_transform_translateX_effect_tablet&quot;:{&quot;unit&quot;:&quot;px&quot;,&quot;size&quot;:&quot;&quot;,&quot;sizes&quot;:[]},&quot;_transform_translateX_effect_mobile&quot;:{&quot;unit&quot;:&quot;px&quot;,&quot;size&quot;:&quot;&quot;,&quot;sizes&quot;:[]},&quot;_transform_translateY_effect_laptop&quot;:{&quot;unit&quot;:&quot;px&quot;,&quot;size&quot;:&quot;&quot;,&quot;sizes&quot;:[]},&quot;_transform_translateY_effect_tablet_extra&quot;:{&quot;unit&quot;:&quot;px&quot;,&quot;size&quot;:&quot;&quot;,&quot;sizes&quot;:[]},&quot;_transform_translateY_effect_tablet&quot;:{&quot;unit&quot;:&quot;px&quot;,&quot;size&quot;:&quot;&quot;,&quot;sizes&quot;:[]},&quot;_transform_translateY_effect_mobile&quot;:{&quot;unit&quot;:&quot;px&quot;,&quot;size&quot;:&quot;&quot;,&quot;sizes&quot;:[]}}\" data-widget_type=\"et_icon_box.default\">\n\t\t\t\t<div class=\"elementor-widget-container\">\n\t\t\t\t\t<div class=\"et-icon-box hide-default-false hide-sticky-false icon-position-left icon-position-tablet-left icon-position-mobile-inherit icon-alignment-left icon-alignment-tablet-inherit icon-alignment-mobile-inherit icon-vertical-alignment-center icon-vertical-alignment-tablet-inherit margin-small with-content\" ><a href=\"https:\/\/m.me\/enovathemes\"><div class=\"icon\"><\/div><div class=\"icon-box-content-wrap\"><h6 class=\"icon-box-title\">Chat dal vivo \/<\/h6><div class=\"icon-box-content\"><p><span style=\"line-height: 1em; display: inline-block; top: -4px; position: relative;\">Chatta con un esperto su Telegram<\/span><\/p><\/div><\/div><\/a><\/div>\t\t\t\t<\/div>\n\t\t\t\t<\/div>\n\t\t\t\t<\/div>\n\t\t\t\t<\/div>\n\t\t<div class=\"elementor-element elementor-element-4ea050b e-con-full e-flex e-con e-child\" data-id=\"4ea050b\" data-element_type=\"container\" data-e-type=\"container\">\n\t\t\t\t<div class=\"elementor-element elementor-element-4ab61c4 elementor-widget elementor-widget-et_accordion\" data-id=\"4ab61c4\" data-element_type=\"widget\" data-e-type=\"widget\" data-widget_type=\"et_accordion.default\">\n\t\t\t\t<div class=\"elementor-widget-container\">\n\t\t\t\t\t<div class=\"et-accordion collapsible-true\"><div class=\"accordion-title active elementor-repeater-item-2839da5\"><span class=\"accordion-icon\"><\/span>Ho messo un ordine gi\u00e0<\/div><div class=\"accordion-content active\"><p>\n<div class=\"wpcf7 no-js\" id=\"wpcf7-f9364-o1\" lang=\"en-US\" dir=\"ltr\" data-wpcf7-id=\"9364\">\n<div class=\"screen-reader-response\"><p role=\"status\" aria-live=\"polite\" aria-atomic=\"true\"><\/p> <ul><\/ul><\/div>\n<form action=\"\/it\/wp-json\/wp\/v2\/pages\/40#wpcf7-f9364-o1\" method=\"post\" class=\"wpcf7-form init\" aria-label=\"Contact form\" novalidate=\"novalidate\" data-status=\"init\" data-trp-original-action=\"\/it\/wp-json\/wp\/v2\/pages\/40#wpcf7-f9364-o1\">\n<fieldset class=\"hidden-fields-container\"><input type=\"hidden\" name=\"_wpcf7\" value=\"9364\" \/><input type=\"hidden\" name=\"_wpcf7_version\" value=\"6.1.2\" \/><input type=\"hidden\" name=\"_wpcf7_locale\" value=\"en_US\" \/><input type=\"hidden\" name=\"_wpcf7_unit_tag\" value=\"wpcf7-f9364-o1\" \/><input type=\"hidden\" name=\"_wpcf7_container_post\" value=\"0\" \/><input type=\"hidden\" name=\"_wpcf7_posted_data_hash\" value=\"\" \/>\n<\/fieldset>\n<div class=\"col-50\">\n\t<p><label>Immettere il numero del vostro ordine (per esempio, 7916699)<span class=\"wpcf7-form-control-wrap\" data-name=\"your-order-num\"><input size=\"40\" maxlength=\"400\" class=\"wpcf7-form-control wpcf7-text wpcf7-validates-as-required\" aria-required=\"true\" aria-invalid=\"false\" value=\"\" type=\"text\" name=\"your-order-num\" \/><\/span><\/label><label>Inserisci il tuo numero di telefono<span class=\"wpcf7-form-control-wrap\" data-name=\"your-tel\"><input size=\"40\" maxlength=\"400\" class=\"wpcf7-form-control wpcf7-tel wpcf7-validates-as-required wpcf7-text wpcf7-validates-as-tel\" aria-required=\"true\" aria-invalid=\"false\" value=\"\" type=\"tel\" name=\"your-tel\" \/><\/span><\/label>\n\t<\/p>\n<\/div>\n<div class=\"col-50\">\n\t<p><label>La tua e-mail<span class=\"wpcf7-form-control-wrap\" data-name=\"your-email\"><input size=\"40\" maxlength=\"400\" class=\"wpcf7-form-control wpcf7-email wpcf7-validates-as-required wpcf7-text wpcf7-validates-as-email\" autocomplete=\"email\" aria-required=\"true\" aria-invalid=\"false\" value=\"\" type=\"email\" name=\"your-email\" \/><\/span><\/label><label>Motivo per cui stai contattando:<span class=\"wpcf7-form-control-wrap\" data-name=\"your-reason\"><select class=\"wpcf7-form-control wpcf7-select wpcf7-validates-as-required\" aria-required=\"true\" aria-invalid=\"false\" name=\"your-reason\"><option value=\"\">&#8212;Please choose an option&#8212;<\/option><option value=\"Edit my order\">Modificare il mio ordine<\/option><option value=\"I can&#039;t log in\">Io non riesco ad accedere<\/option><option value=\"Questions about payment\">Domande sul pagamento<\/option><option value=\"Questions about delivery\">Domande circa i tempi di consegna<\/option><option value=\"Questions about bonus points\">Domande su punti bonus<\/option><option value=\"I&#039;d like to make a return\">Mi piacerebbe fare un ritorno<\/option><\/select><\/span><\/label>\n\t<\/p>\n<\/div>\n<p><label>Si prega di descrivere brevemente il problema<span class=\"wpcf7-form-control-wrap\" data-name=\"your-message\"><textarea cols=\"40\" rows=\"10\" maxlength=\"2000\" class=\"wpcf7-form-control wpcf7-textarea\" aria-invalid=\"false\" name=\"your-message\"><\/textarea><\/span><\/label><input class=\"wpcf7-form-control wpcf7-submit has-spinner\" type=\"submit\" value=\"Invia messaggio\" \/>\n<\/p><div class=\"wpcf7-response-output\" aria-hidden=\"true\"><\/div>\n<input type=\"hidden\" name=\"trp-form-language\" value=\"it\"\/><\/form>\n<\/div>\n<\/p><\/div><div class=\"accordion-title  elementor-repeater-item-7d2f403\"><span class=\"accordion-icon\"><\/span>Non ho fatto un ordine di sicurezza<\/div><div class=\"accordion-content\"><p>\n<div class=\"wpcf7 no-js\" id=\"wpcf7-f9374-o2\" lang=\"en-US\" dir=\"ltr\" data-wpcf7-id=\"9374\">\n<div class=\"screen-reader-response\"><p role=\"status\" aria-live=\"polite\" aria-atomic=\"true\"><\/p> <ul><\/ul><\/div>\n<form action=\"\/it\/wp-json\/wp\/v2\/pages\/40#wpcf7-f9374-o2\" method=\"post\" class=\"wpcf7-form init\" aria-label=\"Contact form\" novalidate=\"novalidate\" data-status=\"init\" data-trp-original-action=\"\/it\/wp-json\/wp\/v2\/pages\/40#wpcf7-f9374-o2\">\n<fieldset class=\"hidden-fields-container\"><input type=\"hidden\" name=\"_wpcf7\" value=\"9374\" \/><input type=\"hidden\" name=\"_wpcf7_version\" value=\"6.1.2\" \/><input type=\"hidden\" name=\"_wpcf7_locale\" value=\"en_US\" \/><input type=\"hidden\" name=\"_wpcf7_unit_tag\" value=\"wpcf7-f9374-o2\" \/><input type=\"hidden\" name=\"_wpcf7_container_post\" value=\"0\" \/><input type=\"hidden\" name=\"_wpcf7_posted_data_hash\" value=\"\" \/>\n<\/fieldset>\n<div class=\"col-50\">\n\t<p><label>Inserisci il tuo nome<span class=\"wpcf7-form-control-wrap\" data-name=\"your-name\"><input size=\"40\" maxlength=\"400\" class=\"wpcf7-form-control wpcf7-text wpcf7-validates-as-required\" autocomplete=\"name\" aria-required=\"true\" aria-invalid=\"false\" value=\"\" type=\"text\" name=\"your-name\" \/><\/span><\/label><label>La tua e-mail<span class=\"wpcf7-form-control-wrap\" data-name=\"your-email\"><input size=\"40\" maxlength=\"400\" class=\"wpcf7-form-control wpcf7-email wpcf7-validates-as-required wpcf7-text wpcf7-validates-as-email\" autocomplete=\"email\" aria-required=\"true\" aria-invalid=\"false\" value=\"\" type=\"email\" name=\"your-email\" \/><\/span><\/label>\n\t<\/p>\n<\/div>\n<div class=\"col-50\">\n\t<p><label>Inserisci il tuo VIN cos\u00ec siamo in grado di elaborare la query pi\u00f9 veloci<span class=\"wpcf7-form-control-wrap\" data-name=\"your-vin\"><input size=\"40\" maxlength=\"400\" class=\"wpcf7-form-control wpcf7-text\" aria-invalid=\"false\" value=\"\" type=\"text\" name=\"your-vin\" \/><\/span><\/label><label>Motivo per cui stai contattando:<span class=\"wpcf7-form-control-wrap\" data-name=\"your-reason\"><select class=\"wpcf7-form-control wpcf7-select wpcf7-validates-as-required\" aria-required=\"true\" aria-invalid=\"false\" name=\"your-reason\"><option value=\"\">&#8212;Please choose an option&#8212;<\/option><option value=\"Will the spare part I selected fit my car?\">Sar\u00e0 il pezzo di ricambio che ho selezionato adatti alla mia auto?<\/option><option value=\"Check availability\">Controlla la disponibilit\u00e0<\/option><option value=\"Find out more about this spare part\">Saperne di pi\u00f9 su questo pezzo di ricambio<\/option><option value=\"Ordering assistance\">Ordine di assistenza<\/option><option value=\"Terms of payment\">Termini di pagamento<\/option><option value=\"Questions about delivery\">Domande circa i tempi di consegna<\/option><option value=\"Corporate orders\">Corporate ordini<\/option><option value=\"Report an error on this website\">Segnalare un errore su questo sito<\/option><option value=\"I can&#039;t log in\">Io non riesco ad accedere<\/option><option value=\"Find the right spare part for my car\">Trovare la giusta parte di ricambio per la mia auto<\/option><option value=\"\u039fther reason\">Altro motivo<\/option><\/select><\/span><\/label>\n\t<\/p>\n<\/div>\n<p><label>Inserisci il numero di articolo della parte che si desidera verificare la compatibilit\u00e0.<span class=\"wpcf7-form-control-wrap\" data-name=\"your-sku\"><input size=\"40\" maxlength=\"400\" class=\"wpcf7-form-control wpcf7-text wpcf7-validates-as-required\" aria-required=\"true\" aria-invalid=\"false\" value=\"\" type=\"text\" name=\"your-sku\" \/><\/span><\/label><label>Si prega di descrivere brevemente il problema<span class=\"wpcf7-form-control-wrap\" data-name=\"your-message\"><textarea cols=\"40\" rows=\"10\" maxlength=\"2000\" class=\"wpcf7-form-control wpcf7-textarea\" aria-invalid=\"false\" name=\"your-message\"><\/textarea><\/span><\/label><input class=\"wpcf7-form-control wpcf7-submit has-spinner\" type=\"submit\" value=\"Invia messaggio\" \/>\n<\/p><div class=\"wpcf7-response-output\" aria-hidden=\"true\"><\/div>\n<input type=\"hidden\" name=\"trp-form-language\" value=\"it\"\/><\/form>\n<\/div>\n<\/p><\/div><\/div>\t\t\t\t<\/div>\n\t\t\t\t<\/div>\n\t\t\t\t<\/div>\n\t\t\t\t\t<\/div>\n\t\t\t\t<\/div>\n\t\t\t\t<\/div>","protected":false},"excerpt":{"rendered":"<p>Contact us It\u2019s important for us to guarantee you the best service. That\u2019s why one-to-one support is a big part of Key Devices company. Contact us by phone or email to get help from our qualified team. Customer Services business hours for the USMonday &#8211; Friday 9:00am &#8211; 5:00pmSaturday 9:00am &#8211; 1:00pmSunday not working +33 [&hellip;]<\/p>","protected":false},"author":1,"featured_media":0,"parent":0,"menu_order":0,"comment_status":"closed","ping_status":"closed","template":"elementor_header_footer","meta":{"_monsterinsights_skip_tracking":false,"_monsterinsights_sitenote_active":false,"_monsterinsights_sitenote_note":"","_monsterinsights_sitenote_category":0,"footnotes":""},"class_list":["post-40","page","type-page","status-publish","hentry"],"yoast_head":"<!-- This site is optimized with the Yoast SEO Premium plugin v25.5 (Yoast SEO v27.4) - https:\/\/yoast.com\/product\/yoast-seo-premium-wordpress\/ -->\n<title>Contact us - KEY DEVICES<\/title>\n<meta name=\"robots\" content=\"index, follow, max-snippet:-1, max-image-preview:large, max-video-preview:-1\" \/>\n<link rel=\"canonical\" href=\"https:\/\/www.key-devices.com\/it\/contact-us\/\" \/>\n<meta property=\"og:locale\" content=\"it_IT\" \/>\n<meta property=\"og:type\" content=\"article\" \/>\n<meta property=\"og:title\" content=\"Contact us\" \/>\n<meta property=\"og:description\" content=\"Contact us It\u2019s important for us to guarantee you the best service. That\u2019s why one-to-one support is a big part of Key Devices company. Contact us by phone or email to get help from our qualified team. Customer Services business hours for the USMonday &#8211; Friday 9:00am &#8211; 5:00pmSaturday 9:00am &#8211; 1:00pmSunday not working +33 [&hellip;]\" \/>\n<meta property=\"og:url\" content=\"https:\/\/www.key-devices.com\/it\/contact-us\/\" \/>\n<meta property=\"og:site_name\" content=\"KEY DEVICES\" \/>\n<meta property=\"article:modified_time\" content=\"2025-09-09T11:00:00+00:00\" \/>\n<meta name=\"twitter:card\" content=\"summary_large_image\" \/>\n<meta name=\"twitter:label1\" content=\"Tempo di lettura stimato\" \/>\n\t<meta name=\"twitter:data1\" content=\"1 minuto\" \/>\n<script type=\"application\/ld+json\" class=\"yoast-schema-graph\">{\"@context\":\"https:\\\/\\\/schema.org\",\"@graph\":[{\"@type\":\"WebPage\",\"@id\":\"https:\\\/\\\/www.key-devices.com\\\/contact-us\\\/\",\"url\":\"https:\\\/\\\/www.key-devices.com\\\/contact-us\\\/\",\"name\":\"Contact us - KEY DEVICES\",\"isPartOf\":{\"@id\":\"https:\\\/\\\/www.key-devices.com\\\/#website\"},\"datePublished\":\"2023-03-31T07:33:32+00:00\",\"dateModified\":\"2025-09-09T11:00:00+00:00\",\"breadcrumb\":{\"@id\":\"https:\\\/\\\/www.key-devices.com\\\/contact-us\\\/#breadcrumb\"},\"inLanguage\":\"it-IT\",\"potentialAction\":[{\"@type\":\"ReadAction\",\"target\":[\"https:\\\/\\\/www.key-devices.com\\\/contact-us\\\/\"]}]},{\"@type\":\"BreadcrumbList\",\"@id\":\"https:\\\/\\\/www.key-devices.com\\\/contact-us\\\/#breadcrumb\",\"itemListElement\":[{\"@type\":\"ListItem\",\"position\":1,\"name\":\"Home\",\"item\":\"https:\\\/\\\/www.key-devices.com\\\/\"},{\"@type\":\"ListItem\",\"position\":2,\"name\":\"Contact us\"}]},{\"@type\":\"WebSite\",\"@id\":\"https:\\\/\\\/www.key-devices.com\\\/#website\",\"url\":\"https:\\\/\\\/www.key-devices.com\\\/\",\"name\":\"KEY DEVICES\",\"description\":\"\",\"publisher\":{\"@id\":\"https:\\\/\\\/www.key-devices.com\\\/#organization\"},\"potentialAction\":[{\"@type\":\"SearchAction\",\"target\":{\"@type\":\"EntryPoint\",\"urlTemplate\":\"https:\\\/\\\/www.key-devices.com\\\/?s={search_term_string}\"},\"query-input\":{\"@type\":\"PropertyValueSpecification\",\"valueRequired\":true,\"valueName\":\"search_term_string\"}}],\"inLanguage\":\"it-IT\"},{\"@type\":[\"Organization\",\"Place\"],\"@id\":\"https:\\\/\\\/www.key-devices.com\\\/#organization\",\"name\":\"Key Devices\",\"url\":\"https:\\\/\\\/www.key-devices.com\\\/\",\"logo\":{\"@id\":\"https:\\\/\\\/www.key-devices.com\\\/contact-us\\\/#local-main-organization-logo\"},\"image\":{\"@id\":\"https:\\\/\\\/www.key-devices.com\\\/contact-us\\\/#local-main-organization-logo\"},\"legalName\":\"Key Devices\",\"telephone\":[],\"openingHoursSpecification\":[{\"@type\":\"OpeningHoursSpecification\",\"dayOfWeek\":[\"Monday\",\"Tuesday\",\"Wednesday\",\"Thursday\",\"Friday\",\"Saturday\",\"Sunday\"],\"opens\":\"09:00\",\"closes\":\"17:00\"}]},{\"@type\":\"ImageObject\",\"inLanguage\":\"it-IT\",\"@id\":\"https:\\\/\\\/www.key-devices.com\\\/contact-us\\\/#local-main-organization-logo\",\"url\":\"https:\\\/\\\/www.key-devices.com\\\/wp-content\\\/uploads\\\/cropped-Key-Devices-Logo-official-.png\",\"contentUrl\":\"https:\\\/\\\/www.key-devices.com\\\/wp-content\\\/uploads\\\/cropped-Key-Devices-Logo-official-.png\",\"width\":512,\"height\":512,\"caption\":\"Key Devices\"}]}<\/script>\n<!-- \/ Yoast SEO Premium plugin. -->","yoast_head_json":{"title":"Contattaci - CHIAVE di DISPOSITIVI","robots":{"index":"index","follow":"follow","max-snippet":"max-snippet:-1","max-image-preview":"max-image-preview:large","max-video-preview":"max-video-preview:-1"},"canonical":"https:\/\/www.key-devices.com\/it\/contact-us\/","og_locale":"it_IT","og_type":"article","og_title":"Contact us","og_description":"Contact us It\u2019s important for us to guarantee you the best service. That\u2019s why one-to-one support is a big part of Key Devices company. Contact us by phone or email to get help from our qualified team. Customer Services business hours for the USMonday &#8211; Friday 9:00am &#8211; 5:00pmSaturday 9:00am &#8211; 1:00pmSunday not working +33 [&hellip;]","og_url":"https:\/\/www.key-devices.com\/it\/contact-us\/","og_site_name":"KEY DEVICES","article_modified_time":"2025-09-09T11:00:00+00:00","twitter_card":"summary_large_image","twitter_misc":{"Tempo di lettura stimato":"1 minuto"},"schema":{"@context":"https:\/\/schema.org","@graph":[{"@type":"WebPage","@id":"https:\/\/www.key-devices.com\/contact-us\/","url":"https:\/\/www.key-devices.com\/contact-us\/","name":"Contattaci - CHIAVE di DISPOSITIVI","isPartOf":{"@id":"https:\/\/www.key-devices.com\/#website"},"datePublished":"2023-03-31T07:33:32+00:00","dateModified":"2025-09-09T11:00:00+00:00","breadcrumb":{"@id":"https:\/\/www.key-devices.com\/contact-us\/#breadcrumb"},"inLanguage":"it-IT","potentialAction":[{"@type":"ReadAction","target":["https:\/\/www.key-devices.com\/contact-us\/"]}]},{"@type":"BreadcrumbList","@id":"https:\/\/www.key-devices.com\/contact-us\/#breadcrumb","itemListElement":[{"@type":"ListItem","position":1,"name":"Home","item":"https:\/\/www.key-devices.com\/"},{"@type":"ListItem","position":2,"name":"Contact us"}]},{"@type":"WebSite","@id":"https:\/\/www.key-devices.com\/#website","url":"https:\/\/www.key-devices.com\/","name":"DISPOSITIVI CHIAVE","description":"","publisher":{"@id":"https:\/\/www.key-devices.com\/#organization"},"potentialAction":[{"@type":"SearchAction","target":{"@type":"EntryPoint","urlTemplate":"https:\/\/www.key-devices.com\/?s={search_term_string}"},"query-input":{"@type":"PropertyValueSpecification","valueRequired":true,"valueName":"search_term_string"}}],"inLanguage":"it-IT"},{"@type":["Organization","Place"],"@id":"https:\/\/www.key-devices.com\/#organization","name":"Principali Dispositivi","url":"https:\/\/www.key-devices.com\/","logo":{"@id":"https:\/\/www.key-devices.com\/contact-us\/#local-main-organization-logo"},"image":{"@id":"https:\/\/www.key-devices.com\/contact-us\/#local-main-organization-logo"},"legalName":"Key Devices","telephone":[],"openingHoursSpecification":[{"@type":"OpeningHoursSpecification","dayOfWeek":["Monday","Tuesday","Wednesday","Thursday","Friday","Saturday","Sunday"],"opens":"09:00","closes":"17:00"}]},{"@type":"ImageObject","inLanguage":"it-IT","@id":"https:\/\/www.key-devices.com\/contact-us\/#local-main-organization-logo","url":"https:\/\/www.key-devices.com\/wp-content\/uploads\/cropped-Key-Devices-Logo-official-.png","contentUrl":"https:\/\/www.key-devices.com\/wp-content\/uploads\/cropped-Key-Devices-Logo-official-.png","width":512,"height":512,"caption":"Key Devices"}]}},"jetpack_sharing_enabled":true,"_links":{"self":[{"href":"https:\/\/www.key-devices.com\/it\/wp-json\/wp\/v2\/pages\/40","targetHints":{"allow":["GET"]}}],"collection":[{"href":"https:\/\/www.key-devices.com\/it\/wp-json\/wp\/v2\/pages"}],"about":[{"href":"https:\/\/www.key-devices.com\/it\/wp-json\/wp\/v2\/types\/page"}],"author":[{"embeddable":true,"href":"https:\/\/www.key-devices.com\/it\/wp-json\/wp\/v2\/users\/1"}],"replies":[{"embeddable":true,"href":"https:\/\/www.key-devices.com\/it\/wp-json\/wp\/v2\/comments?post=40"}],"version-history":[{"count":9,"href":"https:\/\/www.key-devices.com\/it\/wp-json\/wp\/v2\/pages\/40\/revisions"}],"predecessor-version":[{"id":11214,"href":"https:\/\/www.key-devices.com\/it\/wp-json\/wp\/v2\/pages\/40\/revisions\/11214"}],"wp:attachment":[{"href":"https:\/\/www.key-devices.com\/it\/wp-json\/wp\/v2\/media?parent=40"}],"curies":[{"name":"wp","href":"https:\/\/api.w.org\/{rel}","templated":true}]}}