{"id":10707,"date":"2025-06-07T20:42:13","date_gmt":"2025-06-07T18:42:13","guid":{"rendered":"https:\/\/www.key-devices.com\/?post_type=product&#038;p=10707"},"modified":"2025-07-28T13:22:55","modified_gmt":"2025-07-28T11:22:55","slug":"bmw-keydevice-last-edition","status":"publish","type":"product","link":"https:\/\/www.key-devices.com\/it\/product\/bmw-keydevice-last-edition\/","title":{"rendered":"Bmw Keydevice Ultima Edizione"},"content":{"rendered":"<h1  style=\"text-align: center;\"><strong>Bmw Keydevice Ultima Edizione<\/strong><\/h1>\n<p >In primo luogo, qui sono le caratteristiche principali di questa BMW Keydevice:<\/p>\n<ol>\n<li >Prima di tutto c&#039;\u00e8 il CAS unit\u00e0 di programmazione tramite il connettore di OBD-II.<\/li>\n<li >Poi, c&#039;\u00e8 il supporto per SOPT sistemi compatibili (ISTA-P 39-42).<\/li>\n<li >NUOVO!!!!! Supporto per SOPT+ sistemi compatibili (ISTA-P 43-53 e versioni successive).<\/li>\n<li >Con una semplice e comoda interfaccia (tasti e le istruzioni complicate).<\/li>\n<li >Il funzionamento completamente automatico.<\/li>\n<li >Quindi, una programmazione veloce di protocollo (che dura 10-20 secondi per SOPT e versioni precedenti, a 8 minuti per SOPT+).<\/li>\n<li >Il supporto per le chiavi originali (315, 433, 868 MHz) e la PCF7936 transponder.<\/li>\n<li >Fino a 10 tasti possono essere registrati a CAS unit\u00e0. 11 chiave sar\u00e0 registrato come il primo. Internet di funzionalit\u00e0 di aggiornamento (tramite il numero di serie della richiesta).<\/li>\n<li >DTC funzione di compensazione*.<\/li>\n<li >ELV funzione di sincronizzazione (bloccasterzo)*.<\/li>\n<li >Apriporta, sistema di allarme disattivazione*.<\/li>\n<\/ol>\n<p>&nbsp;<\/p>\n<p><strong><span style=\"color: #ff0000;\">* I NOSTRI DISPOSITIVI SONO VENDUTI ESCLUSIVAMENTE PER USO UFFICIALE E PRIVATO. NON SIAMO RESPONSABILI PER EVENTUALI UTILIZZI FRAUDOLENTI O ILLEGALI DELLE APPARECCHIATURE CHE VI VENDEREMO.<\/span><\/strong><\/p>","protected":false},"excerpt":{"rendered":"<p class=\"ai-optimize-35\">First of all, this device, called &#8220;BMW OBD-Prog*,&#8221; is a standalone device for registering electronic keys on BMW vehicles (model years 2005-2014).<\/p>\n<p class=\"ai-optimize-36\">Here&#8217;s the list of supported vehicles: E60, E65, E66, E70, E71, E81, E82, E87, E88, E90, E91, E92, E93, R54, R56 with CAS1, CAS2, CAS3, and CAS3+ key authentication units, including SOPT and SOPT+ enabled modes.<\/p>\n<p class=\"ai-optimize-37\">Infine, il SOPT+ modalit\u00e0 di protezione limita l&#039;accesso ai dati richiesti per la registrazione della chiave. Inoltre, la riprogrammazione del CAS unit\u00e0 \u00e8 necessaria per aggirare la protezione.<\/p>\n<p class=\"ai-optimize-38\">Furthermore, the &#8220;BMW OBD-Prog*&#8221; device allows this to be done in automatic mode.<\/p>\n<p>&nbsp;<\/p>\n<p class=\"ai-optimize-39\"><strong><span style=\"color: #ff0000;\">* I NOSTRI DISPOSITIVI SONO VENDUTI ESCLUSIVAMENTE PER USO UFFICIALE E PRIVATO. NON SIAMO RESPONSABILI PER EVENTUALI UTILIZZI FRAUDOLENTI O ILLEGALI DELLE APPARECCHIATURE CHE VI VENDEREMO.<\/span><\/strong><\/p>","protected":false},"featured_media":10562,"comment_status":"open","ping_status":"closed","template":"","meta":{"_monsterinsights_skip_tracking":false,"_monsterinsights_sitenote_active":false,"_monsterinsights_sitenote_note":"","_monsterinsights_sitenote_category":0},"product_brand":[1171],"product_cat":[516],"product_tag":[1178],"vehicles":[94,95,845,840,839,842,841,843,844,846,848,847,849,850,852,851,854,853,856,855,857,858,859,864,862,863,860,861,826,827,828,96,97],"class_list":{"0":"post-10707","1":"product","2":"type-product","3":"status-publish","4":"has-post-thumbnail","6":"product_brand-bmw","7":"product_cat-key-programmer","8":"product_tag-bmw-keydevice","9":"vehicles-bmw-5-2011-4-4-6-speed-manual-bmw-4-4l-8-cylinder-400-hp-450-ft-lbs-turbo","10":"vehicles-bmw-6-2010-4-8-6-speed-manual-bmw-4-8l-8-cylinder-360hp-360-ft-lbs","11":"vehicles-bmw-f18-long-for-china-market-08-2009-08-2013","12":"vehicles-bmw-model-5-f07-gt-lci-08-2012-02-2017","13":"vehicles-bmw-model-5-f07-gt-09-2008-06-2013","14":"vehicles-bmw-model-5-f10-lci-08-2012-10-2016","15":"vehicles-bmw-model-5-f10-01-2009-10-2016","16":"vehicles-bmw-model-5-f11-hatchback-01-2009-06-2013","17":"vehicles-bmw-model-5-f11-lci-08-2012-02-2017","18":"vehicles-bmw-model-5-f18-lci-long-for-china-market-10-2012-04-2017","19":"vehicles-bmw-model-6-f06-gran-coupe-lci-05-2014-09-2018","20":"vehicles-bmw-model-6-f06-gran-coupe-05-2011-03-2015","21":"vehicles-bmw-model-6-f12-cabrio-10-2009-02-2015","22":"vehicles-bmw-model-6-f12-lci-05-2014-05-2018","23":"vehicles-bmw-model-6-f13-lci-05-2014-10-2017","24":"vehicles-bmw-model-6-f13-03-2010-02-2015","25":"vehicles-bmw-model-7-f01-lci-05-2011-05-2015","26":"vehicles-bmw-model-7-f01-06-2007-06-2012","27":"vehicles-bmw-model-7-f02-lci-05-2011-05-2015","28":"vehicles-bmw-model-7-f02-07-2007-06-2012","29":"vehicles-bmw-model-7-f03-04-2008-05-2012","30":"vehicles-bmw-model-7-f03-lci-01-2012-03-2015","31":"vehicles-bmw-model-7-f04-hybrid-10-2008-06-2012","32":"vehicles-bmw-other-models-dawn-rr6-04-2015-11-2019","33":"vehicles-bmw-other-models-ghost-rr4-08-2008-11-2019","34":"vehicles-bmw-other-models-wraith-rr5-11-2012-12-2019","35":"vehicles-bmw-other-models-x3-f25-06-2009-08-2017","36":"vehicles-bmw-other-models-x4-f26-05-2013-03-2018","37":"vehicles-bmw-serie-1","38":"vehicles-bmw-serie-3-2010","39":"vehicles-bmw-serie-5-2010","40":"vehicles-bmw-x5-2010-2011-4-4-6-speed-automatic-select-shift-bmw-4-4l-8-cylinder-555hp-500-ft-lbs-turbo","41":"vehicles-bmw-x6-2010-2011-4-4-6-speed-automatic-select-shift-bmw-4-4l-8-cylinder-555hp-500-ft-lbs-turbo","43":"first","44":"instock","45":"shipping-taxable","46":"product-type-simple"},"yoast_head":"<!-- This site is optimized with the Yoast SEO Premium plugin v25.5 (Yoast SEO v27.4) - https:\/\/yoast.com\/product\/yoast-seo-premium-wordpress\/ -->\n<title>Bmw Keydevice<\/title>\n<meta name=\"description\" content=\"Bmw Keydevice Derni\u00e8re Edition est l&#039;un des produits phares propos\u00e9s par notre soci\u00e9t\u00e9 avec la grande majorit\u00e9 des v\u00e9hicules de la marque BMW\" \/>\n<meta name=\"robots\" content=\"index, follow, max-snippet:-1, max-image-preview:large, max-video-preview:-1\" \/>\n<link rel=\"canonical\" href=\"https:\/\/www.key-devices.com\/it\/product\/bmw-keydevice-last-edition\/\" \/>\n<meta property=\"og:locale\" content=\"it_IT\" \/>\n<meta property=\"og:type\" content=\"article\" \/>\n<meta property=\"og:title\" content=\"Bmw Keydevice Last Edition\" \/>\n<meta property=\"og:description\" content=\"Bmw Keydevice Derni\u00e8re Edition est l&#039;un des produits phares propos\u00e9s par notre soci\u00e9t\u00e9 avec la grande majorit\u00e9 des v\u00e9hicules de la marque BMW\" \/>\n<meta property=\"og:url\" content=\"https:\/\/www.key-devices.com\/it\/product\/bmw-keydevice-last-edition\/\" \/>\n<meta property=\"og:site_name\" content=\"KEY DEVICES\" \/>\n<meta property=\"article:modified_time\" content=\"2025-07-28T11:22:55+00:00\" \/>\n<meta property=\"og:image\" content=\"https:\/\/www.key-devices.com\/wp-content\/uploads\/BMW-Keyprogrammer-edition-e1600193223763.jpg\" \/>\n\t<meta property=\"og:image:width\" content=\"600\" \/>\n\t<meta property=\"og:image:height\" content=\"552\" \/>\n\t<meta property=\"og:image:type\" content=\"image\/jpeg\" \/>\n<meta name=\"twitter:card\" content=\"summary_large_image\" \/>\n<meta name=\"twitter:label1\" content=\"Prezzo\" \/>\n\t<meta name=\"twitter:data1\" content=\"\" \/>\n\t<meta name=\"twitter:label2\" content=\"Disponibilit\u00e0\" \/>\n\t<meta name=\"twitter:data2\" content=\"In stock\" \/>\n<script type=\"application\/ld+json\" class=\"yoast-schema-graph\">{\"@context\":\"https:\\\/\\\/schema.org\",\"@graph\":[{\"@type\":\"WebPage\",\"@id\":\"https:\\\/\\\/www.key-devices.com\\\/product\\\/bmw-keydevice-last-edition\\\/\",\"url\":\"https:\\\/\\\/www.key-devices.com\\\/product\\\/bmw-keydevice-last-edition\\\/\",\"name\":\"Bmw Keydevice\",\"isPartOf\":{\"@id\":\"https:\\\/\\\/www.key-devices.com\\\/#website\"},\"primaryImageOfPage\":{\"@id\":\"https:\\\/\\\/www.key-devices.com\\\/product\\\/bmw-keydevice-last-edition\\\/#primaryimage\"},\"image\":{\"@id\":\"https:\\\/\\\/www.key-devices.com\\\/product\\\/bmw-keydevice-last-edition\\\/#primaryimage\"},\"thumbnailUrl\":\"https:\\\/\\\/www.key-devices.com\\\/wp-content\\\/uploads\\\/BMW-Keyprogrammer-edition-e1600193223763.jpg\",\"datePublished\":\"2025-06-07T18:42:13+00:00\",\"dateModified\":\"2025-07-28T11:22:55+00:00\",\"description\":\"Bmw Keydevice Derni\u00e8re Edition est l'un des produits phares propos\u00e9s par notre soci\u00e9t\u00e9 avec la grande majorit\u00e9 des v\u00e9hicules de la marque BMW\",\"breadcrumb\":{\"@id\":\"https:\\\/\\\/www.key-devices.com\\\/product\\\/bmw-keydevice-last-edition\\\/#breadcrumb\"},\"inLanguage\":\"it-IT\",\"potentialAction\":[{\"@type\":\"ReadAction\",\"target\":[\"https:\\\/\\\/www.key-devices.com\\\/product\\\/bmw-keydevice-last-edition\\\/\"]}]},{\"@type\":\"ImageObject\",\"inLanguage\":\"it-IT\",\"@id\":\"https:\\\/\\\/www.key-devices.com\\\/product\\\/bmw-keydevice-last-edition\\\/#primaryimage\",\"url\":\"https:\\\/\\\/www.key-devices.com\\\/wp-content\\\/uploads\\\/BMW-Keyprogrammer-edition-e1600193223763.jpg\",\"contentUrl\":\"https:\\\/\\\/www.key-devices.com\\\/wp-content\\\/uploads\\\/BMW-Keyprogrammer-edition-e1600193223763.jpg\",\"width\":600,\"height\":552,\"caption\":\"Bmw Keydevice\"},{\"@type\":\"BreadcrumbList\",\"@id\":\"https:\\\/\\\/www.key-devices.com\\\/product\\\/bmw-keydevice-last-edition\\\/#breadcrumb\",\"itemListElement\":[{\"@type\":\"ListItem\",\"position\":1,\"name\":\"Home\",\"item\":\"https:\\\/\\\/www.key-devices.com\\\/\"},{\"@type\":\"ListItem\",\"position\":2,\"name\":\"Shop\",\"item\":\"https:\\\/\\\/www.key-devices.com\\\/shop\\\/\"},{\"@type\":\"ListItem\",\"position\":3,\"name\":\"Bmw Keydevice Last Edition\"}]},{\"@type\":\"WebSite\",\"@id\":\"https:\\\/\\\/www.key-devices.com\\\/#website\",\"url\":\"https:\\\/\\\/www.key-devices.com\\\/\",\"name\":\"KEY DEVICES\",\"description\":\"\",\"publisher\":{\"@id\":\"https:\\\/\\\/www.key-devices.com\\\/#organization\"},\"potentialAction\":[{\"@type\":\"SearchAction\",\"target\":{\"@type\":\"EntryPoint\",\"urlTemplate\":\"https:\\\/\\\/www.key-devices.com\\\/?s={search_term_string}\"},\"query-input\":{\"@type\":\"PropertyValueSpecification\",\"valueRequired\":true,\"valueName\":\"search_term_string\"}}],\"inLanguage\":\"it-IT\"},{\"@type\":[\"Organization\",\"Place\"],\"@id\":\"https:\\\/\\\/www.key-devices.com\\\/#organization\",\"name\":\"Key Devices\",\"url\":\"https:\\\/\\\/www.key-devices.com\\\/\",\"logo\":{\"@id\":\"https:\\\/\\\/www.key-devices.com\\\/product\\\/bmw-keydevice-last-edition\\\/#local-main-organization-logo\"},\"image\":{\"@id\":\"https:\\\/\\\/www.key-devices.com\\\/product\\\/bmw-keydevice-last-edition\\\/#local-main-organization-logo\"},\"legalName\":\"Key Devices\",\"telephone\":[],\"openingHoursSpecification\":[{\"@type\":\"OpeningHoursSpecification\",\"dayOfWeek\":[\"Monday\",\"Tuesday\",\"Wednesday\",\"Thursday\",\"Friday\",\"Saturday\",\"Sunday\"],\"opens\":\"09:00\",\"closes\":\"17:00\"}]},{\"@type\":\"ImageObject\",\"inLanguage\":\"it-IT\",\"@id\":\"https:\\\/\\\/www.key-devices.com\\\/product\\\/bmw-keydevice-last-edition\\\/#local-main-organization-logo\",\"url\":\"https:\\\/\\\/www.key-devices.com\\\/wp-content\\\/uploads\\\/cropped-Key-Devices-Logo-official-.png\",\"contentUrl\":\"https:\\\/\\\/www.key-devices.com\\\/wp-content\\\/uploads\\\/cropped-Key-Devices-Logo-official-.png\",\"width\":512,\"height\":512,\"caption\":\"Key Devices\"}]}<\/script>\n<meta property=\"product:price:currency\" content=\"EUR\" \/>\n<meta property=\"og:availability\" content=\"instock\" \/>\n<meta property=\"product:availability\" content=\"instock\" \/>\n<meta property=\"product:retailer_item_id\" content=\"2298\" \/>\n<meta property=\"product:condition\" content=\"new\" \/>\n<!-- \/ Yoast SEO Premium plugin. -->","yoast_head_json":{"title":"Dispositivo chiave BMW","description":"Bmw Keydevice Derni\u00e8re Edizione est l&#039;un des produits phares propos\u00e9s par notre soci\u00e9t\u00e9 avec la grande majorit\u00e9 des v\u00e9hicules de la marque BMW","robots":{"index":"index","follow":"follow","max-snippet":"max-snippet:-1","max-image-preview":"max-image-preview:large","max-video-preview":"max-video-preview:-1"},"canonical":"https:\/\/www.key-devices.com\/it\/product\/bmw-keydevice-last-edition\/","og_locale":"it_IT","og_type":"article","og_title":"Bmw Keydevice Last Edition","og_description":"Bmw Keydevice Derni\u00e8re Edition est l'un des produits phares propos\u00e9s par notre soci\u00e9t\u00e9 avec la grande majorit\u00e9 des v\u00e9hicules de la marque BMW","og_url":"https:\/\/www.key-devices.com\/it\/product\/bmw-keydevice-last-edition\/","og_site_name":"KEY DEVICES","article_modified_time":"2025-07-28T11:22:55+00:00","og_image":[{"width":600,"height":552,"url":"https:\/\/www.key-devices.com\/wp-content\/uploads\/BMW-Keyprogrammer-edition-e1600193223763.jpg","type":"image\/jpeg"}],"twitter_card":"summary_large_image","twitter_misc":{"Prezzo":"","Disponibilit\u00e0":"In stock"},"schema":{"@context":"https:\/\/schema.org","@graph":[{"@type":"WebPage","@id":"https:\/\/www.key-devices.com\/product\/bmw-keydevice-last-edition\/","url":"https:\/\/www.key-devices.com\/product\/bmw-keydevice-last-edition\/","name":"Dispositivo chiave BMW","isPartOf":{"@id":"https:\/\/www.key-devices.com\/#website"},"primaryImageOfPage":{"@id":"https:\/\/www.key-devices.com\/product\/bmw-keydevice-last-edition\/#primaryimage"},"image":{"@id":"https:\/\/www.key-devices.com\/product\/bmw-keydevice-last-edition\/#primaryimage"},"thumbnailUrl":"https:\/\/www.key-devices.com\/wp-content\/uploads\/BMW-Keyprogrammer-edition-e1600193223763.jpg","datePublished":"2025-06-07T18:42:13+00:00","dateModified":"2025-07-28T11:22:55+00:00","description":"Bmw Keydevice Derni\u00e8re Edizione est l&#039;un des produits phares propos\u00e9s par notre soci\u00e9t\u00e9 avec la grande majorit\u00e9 des v\u00e9hicules de la marque BMW","breadcrumb":{"@id":"https:\/\/www.key-devices.com\/product\/bmw-keydevice-last-edition\/#breadcrumb"},"inLanguage":"it-IT","potentialAction":[{"@type":"ReadAction","target":["https:\/\/www.key-devices.com\/product\/bmw-keydevice-last-edition\/"]}]},{"@type":"ImageObject","inLanguage":"it-IT","@id":"https:\/\/www.key-devices.com\/product\/bmw-keydevice-last-edition\/#primaryimage","url":"https:\/\/www.key-devices.com\/wp-content\/uploads\/BMW-Keyprogrammer-edition-e1600193223763.jpg","contentUrl":"https:\/\/www.key-devices.com\/wp-content\/uploads\/BMW-Keyprogrammer-edition-e1600193223763.jpg","width":600,"height":552,"caption":"Bmw Keydevice"},{"@type":"BreadcrumbList","@id":"https:\/\/www.key-devices.com\/product\/bmw-keydevice-last-edition\/#breadcrumb","itemListElement":[{"@type":"ListItem","position":1,"name":"Home","item":"https:\/\/www.key-devices.com\/"},{"@type":"ListItem","position":2,"name":"Shop","item":"https:\/\/www.key-devices.com\/shop\/"},{"@type":"ListItem","position":3,"name":"Bmw Keydevice Last Edition"}]},{"@type":"WebSite","@id":"https:\/\/www.key-devices.com\/#website","url":"https:\/\/www.key-devices.com\/","name":"DISPOSITIVI CHIAVE","description":"","publisher":{"@id":"https:\/\/www.key-devices.com\/#organization"},"potentialAction":[{"@type":"SearchAction","target":{"@type":"EntryPoint","urlTemplate":"https:\/\/www.key-devices.com\/?s={search_term_string}"},"query-input":{"@type":"PropertyValueSpecification","valueRequired":true,"valueName":"search_term_string"}}],"inLanguage":"it-IT"},{"@type":["Organization","Place"],"@id":"https:\/\/www.key-devices.com\/#organization","name":"Principali Dispositivi","url":"https:\/\/www.key-devices.com\/","logo":{"@id":"https:\/\/www.key-devices.com\/product\/bmw-keydevice-last-edition\/#local-main-organization-logo"},"image":{"@id":"https:\/\/www.key-devices.com\/product\/bmw-keydevice-last-edition\/#local-main-organization-logo"},"legalName":"Key Devices","telephone":[],"openingHoursSpecification":[{"@type":"OpeningHoursSpecification","dayOfWeek":["Monday","Tuesday","Wednesday","Thursday","Friday","Saturday","Sunday"],"opens":"09:00","closes":"17:00"}]},{"@type":"ImageObject","inLanguage":"it-IT","@id":"https:\/\/www.key-devices.com\/product\/bmw-keydevice-last-edition\/#local-main-organization-logo","url":"https:\/\/www.key-devices.com\/wp-content\/uploads\/cropped-Key-Devices-Logo-official-.png","contentUrl":"https:\/\/www.key-devices.com\/wp-content\/uploads\/cropped-Key-Devices-Logo-official-.png","width":512,"height":512,"caption":"Key Devices"}]},"product_price_currency":"EUR","og_availability":"instock","product_availability":"instock","product_retailer_item_id":"2298","product_condition":"new"},"jetpack_sharing_enabled":true,"_links":{"self":[{"href":"https:\/\/www.key-devices.com\/it\/wp-json\/wp\/v2\/product\/10707","targetHints":{"allow":["GET"]}}],"collection":[{"href":"https:\/\/www.key-devices.com\/it\/wp-json\/wp\/v2\/product"}],"about":[{"href":"https:\/\/www.key-devices.com\/it\/wp-json\/wp\/v2\/types\/product"}],"replies":[{"embeddable":true,"href":"https:\/\/www.key-devices.com\/it\/wp-json\/wp\/v2\/comments?post=10707"}],"wp:featuredmedia":[{"embeddable":true,"href":"https:\/\/www.key-devices.com\/it\/wp-json\/wp\/v2\/media\/10562"}],"wp:attachment":[{"href":"https:\/\/www.key-devices.com\/it\/wp-json\/wp\/v2\/media?parent=10707"}],"wp:term":[{"taxonomy":"product_brand","embeddable":true,"href":"https:\/\/www.key-devices.com\/it\/wp-json\/wp\/v2\/product_brand?post=10707"},{"taxonomy":"product_cat","embeddable":true,"href":"https:\/\/www.key-devices.com\/it\/wp-json\/wp\/v2\/product_cat?post=10707"},{"taxonomy":"product_tag","embeddable":true,"href":"https:\/\/www.key-devices.com\/it\/wp-json\/wp\/v2\/product_tag?post=10707"},{"taxonomy":"vehicles","embeddable":true,"href":"https:\/\/www.key-devices.com\/it\/wp-json\/wp\/v2\/vehicles?post=10707"}],"curies":[{"name":"wp","href":"https:\/\/api.w.org\/{rel}","templated":true}]}}