{"id":10713,"date":"2025-06-07T20:42:14","date_gmt":"2025-06-07T18:42:14","guid":{"rendered":"https:\/\/www.key-devices.com\/?post_type=product&#038;p=10713"},"modified":"2025-07-28T13:22:51","modified_gmt":"2025-07-28T11:22:51","slug":"toyota-lexus-fast-start-2021","status":"publish","type":"product","link":"https:\/\/www.key-devices.com\/it\/product\/toyota-lexus-fast-start-2021\/","title":{"rendered":"Toyota Lexus Fast Start 2021"},"content":{"rendered":"<h1  style=\"text-align: center;\">Toyota Lexus Fast Start 2021<\/h1>\n<p >Emergenza avviamento e interruttore a chiave nei casi in cui le chiavi sono perse per Toyota\/Lexus veicoli con sistema Smart Key \/ A8\/A9 \/ 2017-2020<\/p>\n<ul>\n<li >In primo luogo, scollegare il superiore a jack modulo Intelligente e plug-in del modulo. Collegare la spina scollegata dal modulo per l&#039;altra estremit\u00e0 dell&#039;adattatore.<\/li>\n<li >I Led si trasforma rapidamente in verde dopo un paio di secondi per bloccare il volante, e il LED superiore rimarr\u00e0 costante quando l&#039;unit\u00e0 si accende dopo aver premuto il pulsante start.<\/li>\n<li >Se l&#039;auto \u00e8 un \u201cibrido\u201d e non un \u201cibrido starter,\u201d semplicemente scollegare il dispositivo dalla scheda.<\/li>\n<li >Quindi aggiungere un nuovo o usato Smart module.<\/li>\n<li >Infine, per rendere le chiavi della macchina di lavoro dopo che tutti i tasti sono perso, \u00e8 necessario sostituire il modulo Smart con un nuovo \u201cvuoto\u201d o utilizzato quello per cui si dispone di un tasto.<\/li>\n<\/ul>\n<p>&nbsp;<\/p>\n<h2  style=\"text-align: center;\">Caratteristiche aggiuntive:<\/h2>\n<ul>\n<li >Posto uno nuovo al suo posto, collegare tutti i connettori come nel caso di \u201cemergenza\u201d start &#034; e tenere premuto il \u201cTasto AGGIUNGI\u201d prima di accendere il dispositivo.<\/li>\n<li >Quindi, il dispositivo emetter\u00e0 un breve segnale acustico e il LED in alto trasformarsi rapidamente in verde.<\/li>\n<li >Posizionare l&#039;apposito tasto del pulsante start\/stop. Se tutto ci\u00f2 \u00e8 successo, la macchina emette due brevi segnali acustici, che indica che il tasto \u00e8 stato salvato con successo.<\/li>\n<li >Infine, quando il modulo \u00e8 in uso e si dispone di una chiave, ripetere la procedura descritta sopra, ma prima di accendere il dispositivo, premere il tasto \u201cID\u201d pulsante.<\/li>\n<li >Il dispositivo emette due brevi segnali acustici, il LED diventa giallo, fondo LED lampeggia rapidamente. Impostare la chiave dell&#039;auto start\/stop pulsante emette un breve segnale acustico.<\/li>\n<li >La chiave \u00e8 pronta per l&#039;uso!<\/li>\n<\/ul>","protected":false},"excerpt":{"rendered":"<h1 class=\"ai-optimize-14\" style=\"text-align: center;\">Toyota Lexus Fast Start 2021<\/h1>\n<p class=\"ai-optimize-37\">Here&#8217;s a list of features offered by this device:<\/p>\n<p class=\"ai-optimize-38\">&#8211; Ultra-fast unlocking and starting of the emergency Toyota and Lexus smart key system between 2016 and 2020.<br \/>\n&#8211; Then, add a key when all keys are lost by replacing the smart key module and resetting the system.<br \/>\n&#8211; All keys with password 88 \/ A8 \/ A9 \/ 39 \/ AA.<\/p>\n<h2 class=\"yoast-text-mark ai-optimize-14\">Primo, i modelli supportati per Toyota:<\/h2>\n<p class=\"ai-optimize-18\">&#8211; Land Cruiser 200\/300,<br \/>\n&#8211; Prado (2017-2020),<br \/>\n&#8211; Rav4 (2016-2020),<br \/>\n&#8211; Corolla (2019-2020),<br class=\"yoast-text-mark\" \/>&ndash; HiLux (2017-2020), &lt;br \/&gt;- CH-R (2016-2020),<br \/>\n&#8211; Camry (2017-2020)<br \/>\n&#8211; And many others.<\/p>\n<h2 class=\"ai-optimize-19\">A quel punto, supportati Lexus modelli:<\/h2>\n<p class=\"ai-optimize-20\">&#8211; LS (2016-2020),<br \/>\n&#8211; LC (2016-2020),&amp;lt;br \/&gt;- RC (2016-2020),<br \/>\n&#8211; UX,<br \/>\n&#8211; LX (2016-2020),<br \/>\n&#8211; GS (201-2020),<br \/>\n&#8211; IS (2018-2020),<br \/>\n&#8211; GX (2017-2020) ,<br \/>\n&#8211; RX (2016-2020),<br \/>\n&#8211; NX (2016-2020),<br \/>\n&ndash; ES (2018-2020).&lt;\/p&gt;<\/p>\n<p>&nbsp;<\/p>\n<p class=\"ai-optimize-21\"><span style=\"color: #ff0000;\"><strong>* I NOSTRI DISPOSITIVI SONO VENDUTI ESCLUSIVAMENTE PER USO UFFICIALE E PRIVATO. NON SIAMO RESPONSABILI PER EVENTUALI UTILIZZI FRAUDOLENTI O ILLEGALI DELLE APPARECCHIATURE CHE VI VENDEREMO.<\/strong><\/span><\/p>","protected":false},"featured_media":10575,"comment_status":"open","ping_status":"closed","template":"","meta":{"_monsterinsights_skip_tracking":false,"_monsterinsights_sitenote_active":false,"_monsterinsights_sitenote_note":"","_monsterinsights_sitenote_category":0},"product_brand":[1139,1140],"product_cat":[516],"product_tag":[558,559,572,575,677,526,678,599,618,622,623,679,680,681],"vehicles":[1076,1071,1073,1072,1067,1066,1075,1074,1065,1064,1062,1063,1059,1070,1060,1061,1068,1069],"class_list":{"0":"post-10713","1":"product","2":"type-product","3":"status-publish","4":"has-post-thumbnail","6":"product_brand-lexus","7":"product_brand-toyota","8":"product_cat-key-programmer","9":"product_tag-autodevice","10":"product_tag-autokeydevice","11":"product_tag-diagnostic-key","12":"product_tag-encoder","13":"product_tag-fast-start-2021","14":"product_tag-key-programmer","15":"product_tag-lexus-keydevice","16":"product_tag-lock-smith","17":"product_tag-noimmo","18":"product_tag-prodecoder","19":"product_tag-programmateur-de-cle","20":"product_tag-toyota-lexus-avec-systeme-smart-key-a8-a9-2017-2020","21":"product_tag-toyota-keydevice","22":"product_tag-toyota-lexus-fast-start-2021","23":"vehicles-lexus-es-2018-2020","24":"vehicles-lexus-gs-2016-2020","25":"vehicles-lexus-gx-2017-2020","26":"vehicles-lexus-is-2018-2020","27":"vehicles-lexus-lc-2016-2020","28":"vehicles-lexus-ls-2016-2020","29":"vehicles-lexus-nx-2016-2020","30":"vehicles-lexus-rx-2016-2020","31":"vehicles-toyota-camry-2017-2020","32":"vehicles-toyota-ch-r-2016-2020","33":"vehicles-toyota-corolla-2019-2020","34":"vehicles-toyota-hilux-2017-2020","35":"vehicles-toyota-land-cruiser-200-300-2016-2020","36":"vehicles-toyota-lx-2016-2020","37":"vehicles-toyota-prado-2017-2020","38":"vehicles-toyota-rav4-2016-2020","39":"vehicles-toyota-rc-2016-2020","40":"vehicles-toyota-ux-2016-2020","42":"first","43":"instock","44":"shipping-taxable","45":"product-type-simple"},"yoast_head":"<!-- This site is optimized with the Yoast SEO Premium plugin v25.5 (Yoast SEO v27.4) - https:\/\/yoast.com\/product\/yoast-seo-premium-wordpress\/ -->\n<title>Toyota Lexus Fast Start 2021 - Key Devices<\/title>\n<meta name=\"description\" content=\"Toyota Lexus Fast Start 2021 est un programmateur derni\u00e8re g\u00e9n\u00e9ration pour les v\u00e9hicules des marques Toyota et Lexus \u00e0 prix canon sur le net.\" \/>\n<meta name=\"robots\" content=\"index, follow, max-snippet:-1, max-image-preview:large, max-video-preview:-1\" \/>\n<link rel=\"canonical\" href=\"https:\/\/www.key-devices.com\/it\/product\/toyota-lexus-fast-start-2021\/\" \/>\n<meta property=\"og:locale\" content=\"it_IT\" \/>\n<meta property=\"og:type\" content=\"article\" \/>\n<meta property=\"og:title\" content=\"Toyota Lexus Fast Start 2021\" \/>\n<meta property=\"og:description\" content=\"Toyota Lexus Fast Start 2021 est un programmateur derni\u00e8re g\u00e9n\u00e9ration pour les v\u00e9hicules des marques Toyota et Lexus \u00e0 prix canon sur le net.\" \/>\n<meta property=\"og:url\" content=\"https:\/\/www.key-devices.com\/it\/product\/toyota-lexus-fast-start-2021\/\" \/>\n<meta property=\"og:site_name\" content=\"KEY DEVICES\" \/>\n<meta property=\"article:modified_time\" content=\"2025-07-28T11:22:51+00:00\" \/>\n<meta property=\"og:image\" content=\"https:\/\/www.key-devices.com\/wp-content\/uploads\/Toyota-Lexus-Fast-Start-2021-N\u00b01.jpg\" \/>\n\t<meta property=\"og:image:width\" content=\"315\" \/>\n\t<meta property=\"og:image:height\" content=\"457\" \/>\n\t<meta property=\"og:image:type\" content=\"image\/jpeg\" \/>\n<meta name=\"twitter:card\" content=\"summary_large_image\" \/>\n<meta name=\"twitter:label1\" content=\"Prezzo\" \/>\n\t<meta name=\"twitter:data1\" content=\"\" \/>\n\t<meta name=\"twitter:label2\" content=\"Disponibilit\u00e0\" \/>\n\t<meta name=\"twitter:data2\" content=\"In stock\" \/>\n<script type=\"application\/ld+json\" class=\"yoast-schema-graph\">{\"@context\":\"https:\\\/\\\/schema.org\",\"@graph\":[{\"@type\":\"WebPage\",\"@id\":\"https:\\\/\\\/www.key-devices.com\\\/product\\\/toyota-lexus-fast-start-2021\\\/\",\"url\":\"https:\\\/\\\/www.key-devices.com\\\/product\\\/toyota-lexus-fast-start-2021\\\/\",\"name\":\"Toyota Lexus Fast Start 2021 - Key Devices\",\"isPartOf\":{\"@id\":\"https:\\\/\\\/www.key-devices.com\\\/#website\"},\"primaryImageOfPage\":{\"@id\":\"https:\\\/\\\/www.key-devices.com\\\/product\\\/toyota-lexus-fast-start-2021\\\/#primaryimage\"},\"image\":{\"@id\":\"https:\\\/\\\/www.key-devices.com\\\/product\\\/toyota-lexus-fast-start-2021\\\/#primaryimage\"},\"thumbnailUrl\":\"https:\\\/\\\/www.key-devices.com\\\/wp-content\\\/uploads\\\/Toyota-Lexus-Fast-Start-2021-N\u00b01.jpg\",\"datePublished\":\"2025-06-07T18:42:14+00:00\",\"dateModified\":\"2025-07-28T11:22:51+00:00\",\"description\":\"Toyota Lexus Fast Start 2021 est un programmateur derni\u00e8re g\u00e9n\u00e9ration pour les v\u00e9hicules des marques Toyota et Lexus \u00e0 prix canon sur le net.\",\"breadcrumb\":{\"@id\":\"https:\\\/\\\/www.key-devices.com\\\/product\\\/toyota-lexus-fast-start-2021\\\/#breadcrumb\"},\"inLanguage\":\"it-IT\",\"potentialAction\":[{\"@type\":\"ReadAction\",\"target\":[\"https:\\\/\\\/www.key-devices.com\\\/product\\\/toyota-lexus-fast-start-2021\\\/\"]}]},{\"@type\":\"ImageObject\",\"inLanguage\":\"it-IT\",\"@id\":\"https:\\\/\\\/www.key-devices.com\\\/product\\\/toyota-lexus-fast-start-2021\\\/#primaryimage\",\"url\":\"https:\\\/\\\/www.key-devices.com\\\/wp-content\\\/uploads\\\/Toyota-Lexus-Fast-Start-2021-N\u00b01.jpg\",\"contentUrl\":\"https:\\\/\\\/www.key-devices.com\\\/wp-content\\\/uploads\\\/Toyota-Lexus-Fast-Start-2021-N\u00b01.jpg\",\"width\":315,\"height\":457,\"caption\":\"Toyota Lexus Fast Start 2021\"},{\"@type\":\"BreadcrumbList\",\"@id\":\"https:\\\/\\\/www.key-devices.com\\\/product\\\/toyota-lexus-fast-start-2021\\\/#breadcrumb\",\"itemListElement\":[{\"@type\":\"ListItem\",\"position\":1,\"name\":\"Home\",\"item\":\"https:\\\/\\\/www.key-devices.com\\\/\"},{\"@type\":\"ListItem\",\"position\":2,\"name\":\"Shop\",\"item\":\"https:\\\/\\\/www.key-devices.com\\\/shop\\\/\"},{\"@type\":\"ListItem\",\"position\":3,\"name\":\"Toyota Lexus Fast Start 2021\"}]},{\"@type\":\"WebSite\",\"@id\":\"https:\\\/\\\/www.key-devices.com\\\/#website\",\"url\":\"https:\\\/\\\/www.key-devices.com\\\/\",\"name\":\"KEY DEVICES\",\"description\":\"\",\"publisher\":{\"@id\":\"https:\\\/\\\/www.key-devices.com\\\/#organization\"},\"potentialAction\":[{\"@type\":\"SearchAction\",\"target\":{\"@type\":\"EntryPoint\",\"urlTemplate\":\"https:\\\/\\\/www.key-devices.com\\\/?s={search_term_string}\"},\"query-input\":{\"@type\":\"PropertyValueSpecification\",\"valueRequired\":true,\"valueName\":\"search_term_string\"}}],\"inLanguage\":\"it-IT\"},{\"@type\":[\"Organization\",\"Place\"],\"@id\":\"https:\\\/\\\/www.key-devices.com\\\/#organization\",\"name\":\"Key Devices\",\"url\":\"https:\\\/\\\/www.key-devices.com\\\/\",\"logo\":{\"@id\":\"https:\\\/\\\/www.key-devices.com\\\/product\\\/toyota-lexus-fast-start-2021\\\/#local-main-organization-logo\"},\"image\":{\"@id\":\"https:\\\/\\\/www.key-devices.com\\\/product\\\/toyota-lexus-fast-start-2021\\\/#local-main-organization-logo\"},\"legalName\":\"Key Devices\",\"telephone\":[],\"openingHoursSpecification\":[{\"@type\":\"OpeningHoursSpecification\",\"dayOfWeek\":[\"Monday\",\"Tuesday\",\"Wednesday\",\"Thursday\",\"Friday\",\"Saturday\",\"Sunday\"],\"opens\":\"09:00\",\"closes\":\"17:00\"}]},{\"@type\":\"ImageObject\",\"inLanguage\":\"it-IT\",\"@id\":\"https:\\\/\\\/www.key-devices.com\\\/product\\\/toyota-lexus-fast-start-2021\\\/#local-main-organization-logo\",\"url\":\"https:\\\/\\\/www.key-devices.com\\\/wp-content\\\/uploads\\\/cropped-Key-Devices-Logo-official-.png\",\"contentUrl\":\"https:\\\/\\\/www.key-devices.com\\\/wp-content\\\/uploads\\\/cropped-Key-Devices-Logo-official-.png\",\"width\":512,\"height\":512,\"caption\":\"Key Devices\"}]}<\/script>\n<meta property=\"product:price:currency\" content=\"EUR\" \/>\n<meta property=\"og:availability\" content=\"instock\" \/>\n<meta property=\"product:availability\" content=\"instock\" \/>\n<meta property=\"product:retailer_item_id\" content=\"2494\" \/>\n<meta property=\"product:condition\" content=\"new\" \/>\n<!-- \/ Yoast SEO Premium plugin. -->","yoast_head_json":{"title":"Toyota Lexus Fast Start 2021 - Chiave Di Dispositivi","description":"Toyota Lexus Fast Start 2021 est un programmateur derni\u00e8re g\u00e9n\u00e9ration pour les v\u00e9hicules des marques Toyota et Lexus \u00e0 prix canon sur le net.","robots":{"index":"index","follow":"follow","max-snippet":"max-snippet:-1","max-image-preview":"max-image-preview:large","max-video-preview":"max-video-preview:-1"},"canonical":"https:\/\/www.key-devices.com\/it\/product\/toyota-lexus-fast-start-2021\/","og_locale":"it_IT","og_type":"article","og_title":"Toyota Lexus Fast Start 2021","og_description":"Toyota Lexus Fast Start 2021 est un programmateur derni\u00e8re g\u00e9n\u00e9ration pour les v\u00e9hicules des marques Toyota et Lexus \u00e0 prix canon sur le net.","og_url":"https:\/\/www.key-devices.com\/it\/product\/toyota-lexus-fast-start-2021\/","og_site_name":"KEY DEVICES","article_modified_time":"2025-07-28T11:22:51+00:00","og_image":[{"width":315,"height":457,"url":"https:\/\/www.key-devices.com\/wp-content\/uploads\/Toyota-Lexus-Fast-Start-2021-N\u00b01.jpg","type":"image\/jpeg"}],"twitter_card":"summary_large_image","twitter_misc":{"Prezzo":"","Disponibilit\u00e0":"In stock"},"schema":{"@context":"https:\/\/schema.org","@graph":[{"@type":"WebPage","@id":"https:\/\/www.key-devices.com\/product\/toyota-lexus-fast-start-2021\/","url":"https:\/\/www.key-devices.com\/product\/toyota-lexus-fast-start-2021\/","name":"Toyota Lexus Fast Start 2021 - Chiave Di Dispositivi","isPartOf":{"@id":"https:\/\/www.key-devices.com\/#website"},"primaryImageOfPage":{"@id":"https:\/\/www.key-devices.com\/product\/toyota-lexus-fast-start-2021\/#primaryimage"},"image":{"@id":"https:\/\/www.key-devices.com\/product\/toyota-lexus-fast-start-2021\/#primaryimage"},"thumbnailUrl":"https:\/\/www.key-devices.com\/wp-content\/uploads\/Toyota-Lexus-Fast-Start-2021-N\u00b01.jpg","datePublished":"2025-06-07T18:42:14+00:00","dateModified":"2025-07-28T11:22:51+00:00","description":"Toyota Lexus Fast Start 2021 est un programmateur derni\u00e8re g\u00e9n\u00e9ration pour les v\u00e9hicules des marques Toyota et Lexus \u00e0 prix canon sur le net.","breadcrumb":{"@id":"https:\/\/www.key-devices.com\/product\/toyota-lexus-fast-start-2021\/#breadcrumb"},"inLanguage":"it-IT","potentialAction":[{"@type":"ReadAction","target":["https:\/\/www.key-devices.com\/product\/toyota-lexus-fast-start-2021\/"]}]},{"@type":"ImageObject","inLanguage":"it-IT","@id":"https:\/\/www.key-devices.com\/product\/toyota-lexus-fast-start-2021\/#primaryimage","url":"https:\/\/www.key-devices.com\/wp-content\/uploads\/Toyota-Lexus-Fast-Start-2021-N\u00b01.jpg","contentUrl":"https:\/\/www.key-devices.com\/wp-content\/uploads\/Toyota-Lexus-Fast-Start-2021-N\u00b01.jpg","width":315,"height":457,"caption":"Toyota Lexus Fast Start 2021"},{"@type":"BreadcrumbList","@id":"https:\/\/www.key-devices.com\/product\/toyota-lexus-fast-start-2021\/#breadcrumb","itemListElement":[{"@type":"ListItem","position":1,"name":"Home","item":"https:\/\/www.key-devices.com\/"},{"@type":"ListItem","position":2,"name":"Shop","item":"https:\/\/www.key-devices.com\/shop\/"},{"@type":"ListItem","position":3,"name":"Toyota Lexus Fast Start 2021"}]},{"@type":"WebSite","@id":"https:\/\/www.key-devices.com\/#website","url":"https:\/\/www.key-devices.com\/","name":"DISPOSITIVI CHIAVE","description":"","publisher":{"@id":"https:\/\/www.key-devices.com\/#organization"},"potentialAction":[{"@type":"SearchAction","target":{"@type":"EntryPoint","urlTemplate":"https:\/\/www.key-devices.com\/?s={search_term_string}"},"query-input":{"@type":"PropertyValueSpecification","valueRequired":true,"valueName":"search_term_string"}}],"inLanguage":"it-IT"},{"@type":["Organization","Place"],"@id":"https:\/\/www.key-devices.com\/#organization","name":"Principali Dispositivi","url":"https:\/\/www.key-devices.com\/","logo":{"@id":"https:\/\/www.key-devices.com\/product\/toyota-lexus-fast-start-2021\/#local-main-organization-logo"},"image":{"@id":"https:\/\/www.key-devices.com\/product\/toyota-lexus-fast-start-2021\/#local-main-organization-logo"},"legalName":"Key Devices","telephone":[],"openingHoursSpecification":[{"@type":"OpeningHoursSpecification","dayOfWeek":["Monday","Tuesday","Wednesday","Thursday","Friday","Saturday","Sunday"],"opens":"09:00","closes":"17:00"}]},{"@type":"ImageObject","inLanguage":"it-IT","@id":"https:\/\/www.key-devices.com\/product\/toyota-lexus-fast-start-2021\/#local-main-organization-logo","url":"https:\/\/www.key-devices.com\/wp-content\/uploads\/cropped-Key-Devices-Logo-official-.png","contentUrl":"https:\/\/www.key-devices.com\/wp-content\/uploads\/cropped-Key-Devices-Logo-official-.png","width":512,"height":512,"caption":"Key Devices"}]},"product_price_currency":"EUR","og_availability":"instock","product_availability":"instock","product_retailer_item_id":"2494","product_condition":"new"},"jetpack_sharing_enabled":true,"_links":{"self":[{"href":"https:\/\/www.key-devices.com\/it\/wp-json\/wp\/v2\/product\/10713","targetHints":{"allow":["GET"]}}],"collection":[{"href":"https:\/\/www.key-devices.com\/it\/wp-json\/wp\/v2\/product"}],"about":[{"href":"https:\/\/www.key-devices.com\/it\/wp-json\/wp\/v2\/types\/product"}],"replies":[{"embeddable":true,"href":"https:\/\/www.key-devices.com\/it\/wp-json\/wp\/v2\/comments?post=10713"}],"wp:featuredmedia":[{"embeddable":true,"href":"https:\/\/www.key-devices.com\/it\/wp-json\/wp\/v2\/media\/10575"}],"wp:attachment":[{"href":"https:\/\/www.key-devices.com\/it\/wp-json\/wp\/v2\/media?parent=10713"}],"wp:term":[{"taxonomy":"product_brand","embeddable":true,"href":"https:\/\/www.key-devices.com\/it\/wp-json\/wp\/v2\/product_brand?post=10713"},{"taxonomy":"product_cat","embeddable":true,"href":"https:\/\/www.key-devices.com\/it\/wp-json\/wp\/v2\/product_cat?post=10713"},{"taxonomy":"product_tag","embeddable":true,"href":"https:\/\/www.key-devices.com\/it\/wp-json\/wp\/v2\/product_tag?post=10713"},{"taxonomy":"vehicles","embeddable":true,"href":"https:\/\/www.key-devices.com\/it\/wp-json\/wp\/v2\/vehicles?post=10713"}],"curies":[{"name":"wp","href":"https:\/\/api.w.org\/{rel}","templated":true}]}}