{"id":10715,"date":"2025-06-07T20:42:14","date_gmt":"2025-06-07T18:42:14","guid":{"rendered":"https:\/\/www.key-devices.com\/?post_type=product&#038;p=10715"},"modified":"2025-07-28T13:22:52","modified_gmt":"2025-07-28T11:22:52","slug":"trafic-3-smart-twingo-3-keydevice","status":"publish","type":"product","link":"https:\/\/www.key-devices.com\/it\/product\/trafic-3-smart-twingo-3-keydevice\/","title":{"rendered":"Dispositivo chiave Trafic 3 Smart Twingo 3"},"content":{"rendered":"<h1  style=\"text-align: center;\">INTRODUZIONE<\/h1>\n<p >La RENAULT \/ SMART Device<\/p>\n<p >RENAULT \/ SMART Caratteristiche del Dispositivo RENAULT \/ Applicazione per SMART Device 2. UTILIZZA LA RENAULT \/ SMART DEVICE<\/p>\n<p >A quel punto, la RENAULT \/ SMART Device Tua RENAULT dispositivo \u00e8 dotato di interruttori DIP numerate da 1 a 10, dove \u00e8 possibile definire le funzionalit\u00e0 del dispositivo, e di un LED che si illumina in verde e rosso.<\/p>\n<p >Quindi, RENAULT \/ SMART Device Caratteristiche: Chiave\/Scheda di Programmazione \u2013 1, 2, 3, o 4 tasti\/biglietti. Se tutte le chiavi sono perse, si deve primo programma premendo il tasto 1, poi il programma di tutti gli altri tasti.<\/p>\n<p >RENAULT \/ Applicazione per SMART Device di Questo dispositivo \u00e8 stato progettato per fabbro negozi, auto officine, auto officine, etc. Il dispositivo \u00e8 in grado di aiutare in tutti i casi in cui \u00e8 necessario aggiungere vuoto chiavi\/carte per una Renault veicolo.<\/p>\n<p >Infine, funziona tramite OBDII e non richiede che il veicolo codice PIN o un PC. La procedura di apprendimento dura da 30 secondi a 5 minuti (a seconda dell&#039;auto e se tutte le chiavi sono perse o non). Hai la possibilit\u00e0 di imparare le chiavi\/carte quando il proprietario dell&#039;auto ha perso tutte le chiavi.<\/p>\n<h1><\/h1>\n<h1  style=\"text-align: center;\">UTILIZZA LA RENAULT \/ SMART DEVICE<\/h1>\n<p >Renault Twingo 3, Renault Trafic 3, Smart 453 veicoli:<\/p>\n<ul>\n<li >Prima dell&#039;accensione del motore, con la lama della chiave (senza transponder) e inserire il transponder in l&#039;antenna del dispositivo.<\/li>\n<li >Posizionare il dispositivo nel veicolo OBDII porta, e il LED si illumina in verde.<\/li>\n<li >A quel punto, quando il dispositivo \u00e8 rosso e lampeggia una volta, rimuovere la lama della chiave e inserire il transponder dall&#039;antenna nella chiave. Non appena la lama della chiave viene estratta dal blocchetto, il LED si accende in rosso fisso. A questo punto, accendere il motore con la chiave completo (lama e transponder).<\/li>\n<li >Dopo 3-4 secondi, il dispositivo inizier\u00e0 a lampeggiare verde, che indica che la procedura \u00e8 completa e il tasto di programmazione.<\/li>\n<li >Quindi rimuovere il dispositivo, spegnere il motore una volta, e l&#039;auto sar\u00e0 pronta a partire, e il telecomando da programmare (se presente). Smart 450 e 452 veicoli:<\/li>\n<\/ul>\n<p>&nbsp;<\/p>\n<ul>\n<li >Primo, accendere il motore con la chiave e posizionare l&#039;antenna del dispositivo sulla parte superiore del tasto.<\/li>\n<li >Posizionare il dispositivo nel veicolo OBDII porta, e il LED si illumina in verde.<\/li>\n<li >Poi, non appena la lama viene rimosso dal blocchetto di accensione, il LED si illumina in rosso fisso. A questo punto, spegnere il motore e riaccenderlo con il tasto.<\/li>\n<li >Dopo 3-4 secondi, il dispositivo inizia a lampeggiare in verde, che indica che la procedura \u00e8 completa e il tasto di programmazione.<\/li>\n<li >Quindi rimuovere il dispositivo, spegnere il motore una volta, e l&#039;auto sar\u00e0 pronta a partire, e il telecomando da programmare.<\/li>\n<\/ul>\n<p ><span style=\"color: #ff0000;\"><strong>* I NOSTRI DISPOSITIVI SONO VENDUTI ESCLUSIVAMENTE PER USO UFFICIALE E PRIVATO. NON SIAMO RESPONSABILI PER EVENTUALI UTILIZZI FRAUDOLENTI O ILLEGALI DELLE APPARECCHIATURE CHE VI VENDEREMO.<\/strong><\/span><\/p>","protected":false},"excerpt":{"rendered":"<p class=\"ai-optimize-46\">Questo dispositivo copre il 451\/452 modelli:<\/p>\n<p class=\"ai-optimize-47\">&#8211; Renault Twingo 3<br \/>\n&#8211; Then, Smart 453<br \/>\n&#8211; Finally, the Renault Trafic 3 model<\/p>","protected":false},"featured_media":10577,"comment_status":"open","ping_status":"closed","template":"","meta":{"_monsterinsights_skip_tracking":false,"_monsterinsights_sitenote_active":false,"_monsterinsights_sitenote_note":"","_monsterinsights_sitenote_category":0},"product_brand":[1163],"product_cat":[516],"product_tag":[558,559,562,563,564,572,573,575,542,585,526,586,554,587,588,599,618,622,623,624,544,684,685,686],"vehicles":[1090,1089],"class_list":{"0":"post-10715","1":"product","2":"type-product","3":"status-publish","4":"has-post-thumbnail","6":"product_brand-renault","7":"product_cat-key-programmer","8":"product_tag-autodevice","9":"product_tag-autokeydevice","10":"product_tag-cle-auto","11":"product_tag-cles-auto","12":"product_tag-cles-de-voiture","13":"product_tag-diagnostic-key","14":"product_tag-diagnostickey","15":"product_tag-encoder","16":"product_tag-key-device","17":"product_tag-key-devices","18":"product_tag-key-programmer","19":"product_tag-key-programmeur","20":"product_tag-keydevice","21":"product_tag-keydevices","22":"product_tag-keyprogrammer","23":"product_tag-lock-smith","24":"product_tag-noimmo","25":"product_tag-prodecoder","26":"product_tag-programmateur-de-cle","27":"product_tag-programmeur-cle","28":"product_tag-renault","29":"product_tag-smart","30":"product_tag-trafic-iii","31":"product_tag-twingo-iii","32":"vehicles-renault-traffic-3","33":"vehicles-renault-twingo-3","35":"first","36":"instock","37":"shipping-taxable","38":"product-type-simple"},"yoast_head":"<!-- This site is optimized with the Yoast SEO Premium plugin v25.5 (Yoast SEO v27.4) - https:\/\/yoast.com\/product\/yoast-seo-premium-wordpress\/ -->\n<title>Smart 453 452 451 twingo 3 Keydevice<\/title>\n<meta name=\"description\" content=\"Profitez d&#039;un prix promo pour ce Key Programmer Smart 453 452 451 twingo 3 Keydevice qui vous permettra d&#039;obtenir un double de cl\u00e9 pour les..\" \/>\n<meta name=\"robots\" content=\"index, follow, max-snippet:-1, max-image-preview:large, max-video-preview:-1\" \/>\n<link rel=\"canonical\" href=\"https:\/\/www.key-devices.com\/it\/product\/trafic-3-smart-twingo-3-keydevice\/\" \/>\n<meta property=\"og:locale\" content=\"it_IT\" \/>\n<meta property=\"og:type\" content=\"article\" \/>\n<meta property=\"og:title\" content=\"Trafic 3 Smart Twingo 3 Keydevice\" \/>\n<meta property=\"og:description\" content=\"Profitez d&#039;un prix promo pour ce Key Programmer Smart 453 452 451 twingo 3 Keydevice qui vous permettra d&#039;obtenir un double de cl\u00e9 pour les..\" \/>\n<meta property=\"og:url\" content=\"https:\/\/www.key-devices.com\/it\/product\/trafic-3-smart-twingo-3-keydevice\/\" \/>\n<meta property=\"og:site_name\" content=\"KEY DEVICES\" \/>\n<meta property=\"article:modified_time\" content=\"2025-07-28T11:22:52+00:00\" \/>\n<meta property=\"og:image\" content=\"https:\/\/www.key-devices.com\/wp-content\/uploads\/PHOTO-2021-03-16-10-19-43.jpg\" \/>\n\t<meta property=\"og:image:width\" content=\"900\" \/>\n\t<meta property=\"og:image:height\" content=\"1600\" \/>\n\t<meta property=\"og:image:type\" content=\"image\/jpeg\" \/>\n<meta name=\"twitter:card\" content=\"summary_large_image\" \/>\n<meta name=\"twitter:label1\" content=\"Prezzo\" \/>\n\t<meta name=\"twitter:data1\" content=\"\" \/>\n\t<meta name=\"twitter:label2\" content=\"Disponibilit\u00e0\" \/>\n\t<meta name=\"twitter:data2\" content=\"In stock\" \/>\n<script type=\"application\/ld+json\" class=\"yoast-schema-graph\">{\"@context\":\"https:\\\/\\\/schema.org\",\"@graph\":[{\"@type\":\"WebPage\",\"@id\":\"https:\\\/\\\/www.key-devices.com\\\/product\\\/trafic-3-smart-twingo-3-keydevice\\\/\",\"url\":\"https:\\\/\\\/www.key-devices.com\\\/product\\\/trafic-3-smart-twingo-3-keydevice\\\/\",\"name\":\"Smart 453 452 451 twingo 3 Keydevice\",\"isPartOf\":{\"@id\":\"https:\\\/\\\/www.key-devices.com\\\/#website\"},\"primaryImageOfPage\":{\"@id\":\"https:\\\/\\\/www.key-devices.com\\\/product\\\/trafic-3-smart-twingo-3-keydevice\\\/#primaryimage\"},\"image\":{\"@id\":\"https:\\\/\\\/www.key-devices.com\\\/product\\\/trafic-3-smart-twingo-3-keydevice\\\/#primaryimage\"},\"thumbnailUrl\":\"https:\\\/\\\/www.key-devices.com\\\/wp-content\\\/uploads\\\/PHOTO-2021-03-16-10-19-43.jpg\",\"datePublished\":\"2025-06-07T18:42:14+00:00\",\"dateModified\":\"2025-07-28T11:22:52+00:00\",\"description\":\"Profitez d'un prix promo pour ce Key Programmer Smart 453 452 451 twingo 3 Keydevice qui vous permettra d'obtenir un double de cl\u00e9 pour les..\",\"breadcrumb\":{\"@id\":\"https:\\\/\\\/www.key-devices.com\\\/product\\\/trafic-3-smart-twingo-3-keydevice\\\/#breadcrumb\"},\"inLanguage\":\"it-IT\",\"potentialAction\":[{\"@type\":\"ReadAction\",\"target\":[\"https:\\\/\\\/www.key-devices.com\\\/product\\\/trafic-3-smart-twingo-3-keydevice\\\/\"]}]},{\"@type\":\"ImageObject\",\"inLanguage\":\"it-IT\",\"@id\":\"https:\\\/\\\/www.key-devices.com\\\/product\\\/trafic-3-smart-twingo-3-keydevice\\\/#primaryimage\",\"url\":\"https:\\\/\\\/www.key-devices.com\\\/wp-content\\\/uploads\\\/PHOTO-2021-03-16-10-19-43.jpg\",\"contentUrl\":\"https:\\\/\\\/www.key-devices.com\\\/wp-content\\\/uploads\\\/PHOTO-2021-03-16-10-19-43.jpg\",\"width\":900,\"height\":1600,\"caption\":\"Smart 453 452 451 twingo 3 Keydevice\"},{\"@type\":\"BreadcrumbList\",\"@id\":\"https:\\\/\\\/www.key-devices.com\\\/product\\\/trafic-3-smart-twingo-3-keydevice\\\/#breadcrumb\",\"itemListElement\":[{\"@type\":\"ListItem\",\"position\":1,\"name\":\"Home\",\"item\":\"https:\\\/\\\/www.key-devices.com\\\/\"},{\"@type\":\"ListItem\",\"position\":2,\"name\":\"Shop\",\"item\":\"https:\\\/\\\/www.key-devices.com\\\/shop\\\/\"},{\"@type\":\"ListItem\",\"position\":3,\"name\":\"Trafic 3 Smart Twingo 3 Keydevice\"}]},{\"@type\":\"WebSite\",\"@id\":\"https:\\\/\\\/www.key-devices.com\\\/#website\",\"url\":\"https:\\\/\\\/www.key-devices.com\\\/\",\"name\":\"KEY DEVICES\",\"description\":\"\",\"publisher\":{\"@id\":\"https:\\\/\\\/www.key-devices.com\\\/#organization\"},\"potentialAction\":[{\"@type\":\"SearchAction\",\"target\":{\"@type\":\"EntryPoint\",\"urlTemplate\":\"https:\\\/\\\/www.key-devices.com\\\/?s={search_term_string}\"},\"query-input\":{\"@type\":\"PropertyValueSpecification\",\"valueRequired\":true,\"valueName\":\"search_term_string\"}}],\"inLanguage\":\"it-IT\"},{\"@type\":[\"Organization\",\"Place\"],\"@id\":\"https:\\\/\\\/www.key-devices.com\\\/#organization\",\"name\":\"Key Devices\",\"url\":\"https:\\\/\\\/www.key-devices.com\\\/\",\"logo\":{\"@id\":\"https:\\\/\\\/www.key-devices.com\\\/product\\\/trafic-3-smart-twingo-3-keydevice\\\/#local-main-organization-logo\"},\"image\":{\"@id\":\"https:\\\/\\\/www.key-devices.com\\\/product\\\/trafic-3-smart-twingo-3-keydevice\\\/#local-main-organization-logo\"},\"legalName\":\"Key Devices\",\"telephone\":[],\"openingHoursSpecification\":[{\"@type\":\"OpeningHoursSpecification\",\"dayOfWeek\":[\"Monday\",\"Tuesday\",\"Wednesday\",\"Thursday\",\"Friday\",\"Saturday\",\"Sunday\"],\"opens\":\"09:00\",\"closes\":\"17:00\"}]},{\"@type\":\"ImageObject\",\"inLanguage\":\"it-IT\",\"@id\":\"https:\\\/\\\/www.key-devices.com\\\/product\\\/trafic-3-smart-twingo-3-keydevice\\\/#local-main-organization-logo\",\"url\":\"https:\\\/\\\/www.key-devices.com\\\/wp-content\\\/uploads\\\/cropped-Key-Devices-Logo-official-.png\",\"contentUrl\":\"https:\\\/\\\/www.key-devices.com\\\/wp-content\\\/uploads\\\/cropped-Key-Devices-Logo-official-.png\",\"width\":512,\"height\":512,\"caption\":\"Key Devices\"}]}<\/script>\n<meta property=\"product:price:currency\" content=\"EUR\" \/>\n<meta property=\"og:availability\" content=\"instock\" \/>\n<meta property=\"product:availability\" content=\"instock\" \/>\n<meta property=\"product:retailer_item_id\" content=\"2545\" \/>\n<meta property=\"product:condition\" content=\"new\" \/>\n<!-- \/ Yoast SEO Premium plugin. -->","yoast_head_json":{"title":"Smart 453 452 451 twingo 3 Keydevice","description":"Profitez d&#039;un premio di promo pour ce del Programmatore di Chiave Smart 453 452 451 twingo 3 Keydevice qui vous permettra d&#039;obtenir onu doppio cl\u00e9 de pour les..","robots":{"index":"index","follow":"follow","max-snippet":"max-snippet:-1","max-image-preview":"max-image-preview:large","max-video-preview":"max-video-preview:-1"},"canonical":"https:\/\/www.key-devices.com\/it\/product\/trafic-3-smart-twingo-3-keydevice\/","og_locale":"it_IT","og_type":"article","og_title":"Trafic 3 Smart Twingo 3 Keydevice","og_description":"Profitez d'un prix promo pour ce Key Programmer Smart 453 452 451 twingo 3 Keydevice qui vous permettra d'obtenir un double de cl\u00e9 pour les..","og_url":"https:\/\/www.key-devices.com\/it\/product\/trafic-3-smart-twingo-3-keydevice\/","og_site_name":"KEY DEVICES","article_modified_time":"2025-07-28T11:22:52+00:00","og_image":[{"width":900,"height":1600,"url":"https:\/\/www.key-devices.com\/wp-content\/uploads\/PHOTO-2021-03-16-10-19-43.jpg","type":"image\/jpeg"}],"twitter_card":"summary_large_image","twitter_misc":{"Prezzo":"","Disponibilit\u00e0":"In stock"},"schema":{"@context":"https:\/\/schema.org","@graph":[{"@type":"WebPage","@id":"https:\/\/www.key-devices.com\/product\/trafic-3-smart-twingo-3-keydevice\/","url":"https:\/\/www.key-devices.com\/product\/trafic-3-smart-twingo-3-keydevice\/","name":"Smart 453 452 451 twingo 3 Keydevice","isPartOf":{"@id":"https:\/\/www.key-devices.com\/#website"},"primaryImageOfPage":{"@id":"https:\/\/www.key-devices.com\/product\/trafic-3-smart-twingo-3-keydevice\/#primaryimage"},"image":{"@id":"https:\/\/www.key-devices.com\/product\/trafic-3-smart-twingo-3-keydevice\/#primaryimage"},"thumbnailUrl":"https:\/\/www.key-devices.com\/wp-content\/uploads\/PHOTO-2021-03-16-10-19-43.jpg","datePublished":"2025-06-07T18:42:14+00:00","dateModified":"2025-07-28T11:22:52+00:00","description":"Profitez d&#039;un premio di promo pour ce del Programmatore di Chiave Smart 453 452 451 twingo 3 Keydevice qui vous permettra d&#039;obtenir onu doppio cl\u00e9 de pour les..","breadcrumb":{"@id":"https:\/\/www.key-devices.com\/product\/trafic-3-smart-twingo-3-keydevice\/#breadcrumb"},"inLanguage":"it-IT","potentialAction":[{"@type":"ReadAction","target":["https:\/\/www.key-devices.com\/product\/trafic-3-smart-twingo-3-keydevice\/"]}]},{"@type":"ImageObject","inLanguage":"it-IT","@id":"https:\/\/www.key-devices.com\/product\/trafic-3-smart-twingo-3-keydevice\/#primaryimage","url":"https:\/\/www.key-devices.com\/wp-content\/uploads\/PHOTO-2021-03-16-10-19-43.jpg","contentUrl":"https:\/\/www.key-devices.com\/wp-content\/uploads\/PHOTO-2021-03-16-10-19-43.jpg","width":900,"height":1600,"caption":"Smart 453 452 451 twingo 3 Keydevice"},{"@type":"BreadcrumbList","@id":"https:\/\/www.key-devices.com\/product\/trafic-3-smart-twingo-3-keydevice\/#breadcrumb","itemListElement":[{"@type":"ListItem","position":1,"name":"Home","item":"https:\/\/www.key-devices.com\/"},{"@type":"ListItem","position":2,"name":"Shop","item":"https:\/\/www.key-devices.com\/shop\/"},{"@type":"ListItem","position":3,"name":"Trafic 3 Smart Twingo 3 Keydevice"}]},{"@type":"WebSite","@id":"https:\/\/www.key-devices.com\/#website","url":"https:\/\/www.key-devices.com\/","name":"DISPOSITIVI CHIAVE","description":"","publisher":{"@id":"https:\/\/www.key-devices.com\/#organization"},"potentialAction":[{"@type":"SearchAction","target":{"@type":"EntryPoint","urlTemplate":"https:\/\/www.key-devices.com\/?s={search_term_string}"},"query-input":{"@type":"PropertyValueSpecification","valueRequired":true,"valueName":"search_term_string"}}],"inLanguage":"it-IT"},{"@type":["Organization","Place"],"@id":"https:\/\/www.key-devices.com\/#organization","name":"Principali Dispositivi","url":"https:\/\/www.key-devices.com\/","logo":{"@id":"https:\/\/www.key-devices.com\/product\/trafic-3-smart-twingo-3-keydevice\/#local-main-organization-logo"},"image":{"@id":"https:\/\/www.key-devices.com\/product\/trafic-3-smart-twingo-3-keydevice\/#local-main-organization-logo"},"legalName":"Key Devices","telephone":[],"openingHoursSpecification":[{"@type":"OpeningHoursSpecification","dayOfWeek":["Monday","Tuesday","Wednesday","Thursday","Friday","Saturday","Sunday"],"opens":"09:00","closes":"17:00"}]},{"@type":"ImageObject","inLanguage":"it-IT","@id":"https:\/\/www.key-devices.com\/product\/trafic-3-smart-twingo-3-keydevice\/#local-main-organization-logo","url":"https:\/\/www.key-devices.com\/wp-content\/uploads\/cropped-Key-Devices-Logo-official-.png","contentUrl":"https:\/\/www.key-devices.com\/wp-content\/uploads\/cropped-Key-Devices-Logo-official-.png","width":512,"height":512,"caption":"Key Devices"}]},"product_price_currency":"EUR","og_availability":"instock","product_availability":"instock","product_retailer_item_id":"2545","product_condition":"new"},"jetpack_sharing_enabled":true,"_links":{"self":[{"href":"https:\/\/www.key-devices.com\/it\/wp-json\/wp\/v2\/product\/10715","targetHints":{"allow":["GET"]}}],"collection":[{"href":"https:\/\/www.key-devices.com\/it\/wp-json\/wp\/v2\/product"}],"about":[{"href":"https:\/\/www.key-devices.com\/it\/wp-json\/wp\/v2\/types\/product"}],"replies":[{"embeddable":true,"href":"https:\/\/www.key-devices.com\/it\/wp-json\/wp\/v2\/comments?post=10715"}],"wp:featuredmedia":[{"embeddable":true,"href":"https:\/\/www.key-devices.com\/it\/wp-json\/wp\/v2\/media\/10577"}],"wp:attachment":[{"href":"https:\/\/www.key-devices.com\/it\/wp-json\/wp\/v2\/media?parent=10715"}],"wp:term":[{"taxonomy":"product_brand","embeddable":true,"href":"https:\/\/www.key-devices.com\/it\/wp-json\/wp\/v2\/product_brand?post=10715"},{"taxonomy":"product_cat","embeddable":true,"href":"https:\/\/www.key-devices.com\/it\/wp-json\/wp\/v2\/product_cat?post=10715"},{"taxonomy":"product_tag","embeddable":true,"href":"https:\/\/www.key-devices.com\/it\/wp-json\/wp\/v2\/product_tag?post=10715"},{"taxonomy":"vehicles","embeddable":true,"href":"https:\/\/www.key-devices.com\/it\/wp-json\/wp\/v2\/vehicles?post=10715"}],"curies":[{"name":"wp","href":"https:\/\/api.w.org\/{rel}","templated":true}]}}