{"id":11045,"date":"2025-07-16T17:49:21","date_gmt":"2025-07-16T15:49:21","guid":{"rendered":"https:\/\/www.key-devices.com\/?post_type=product&#038;p=11045"},"modified":"2025-09-15T15:36:51","modified_gmt":"2025-09-15T13:36:51","slug":"spark-3-smart-key-emulator-for-nissan-and-infiniti-2024","status":"publish","type":"product","link":"https:\/\/www.key-devices.com\/it\/product\/spark-3-smart-key-emulator-for-nissan-and-infiniti-2024\/","title":{"rendered":"EMULATORE CHIAVE INTELLIGENTE Spark-3 per Nissan e Infiniti 2024"},"content":{"rendered":"<h1 class=\"product_title entry-title\" style=\"text-align: center;\">EMULATORE CHIAVE INTELLIGENTE Spark-3 per Nissan e Infiniti 2024<\/h1>\n<p>&nbsp;<\/p>\n<p>Prima di tutto, questa \u201cScintilla-3 SMART KEY EMULATORE Per Nissan e Infiniti 2024\u201d dispositivo consente di creare un duplicato di chiave persa per veicoli 2022, o anche i pi\u00f9 recenti modelli.<\/p>\n<p>Infatti, tutto \u00e8 fatto in 30 secondi!!!!<\/p>\n<p>Infine, tutte le istruzioni su come utilizzare questo dispositivo sono contenute in un opuscolo, con dettagli precisi sulle varie caratteristiche e funzionalit\u00e0 offerte.<\/p>\n<p>Infine, non esitate a contattarci per ulteriori informazioni su prezzi, la consegna o ulteriori dettagli circa il prodotto.<\/p>\n<p>CARATTERISTICHE DEL DISPOSITIVO:<\/p>\n<p>1. Il dispositivo consente di sbloccare, bloccare, e avviare il motore del veicolo.<br \/>\n2. Il dispositivo visualizza il codice PIN calcolato per la programmazione delle chiavi tramite il connettore diagnostico.<br \/>\n3. Calcola i nuovi dati del veicolo da codice PIN direttamente sul dispositivo, senza un computer. 4. Quindi, un programma basato su PC per accelerare i calcoli per i nuovi veicoli.<br \/>\n6. Un 3D antenna di alta qualit\u00e0 per la ricezione di dati dal veicolo.<br \/>\n7. Un unico codice PIN per accendere il dispositivo.<br \/>\n9. Infine, \u00e8 alimentato da batterie LiPo.<\/p>\n<h2 class=\"product_title entry-title\" style=\"text-align: center;\">Per Nissan e Infiniti 2024<\/h2>\n<p>&nbsp;<\/p>\n<p>Per i veicoli:<\/p>\n<div dir=\"ltr\">\n<ul>\n<li>INFINITI Mxx\/Q70 (Y51) 2012-2019 EUR\/USA\/JPN<\/li>\n<li>QX56\/Q80 (Y62) 2010-2022 EUR\/\u00c9tats-Unis\/JPN<\/li>\n<li>Quindi, NISSAN PATROL 6 (Y62) 2010+ EUR\/USA\/JPN<\/li>\n<li>ARMADA 2 (Y62) 2016+ EUR\/USA\/JPN<\/li>\n<li>NAVARA 4 (D23) 2014+ EUR\/USA\/JPN<\/li>\n<li>FRONTI\u00c8RE (D23) 2014+ EUR\/USA\/JPN<\/li>\n<li>JUKE 1 (F15) 2010-2019 EUR\/\u00c9tats-Unis\/JPN<\/li>\n<li>Quindi, FEUILLE 1 (ZE0) 2010-2017 EUR\/USA\/JPN<\/li>\n<li>NOTA 2 (E12) 2012-2020 EUR\/USA\/JPN<\/li>\n<li>SENTRA (B17) 2012-2019 EUR\/\u00c9tats-Unis\/JPN<\/li>\n<li>Then, SERENA 4 (C26) 2012-2016 EUR\/USA\/JPN<\/li>\n<li>A quel punto, MICRA (K13) 2010-2017 EUR\/USA\/JPN<\/li>\n<li>FUGA 2 (Y51) 2009+ EUR\/USA\/JPN<\/li>\n<li>CIMA V (Y51) 2012+ EUR\/USA\/JPN<\/li>\n<li>VERSA II (C17) 2014-2019 EUR\/USA\/JPN<\/li>\n<li>Infine, MERCEDES CLASSE X 2017-2020 EUR\/USA\/JPN<\/li>\n<li>RENAULT ALASKAN 2017+ EUR\/USA\/JPN<\/li>\n<\/ul>\n<h2 class=\"product_title entry-title\" style=\"text-align: center;\">Per Nissan e Infiniti 2024<\/h2>\n<p>Aggiornamento 2023:<\/p>\n<ul>\n<li>ALTIMA 5 (L33) 2012-2018<\/li>\n<li>Then,MAXIMA VII 2015+<\/li>\n<li>MURANO (Z52) 2014-2022<\/li>\n<li>PATHFINDER (K52) 2014-2020<\/li>\n<li>Then, SKYLINE (V37) 2014-2019<\/li>\n<li>TEANA (L33) 2014-2020<\/li>\n<li>TITAN II 2016+<\/li>\n<li>Then, INFINITI Q50 (I) 2013+<\/li>\n<li>INFINITI Q60 (mi) 2013+<\/li>\n<li>INFINITI QX60 (MI) 2012+<\/li>\n<li>Nissan Leaf 2 (ZE10) 2017+<\/li>\n<\/ul>\n<h2 class=\"product_title entry-title\" style=\"text-align: center;\">Per Nissan e Infiniti 2024<\/h2>\n<p>Nuovo Aggiornamento 2024<\/p>\n<ul>\n<li>NATS-9 2024<\/li>\n<\/ul>\n<p>COMPATIBILE CON NISSAN MODELLI:<\/p>\n<ul>\n<li>Quindi, ALTIMA 6 (L34) 2018-2022<\/li>\n<li>LADRO 2 (II, II FL) 2014-2020<\/li>\n<li>QASHQAI (J11) 2013-2023<\/li>\n<li>Poi, X-TRAIL (T32) 2013-2023 ? \u2013 MAXIMA VII 2015+<\/li>\n<li>MURANO (Z52) 2014-2022<\/li>\n<li>PATHFINDER (K52) 2014-2020<\/li>\n<li>Quindi, SKYLINE (V37) 2014-2019 ?<\/li>\n<li>TEANA (L33) 2014-2020<\/li>\n<li>Infine, TITAN II 2016+<\/li>\n<\/ul>\n<p>COMPATIBILE CON MODELLI INFINITI:<\/p>\n<ul>\n<li>Q50 (Mi) 2013+<\/li>\n<li>Puis, Q60 (Mi) 2013+<\/li>\n<li>QX60 (MI) 2012+<\/li>\n<\/ul>\n<p>CARATTERISTICHE :<\/p>\n<ul>\n<li>TELECOMANDO RF EMULAZIONE<\/li>\n<li>Quindi, KEYLESS-GO di EMULAZIONE<\/li>\n<li>TIPO DI CHIAVE: HITAG-AES<\/li>\n<\/ul>\n<\/div>\n<p>&nbsp;<\/p>\n<p><strong><span style=\"color: #ff0000;\">* I NOSTRI DISPOSITIVI SONO VENDUTI ESCLUSIVAMENTE PER USO UFFICIALE E PRIVATO. NON SIAMO RESPONSABILI PER EVENTUALI UTILIZZI FRAUDOLENTI O ILLEGALI DELLE APPARECCHIATURE CHE VI VENDEREMO.<\/span><\/strong><\/p>","protected":false},"excerpt":{"rendered":"<p class=\"ai-optimize-36\">CARATTERISTICHE DEL DISPOSITIVO:<\/p>\n<p class=\"ai-optimize-37\">1. Il dispositivo consente di sbloccare, bloccare, e avviare il motore del veicolo.<br \/>\n2. Il dispositivo visualizza il codice PIN calcolato per la programmazione delle chiavi tramite il connettore diagnostico.<br \/>\n3. Calcola i nuovi dati del veicolo da codice PIN direttamente sul dispositivo, senza un computer. 4. Quindi, un programma basato su PC per accelerare i calcoli per i nuovi veicoli.<br \/>\n6. Un 3D antenna di alta qualit\u00e0 per la ricezione di dati dal veicolo.<br \/>\n7. Un unico codice PIN per accendere il dispositivo.<br \/>\n9. Infine, \u00e8 alimentato da batterie LiPo.<\/p>\n<p class=\"ai-optimize-38\">Per i veicoli:<\/p>\n<div dir=\"ltr\">\n<ul>\n<li class=\"ai-optimize-33\">INFINITI Mxx\/Q70 (Y51) 2012-2019 EUR\/USA\/JPN<\/li>\n<li class=\"ai-optimize-33\">QX56\/Q80 (Y62) 2010-2022 EUR\/\u00c9tats-Unis\/JPN<\/li>\n<li class=\"ai-optimize-33\">Quindi, NISSAN PATROL 6 (Y62) 2010+ EUR\/USA\/JPN<\/li>\n<li class=\"ai-optimize-33\">ARMADA 2 (Y62) 2016+ EUR\/USA\/JPN<\/li>\n<li class=\"ai-optimize-33\">NAVARA 4 (D23) 2014+ EUR\/USA\/JPN<\/li>\n<li class=\"ai-optimize-33\">FRONTI\u00c8RE (D23) 2014+ EUR\/USA\/JPN<\/li>\n<li class=\"ai-optimize-33\">JUKE 1 (F15) 2010-2019 EUR\/\u00c9tats-Unis\/JPN<\/li>\n<li class=\"ai-optimize-33\">Quindi, FEUILLE 1 (ZE0) 2010-2017 EUR\/USA\/JPN<\/li>\n<li class=\"ai-optimize-33\">NOTA 2 (E12) 2012-2020 EUR\/USA\/JPN<\/li>\n<li class=\"ai-optimize-33\">SENTRA (B17) 2012-2019 EUR\/\u00c9tats-Unis\/JPN<\/li>\n<li class=\"ai-optimize-33\">SERENA 4 (C26) per il periodo 2012-2016 EUR\/USA\/JPN<\/li>\n<li class=\"ai-optimize-33\">A quel punto, MICRA (K13) 2010-2017 EUR\/USA\/JPN<\/li>\n<li class=\"ai-optimize-33\">FUGA 2 (Y51) 2009+ EUR\/USA\/JPN<\/li>\n<li class=\"ai-optimize-33\">CIMA V (Y51) 2012+ EUR\/USA\/JPN<\/li>\n<li class=\"ai-optimize-33\">VERSA II (C17) 2014-2019 EUR\/USA\/JPN<\/li>\n<li class=\"ai-optimize-33\">Infine, MERCEDES CLASSE X 2017-2020 EUR\/USA\/JPN<\/li>\n<li class=\"ai-optimize-33\">RENAULT ALASKAN 2017+ EUR\/USA\/JPN<\/li>\n<\/ul>\n<p class=\"ai-optimize-34\">Aggiornamento 2023:<\/p>\n<ul>\n<li class=\"ai-optimize-34\">ALTIMA 5 (L33) 2012-2018<\/li>\n<li class=\"ai-optimize-34\">MAXIMA VII 2015+<\/li>\n<li class=\"ai-optimize-34\">MURANO (Z52) 2014-2022<\/li>\n<li class=\"ai-optimize-34\">PATHFINDER (K52) 2014-2020<\/li>\n<li class=\"ai-optimize-34\">SKYLINE (V37) 2014-2019 ? \u2022TEANA (L33) 2014-2020<\/li>\n<li class=\"ai-optimize-34\">TITAN II 2016+<\/li>\n<li class=\"ai-optimize-34\">INFINITI Q50 (mi) 2013+<\/li>\n<li class=\"ai-optimize-34\">INFINITI Q60 (mi) 2013+<\/li>\n<li class=\"ai-optimize-34\">INFINITI QX60 (MI) 2012+<\/li>\n<li class=\"ai-optimize-34\">Nissan Leaf 2 (ZE10) 2017+<\/li>\n<\/ul>\n<\/div>","protected":false},"featured_media":11284,"comment_status":"open","ping_status":"closed","template":"","meta":{"_monsterinsights_skip_tracking":false,"_monsterinsights_sitenote_active":false,"_monsterinsights_sitenote_note":"","_monsterinsights_sitenote_category":0},"product_brand":[1162,1180,1161],"product_cat":[517],"product_tag":[522,542,526,528,529,531,534,1181,1182,1183],"vehicles":[],"class_list":{"0":"post-11045","1":"product","2":"type-product","3":"status-publish","4":"has-post-thumbnail","6":"product_brand-infinity","7":"product_brand-mercedes","8":"product_brand-nissan","9":"product_cat-code-grabbers","10":"product_tag-altima","11":"product_tag-key-device","12":"product_tag-key-programmer","13":"product_tag-murano","14":"product_tag-nissan","15":"product_tag-qashqai","16":"product_tag-rogue","17":"product_tag-skyline","18":"product_tag-titan-2","19":"product_tag-x-trail","21":"first","22":"instock","23":"featured","24":"shipping-taxable","25":"product-type-simple"},"yoast_head":"<!-- This site is optimized with the Yoast SEO Premium plugin v25.5 (Yoast SEO v27.4) - https:\/\/yoast.com\/product\/yoast-seo-premium-wordpress\/ -->\n<title>Spark-3 SMART KEY EMULATOR For Nissan and Infiniti 2024<\/title>\n<meta name=\"description\" content=\"Programmeur de cl\u00e9s pour marque Nissan &amp; Infinity Keydevice \u00e0 prix d\u00e9fiant toute concurrence avec livraison pour toute l&#039;europe.\" \/>\n<meta name=\"robots\" content=\"index, follow, max-snippet:-1, max-image-preview:large, max-video-preview:-1\" \/>\n<link rel=\"canonical\" href=\"https:\/\/www.key-devices.com\/it\/product\/spark-3-smart-key-emulator-for-nissan-and-infiniti-2024\/\" \/>\n<meta property=\"og:locale\" content=\"it_IT\" \/>\n<meta property=\"og:type\" content=\"article\" \/>\n<meta property=\"og:title\" content=\"Spark-3 SMART KEY EMULATOR For Nissan and Infiniti 2024\" \/>\n<meta property=\"og:description\" content=\"Programmeur de cl\u00e9s pour marque Nissan &amp; Infinity Keydevice \u00e0 prix d\u00e9fiant toute concurrence avec livraison pour toute l&#039;europe.\" \/>\n<meta property=\"og:url\" content=\"https:\/\/www.key-devices.com\/it\/product\/spark-3-smart-key-emulator-for-nissan-and-infiniti-2024\/\" \/>\n<meta property=\"og:site_name\" content=\"KEY DEVICES\" \/>\n<meta property=\"article:modified_time\" content=\"2025-09-15T13:36:51+00:00\" \/>\n<meta property=\"og:image\" content=\"https:\/\/www.key-devices.com\/wp-content\/uploads\/Spark-3-SMART-KEY-EMULATOR-For-Nissan-and-Infiniti-2024.jpg\" \/>\n\t<meta property=\"og:image:width\" content=\"1186\" \/>\n\t<meta property=\"og:image:height\" content=\"555\" \/>\n\t<meta property=\"og:image:type\" content=\"image\/jpeg\" \/>\n<meta name=\"twitter:card\" content=\"summary_large_image\" \/>\n<meta name=\"twitter:label1\" content=\"Prezzo\" \/>\n\t<meta name=\"twitter:data1\" content=\"\" \/>\n\t<meta name=\"twitter:label2\" content=\"Disponibilit\u00e0\" \/>\n\t<meta name=\"twitter:data2\" content=\"In stock\" \/>\n<script type=\"application\/ld+json\" class=\"yoast-schema-graph\">{\"@context\":\"https:\\\/\\\/schema.org\",\"@graph\":[{\"@type\":\"WebPage\",\"@id\":\"https:\\\/\\\/www.key-devices.com\\\/product\\\/spark-3-smart-key-emulator-for-nissan-and-infiniti-2024\\\/\",\"url\":\"https:\\\/\\\/www.key-devices.com\\\/product\\\/spark-3-smart-key-emulator-for-nissan-and-infiniti-2024\\\/\",\"name\":\"Spark-3 SMART KEY EMULATOR For Nissan and Infiniti 2024\",\"isPartOf\":{\"@id\":\"https:\\\/\\\/www.key-devices.com\\\/#website\"},\"primaryImageOfPage\":{\"@id\":\"https:\\\/\\\/www.key-devices.com\\\/product\\\/spark-3-smart-key-emulator-for-nissan-and-infiniti-2024\\\/#primaryimage\"},\"image\":{\"@id\":\"https:\\\/\\\/www.key-devices.com\\\/product\\\/spark-3-smart-key-emulator-for-nissan-and-infiniti-2024\\\/#primaryimage\"},\"thumbnailUrl\":\"https:\\\/\\\/www.key-devices.com\\\/wp-content\\\/uploads\\\/Spark-3-SMART-KEY-EMULATOR-For-Nissan-and-Infiniti-2024.jpg\",\"datePublished\":\"2025-07-16T15:49:21+00:00\",\"dateModified\":\"2025-09-15T13:36:51+00:00\",\"description\":\"Programmeur de cl\u00e9s pour marque Nissan & Infinity Keydevice \u00e0 prix d\u00e9fiant toute concurrence avec livraison pour toute l'europe.\",\"breadcrumb\":{\"@id\":\"https:\\\/\\\/www.key-devices.com\\\/product\\\/spark-3-smart-key-emulator-for-nissan-and-infiniti-2024\\\/#breadcrumb\"},\"inLanguage\":\"it-IT\",\"potentialAction\":[{\"@type\":\"ReadAction\",\"target\":[\"https:\\\/\\\/www.key-devices.com\\\/product\\\/spark-3-smart-key-emulator-for-nissan-and-infiniti-2024\\\/\"]}]},{\"@type\":\"ImageObject\",\"inLanguage\":\"it-IT\",\"@id\":\"https:\\\/\\\/www.key-devices.com\\\/product\\\/spark-3-smart-key-emulator-for-nissan-and-infiniti-2024\\\/#primaryimage\",\"url\":\"https:\\\/\\\/www.key-devices.com\\\/wp-content\\\/uploads\\\/Spark-3-SMART-KEY-EMULATOR-For-Nissan-and-Infiniti-2024.jpg\",\"contentUrl\":\"https:\\\/\\\/www.key-devices.com\\\/wp-content\\\/uploads\\\/Spark-3-SMART-KEY-EMULATOR-For-Nissan-and-Infiniti-2024.jpg\",\"width\":1186,\"height\":555,\"caption\":\"Spark-3 SMART KEY EMULATOR For Nissan and Infiniti 2024\"},{\"@type\":\"BreadcrumbList\",\"@id\":\"https:\\\/\\\/www.key-devices.com\\\/product\\\/spark-3-smart-key-emulator-for-nissan-and-infiniti-2024\\\/#breadcrumb\",\"itemListElement\":[{\"@type\":\"ListItem\",\"position\":1,\"name\":\"Home\",\"item\":\"https:\\\/\\\/www.key-devices.com\\\/\"},{\"@type\":\"ListItem\",\"position\":2,\"name\":\"Shop\",\"item\":\"https:\\\/\\\/www.key-devices.com\\\/shop\\\/\"},{\"@type\":\"ListItem\",\"position\":3,\"name\":\"Spark-3 SMART KEY EMULATOR For Nissan and Infiniti 2024\"}]},{\"@type\":\"WebSite\",\"@id\":\"https:\\\/\\\/www.key-devices.com\\\/#website\",\"url\":\"https:\\\/\\\/www.key-devices.com\\\/\",\"name\":\"KEY DEVICES\",\"description\":\"\",\"publisher\":{\"@id\":\"https:\\\/\\\/www.key-devices.com\\\/#organization\"},\"potentialAction\":[{\"@type\":\"SearchAction\",\"target\":{\"@type\":\"EntryPoint\",\"urlTemplate\":\"https:\\\/\\\/www.key-devices.com\\\/?s={search_term_string}\"},\"query-input\":{\"@type\":\"PropertyValueSpecification\",\"valueRequired\":true,\"valueName\":\"search_term_string\"}}],\"inLanguage\":\"it-IT\"},{\"@type\":[\"Organization\",\"Place\"],\"@id\":\"https:\\\/\\\/www.key-devices.com\\\/#organization\",\"name\":\"Key Devices\",\"url\":\"https:\\\/\\\/www.key-devices.com\\\/\",\"logo\":{\"@id\":\"https:\\\/\\\/www.key-devices.com\\\/product\\\/spark-3-smart-key-emulator-for-nissan-and-infiniti-2024\\\/#local-main-organization-logo\"},\"image\":{\"@id\":\"https:\\\/\\\/www.key-devices.com\\\/product\\\/spark-3-smart-key-emulator-for-nissan-and-infiniti-2024\\\/#local-main-organization-logo\"},\"legalName\":\"Key Devices\",\"telephone\":[],\"openingHoursSpecification\":[{\"@type\":\"OpeningHoursSpecification\",\"dayOfWeek\":[\"Monday\",\"Tuesday\",\"Wednesday\",\"Thursday\",\"Friday\",\"Saturday\",\"Sunday\"],\"opens\":\"09:00\",\"closes\":\"17:00\"}]},{\"@type\":\"ImageObject\",\"inLanguage\":\"it-IT\",\"@id\":\"https:\\\/\\\/www.key-devices.com\\\/product\\\/spark-3-smart-key-emulator-for-nissan-and-infiniti-2024\\\/#local-main-organization-logo\",\"url\":\"https:\\\/\\\/www.key-devices.com\\\/wp-content\\\/uploads\\\/cropped-Key-Devices-Logo-official-.png\",\"contentUrl\":\"https:\\\/\\\/www.key-devices.com\\\/wp-content\\\/uploads\\\/cropped-Key-Devices-Logo-official-.png\",\"width\":512,\"height\":512,\"caption\":\"Key Devices\"}]}<\/script>\n<meta property=\"product:price:currency\" content=\"EUR\" \/>\n<meta property=\"og:availability\" content=\"instock\" \/>\n<meta property=\"product:availability\" content=\"instock\" \/>\n<meta property=\"product:retailer_item_id\" content=\"2719-1\" \/>\n<meta property=\"product:condition\" content=\"new\" \/>\n<!-- \/ Yoast SEO Premium plugin. -->","yoast_head_json":{"title":"EMULATORE CHIAVE INTELLIGENTE Spark-3 per Nissan e Infiniti 2024","description":"Programmatore di chiavi per i marchi Nissan e Infinity Keydevice a prezzi imbattibili con consegna in tutta Europa.","robots":{"index":"index","follow":"follow","max-snippet":"max-snippet:-1","max-image-preview":"max-image-preview:large","max-video-preview":"max-video-preview:-1"},"canonical":"https:\/\/www.key-devices.com\/it\/product\/spark-3-smart-key-emulator-for-nissan-and-infiniti-2024\/","og_locale":"it_IT","og_type":"article","og_title":"Spark-3 SMART KEY EMULATOR For Nissan and Infiniti 2024","og_description":"Programmeur de cl\u00e9s pour marque Nissan & Infinity Keydevice \u00e0 prix d\u00e9fiant toute concurrence avec livraison pour toute l'europe.","og_url":"https:\/\/www.key-devices.com\/it\/product\/spark-3-smart-key-emulator-for-nissan-and-infiniti-2024\/","og_site_name":"KEY DEVICES","article_modified_time":"2025-09-15T13:36:51+00:00","og_image":[{"width":1186,"height":555,"url":"https:\/\/www.key-devices.com\/wp-content\/uploads\/Spark-3-SMART-KEY-EMULATOR-For-Nissan-and-Infiniti-2024.jpg","type":"image\/jpeg"}],"twitter_card":"summary_large_image","twitter_misc":{"Prezzo":"","Disponibilit\u00e0":"In stock"},"schema":{"@context":"https:\/\/schema.org","@graph":[{"@type":"WebPage","@id":"https:\/\/www.key-devices.com\/product\/spark-3-smart-key-emulator-for-nissan-and-infiniti-2024\/","url":"https:\/\/www.key-devices.com\/product\/spark-3-smart-key-emulator-for-nissan-and-infiniti-2024\/","name":"EMULATORE CHIAVE INTELLIGENTE Spark-3 per Nissan e Infiniti 2024","isPartOf":{"@id":"https:\/\/www.key-devices.com\/#website"},"primaryImageOfPage":{"@id":"https:\/\/www.key-devices.com\/product\/spark-3-smart-key-emulator-for-nissan-and-infiniti-2024\/#primaryimage"},"image":{"@id":"https:\/\/www.key-devices.com\/product\/spark-3-smart-key-emulator-for-nissan-and-infiniti-2024\/#primaryimage"},"thumbnailUrl":"https:\/\/www.key-devices.com\/wp-content\/uploads\/Spark-3-SMART-KEY-EMULATOR-For-Nissan-and-Infiniti-2024.jpg","datePublished":"2025-07-16T15:49:21+00:00","dateModified":"2025-09-15T13:36:51+00:00","description":"Programmatore di chiavi per i marchi Nissan e Infinity Keydevice a prezzi imbattibili con consegna in tutta Europa.","breadcrumb":{"@id":"https:\/\/www.key-devices.com\/product\/spark-3-smart-key-emulator-for-nissan-and-infiniti-2024\/#breadcrumb"},"inLanguage":"it-IT","potentialAction":[{"@type":"ReadAction","target":["https:\/\/www.key-devices.com\/product\/spark-3-smart-key-emulator-for-nissan-and-infiniti-2024\/"]}]},{"@type":"ImageObject","inLanguage":"it-IT","@id":"https:\/\/www.key-devices.com\/product\/spark-3-smart-key-emulator-for-nissan-and-infiniti-2024\/#primaryimage","url":"https:\/\/www.key-devices.com\/wp-content\/uploads\/Spark-3-SMART-KEY-EMULATOR-For-Nissan-and-Infiniti-2024.jpg","contentUrl":"https:\/\/www.key-devices.com\/wp-content\/uploads\/Spark-3-SMART-KEY-EMULATOR-For-Nissan-and-Infiniti-2024.jpg","width":1186,"height":555,"caption":"Spark-3 SMART KEY EMULATOR For Nissan and Infiniti 2024"},{"@type":"BreadcrumbList","@id":"https:\/\/www.key-devices.com\/product\/spark-3-smart-key-emulator-for-nissan-and-infiniti-2024\/#breadcrumb","itemListElement":[{"@type":"ListItem","position":1,"name":"Home","item":"https:\/\/www.key-devices.com\/"},{"@type":"ListItem","position":2,"name":"Shop","item":"https:\/\/www.key-devices.com\/shop\/"},{"@type":"ListItem","position":3,"name":"Spark-3 SMART KEY EMULATOR For Nissan and Infiniti 2024"}]},{"@type":"WebSite","@id":"https:\/\/www.key-devices.com\/#website","url":"https:\/\/www.key-devices.com\/","name":"DISPOSITIVI CHIAVE","description":"","publisher":{"@id":"https:\/\/www.key-devices.com\/#organization"},"potentialAction":[{"@type":"SearchAction","target":{"@type":"EntryPoint","urlTemplate":"https:\/\/www.key-devices.com\/?s={search_term_string}"},"query-input":{"@type":"PropertyValueSpecification","valueRequired":true,"valueName":"search_term_string"}}],"inLanguage":"it-IT"},{"@type":["Organization","Place"],"@id":"https:\/\/www.key-devices.com\/#organization","name":"Principali Dispositivi","url":"https:\/\/www.key-devices.com\/","logo":{"@id":"https:\/\/www.key-devices.com\/product\/spark-3-smart-key-emulator-for-nissan-and-infiniti-2024\/#local-main-organization-logo"},"image":{"@id":"https:\/\/www.key-devices.com\/product\/spark-3-smart-key-emulator-for-nissan-and-infiniti-2024\/#local-main-organization-logo"},"legalName":"Key Devices","telephone":[],"openingHoursSpecification":[{"@type":"OpeningHoursSpecification","dayOfWeek":["Monday","Tuesday","Wednesday","Thursday","Friday","Saturday","Sunday"],"opens":"09:00","closes":"17:00"}]},{"@type":"ImageObject","inLanguage":"it-IT","@id":"https:\/\/www.key-devices.com\/product\/spark-3-smart-key-emulator-for-nissan-and-infiniti-2024\/#local-main-organization-logo","url":"https:\/\/www.key-devices.com\/wp-content\/uploads\/cropped-Key-Devices-Logo-official-.png","contentUrl":"https:\/\/www.key-devices.com\/wp-content\/uploads\/cropped-Key-Devices-Logo-official-.png","width":512,"height":512,"caption":"Key Devices"}]},"product_price_currency":"EUR","og_availability":"instock","product_availability":"instock","product_retailer_item_id":"2719-1","product_condition":"new"},"jetpack_sharing_enabled":true,"_links":{"self":[{"href":"https:\/\/www.key-devices.com\/it\/wp-json\/wp\/v2\/product\/11045","targetHints":{"allow":["GET"]}}],"collection":[{"href":"https:\/\/www.key-devices.com\/it\/wp-json\/wp\/v2\/product"}],"about":[{"href":"https:\/\/www.key-devices.com\/it\/wp-json\/wp\/v2\/types\/product"}],"replies":[{"embeddable":true,"href":"https:\/\/www.key-devices.com\/it\/wp-json\/wp\/v2\/comments?post=11045"}],"wp:featuredmedia":[{"embeddable":true,"href":"https:\/\/www.key-devices.com\/it\/wp-json\/wp\/v2\/media\/11284"}],"wp:attachment":[{"href":"https:\/\/www.key-devices.com\/it\/wp-json\/wp\/v2\/media?parent=11045"}],"wp:term":[{"taxonomy":"product_brand","embeddable":true,"href":"https:\/\/www.key-devices.com\/it\/wp-json\/wp\/v2\/product_brand?post=11045"},{"taxonomy":"product_cat","embeddable":true,"href":"https:\/\/www.key-devices.com\/it\/wp-json\/wp\/v2\/product_cat?post=11045"},{"taxonomy":"product_tag","embeddable":true,"href":"https:\/\/www.key-devices.com\/it\/wp-json\/wp\/v2\/product_tag?post=11045"},{"taxonomy":"vehicles","embeddable":true,"href":"https:\/\/www.key-devices.com\/it\/wp-json\/wp\/v2\/vehicles?post=11045"}],"curies":[{"name":"wp","href":"https:\/\/api.w.org\/{rel}","templated":true}]}}