{"id":11301,"date":"2025-09-16T10:57:49","date_gmt":"2025-09-16T08:57:49","guid":{"rendered":"https:\/\/www.key-devices.com\/?post_type=product&#038;p=11301"},"modified":"2025-09-16T11:05:24","modified_gmt":"2025-09-16T09:05:24","slug":"keydevice-bmw-f-serie","status":"publish","type":"product","link":"https:\/\/www.key-devices.com\/it\/product\/keydevice-bmw-f-serie\/","title":{"rendered":"Dispositivo chiave Bmw F Serie"},"content":{"rendered":"<h1 style=\"text-align: center;\">Dispositivo chiave Bmw F Serie<\/h1>\n<p>&nbsp;<\/p>\n<div dir=\"ltr\">BKP2 \u2013 BMW CHIAVE PROG 2<\/div>\n<div dir=\"ltr\"><\/div>\n<div dir=\"ltr\">Nuovo BKP2 stand-alone del programmatore di chiave di BMW serie F vetture equipaggiate con CAS ECU con EWS4 (CAS4) e EWS5 (CAS4+) sistemi. Dispositivi utilizza ad alta velocit\u00e0 ENET rete interna per accedere alla chiave di programmazione. Programmazione prende 2 minuti per CAS4 (EWS4) e 8 minuti per DME+CAS4 (EWS5).<\/div>\n<div dir=\"ltr\">!!! 9078 del DME firmware tipi supportati.<\/div>\n<div dir=\"ltr\"><\/div>\n<div dir=\"ltr\">Elenco di veicoli supportati (LCI-lifting\/restyling):<\/div>\n<div dir=\"ltr\"><\/div>\n<ul>\n<li dir=\"ltr\">\u00a05&#039; F07 GT (09\/2008 \u2014 06\/2013)<\/li>\n<li dir=\"ltr\">\u00a05&#039; F07 GT LCI (08\/2012 \u2014 02\/2017)<\/li>\n<li dir=\"ltr\">\u00a05&#039; F10 (01\/2009 \u2014 10\/2016)<\/li>\n<li dir=\"ltr\">\u00a05&#039; F10 LCI (08\/2012 \u2014 10\/2016)<\/li>\n<li dir=\"ltr\">\u00a05&#039; F11 (01\/2009 \u2014 06\/2013) Hatchback<\/li>\n<li dir=\"ltr\">\u00a05&#039; F11 LCI (08\/2012 \u2014 02\/2017)<\/li>\n<li dir=\"ltr\">\u00a05&#039; F18 (08\/2009 \u2014 08\/2013) &#034;a Lungo per il mercato Cinese&#034;<\/li>\n<li dir=\"ltr\">\u00a05&#039; F18 LCI (10\/2012 \u2014 04\/2017) &#034;a Lungo per il mercato Cinese&#034;<\/li>\n<li dir=\"ltr\">\u00a06&#039; F06 Gran Coupe (05\/2011 \u2014 03\/2015)<\/li>\n<li dir=\"ltr\">\u00a06&#039; F06 Gran Coup\u00e9 LCI (05\/2014 \u2014 09\/2018)<\/li>\n<li dir=\"ltr\">6&#039; F12 (10\/2009 \u2014 Tecnico 02\/2015) Convertibile<\/li>\n<li dir=\"ltr\">\u00a06&#039; F12 LCI (05\/2014 \u2014 05\/2018)<\/li>\n<li dir=\"ltr\">\u00a06&#039; F13 (03\/2010 \u2014 tecnico 02\/2015)<\/li>\n<li dir=\"ltr\">\u00a06&#039; F13 LCI (05\/2014 \u2014 10\/2017)<\/li>\n<li dir=\"ltr\">\u00a07&#039; F01 (06\/2007 \u2014 06\/2012)<\/li>\n<li dir=\"ltr\">\u00a07&#039; F01 LCI (05\/2011 \u2014 tecnico 05\/2015)<\/li>\n<li dir=\"ltr\">\u00a07&#039; F02 (07\/2007 \u2014 06\/2012)<\/li>\n<li dir=\"ltr\">7&#039; F02 LCI (05\/2011 \u2014 tecnico 05\/2015)<\/li>\n<li dir=\"ltr\">\u00a07&#039; F03 (04\/2008 \u2014 05\/2012)<\/li>\n<li dir=\"ltr\">\u00a07&#039; F03 LCI (01\/2012 \u2014 03\/2015)<\/li>\n<li dir=\"ltr\">\u00a07&#039; F04 Ibrido (10\/2008 \u2014 06\/2012)<\/li>\n<li dir=\"ltr\">\u00a0X3 F25 (06\/2009 \u2014 08\/2017)<\/li>\n<li dir=\"ltr\">\u00a0X4 (F26 (05\/2013 \u2014 03\/2018)<\/li>\n<li dir=\"ltr\">\u00a0Rolls-Royce Ghost RR4 (08\/2008 \u2014 11\/2019)<\/li>\n<li dir=\"ltr\">\u00a0Rolls-Royce Wraith RR5 (11\/2012 \u2014 12\/2019)<\/li>\n<li dir=\"ltr\">\u00a0Rolls-Royce Alba RR6 (tecnico 04\/2015 \u2014 11\/2019)<\/li>\n<\/ul>\n<div dir=\"ltr\">Descrizione:<\/div>\n<div dir=\"ltr\"><\/div>\n<div dir=\"ltr\">1. Aprire lo sportello della macchina con una chiave meccanica o Turbodecoder HU100R Lock pick.<\/div>\n<div dir=\"ltr\">2. Collegare il BKP2 programmatore in ODB presa di diagnosi. Il LED ROSSO sul<\/div>\n<div dir=\"ltr\">programmatore si accende, indicando che c&#039;\u00e8 un 12V tensione al connettore OBD.<\/div>\n<div dir=\"ltr\">3. BKP2 emetter\u00e0 un segnale acustico che indica l&#039;alta velocit\u00e0 ENET bus di lavoro (potrebbe essere necessario premere il pulsante START o il pedale del freno per riattivare il veicolo di rete). BKP2<\/div>\n<div dir=\"ltr\">si accende il motore e la macchina sar\u00e0 \u201crisvegliato\u201d.<\/div>\n<div dir=\"ltr\">4. Se il livello di allarme \u00e8 attivato (un LED rosso lampeggiante sotto lo specchietto retrovisore), premere<\/div>\n<div dir=\"ltr\">il pulsante della chiusura centralizzata per spegnerlo.<\/div>\n<div dir=\"ltr\">5. Se CAS4 EWS5 sistema installato sul veicolo, ma il dispositivo non \u00e8 necessario firmware, per<\/div>\n<div dir=\"ltr\">di programmazione, sar\u00e0 possibile ascoltare il messaggio vocale \u201cUnit\u00e0 di versione non \u00e8 supportata\u201d, significa che questa versione del software non supporta la programmazione dei tasti funzione e sar\u00e0 aggiunto alla BKP2 nel prossimo updare<\/div>\n<div dir=\"ltr\">BKP2<\/div>\n<div dir=\"ltr\">6. Se il veicolo che la versione del software di supporto, si sentir\u00e0 il messaggio \u201cL&#039;unit\u00e0 elettronica \u00e8 programmata. Si prega di attendere.\u201d, e BKP2 inizier\u00e0 la programmazione di unit\u00e0 elettroniche via ad alta velocit\u00e0 ENET bus. Programmazione prende 2 minuti per CAS4 (EWS4) e 8 minuti per DME+CAS4 (EWS5).<\/div>\n<div dir=\"ltr\">7. Quando la programmazione delle unit\u00e0 \u00e8 completata, si sente un doppio beep-beep e un messaggio vocale \u201cTenere la chiave dal piantone dello sterzo. Chiave di frequenza xxx MHz. \u201c<\/div>\n<div dir=\"ltr\">8. Ci sono cinque diversi tipi di chiave versioni \u2013 315 MHz, 315 MHz \u201cLow Power\u201d, 434 MHz, 434 MHz per il mercato coreano, 868 MHz. Solo il corretto tipo di chiave pu\u00f2 essere programmato in macchina. Come esempio, \u00e8 impossibile programmare 434MHz chiave in una vettura equipaggiata con 868MHz chiavi. Ascoltare attentamente le istruzioni vocali del BKP2.<\/div>\n<div dir=\"ltr\">9. Tenere la chiave corretta la colonna dello sterzo, dove il lettore \u00e8 installato. (Foto con chiave logo sul piantone dello sterzo).<\/div>\n<div dir=\"ltr\">10. Se la chiave non si adatta a questa vettura, si udir\u00e0 un messaggio per quale motivo la chiave non si adatta. Per il successo della chiave di programmazione \u2013 collegare la chiave corretta.<\/div>\n<div dir=\"ltr\">11. Se la chiave si inserisce, si sente un triplo bip-bip-bip. Continuare a tenere premuto il tasto per il piantone dello sterzo, il tasto di programmazione \u00e8 di cinque secondi. Se il tasto \u00e8 stato correttamente programmato, sar\u00e0 possibile ascoltare il messaggio vocale \u201cLa chiave \u00e8 stata correttamente programmato\u201d e un lungo beep \u2013 beeeeeep.<\/div>\n<div dir=\"ltr\"><\/div>\n<div dir=\"ltr\">Informazioni importanti:<\/div>\n<div dir=\"ltr\"><\/div>\n<div dir=\"ltr\">1. L&#039;utilizzo del dispositivo per le azioni penali, \u00e8 vietato.<\/div>\n<div dir=\"ltr\">2. Sempre selezionare la corretta chiave di VIN. Selezionare sempre genuino chiavi. Se Keyless opzione non<\/div>\n<div dir=\"ltr\">di lavoro dopo la programmazione \u2013 key \u00e8 errato frequenza.<\/div>\n<div dir=\"ltr\">3. Se il CAS e DME sono gi\u00e0 state programmate e sbloccati \u2013 nessun riprogrammazione<\/div>\n<div dir=\"ltr\">richiesto, BKP2 va subito al tasto funzione di scrittura.<\/div>\n<div dir=\"ltr\">4. Un totale di 8 tasti possono essere programmati in CAS4.<\/div>\n<div dir=\"ltr\">5. Dispositivo non elimina memorizzati chiavi da CAS memoria.<\/div>\n<div dir=\"ltr\">6. Tasti programmati non bloccato e pu\u00f2 essere riutilizzato.<\/div>\n<div dir=\"ltr\">7. Se tutto gratuito chiave brani sono stati \u201cpersi\u201d \u2013 BKP2 sblocca la prima pista libera e scrive il<\/div>\n<div dir=\"ltr\">chiave ad esso.<\/div>\n<div dir=\"ltr\">8. Se BKP2 dice \u201cLa chiave non \u00e8 scritto\u201d, la chiave per un&#039;auto come questa non sar\u00e0 programmato. Un<\/div>\n<div dir=\"ltr\">possibile ragione \u00e8 una batteria morta nell&#039;auto, che ha causato danni all&#039;unit\u00e0 di memoria in fase di programmazione. Sempre collegare un&#039;altra batteria o alimentazione esterna per i veicoli che non sono stati utilizzati per un lungo periodo di tempo.<\/div>\n<div dir=\"ltr\">9. Se un auto \u00e8 stata accordata o opzioni extra sono stati rimossi o alterati (EGR etc.), dispositivo ripristina originale del firmware di fabbrica e tutti sintonizzati opzioni saranno persi.<\/div>\n<div dir=\"ltr\">10. Se il CAS \u00e8 gi\u00e0 stato programmato con i non-del firmware di fabbrica, la programmazione potrebbe non riuscire e il CAS unit\u00e0 ha bisogno di essere restaurato.<\/div>\n<div dir=\"ltr\">11. Non rimuovere mai BKP2 durante la sessione di programmazione \u2013 alto rischio di danni al veicolo Ecu. Se BKP2 \u00e8 stato rimosso da OBD prima della fine della programmazione della CENTRALINA, quando ci si riconnette il BKP2, verr\u00e0 fatto un tentativo per ripristinare danneggiato i componenti elettronici del veicolo dal backup. Se BKP2 \u00e8 collegato ad un&#039;altra macchina, i dati di backup del precedente auto saranno cancellati.<\/div>\n<p>&nbsp;<\/p>\n<p>&nbsp;<\/p>\n<p><span style=\"color: #ff0000;\">* I NOSTRI DISPOSITIVI SONO VENDUTI ESCLUSIVAMENTE PER USO UFFICIALE E PRIVATO. NON SIAMO RESPONSABILI PER EVENTUALI UTILIZZI FRAUDOLENTI O ILLEGALI DELLE APPARECCHIATURE CHE VI VENDEREMO.<\/span><\/p>","protected":false},"excerpt":{"rendered":"<div dir=\"ltr\">BKP2 \u2013 BMW CHIAVE PROG 2<\/div>\n<div dir=\"ltr\"><\/div>\n<div dir=\"ltr\">Nuovo BKP2 stand-alone del programmatore di chiave di BMW serie F vetture equipaggiate con CAS ECU con EWS4 (CAS4) e EWS5 (CAS4+) sistemi. Dispositivi utilizza ad alta velocit\u00e0 ENET rete interna per accedere alla chiave di programmazione. Programmazione prende 2 minuti per CAS4 (EWS4) e 8 minuti per DME+CAS4 (EWS5).<\/div>\n<div dir=\"ltr\">!!! 9078 del DME firmware tipi supportati.<\/div>\n<div dir=\"ltr\"><\/div>\n<div dir=\"ltr\">Elenco di veicoli supportati (LCI-lifting\/restyling):<\/div>\n<div dir=\"ltr\"><\/div>\n<ul>\n<li dir=\"ltr\">\u00a05&#039; F07 GT (09\/2008 \u2014 06\/2013)<\/li>\n<li dir=\"ltr\">\u00a05&#039; F07 GT LCI (08\/2012 \u2014 02\/2017)<\/li>\n<li dir=\"ltr\">\u00a05&#039; F10 (01\/2009 \u2014 10\/2016)<\/li>\n<li dir=\"ltr\">\u00a05&#039; F10 LCI (08\/2012 \u2014 10\/2016)<\/li>\n<li dir=\"ltr\">\u00a05&#039; F11 (01\/2009 \u2014 06\/2013) Hatchback<\/li>\n<li dir=\"ltr\">\u00a05&#039; F11 LCI (08\/2012 \u2014 02\/2017)<\/li>\n<li dir=\"ltr\">\u00a05&#039; F18 (08\/2009 \u2014 08\/2013) &#034;a Lungo per il mercato Cinese&#034;<\/li>\n<li dir=\"ltr\">\u00a05&#039; F18 LCI (10\/2012 \u2014 04\/2017) &#034;a Lungo per il mercato Cinese&#034;<\/li>\n<li dir=\"ltr\">\u00a06&#039; F06 Gran Coupe (05\/2011 \u2014 03\/2015)<\/li>\n<li dir=\"ltr\">\u00a06&#039; F06 Gran Coup\u00e9 LCI (05\/2014 \u2014 09\/2018)<\/li>\n<li dir=\"ltr\">6&#039; F12 (10\/2009 \u2014 Tecnico 02\/2015) Convertibile<\/li>\n<li dir=\"ltr\">\u00a06&#039; F12 LCI (05\/2014 \u2014 05\/2018)<\/li>\n<li dir=\"ltr\">\u00a06&#039; F13 (03\/2010 \u2014 tecnico 02\/2015)<\/li>\n<li dir=\"ltr\">\u00a06&#039; F13 LCI (05\/2014 \u2014 10\/2017)<\/li>\n<li dir=\"ltr\">\u00a07&#039; F01 (06\/2007 \u2014 06\/2012)<\/li>\n<li dir=\"ltr\">\u00a07&#039; F01 LCI (05\/2011 \u2014 tecnico 05\/2015)<\/li>\n<li dir=\"ltr\">\u00a07&#039; F02 (07\/2007 \u2014 06\/2012)<\/li>\n<li dir=\"ltr\">7&#039; F02 LCI (05\/2011 \u2014 tecnico 05\/2015)<\/li>\n<li dir=\"ltr\">\u00a07&#039; F03 (04\/2008 \u2014 05\/2012)<\/li>\n<li dir=\"ltr\">\u00a07&#039; F03 LCI (01\/2012 \u2014 03\/2015)<\/li>\n<li dir=\"ltr\">\u00a07&#039; F04 Ibrido (10\/2008 \u2014 06\/2012)<\/li>\n<li dir=\"ltr\">\u00a0X3 F25 (06\/2009 \u2014 08\/2017)<\/li>\n<li dir=\"ltr\">\u00a0X4 (F26 (05\/2013 \u2014 03\/2018)<\/li>\n<li dir=\"ltr\">\u00a0Rolls-Royce Ghost RR4 (08\/2008 \u2014 11\/2019)<\/li>\n<li dir=\"ltr\">\u00a0Rolls-Royce Wraith RR5 (11\/2012 \u2014 12\/2019)<\/li>\n<li dir=\"ltr\">\u00a0Rolls-Royce Alba RR6 (tecnico 04\/2015 \u2014 11\/2019)<\/li>\n<\/ul>\n<p>&nbsp;<\/p>","protected":false},"featured_media":11302,"comment_status":"open","ping_status":"closed","template":"","meta":{"_monsterinsights_skip_tracking":false,"_monsterinsights_sitenote_active":false,"_monsterinsights_sitenote_note":"","_monsterinsights_sitenote_category":0},"product_brand":[1171,1238],"product_cat":[516],"product_tag":[1237,1239],"vehicles":[],"class_list":{"0":"post-11301","1":"product","2":"type-product","3":"status-publish","4":"has-post-thumbnail","6":"product_brand-bmw","7":"product_brand-rolls-royce","8":"product_cat-key-programmer","9":"product_tag-alfa-romeo-2016-2025-key-programmer","10":"product_tag-keydevice-bmw-f-serie","12":"first","13":"instock","14":"featured","15":"shipping-taxable","16":"product-type-simple"},"yoast_head":"<!-- This site is optimized with the Yoast SEO Premium plugin v25.5 (Yoast SEO v27.4) - https:\/\/yoast.com\/product\/yoast-seo-premium-wordpress\/ -->\n<title>Keydevice Bmw F Serie - Call : 07.55.98.64.05<\/title>\n<meta name=\"description\" content=\"Keydevice Bmw F Serie, New BKP2 stand-alone key programmer for BMW F-series cars equipped with CAS ECU with EWS4 (CAS4) and EWS5 (CAS4+) systems...\" \/>\n<meta name=\"robots\" content=\"index, follow, max-snippet:-1, max-image-preview:large, max-video-preview:-1\" \/>\n<link rel=\"canonical\" href=\"https:\/\/www.key-devices.com\/it\/product\/keydevice-bmw-f-serie\/\" \/>\n<meta property=\"og:locale\" content=\"it_IT\" \/>\n<meta property=\"og:type\" content=\"article\" \/>\n<meta property=\"og:title\" content=\"Keydevice Bmw F Serie\" \/>\n<meta property=\"og:description\" content=\"Keydevice Bmw F Serie, New BKP2 stand-alone key programmer for BMW F-series cars equipped with CAS ECU with EWS4 (CAS4) and EWS5 (CAS4+) systems...\" \/>\n<meta property=\"og:url\" content=\"https:\/\/www.key-devices.com\/it\/product\/keydevice-bmw-f-serie\/\" \/>\n<meta property=\"og:site_name\" content=\"KEY DEVICES\" \/>\n<meta property=\"article:modified_time\" content=\"2025-09-16T09:05:24+00:00\" \/>\n<meta property=\"og:image\" content=\"https:\/\/www.key-devices.com\/wp-content\/uploads\/Keydevice-Bmw-F-Serie.jpg\" \/>\n\t<meta property=\"og:image:width\" content=\"960\" \/>\n\t<meta property=\"og:image:height\" content=\"1280\" \/>\n\t<meta property=\"og:image:type\" content=\"image\/jpeg\" \/>\n<meta name=\"twitter:card\" content=\"summary_large_image\" \/>\n<meta name=\"twitter:label1\" content=\"Prezzo\" \/>\n\t<meta name=\"twitter:data1\" content=\"\" \/>\n\t<meta name=\"twitter:label2\" content=\"Disponibilit\u00e0\" \/>\n\t<meta name=\"twitter:data2\" content=\"In stock\" \/>\n<script type=\"application\/ld+json\" class=\"yoast-schema-graph\">{\"@context\":\"https:\\\/\\\/schema.org\",\"@graph\":[{\"@type\":\"WebPage\",\"@id\":\"https:\\\/\\\/www.key-devices.com\\\/product\\\/keydevice-bmw-f-serie\\\/\",\"url\":\"https:\\\/\\\/www.key-devices.com\\\/product\\\/keydevice-bmw-f-serie\\\/\",\"name\":\"Keydevice Bmw F Serie - Call : 07.55.98.64.05\",\"isPartOf\":{\"@id\":\"https:\\\/\\\/www.key-devices.com\\\/#website\"},\"primaryImageOfPage\":{\"@id\":\"https:\\\/\\\/www.key-devices.com\\\/product\\\/keydevice-bmw-f-serie\\\/#primaryimage\"},\"image\":{\"@id\":\"https:\\\/\\\/www.key-devices.com\\\/product\\\/keydevice-bmw-f-serie\\\/#primaryimage\"},\"thumbnailUrl\":\"https:\\\/\\\/www.key-devices.com\\\/wp-content\\\/uploads\\\/Keydevice-Bmw-F-Serie.jpg\",\"datePublished\":\"2025-09-16T08:57:49+00:00\",\"dateModified\":\"2025-09-16T09:05:24+00:00\",\"description\":\"Keydevice Bmw F Serie, New BKP2 stand-alone key programmer for BMW F-series cars equipped with CAS ECU with EWS4 (CAS4) and EWS5 (CAS4+) systems...\",\"breadcrumb\":{\"@id\":\"https:\\\/\\\/www.key-devices.com\\\/product\\\/keydevice-bmw-f-serie\\\/#breadcrumb\"},\"inLanguage\":\"it-IT\",\"potentialAction\":[{\"@type\":\"ReadAction\",\"target\":[\"https:\\\/\\\/www.key-devices.com\\\/product\\\/keydevice-bmw-f-serie\\\/\"]}]},{\"@type\":\"ImageObject\",\"inLanguage\":\"it-IT\",\"@id\":\"https:\\\/\\\/www.key-devices.com\\\/product\\\/keydevice-bmw-f-serie\\\/#primaryimage\",\"url\":\"https:\\\/\\\/www.key-devices.com\\\/wp-content\\\/uploads\\\/Keydevice-Bmw-F-Serie.jpg\",\"contentUrl\":\"https:\\\/\\\/www.key-devices.com\\\/wp-content\\\/uploads\\\/Keydevice-Bmw-F-Serie.jpg\",\"width\":960,\"height\":1280,\"caption\":\"Keydevice Bmw F Serie\"},{\"@type\":\"BreadcrumbList\",\"@id\":\"https:\\\/\\\/www.key-devices.com\\\/product\\\/keydevice-bmw-f-serie\\\/#breadcrumb\",\"itemListElement\":[{\"@type\":\"ListItem\",\"position\":1,\"name\":\"Home\",\"item\":\"https:\\\/\\\/www.key-devices.com\\\/\"},{\"@type\":\"ListItem\",\"position\":2,\"name\":\"Shop\",\"item\":\"https:\\\/\\\/www.key-devices.com\\\/shop\\\/\"},{\"@type\":\"ListItem\",\"position\":3,\"name\":\"Keydevice Bmw F Serie\"}]},{\"@type\":\"WebSite\",\"@id\":\"https:\\\/\\\/www.key-devices.com\\\/#website\",\"url\":\"https:\\\/\\\/www.key-devices.com\\\/\",\"name\":\"KEY DEVICES\",\"description\":\"\",\"publisher\":{\"@id\":\"https:\\\/\\\/www.key-devices.com\\\/#organization\"},\"potentialAction\":[{\"@type\":\"SearchAction\",\"target\":{\"@type\":\"EntryPoint\",\"urlTemplate\":\"https:\\\/\\\/www.key-devices.com\\\/?s={search_term_string}\"},\"query-input\":{\"@type\":\"PropertyValueSpecification\",\"valueRequired\":true,\"valueName\":\"search_term_string\"}}],\"inLanguage\":\"it-IT\"},{\"@type\":[\"Organization\",\"Place\"],\"@id\":\"https:\\\/\\\/www.key-devices.com\\\/#organization\",\"name\":\"Key Devices\",\"url\":\"https:\\\/\\\/www.key-devices.com\\\/\",\"logo\":{\"@id\":\"https:\\\/\\\/www.key-devices.com\\\/product\\\/keydevice-bmw-f-serie\\\/#local-main-organization-logo\"},\"image\":{\"@id\":\"https:\\\/\\\/www.key-devices.com\\\/product\\\/keydevice-bmw-f-serie\\\/#local-main-organization-logo\"},\"legalName\":\"Key Devices\",\"telephone\":[],\"openingHoursSpecification\":[{\"@type\":\"OpeningHoursSpecification\",\"dayOfWeek\":[\"Monday\",\"Tuesday\",\"Wednesday\",\"Thursday\",\"Friday\",\"Saturday\",\"Sunday\"],\"opens\":\"09:00\",\"closes\":\"17:00\"}]},{\"@type\":\"ImageObject\",\"inLanguage\":\"it-IT\",\"@id\":\"https:\\\/\\\/www.key-devices.com\\\/product\\\/keydevice-bmw-f-serie\\\/#local-main-organization-logo\",\"url\":\"https:\\\/\\\/www.key-devices.com\\\/wp-content\\\/uploads\\\/cropped-Key-Devices-Logo-official-.png\",\"contentUrl\":\"https:\\\/\\\/www.key-devices.com\\\/wp-content\\\/uploads\\\/cropped-Key-Devices-Logo-official-.png\",\"width\":512,\"height\":512,\"caption\":\"Key Devices\"}]}<\/script>\n<meta property=\"product:price:currency\" content=\"EUR\" \/>\n<meta property=\"og:availability\" content=\"instock\" \/>\n<meta property=\"product:availability\" content=\"instock\" \/>\n<meta property=\"product:retailer_item_id\" content=\"2795-1-1\" \/>\n<meta property=\"product:condition\" content=\"new\" \/>\n<!-- \/ Yoast SEO Premium plugin. -->","yoast_head_json":{"title":"Keydevice Bmw F Serie - Call : 07.55.98.64.05","description":"Keydevice Bmw F Serie, Nuovo BKP2 stand-alone del programmatore di chiave di BMW serie F vetture equipaggiate con CAS ECU con EWS4 (CAS4) e EWS5 (CAS4+) sistemi di...","robots":{"index":"index","follow":"follow","max-snippet":"max-snippet:-1","max-image-preview":"max-image-preview:large","max-video-preview":"max-video-preview:-1"},"canonical":"https:\/\/www.key-devices.com\/it\/product\/keydevice-bmw-f-serie\/","og_locale":"it_IT","og_type":"article","og_title":"Keydevice Bmw F Serie","og_description":"Keydevice Bmw F Serie, New BKP2 stand-alone key programmer for BMW F-series cars equipped with CAS ECU with EWS4 (CAS4) and EWS5 (CAS4+) systems...","og_url":"https:\/\/www.key-devices.com\/it\/product\/keydevice-bmw-f-serie\/","og_site_name":"KEY DEVICES","article_modified_time":"2025-09-16T09:05:24+00:00","og_image":[{"width":960,"height":1280,"url":"https:\/\/www.key-devices.com\/wp-content\/uploads\/Keydevice-Bmw-F-Serie.jpg","type":"image\/jpeg"}],"twitter_card":"summary_large_image","twitter_misc":{"Prezzo":"","Disponibilit\u00e0":"In stock"},"schema":{"@context":"https:\/\/schema.org","@graph":[{"@type":"WebPage","@id":"https:\/\/www.key-devices.com\/product\/keydevice-bmw-f-serie\/","url":"https:\/\/www.key-devices.com\/product\/keydevice-bmw-f-serie\/","name":"Keydevice Bmw F Serie - Call : 07.55.98.64.05","isPartOf":{"@id":"https:\/\/www.key-devices.com\/#website"},"primaryImageOfPage":{"@id":"https:\/\/www.key-devices.com\/product\/keydevice-bmw-f-serie\/#primaryimage"},"image":{"@id":"https:\/\/www.key-devices.com\/product\/keydevice-bmw-f-serie\/#primaryimage"},"thumbnailUrl":"https:\/\/www.key-devices.com\/wp-content\/uploads\/Keydevice-Bmw-F-Serie.jpg","datePublished":"2025-09-16T08:57:49+00:00","dateModified":"2025-09-16T09:05:24+00:00","description":"Keydevice Bmw F Serie, Nuovo BKP2 stand-alone del programmatore di chiave di BMW serie F vetture equipaggiate con CAS ECU con EWS4 (CAS4) e EWS5 (CAS4+) sistemi di...","breadcrumb":{"@id":"https:\/\/www.key-devices.com\/product\/keydevice-bmw-f-serie\/#breadcrumb"},"inLanguage":"it-IT","potentialAction":[{"@type":"ReadAction","target":["https:\/\/www.key-devices.com\/product\/keydevice-bmw-f-serie\/"]}]},{"@type":"ImageObject","inLanguage":"it-IT","@id":"https:\/\/www.key-devices.com\/product\/keydevice-bmw-f-serie\/#primaryimage","url":"https:\/\/www.key-devices.com\/wp-content\/uploads\/Keydevice-Bmw-F-Serie.jpg","contentUrl":"https:\/\/www.key-devices.com\/wp-content\/uploads\/Keydevice-Bmw-F-Serie.jpg","width":960,"height":1280,"caption":"Keydevice Bmw F Serie"},{"@type":"BreadcrumbList","@id":"https:\/\/www.key-devices.com\/product\/keydevice-bmw-f-serie\/#breadcrumb","itemListElement":[{"@type":"ListItem","position":1,"name":"Home","item":"https:\/\/www.key-devices.com\/"},{"@type":"ListItem","position":2,"name":"Shop","item":"https:\/\/www.key-devices.com\/shop\/"},{"@type":"ListItem","position":3,"name":"Keydevice Bmw F Serie"}]},{"@type":"WebSite","@id":"https:\/\/www.key-devices.com\/#website","url":"https:\/\/www.key-devices.com\/","name":"DISPOSITIVI CHIAVE","description":"","publisher":{"@id":"https:\/\/www.key-devices.com\/#organization"},"potentialAction":[{"@type":"SearchAction","target":{"@type":"EntryPoint","urlTemplate":"https:\/\/www.key-devices.com\/?s={search_term_string}"},"query-input":{"@type":"PropertyValueSpecification","valueRequired":true,"valueName":"search_term_string"}}],"inLanguage":"it-IT"},{"@type":["Organization","Place"],"@id":"https:\/\/www.key-devices.com\/#organization","name":"Principali Dispositivi","url":"https:\/\/www.key-devices.com\/","logo":{"@id":"https:\/\/www.key-devices.com\/product\/keydevice-bmw-f-serie\/#local-main-organization-logo"},"image":{"@id":"https:\/\/www.key-devices.com\/product\/keydevice-bmw-f-serie\/#local-main-organization-logo"},"legalName":"Key Devices","telephone":[],"openingHoursSpecification":[{"@type":"OpeningHoursSpecification","dayOfWeek":["Monday","Tuesday","Wednesday","Thursday","Friday","Saturday","Sunday"],"opens":"09:00","closes":"17:00"}]},{"@type":"ImageObject","inLanguage":"it-IT","@id":"https:\/\/www.key-devices.com\/product\/keydevice-bmw-f-serie\/#local-main-organization-logo","url":"https:\/\/www.key-devices.com\/wp-content\/uploads\/cropped-Key-Devices-Logo-official-.png","contentUrl":"https:\/\/www.key-devices.com\/wp-content\/uploads\/cropped-Key-Devices-Logo-official-.png","width":512,"height":512,"caption":"Key Devices"}]},"product_price_currency":"EUR","og_availability":"instock","product_availability":"instock","product_retailer_item_id":"2795-1-1","product_condition":"new"},"jetpack_sharing_enabled":true,"_links":{"self":[{"href":"https:\/\/www.key-devices.com\/it\/wp-json\/wp\/v2\/product\/11301","targetHints":{"allow":["GET"]}}],"collection":[{"href":"https:\/\/www.key-devices.com\/it\/wp-json\/wp\/v2\/product"}],"about":[{"href":"https:\/\/www.key-devices.com\/it\/wp-json\/wp\/v2\/types\/product"}],"replies":[{"embeddable":true,"href":"https:\/\/www.key-devices.com\/it\/wp-json\/wp\/v2\/comments?post=11301"}],"wp:featuredmedia":[{"embeddable":true,"href":"https:\/\/www.key-devices.com\/it\/wp-json\/wp\/v2\/media\/11302"}],"wp:attachment":[{"href":"https:\/\/www.key-devices.com\/it\/wp-json\/wp\/v2\/media?parent=11301"}],"wp:term":[{"taxonomy":"product_brand","embeddable":true,"href":"https:\/\/www.key-devices.com\/it\/wp-json\/wp\/v2\/product_brand?post=11301"},{"taxonomy":"product_cat","embeddable":true,"href":"https:\/\/www.key-devices.com\/it\/wp-json\/wp\/v2\/product_cat?post=11301"},{"taxonomy":"product_tag","embeddable":true,"href":"https:\/\/www.key-devices.com\/it\/wp-json\/wp\/v2\/product_tag?post=11301"},{"taxonomy":"vehicles","embeddable":true,"href":"https:\/\/www.key-devices.com\/it\/wp-json\/wp\/v2\/vehicles?post=11301"}],"curies":[{"name":"wp","href":"https:\/\/api.w.org\/{rel}","templated":true}]}}