{"id":10705,"date":"2025-06-07T20:42:13","date_gmt":"2025-06-07T18:42:13","guid":{"rendered":"https:\/\/www.key-devices.com\/?post_type=product&#038;p=10705"},"modified":"2025-07-28T13:22:54","modified_gmt":"2025-07-28T11:22:54","slug":"iveco-2012-2020-emergency-start","status":"publish","type":"product","link":"https:\/\/www.key-devices.com\/pl\/product\/iveco-2012-2020-emergency-start\/","title":{"rendered":"Iveco 2012 \u2013 2020 Rozruch awaryjny"},"content":{"rendered":"<h1  style=\"text-align: center;\">Uruchomienie awaryjne IVECO 2012 \u2013 2020<\/h1>\n<p >Jest to kompletne urz\u0105dzenie nadaje si\u0119 do samochod\u00f3w dostawczych i nie tylko, takich jak:<\/p>\n<p >\u2013&gt; Iveco 2012-2014 (w\u0142\u0105cz zap\u0142on na pod\u0142\u0105czanym urz\u0105dzeniu nale\u017cy od\u0142\u0105czy\u0107 czerwony kabel od BCM i ponownie pod\u0142\u0105cz kabel.<\/p>\n<p >Za\u015bwieci si\u0119 zielona dioda led. Wy\u0142\u0105cz i uruchom samoch\u00f3d dostawczy. Ca\u0142y proces trwa 3 sekundy, i samoch\u00f3d zapala.)<\/p>\n<p >\u2013&gt; Iveco 2014-2020 (w\u0142\u0105cz zap\u0142on na pod\u0142\u0105czanym urz\u0105dzeniu. Zapal\u0105 si\u0119 dwie czerwone i pomara\u0144czowe \u017car\u00f3wki.<\/p>\n<p >Nast\u0119pnie odczeka\u0107 od 1 minuty do maksymalnie 12 minut. Za\u015bwieci si\u0119 zielona dioda led. Mo\u017cna wy\u0142\u0105czy\u0107 i odpali\u0107 samoch\u00f3d dostawczy.<\/p>\n<p >Wreszcie, urz\u0105dzenie zapisuje kod PIN samochodu, aby mo\u017cna by\u0142o go uruchomi\u0107 natychmiast po ponownym pod\u0142\u0105czeniu urz\u0105dzenia.)<\/p>\n<p>&nbsp;<\/p>\n<h1  style=\"text-align: center;\">FIAT \/ FORD \/ PEUGEOT \/ CITROEN \/ LANCIA 2012 \u2013 2020<\/h1>\n<p >\u2013&gt; <strong>FIATA 500 :<\/strong><\/p>\n<ul>\n<li ><strong> 2007 \u2013 2020 \u2013 wszystkie typy silnik\u00f3w FIAT 500L \u2013 2007 \u2013 2009 (silniki benzynowe 1.2 i 1.4) i 2010 \u2013 2020 \u2013 wszystkie typy silnik\u00f3w FIAT 500 ABARTH<br \/>\n<\/strong><\/li>\n<li ><strong>2008 \u2013 2020 \u2013 wszystkie typy silnik\u00f3w FIAT Punto \/ Grande Punto \/ ABARTH Grande Punto\u2013 2008 \u2013 2020 \u2013 wszystkie typy silnik\u00f3w FIAT FIORINO<br \/>\n<\/strong><\/li>\n<li ><strong>2008 \u2013 2020 \u2013 wszystkie typy silnik\u00f3w Nowego FIATA DOBLO<br \/>\n<\/strong><\/li>\n<li ><strong>2012 \u2013 2020 \u2013 wszystkie typy silnik\u00f3w FORD Ka<br \/>\n<\/strong><\/li>\n<li ><strong>2008 \u2013 ...+ ... \u2013 wszystkie typy silnik\u00f3w, takie jak nowy model Lancia Ypsilon\u2013 2012 \u2013 2020 \u2013 wszystkie typy silnik\u00f3w.<\/strong><\/li>\n<\/ul>\n<p >Aktualno\u015bci FIAT Panda :<\/p>\n<ul>\n<li >2012 \u2013 2020 \u2013 wszystkie typy silnik\u00f3w: FIAT Ducato, Peugeot Boxer i Citro\u00ebn Jumper<\/li>\n<li >2010-2020 \u2013 je\u015bli jest wyposa\u017cony w modu\u0142 DELPHI BCM, do wszystkich typ\u00f3w silnik\u00f3w lub w inny spos\u00f3b tylko z ECU Magneti Marelli 8F2 i 8F3 do 2.8 LIVECO<\/li>\n<li >2010-2017 \u2013 w przypadku modu\u0142u DELPHI BCM.<\/li>\n<\/ul>\n<p>&nbsp;<\/p>\n<h1  style=\"text-align: center;\">Alfa Romeo 2012 \u2013 2020<\/h1>\n<p>&nbsp;<\/p>\n<p >\u2013&gt; Wszystkie silniki Alfa Romeo MITO\u2013 2008 \u2013 2020 \u2013 Wszystkie silniki Alfa Romeo GIULIETTA 2010 \u2013 2020<\/p>\n<p ><strong><span style=\"color: #ff0000;\">* NASZE URZ\u0104DZENIA S\u0104 SPRZEDAWANE WY\u0141\u0104CZNIE DO U\u017bYTKU S\u0141U\u017bBOWEGO I PRYWATNEGO. NIE PONOSIMY ODPOWIEDZIALNO\u015aCI ZA OSZUSTWA LUB NIELEGALNE U\u017bYCIE SPRZEDANEGO SPRZ\u0118TU.<\/span><\/strong><\/p>","protected":false},"excerpt":{"rendered":"<p class=\"ai-optimize-43\">Po pierwsze, mamy marki IVECO:<\/p>\n<p class=\"ai-optimize-44\">This complete device is for commercial vehicles and more of the following types:&#8211;&gt; Iveco 2012-2014 (turn on the ignition on the plug-in device, disconnect the red cable from the BCM and reconnect the cable; the green LED will light up. Turn off and start the van; the entire process takes 3 seconds and the car will start).&#8211;&gt; Iveco 2014-2020 (turn on the ignition on the plug-in device; you will see two red and orange lights on; wait 1 minute to 12 minutes maximum; the green LED will light up; you can turn off and start the van. The device stores the car&#8217;s PIN code so that you can start it immediately if you reconnect the device).<\/p>\n<p class=\"ai-optimize-44\">\nNast\u0119pnie mamy marki ALFA ROMEO:<\/p>\n<ul>\n<li class=\"ai-optimize-45\">MITO: od 2008 do 2019 roku (wszystkie silniki) )<\/li>\n<li class=\"ai-optimize-46\">GIULIETTA: od 2012 do 2019 roku (wszystkie silniki)<\/li>\n<\/ul>\n<p class=\"ai-optimize-47\">Nast\u0119pnie, FIATA:<\/p>\n<ul>\n<li class=\"ai-optimize-55\">500 \u2013 2007 &#8211; 2020 &#8211;<\/li>\n<li class=\"ai-optimize-55\">500L \u2013 2007 &#8211; 2009 (1.2 and 1.4 petrol) and 2010 &#8211; 2020<\/li>\n<li class=\"ai-optimize-55\">500 ABARTH \u2013 2008 &#8211; 2020<\/li>\n<li class=\"ai-optimize-55\">Punto\/Grande Punto\/ABARTH Grande Punto \u2013 2008 &#8211; 2020<\/li>\n<li class=\"ai-optimize-55\">FIORINO \u2013 2008 &#8211; 2020<\/li>\n<li class=\"ai-optimize-55\">DOBLO \u2013 2012 &#8211; 2020<\/li>\n<li class=\"ai-optimize-55\">Panda &#8211; 2012 &#8211; 2020<\/li>\n<li class=\"ai-optimize-55\">FIAT Ducato<\/li>\n<\/ul>\n<p class=\"ai-optimize-49\">Nast\u0119pnie FORD:<\/p>\n<ul>\n<li class=\"ai-optimize-50\">FORD Ka \u2013 2008 &#8211; &#8230;+&#8230; &#8211;<\/li>\n<\/ul>\n<p class=\"ai-optimize-51\">Nast\u0119pnie, LANCIA :<\/p>\n<ul>\n<li class=\"ai-optimize-52\">Lancia Ypsilon &#8211; 2012 &#8211; 2020,<\/li>\n<\/ul>\n<p class=\"ai-optimize-53\">Wreszcie, marki PEUGEOT\/CITROEN:<\/p>\n<ul>\n<li class=\"ai-optimize-54\">Peugeot Boxer and Citro\u00ebn Jumper &#8211; 2010 &#8211; 2020 &#8211; if equipped with the DELPHI BCM module, then all engine types, or otherwise only with Magneti Marelli ECU 8F2 and 8F3 for 2.8 LIVECO &#8211; 2010 &#8211; 2017 &#8211; if equipped with the DELPHI BCM module.<\/li>\n<\/ul>","protected":false},"featured_media":10560,"comment_status":"open","ping_status":"closed","template":"","meta":{"_monsterinsights_skip_tracking":false,"_monsterinsights_sitenote_active":false,"_monsterinsights_sitenote_note":"","_monsterinsights_sitenote_category":0},"product_brand":[1173,1157,1176,1177],"product_cat":[516],"product_tag":[549,550,551,552,553,542,526,554,555,556],"vehicles":[825,813,811,812,815,817,823,818,814,833,830,820,824],"class_list":{"0":"post-10705","1":"product","2":"type-product","3":"status-publish","4":"has-post-thumbnail","6":"product_brand-citroen","7":"product_brand-fiat","8":"product_brand-ford","9":"product_brand-iveco","10":"product_cat-key-programmer","11":"product_tag-alfa-romeo","12":"product_tag-citroen","13":"product_tag-fiat","14":"product_tag-ford","15":"product_tag-iveco","16":"product_tag-key-device","17":"product_tag-key-programmer","18":"product_tag-keydevice","19":"product_tag-lancia","20":"product_tag-peugeot","21":"vehicles-citroen-jumper-2010-2020-if-equipped-with-delphi-bcm-module-then-all-types-of-engines-or-otherwise-only-with-magneti-marelli-ecu-8f2-and-8f3-for-2-8-liveco-2010","22":"vehicles-fiat-500-abarth-2008-2020","23":"vehicles-fiat-500-2007-2020","24":"vehicles-fiat-500l-2007-2009-1-2-and-1-4-petrol-and-2010-2020","25":"vehicles-fiat-abarth-grande-punto-2008-2020","26":"vehicles-fiat-doblo-2012-2020","27":"vehicles-fiat-ducato-2010-2020-if-equipped-with-delphi-bcm-module-then-all-types-of-engines-or-otherwise-only-with-magneti-marelli-ecu-8f2-and-8f3-for-2-8-liveco-2010","28":"vehicles-fiat-panda-2012-2020","29":"vehicles-fiat-punto-grande-punto-2008-2020","30":"vehicles-ford-ka-2008","31":"vehicles-iveco-all-models-2012-2020","32":"vehicles-lancia-ypsilon-2012-2020","33":"vehicles-peugeot-boxer-2010-2020-if-equipped-with-delphi-bcm-module-then-all-types-of-engines-or-otherwise-only-with-magneti-marelli-ecu-8f2-and-8f3-for-2-8-liveco-2010","35":"first","36":"instock","37":"featured","38":"shipping-taxable","39":"product-type-simple"},"yoast_head":"<!-- This site is optimized with the Yoast SEO Premium plugin v25.5 (Yoast SEO v27.4) - https:\/\/yoast.com\/product\/yoast-seo-premium-wordpress\/ -->\n<title>Fiat Iveco 2020 Emergency Start - Key Devices<\/title>\n<meta name=\"description\" content=\"Fiat Iveco 2020 Emergency Start est un appareil simple d&#039;utilisation puisqu&#039;il suffit de l&#039;ins\u00e9rer dans l&#039;OBDII et de tourner le tableau...\" \/>\n<meta name=\"robots\" content=\"index, follow, max-snippet:-1, max-image-preview:large, max-video-preview:-1\" \/>\n<link rel=\"canonical\" href=\"https:\/\/www.key-devices.com\/pl\/product\/iveco-2012-2020-emergency-start\/\" \/>\n<meta property=\"og:locale\" content=\"pl_PL\" \/>\n<meta property=\"og:type\" content=\"article\" \/>\n<meta property=\"og:title\" content=\"Iveco 2012 - 2020 Emergency Start\" \/>\n<meta property=\"og:description\" content=\"Fiat Iveco 2020 Emergency Start est un appareil simple d&#039;utilisation puisqu&#039;il suffit de l&#039;ins\u00e9rer dans l&#039;OBDII et de tourner le tableau...\" \/>\n<meta property=\"og:url\" content=\"https:\/\/www.key-devices.com\/pl\/product\/iveco-2012-2020-emergency-start\/\" \/>\n<meta property=\"og:site_name\" content=\"KEY DEVICES\" \/>\n<meta property=\"article:modified_time\" content=\"2025-07-28T11:22:54+00:00\" \/>\n<meta property=\"og:image\" content=\"https:\/\/www.key-devices.com\/wp-content\/uploads\/Iveco-2012-2020-Emergency-Start-Photo.jpg\" \/>\n\t<meta property=\"og:image:width\" content=\"1152\" \/>\n\t<meta property=\"og:image:height\" content=\"2048\" \/>\n\t<meta property=\"og:image:type\" content=\"image\/jpeg\" \/>\n<meta name=\"twitter:card\" content=\"summary_large_image\" \/>\n<meta name=\"twitter:label1\" content=\"Cena\" \/>\n\t<meta name=\"twitter:data1\" content=\"\" \/>\n\t<meta name=\"twitter:label2\" content=\"Dost\u0119pno\u015b\u0107\" \/>\n\t<meta name=\"twitter:data2\" content=\"Dost\u0119pny\" \/>\n<script type=\"application\/ld+json\" class=\"yoast-schema-graph\">{\"@context\":\"https:\\\/\\\/schema.org\",\"@graph\":[{\"@type\":\"WebPage\",\"@id\":\"https:\\\/\\\/www.key-devices.com\\\/product\\\/iveco-2012-2020-emergency-start\\\/\",\"url\":\"https:\\\/\\\/www.key-devices.com\\\/product\\\/iveco-2012-2020-emergency-start\\\/\",\"name\":\"Fiat Iveco 2020 Emergency Start - Key Devices\",\"isPartOf\":{\"@id\":\"https:\\\/\\\/www.key-devices.com\\\/#website\"},\"primaryImageOfPage\":{\"@id\":\"https:\\\/\\\/www.key-devices.com\\\/product\\\/iveco-2012-2020-emergency-start\\\/#primaryimage\"},\"image\":{\"@id\":\"https:\\\/\\\/www.key-devices.com\\\/product\\\/iveco-2012-2020-emergency-start\\\/#primaryimage\"},\"thumbnailUrl\":\"https:\\\/\\\/www.key-devices.com\\\/wp-content\\\/uploads\\\/Iveco-2012-2020-Emergency-Start-Photo.jpg\",\"datePublished\":\"2025-06-07T18:42:13+00:00\",\"dateModified\":\"2025-07-28T11:22:54+00:00\",\"description\":\"Fiat Iveco 2020 Emergency Start est un appareil simple d'utilisation puisqu'il suffit de l'ins\u00e9rer dans l'OBDII et de tourner le tableau...\",\"breadcrumb\":{\"@id\":\"https:\\\/\\\/www.key-devices.com\\\/product\\\/iveco-2012-2020-emergency-start\\\/#breadcrumb\"},\"inLanguage\":\"pl-PL\",\"potentialAction\":[{\"@type\":\"ReadAction\",\"target\":[\"https:\\\/\\\/www.key-devices.com\\\/product\\\/iveco-2012-2020-emergency-start\\\/\"]}]},{\"@type\":\"ImageObject\",\"inLanguage\":\"pl-PL\",\"@id\":\"https:\\\/\\\/www.key-devices.com\\\/product\\\/iveco-2012-2020-emergency-start\\\/#primaryimage\",\"url\":\"https:\\\/\\\/www.key-devices.com\\\/wp-content\\\/uploads\\\/Iveco-2012-2020-Emergency-Start-Photo.jpg\",\"contentUrl\":\"https:\\\/\\\/www.key-devices.com\\\/wp-content\\\/uploads\\\/Iveco-2012-2020-Emergency-Start-Photo.jpg\",\"width\":1152,\"height\":2048,\"caption\":\"Fiat Iveco 2020 Emergency Start\"},{\"@type\":\"BreadcrumbList\",\"@id\":\"https:\\\/\\\/www.key-devices.com\\\/product\\\/iveco-2012-2020-emergency-start\\\/#breadcrumb\",\"itemListElement\":[{\"@type\":\"ListItem\",\"position\":1,\"name\":\"Home\",\"item\":\"https:\\\/\\\/www.key-devices.com\\\/\"},{\"@type\":\"ListItem\",\"position\":2,\"name\":\"Shop\",\"item\":\"https:\\\/\\\/www.key-devices.com\\\/shop\\\/\"},{\"@type\":\"ListItem\",\"position\":3,\"name\":\"Iveco 2012 &#8211; 2020 Emergency Start\"}]},{\"@type\":\"WebSite\",\"@id\":\"https:\\\/\\\/www.key-devices.com\\\/#website\",\"url\":\"https:\\\/\\\/www.key-devices.com\\\/\",\"name\":\"KEY DEVICES\",\"description\":\"\",\"publisher\":{\"@id\":\"https:\\\/\\\/www.key-devices.com\\\/#organization\"},\"potentialAction\":[{\"@type\":\"SearchAction\",\"target\":{\"@type\":\"EntryPoint\",\"urlTemplate\":\"https:\\\/\\\/www.key-devices.com\\\/?s={search_term_string}\"},\"query-input\":{\"@type\":\"PropertyValueSpecification\",\"valueRequired\":true,\"valueName\":\"search_term_string\"}}],\"inLanguage\":\"pl-PL\"},{\"@type\":[\"Organization\",\"Place\"],\"@id\":\"https:\\\/\\\/www.key-devices.com\\\/#organization\",\"name\":\"Key Devices\",\"url\":\"https:\\\/\\\/www.key-devices.com\\\/\",\"logo\":{\"@id\":\"https:\\\/\\\/www.key-devices.com\\\/product\\\/iveco-2012-2020-emergency-start\\\/#local-main-organization-logo\"},\"image\":{\"@id\":\"https:\\\/\\\/www.key-devices.com\\\/product\\\/iveco-2012-2020-emergency-start\\\/#local-main-organization-logo\"},\"legalName\":\"Key Devices\",\"telephone\":[],\"openingHoursSpecification\":[{\"@type\":\"OpeningHoursSpecification\",\"dayOfWeek\":[\"Monday\",\"Tuesday\",\"Wednesday\",\"Thursday\",\"Friday\",\"Saturday\",\"Sunday\"],\"opens\":\"09:00\",\"closes\":\"17:00\"}]},{\"@type\":\"ImageObject\",\"inLanguage\":\"pl-PL\",\"@id\":\"https:\\\/\\\/www.key-devices.com\\\/product\\\/iveco-2012-2020-emergency-start\\\/#local-main-organization-logo\",\"url\":\"https:\\\/\\\/www.key-devices.com\\\/wp-content\\\/uploads\\\/cropped-Key-Devices-Logo-official-.png\",\"contentUrl\":\"https:\\\/\\\/www.key-devices.com\\\/wp-content\\\/uploads\\\/cropped-Key-Devices-Logo-official-.png\",\"width\":512,\"height\":512,\"caption\":\"Key Devices\"}]}<\/script>\n<meta property=\"product:price:currency\" content=\"EUR\" \/>\n<meta property=\"og:availability\" content=\"instock\" \/>\n<meta property=\"product:availability\" content=\"instock\" \/>\n<meta property=\"product:retailer_item_id\" content=\"2292\" \/>\n<meta property=\"product:condition\" content=\"new\" \/>\n<!-- \/ Yoast SEO Premium plugin. -->","yoast_head_json":{"title":"Uruchomienie awaryjne Fiat Iveco 2020 - S\u0142owa Urz\u0105dzenia","description":"Fiat Iveco 2020 Emergency Start est un appareil simple d &#039;utilisation puisqu&#039;il suffit de l&#039; ins\u00e9rer dans l &#039; OBDII et de tourner le tableau...","robots":{"index":"index","follow":"follow","max-snippet":"max-snippet:-1","max-image-preview":"max-image-preview:large","max-video-preview":"max-video-preview:-1"},"canonical":"https:\/\/www.key-devices.com\/pl\/product\/iveco-2012-2020-emergency-start\/","og_locale":"pl_PL","og_type":"article","og_title":"Iveco 2012 - 2020 Emergency Start","og_description":"Fiat Iveco 2020 Emergency Start est un appareil simple d'utilisation puisqu'il suffit de l'ins\u00e9rer dans l'OBDII et de tourner le tableau...","og_url":"https:\/\/www.key-devices.com\/pl\/product\/iveco-2012-2020-emergency-start\/","og_site_name":"KEY DEVICES","article_modified_time":"2025-07-28T11:22:54+00:00","og_image":[{"width":1152,"height":2048,"url":"https:\/\/www.key-devices.com\/wp-content\/uploads\/Iveco-2012-2020-Emergency-Start-Photo.jpg","type":"image\/jpeg"}],"twitter_card":"summary_large_image","twitter_misc":{"Cena":"","Dost\u0119pno\u015b\u0107":"Dost\u0119pny"},"schema":{"@context":"https:\/\/schema.org","@graph":[{"@type":"WebPage","@id":"https:\/\/www.key-devices.com\/product\/iveco-2012-2020-emergency-start\/","url":"https:\/\/www.key-devices.com\/product\/iveco-2012-2020-emergency-start\/","name":"Uruchomienie awaryjne Fiat Iveco 2020 - S\u0142owa Urz\u0105dzenia","isPartOf":{"@id":"https:\/\/www.key-devices.com\/#website"},"primaryImageOfPage":{"@id":"https:\/\/www.key-devices.com\/product\/iveco-2012-2020-emergency-start\/#primaryimage"},"image":{"@id":"https:\/\/www.key-devices.com\/product\/iveco-2012-2020-emergency-start\/#primaryimage"},"thumbnailUrl":"https:\/\/www.key-devices.com\/wp-content\/uploads\/Iveco-2012-2020-Emergency-Start-Photo.jpg","datePublished":"2025-06-07T18:42:13+00:00","dateModified":"2025-07-28T11:22:54+00:00","description":"Fiat Iveco 2020 Emergency Start est un appareil simple d &#039;utilisation puisqu&#039;il suffit de l&#039; ins\u00e9rer dans l &#039; OBDII et de tourner le tableau...","breadcrumb":{"@id":"https:\/\/www.key-devices.com\/product\/iveco-2012-2020-emergency-start\/#breadcrumb"},"inLanguage":"pl-PL","potentialAction":[{"@type":"ReadAction","target":["https:\/\/www.key-devices.com\/product\/iveco-2012-2020-emergency-start\/"]}]},{"@type":"ImageObject","inLanguage":"pl-PL","@id":"https:\/\/www.key-devices.com\/product\/iveco-2012-2020-emergency-start\/#primaryimage","url":"https:\/\/www.key-devices.com\/wp-content\/uploads\/Iveco-2012-2020-Emergency-Start-Photo.jpg","contentUrl":"https:\/\/www.key-devices.com\/wp-content\/uploads\/Iveco-2012-2020-Emergency-Start-Photo.jpg","width":1152,"height":2048,"caption":"Fiat Iveco 2020 Emergency Start"},{"@type":"BreadcrumbList","@id":"https:\/\/www.key-devices.com\/product\/iveco-2012-2020-emergency-start\/#breadcrumb","itemListElement":[{"@type":"ListItem","position":1,"name":"Home","item":"https:\/\/www.key-devices.com\/"},{"@type":"ListItem","position":2,"name":"Shop","item":"https:\/\/www.key-devices.com\/shop\/"},{"@type":"ListItem","position":3,"name":"Iveco 2012 &#8211; 2020 Emergency Start"}]},{"@type":"WebSite","@id":"https:\/\/www.key-devices.com\/#website","url":"https:\/\/www.key-devices.com\/","name":"S\u0141OWA URZ\u0104DZENIA","description":"","publisher":{"@id":"https:\/\/www.key-devices.com\/#organization"},"potentialAction":[{"@type":"SearchAction","target":{"@type":"EntryPoint","urlTemplate":"https:\/\/www.key-devices.com\/?s={search_term_string}"},"query-input":{"@type":"PropertyValueSpecification","valueRequired":true,"valueName":"search_term_string"}}],"inLanguage":"pl-PL"},{"@type":["Organization","Place"],"@id":"https:\/\/www.key-devices.com\/#organization","name":"S\u0142owa urz\u0105dzenia","url":"https:\/\/www.key-devices.com\/","logo":{"@id":"https:\/\/www.key-devices.com\/product\/iveco-2012-2020-emergency-start\/#local-main-organization-logo"},"image":{"@id":"https:\/\/www.key-devices.com\/product\/iveco-2012-2020-emergency-start\/#local-main-organization-logo"},"legalName":"Key Devices","telephone":[],"openingHoursSpecification":[{"@type":"OpeningHoursSpecification","dayOfWeek":["Monday","Tuesday","Wednesday","Thursday","Friday","Saturday","Sunday"],"opens":"09:00","closes":"17:00"}]},{"@type":"ImageObject","inLanguage":"pl-PL","@id":"https:\/\/www.key-devices.com\/product\/iveco-2012-2020-emergency-start\/#local-main-organization-logo","url":"https:\/\/www.key-devices.com\/wp-content\/uploads\/cropped-Key-Devices-Logo-official-.png","contentUrl":"https:\/\/www.key-devices.com\/wp-content\/uploads\/cropped-Key-Devices-Logo-official-.png","width":512,"height":512,"caption":"Key Devices"}]},"product_price_currency":"EUR","og_availability":"instock","product_availability":"instock","product_retailer_item_id":"2292","product_condition":"new"},"jetpack_sharing_enabled":true,"_links":{"self":[{"href":"https:\/\/www.key-devices.com\/pl\/wp-json\/wp\/v2\/product\/10705","targetHints":{"allow":["GET"]}}],"collection":[{"href":"https:\/\/www.key-devices.com\/pl\/wp-json\/wp\/v2\/product"}],"about":[{"href":"https:\/\/www.key-devices.com\/pl\/wp-json\/wp\/v2\/types\/product"}],"replies":[{"embeddable":true,"href":"https:\/\/www.key-devices.com\/pl\/wp-json\/wp\/v2\/comments?post=10705"}],"wp:featuredmedia":[{"embeddable":true,"href":"https:\/\/www.key-devices.com\/pl\/wp-json\/wp\/v2\/media\/10560"}],"wp:attachment":[{"href":"https:\/\/www.key-devices.com\/pl\/wp-json\/wp\/v2\/media?parent=10705"}],"wp:term":[{"taxonomy":"product_brand","embeddable":true,"href":"https:\/\/www.key-devices.com\/pl\/wp-json\/wp\/v2\/product_brand?post=10705"},{"taxonomy":"product_cat","embeddable":true,"href":"https:\/\/www.key-devices.com\/pl\/wp-json\/wp\/v2\/product_cat?post=10705"},{"taxonomy":"product_tag","embeddable":true,"href":"https:\/\/www.key-devices.com\/pl\/wp-json\/wp\/v2\/product_tag?post=10705"},{"taxonomy":"vehicles","embeddable":true,"href":"https:\/\/www.key-devices.com\/pl\/wp-json\/wp\/v2\/vehicles?post=10705"}],"curies":[{"name":"wp","href":"https:\/\/api.w.org\/{rel}","templated":true}]}}