{"id":10713,"date":"2025-06-07T20:42:14","date_gmt":"2025-06-07T18:42:14","guid":{"rendered":"https:\/\/www.key-devices.com\/?post_type=product&#038;p=10713"},"modified":"2025-07-28T13:22:51","modified_gmt":"2025-07-28T11:22:51","slug":"toyota-lexus-fast-start-2021","status":"publish","type":"product","link":"https:\/\/www.key-devices.com\/pl\/product\/toyota-lexus-fast-start-2021\/","title":{"rendered":"Szybki Start Toyota Lexus 2021"},"content":{"rendered":"<h1  style=\"text-align: center;\">Szybki Start Toyota Lexus 2021<\/h1>\n<p >Awaryjny rozrusznik i g\u0142\u00f3wny wy\u0142\u0105cznik w przypadku zgubienia wszystkich kluczy do samochod\u00f3w Toyota \/ Lexus z systemem Smart Key \/ A8 \/A9 \/ 2017-2020<\/p>\n<ul>\n<li >Najpierw nale\u017cy od\u0142\u0105czy\u0107 g\u00f3rny z\u0142\u0105cze od modu\u0142u steruj\u0105cego i pod\u0142\u0105cz modu\u0142. Pod\u0142\u0105cz z\u0142\u0105cze, od\u0142\u0105czony od modu\u0142u do drugiego ko\u0144ca adaptera.<\/li>\n<li >Diody led szybko zapal\u0105 si\u0119 na zielono przez kilka sekund po zablokowaniu kierownicy, a g\u00f3rna dioda led b\u0119dzie \u015bwieci\u0107 \u015bwiat\u0142em ci\u0105g\u0142ym, gdy urz\u0105dzenie w\u0142\u0105czy si\u0119 po naci\u015bni\u0119ciu przycisku &#034;Start&#034;.<\/li>\n<li >Je\u015bli samoch\u00f3d jest &#034;hybrydowym&#034;, a nie &#034;hybrydowy rozrusznik&#034;, po prostu od\u0142\u0105cz urz\u0105dzenie od zasilacza.<\/li>\n<li >Nast\u0119pnie doda\u0107 nowy lub u\u017cywany modu\u0142 steruj\u0105cy.<\/li>\n<li >Wreszcie, aby klucze od samochodu do pracy po tym, jak wszystkie klucze utracone, nale\u017cy wymieni\u0107 Inteligentny modu\u0142 nowym &#034;puste&#034; lub by\u0142y u\u017cywane przez modu\u0142, z kt\u00f3rego masz klucz.<\/li>\n<\/ul>\n<p>&nbsp;<\/p>\n<h2  style=\"text-align: center;\">Dodatkowe funkcje:<\/h2>\n<ul>\n<li >Zainstaluj nowy na miejsce, pod\u0142\u0105cz wszystkie z\u0142\u0105cza, jak w rozdziale &#034;uruchomienie awaryjne&#034;, i przytrzymaj klawisz &#034;DODAJ&#034; przed w\u0142\u0105czeniem urz\u0105dzenia.<\/li>\n<li >Nast\u0119pnie urz\u0105dzenie wyda kr\u00f3tki sygna\u0142 d\u017awi\u0119kowy i czerwona dioda szybko za\u015bwieci si\u0119 na zielono.<\/li>\n<li >Umie\u015b\u0107 odpowiedni klucz na przycisk uruchamiania \/ zatrzymywania samochodu. Je\u015bli wszystko posz\u0142o pomy\u015blnie, samoch\u00f3d wyemituje dwa kr\u00f3tkie sygna\u0142y d\u017awi\u0119kowe, wskazuj\u0105cych na to, \u017ce klucz zosta\u0142 zapisany pomy\u015blnie.<\/li>\n<li >W ko\u0144cu, gdy modu\u0142 zostanie wykorzystany i b\u0119dziesz mia\u0142 zapasowy klucz, powt\u00f3rz powy\u017csze czynno\u015bci, ale przed w\u0142\u0105czeniem urz\u0105dzenia, kliknij przycisk &#034;ID&#034;.<\/li>\n<li >Urz\u0105dzenie wyemituje dwa kr\u00f3tkie d\u017awi\u0119ki, czerwona dioda za\u015bwieci si\u0119 na \u017c\u00f3\u0142to, dolna dioda szybko miga. Po naci\u015bni\u0119ciu przycisku uruchamiania\/zatrzymywania samochodu us\u0142yszysz jeden kr\u00f3tki sygna\u0142.<\/li>\n<li >Klucz jest gotowy do u\u017cycia!<\/li>\n<\/ul>","protected":false},"excerpt":{"rendered":"<h1 class=\"ai-optimize-14\" style=\"text-align: center;\">Szybki Start Toyota Lexus 2021<\/h1>\n<p class=\"ai-optimize-37\">Here&#8217;s a list of features offered by this device:<\/p>\n<p class=\"ai-optimize-38\">&#8211; Ultra-fast unlocking and starting of the emergency Toyota and Lexus smart key system between 2016 and 2020.<br \/>\n&#8211; Then, add a key when all keys are lost by replacing the smart key module and resetting the system.<br \/>\n&#8211; All keys with password 88 \/ A8 \/ A9 \/ 39 \/ AA.<\/p>\n<h2 class=\"yoast-text-mark ai-optimize-14\">Po pierwsze, obs\u0142ugiwane modele Toyota:<\/h2>\n<p class=\"ai-optimize-18\">&#8211; Land Cruiser 200\/300,<br \/>\n&#8211; Prado (2017-2020),<br \/>\n&#8211; Rav4 (2016-2020),<br \/>\n&#8211; Corolla (2019-2020),<br class=\"yoast-text-mark\" \/>&ndash; HiLux (2017-2020), &lt;br \/&gt;- CH-R (2016-2020),<br \/>\n&#8211; Camry (2017-2020)<br \/>\n&#8211; And many others.<\/p>\n<h2 class=\"ai-optimize-19\">Dalej, obs\u0142ugiwane modele Lexus:<\/h2>\n<p class=\"ai-optimize-20\">&#8211; LS (2016-2020),<br \/>\n&#8211; LC (2016-2020),&amp;lt;br \/&gt;- RC (2016-2020),<br \/>\n&#8211; UX,<br \/>\n&#8211; LX (2016-2020),<br \/>\n&#8211; GS (201-2020),<br \/>\n&#8211; IS (2018-2020),<br \/>\n&#8211; GX (2017-2020) ,<br \/>\n&#8211; RX (2016-2020),<br \/>\n&#8211; NX (2016-2020),<br \/>\n&ndash; ES (2018-2020).&lt;\/p&gt;<\/p>\n<p>&nbsp;<\/p>\n<p class=\"ai-optimize-21\"><span style=\"color: #ff0000;\"><strong>* NASZE URZ\u0104DZENIA S\u0104 SPRZEDAWANE WY\u0141\u0104CZNIE DO U\u017bYTKU S\u0141U\u017bBOWEGO I PRYWATNEGO. NIE PONOSIMY ODPOWIEDZIALNO\u015aCI ZA OSZUSTWA LUB NIELEGALNE U\u017bYCIE SPRZEDANEGO SPRZ\u0118TU.<\/strong><\/span><\/p>","protected":false},"featured_media":10575,"comment_status":"open","ping_status":"closed","template":"","meta":{"_monsterinsights_skip_tracking":false,"_monsterinsights_sitenote_active":false,"_monsterinsights_sitenote_note":"","_monsterinsights_sitenote_category":0},"product_brand":[1139,1140],"product_cat":[516],"product_tag":[558,559,572,575,677,526,678,599,618,622,623,679,680,681],"vehicles":[1076,1071,1073,1072,1067,1066,1075,1074,1065,1064,1062,1063,1059,1070,1060,1061,1068,1069],"class_list":{"0":"post-10713","1":"product","2":"type-product","3":"status-publish","4":"has-post-thumbnail","6":"product_brand-lexus","7":"product_brand-toyota","8":"product_cat-key-programmer","9":"product_tag-autodevice","10":"product_tag-autokeydevice","11":"product_tag-diagnostic-key","12":"product_tag-encoder","13":"product_tag-fast-start-2021","14":"product_tag-key-programmer","15":"product_tag-lexus-keydevice","16":"product_tag-lock-smith","17":"product_tag-noimmo","18":"product_tag-prodecoder","19":"product_tag-programmateur-de-cle","20":"product_tag-toyota-lexus-avec-systeme-smart-key-a8-a9-2017-2020","21":"product_tag-toyota-keydevice","22":"product_tag-toyota-lexus-fast-start-2021","23":"vehicles-lexus-es-2018-2020","24":"vehicles-lexus-gs-2016-2020","25":"vehicles-lexus-gx-2017-2020","26":"vehicles-lexus-is-2018-2020","27":"vehicles-lexus-lc-2016-2020","28":"vehicles-lexus-ls-2016-2020","29":"vehicles-lexus-nx-2016-2020","30":"vehicles-lexus-rx-2016-2020","31":"vehicles-toyota-camry-2017-2020","32":"vehicles-toyota-ch-r-2016-2020","33":"vehicles-toyota-corolla-2019-2020","34":"vehicles-toyota-hilux-2017-2020","35":"vehicles-toyota-land-cruiser-200-300-2016-2020","36":"vehicles-toyota-lx-2016-2020","37":"vehicles-toyota-prado-2017-2020","38":"vehicles-toyota-rav4-2016-2020","39":"vehicles-toyota-rc-2016-2020","40":"vehicles-toyota-ux-2016-2020","42":"first","43":"instock","44":"shipping-taxable","45":"product-type-simple"},"yoast_head":"<!-- This site is optimized with the Yoast SEO Premium plugin v25.5 (Yoast SEO v27.4) - https:\/\/yoast.com\/product\/yoast-seo-premium-wordpress\/ -->\n<title>Toyota Lexus Fast Start 2021 - Key Devices<\/title>\n<meta name=\"description\" content=\"Toyota Lexus Fast Start 2021 est un programmateur derni\u00e8re g\u00e9n\u00e9ration pour les v\u00e9hicules des marques Toyota et Lexus \u00e0 prix canon sur le net.\" \/>\n<meta name=\"robots\" content=\"index, follow, max-snippet:-1, max-image-preview:large, max-video-preview:-1\" \/>\n<link rel=\"canonical\" href=\"https:\/\/www.key-devices.com\/pl\/product\/toyota-lexus-fast-start-2021\/\" \/>\n<meta property=\"og:locale\" content=\"pl_PL\" \/>\n<meta property=\"og:type\" content=\"article\" \/>\n<meta property=\"og:title\" content=\"Toyota Lexus Fast Start 2021\" \/>\n<meta property=\"og:description\" content=\"Toyota Lexus Fast Start 2021 est un programmateur derni\u00e8re g\u00e9n\u00e9ration pour les v\u00e9hicules des marques Toyota et Lexus \u00e0 prix canon sur le net.\" \/>\n<meta property=\"og:url\" content=\"https:\/\/www.key-devices.com\/pl\/product\/toyota-lexus-fast-start-2021\/\" \/>\n<meta property=\"og:site_name\" content=\"KEY DEVICES\" \/>\n<meta property=\"article:modified_time\" content=\"2025-07-28T11:22:51+00:00\" \/>\n<meta property=\"og:image\" content=\"https:\/\/www.key-devices.com\/wp-content\/uploads\/Toyota-Lexus-Fast-Start-2021-N\u00b01.jpg\" \/>\n\t<meta property=\"og:image:width\" content=\"315\" \/>\n\t<meta property=\"og:image:height\" content=\"457\" \/>\n\t<meta property=\"og:image:type\" content=\"image\/jpeg\" \/>\n<meta name=\"twitter:card\" content=\"summary_large_image\" \/>\n<meta name=\"twitter:label1\" content=\"Cena\" \/>\n\t<meta name=\"twitter:data1\" content=\"\" \/>\n\t<meta name=\"twitter:label2\" content=\"Dost\u0119pno\u015b\u0107\" \/>\n\t<meta name=\"twitter:data2\" content=\"Dost\u0119pny\" \/>\n<script type=\"application\/ld+json\" class=\"yoast-schema-graph\">{\"@context\":\"https:\\\/\\\/schema.org\",\"@graph\":[{\"@type\":\"WebPage\",\"@id\":\"https:\\\/\\\/www.key-devices.com\\\/product\\\/toyota-lexus-fast-start-2021\\\/\",\"url\":\"https:\\\/\\\/www.key-devices.com\\\/product\\\/toyota-lexus-fast-start-2021\\\/\",\"name\":\"Toyota Lexus Fast Start 2021 - Key Devices\",\"isPartOf\":{\"@id\":\"https:\\\/\\\/www.key-devices.com\\\/#website\"},\"primaryImageOfPage\":{\"@id\":\"https:\\\/\\\/www.key-devices.com\\\/product\\\/toyota-lexus-fast-start-2021\\\/#primaryimage\"},\"image\":{\"@id\":\"https:\\\/\\\/www.key-devices.com\\\/product\\\/toyota-lexus-fast-start-2021\\\/#primaryimage\"},\"thumbnailUrl\":\"https:\\\/\\\/www.key-devices.com\\\/wp-content\\\/uploads\\\/Toyota-Lexus-Fast-Start-2021-N\u00b01.jpg\",\"datePublished\":\"2025-06-07T18:42:14+00:00\",\"dateModified\":\"2025-07-28T11:22:51+00:00\",\"description\":\"Toyota Lexus Fast Start 2021 est un programmateur derni\u00e8re g\u00e9n\u00e9ration pour les v\u00e9hicules des marques Toyota et Lexus \u00e0 prix canon sur le net.\",\"breadcrumb\":{\"@id\":\"https:\\\/\\\/www.key-devices.com\\\/product\\\/toyota-lexus-fast-start-2021\\\/#breadcrumb\"},\"inLanguage\":\"pl-PL\",\"potentialAction\":[{\"@type\":\"ReadAction\",\"target\":[\"https:\\\/\\\/www.key-devices.com\\\/product\\\/toyota-lexus-fast-start-2021\\\/\"]}]},{\"@type\":\"ImageObject\",\"inLanguage\":\"pl-PL\",\"@id\":\"https:\\\/\\\/www.key-devices.com\\\/product\\\/toyota-lexus-fast-start-2021\\\/#primaryimage\",\"url\":\"https:\\\/\\\/www.key-devices.com\\\/wp-content\\\/uploads\\\/Toyota-Lexus-Fast-Start-2021-N\u00b01.jpg\",\"contentUrl\":\"https:\\\/\\\/www.key-devices.com\\\/wp-content\\\/uploads\\\/Toyota-Lexus-Fast-Start-2021-N\u00b01.jpg\",\"width\":315,\"height\":457,\"caption\":\"Toyota Lexus Fast Start 2021\"},{\"@type\":\"BreadcrumbList\",\"@id\":\"https:\\\/\\\/www.key-devices.com\\\/product\\\/toyota-lexus-fast-start-2021\\\/#breadcrumb\",\"itemListElement\":[{\"@type\":\"ListItem\",\"position\":1,\"name\":\"Home\",\"item\":\"https:\\\/\\\/www.key-devices.com\\\/\"},{\"@type\":\"ListItem\",\"position\":2,\"name\":\"Shop\",\"item\":\"https:\\\/\\\/www.key-devices.com\\\/shop\\\/\"},{\"@type\":\"ListItem\",\"position\":3,\"name\":\"Toyota Lexus Fast Start 2021\"}]},{\"@type\":\"WebSite\",\"@id\":\"https:\\\/\\\/www.key-devices.com\\\/#website\",\"url\":\"https:\\\/\\\/www.key-devices.com\\\/\",\"name\":\"KEY DEVICES\",\"description\":\"\",\"publisher\":{\"@id\":\"https:\\\/\\\/www.key-devices.com\\\/#organization\"},\"potentialAction\":[{\"@type\":\"SearchAction\",\"target\":{\"@type\":\"EntryPoint\",\"urlTemplate\":\"https:\\\/\\\/www.key-devices.com\\\/?s={search_term_string}\"},\"query-input\":{\"@type\":\"PropertyValueSpecification\",\"valueRequired\":true,\"valueName\":\"search_term_string\"}}],\"inLanguage\":\"pl-PL\"},{\"@type\":[\"Organization\",\"Place\"],\"@id\":\"https:\\\/\\\/www.key-devices.com\\\/#organization\",\"name\":\"Key Devices\",\"url\":\"https:\\\/\\\/www.key-devices.com\\\/\",\"logo\":{\"@id\":\"https:\\\/\\\/www.key-devices.com\\\/product\\\/toyota-lexus-fast-start-2021\\\/#local-main-organization-logo\"},\"image\":{\"@id\":\"https:\\\/\\\/www.key-devices.com\\\/product\\\/toyota-lexus-fast-start-2021\\\/#local-main-organization-logo\"},\"legalName\":\"Key Devices\",\"telephone\":[],\"openingHoursSpecification\":[{\"@type\":\"OpeningHoursSpecification\",\"dayOfWeek\":[\"Monday\",\"Tuesday\",\"Wednesday\",\"Thursday\",\"Friday\",\"Saturday\",\"Sunday\"],\"opens\":\"09:00\",\"closes\":\"17:00\"}]},{\"@type\":\"ImageObject\",\"inLanguage\":\"pl-PL\",\"@id\":\"https:\\\/\\\/www.key-devices.com\\\/product\\\/toyota-lexus-fast-start-2021\\\/#local-main-organization-logo\",\"url\":\"https:\\\/\\\/www.key-devices.com\\\/wp-content\\\/uploads\\\/cropped-Key-Devices-Logo-official-.png\",\"contentUrl\":\"https:\\\/\\\/www.key-devices.com\\\/wp-content\\\/uploads\\\/cropped-Key-Devices-Logo-official-.png\",\"width\":512,\"height\":512,\"caption\":\"Key Devices\"}]}<\/script>\n<meta property=\"product:price:currency\" content=\"EUR\" \/>\n<meta property=\"og:availability\" content=\"instock\" \/>\n<meta property=\"product:availability\" content=\"instock\" \/>\n<meta property=\"product:retailer_item_id\" content=\"2494\" \/>\n<meta property=\"product:condition\" content=\"new\" \/>\n<!-- \/ Yoast SEO Premium plugin. -->","yoast_head_json":{"title":"Toyota Lexus Fast Start 2021 - S\u0142owa urz\u0105dzenia","description":"Toyota Lexus Fast Start 2021 to najnowszej generacji programator dla pojazd\u00f3w Toyota i Lexus dost\u0119pny w atrakcyjnej cenie online.","robots":{"index":"index","follow":"follow","max-snippet":"max-snippet:-1","max-image-preview":"max-image-preview:large","max-video-preview":"max-video-preview:-1"},"canonical":"https:\/\/www.key-devices.com\/pl\/product\/toyota-lexus-fast-start-2021\/","og_locale":"pl_PL","og_type":"article","og_title":"Toyota Lexus Fast Start 2021","og_description":"Toyota Lexus Fast Start 2021 est un programmateur derni\u00e8re g\u00e9n\u00e9ration pour les v\u00e9hicules des marques Toyota et Lexus \u00e0 prix canon sur le net.","og_url":"https:\/\/www.key-devices.com\/pl\/product\/toyota-lexus-fast-start-2021\/","og_site_name":"KEY DEVICES","article_modified_time":"2025-07-28T11:22:51+00:00","og_image":[{"width":315,"height":457,"url":"https:\/\/www.key-devices.com\/wp-content\/uploads\/Toyota-Lexus-Fast-Start-2021-N\u00b01.jpg","type":"image\/jpeg"}],"twitter_card":"summary_large_image","twitter_misc":{"Cena":"","Dost\u0119pno\u015b\u0107":"Dost\u0119pny"},"schema":{"@context":"https:\/\/schema.org","@graph":[{"@type":"WebPage","@id":"https:\/\/www.key-devices.com\/product\/toyota-lexus-fast-start-2021\/","url":"https:\/\/www.key-devices.com\/product\/toyota-lexus-fast-start-2021\/","name":"Toyota Lexus Fast Start 2021 - S\u0142owa urz\u0105dzenia","isPartOf":{"@id":"https:\/\/www.key-devices.com\/#website"},"primaryImageOfPage":{"@id":"https:\/\/www.key-devices.com\/product\/toyota-lexus-fast-start-2021\/#primaryimage"},"image":{"@id":"https:\/\/www.key-devices.com\/product\/toyota-lexus-fast-start-2021\/#primaryimage"},"thumbnailUrl":"https:\/\/www.key-devices.com\/wp-content\/uploads\/Toyota-Lexus-Fast-Start-2021-N\u00b01.jpg","datePublished":"2025-06-07T18:42:14+00:00","dateModified":"2025-07-28T11:22:51+00:00","description":"Toyota Lexus Fast Start 2021 to najnowszej generacji programator dla pojazd\u00f3w Toyota i Lexus dost\u0119pny w atrakcyjnej cenie online.","breadcrumb":{"@id":"https:\/\/www.key-devices.com\/product\/toyota-lexus-fast-start-2021\/#breadcrumb"},"inLanguage":"pl-PL","potentialAction":[{"@type":"ReadAction","target":["https:\/\/www.key-devices.com\/product\/toyota-lexus-fast-start-2021\/"]}]},{"@type":"ImageObject","inLanguage":"pl-PL","@id":"https:\/\/www.key-devices.com\/product\/toyota-lexus-fast-start-2021\/#primaryimage","url":"https:\/\/www.key-devices.com\/wp-content\/uploads\/Toyota-Lexus-Fast-Start-2021-N\u00b01.jpg","contentUrl":"https:\/\/www.key-devices.com\/wp-content\/uploads\/Toyota-Lexus-Fast-Start-2021-N\u00b01.jpg","width":315,"height":457,"caption":"Toyota Lexus Fast Start 2021"},{"@type":"BreadcrumbList","@id":"https:\/\/www.key-devices.com\/product\/toyota-lexus-fast-start-2021\/#breadcrumb","itemListElement":[{"@type":"ListItem","position":1,"name":"Home","item":"https:\/\/www.key-devices.com\/"},{"@type":"ListItem","position":2,"name":"Shop","item":"https:\/\/www.key-devices.com\/shop\/"},{"@type":"ListItem","position":3,"name":"Toyota Lexus Fast Start 2021"}]},{"@type":"WebSite","@id":"https:\/\/www.key-devices.com\/#website","url":"https:\/\/www.key-devices.com\/","name":"S\u0141OWA URZ\u0104DZENIA","description":"","publisher":{"@id":"https:\/\/www.key-devices.com\/#organization"},"potentialAction":[{"@type":"SearchAction","target":{"@type":"EntryPoint","urlTemplate":"https:\/\/www.key-devices.com\/?s={search_term_string}"},"query-input":{"@type":"PropertyValueSpecification","valueRequired":true,"valueName":"search_term_string"}}],"inLanguage":"pl-PL"},{"@type":["Organization","Place"],"@id":"https:\/\/www.key-devices.com\/#organization","name":"S\u0142owa urz\u0105dzenia","url":"https:\/\/www.key-devices.com\/","logo":{"@id":"https:\/\/www.key-devices.com\/product\/toyota-lexus-fast-start-2021\/#local-main-organization-logo"},"image":{"@id":"https:\/\/www.key-devices.com\/product\/toyota-lexus-fast-start-2021\/#local-main-organization-logo"},"legalName":"Key Devices","telephone":[],"openingHoursSpecification":[{"@type":"OpeningHoursSpecification","dayOfWeek":["Monday","Tuesday","Wednesday","Thursday","Friday","Saturday","Sunday"],"opens":"09:00","closes":"17:00"}]},{"@type":"ImageObject","inLanguage":"pl-PL","@id":"https:\/\/www.key-devices.com\/product\/toyota-lexus-fast-start-2021\/#local-main-organization-logo","url":"https:\/\/www.key-devices.com\/wp-content\/uploads\/cropped-Key-Devices-Logo-official-.png","contentUrl":"https:\/\/www.key-devices.com\/wp-content\/uploads\/cropped-Key-Devices-Logo-official-.png","width":512,"height":512,"caption":"Key Devices"}]},"product_price_currency":"EUR","og_availability":"instock","product_availability":"instock","product_retailer_item_id":"2494","product_condition":"new"},"jetpack_sharing_enabled":true,"_links":{"self":[{"href":"https:\/\/www.key-devices.com\/pl\/wp-json\/wp\/v2\/product\/10713","targetHints":{"allow":["GET"]}}],"collection":[{"href":"https:\/\/www.key-devices.com\/pl\/wp-json\/wp\/v2\/product"}],"about":[{"href":"https:\/\/www.key-devices.com\/pl\/wp-json\/wp\/v2\/types\/product"}],"replies":[{"embeddable":true,"href":"https:\/\/www.key-devices.com\/pl\/wp-json\/wp\/v2\/comments?post=10713"}],"wp:featuredmedia":[{"embeddable":true,"href":"https:\/\/www.key-devices.com\/pl\/wp-json\/wp\/v2\/media\/10575"}],"wp:attachment":[{"href":"https:\/\/www.key-devices.com\/pl\/wp-json\/wp\/v2\/media?parent=10713"}],"wp:term":[{"taxonomy":"product_brand","embeddable":true,"href":"https:\/\/www.key-devices.com\/pl\/wp-json\/wp\/v2\/product_brand?post=10713"},{"taxonomy":"product_cat","embeddable":true,"href":"https:\/\/www.key-devices.com\/pl\/wp-json\/wp\/v2\/product_cat?post=10713"},{"taxonomy":"product_tag","embeddable":true,"href":"https:\/\/www.key-devices.com\/pl\/wp-json\/wp\/v2\/product_tag?post=10713"},{"taxonomy":"vehicles","embeddable":true,"href":"https:\/\/www.key-devices.com\/pl\/wp-json\/wp\/v2\/vehicles?post=10713"}],"curies":[{"name":"wp","href":"https:\/\/api.w.org\/{rel}","templated":true}]}}