{"id":10714,"date":"2025-06-07T20:42:14","date_gmt":"2025-06-07T18:42:14","guid":{"rendered":"https:\/\/www.key-devices.com\/?post_type=product&#038;p=10714"},"modified":"2025-07-28T13:22:51","modified_gmt":"2025-07-28T11:22:51","slug":"lci-means-facelift-bmw-f-serie-device","status":"publish","type":"product","link":"https:\/\/www.key-devices.com\/pl\/product\/lci-means-facelift-bmw-f-serie-device\/","title":{"rendered":"LCI \u2013 oznacza urz\u0105dzenie Facelift BMW serii F"},"content":{"rendered":"<h1  style=\"text-align: center;\"><strong>Odnowiony Bmw F-series<\/strong><\/h1>\n<p>&nbsp;<\/p>\n<p >Po pierwsze, to funkcje oferowane przez to urz\u0105dzenie do liftingu BMW F-series:<\/p>\n<ul>\n<li >Mo\u017ce on zaprogramowa\u0107 klucze na wszystkich pojazdach serii F na bazie CAS4 i CAS4 +.<\/li>\n<li >Pierwsze urz\u0105dzenie, kt\u00f3re rozmawia z tob\u0105, daj\u0105c ci krok po kroku instrukcje dotycz\u0105ce korzystania z g\u0142osem.<\/li>\n<li >Wersja 1 obejmuje 60-70% listy.<\/li>\n<li >Ta najnowsza wersja jest naprawd\u0119 praktyczny i \u0142atwy w u\u017cyciu, z g\u0142osem, kt\u00f3ry poprowadzi ci\u0119 przez ka\u017cdy etap programowania kluczyka.<\/li>\n<\/ul>\n<p>&nbsp;<\/p>\n<p ><span style=\"color: #ff0000;\"><strong>* NASZE URZ\u0104DZENIA S\u0104 SPRZEDAWANE WY\u0141\u0104CZNIE DO U\u017bYTKU S\u0141U\u017bBOWEGO I PRYWATNEGO. NIE PONOSIMY ODPOWIEDZIALNO\u015aCI ZA OSZUSTWA LUB NIELEGALNE U\u017bYCIE SPRZEDANEGO SPRZ\u0118TU.<\/strong><\/span><\/p>","protected":false},"excerpt":{"rendered":"<div dir=\"ltr\">LCI &#8211; means Facelift<\/div>\n<div dir=\"ltr\"><\/div>\n<div dir=\"ltr\">Model 5&#8242;:<\/div>\n<ul>\n<li class=\"ai-optimize-28\" dir=\"ltr\">\u00a0F07 GT (09\/2008 \u2014 06\/2013)<\/li>\n<li class=\"ai-optimize-29\" dir=\"ltr\">F07 GT LCI (08\/2012 \u2014 02\/2017)<\/li>\n<li class=\"ai-optimize-30\" dir=\"ltr\">F10 (01\/2009 \u2014 10\/2016)<\/li>\n<li class=\"ai-optimize-31\" dir=\"ltr\">F10 LCI (08\/2012 \u2014 10\/2016)<\/li>\n<li class=\"ai-optimize-32\" dir=\"ltr\">F11 (01\/2009 \u2014 06\/2013) Hatchback<\/li>\n<li class=\"ai-optimize-33\" dir=\"ltr\">F11 LCI (08\/2012 \u2014 02\/2017)<\/li>\n<li class=\"ai-optimize-34\" dir=\"ltr\">F18 (08\/2009 \u2014 08\/2013) &#034;D\u0142ugi do rynku Chin&#034;<\/li>\n<li class=\"ai-optimize-35\" dir=\"ltr\">F18 LCI (10\/2012 \u2014 04\/2017) &#034;D\u0142ugi do rynku Chin&#034;<\/li>\n<\/ul>\n<div dir=\"ltr\">Model 6&#8242;:<\/div>\n<ul>\n<li class=\"ai-optimize-36\" dir=\"ltr\">\u00a0F06 Gran Coupe (05\/2011 \u2014 03\/2015)<\/li>\n<li class=\"ai-optimize-37\" dir=\"ltr\">F06 Gran Coupe LCI (05\/2014 \u2014 09\/2018)<\/li>\n<li class=\"ai-optimize-38\" dir=\"ltr\">F12 (10\/2009 \u2014 02\/2015) Cabrio<\/li>\n<li class=\"ai-optimize-39\" dir=\"ltr\">F12 LCI (05\/2014 \u2014 05\/2018)<\/li>\n<li class=\"ai-optimize-40\" dir=\"ltr\">F13 (03\/2010 \u2014 02\/2015)<\/li>\n<li class=\"ai-optimize-41\" dir=\"ltr\">F13 LCI (05\/2014 \u2014 10\/2017)<\/li>\n<\/ul>\n<div dir=\"ltr\">Model 7 &#8216;:<\/div>\n<ul>\n<li class=\"ai-optimize-42\" dir=\"ltr\">\u00a0F01 (06\/2007 \u2014 06\/2012)<\/li>\n<li class=\"ai-optimize-43\" dir=\"ltr\">F01 LCI (05\/2011 \u2014 05\/2015)<\/li>\n<li class=\"ai-optimize-44\" dir=\"ltr\">F02 (07\/2007 \u2014 06\/2012)<\/li>\n<li class=\"ai-optimize-45\" dir=\"ltr\">F02 LCI (05\/2011 \u2014 05\/2015)<\/li>\n<li class=\"ai-optimize-46\" dir=\"ltr\">F03 (04\/2008 \u2014 05\/2012)<\/li>\n<li class=\"ai-optimize-47\" dir=\"ltr\">F03 LCI (01\/2012 \u2014 03\/2015)<\/li>\n<li class=\"ai-optimize-48\" dir=\"ltr\">Hybryda F04 (10\/2008 \u2014 06\/2012)<\/li>\n<\/ul>\n<div dir=\"ltr\">Inne modele :<\/div>\n<div dir=\"ltr\"><\/div>\n<ul>\n<li class=\"ai-optimize-49\" dir=\"ltr\">X3 F25 (06\/2009 \u2014 08\/2017)<\/li>\n<li class=\"ai-optimize-50\" dir=\"ltr\">X4 F26 (05\/2013 \u2014 03\/2018)<\/li>\n<li class=\"ai-optimize-51\" dir=\"ltr\">Ghost RR4 (08\/2008 \u2014 11\/2019)<\/li>\n<li class=\"ai-optimize-52\" dir=\"ltr\">Wraith RR5 (11\/2012 \u2014 12\/2019)<\/li>\n<li class=\"ai-optimize-53\" dir=\"ltr\">Dawn RR6 (04\/2015 \u2014 11\/2019)<\/li>\n<\/ul>","protected":false},"featured_media":10576,"comment_status":"open","ping_status":"closed","template":"","meta":{"_monsterinsights_skip_tracking":false,"_monsterinsights_sitenote_active":false,"_monsterinsights_sitenote_note":"","_monsterinsights_sitenote_category":0},"product_brand":[1171],"product_cat":[516],"product_tag":[558,559,682,572,575,683,526,587,599,618,622,623],"vehicles":[845,840,839,842,841,843,844,846,848,847,849,850,852,851,854,853,856,855,857,858,859,864,862,863,860,861],"class_list":{"0":"post-10714","1":"product","2":"type-product","3":"status-publish","4":"has-post-thumbnail","6":"product_brand-bmw","7":"product_cat-key-programmer","8":"product_tag-autodevice","9":"product_tag-autokeydevice","10":"product_tag-bmw-device","11":"product_tag-diagnostic-key","12":"product_tag-encoder","13":"product_tag-facelift","14":"product_tag-key-programmer","15":"product_tag-keydevices","16":"product_tag-lock-smith","17":"product_tag-noimmo","18":"product_tag-prodecoder","19":"product_tag-programmateur-de-cle","20":"vehicles-bmw-f18-long-for-china-market-08-2009-08-2013","21":"vehicles-bmw-model-5-f07-gt-lci-08-2012-02-2017","22":"vehicles-bmw-model-5-f07-gt-09-2008-06-2013","23":"vehicles-bmw-model-5-f10-lci-08-2012-10-2016","24":"vehicles-bmw-model-5-f10-01-2009-10-2016","25":"vehicles-bmw-model-5-f11-hatchback-01-2009-06-2013","26":"vehicles-bmw-model-5-f11-lci-08-2012-02-2017","27":"vehicles-bmw-model-5-f18-lci-long-for-china-market-10-2012-04-2017","28":"vehicles-bmw-model-6-f06-gran-coupe-lci-05-2014-09-2018","29":"vehicles-bmw-model-6-f06-gran-coupe-05-2011-03-2015","30":"vehicles-bmw-model-6-f12-cabrio-10-2009-02-2015","31":"vehicles-bmw-model-6-f12-lci-05-2014-05-2018","32":"vehicles-bmw-model-6-f13-lci-05-2014-10-2017","33":"vehicles-bmw-model-6-f13-03-2010-02-2015","34":"vehicles-bmw-model-7-f01-lci-05-2011-05-2015","35":"vehicles-bmw-model-7-f01-06-2007-06-2012","36":"vehicles-bmw-model-7-f02-lci-05-2011-05-2015","37":"vehicles-bmw-model-7-f02-07-2007-06-2012","38":"vehicles-bmw-model-7-f03-04-2008-05-2012","39":"vehicles-bmw-model-7-f03-lci-01-2012-03-2015","40":"vehicles-bmw-model-7-f04-hybrid-10-2008-06-2012","41":"vehicles-bmw-other-models-dawn-rr6-04-2015-11-2019","42":"vehicles-bmw-other-models-ghost-rr4-08-2008-11-2019","43":"vehicles-bmw-other-models-wraith-rr5-11-2012-12-2019","44":"vehicles-bmw-other-models-x3-f25-06-2009-08-2017","45":"vehicles-bmw-other-models-x4-f26-05-2013-03-2018","47":"first","48":"instock","49":"shipping-taxable","50":"product-type-simple"},"yoast_head":"<!-- This site is optimized with the Yoast SEO Premium plugin v25.5 (Yoast SEO v27.4) - https:\/\/yoast.com\/product\/yoast-seo-premium-wordpress\/ -->\n<title>Bmw F-serie Facelift - Key Devices<\/title>\n<meta name=\"description\" content=\"Bmw F-serie Facelift key programmer vous permet de reprogrammer votre cl\u00e9 de voiture sans difficut\u00e9 et rapidement. Prix attractif sur le net.\" \/>\n<meta name=\"robots\" content=\"index, follow, max-snippet:-1, max-image-preview:large, max-video-preview:-1\" \/>\n<link rel=\"canonical\" href=\"https:\/\/www.key-devices.com\/pl\/product\/lci-means-facelift-bmw-f-serie-device\/\" \/>\n<meta property=\"og:locale\" content=\"pl_PL\" \/>\n<meta property=\"og:type\" content=\"article\" \/>\n<meta property=\"og:title\" content=\"LCI - means Facelift Bmw F-serie device\" \/>\n<meta property=\"og:description\" content=\"Bmw F-serie Facelift key programmer vous permet de reprogrammer votre cl\u00e9 de voiture sans difficut\u00e9 et rapidement. Prix attractif sur le net.\" \/>\n<meta property=\"og:url\" content=\"https:\/\/www.key-devices.com\/pl\/product\/lci-means-facelift-bmw-f-serie-device\/\" \/>\n<meta property=\"og:site_name\" content=\"KEY DEVICES\" \/>\n<meta property=\"article:modified_time\" content=\"2025-07-28T11:22:51+00:00\" \/>\n<meta property=\"og:image\" content=\"https:\/\/www.key-devices.com\/wp-content\/uploads\/Photo-BMW-Device-Key-Programmer.jpg\" \/>\n\t<meta property=\"og:image:width\" content=\"623\" \/>\n\t<meta property=\"og:image:height\" content=\"1024\" \/>\n\t<meta property=\"og:image:type\" content=\"image\/jpeg\" \/>\n<meta name=\"twitter:card\" content=\"summary_large_image\" \/>\n<meta name=\"twitter:label1\" content=\"Cena\" \/>\n\t<meta name=\"twitter:data1\" content=\"\" \/>\n\t<meta name=\"twitter:label2\" content=\"Dost\u0119pno\u015b\u0107\" \/>\n\t<meta name=\"twitter:data2\" content=\"Dost\u0119pny\" \/>\n<script type=\"application\/ld+json\" class=\"yoast-schema-graph\">{\"@context\":\"https:\\\/\\\/schema.org\",\"@graph\":[{\"@type\":\"WebPage\",\"@id\":\"https:\\\/\\\/www.key-devices.com\\\/product\\\/lci-means-facelift-bmw-f-serie-device\\\/\",\"url\":\"https:\\\/\\\/www.key-devices.com\\\/product\\\/lci-means-facelift-bmw-f-serie-device\\\/\",\"name\":\"Bmw F-serie Facelift - Key Devices\",\"isPartOf\":{\"@id\":\"https:\\\/\\\/www.key-devices.com\\\/#website\"},\"primaryImageOfPage\":{\"@id\":\"https:\\\/\\\/www.key-devices.com\\\/product\\\/lci-means-facelift-bmw-f-serie-device\\\/#primaryimage\"},\"image\":{\"@id\":\"https:\\\/\\\/www.key-devices.com\\\/product\\\/lci-means-facelift-bmw-f-serie-device\\\/#primaryimage\"},\"thumbnailUrl\":\"https:\\\/\\\/www.key-devices.com\\\/wp-content\\\/uploads\\\/Photo-BMW-Device-Key-Programmer.jpg\",\"datePublished\":\"2025-06-07T18:42:14+00:00\",\"dateModified\":\"2025-07-28T11:22:51+00:00\",\"description\":\"Bmw F-serie Facelift key programmer vous permet de reprogrammer votre cl\u00e9 de voiture sans difficut\u00e9 et rapidement. Prix attractif sur le net.\",\"breadcrumb\":{\"@id\":\"https:\\\/\\\/www.key-devices.com\\\/product\\\/lci-means-facelift-bmw-f-serie-device\\\/#breadcrumb\"},\"inLanguage\":\"pl-PL\",\"potentialAction\":[{\"@type\":\"ReadAction\",\"target\":[\"https:\\\/\\\/www.key-devices.com\\\/product\\\/lci-means-facelift-bmw-f-serie-device\\\/\"]}]},{\"@type\":\"ImageObject\",\"inLanguage\":\"pl-PL\",\"@id\":\"https:\\\/\\\/www.key-devices.com\\\/product\\\/lci-means-facelift-bmw-f-serie-device\\\/#primaryimage\",\"url\":\"https:\\\/\\\/www.key-devices.com\\\/wp-content\\\/uploads\\\/Photo-BMW-Device-Key-Programmer.jpg\",\"contentUrl\":\"https:\\\/\\\/www.key-devices.com\\\/wp-content\\\/uploads\\\/Photo-BMW-Device-Key-Programmer.jpg\",\"width\":623,\"height\":1024,\"caption\":\"Bmw F-serie Facelift\"},{\"@type\":\"BreadcrumbList\",\"@id\":\"https:\\\/\\\/www.key-devices.com\\\/product\\\/lci-means-facelift-bmw-f-serie-device\\\/#breadcrumb\",\"itemListElement\":[{\"@type\":\"ListItem\",\"position\":1,\"name\":\"Home\",\"item\":\"https:\\\/\\\/www.key-devices.com\\\/\"},{\"@type\":\"ListItem\",\"position\":2,\"name\":\"Shop\",\"item\":\"https:\\\/\\\/www.key-devices.com\\\/shop\\\/\"},{\"@type\":\"ListItem\",\"position\":3,\"name\":\"LCI &#8211; means Facelift Bmw F-serie device\"}]},{\"@type\":\"WebSite\",\"@id\":\"https:\\\/\\\/www.key-devices.com\\\/#website\",\"url\":\"https:\\\/\\\/www.key-devices.com\\\/\",\"name\":\"KEY DEVICES\",\"description\":\"\",\"publisher\":{\"@id\":\"https:\\\/\\\/www.key-devices.com\\\/#organization\"},\"potentialAction\":[{\"@type\":\"SearchAction\",\"target\":{\"@type\":\"EntryPoint\",\"urlTemplate\":\"https:\\\/\\\/www.key-devices.com\\\/?s={search_term_string}\"},\"query-input\":{\"@type\":\"PropertyValueSpecification\",\"valueRequired\":true,\"valueName\":\"search_term_string\"}}],\"inLanguage\":\"pl-PL\"},{\"@type\":[\"Organization\",\"Place\"],\"@id\":\"https:\\\/\\\/www.key-devices.com\\\/#organization\",\"name\":\"Key Devices\",\"url\":\"https:\\\/\\\/www.key-devices.com\\\/\",\"logo\":{\"@id\":\"https:\\\/\\\/www.key-devices.com\\\/product\\\/lci-means-facelift-bmw-f-serie-device\\\/#local-main-organization-logo\"},\"image\":{\"@id\":\"https:\\\/\\\/www.key-devices.com\\\/product\\\/lci-means-facelift-bmw-f-serie-device\\\/#local-main-organization-logo\"},\"legalName\":\"Key Devices\",\"telephone\":[],\"openingHoursSpecification\":[{\"@type\":\"OpeningHoursSpecification\",\"dayOfWeek\":[\"Monday\",\"Tuesday\",\"Wednesday\",\"Thursday\",\"Friday\",\"Saturday\",\"Sunday\"],\"opens\":\"09:00\",\"closes\":\"17:00\"}]},{\"@type\":\"ImageObject\",\"inLanguage\":\"pl-PL\",\"@id\":\"https:\\\/\\\/www.key-devices.com\\\/product\\\/lci-means-facelift-bmw-f-serie-device\\\/#local-main-organization-logo\",\"url\":\"https:\\\/\\\/www.key-devices.com\\\/wp-content\\\/uploads\\\/cropped-Key-Devices-Logo-official-.png\",\"contentUrl\":\"https:\\\/\\\/www.key-devices.com\\\/wp-content\\\/uploads\\\/cropped-Key-Devices-Logo-official-.png\",\"width\":512,\"height\":512,\"caption\":\"Key Devices\"}]}<\/script>\n<meta property=\"product:price:currency\" content=\"EUR\" \/>\n<meta property=\"og:availability\" content=\"instock\" \/>\n<meta property=\"product:availability\" content=\"instock\" \/>\n<meta property=\"product:retailer_item_id\" content=\"2511\" \/>\n<meta property=\"product:condition\" content=\"new\" \/>\n<!-- \/ Yoast SEO Premium plugin. -->","yoast_head_json":{"title":"Odnowiony Bmw serii F - S\u0142owa urz\u0105dzenia","description":"Bmw F-serie Facelift key programmer vous permet de reprogrammer votre cl\u00e9 de voiture sans difficut\u00e9 rapidement et. Prix attractif sur le net.","robots":{"index":"index","follow":"follow","max-snippet":"max-snippet:-1","max-image-preview":"max-image-preview:large","max-video-preview":"max-video-preview:-1"},"canonical":"https:\/\/www.key-devices.com\/pl\/product\/lci-means-facelift-bmw-f-serie-device\/","og_locale":"pl_PL","og_type":"article","og_title":"LCI - means Facelift Bmw F-serie device","og_description":"Bmw F-serie Facelift key programmer vous permet de reprogrammer votre cl\u00e9 de voiture sans difficut\u00e9 et rapidement. Prix attractif sur le net.","og_url":"https:\/\/www.key-devices.com\/pl\/product\/lci-means-facelift-bmw-f-serie-device\/","og_site_name":"KEY DEVICES","article_modified_time":"2025-07-28T11:22:51+00:00","og_image":[{"width":623,"height":1024,"url":"https:\/\/www.key-devices.com\/wp-content\/uploads\/Photo-BMW-Device-Key-Programmer.jpg","type":"image\/jpeg"}],"twitter_card":"summary_large_image","twitter_misc":{"Cena":"","Dost\u0119pno\u015b\u0107":"Dost\u0119pny"},"schema":{"@context":"https:\/\/schema.org","@graph":[{"@type":"WebPage","@id":"https:\/\/www.key-devices.com\/product\/lci-means-facelift-bmw-f-serie-device\/","url":"https:\/\/www.key-devices.com\/product\/lci-means-facelift-bmw-f-serie-device\/","name":"Odnowiony Bmw serii F - S\u0142owa urz\u0105dzenia","isPartOf":{"@id":"https:\/\/www.key-devices.com\/#website"},"primaryImageOfPage":{"@id":"https:\/\/www.key-devices.com\/product\/lci-means-facelift-bmw-f-serie-device\/#primaryimage"},"image":{"@id":"https:\/\/www.key-devices.com\/product\/lci-means-facelift-bmw-f-serie-device\/#primaryimage"},"thumbnailUrl":"https:\/\/www.key-devices.com\/wp-content\/uploads\/Photo-BMW-Device-Key-Programmer.jpg","datePublished":"2025-06-07T18:42:14+00:00","dateModified":"2025-07-28T11:22:51+00:00","description":"Bmw F-serie Facelift key programmer vous permet de reprogrammer votre cl\u00e9 de voiture sans difficut\u00e9 rapidement et. Prix attractif sur le net.","breadcrumb":{"@id":"https:\/\/www.key-devices.com\/product\/lci-means-facelift-bmw-f-serie-device\/#breadcrumb"},"inLanguage":"pl-PL","potentialAction":[{"@type":"ReadAction","target":["https:\/\/www.key-devices.com\/product\/lci-means-facelift-bmw-f-serie-device\/"]}]},{"@type":"ImageObject","inLanguage":"pl-PL","@id":"https:\/\/www.key-devices.com\/product\/lci-means-facelift-bmw-f-serie-device\/#primaryimage","url":"https:\/\/www.key-devices.com\/wp-content\/uploads\/Photo-BMW-Device-Key-Programmer.jpg","contentUrl":"https:\/\/www.key-devices.com\/wp-content\/uploads\/Photo-BMW-Device-Key-Programmer.jpg","width":623,"height":1024,"caption":"Bmw F-serie Facelift"},{"@type":"BreadcrumbList","@id":"https:\/\/www.key-devices.com\/product\/lci-means-facelift-bmw-f-serie-device\/#breadcrumb","itemListElement":[{"@type":"ListItem","position":1,"name":"Home","item":"https:\/\/www.key-devices.com\/"},{"@type":"ListItem","position":2,"name":"Shop","item":"https:\/\/www.key-devices.com\/shop\/"},{"@type":"ListItem","position":3,"name":"LCI &#8211; means Facelift Bmw F-serie device"}]},{"@type":"WebSite","@id":"https:\/\/www.key-devices.com\/#website","url":"https:\/\/www.key-devices.com\/","name":"S\u0141OWA URZ\u0104DZENIA","description":"","publisher":{"@id":"https:\/\/www.key-devices.com\/#organization"},"potentialAction":[{"@type":"SearchAction","target":{"@type":"EntryPoint","urlTemplate":"https:\/\/www.key-devices.com\/?s={search_term_string}"},"query-input":{"@type":"PropertyValueSpecification","valueRequired":true,"valueName":"search_term_string"}}],"inLanguage":"pl-PL"},{"@type":["Organization","Place"],"@id":"https:\/\/www.key-devices.com\/#organization","name":"S\u0142owa urz\u0105dzenia","url":"https:\/\/www.key-devices.com\/","logo":{"@id":"https:\/\/www.key-devices.com\/product\/lci-means-facelift-bmw-f-serie-device\/#local-main-organization-logo"},"image":{"@id":"https:\/\/www.key-devices.com\/product\/lci-means-facelift-bmw-f-serie-device\/#local-main-organization-logo"},"legalName":"Key Devices","telephone":[],"openingHoursSpecification":[{"@type":"OpeningHoursSpecification","dayOfWeek":["Monday","Tuesday","Wednesday","Thursday","Friday","Saturday","Sunday"],"opens":"09:00","closes":"17:00"}]},{"@type":"ImageObject","inLanguage":"pl-PL","@id":"https:\/\/www.key-devices.com\/product\/lci-means-facelift-bmw-f-serie-device\/#local-main-organization-logo","url":"https:\/\/www.key-devices.com\/wp-content\/uploads\/cropped-Key-Devices-Logo-official-.png","contentUrl":"https:\/\/www.key-devices.com\/wp-content\/uploads\/cropped-Key-Devices-Logo-official-.png","width":512,"height":512,"caption":"Key Devices"}]},"product_price_currency":"EUR","og_availability":"instock","product_availability":"instock","product_retailer_item_id":"2511","product_condition":"new"},"jetpack_sharing_enabled":true,"_links":{"self":[{"href":"https:\/\/www.key-devices.com\/pl\/wp-json\/wp\/v2\/product\/10714","targetHints":{"allow":["GET"]}}],"collection":[{"href":"https:\/\/www.key-devices.com\/pl\/wp-json\/wp\/v2\/product"}],"about":[{"href":"https:\/\/www.key-devices.com\/pl\/wp-json\/wp\/v2\/types\/product"}],"replies":[{"embeddable":true,"href":"https:\/\/www.key-devices.com\/pl\/wp-json\/wp\/v2\/comments?post=10714"}],"wp:featuredmedia":[{"embeddable":true,"href":"https:\/\/www.key-devices.com\/pl\/wp-json\/wp\/v2\/media\/10576"}],"wp:attachment":[{"href":"https:\/\/www.key-devices.com\/pl\/wp-json\/wp\/v2\/media?parent=10714"}],"wp:term":[{"taxonomy":"product_brand","embeddable":true,"href":"https:\/\/www.key-devices.com\/pl\/wp-json\/wp\/v2\/product_brand?post=10714"},{"taxonomy":"product_cat","embeddable":true,"href":"https:\/\/www.key-devices.com\/pl\/wp-json\/wp\/v2\/product_cat?post=10714"},{"taxonomy":"product_tag","embeddable":true,"href":"https:\/\/www.key-devices.com\/pl\/wp-json\/wp\/v2\/product_tag?post=10714"},{"taxonomy":"vehicles","embeddable":true,"href":"https:\/\/www.key-devices.com\/pl\/wp-json\/wp\/v2\/vehicles?post=10714"}],"curies":[{"name":"wp","href":"https:\/\/api.w.org\/{rel}","templated":true}]}}