{"id":10715,"date":"2025-06-07T20:42:14","date_gmt":"2025-06-07T18:42:14","guid":{"rendered":"https:\/\/www.key-devices.com\/?post_type=product&#038;p=10715"},"modified":"2025-07-28T13:22:52","modified_gmt":"2025-07-28T11:22:52","slug":"trafic-3-smart-twingo-3-keydevice","status":"publish","type":"product","link":"https:\/\/www.key-devices.com\/pl\/product\/trafic-3-smart-twingo-3-keydevice\/","title":{"rendered":"Trafic 3 Smart Twingo 3 Keydevice"},"content":{"rendered":"<h1  style=\"text-align: center;\">Wprowadzenie<\/h1>\n<p >Tw\u00f3j RENAULT \/ INTELIGENTNE urz\u0105dzenie<\/p>\n<p >Funkcje RENAULT \/ SMART Device Aplikacja RENAULT \/ SMART Device 2. KORZYSTANIE RENAULT \/ SMART DEVICE<\/p>\n<p >Dalej, urz\u0105dzenie RENAULT \/ SMART urz\u0105dzenie RENAULT wyposa\u017cone w DIP-prze\u0142\u0105czniki o numerach od 1 do 10, za pomoc\u0105 kt\u00f3rych mo\u017cna okre\u015bli\u0107 funkcjonalno\u015b\u0107 urz\u0105dzenia, i diod\u0119 led, kt\u00f3ra mo\u017ce \u015bwieci\u0107 na zielono lub czerwono.<\/p>\n<p >Nast\u0119pnie w urz\u0105dzeniu RENAULT \/SMART jest wyposa\u017cony w funkcj\u0119 programowania kluczy\/ kart \u2013 1, 2, 3 lub 4 klucza \/ karty. Je\u015bli utracone wszystkie klucze, nale\u017cy najpierw zaprogramowa\u0107 1 klucz, a nast\u0119pnie zaprogramowa\u0107 wszystkie pozosta\u0142e kluczyki.<\/p>\n<p >Aplikacja RENAULT \/ SMART Device To urz\u0105dzenie jest przeznaczone do zak\u0142adach \u015blusarskich, warsztat\u00f3w, warsztat\u00f3w naprawy samochod\u00f3w itp. Urz\u0105dzenie mo\u017ce pom\u00f3c we wszystkich przypadkach, kiedy nale\u017cy doda\u0107 puste klucze \/ karty do samochodu Renault.<\/p>\n<p >W ko\u0144cu, on dzia\u0142a przez OBDII i nie wymaga wprowadzania kodu PIN samochodu lub komputera. Procedura nauka trwa od 30 sekund do 5 minut (w zale\u017cno\u015bci od samochodu i od tego, wszystkie klucze utracone lub nie). Masz mo\u017cliwo\u015b\u0107 dowiedzie\u0107 si\u0119 klucze \/ karty, gdy w\u0142a\u015bciciel samochodu straci\u0142 wszystkie klucze.<\/p>\n<h1><\/h1>\n<h1  style=\"text-align: center;\">KORZYSTANIE Z URZ\u0104DZENIA RENAULT \/ SMART<\/h1>\n<p >Samochody Renault Twingo 3, Renault Trafic 3, Smart 453:<\/p>\n<ul>\n<li >Najpierw w\u0142\u0105cz zap\u0142on ostrzem kluczyka (bez transpondera) i wklej transponder w anten\u0119 urz\u0105dzenia.<\/li>\n<li >Pod\u0142\u0105cz urz\u0105dzenie do portu OBDII samochodu, i dioda led za\u015bwieci si\u0119 ci\u0105g\u0142y na zielono.<\/li>\n<li >Nast\u0119pnie, gdy urz\u0105dzenie miga na czerwono raz, wyjmij ostrze klucza i wklej transponder z anteny w klucz. Jak tylko ostrze klucza zostanie wyj\u0119ty ze stacyjki, dioda led zapali si\u0119 czerwony. W tym momencie w\u0142\u0105czy\u0107 zap\u0142on za pomoc\u0105 do\u0142\u0105czonego klucza (ostrza i transpondera).<\/li>\n<li >Przez 3-4 sekundy, urz\u0105dzenie zacznie miga\u0107 na zielono, wskazuj\u0105c na to, \u017ce procedura jest zako\u0144czona i klucz zaprogramowany.<\/li>\n<li >Nast\u0119pnie wyjmij urz\u0105dzenie, raz wy\u0142\u0105czy\u0107 zap\u0142on i samoch\u00f3d b\u0119dzie gotowy do uruchomienia, a pilot zdalnego sterowania zaprogramowany (je\u015bli jest dost\u0119pny). Samochody Smart 450 i 452:<\/li>\n<\/ul>\n<p>&nbsp;<\/p>\n<ul>\n<li >Najpierw w\u0142\u0105cz zap\u0142on kluczykiem i umie\u015b\u0107 anten\u0119 urz\u0105dzenia na klucz.<\/li>\n<li >Pod\u0142\u0105cz urz\u0105dzenie do portu OBDII samochodu, i dioda led za\u015bwieci si\u0119 ci\u0105g\u0142y na zielono.<\/li>\n<li >Nast\u0119pnie, jak tylko ostrze zostanie wyj\u0119ty ze stacyjki, dioda led zapali si\u0119 jednolitym czerwonym \u015bwiat\u0142em. W tym momencie wy\u0142\u0105czy\u0107 zap\u0142on, a nast\u0119pnie w\u0142\u0105czy\u0107 go ponownie kluczem.<\/li>\n<li >Przez 3-4 sekundy, urz\u0105dzenie zacznie miga\u0107 na zielono, wskazuj\u0105c na to, \u017ce procedura jest zako\u0144czona i klucz zaprogramowany.<\/li>\n<li >Nast\u0119pnie wyjmij urz\u0105dzenie, raz wy\u0142\u0105czy\u0107 zap\u0142on i samoch\u00f3d b\u0119dzie gotowy do uruchomienia, a pilot zdalnego sterowania zaprogramowany.<\/li>\n<\/ul>\n<p ><span style=\"color: #ff0000;\"><strong>* NASZE URZ\u0104DZENIA S\u0104 SPRZEDAWANE WY\u0141\u0104CZNIE DO U\u017bYTKU S\u0141U\u017bBOWEGO I PRYWATNEGO. NIE PONOSIMY ODPOWIEDZIALNO\u015aCI ZA OSZUSTWA LUB NIELEGALNE U\u017bYCIE SPRZEDANEGO SPRZ\u0118TU.<\/strong><\/span><\/p>","protected":false},"excerpt":{"rendered":"<p class=\"ai-optimize-46\">Urz\u0105dzenie to nale\u017cy do modeli 451\/452:<\/p>\n<p class=\"ai-optimize-47\">&#8211; Renault Twingo 3<br \/>\n&#8211; Then, Smart 453<br \/>\n&#8211; Finally, the Renault Trafic 3 model<\/p>","protected":false},"featured_media":10577,"comment_status":"open","ping_status":"closed","template":"","meta":{"_monsterinsights_skip_tracking":false,"_monsterinsights_sitenote_active":false,"_monsterinsights_sitenote_note":"","_monsterinsights_sitenote_category":0},"product_brand":[1163],"product_cat":[516],"product_tag":[558,559,562,563,564,572,573,575,542,585,526,586,554,587,588,599,618,622,623,624,544,684,685,686],"vehicles":[1090,1089],"class_list":{"0":"post-10715","1":"product","2":"type-product","3":"status-publish","4":"has-post-thumbnail","6":"product_brand-renault","7":"product_cat-key-programmer","8":"product_tag-autodevice","9":"product_tag-autokeydevice","10":"product_tag-cle-auto","11":"product_tag-cles-auto","12":"product_tag-cles-de-voiture","13":"product_tag-diagnostic-key","14":"product_tag-diagnostickey","15":"product_tag-encoder","16":"product_tag-key-device","17":"product_tag-key-devices","18":"product_tag-key-programmer","19":"product_tag-key-programmeur","20":"product_tag-keydevice","21":"product_tag-keydevices","22":"product_tag-keyprogrammer","23":"product_tag-lock-smith","24":"product_tag-noimmo","25":"product_tag-prodecoder","26":"product_tag-programmateur-de-cle","27":"product_tag-programmeur-cle","28":"product_tag-renault","29":"product_tag-smart","30":"product_tag-trafic-iii","31":"product_tag-twingo-iii","32":"vehicles-renault-traffic-3","33":"vehicles-renault-twingo-3","35":"first","36":"instock","37":"shipping-taxable","38":"product-type-simple"},"yoast_head":"<!-- This site is optimized with the Yoast SEO Premium plugin v25.5 (Yoast SEO v27.4) - https:\/\/yoast.com\/product\/yoast-seo-premium-wordpress\/ -->\n<title>Smart 453 452 451 twingo 3 Keydevice<\/title>\n<meta name=\"description\" content=\"Profitez d&#039;un prix promo pour ce Key Programmer Smart 453 452 451 twingo 3 Keydevice qui vous permettra d&#039;obtenir un double de cl\u00e9 pour les..\" \/>\n<meta name=\"robots\" content=\"index, follow, max-snippet:-1, max-image-preview:large, max-video-preview:-1\" \/>\n<link rel=\"canonical\" href=\"https:\/\/www.key-devices.com\/pl\/product\/trafic-3-smart-twingo-3-keydevice\/\" \/>\n<meta property=\"og:locale\" content=\"pl_PL\" \/>\n<meta property=\"og:type\" content=\"article\" \/>\n<meta property=\"og:title\" content=\"Trafic 3 Smart Twingo 3 Keydevice\" \/>\n<meta property=\"og:description\" content=\"Profitez d&#039;un prix promo pour ce Key Programmer Smart 453 452 451 twingo 3 Keydevice qui vous permettra d&#039;obtenir un double de cl\u00e9 pour les..\" \/>\n<meta property=\"og:url\" content=\"https:\/\/www.key-devices.com\/pl\/product\/trafic-3-smart-twingo-3-keydevice\/\" \/>\n<meta property=\"og:site_name\" content=\"KEY DEVICES\" \/>\n<meta property=\"article:modified_time\" content=\"2025-07-28T11:22:52+00:00\" \/>\n<meta property=\"og:image\" content=\"https:\/\/www.key-devices.com\/wp-content\/uploads\/PHOTO-2021-03-16-10-19-43.jpg\" \/>\n\t<meta property=\"og:image:width\" content=\"900\" \/>\n\t<meta property=\"og:image:height\" content=\"1600\" \/>\n\t<meta property=\"og:image:type\" content=\"image\/jpeg\" \/>\n<meta name=\"twitter:card\" content=\"summary_large_image\" \/>\n<meta name=\"twitter:label1\" content=\"Cena\" \/>\n\t<meta name=\"twitter:data1\" content=\"\" \/>\n\t<meta name=\"twitter:label2\" content=\"Dost\u0119pno\u015b\u0107\" \/>\n\t<meta name=\"twitter:data2\" content=\"Dost\u0119pny\" \/>\n<script type=\"application\/ld+json\" class=\"yoast-schema-graph\">{\"@context\":\"https:\\\/\\\/schema.org\",\"@graph\":[{\"@type\":\"WebPage\",\"@id\":\"https:\\\/\\\/www.key-devices.com\\\/product\\\/trafic-3-smart-twingo-3-keydevice\\\/\",\"url\":\"https:\\\/\\\/www.key-devices.com\\\/product\\\/trafic-3-smart-twingo-3-keydevice\\\/\",\"name\":\"Smart 453 452 451 twingo 3 Keydevice\",\"isPartOf\":{\"@id\":\"https:\\\/\\\/www.key-devices.com\\\/#website\"},\"primaryImageOfPage\":{\"@id\":\"https:\\\/\\\/www.key-devices.com\\\/product\\\/trafic-3-smart-twingo-3-keydevice\\\/#primaryimage\"},\"image\":{\"@id\":\"https:\\\/\\\/www.key-devices.com\\\/product\\\/trafic-3-smart-twingo-3-keydevice\\\/#primaryimage\"},\"thumbnailUrl\":\"https:\\\/\\\/www.key-devices.com\\\/wp-content\\\/uploads\\\/PHOTO-2021-03-16-10-19-43.jpg\",\"datePublished\":\"2025-06-07T18:42:14+00:00\",\"dateModified\":\"2025-07-28T11:22:52+00:00\",\"description\":\"Profitez d'un prix promo pour ce Key Programmer Smart 453 452 451 twingo 3 Keydevice qui vous permettra d'obtenir un double de cl\u00e9 pour les..\",\"breadcrumb\":{\"@id\":\"https:\\\/\\\/www.key-devices.com\\\/product\\\/trafic-3-smart-twingo-3-keydevice\\\/#breadcrumb\"},\"inLanguage\":\"pl-PL\",\"potentialAction\":[{\"@type\":\"ReadAction\",\"target\":[\"https:\\\/\\\/www.key-devices.com\\\/product\\\/trafic-3-smart-twingo-3-keydevice\\\/\"]}]},{\"@type\":\"ImageObject\",\"inLanguage\":\"pl-PL\",\"@id\":\"https:\\\/\\\/www.key-devices.com\\\/product\\\/trafic-3-smart-twingo-3-keydevice\\\/#primaryimage\",\"url\":\"https:\\\/\\\/www.key-devices.com\\\/wp-content\\\/uploads\\\/PHOTO-2021-03-16-10-19-43.jpg\",\"contentUrl\":\"https:\\\/\\\/www.key-devices.com\\\/wp-content\\\/uploads\\\/PHOTO-2021-03-16-10-19-43.jpg\",\"width\":900,\"height\":1600,\"caption\":\"Smart 453 452 451 twingo 3 Keydevice\"},{\"@type\":\"BreadcrumbList\",\"@id\":\"https:\\\/\\\/www.key-devices.com\\\/product\\\/trafic-3-smart-twingo-3-keydevice\\\/#breadcrumb\",\"itemListElement\":[{\"@type\":\"ListItem\",\"position\":1,\"name\":\"Home\",\"item\":\"https:\\\/\\\/www.key-devices.com\\\/\"},{\"@type\":\"ListItem\",\"position\":2,\"name\":\"Shop\",\"item\":\"https:\\\/\\\/www.key-devices.com\\\/shop\\\/\"},{\"@type\":\"ListItem\",\"position\":3,\"name\":\"Trafic 3 Smart Twingo 3 Keydevice\"}]},{\"@type\":\"WebSite\",\"@id\":\"https:\\\/\\\/www.key-devices.com\\\/#website\",\"url\":\"https:\\\/\\\/www.key-devices.com\\\/\",\"name\":\"KEY DEVICES\",\"description\":\"\",\"publisher\":{\"@id\":\"https:\\\/\\\/www.key-devices.com\\\/#organization\"},\"potentialAction\":[{\"@type\":\"SearchAction\",\"target\":{\"@type\":\"EntryPoint\",\"urlTemplate\":\"https:\\\/\\\/www.key-devices.com\\\/?s={search_term_string}\"},\"query-input\":{\"@type\":\"PropertyValueSpecification\",\"valueRequired\":true,\"valueName\":\"search_term_string\"}}],\"inLanguage\":\"pl-PL\"},{\"@type\":[\"Organization\",\"Place\"],\"@id\":\"https:\\\/\\\/www.key-devices.com\\\/#organization\",\"name\":\"Key Devices\",\"url\":\"https:\\\/\\\/www.key-devices.com\\\/\",\"logo\":{\"@id\":\"https:\\\/\\\/www.key-devices.com\\\/product\\\/trafic-3-smart-twingo-3-keydevice\\\/#local-main-organization-logo\"},\"image\":{\"@id\":\"https:\\\/\\\/www.key-devices.com\\\/product\\\/trafic-3-smart-twingo-3-keydevice\\\/#local-main-organization-logo\"},\"legalName\":\"Key Devices\",\"telephone\":[],\"openingHoursSpecification\":[{\"@type\":\"OpeningHoursSpecification\",\"dayOfWeek\":[\"Monday\",\"Tuesday\",\"Wednesday\",\"Thursday\",\"Friday\",\"Saturday\",\"Sunday\"],\"opens\":\"09:00\",\"closes\":\"17:00\"}]},{\"@type\":\"ImageObject\",\"inLanguage\":\"pl-PL\",\"@id\":\"https:\\\/\\\/www.key-devices.com\\\/product\\\/trafic-3-smart-twingo-3-keydevice\\\/#local-main-organization-logo\",\"url\":\"https:\\\/\\\/www.key-devices.com\\\/wp-content\\\/uploads\\\/cropped-Key-Devices-Logo-official-.png\",\"contentUrl\":\"https:\\\/\\\/www.key-devices.com\\\/wp-content\\\/uploads\\\/cropped-Key-Devices-Logo-official-.png\",\"width\":512,\"height\":512,\"caption\":\"Key Devices\"}]}<\/script>\n<meta property=\"product:price:currency\" content=\"EUR\" \/>\n<meta property=\"og:availability\" content=\"instock\" \/>\n<meta property=\"product:availability\" content=\"instock\" \/>\n<meta property=\"product:retailer_item_id\" content=\"2545\" \/>\n<meta property=\"product:condition\" content=\"new\" \/>\n<!-- \/ Yoast SEO Premium plugin. -->","yoast_head_json":{"title":"Kluczowe urz\u0105dzenie Smart 453 452 451 twingo 3","description":"Profitez d &#039;un prix promo pour ce Key Programmer Smart 453 452 451 twingo 3 Keydevice qui vous permettra d&#039; obtenir un double de cl\u00e9 pour les..","robots":{"index":"index","follow":"follow","max-snippet":"max-snippet:-1","max-image-preview":"max-image-preview:large","max-video-preview":"max-video-preview:-1"},"canonical":"https:\/\/www.key-devices.com\/pl\/product\/trafic-3-smart-twingo-3-keydevice\/","og_locale":"pl_PL","og_type":"article","og_title":"Trafic 3 Smart Twingo 3 Keydevice","og_description":"Profitez d'un prix promo pour ce Key Programmer Smart 453 452 451 twingo 3 Keydevice qui vous permettra d'obtenir un double de cl\u00e9 pour les..","og_url":"https:\/\/www.key-devices.com\/pl\/product\/trafic-3-smart-twingo-3-keydevice\/","og_site_name":"KEY DEVICES","article_modified_time":"2025-07-28T11:22:52+00:00","og_image":[{"width":900,"height":1600,"url":"https:\/\/www.key-devices.com\/wp-content\/uploads\/PHOTO-2021-03-16-10-19-43.jpg","type":"image\/jpeg"}],"twitter_card":"summary_large_image","twitter_misc":{"Cena":"","Dost\u0119pno\u015b\u0107":"Dost\u0119pny"},"schema":{"@context":"https:\/\/schema.org","@graph":[{"@type":"WebPage","@id":"https:\/\/www.key-devices.com\/product\/trafic-3-smart-twingo-3-keydevice\/","url":"https:\/\/www.key-devices.com\/product\/trafic-3-smart-twingo-3-keydevice\/","name":"Kluczowe urz\u0105dzenie Smart 453 452 451 twingo 3","isPartOf":{"@id":"https:\/\/www.key-devices.com\/#website"},"primaryImageOfPage":{"@id":"https:\/\/www.key-devices.com\/product\/trafic-3-smart-twingo-3-keydevice\/#primaryimage"},"image":{"@id":"https:\/\/www.key-devices.com\/product\/trafic-3-smart-twingo-3-keydevice\/#primaryimage"},"thumbnailUrl":"https:\/\/www.key-devices.com\/wp-content\/uploads\/PHOTO-2021-03-16-10-19-43.jpg","datePublished":"2025-06-07T18:42:14+00:00","dateModified":"2025-07-28T11:22:52+00:00","description":"Profitez d &#039;un prix promo pour ce Key Programmer Smart 453 452 451 twingo 3 Keydevice qui vous permettra d&#039; obtenir un double de cl\u00e9 pour les..","breadcrumb":{"@id":"https:\/\/www.key-devices.com\/product\/trafic-3-smart-twingo-3-keydevice\/#breadcrumb"},"inLanguage":"pl-PL","potentialAction":[{"@type":"ReadAction","target":["https:\/\/www.key-devices.com\/product\/trafic-3-smart-twingo-3-keydevice\/"]}]},{"@type":"ImageObject","inLanguage":"pl-PL","@id":"https:\/\/www.key-devices.com\/product\/trafic-3-smart-twingo-3-keydevice\/#primaryimage","url":"https:\/\/www.key-devices.com\/wp-content\/uploads\/PHOTO-2021-03-16-10-19-43.jpg","contentUrl":"https:\/\/www.key-devices.com\/wp-content\/uploads\/PHOTO-2021-03-16-10-19-43.jpg","width":900,"height":1600,"caption":"Smart 453 452 451 twingo 3 Keydevice"},{"@type":"BreadcrumbList","@id":"https:\/\/www.key-devices.com\/product\/trafic-3-smart-twingo-3-keydevice\/#breadcrumb","itemListElement":[{"@type":"ListItem","position":1,"name":"Home","item":"https:\/\/www.key-devices.com\/"},{"@type":"ListItem","position":2,"name":"Shop","item":"https:\/\/www.key-devices.com\/shop\/"},{"@type":"ListItem","position":3,"name":"Trafic 3 Smart Twingo 3 Keydevice"}]},{"@type":"WebSite","@id":"https:\/\/www.key-devices.com\/#website","url":"https:\/\/www.key-devices.com\/","name":"S\u0141OWA URZ\u0104DZENIA","description":"","publisher":{"@id":"https:\/\/www.key-devices.com\/#organization"},"potentialAction":[{"@type":"SearchAction","target":{"@type":"EntryPoint","urlTemplate":"https:\/\/www.key-devices.com\/?s={search_term_string}"},"query-input":{"@type":"PropertyValueSpecification","valueRequired":true,"valueName":"search_term_string"}}],"inLanguage":"pl-PL"},{"@type":["Organization","Place"],"@id":"https:\/\/www.key-devices.com\/#organization","name":"S\u0142owa urz\u0105dzenia","url":"https:\/\/www.key-devices.com\/","logo":{"@id":"https:\/\/www.key-devices.com\/product\/trafic-3-smart-twingo-3-keydevice\/#local-main-organization-logo"},"image":{"@id":"https:\/\/www.key-devices.com\/product\/trafic-3-smart-twingo-3-keydevice\/#local-main-organization-logo"},"legalName":"Key Devices","telephone":[],"openingHoursSpecification":[{"@type":"OpeningHoursSpecification","dayOfWeek":["Monday","Tuesday","Wednesday","Thursday","Friday","Saturday","Sunday"],"opens":"09:00","closes":"17:00"}]},{"@type":"ImageObject","inLanguage":"pl-PL","@id":"https:\/\/www.key-devices.com\/product\/trafic-3-smart-twingo-3-keydevice\/#local-main-organization-logo","url":"https:\/\/www.key-devices.com\/wp-content\/uploads\/cropped-Key-Devices-Logo-official-.png","contentUrl":"https:\/\/www.key-devices.com\/wp-content\/uploads\/cropped-Key-Devices-Logo-official-.png","width":512,"height":512,"caption":"Key Devices"}]},"product_price_currency":"EUR","og_availability":"instock","product_availability":"instock","product_retailer_item_id":"2545","product_condition":"new"},"jetpack_sharing_enabled":true,"_links":{"self":[{"href":"https:\/\/www.key-devices.com\/pl\/wp-json\/wp\/v2\/product\/10715","targetHints":{"allow":["GET"]}}],"collection":[{"href":"https:\/\/www.key-devices.com\/pl\/wp-json\/wp\/v2\/product"}],"about":[{"href":"https:\/\/www.key-devices.com\/pl\/wp-json\/wp\/v2\/types\/product"}],"replies":[{"embeddable":true,"href":"https:\/\/www.key-devices.com\/pl\/wp-json\/wp\/v2\/comments?post=10715"}],"wp:featuredmedia":[{"embeddable":true,"href":"https:\/\/www.key-devices.com\/pl\/wp-json\/wp\/v2\/media\/10577"}],"wp:attachment":[{"href":"https:\/\/www.key-devices.com\/pl\/wp-json\/wp\/v2\/media?parent=10715"}],"wp:term":[{"taxonomy":"product_brand","embeddable":true,"href":"https:\/\/www.key-devices.com\/pl\/wp-json\/wp\/v2\/product_brand?post=10715"},{"taxonomy":"product_cat","embeddable":true,"href":"https:\/\/www.key-devices.com\/pl\/wp-json\/wp\/v2\/product_cat?post=10715"},{"taxonomy":"product_tag","embeddable":true,"href":"https:\/\/www.key-devices.com\/pl\/wp-json\/wp\/v2\/product_tag?post=10715"},{"taxonomy":"vehicles","embeddable":true,"href":"https:\/\/www.key-devices.com\/pl\/wp-json\/wp\/v2\/vehicles?post=10715"}],"curies":[{"name":"wp","href":"https:\/\/api.w.org\/{rel}","templated":true}]}}