{"id":10717,"date":"2025-06-07T20:42:14","date_gmt":"2025-06-07T18:42:14","guid":{"rendered":"https:\/\/www.key-devices.com\/?post_type=product&#038;p=10717"},"modified":"2025-07-28T13:22:53","modified_gmt":"2025-07-28T11:22:53","slug":"range-land-rover-jaguar-key-devices-2021-open-programming","status":"publish","type":"product","link":"https:\/\/www.key-devices.com\/pl\/product\/range-land-rover-jaguar-key-devices-2021-open-programming\/","title":{"rendered":"Otwieranie i programowanie kluczowego urz\u0105dzenia Range Rover Jaguar 2021"},"content":{"rendered":"<h1  style=\"text-align: center;\">KORZYSTANIE Z URZ\u0104DZENIA RANGE &amp; LAND ROVER JAQUAR KEY DEVICES 2021<\/h1>\n<p >Oto najnowsze dzie\u0142o s\u0142ynnego zespo\u0142u do wszystkich modeli Land Rover Jaguar.<\/p>\n<p >To narz\u0119dzie ma ponad 9 funkcji, aby sprosta\u0107 wymaganiom nawet najbardziej wymagaj\u0105cych samochodowych, \u015blusarzy.<\/p>\n<p>&nbsp;<\/p>\n<p ><span style=\"color: #ff0000;\"><strong>* NASZE URZ\u0104DZENIA S\u0104 SPRZEDAWANE WY\u0141\u0104CZNIE DO U\u017bYTKU S\u0141U\u017bBOWEGO I PRYWATNEGO. NIE PONOSIMY ODPOWIEDZIALNO\u015aCI ZA OSZUSTWA LUB NIELEGALNE U\u017bYCIE SPRZEDANEGO SPRZ\u0118TU.<\/strong><\/span><\/p>","protected":false},"excerpt":{"rendered":"<p class=\"ai-optimize-39\">Narz\u0119dzie do awaryjnego uruchomienia i programowanie emulator klucza (samochody z nowym smart-kluczem 2018-2020):<\/p>\n<p class=\"ai-optimize-40\">Najpierw pod\u0142\u0105cz urz\u0105dzenie do OBD w trybie E. Po drugiej d\u0142ugiego sygna\u0142u d\u017awi\u0119kowego, nale\u017cy wy\u0142\u0105czy\u0107 urz\u0105dzenie.<\/p>\n<p class=\"ai-optimize-41\">Nast\u0119pnie pod\u0142\u0105cz urz\u0105dzenie do przewod\u00f3w CAN w trybie A w kabinie samochodu. Centralny zamek otworzy si\u0119 automatycznie, a alarm si\u0119 wy\u0142\u0105czy.<\/p>\n<p class=\"ai-optimize-42\">Finally, press and hold the Start button on the console for 2-3 seconds. The engine will start. &#8220;CAN Connection Manual&#8221; CAN-Hi wire with orange strap (red clip) CAN-Low wire with purple strap (black clip).<\/p>\n<p class=\"ai-optimize-43\">Lista obs\u0142ugiwanych modeli:<\/p>\n<p class=\"ai-optimize-12\">RANGE ROVER 2010-2021<\/p>\n<div dir=\"ltr\">LAND ROVER 2010-2021<\/div>\n<div dir=\"ltr\">JAGUAR 2010-2021<\/div>\n<div dir=\"ltr\">Moda L405<\/div>\n<div dir=\"ltr\">L462 Discovery V<\/div>\n<div dir=\"ltr\">L494 SPORT<\/div>\n<div dir=\"ltr\">L538 EVOQUE<\/div>\n<div dir=\"ltr\">L550 DISCOVERY SPORT<\/div>\n<div dir=\"ltr\">L551 EVOQUE<\/div>\n<div dir=\"ltr\">L560 WELARNA<\/div>\n<div dir=\"ltr\">X250 XE<\/div>\n<div dir=\"ltr\">X260 XE<\/div>\n<div dir=\"ltr\">X250 XF<\/div>\n<div dir=\"ltr\">X260 XF<\/div>\n<div dir=\"ltr\">XJ X351<\/div>\n<div dir=\"ltr\">X151 F-TYP<\/div>\n<div dir=\"ltr\">X540 E-PACE (Elektroniczny TEMPO)<\/div>\n<div dir=\"ltr\">X590 I-TEMP<\/div>\n<div dir=\"ltr\">X761 F-TEMPO<\/div>","protected":false},"featured_media":10579,"comment_status":"open","ping_status":"closed","template":"","meta":{"_monsterinsights_skip_tracking":false,"_monsterinsights_sitenote_active":false,"_monsterinsights_sitenote_note":"","_monsterinsights_sitenote_category":0},"product_brand":[1166,1168,1167],"product_cat":[516],"product_tag":[713,714,715,716,717,718,719,720,721,658,722,659,723,724,725,726,727,728,729,730,731,732,733],"vehicles":[961,956,958,957,959,960,962,963,964,949,950,951,952,953,954,955,947],"class_list":{"0":"post-10717","1":"product","2":"type-product","3":"status-publish","4":"has-post-thumbnail","6":"product_brand-jaguar","7":"product_brand-land-rover","8":"product_brand-range-rover","9":"product_cat-key-programmer","10":"product_tag-jaguar-2010-2021","11":"product_tag-jaquar","12":"product_tag-l405-vogue","13":"product_tag-l462-discovery-v","14":"product_tag-l494-sport","15":"product_tag-l538-evoque","16":"product_tag-l550-discovery-sport","17":"product_tag-l551-evoque","18":"product_tag-l560-velar","19":"product_tag-land-rover","20":"product_tag-land-rover-2010-2021","21":"product_tag-range-rover","22":"product_tag-range-rover-2010-2021","23":"product_tag-velar-l560","24":"product_tag-x151-f-type","25":"product_tag-x250-xe","26":"product_tag-x250-xf","27":"product_tag-x260-xe","28":"product_tag-x260-xf","29":"product_tag-x351-xj","30":"product_tag-x540-e-pace","31":"product_tag-x590-i-pace","32":"product_tag-x761-f-pace","33":"vehicles-jaguar-x151-f-type-2010-2021","34":"vehicles-jaguar-x250-xe-2010-2021","35":"vehicles-jaguar-x250-xf-2010-2021","36":"vehicles-jaguar-x260-xe-2010-2021","37":"vehicles-jaguar-x260-xf-2010-2021","38":"vehicles-jaguar-x351-xj-2010-2021","39":"vehicles-jaguar-x540-e-pace-2010-2021","40":"vehicles-jaguar-x590-i-pace-2010-2021","41":"vehicles-jaguar-x761-f-pace-2010-2021","42":"vehicles-land-rover-l405-vogue-2010-2021","43":"vehicles-land-rover-l462-discovery-v-2010-2021","44":"vehicles-land-rover-l494-sport-2010-2021","45":"vehicles-land-rover-l538-evoque-2010-2021","46":"vehicles-land-rover-l550-discovery-sport-2010-2021","47":"vehicles-land-rover-l551-evoque-2010-2021","48":"vehicles-land-rover-l560-velar-2010-2021","49":"vehicles-land-rover-range-rover-2010-2021","51":"first","52":"outofstock","53":"shipping-taxable","54":"product-type-simple"},"yoast_head":"<!-- This site is optimized with the Yoast SEO Premium plugin v25.5 (Yoast SEO v27.4) - https:\/\/yoast.com\/product\/yoast-seo-premium-wordpress\/ -->\n<title>RANGE &amp; LAND ROVER JAGUAR - Key Devices<\/title>\n<meta name=\"description\" content=\"RANGE &amp; LAND ROVER JAGUAR Key Devices est un produit phare de notre boutique qui fait partie des derniers mod\u00e8les \u00e0 la vente et...\" \/>\n<meta name=\"robots\" content=\"index, follow, max-snippet:-1, max-image-preview:large, max-video-preview:-1\" \/>\n<link rel=\"canonical\" href=\"https:\/\/www.key-devices.com\/pl\/product\/range-land-rover-jaguar-key-devices-2021-open-programming\/\" \/>\n<meta property=\"og:locale\" content=\"pl_PL\" \/>\n<meta property=\"og:type\" content=\"article\" \/>\n<meta property=\"og:title\" content=\"Range &amp; Land Rover Jaguar keydevice 2021 Open &amp; programming\" \/>\n<meta property=\"og:description\" content=\"RANGE &amp; LAND ROVER JAGUAR Key Devices est un produit phare de notre boutique qui fait partie des derniers mod\u00e8les \u00e0 la vente et...\" \/>\n<meta property=\"og:url\" content=\"https:\/\/www.key-devices.com\/pl\/product\/range-land-rover-jaguar-key-devices-2021-open-programming\/\" \/>\n<meta property=\"og:site_name\" content=\"KEY DEVICES\" \/>\n<meta property=\"article:modified_time\" content=\"2025-07-28T11:22:53+00:00\" \/>\n<meta property=\"og:image\" content=\"https:\/\/www.key-devices.com\/wp-content\/uploads\/PHOTO-2021-06-02-12-28-23.jpg\" \/>\n\t<meta property=\"og:image:width\" content=\"900\" \/>\n\t<meta property=\"og:image:height\" content=\"1600\" \/>\n\t<meta property=\"og:image:type\" content=\"image\/jpeg\" \/>\n<meta name=\"twitter:card\" content=\"summary_large_image\" \/>\n<meta name=\"twitter:label1\" content=\"Cena\" \/>\n\t<meta name=\"twitter:data1\" content=\"\" \/>\n\t<meta name=\"twitter:label2\" content=\"Dost\u0119pno\u015b\u0107\" \/>\n\t<meta name=\"twitter:data2\" content=\"Brak w magazynie\" \/>\n<script type=\"application\/ld+json\" class=\"yoast-schema-graph\">{\"@context\":\"https:\\\/\\\/schema.org\",\"@graph\":[{\"@type\":\"WebPage\",\"@id\":\"https:\\\/\\\/www.key-devices.com\\\/product\\\/range-land-rover-jaguar-key-devices-2021-open-programming\\\/\",\"url\":\"https:\\\/\\\/www.key-devices.com\\\/product\\\/range-land-rover-jaguar-key-devices-2021-open-programming\\\/\",\"name\":\"RANGE & LAND ROVER JAGUAR - Key Devices\",\"isPartOf\":{\"@id\":\"https:\\\/\\\/www.key-devices.com\\\/#website\"},\"primaryImageOfPage\":{\"@id\":\"https:\\\/\\\/www.key-devices.com\\\/product\\\/range-land-rover-jaguar-key-devices-2021-open-programming\\\/#primaryimage\"},\"image\":{\"@id\":\"https:\\\/\\\/www.key-devices.com\\\/product\\\/range-land-rover-jaguar-key-devices-2021-open-programming\\\/#primaryimage\"},\"thumbnailUrl\":\"https:\\\/\\\/www.key-devices.com\\\/wp-content\\\/uploads\\\/PHOTO-2021-06-02-12-28-23.jpg\",\"datePublished\":\"2025-06-07T18:42:14+00:00\",\"dateModified\":\"2025-07-28T11:22:53+00:00\",\"description\":\"RANGE & LAND ROVER JAGUAR Key Devices est un produit phare de notre boutique qui fait partie des derniers mod\u00e8les \u00e0 la vente et...\",\"breadcrumb\":{\"@id\":\"https:\\\/\\\/www.key-devices.com\\\/product\\\/range-land-rover-jaguar-key-devices-2021-open-programming\\\/#breadcrumb\"},\"inLanguage\":\"pl-PL\",\"potentialAction\":[{\"@type\":\"ReadAction\",\"target\":[\"https:\\\/\\\/www.key-devices.com\\\/product\\\/range-land-rover-jaguar-key-devices-2021-open-programming\\\/\"]}]},{\"@type\":\"ImageObject\",\"inLanguage\":\"pl-PL\",\"@id\":\"https:\\\/\\\/www.key-devices.com\\\/product\\\/range-land-rover-jaguar-key-devices-2021-open-programming\\\/#primaryimage\",\"url\":\"https:\\\/\\\/www.key-devices.com\\\/wp-content\\\/uploads\\\/PHOTO-2021-06-02-12-28-23.jpg\",\"contentUrl\":\"https:\\\/\\\/www.key-devices.com\\\/wp-content\\\/uploads\\\/PHOTO-2021-06-02-12-28-23.jpg\",\"width\":900,\"height\":1600,\"caption\":\"RANGE & LAND ROVER JAGUAR KEYDEVICE 2021\"},{\"@type\":\"BreadcrumbList\",\"@id\":\"https:\\\/\\\/www.key-devices.com\\\/product\\\/range-land-rover-jaguar-key-devices-2021-open-programming\\\/#breadcrumb\",\"itemListElement\":[{\"@type\":\"ListItem\",\"position\":1,\"name\":\"Home\",\"item\":\"https:\\\/\\\/www.key-devices.com\\\/\"},{\"@type\":\"ListItem\",\"position\":2,\"name\":\"Shop\",\"item\":\"https:\\\/\\\/www.key-devices.com\\\/shop\\\/\"},{\"@type\":\"ListItem\",\"position\":3,\"name\":\"Range &#038; Land Rover Jaguar keydevice 2021 Open &#038; programming\"}]},{\"@type\":\"WebSite\",\"@id\":\"https:\\\/\\\/www.key-devices.com\\\/#website\",\"url\":\"https:\\\/\\\/www.key-devices.com\\\/\",\"name\":\"KEY DEVICES\",\"description\":\"\",\"publisher\":{\"@id\":\"https:\\\/\\\/www.key-devices.com\\\/#organization\"},\"potentialAction\":[{\"@type\":\"SearchAction\",\"target\":{\"@type\":\"EntryPoint\",\"urlTemplate\":\"https:\\\/\\\/www.key-devices.com\\\/?s={search_term_string}\"},\"query-input\":{\"@type\":\"PropertyValueSpecification\",\"valueRequired\":true,\"valueName\":\"search_term_string\"}}],\"inLanguage\":\"pl-PL\"},{\"@type\":[\"Organization\",\"Place\"],\"@id\":\"https:\\\/\\\/www.key-devices.com\\\/#organization\",\"name\":\"Key Devices\",\"url\":\"https:\\\/\\\/www.key-devices.com\\\/\",\"logo\":{\"@id\":\"https:\\\/\\\/www.key-devices.com\\\/product\\\/range-land-rover-jaguar-key-devices-2021-open-programming\\\/#local-main-organization-logo\"},\"image\":{\"@id\":\"https:\\\/\\\/www.key-devices.com\\\/product\\\/range-land-rover-jaguar-key-devices-2021-open-programming\\\/#local-main-organization-logo\"},\"legalName\":\"Key Devices\",\"telephone\":[],\"openingHoursSpecification\":[{\"@type\":\"OpeningHoursSpecification\",\"dayOfWeek\":[\"Monday\",\"Tuesday\",\"Wednesday\",\"Thursday\",\"Friday\",\"Saturday\",\"Sunday\"],\"opens\":\"09:00\",\"closes\":\"17:00\"}]},{\"@type\":\"ImageObject\",\"inLanguage\":\"pl-PL\",\"@id\":\"https:\\\/\\\/www.key-devices.com\\\/product\\\/range-land-rover-jaguar-key-devices-2021-open-programming\\\/#local-main-organization-logo\",\"url\":\"https:\\\/\\\/www.key-devices.com\\\/wp-content\\\/uploads\\\/cropped-Key-Devices-Logo-official-.png\",\"contentUrl\":\"https:\\\/\\\/www.key-devices.com\\\/wp-content\\\/uploads\\\/cropped-Key-Devices-Logo-official-.png\",\"width\":512,\"height\":512,\"caption\":\"Key Devices\"}]}<\/script>\n<meta property=\"product:price:currency\" content=\"EUR\" \/>\n<meta property=\"og:availability\" content=\"out of stock\" \/>\n<meta property=\"product:availability\" content=\"out of stock\" \/>\n<meta property=\"product:retailer_item_id\" content=\"2564\" \/>\n<meta property=\"product:condition\" content=\"new\" \/>\n<!-- \/ Yoast SEO Premium plugin. -->","yoast_head_json":{"title":"RANGE ROVER i LAND ROVER JAGUAR - S\u0142owa urz\u0105dzenia","description":"RANGE &amp; LAND ROVER JAGUAR Key Devices est un produit phare de notre boutique qui fait partie des derniers mod\u00e8les \u00e0 la vente et...","robots":{"index":"index","follow":"follow","max-snippet":"max-snippet:-1","max-image-preview":"max-image-preview:large","max-video-preview":"max-video-preview:-1"},"canonical":"https:\/\/www.key-devices.com\/pl\/product\/range-land-rover-jaguar-key-devices-2021-open-programming\/","og_locale":"pl_PL","og_type":"article","og_title":"Range & Land Rover Jaguar keydevice 2021 Open & programming","og_description":"RANGE & LAND ROVER JAGUAR Key Devices est un produit phare de notre boutique qui fait partie des derniers mod\u00e8les \u00e0 la vente et...","og_url":"https:\/\/www.key-devices.com\/pl\/product\/range-land-rover-jaguar-key-devices-2021-open-programming\/","og_site_name":"KEY DEVICES","article_modified_time":"2025-07-28T11:22:53+00:00","og_image":[{"width":900,"height":1600,"url":"https:\/\/www.key-devices.com\/wp-content\/uploads\/PHOTO-2021-06-02-12-28-23.jpg","type":"image\/jpeg"}],"twitter_card":"summary_large_image","twitter_misc":{"Cena":"","Dost\u0119pno\u015b\u0107":"Brak w magazynie"},"schema":{"@context":"https:\/\/schema.org","@graph":[{"@type":"WebPage","@id":"https:\/\/www.key-devices.com\/product\/range-land-rover-jaguar-key-devices-2021-open-programming\/","url":"https:\/\/www.key-devices.com\/product\/range-land-rover-jaguar-key-devices-2021-open-programming\/","name":"RANGE ROVER i LAND ROVER JAGUAR - S\u0142owa urz\u0105dzenia","isPartOf":{"@id":"https:\/\/www.key-devices.com\/#website"},"primaryImageOfPage":{"@id":"https:\/\/www.key-devices.com\/product\/range-land-rover-jaguar-key-devices-2021-open-programming\/#primaryimage"},"image":{"@id":"https:\/\/www.key-devices.com\/product\/range-land-rover-jaguar-key-devices-2021-open-programming\/#primaryimage"},"thumbnailUrl":"https:\/\/www.key-devices.com\/wp-content\/uploads\/PHOTO-2021-06-02-12-28-23.jpg","datePublished":"2025-06-07T18:42:14+00:00","dateModified":"2025-07-28T11:22:53+00:00","description":"RANGE &amp; LAND ROVER JAGUAR Key Devices est un produit phare de notre boutique qui fait partie des derniers mod\u00e8les \u00e0 la vente et...","breadcrumb":{"@id":"https:\/\/www.key-devices.com\/product\/range-land-rover-jaguar-key-devices-2021-open-programming\/#breadcrumb"},"inLanguage":"pl-PL","potentialAction":[{"@type":"ReadAction","target":["https:\/\/www.key-devices.com\/product\/range-land-rover-jaguar-key-devices-2021-open-programming\/"]}]},{"@type":"ImageObject","inLanguage":"pl-PL","@id":"https:\/\/www.key-devices.com\/product\/range-land-rover-jaguar-key-devices-2021-open-programming\/#primaryimage","url":"https:\/\/www.key-devices.com\/wp-content\/uploads\/PHOTO-2021-06-02-12-28-23.jpg","contentUrl":"https:\/\/www.key-devices.com\/wp-content\/uploads\/PHOTO-2021-06-02-12-28-23.jpg","width":900,"height":1600,"caption":"RANGE & LAND ROVER JAGUAR KEYDEVICE 2021"},{"@type":"BreadcrumbList","@id":"https:\/\/www.key-devices.com\/product\/range-land-rover-jaguar-key-devices-2021-open-programming\/#breadcrumb","itemListElement":[{"@type":"ListItem","position":1,"name":"Home","item":"https:\/\/www.key-devices.com\/"},{"@type":"ListItem","position":2,"name":"Shop","item":"https:\/\/www.key-devices.com\/shop\/"},{"@type":"ListItem","position":3,"name":"Range &#038; Land Rover Jaguar keydevice 2021 Open &#038; programming"}]},{"@type":"WebSite","@id":"https:\/\/www.key-devices.com\/#website","url":"https:\/\/www.key-devices.com\/","name":"S\u0141OWA URZ\u0104DZENIA","description":"","publisher":{"@id":"https:\/\/www.key-devices.com\/#organization"},"potentialAction":[{"@type":"SearchAction","target":{"@type":"EntryPoint","urlTemplate":"https:\/\/www.key-devices.com\/?s={search_term_string}"},"query-input":{"@type":"PropertyValueSpecification","valueRequired":true,"valueName":"search_term_string"}}],"inLanguage":"pl-PL"},{"@type":["Organization","Place"],"@id":"https:\/\/www.key-devices.com\/#organization","name":"S\u0142owa urz\u0105dzenia","url":"https:\/\/www.key-devices.com\/","logo":{"@id":"https:\/\/www.key-devices.com\/product\/range-land-rover-jaguar-key-devices-2021-open-programming\/#local-main-organization-logo"},"image":{"@id":"https:\/\/www.key-devices.com\/product\/range-land-rover-jaguar-key-devices-2021-open-programming\/#local-main-organization-logo"},"legalName":"Key Devices","telephone":[],"openingHoursSpecification":[{"@type":"OpeningHoursSpecification","dayOfWeek":["Monday","Tuesday","Wednesday","Thursday","Friday","Saturday","Sunday"],"opens":"09:00","closes":"17:00"}]},{"@type":"ImageObject","inLanguage":"pl-PL","@id":"https:\/\/www.key-devices.com\/product\/range-land-rover-jaguar-key-devices-2021-open-programming\/#local-main-organization-logo","url":"https:\/\/www.key-devices.com\/wp-content\/uploads\/cropped-Key-Devices-Logo-official-.png","contentUrl":"https:\/\/www.key-devices.com\/wp-content\/uploads\/cropped-Key-Devices-Logo-official-.png","width":512,"height":512,"caption":"Key Devices"}]},"product_price_currency":"EUR","og_availability":"out of stock","product_availability":"out of stock","product_retailer_item_id":"2564","product_condition":"new"},"jetpack_sharing_enabled":true,"_links":{"self":[{"href":"https:\/\/www.key-devices.com\/pl\/wp-json\/wp\/v2\/product\/10717","targetHints":{"allow":["GET"]}}],"collection":[{"href":"https:\/\/www.key-devices.com\/pl\/wp-json\/wp\/v2\/product"}],"about":[{"href":"https:\/\/www.key-devices.com\/pl\/wp-json\/wp\/v2\/types\/product"}],"replies":[{"embeddable":true,"href":"https:\/\/www.key-devices.com\/pl\/wp-json\/wp\/v2\/comments?post=10717"}],"wp:featuredmedia":[{"embeddable":true,"href":"https:\/\/www.key-devices.com\/pl\/wp-json\/wp\/v2\/media\/10579"}],"wp:attachment":[{"href":"https:\/\/www.key-devices.com\/pl\/wp-json\/wp\/v2\/media?parent=10717"}],"wp:term":[{"taxonomy":"product_brand","embeddable":true,"href":"https:\/\/www.key-devices.com\/pl\/wp-json\/wp\/v2\/product_brand?post=10717"},{"taxonomy":"product_cat","embeddable":true,"href":"https:\/\/www.key-devices.com\/pl\/wp-json\/wp\/v2\/product_cat?post=10717"},{"taxonomy":"product_tag","embeddable":true,"href":"https:\/\/www.key-devices.com\/pl\/wp-json\/wp\/v2\/product_tag?post=10717"},{"taxonomy":"vehicles","embeddable":true,"href":"https:\/\/www.key-devices.com\/pl\/wp-json\/wp\/v2\/vehicles?post=10717"}],"curies":[{"name":"wp","href":"https:\/\/api.w.org\/{rel}","templated":true}]}}