{"id":10718,"date":"2025-06-07T20:42:15","date_gmt":"2025-06-07T18:42:15","guid":{"rendered":"https:\/\/www.key-devices.com\/?post_type=product&#038;p=10718"},"modified":"2025-07-28T13:22:46","modified_gmt":"2025-07-28T11:22:46","slug":"daf-trucks-poids-lourd-key-programming-2022","status":"publish","type":"product","link":"https:\/\/www.key-devices.com\/pl\/product\/daf-trucks-poids-lourd-key-programming-2022\/","title":{"rendered":"DAF Trucks Poids kluczowe programowanie Lourd 2022"},"content":{"rendered":"<h1  style=\"text-align: center;\">KORZYSTANIE z URZ\u0104DZENIA DAF Trucks Poids Lourd key programming 2022<\/h1>\n<p >Przed wami nowy niezale\u017cne urz\u0105dzenie do programowania kluczy do samochod\u00f3w ci\u0119\u017carowych DAF modele od 2010 do 2020 roku, dla kt\u00f3rego nie jest wymagany dost\u0119p do internetu lub komputera.<\/p>\n<p >Programowanie zajmuje mniej ni\u017c 60 sekund do wszystkich modeli samochod\u00f3w ci\u0119\u017carowych DAF (XF, CF, DF, itp.) Euro 5 i Euro 6.<\/p>\n<p >Wszystkie modele ci\u0119\u017car\u00f3wek DAF pokryte i \u0142atwe w u\u017cyciu.<\/p>\n<p>&nbsp;<\/p>\n<p ><span style=\"color: #ff0000;\"><strong>* NASZE URZ\u0104DZENIA S\u0104 SPRZEDAWANE WY\u0141\u0104CZNIE DO U\u017bYTKU S\u0141U\u017bBOWEGO I PRYWATNEGO. NIE PONOSIMY ODPOWIEDZIALNO\u015aCI ZA OSZUSTWA LUB NIELEGALNE U\u017bYCIE SPRZEDANEGO SPRZ\u0118TU.<\/strong><\/span><\/p>","protected":false},"excerpt":{"rendered":"<div dir=\"ltr\" style=\"text-align: center;\">\n<h1 class=\"ai-optimize-24\" style=\"text-align: center;\">DAF Trucks Poids kluczowe programowanie Lourd 2022<\/h1>\n<\/div>\n<p class=\"ai-optimize-38\">First of all, here&#8217;s the new standalone key programming device for DAF heavy-duty trucks for the models 2010 to 2020, without the need for internet or a computer.<\/p>\n<p class=\"ai-optimize-39\">Programowanie zajmuje mniej ni\u017c 60 sekund do wszystkich modeli samochod\u00f3w ci\u0119\u017carowych DAF (XF, CF, DF, itp.) z emisji Euro 5 i Euro 6.<\/p>\n<p class=\"ai-optimize-34\">To odnosi si\u0119 do wszystkich modeli samochod\u00f3w ci\u0119\u017carowych DAF i jest \u0142atwy w obs\u0142udze.<\/p>\n<p class=\"ai-optimize-35\">Na koniec, aby uzyska\u0107 wi\u0119cej informacji, zapraszamy do kontaktu z nami poprzez WhatsApp lub Telegram; ch\u0119tnie pomo\u017cemy i odpowiemy na Twoje pytania.<\/p>","protected":false},"featured_media":10580,"comment_status":"open","ping_status":"closed","template":"","meta":{"_monsterinsights_skip_tracking":false,"_monsterinsights_sitenote_active":false,"_monsterinsights_sitenote_note":"","_monsterinsights_sitenote_category":0},"product_brand":[1165],"product_cat":[516],"product_tag":[734,735,558,736,737,738,739,572,542,526,588,599,740,741,742,622,623,624,743],"vehicles":[829],"class_list":{"0":"post-10718","1":"product","2":"type-product","3":"status-publish","4":"has-post-thumbnail","6":"product_brand-daf-trucks","7":"product_cat-key-programmer","8":"product_tag-2010-2020","9":"product_tag-735","10":"product_tag-autodevice","11":"product_tag-daf","12":"product_tag-daf-2020","13":"product_tag-daf-truck-2022","14":"product_tag-daf-trucks-2020","15":"product_tag-diagnostic-key","16":"product_tag-key-device","17":"product_tag-key-programmer","18":"product_tag-keyprogrammer","19":"product_tag-lock-smith","20":"product_tag-pas-dinternet","21":"product_tag-pas-dordinateur","22":"product_tag-poids-lourds","23":"product_tag-prodecoder","24":"product_tag-programmateur-de-cle","25":"product_tag-programmeur-cle","26":"product_tag-trucks","27":"vehicles-daf-trucks-all-models-2010-2022","29":"first","30":"instock","31":"shipping-taxable","32":"product-type-simple"},"yoast_head":"<!-- This site is optimized with the Yoast SEO Premium plugin v25.5 (Yoast SEO v27.4) - https:\/\/yoast.com\/product\/yoast-seo-premium-wordpress\/ -->\n<title>DAF Trucks 2022 - Key Devices<\/title>\n<meta name=\"description\" content=\"DAF Trucks 2022 Poids Lourd key programming 2020 est un produit rare de notre boutique qui fait partie des derniers mod\u00e8les \u00e0 la vente et...\" \/>\n<meta name=\"robots\" content=\"index, follow, max-snippet:-1, max-image-preview:large, max-video-preview:-1\" \/>\n<link rel=\"canonical\" href=\"https:\/\/www.key-devices.com\/pl\/product\/daf-trucks-poids-lourd-key-programming-2022\/\" \/>\n<meta property=\"og:locale\" content=\"pl_PL\" \/>\n<meta property=\"og:type\" content=\"article\" \/>\n<meta property=\"og:title\" content=\"DAF Trucks Poids Lourd key programming 2022\" \/>\n<meta property=\"og:description\" content=\"DAF Trucks 2022 Poids Lourd key programming 2020 est un produit rare de notre boutique qui fait partie des derniers mod\u00e8les \u00e0 la vente et...\" \/>\n<meta property=\"og:url\" content=\"https:\/\/www.key-devices.com\/pl\/product\/daf-trucks-poids-lourd-key-programming-2022\/\" \/>\n<meta property=\"og:site_name\" content=\"KEY DEVICES\" \/>\n<meta property=\"article:modified_time\" content=\"2025-07-28T11:22:46+00:00\" \/>\n<meta property=\"og:image\" content=\"https:\/\/www.key-devices.com\/wp-content\/uploads\/DAF-Trucks-2020-Key-programmer.jpg\" \/>\n\t<meta property=\"og:image:width\" content=\"1534\" \/>\n\t<meta property=\"og:image:height\" content=\"2048\" \/>\n\t<meta property=\"og:image:type\" content=\"image\/jpeg\" \/>\n<meta name=\"twitter:card\" content=\"summary_large_image\" \/>\n<meta name=\"twitter:label1\" content=\"Cena\" \/>\n\t<meta name=\"twitter:data1\" content=\"\" \/>\n\t<meta name=\"twitter:label2\" content=\"Dost\u0119pno\u015b\u0107\" \/>\n\t<meta name=\"twitter:data2\" content=\"Dost\u0119pny\" \/>\n<script type=\"application\/ld+json\" class=\"yoast-schema-graph\">{\"@context\":\"https:\\\/\\\/schema.org\",\"@graph\":[{\"@type\":\"WebPage\",\"@id\":\"https:\\\/\\\/www.key-devices.com\\\/product\\\/daf-trucks-poids-lourd-key-programming-2022\\\/\",\"url\":\"https:\\\/\\\/www.key-devices.com\\\/product\\\/daf-trucks-poids-lourd-key-programming-2022\\\/\",\"name\":\"DAF Trucks 2022 - Key Devices\",\"isPartOf\":{\"@id\":\"https:\\\/\\\/www.key-devices.com\\\/#website\"},\"primaryImageOfPage\":{\"@id\":\"https:\\\/\\\/www.key-devices.com\\\/product\\\/daf-trucks-poids-lourd-key-programming-2022\\\/#primaryimage\"},\"image\":{\"@id\":\"https:\\\/\\\/www.key-devices.com\\\/product\\\/daf-trucks-poids-lourd-key-programming-2022\\\/#primaryimage\"},\"thumbnailUrl\":\"https:\\\/\\\/www.key-devices.com\\\/wp-content\\\/uploads\\\/DAF-Trucks-2020-Key-programmer.jpg\",\"datePublished\":\"2025-06-07T18:42:15+00:00\",\"dateModified\":\"2025-07-28T11:22:46+00:00\",\"description\":\"DAF Trucks 2022 Poids Lourd key programming 2020 est un produit rare de notre boutique qui fait partie des derniers mod\u00e8les \u00e0 la vente et...\",\"breadcrumb\":{\"@id\":\"https:\\\/\\\/www.key-devices.com\\\/product\\\/daf-trucks-poids-lourd-key-programming-2022\\\/#breadcrumb\"},\"inLanguage\":\"pl-PL\",\"potentialAction\":[{\"@type\":\"ReadAction\",\"target\":[\"https:\\\/\\\/www.key-devices.com\\\/product\\\/daf-trucks-poids-lourd-key-programming-2022\\\/\"]}]},{\"@type\":\"ImageObject\",\"inLanguage\":\"pl-PL\",\"@id\":\"https:\\\/\\\/www.key-devices.com\\\/product\\\/daf-trucks-poids-lourd-key-programming-2022\\\/#primaryimage\",\"url\":\"https:\\\/\\\/www.key-devices.com\\\/wp-content\\\/uploads\\\/DAF-Trucks-2020-Key-programmer.jpg\",\"contentUrl\":\"https:\\\/\\\/www.key-devices.com\\\/wp-content\\\/uploads\\\/DAF-Trucks-2020-Key-programmer.jpg\",\"width\":1534,\"height\":2048,\"caption\":\"DAF Trucks 2022\"},{\"@type\":\"BreadcrumbList\",\"@id\":\"https:\\\/\\\/www.key-devices.com\\\/product\\\/daf-trucks-poids-lourd-key-programming-2022\\\/#breadcrumb\",\"itemListElement\":[{\"@type\":\"ListItem\",\"position\":1,\"name\":\"Home\",\"item\":\"https:\\\/\\\/www.key-devices.com\\\/\"},{\"@type\":\"ListItem\",\"position\":2,\"name\":\"Shop\",\"item\":\"https:\\\/\\\/www.key-devices.com\\\/shop\\\/\"},{\"@type\":\"ListItem\",\"position\":3,\"name\":\"DAF Trucks Poids Lourd key programming 2022\"}]},{\"@type\":\"WebSite\",\"@id\":\"https:\\\/\\\/www.key-devices.com\\\/#website\",\"url\":\"https:\\\/\\\/www.key-devices.com\\\/\",\"name\":\"KEY DEVICES\",\"description\":\"\",\"publisher\":{\"@id\":\"https:\\\/\\\/www.key-devices.com\\\/#organization\"},\"potentialAction\":[{\"@type\":\"SearchAction\",\"target\":{\"@type\":\"EntryPoint\",\"urlTemplate\":\"https:\\\/\\\/www.key-devices.com\\\/?s={search_term_string}\"},\"query-input\":{\"@type\":\"PropertyValueSpecification\",\"valueRequired\":true,\"valueName\":\"search_term_string\"}}],\"inLanguage\":\"pl-PL\"},{\"@type\":[\"Organization\",\"Place\"],\"@id\":\"https:\\\/\\\/www.key-devices.com\\\/#organization\",\"name\":\"Key Devices\",\"url\":\"https:\\\/\\\/www.key-devices.com\\\/\",\"logo\":{\"@id\":\"https:\\\/\\\/www.key-devices.com\\\/product\\\/daf-trucks-poids-lourd-key-programming-2022\\\/#local-main-organization-logo\"},\"image\":{\"@id\":\"https:\\\/\\\/www.key-devices.com\\\/product\\\/daf-trucks-poids-lourd-key-programming-2022\\\/#local-main-organization-logo\"},\"legalName\":\"Key Devices\",\"telephone\":[],\"openingHoursSpecification\":[{\"@type\":\"OpeningHoursSpecification\",\"dayOfWeek\":[\"Monday\",\"Tuesday\",\"Wednesday\",\"Thursday\",\"Friday\",\"Saturday\",\"Sunday\"],\"opens\":\"09:00\",\"closes\":\"17:00\"}]},{\"@type\":\"ImageObject\",\"inLanguage\":\"pl-PL\",\"@id\":\"https:\\\/\\\/www.key-devices.com\\\/product\\\/daf-trucks-poids-lourd-key-programming-2022\\\/#local-main-organization-logo\",\"url\":\"https:\\\/\\\/www.key-devices.com\\\/wp-content\\\/uploads\\\/cropped-Key-Devices-Logo-official-.png\",\"contentUrl\":\"https:\\\/\\\/www.key-devices.com\\\/wp-content\\\/uploads\\\/cropped-Key-Devices-Logo-official-.png\",\"width\":512,\"height\":512,\"caption\":\"Key Devices\"}]}<\/script>\n<meta property=\"product:price:currency\" content=\"EUR\" \/>\n<meta property=\"og:availability\" content=\"instock\" \/>\n<meta property=\"product:availability\" content=\"instock\" \/>\n<meta property=\"product:retailer_item_id\" content=\"2630\" \/>\n<meta property=\"product:condition\" content=\"new\" \/>\n<!-- \/ Yoast SEO Premium plugin. -->","yoast_head_json":{"title":"Ci\u0119\u017car\u00f3wki DAF 2022 - S\u0142owa urz\u0105dzenia","description":"DAF Trucks 2022 Poids Lourd key programming 2020 est un produit rare de notre boutique qui fait partie des derniers mod\u00e8les \u00e0 la vente et...","robots":{"index":"index","follow":"follow","max-snippet":"max-snippet:-1","max-image-preview":"max-image-preview:large","max-video-preview":"max-video-preview:-1"},"canonical":"https:\/\/www.key-devices.com\/pl\/product\/daf-trucks-poids-lourd-key-programming-2022\/","og_locale":"pl_PL","og_type":"article","og_title":"DAF Trucks Poids Lourd key programming 2022","og_description":"DAF Trucks 2022 Poids Lourd key programming 2020 est un produit rare de notre boutique qui fait partie des derniers mod\u00e8les \u00e0 la vente et...","og_url":"https:\/\/www.key-devices.com\/pl\/product\/daf-trucks-poids-lourd-key-programming-2022\/","og_site_name":"KEY DEVICES","article_modified_time":"2025-07-28T11:22:46+00:00","og_image":[{"width":1534,"height":2048,"url":"https:\/\/www.key-devices.com\/wp-content\/uploads\/DAF-Trucks-2020-Key-programmer.jpg","type":"image\/jpeg"}],"twitter_card":"summary_large_image","twitter_misc":{"Cena":"","Dost\u0119pno\u015b\u0107":"Dost\u0119pny"},"schema":{"@context":"https:\/\/schema.org","@graph":[{"@type":"WebPage","@id":"https:\/\/www.key-devices.com\/product\/daf-trucks-poids-lourd-key-programming-2022\/","url":"https:\/\/www.key-devices.com\/product\/daf-trucks-poids-lourd-key-programming-2022\/","name":"Ci\u0119\u017car\u00f3wki DAF 2022 - S\u0142owa urz\u0105dzenia","isPartOf":{"@id":"https:\/\/www.key-devices.com\/#website"},"primaryImageOfPage":{"@id":"https:\/\/www.key-devices.com\/product\/daf-trucks-poids-lourd-key-programming-2022\/#primaryimage"},"image":{"@id":"https:\/\/www.key-devices.com\/product\/daf-trucks-poids-lourd-key-programming-2022\/#primaryimage"},"thumbnailUrl":"https:\/\/www.key-devices.com\/wp-content\/uploads\/DAF-Trucks-2020-Key-programmer.jpg","datePublished":"2025-06-07T18:42:15+00:00","dateModified":"2025-07-28T11:22:46+00:00","description":"DAF Trucks 2022 Poids Lourd key programming 2020 est un produit rare de notre boutique qui fait partie des derniers mod\u00e8les \u00e0 la vente et...","breadcrumb":{"@id":"https:\/\/www.key-devices.com\/product\/daf-trucks-poids-lourd-key-programming-2022\/#breadcrumb"},"inLanguage":"pl-PL","potentialAction":[{"@type":"ReadAction","target":["https:\/\/www.key-devices.com\/product\/daf-trucks-poids-lourd-key-programming-2022\/"]}]},{"@type":"ImageObject","inLanguage":"pl-PL","@id":"https:\/\/www.key-devices.com\/product\/daf-trucks-poids-lourd-key-programming-2022\/#primaryimage","url":"https:\/\/www.key-devices.com\/wp-content\/uploads\/DAF-Trucks-2020-Key-programmer.jpg","contentUrl":"https:\/\/www.key-devices.com\/wp-content\/uploads\/DAF-Trucks-2020-Key-programmer.jpg","width":1534,"height":2048,"caption":"DAF Trucks 2022"},{"@type":"BreadcrumbList","@id":"https:\/\/www.key-devices.com\/product\/daf-trucks-poids-lourd-key-programming-2022\/#breadcrumb","itemListElement":[{"@type":"ListItem","position":1,"name":"Home","item":"https:\/\/www.key-devices.com\/"},{"@type":"ListItem","position":2,"name":"Shop","item":"https:\/\/www.key-devices.com\/shop\/"},{"@type":"ListItem","position":3,"name":"DAF Trucks Poids Lourd key programming 2022"}]},{"@type":"WebSite","@id":"https:\/\/www.key-devices.com\/#website","url":"https:\/\/www.key-devices.com\/","name":"S\u0141OWA URZ\u0104DZENIA","description":"","publisher":{"@id":"https:\/\/www.key-devices.com\/#organization"},"potentialAction":[{"@type":"SearchAction","target":{"@type":"EntryPoint","urlTemplate":"https:\/\/www.key-devices.com\/?s={search_term_string}"},"query-input":{"@type":"PropertyValueSpecification","valueRequired":true,"valueName":"search_term_string"}}],"inLanguage":"pl-PL"},{"@type":["Organization","Place"],"@id":"https:\/\/www.key-devices.com\/#organization","name":"S\u0142owa urz\u0105dzenia","url":"https:\/\/www.key-devices.com\/","logo":{"@id":"https:\/\/www.key-devices.com\/product\/daf-trucks-poids-lourd-key-programming-2022\/#local-main-organization-logo"},"image":{"@id":"https:\/\/www.key-devices.com\/product\/daf-trucks-poids-lourd-key-programming-2022\/#local-main-organization-logo"},"legalName":"Key Devices","telephone":[],"openingHoursSpecification":[{"@type":"OpeningHoursSpecification","dayOfWeek":["Monday","Tuesday","Wednesday","Thursday","Friday","Saturday","Sunday"],"opens":"09:00","closes":"17:00"}]},{"@type":"ImageObject","inLanguage":"pl-PL","@id":"https:\/\/www.key-devices.com\/product\/daf-trucks-poids-lourd-key-programming-2022\/#local-main-organization-logo","url":"https:\/\/www.key-devices.com\/wp-content\/uploads\/cropped-Key-Devices-Logo-official-.png","contentUrl":"https:\/\/www.key-devices.com\/wp-content\/uploads\/cropped-Key-Devices-Logo-official-.png","width":512,"height":512,"caption":"Key Devices"}]},"product_price_currency":"EUR","og_availability":"instock","product_availability":"instock","product_retailer_item_id":"2630","product_condition":"new"},"jetpack_sharing_enabled":true,"_links":{"self":[{"href":"https:\/\/www.key-devices.com\/pl\/wp-json\/wp\/v2\/product\/10718","targetHints":{"allow":["GET"]}}],"collection":[{"href":"https:\/\/www.key-devices.com\/pl\/wp-json\/wp\/v2\/product"}],"about":[{"href":"https:\/\/www.key-devices.com\/pl\/wp-json\/wp\/v2\/types\/product"}],"replies":[{"embeddable":true,"href":"https:\/\/www.key-devices.com\/pl\/wp-json\/wp\/v2\/comments?post=10718"}],"wp:featuredmedia":[{"embeddable":true,"href":"https:\/\/www.key-devices.com\/pl\/wp-json\/wp\/v2\/media\/10580"}],"wp:attachment":[{"href":"https:\/\/www.key-devices.com\/pl\/wp-json\/wp\/v2\/media?parent=10718"}],"wp:term":[{"taxonomy":"product_brand","embeddable":true,"href":"https:\/\/www.key-devices.com\/pl\/wp-json\/wp\/v2\/product_brand?post=10718"},{"taxonomy":"product_cat","embeddable":true,"href":"https:\/\/www.key-devices.com\/pl\/wp-json\/wp\/v2\/product_cat?post=10718"},{"taxonomy":"product_tag","embeddable":true,"href":"https:\/\/www.key-devices.com\/pl\/wp-json\/wp\/v2\/product_tag?post=10718"},{"taxonomy":"vehicles","embeddable":true,"href":"https:\/\/www.key-devices.com\/pl\/wp-json\/wp\/v2\/vehicles?post=10718"}],"curies":[{"name":"wp","href":"https:\/\/api.w.org\/{rel}","templated":true}]}}