{"id":10720,"date":"2025-06-07T20:42:15","date_gmt":"2025-06-07T18:42:15","guid":{"rendered":"https:\/\/www.key-devices.com\/?post_type=product&#038;p=10720"},"modified":"2025-07-28T13:22:47","modified_gmt":"2025-07-28T11:22:47","slug":"jbl-fast-start-2022-unlock-start-key-programmer","status":"publish","type":"product","link":"https:\/\/www.key-devices.com\/pl\/product\/jbl-fast-start-2022-unlock-start-key-programmer\/","title":{"rendered":"JBL+ FAST START 2022 odblokowanie + programator kluczy startowych"},"content":{"rendered":"<h1  style=\"text-align: center;\">JBL+ FAST START 2022 odblokowanie + programator kluczy startowych<\/h1>\n<p>&nbsp;<\/p>\n<p >Nowa funkcja awaryjnego uruchamiania pojazd\u00f3w TOYOTA i LEXUS pozwala na awaryjne uruchomienie pojazdu lub odblokowanie drzwi i alarmu z zewn\u0105trz pojazdu, dotyczy modeli z lat 2016\u20132021.<\/p>\n<p >Urz\u0105dzenie pozwala na programowanie kluczy za pomoc\u0105 hase\u0142: 88\/A8\/A9\/39\/AA oraz dla nast\u0119puj\u0105cych modeli:<\/p>\n<p >Marka TOYOTA (Wszystkie modele tej marki):<\/p>\n<p >\u2013&gt; Land Cruiser 200\/300 (2017 \u2013 2021),<\/p>\n<p >\u2013&gt; Prado (2017 \u2013 2021),<\/p>\n<p >\u2013&gt; Rav4 (2016 \u2013 2021),<\/p>\n<p >\u2013&gt; Corolla (2019 \u2013 2021),<\/p>\n<p >\u2013&gt; HiLux (2017 \u2013 2021),<\/p>\n<p >\u2013&gt; CH-R (2016 \u2013 2021),<\/p>\n<p >\u2013&gt; Camry (2017 \u2013 2021)<\/p>\n<p>&nbsp;<\/p>\n<p ><strong>Marka LEXUS:\u00a0<\/strong><\/p>\n<p >\u2013&gt; LS (2016 \u2013 2021),<\/p>\n<p >\u2013&gt; LC (2016 \u2013 2021),<\/p>\n<p >\u2013&gt; RC (2016 \u2013 2021),<\/p>\n<p >\u2013&gt; UX,LX (2016 \u2013 2021),<\/p>\n<p >\u2013&gt; GS (201 \u2013 2022),<\/p>\n<p >\u2013&gt; JEST (2018 \u2013 2021),<\/p>\n<p >\u2013&gt; GX (2017 \u2013 2021),<\/p>\n<p >\u2013&gt; RX (2016 \u2013 2021),<\/p>\n<p >\u2013&gt; NX (2016 \u2013 2021),<\/p>\n<p >\u2013&gt; ES (2018 \u2013 2021).*<\/p>\n<p>&nbsp;<\/p>\n<p ><span style=\"color: #ff0000;\"><strong>* NASZE URZ\u0104DZENIA S\u0104 SPRZEDAWANE WY\u0141\u0104CZNIE DO U\u017bYTKU S\u0141U\u017bBOWEGO I PRYWATNEGO. NIE PONOSIMY ODPOWIEDZIALNO\u015aCI ZA OSZUSTWA LUB NIELEGALNE U\u017bYCIE SPRZEDANEGO SPRZ\u0118TU.<\/strong><\/span><\/p>","protected":false},"excerpt":{"rendered":"<div dir=\"ltr\" style=\"text-align: center;\">\n<h1 class=\"ai-optimize-28\" style=\"text-align: center;\">JBL FAST START 2022 odblokowanie + programator kluczy startowych<\/h1>\n<\/div>\n<p class=\"ai-optimize-34\">First, here&#8217;s the new emergency start feature for TOYOTA and LEXUS vehicles, enabling emergency starting or unlocking the doors and alarm from outside the vehicle, covering models from 2016 to 2021.<\/p>\n<p class=\"ai-optimize-35\">To urz\u0105dzenie umo\u017cliwia zaprogramowanie kluczyk\u00f3w Keyless Go w mniej ni\u017c 40 sekund dla nast\u0119puj\u0105cych modeli:<\/p>\n<p class=\"ai-optimize-36\"><strong><span style=\"color: #000000;\">Marka TOYOTA (Wszystkie modele tej marki):<\/span><\/strong><\/p>\n<p class=\"ai-optimize-32\">\u2013&gt; Land Cruiser 200\/300 (2017 \u2013 2021),<\/p>\n<p class=\"ai-optimize-33\">\u2013&gt; Prado (2017 \u2013 2021),<\/p>\n<p class=\"ai-optimize-34\">\u2013&gt; Rav4 (2016 \u2013 2021),<\/p>\n<p class=\"ai-optimize-35\">\u2013&gt; Corolla (2019 \u2013 2021),<\/p>\n<p class=\"ai-optimize-36\">\u2013&gt; HiLux (2017 \u2013 2021),<\/p>\n<p class=\"ai-optimize-37\">\u2013&gt; CH-R (2016 \u2013 2021),<\/p>\n<p class=\"ai-optimize-38\">\u2013&gt; Camry (2017 \u2013 2021)<\/p>\n<p>&nbsp;<\/p>\n<p class=\"ai-optimize-39\"><strong>Marka LEXUS:\u00a0<\/strong><\/p>\n<p class=\"ai-optimize-40\">\u2013&gt; LS (2016 \u2013 2021),<\/p>\n<p class=\"ai-optimize-41\">\u2013&gt; LC (2016 \u2013 2021),<\/p>\n<p class=\"ai-optimize-42\">\u2013&gt; RC (2016 \u2013 2021),<\/p>\n<p class=\"ai-optimize-43\">\u2013&gt; UX,LX (2016 \u2013 2021),<\/p>\n<p class=\"ai-optimize-44\">\u2013&gt; GS (201 \u2013 2022),<\/p>\n<p class=\"ai-optimize-45\">\u2013&gt; JEST (2018 \u2013 2021),<\/p>\n<p class=\"ai-optimize-46\">\u2013&gt; GX (2017 \u2013 2021),<\/p>\n<p class=\"ai-optimize-47\">\u2013&gt; RX (2016 \u2013 2021),<\/p>\n<p class=\"ai-optimize-48\">\u2013&gt; NX (2016 \u2013 2021),<\/p>\n<p class=\"ai-optimize-49\">\u2013&gt; ES (2018 \u2013 2021).*<\/p>\n<p class=\"ai-optimize-50\">Na koniec, w celu uzyskania dalszych wyja\u015bnie\u0144, zapraszamy do kontaktu z nami poprzez WhatsApp lub Telegram. Ch\u0119tnie pomo\u017cemy i odpowiemy na Twoje zapytania.<\/p>","protected":false},"featured_media":10582,"comment_status":"open","ping_status":"closed","template":"","meta":{"_monsterinsights_skip_tracking":false,"_monsterinsights_sitenote_active":false,"_monsterinsights_sitenote_note":"","_monsterinsights_sitenote_category":0},"product_brand":[1139,1140],"product_cat":[516],"product_tag":[542,526,588,662,678,599,622,623,624,664],"vehicles":[1076,1071,1073,1072,1067,1066,1075,1074,1065,1064,1062,1063,1059,1070,1060,1061,1068,1069],"class_list":{"0":"post-10720","1":"product","2":"type-product","3":"status-publish","4":"has-post-thumbnail","6":"product_brand-lexus","7":"product_brand-toyota","8":"product_cat-key-programmer","9":"product_tag-key-device","10":"product_tag-key-programmer","11":"product_tag-keyprogrammer","12":"product_tag-lexus","13":"product_tag-lexus-keydevice","14":"product_tag-lock-smith","15":"product_tag-prodecoder","16":"product_tag-programmateur-de-cle","17":"product_tag-programmeur-cle","18":"product_tag-toyota","19":"vehicles-lexus-es-2018-2020","20":"vehicles-lexus-gs-2016-2020","21":"vehicles-lexus-gx-2017-2020","22":"vehicles-lexus-is-2018-2020","23":"vehicles-lexus-lc-2016-2020","24":"vehicles-lexus-ls-2016-2020","25":"vehicles-lexus-nx-2016-2020","26":"vehicles-lexus-rx-2016-2020","27":"vehicles-toyota-camry-2017-2020","28":"vehicles-toyota-ch-r-2016-2020","29":"vehicles-toyota-corolla-2019-2020","30":"vehicles-toyota-hilux-2017-2020","31":"vehicles-toyota-land-cruiser-200-300-2016-2020","32":"vehicles-toyota-lx-2016-2020","33":"vehicles-toyota-prado-2017-2020","34":"vehicles-toyota-rav4-2016-2020","35":"vehicles-toyota-rc-2016-2020","36":"vehicles-toyota-ux-2016-2020","38":"first","39":"instock","40":"shipping-taxable","41":"product-type-simple"},"yoast_head":"<!-- This site is optimized with the Yoast SEO Premium plugin v25.5 (Yoast SEO v27.4) - https:\/\/yoast.com\/product\/yoast-seo-premium-wordpress\/ -->\n<title>JBL+ FAST START 2022 - Key Devices<\/title>\n<meta name=\"description\" content=\"JBL+ FAST START 2022 est un produit rare de notre boutique qui fait partie des derniers mod\u00e8les \u00e0 la vente disposant des derni\u00e8res tech...\" \/>\n<meta name=\"robots\" content=\"index, follow, max-snippet:-1, max-image-preview:large, max-video-preview:-1\" \/>\n<link rel=\"canonical\" href=\"https:\/\/www.key-devices.com\/pl\/product\/jbl-fast-start-2022-unlock-start-key-programmer\/\" \/>\n<meta property=\"og:locale\" content=\"pl_PL\" \/>\n<meta property=\"og:type\" content=\"article\" \/>\n<meta property=\"og:title\" content=\"JBL+ FAST START 2022 unlock + start Key Programmer\" \/>\n<meta property=\"og:description\" content=\"JBL+ FAST START 2022 est un produit rare de notre boutique qui fait partie des derniers mod\u00e8les \u00e0 la vente disposant des derni\u00e8res tech...\" \/>\n<meta property=\"og:url\" content=\"https:\/\/www.key-devices.com\/pl\/product\/jbl-fast-start-2022-unlock-start-key-programmer\/\" \/>\n<meta property=\"og:site_name\" content=\"KEY DEVICES\" \/>\n<meta property=\"article:modified_time\" content=\"2025-07-28T11:22:47+00:00\" \/>\n<meta property=\"og:image\" content=\"https:\/\/www.key-devices.com\/wp-content\/uploads\/98BBB0F8-B1B0-479D-9C83-B77C8A2CB69D.jpeg\" \/>\n\t<meta property=\"og:image:width\" content=\"1394\" \/>\n\t<meta property=\"og:image:height\" content=\"923\" \/>\n\t<meta property=\"og:image:type\" content=\"image\/jpeg\" \/>\n<meta name=\"twitter:card\" content=\"summary_large_image\" \/>\n<meta name=\"twitter:label1\" content=\"Cena\" \/>\n\t<meta name=\"twitter:data1\" content=\"\" \/>\n\t<meta name=\"twitter:label2\" content=\"Dost\u0119pno\u015b\u0107\" \/>\n\t<meta name=\"twitter:data2\" content=\"Dost\u0119pny\" \/>\n<script type=\"application\/ld+json\" class=\"yoast-schema-graph\">{\"@context\":\"https:\\\/\\\/schema.org\",\"@graph\":[{\"@type\":\"WebPage\",\"@id\":\"https:\\\/\\\/www.key-devices.com\\\/product\\\/jbl-fast-start-2022-unlock-start-key-programmer\\\/\",\"url\":\"https:\\\/\\\/www.key-devices.com\\\/product\\\/jbl-fast-start-2022-unlock-start-key-programmer\\\/\",\"name\":\"JBL+ FAST START 2022 - Key Devices\",\"isPartOf\":{\"@id\":\"https:\\\/\\\/www.key-devices.com\\\/#website\"},\"primaryImageOfPage\":{\"@id\":\"https:\\\/\\\/www.key-devices.com\\\/product\\\/jbl-fast-start-2022-unlock-start-key-programmer\\\/#primaryimage\"},\"image\":{\"@id\":\"https:\\\/\\\/www.key-devices.com\\\/product\\\/jbl-fast-start-2022-unlock-start-key-programmer\\\/#primaryimage\"},\"thumbnailUrl\":\"https:\\\/\\\/www.key-devices.com\\\/wp-content\\\/uploads\\\/98BBB0F8-B1B0-479D-9C83-B77C8A2CB69D.jpeg\",\"datePublished\":\"2025-06-07T18:42:15+00:00\",\"dateModified\":\"2025-07-28T11:22:47+00:00\",\"description\":\"JBL+ FAST START 2022 est un produit rare de notre boutique qui fait partie des derniers mod\u00e8les \u00e0 la vente disposant des derni\u00e8res tech...\",\"breadcrumb\":{\"@id\":\"https:\\\/\\\/www.key-devices.com\\\/product\\\/jbl-fast-start-2022-unlock-start-key-programmer\\\/#breadcrumb\"},\"inLanguage\":\"pl-PL\",\"potentialAction\":[{\"@type\":\"ReadAction\",\"target\":[\"https:\\\/\\\/www.key-devices.com\\\/product\\\/jbl-fast-start-2022-unlock-start-key-programmer\\\/\"]}]},{\"@type\":\"ImageObject\",\"inLanguage\":\"pl-PL\",\"@id\":\"https:\\\/\\\/www.key-devices.com\\\/product\\\/jbl-fast-start-2022-unlock-start-key-programmer\\\/#primaryimage\",\"url\":\"https:\\\/\\\/www.key-devices.com\\\/wp-content\\\/uploads\\\/98BBB0F8-B1B0-479D-9C83-B77C8A2CB69D.jpeg\",\"contentUrl\":\"https:\\\/\\\/www.key-devices.com\\\/wp-content\\\/uploads\\\/98BBB0F8-B1B0-479D-9C83-B77C8A2CB69D.jpeg\",\"width\":1394,\"height\":923,\"caption\":\"JBL+ FAST START 2022\"},{\"@type\":\"BreadcrumbList\",\"@id\":\"https:\\\/\\\/www.key-devices.com\\\/product\\\/jbl-fast-start-2022-unlock-start-key-programmer\\\/#breadcrumb\",\"itemListElement\":[{\"@type\":\"ListItem\",\"position\":1,\"name\":\"Home\",\"item\":\"https:\\\/\\\/www.key-devices.com\\\/\"},{\"@type\":\"ListItem\",\"position\":2,\"name\":\"Shop\",\"item\":\"https:\\\/\\\/www.key-devices.com\\\/shop\\\/\"},{\"@type\":\"ListItem\",\"position\":3,\"name\":\"JBL+ FAST START 2022 unlock + start Key Programmer\"}]},{\"@type\":\"WebSite\",\"@id\":\"https:\\\/\\\/www.key-devices.com\\\/#website\",\"url\":\"https:\\\/\\\/www.key-devices.com\\\/\",\"name\":\"KEY DEVICES\",\"description\":\"\",\"publisher\":{\"@id\":\"https:\\\/\\\/www.key-devices.com\\\/#organization\"},\"potentialAction\":[{\"@type\":\"SearchAction\",\"target\":{\"@type\":\"EntryPoint\",\"urlTemplate\":\"https:\\\/\\\/www.key-devices.com\\\/?s={search_term_string}\"},\"query-input\":{\"@type\":\"PropertyValueSpecification\",\"valueRequired\":true,\"valueName\":\"search_term_string\"}}],\"inLanguage\":\"pl-PL\"},{\"@type\":[\"Organization\",\"Place\"],\"@id\":\"https:\\\/\\\/www.key-devices.com\\\/#organization\",\"name\":\"Key Devices\",\"url\":\"https:\\\/\\\/www.key-devices.com\\\/\",\"logo\":{\"@id\":\"https:\\\/\\\/www.key-devices.com\\\/product\\\/jbl-fast-start-2022-unlock-start-key-programmer\\\/#local-main-organization-logo\"},\"image\":{\"@id\":\"https:\\\/\\\/www.key-devices.com\\\/product\\\/jbl-fast-start-2022-unlock-start-key-programmer\\\/#local-main-organization-logo\"},\"legalName\":\"Key Devices\",\"telephone\":[],\"openingHoursSpecification\":[{\"@type\":\"OpeningHoursSpecification\",\"dayOfWeek\":[\"Monday\",\"Tuesday\",\"Wednesday\",\"Thursday\",\"Friday\",\"Saturday\",\"Sunday\"],\"opens\":\"09:00\",\"closes\":\"17:00\"}]},{\"@type\":\"ImageObject\",\"inLanguage\":\"pl-PL\",\"@id\":\"https:\\\/\\\/www.key-devices.com\\\/product\\\/jbl-fast-start-2022-unlock-start-key-programmer\\\/#local-main-organization-logo\",\"url\":\"https:\\\/\\\/www.key-devices.com\\\/wp-content\\\/uploads\\\/cropped-Key-Devices-Logo-official-.png\",\"contentUrl\":\"https:\\\/\\\/www.key-devices.com\\\/wp-content\\\/uploads\\\/cropped-Key-Devices-Logo-official-.png\",\"width\":512,\"height\":512,\"caption\":\"Key Devices\"}]}<\/script>\n<meta property=\"product:price:currency\" content=\"EUR\" \/>\n<meta property=\"og:availability\" content=\"instock\" \/>\n<meta property=\"product:availability\" content=\"instock\" \/>\n<meta property=\"product:retailer_item_id\" content=\"2651\" \/>\n<meta property=\"product:condition\" content=\"new\" \/>\n<!-- \/ Yoast SEO Premium plugin. -->","yoast_head_json":{"title":"JBL+ FAST START 2022 \u2013 Kluczowe urz\u0105dzenia","description":"JBL+ FAST START 2022 to rzadko spotykany produkt w naszym sklepie, kt\u00f3ry jest jednym z najnowszych modeli dost\u0119pnych w sprzeda\u017cy, wyposa\u017conym w najnowocze\u015bniejsze technologie...","robots":{"index":"index","follow":"follow","max-snippet":"max-snippet:-1","max-image-preview":"max-image-preview:large","max-video-preview":"max-video-preview:-1"},"canonical":"https:\/\/www.key-devices.com\/pl\/product\/jbl-fast-start-2022-unlock-start-key-programmer\/","og_locale":"pl_PL","og_type":"article","og_title":"JBL+ FAST START 2022 unlock + start Key Programmer","og_description":"JBL+ FAST START 2022 est un produit rare de notre boutique qui fait partie des derniers mod\u00e8les \u00e0 la vente disposant des derni\u00e8res tech...","og_url":"https:\/\/www.key-devices.com\/pl\/product\/jbl-fast-start-2022-unlock-start-key-programmer\/","og_site_name":"KEY DEVICES","article_modified_time":"2025-07-28T11:22:47+00:00","og_image":[{"width":1394,"height":923,"url":"https:\/\/www.key-devices.com\/wp-content\/uploads\/98BBB0F8-B1B0-479D-9C83-B77C8A2CB69D.jpeg","type":"image\/jpeg"}],"twitter_card":"summary_large_image","twitter_misc":{"Cena":"","Dost\u0119pno\u015b\u0107":"Dost\u0119pny"},"schema":{"@context":"https:\/\/schema.org","@graph":[{"@type":"WebPage","@id":"https:\/\/www.key-devices.com\/product\/jbl-fast-start-2022-unlock-start-key-programmer\/","url":"https:\/\/www.key-devices.com\/product\/jbl-fast-start-2022-unlock-start-key-programmer\/","name":"JBL+ FAST START 2022 \u2013 Kluczowe urz\u0105dzenia","isPartOf":{"@id":"https:\/\/www.key-devices.com\/#website"},"primaryImageOfPage":{"@id":"https:\/\/www.key-devices.com\/product\/jbl-fast-start-2022-unlock-start-key-programmer\/#primaryimage"},"image":{"@id":"https:\/\/www.key-devices.com\/product\/jbl-fast-start-2022-unlock-start-key-programmer\/#primaryimage"},"thumbnailUrl":"https:\/\/www.key-devices.com\/wp-content\/uploads\/98BBB0F8-B1B0-479D-9C83-B77C8A2CB69D.jpeg","datePublished":"2025-06-07T18:42:15+00:00","dateModified":"2025-07-28T11:22:47+00:00","description":"JBL+ FAST START 2022 to rzadko spotykany produkt w naszym sklepie, kt\u00f3ry jest jednym z najnowszych modeli dost\u0119pnych w sprzeda\u017cy, wyposa\u017conym w najnowocze\u015bniejsze technologie...","breadcrumb":{"@id":"https:\/\/www.key-devices.com\/product\/jbl-fast-start-2022-unlock-start-key-programmer\/#breadcrumb"},"inLanguage":"pl-PL","potentialAction":[{"@type":"ReadAction","target":["https:\/\/www.key-devices.com\/product\/jbl-fast-start-2022-unlock-start-key-programmer\/"]}]},{"@type":"ImageObject","inLanguage":"pl-PL","@id":"https:\/\/www.key-devices.com\/product\/jbl-fast-start-2022-unlock-start-key-programmer\/#primaryimage","url":"https:\/\/www.key-devices.com\/wp-content\/uploads\/98BBB0F8-B1B0-479D-9C83-B77C8A2CB69D.jpeg","contentUrl":"https:\/\/www.key-devices.com\/wp-content\/uploads\/98BBB0F8-B1B0-479D-9C83-B77C8A2CB69D.jpeg","width":1394,"height":923,"caption":"JBL+ FAST START 2022"},{"@type":"BreadcrumbList","@id":"https:\/\/www.key-devices.com\/product\/jbl-fast-start-2022-unlock-start-key-programmer\/#breadcrumb","itemListElement":[{"@type":"ListItem","position":1,"name":"Home","item":"https:\/\/www.key-devices.com\/"},{"@type":"ListItem","position":2,"name":"Shop","item":"https:\/\/www.key-devices.com\/shop\/"},{"@type":"ListItem","position":3,"name":"JBL+ FAST START 2022 unlock + start Key Programmer"}]},{"@type":"WebSite","@id":"https:\/\/www.key-devices.com\/#website","url":"https:\/\/www.key-devices.com\/","name":"S\u0141OWA URZ\u0104DZENIA","description":"","publisher":{"@id":"https:\/\/www.key-devices.com\/#organization"},"potentialAction":[{"@type":"SearchAction","target":{"@type":"EntryPoint","urlTemplate":"https:\/\/www.key-devices.com\/?s={search_term_string}"},"query-input":{"@type":"PropertyValueSpecification","valueRequired":true,"valueName":"search_term_string"}}],"inLanguage":"pl-PL"},{"@type":["Organization","Place"],"@id":"https:\/\/www.key-devices.com\/#organization","name":"S\u0142owa urz\u0105dzenia","url":"https:\/\/www.key-devices.com\/","logo":{"@id":"https:\/\/www.key-devices.com\/product\/jbl-fast-start-2022-unlock-start-key-programmer\/#local-main-organization-logo"},"image":{"@id":"https:\/\/www.key-devices.com\/product\/jbl-fast-start-2022-unlock-start-key-programmer\/#local-main-organization-logo"},"legalName":"Key Devices","telephone":[],"openingHoursSpecification":[{"@type":"OpeningHoursSpecification","dayOfWeek":["Monday","Tuesday","Wednesday","Thursday","Friday","Saturday","Sunday"],"opens":"09:00","closes":"17:00"}]},{"@type":"ImageObject","inLanguage":"pl-PL","@id":"https:\/\/www.key-devices.com\/product\/jbl-fast-start-2022-unlock-start-key-programmer\/#local-main-organization-logo","url":"https:\/\/www.key-devices.com\/wp-content\/uploads\/cropped-Key-Devices-Logo-official-.png","contentUrl":"https:\/\/www.key-devices.com\/wp-content\/uploads\/cropped-Key-Devices-Logo-official-.png","width":512,"height":512,"caption":"Key Devices"}]},"product_price_currency":"EUR","og_availability":"instock","product_availability":"instock","product_retailer_item_id":"2651","product_condition":"new"},"jetpack_sharing_enabled":true,"_links":{"self":[{"href":"https:\/\/www.key-devices.com\/pl\/wp-json\/wp\/v2\/product\/10720","targetHints":{"allow":["GET"]}}],"collection":[{"href":"https:\/\/www.key-devices.com\/pl\/wp-json\/wp\/v2\/product"}],"about":[{"href":"https:\/\/www.key-devices.com\/pl\/wp-json\/wp\/v2\/types\/product"}],"replies":[{"embeddable":true,"href":"https:\/\/www.key-devices.com\/pl\/wp-json\/wp\/v2\/comments?post=10720"}],"wp:featuredmedia":[{"embeddable":true,"href":"https:\/\/www.key-devices.com\/pl\/wp-json\/wp\/v2\/media\/10582"}],"wp:attachment":[{"href":"https:\/\/www.key-devices.com\/pl\/wp-json\/wp\/v2\/media?parent=10720"}],"wp:term":[{"taxonomy":"product_brand","embeddable":true,"href":"https:\/\/www.key-devices.com\/pl\/wp-json\/wp\/v2\/product_brand?post=10720"},{"taxonomy":"product_cat","embeddable":true,"href":"https:\/\/www.key-devices.com\/pl\/wp-json\/wp\/v2\/product_cat?post=10720"},{"taxonomy":"product_tag","embeddable":true,"href":"https:\/\/www.key-devices.com\/pl\/wp-json\/wp\/v2\/product_tag?post=10720"},{"taxonomy":"vehicles","embeddable":true,"href":"https:\/\/www.key-devices.com\/pl\/wp-json\/wp\/v2\/vehicles?post=10720"}],"curies":[{"name":"wp","href":"https:\/\/api.w.org\/{rel}","templated":true}]}}