{"id":10722,"date":"2025-06-07T20:42:15","date_gmt":"2025-06-07T18:42:15","guid":{"rendered":"https:\/\/www.key-devices.com\/?post_type=product&#038;p=10722"},"modified":"2025-07-28T13:22:48","modified_gmt":"2025-07-28T11:22:48","slug":"nissan-infinity-2022-key-programmer","status":"publish","type":"product","link":"https:\/\/www.key-devices.com\/pl\/product\/nissan-infinity-2022-key-programmer\/","title":{"rendered":"Programista kluczy do Nissana Infinity 2022"},"content":{"rendered":"<h1  style=\"text-align: center;\">Programista kluczy do Nissana Infinity 2022<\/h1>\n<p>&nbsp;<\/p>\n<p >First of all, this &#8220;Nissan Infinity 2022&#8221; device allows you to create a duplicate key for vehicles from the 2022 model year, or even the latest models, if you&#8217;ve lost it.<\/p>\n<p >Naprawd\u0119, wszystko to odbywa si\u0119 w 30 sekund!<\/p>\n<p >Wreszcie, pe\u0142ne instrukcje na temat korzystania z tego urz\u0105dzenia znajduj\u0105 si\u0119 w broszurze z szczeg\u00f3\u0142owymi informacjami na temat r\u00f3\u017cnych funkcji.<\/p>\n<p >W ko\u0144cu, nie wahaj si\u0119 z nami skontaktowa\u0107 aby uzyska\u0107 wi\u0119cej informacji na temat cen, dostawy lub szczeg\u00f3\u0142ach produktu.<\/p>\n<p >Dla marki NISSAN:<\/p>\n<div dir=\"ltr\">\u2013 <strong>Juke<\/strong> 2022<\/div>\n<div dir=\"ltr\">\u2013 <strong>Micra<\/strong> 2022<\/div>\n<div dir=\"ltr\">\u2013 <strong>Altima Intelligent<\/strong> Key 2013+<\/div>\n<div dir=\"ltr\">\u2013 <strong>Juke Intelligent<\/strong> Key 2013+<\/div>\n<div dir=\"ltr\">\u2013 <strong>Pathfinder Intelligent<\/strong> Key 2013+<\/div>\n<div dir=\"ltr\">\u2013 <strong>Pulsar Intelligent<\/strong> Key 2014+<\/div>\n<div dir=\"ltr\">\u2013 <strong>Rogue Intelligent<\/strong> Key 2014+<\/div>\n<div dir=\"ltr\">\u2013 <strong>Qashqai Intelligent<\/strong> Key 2014+<\/div>\n<div dir=\"ltr\">\u2013 <strong>X-Trail Intelligent<\/strong> Key 2014+<\/div>\n<div dir=\"ltr\">\u2013 <strong>Maxima Intelligent<\/strong> Key 2016+<\/div>\n<div dir=\"ltr\">\u2013 <strong>Murano Intelligent<\/strong> Key 2015+<\/div>\n<div dir=\"ltr\"><\/div>\n<p >Then the Infinity brand:<\/p>\n<p >\u2013 <strong>JX35 Intelligent<\/strong> Key 2013+<br \/>\n\u2013 <strong>Q50 Intelligent<\/strong> Key 2014+<br \/>\n\u2013 <strong>QX50 Intelligent<\/strong> Key 2014+<br \/>\n\u2013 <strong>QX60 Intelligent<\/strong> Key 2014+<\/p>\n<p>&nbsp;<\/p>\n<p ><strong><span style=\"color: #ff0000;\">* NASZE URZ\u0104DZENIA S\u0104 SPRZEDAWANE WY\u0141\u0104CZNIE DO U\u017bYTKU S\u0141U\u017bBOWEGO I PRYWATNEGO. NIE PONOSIMY ODPOWIEDZIALNO\u015aCI ZA OSZUSTWA LUB NIELEGALNE U\u017bYCIE SPRZEDANEGO SPRZ\u0118TU.<\/span><\/strong><\/p>","protected":false},"excerpt":{"rendered":"<p class=\"ai-optimize-40\">Wreszcie, oto modele, kt\u00f3re s\u0105 obs\u0142ugiwane przez to urz\u0105dzenie, w tym nast\u0119puj\u0105ce:<\/p>\n<p class=\"ai-optimize-41\">Dla marki NISSAN:<\/p>\n<div dir=\"ltr\">\n<div dir=\"ltr\"><strong>\u2013 Juke 2022<\/strong><\/div>\n<div dir=\"ltr\"><strong>\u2013 Micra 2022<\/strong><\/div>\n<\/div>\n<div dir=\"ltr\">\u2013 Altima Intelligent Key 2013+<\/div>\n<div dir=\"ltr\">\u2013 Juke Intelligent Key 2013+<\/div>\n<div dir=\"ltr\">\u2013 Pathfinder Intelligent Key 2013+<\/div>\n<div dir=\"ltr\">\u2013 Pulsar Intelligent Key 2014+<\/div>\n<div dir=\"ltr\">\u2013 Rogue Intelligent Key 2014+<\/div>\n<div dir=\"ltr\">\u2013 Qashqai Intelligent Key 2014+<\/div>\n<div dir=\"ltr\">\u2013 X-Trail Intelligent Key 2014+<\/div>\n<div dir=\"ltr\">\u2013 Maxima Intelligent Key 2016+<\/div>\n<div dir=\"ltr\">\u2013 Murano Intelligent Key 2015+<\/div>\n<div dir=\"ltr\"><\/div>\n<p class=\"ai-optimize-33\">Then the Infinity brand:<\/p>\n<p class=\"ai-optimize-34\">\u2013 JX35 Intelligent Key 2013+<\/p>","protected":false},"featured_media":10584,"comment_status":"open","ping_status":"closed","template":"","meta":{"_monsterinsights_skip_tracking":false,"_monsterinsights_sitenote_active":false,"_monsterinsights_sitenote_note":"","_monsterinsights_sitenote_category":0},"product_brand":[],"product_cat":[516],"product_tag":[523,524,525,542,526,527,528,529,531,534],"vehicles":[1141,879,880,892,886,893,887,881,882,884,883,885],"class_list":{"0":"post-10722","1":"product","2":"type-product","3":"status-publish","4":"has-post-thumbnail","6":"product_cat-key-programmer","7":"product_tag-infiniti","8":"product_tag-juke-intelligent","9":"product_tag-jx35","10":"product_tag-key-device","11":"product_tag-key-programmer","12":"product_tag-maxima","13":"product_tag-murano","14":"product_tag-nissan","15":"product_tag-qashqai","16":"product_tag-rogue","17":"vehicles-infiniti-jx35-2013","18":"vehicles-nissan-altima-2013","19":"vehicles-nissan-juke-2013","20":"vehicles-nissan-juke-2022","21":"vehicles-nissan-maxima-2016","22":"vehicles-nissan-micra-2022","23":"vehicles-nissan-murano-2015","24":"vehicles-nissan-pathfinder-2013","25":"vehicles-nissan-pulsar-2014","26":"vehicles-nissan-qashqai-2014","27":"vehicles-nissan-rogue-2014","28":"vehicles-nissan-x-trail-2014","30":"first","31":"instock","32":"featured","33":"shipping-taxable","34":"product-type-simple"},"yoast_head":"<!-- This site is optimized with the Yoast SEO Premium plugin v25.5 (Yoast SEO v27.4) - https:\/\/yoast.com\/product\/yoast-seo-premium-wordpress\/ -->\n<title>Nissan &amp; Infinity 2022<\/title>\n<meta name=\"description\" content=\"Programmeur de cl\u00e9s pour marque Nissan &amp; Infinity Keydevice \u00e0 prix d\u00e9fiant toute concurrence avec livraison pour toute l&#039;europe.\" \/>\n<meta name=\"robots\" content=\"index, follow, max-snippet:-1, max-image-preview:large, max-video-preview:-1\" \/>\n<link rel=\"canonical\" href=\"https:\/\/www.key-devices.com\/pl\/product\/nissan-infinity-2022-key-programmer\/\" \/>\n<meta property=\"og:locale\" content=\"pl_PL\" \/>\n<meta property=\"og:type\" content=\"article\" \/>\n<meta property=\"og:title\" content=\"Nissan Infinity 2022 Key Programmer\" \/>\n<meta property=\"og:description\" content=\"Programmeur de cl\u00e9s pour marque Nissan &amp; Infinity Keydevice \u00e0 prix d\u00e9fiant toute concurrence avec livraison pour toute l&#039;europe.\" \/>\n<meta property=\"og:url\" content=\"https:\/\/www.key-devices.com\/pl\/product\/nissan-infinity-2022-key-programmer\/\" \/>\n<meta property=\"og:site_name\" content=\"KEY DEVICES\" \/>\n<meta property=\"article:modified_time\" content=\"2025-07-28T11:22:48+00:00\" \/>\n<meta property=\"og:image\" content=\"https:\/\/www.key-devices.com\/wp-content\/uploads\/Nissan-2022-Key-Programmer-Phtoto-principal.jpg\" \/>\n\t<meta property=\"og:image:width\" content=\"576\" \/>\n\t<meta property=\"og:image:height\" content=\"1024\" \/>\n\t<meta property=\"og:image:type\" content=\"image\/jpeg\" \/>\n<meta name=\"twitter:card\" content=\"summary_large_image\" \/>\n<meta name=\"twitter:label1\" content=\"Cena\" \/>\n\t<meta name=\"twitter:data1\" content=\"\" \/>\n\t<meta name=\"twitter:label2\" content=\"Dost\u0119pno\u015b\u0107\" \/>\n\t<meta name=\"twitter:data2\" content=\"Dost\u0119pny\" \/>\n<script type=\"application\/ld+json\" class=\"yoast-schema-graph\">{\"@context\":\"https:\\\/\\\/schema.org\",\"@graph\":[{\"@type\":\"WebPage\",\"@id\":\"https:\\\/\\\/www.key-devices.com\\\/product\\\/nissan-infinity-2022-key-programmer\\\/\",\"url\":\"https:\\\/\\\/www.key-devices.com\\\/product\\\/nissan-infinity-2022-key-programmer\\\/\",\"name\":\"Nissan & Infinity 2022\",\"isPartOf\":{\"@id\":\"https:\\\/\\\/www.key-devices.com\\\/#website\"},\"primaryImageOfPage\":{\"@id\":\"https:\\\/\\\/www.key-devices.com\\\/product\\\/nissan-infinity-2022-key-programmer\\\/#primaryimage\"},\"image\":{\"@id\":\"https:\\\/\\\/www.key-devices.com\\\/product\\\/nissan-infinity-2022-key-programmer\\\/#primaryimage\"},\"thumbnailUrl\":\"https:\\\/\\\/www.key-devices.com\\\/wp-content\\\/uploads\\\/Nissan-2022-Key-Programmer-Phtoto-principal.jpg\",\"datePublished\":\"2025-06-07T18:42:15+00:00\",\"dateModified\":\"2025-07-28T11:22:48+00:00\",\"description\":\"Programmeur de cl\u00e9s pour marque Nissan & Infinity Keydevice \u00e0 prix d\u00e9fiant toute concurrence avec livraison pour toute l'europe.\",\"breadcrumb\":{\"@id\":\"https:\\\/\\\/www.key-devices.com\\\/product\\\/nissan-infinity-2022-key-programmer\\\/#breadcrumb\"},\"inLanguage\":\"pl-PL\",\"potentialAction\":[{\"@type\":\"ReadAction\",\"target\":[\"https:\\\/\\\/www.key-devices.com\\\/product\\\/nissan-infinity-2022-key-programmer\\\/\"]}]},{\"@type\":\"ImageObject\",\"inLanguage\":\"pl-PL\",\"@id\":\"https:\\\/\\\/www.key-devices.com\\\/product\\\/nissan-infinity-2022-key-programmer\\\/#primaryimage\",\"url\":\"https:\\\/\\\/www.key-devices.com\\\/wp-content\\\/uploads\\\/Nissan-2022-Key-Programmer-Phtoto-principal.jpg\",\"contentUrl\":\"https:\\\/\\\/www.key-devices.com\\\/wp-content\\\/uploads\\\/Nissan-2022-Key-Programmer-Phtoto-principal.jpg\",\"width\":576,\"height\":1024,\"caption\":\"Nissan & Infinity 2022\"},{\"@type\":\"BreadcrumbList\",\"@id\":\"https:\\\/\\\/www.key-devices.com\\\/product\\\/nissan-infinity-2022-key-programmer\\\/#breadcrumb\",\"itemListElement\":[{\"@type\":\"ListItem\",\"position\":1,\"name\":\"Home\",\"item\":\"https:\\\/\\\/www.key-devices.com\\\/\"},{\"@type\":\"ListItem\",\"position\":2,\"name\":\"Shop\",\"item\":\"https:\\\/\\\/www.key-devices.com\\\/shop\\\/\"},{\"@type\":\"ListItem\",\"position\":3,\"name\":\"Nissan Infinity 2022 Key Programmer\"}]},{\"@type\":\"WebSite\",\"@id\":\"https:\\\/\\\/www.key-devices.com\\\/#website\",\"url\":\"https:\\\/\\\/www.key-devices.com\\\/\",\"name\":\"KEY DEVICES\",\"description\":\"\",\"publisher\":{\"@id\":\"https:\\\/\\\/www.key-devices.com\\\/#organization\"},\"potentialAction\":[{\"@type\":\"SearchAction\",\"target\":{\"@type\":\"EntryPoint\",\"urlTemplate\":\"https:\\\/\\\/www.key-devices.com\\\/?s={search_term_string}\"},\"query-input\":{\"@type\":\"PropertyValueSpecification\",\"valueRequired\":true,\"valueName\":\"search_term_string\"}}],\"inLanguage\":\"pl-PL\"},{\"@type\":[\"Organization\",\"Place\"],\"@id\":\"https:\\\/\\\/www.key-devices.com\\\/#organization\",\"name\":\"Key Devices\",\"url\":\"https:\\\/\\\/www.key-devices.com\\\/\",\"logo\":{\"@id\":\"https:\\\/\\\/www.key-devices.com\\\/product\\\/nissan-infinity-2022-key-programmer\\\/#local-main-organization-logo\"},\"image\":{\"@id\":\"https:\\\/\\\/www.key-devices.com\\\/product\\\/nissan-infinity-2022-key-programmer\\\/#local-main-organization-logo\"},\"legalName\":\"Key Devices\",\"telephone\":[],\"openingHoursSpecification\":[{\"@type\":\"OpeningHoursSpecification\",\"dayOfWeek\":[\"Monday\",\"Tuesday\",\"Wednesday\",\"Thursday\",\"Friday\",\"Saturday\",\"Sunday\"],\"opens\":\"09:00\",\"closes\":\"17:00\"}]},{\"@type\":\"ImageObject\",\"inLanguage\":\"pl-PL\",\"@id\":\"https:\\\/\\\/www.key-devices.com\\\/product\\\/nissan-infinity-2022-key-programmer\\\/#local-main-organization-logo\",\"url\":\"https:\\\/\\\/www.key-devices.com\\\/wp-content\\\/uploads\\\/cropped-Key-Devices-Logo-official-.png\",\"contentUrl\":\"https:\\\/\\\/www.key-devices.com\\\/wp-content\\\/uploads\\\/cropped-Key-Devices-Logo-official-.png\",\"width\":512,\"height\":512,\"caption\":\"Key Devices\"}]}<\/script>\n<meta property=\"product:price:currency\" content=\"EUR\" \/>\n<meta property=\"og:availability\" content=\"instock\" \/>\n<meta property=\"product:availability\" content=\"instock\" \/>\n<meta property=\"product:retailer_item_id\" content=\"2719\" \/>\n<meta property=\"product:condition\" content=\"new\" \/>\n<!-- \/ Yoast SEO Premium plugin. -->","yoast_head_json":{"title":"Nissan &amp; Infinity 2022","description":"Programmeur cl\u00e9s de pour marque Nissan &amp; Infinity Keydevice \u00e0 prix d\u00e9fiant toute concurrence avec livraison pour toute l &#039; europe.","robots":{"index":"index","follow":"follow","max-snippet":"max-snippet:-1","max-image-preview":"max-image-preview:large","max-video-preview":"max-video-preview:-1"},"canonical":"https:\/\/www.key-devices.com\/pl\/product\/nissan-infinity-2022-key-programmer\/","og_locale":"pl_PL","og_type":"article","og_title":"Nissan Infinity 2022 Key Programmer","og_description":"Programmeur de cl\u00e9s pour marque Nissan & Infinity Keydevice \u00e0 prix d\u00e9fiant toute concurrence avec livraison pour toute l'europe.","og_url":"https:\/\/www.key-devices.com\/pl\/product\/nissan-infinity-2022-key-programmer\/","og_site_name":"KEY DEVICES","article_modified_time":"2025-07-28T11:22:48+00:00","og_image":[{"width":576,"height":1024,"url":"https:\/\/www.key-devices.com\/wp-content\/uploads\/Nissan-2022-Key-Programmer-Phtoto-principal.jpg","type":"image\/jpeg"}],"twitter_card":"summary_large_image","twitter_misc":{"Cena":"","Dost\u0119pno\u015b\u0107":"Dost\u0119pny"},"schema":{"@context":"https:\/\/schema.org","@graph":[{"@type":"WebPage","@id":"https:\/\/www.key-devices.com\/product\/nissan-infinity-2022-key-programmer\/","url":"https:\/\/www.key-devices.com\/product\/nissan-infinity-2022-key-programmer\/","name":"Nissan &amp; Infinity 2022","isPartOf":{"@id":"https:\/\/www.key-devices.com\/#website"},"primaryImageOfPage":{"@id":"https:\/\/www.key-devices.com\/product\/nissan-infinity-2022-key-programmer\/#primaryimage"},"image":{"@id":"https:\/\/www.key-devices.com\/product\/nissan-infinity-2022-key-programmer\/#primaryimage"},"thumbnailUrl":"https:\/\/www.key-devices.com\/wp-content\/uploads\/Nissan-2022-Key-Programmer-Phtoto-principal.jpg","datePublished":"2025-06-07T18:42:15+00:00","dateModified":"2025-07-28T11:22:48+00:00","description":"Programmeur cl\u00e9s de pour marque Nissan &amp; Infinity Keydevice \u00e0 prix d\u00e9fiant toute concurrence avec livraison pour toute l &#039; europe.","breadcrumb":{"@id":"https:\/\/www.key-devices.com\/product\/nissan-infinity-2022-key-programmer\/#breadcrumb"},"inLanguage":"pl-PL","potentialAction":[{"@type":"ReadAction","target":["https:\/\/www.key-devices.com\/product\/nissan-infinity-2022-key-programmer\/"]}]},{"@type":"ImageObject","inLanguage":"pl-PL","@id":"https:\/\/www.key-devices.com\/product\/nissan-infinity-2022-key-programmer\/#primaryimage","url":"https:\/\/www.key-devices.com\/wp-content\/uploads\/Nissan-2022-Key-Programmer-Phtoto-principal.jpg","contentUrl":"https:\/\/www.key-devices.com\/wp-content\/uploads\/Nissan-2022-Key-Programmer-Phtoto-principal.jpg","width":576,"height":1024,"caption":"Nissan & Infinity 2022"},{"@type":"BreadcrumbList","@id":"https:\/\/www.key-devices.com\/product\/nissan-infinity-2022-key-programmer\/#breadcrumb","itemListElement":[{"@type":"ListItem","position":1,"name":"Home","item":"https:\/\/www.key-devices.com\/"},{"@type":"ListItem","position":2,"name":"Shop","item":"https:\/\/www.key-devices.com\/shop\/"},{"@type":"ListItem","position":3,"name":"Nissan Infinity 2022 Key Programmer"}]},{"@type":"WebSite","@id":"https:\/\/www.key-devices.com\/#website","url":"https:\/\/www.key-devices.com\/","name":"S\u0141OWA URZ\u0104DZENIA","description":"","publisher":{"@id":"https:\/\/www.key-devices.com\/#organization"},"potentialAction":[{"@type":"SearchAction","target":{"@type":"EntryPoint","urlTemplate":"https:\/\/www.key-devices.com\/?s={search_term_string}"},"query-input":{"@type":"PropertyValueSpecification","valueRequired":true,"valueName":"search_term_string"}}],"inLanguage":"pl-PL"},{"@type":["Organization","Place"],"@id":"https:\/\/www.key-devices.com\/#organization","name":"S\u0142owa urz\u0105dzenia","url":"https:\/\/www.key-devices.com\/","logo":{"@id":"https:\/\/www.key-devices.com\/product\/nissan-infinity-2022-key-programmer\/#local-main-organization-logo"},"image":{"@id":"https:\/\/www.key-devices.com\/product\/nissan-infinity-2022-key-programmer\/#local-main-organization-logo"},"legalName":"Key Devices","telephone":[],"openingHoursSpecification":[{"@type":"OpeningHoursSpecification","dayOfWeek":["Monday","Tuesday","Wednesday","Thursday","Friday","Saturday","Sunday"],"opens":"09:00","closes":"17:00"}]},{"@type":"ImageObject","inLanguage":"pl-PL","@id":"https:\/\/www.key-devices.com\/product\/nissan-infinity-2022-key-programmer\/#local-main-organization-logo","url":"https:\/\/www.key-devices.com\/wp-content\/uploads\/cropped-Key-Devices-Logo-official-.png","contentUrl":"https:\/\/www.key-devices.com\/wp-content\/uploads\/cropped-Key-Devices-Logo-official-.png","width":512,"height":512,"caption":"Key Devices"}]},"product_price_currency":"EUR","og_availability":"instock","product_availability":"instock","product_retailer_item_id":"2719","product_condition":"new"},"jetpack_sharing_enabled":true,"_links":{"self":[{"href":"https:\/\/www.key-devices.com\/pl\/wp-json\/wp\/v2\/product\/10722","targetHints":{"allow":["GET"]}}],"collection":[{"href":"https:\/\/www.key-devices.com\/pl\/wp-json\/wp\/v2\/product"}],"about":[{"href":"https:\/\/www.key-devices.com\/pl\/wp-json\/wp\/v2\/types\/product"}],"replies":[{"embeddable":true,"href":"https:\/\/www.key-devices.com\/pl\/wp-json\/wp\/v2\/comments?post=10722"}],"wp:featuredmedia":[{"embeddable":true,"href":"https:\/\/www.key-devices.com\/pl\/wp-json\/wp\/v2\/media\/10584"}],"wp:attachment":[{"href":"https:\/\/www.key-devices.com\/pl\/wp-json\/wp\/v2\/media?parent=10722"}],"wp:term":[{"taxonomy":"product_brand","embeddable":true,"href":"https:\/\/www.key-devices.com\/pl\/wp-json\/wp\/v2\/product_brand?post=10722"},{"taxonomy":"product_cat","embeddable":true,"href":"https:\/\/www.key-devices.com\/pl\/wp-json\/wp\/v2\/product_cat?post=10722"},{"taxonomy":"product_tag","embeddable":true,"href":"https:\/\/www.key-devices.com\/pl\/wp-json\/wp\/v2\/product_tag?post=10722"},{"taxonomy":"vehicles","embeddable":true,"href":"https:\/\/www.key-devices.com\/pl\/wp-json\/wp\/v2\/vehicles?post=10722"}],"curies":[{"name":"wp","href":"https:\/\/api.w.org\/{rel}","templated":true}]}}