{"id":10724,"date":"2025-06-07T20:42:15","date_gmt":"2025-06-07T18:42:15","guid":{"rendered":"https:\/\/www.key-devices.com\/?post_type=product&#038;p=10724"},"modified":"2025-07-28T13:22:49","modified_gmt":"2025-07-28T11:22:49","slug":"ferrari-key-device","status":"publish","type":"product","link":"https:\/\/www.key-devices.com\/pl\/product\/ferrari-key-device\/","title":{"rendered":"Kluczowe urz\u0105dzenie Ferrari"},"content":{"rendered":"<h1  style=\"text-align: center;\">Kluczowe urz\u0105dzenie Ferrari<\/h1>\n<p>&nbsp;<\/p>\n<p >\u2013 Przede wszystkim, oto o jakie modele chodzi:<\/p>\n<p >* Marka = tylko FERRARI:<\/p>\n<ul>\n<li >488: 2015-2021<\/li>\n<li >488 PAJ\u0104K: 2015-2021<\/li>\n<li >488 GTB: 2015-2021<\/li>\n<li >488 TOR: 2015-2021<\/li>\n<li >488 SPIDER TRACK: 2015-2021<\/li>\n<li >812 SUPER SZYBKO: 2017-2021<\/li>\n<li >812 GTS: 2017-2021<\/li>\n<li >KONKURS 812: 2017-2021<\/li>\n<li >GTC4 LUSSO: 2016-2020<\/li>\n<li >GTC4 GRAND LUSSO: 2016-2020<\/li>\n<li >HO\u0141D DLA F8: 2019-2021<\/li>\n<li >F8 N-LARGO: 2019-2021<\/li>\n<li >F12 BERLINETTA: 2012-2017<\/li>\n<li >PORTOFINO: 2017-2020<br \/>\nWy\u0142\u0105cznie w nowym urz\u0105dzeniu Ferrari Keydevice. Dzi\u0119ki naszemu produktowi mo\u017cesz teraz zaprogramowa\u0107 klucz przez port diagnostyczny w mniej ni\u017c 30 sekund. Urz\u0105dzenie przeznaczone jest dla profesjonalist\u00f3w i \u015blusarzy samochodowych.<\/li>\n<\/ul>\n<p >Aby pozna\u0107 cen\u0119 tego produktu, zapraszamy do kontaktu z nami poprzez WhatsApp i\/lub Telegram, aby\u015bmy mogli przygotowa\u0107 dla Ciebie wycen\u0119.<\/p>\n<p>&nbsp;<\/p>\n<p ><span style=\"color: #ff0000;\">* NASZE URZ\u0104DZENIA S\u0104 SPRZEDAWANE WY\u0141\u0104CZNIE DO U\u017bYTKU S\u0141U\u017bBOWEGO I PRYWATNEGO. NIE PONOSIMY ODPOWIEDZIALNO\u015aCI ZA OSZUSTWA LUB NIELEGALNE U\u017bYCIE SPRZEDANEGO SPRZ\u0118TU.<\/span><\/p>","protected":false},"excerpt":{"rendered":"<p>Ferrari key device &nbsp; &#8211; First of all, here are the models concerned: * Make = FERRARI only: 488: 2015-2021 488 SPIDER: 2015-2021 488 GTB: 2015-2021 488 PISTA: 2015-2021 488 PISTA SPIDER: 2015-2021 812 SUPER FAST: 2017-2021 812 GTS: 2017-2021 812 COMPETIZIONE: 2017-2021 GTC4 LUSSO: 2016-2020 GTC4 GRAND LUSSO: 2016-2020 F8 TRIBUTO: 2019-2021 F8 N-LARGO: [&hellip;]<\/p>","protected":false},"featured_media":10586,"comment_status":"open","ping_status":"closed","template":"","meta":{"_monsterinsights_skip_tracking":false,"_monsterinsights_sitenote_active":false,"_monsterinsights_sitenote_note":"","_monsterinsights_sitenote_category":0},"product_brand":[],"product_cat":[516],"product_tag":[766,767,768,769,770,771,772,773,774,775,776,777,778,779,542,526,780],"vehicles":[799,801,800,798,797,804,803,802,807,809,808,806,805,810],"class_list":{"0":"post-10724","1":"product","2":"type-product","3":"status-publish","4":"has-post-thumbnail","6":"product_cat-key-programmer","7":"product_tag-488-gtb-2015-2021","8":"product_tag-488-pista-2015-2021","9":"product_tag-488-pista-spider-2015-2021","10":"product_tag-488-spider-2015-2021","11":"product_tag-812-competizione-2017-202021","12":"product_tag-812-gts-2017-202021","13":"product_tag-812-super-fast-2017-202021","14":"product_tag-88-2015-2021","15":"product_tag-f-8-tributo-2019-2021","16":"product_tag-f12-berlinetta-2012-2017","17":"product_tag-f8-n-largo-2019-2021","18":"product_tag-ferrari","19":"product_tag-gtc4-grand-lusso-2016-2020","20":"product_tag-gtc4-lusso-2016-2020","21":"product_tag-key-device","22":"product_tag-key-programmer","23":"product_tag-portofino-2017-2020","24":"vehicles-ferrari-488-gtb-2015-2021","25":"vehicles-ferrari-488-pista-spider-2015-2021","26":"vehicles-ferrari-488-pista-2015-2021","27":"vehicles-ferrari-488-spider-2015-2021","28":"vehicles-ferrari-488-2015-2021","29":"vehicles-ferrari-812-competizione-2017-202021","30":"vehicles-ferrari-812-gts-2017-202021","31":"vehicles-ferrari-812-super-fast-2017-202021","32":"vehicles-ferrari-f-8-tributo-2019-2021","33":"vehicles-ferrari-f12-berlinetta-2012-2017","34":"vehicles-ferrari-f8-n-largo-2019-2021","35":"vehicles-ferrari-gtc4-grand-lusso-2016-2020","36":"vehicles-ferrari-gtc4-lusso-2016-2020","37":"vehicles-ferrari-portofino-2017-2020","39":"first","40":"instock","41":"featured","42":"shipping-taxable","43":"purchasable","44":"product-type-simple"},"yoast_head":"<!-- This site is optimized with the Yoast SEO Premium plugin v25.5 (Yoast SEO v27.4) - https:\/\/yoast.com\/product\/yoast-seo-premium-wordpress\/ -->\n<title>Ferrari Key Device - Discount Price<\/title>\n<meta name=\"description\" content=\"Ferrari Key Device Key Programmer is a very rare model that can only be found at certain dealers, of which our company will provide you with all the...\" \/>\n<meta name=\"robots\" content=\"index, follow, max-snippet:-1, max-image-preview:large, max-video-preview:-1\" \/>\n<link rel=\"canonical\" href=\"https:\/\/www.key-devices.com\/pl\/product\/ferrari-key-device\/\" \/>\n<meta property=\"og:locale\" content=\"pl_PL\" \/>\n<meta property=\"og:type\" content=\"article\" \/>\n<meta property=\"og:title\" content=\"Ferrari key device\" \/>\n<meta property=\"og:description\" content=\"Ferrari Key Device Key Programmer is a very rare model that can only be found at certain dealers, of which our company will provide you with all the...\" \/>\n<meta property=\"og:url\" content=\"https:\/\/www.key-devices.com\/pl\/product\/ferrari-key-device\/\" \/>\n<meta property=\"og:site_name\" content=\"KEY DEVICES\" \/>\n<meta property=\"article:modified_time\" content=\"2025-07-28T11:22:49+00:00\" \/>\n<meta property=\"og:image\" content=\"https:\/\/www.key-devices.com\/wp-content\/uploads\/Ferrari-Key-Device.jpg\" \/>\n\t<meta property=\"og:image:width\" content=\"1200\" \/>\n\t<meta property=\"og:image:height\" content=\"1600\" \/>\n\t<meta property=\"og:image:type\" content=\"image\/jpeg\" \/>\n<meta name=\"twitter:card\" content=\"summary_large_image\" \/>\n<meta name=\"twitter:label1\" content=\"Cena\" \/>\n\t<meta name=\"twitter:data1\" content=\"5 000,00&nbsp;&euro;\" \/>\n\t<meta name=\"twitter:label2\" content=\"Dost\u0119pno\u015b\u0107\" \/>\n\t<meta name=\"twitter:data2\" content=\"Dost\u0119pny\" \/>\n<script type=\"application\/ld+json\" class=\"yoast-schema-graph\">{\"@context\":\"https:\\\/\\\/schema.org\",\"@graph\":[{\"@type\":\"WebPage\",\"@id\":\"https:\\\/\\\/www.key-devices.com\\\/product\\\/ferrari-key-device\\\/\",\"url\":\"https:\\\/\\\/www.key-devices.com\\\/product\\\/ferrari-key-device\\\/\",\"name\":\"Ferrari Key Device - Discount Price\",\"isPartOf\":{\"@id\":\"https:\\\/\\\/www.key-devices.com\\\/#website\"},\"primaryImageOfPage\":{\"@id\":\"https:\\\/\\\/www.key-devices.com\\\/product\\\/ferrari-key-device\\\/#primaryimage\"},\"image\":{\"@id\":\"https:\\\/\\\/www.key-devices.com\\\/product\\\/ferrari-key-device\\\/#primaryimage\"},\"thumbnailUrl\":\"https:\\\/\\\/www.key-devices.com\\\/wp-content\\\/uploads\\\/Ferrari-Key-Device.jpg\",\"datePublished\":\"2025-06-07T18:42:15+00:00\",\"dateModified\":\"2025-07-28T11:22:49+00:00\",\"description\":\"Ferrari Key Device Key Programmer is a very rare model that can only be found at certain dealers, of which our company will provide you with all the...\",\"breadcrumb\":{\"@id\":\"https:\\\/\\\/www.key-devices.com\\\/product\\\/ferrari-key-device\\\/#breadcrumb\"},\"inLanguage\":\"pl-PL\",\"potentialAction\":[{\"@type\":\"ReadAction\",\"target\":[\"https:\\\/\\\/www.key-devices.com\\\/product\\\/ferrari-key-device\\\/\"]}]},{\"@type\":\"ImageObject\",\"inLanguage\":\"pl-PL\",\"@id\":\"https:\\\/\\\/www.key-devices.com\\\/product\\\/ferrari-key-device\\\/#primaryimage\",\"url\":\"https:\\\/\\\/www.key-devices.com\\\/wp-content\\\/uploads\\\/Ferrari-Key-Device.jpg\",\"contentUrl\":\"https:\\\/\\\/www.key-devices.com\\\/wp-content\\\/uploads\\\/Ferrari-Key-Device.jpg\",\"width\":1200,\"height\":1600,\"caption\":\"Ferrari key device\"},{\"@type\":\"BreadcrumbList\",\"@id\":\"https:\\\/\\\/www.key-devices.com\\\/product\\\/ferrari-key-device\\\/#breadcrumb\",\"itemListElement\":[{\"@type\":\"ListItem\",\"position\":1,\"name\":\"Home\",\"item\":\"https:\\\/\\\/www.key-devices.com\\\/\"},{\"@type\":\"ListItem\",\"position\":2,\"name\":\"Shop\",\"item\":\"https:\\\/\\\/www.key-devices.com\\\/shop\\\/\"},{\"@type\":\"ListItem\",\"position\":3,\"name\":\"Ferrari key device\"}]},{\"@type\":\"WebSite\",\"@id\":\"https:\\\/\\\/www.key-devices.com\\\/#website\",\"url\":\"https:\\\/\\\/www.key-devices.com\\\/\",\"name\":\"KEY DEVICES\",\"description\":\"\",\"publisher\":{\"@id\":\"https:\\\/\\\/www.key-devices.com\\\/#organization\"},\"potentialAction\":[{\"@type\":\"SearchAction\",\"target\":{\"@type\":\"EntryPoint\",\"urlTemplate\":\"https:\\\/\\\/www.key-devices.com\\\/?s={search_term_string}\"},\"query-input\":{\"@type\":\"PropertyValueSpecification\",\"valueRequired\":true,\"valueName\":\"search_term_string\"}}],\"inLanguage\":\"pl-PL\"},{\"@type\":[\"Organization\",\"Place\"],\"@id\":\"https:\\\/\\\/www.key-devices.com\\\/#organization\",\"name\":\"Key Devices\",\"url\":\"https:\\\/\\\/www.key-devices.com\\\/\",\"logo\":{\"@id\":\"https:\\\/\\\/www.key-devices.com\\\/product\\\/ferrari-key-device\\\/#local-main-organization-logo\"},\"image\":{\"@id\":\"https:\\\/\\\/www.key-devices.com\\\/product\\\/ferrari-key-device\\\/#local-main-organization-logo\"},\"legalName\":\"Key Devices\",\"telephone\":[],\"openingHoursSpecification\":[{\"@type\":\"OpeningHoursSpecification\",\"dayOfWeek\":[\"Monday\",\"Tuesday\",\"Wednesday\",\"Thursday\",\"Friday\",\"Saturday\",\"Sunday\"],\"opens\":\"09:00\",\"closes\":\"17:00\"}]},{\"@type\":\"ImageObject\",\"inLanguage\":\"pl-PL\",\"@id\":\"https:\\\/\\\/www.key-devices.com\\\/product\\\/ferrari-key-device\\\/#local-main-organization-logo\",\"url\":\"https:\\\/\\\/www.key-devices.com\\\/wp-content\\\/uploads\\\/cropped-Key-Devices-Logo-official-.png\",\"contentUrl\":\"https:\\\/\\\/www.key-devices.com\\\/wp-content\\\/uploads\\\/cropped-Key-Devices-Logo-official-.png\",\"width\":512,\"height\":512,\"caption\":\"Key Devices\"}]}<\/script>\n<meta property=\"product:price:amount\" content=\"5000.00\" \/>\n<meta property=\"product:price:currency\" content=\"EUR\" \/>\n<meta property=\"og:availability\" content=\"instock\" \/>\n<meta property=\"product:availability\" content=\"instock\" \/>\n<meta property=\"product:retailer_item_id\" content=\"2776\" \/>\n<meta property=\"product:condition\" content=\"new\" \/>\n<!-- \/ Yoast SEO Premium plugin. -->","yoast_head_json":{"title":"Urz\u0105dzenie Ferrari Key \u2013 cena promocyjna","description":"Programator kluczy Ferrari Key Device to bardzo rzadki model, kt\u00f3ry mo\u017cna znale\u017a\u0107 tylko u niekt\u00f3rych dealer\u00f3w. Nasza firma zapewni Ci wszystkie niezb\u0119dne akcesoria...","robots":{"index":"index","follow":"follow","max-snippet":"max-snippet:-1","max-image-preview":"max-image-preview:large","max-video-preview":"max-video-preview:-1"},"canonical":"https:\/\/www.key-devices.com\/pl\/product\/ferrari-key-device\/","og_locale":"pl_PL","og_type":"article","og_title":"Ferrari key device","og_description":"Ferrari Key Device Key Programmer is a very rare model that can only be found at certain dealers, of which our company will provide you with all the...","og_url":"https:\/\/www.key-devices.com\/pl\/product\/ferrari-key-device\/","og_site_name":"KEY DEVICES","article_modified_time":"2025-07-28T11:22:49+00:00","og_image":[{"width":1200,"height":1600,"url":"https:\/\/www.key-devices.com\/wp-content\/uploads\/Ferrari-Key-Device.jpg","type":"image\/jpeg"}],"twitter_card":"summary_large_image","twitter_misc":{"Cena":"5 000,00&nbsp;&euro;","Dost\u0119pno\u015b\u0107":"Dost\u0119pny"},"schema":{"@context":"https:\/\/schema.org","@graph":[{"@type":"WebPage","@id":"https:\/\/www.key-devices.com\/product\/ferrari-key-device\/","url":"https:\/\/www.key-devices.com\/product\/ferrari-key-device\/","name":"Urz\u0105dzenie Ferrari Key \u2013 cena promocyjna","isPartOf":{"@id":"https:\/\/www.key-devices.com\/#website"},"primaryImageOfPage":{"@id":"https:\/\/www.key-devices.com\/product\/ferrari-key-device\/#primaryimage"},"image":{"@id":"https:\/\/www.key-devices.com\/product\/ferrari-key-device\/#primaryimage"},"thumbnailUrl":"https:\/\/www.key-devices.com\/wp-content\/uploads\/Ferrari-Key-Device.jpg","datePublished":"2025-06-07T18:42:15+00:00","dateModified":"2025-07-28T11:22:49+00:00","description":"Programator kluczy Ferrari Key Device to bardzo rzadki model, kt\u00f3ry mo\u017cna znale\u017a\u0107 tylko u niekt\u00f3rych dealer\u00f3w. Nasza firma zapewni Ci wszystkie niezb\u0119dne akcesoria...","breadcrumb":{"@id":"https:\/\/www.key-devices.com\/product\/ferrari-key-device\/#breadcrumb"},"inLanguage":"pl-PL","potentialAction":[{"@type":"ReadAction","target":["https:\/\/www.key-devices.com\/product\/ferrari-key-device\/"]}]},{"@type":"ImageObject","inLanguage":"pl-PL","@id":"https:\/\/www.key-devices.com\/product\/ferrari-key-device\/#primaryimage","url":"https:\/\/www.key-devices.com\/wp-content\/uploads\/Ferrari-Key-Device.jpg","contentUrl":"https:\/\/www.key-devices.com\/wp-content\/uploads\/Ferrari-Key-Device.jpg","width":1200,"height":1600,"caption":"Ferrari key device"},{"@type":"BreadcrumbList","@id":"https:\/\/www.key-devices.com\/product\/ferrari-key-device\/#breadcrumb","itemListElement":[{"@type":"ListItem","position":1,"name":"Home","item":"https:\/\/www.key-devices.com\/"},{"@type":"ListItem","position":2,"name":"Shop","item":"https:\/\/www.key-devices.com\/shop\/"},{"@type":"ListItem","position":3,"name":"Ferrari key device"}]},{"@type":"WebSite","@id":"https:\/\/www.key-devices.com\/#website","url":"https:\/\/www.key-devices.com\/","name":"S\u0141OWA URZ\u0104DZENIA","description":"","publisher":{"@id":"https:\/\/www.key-devices.com\/#organization"},"potentialAction":[{"@type":"SearchAction","target":{"@type":"EntryPoint","urlTemplate":"https:\/\/www.key-devices.com\/?s={search_term_string}"},"query-input":{"@type":"PropertyValueSpecification","valueRequired":true,"valueName":"search_term_string"}}],"inLanguage":"pl-PL"},{"@type":["Organization","Place"],"@id":"https:\/\/www.key-devices.com\/#organization","name":"S\u0142owa urz\u0105dzenia","url":"https:\/\/www.key-devices.com\/","logo":{"@id":"https:\/\/www.key-devices.com\/product\/ferrari-key-device\/#local-main-organization-logo"},"image":{"@id":"https:\/\/www.key-devices.com\/product\/ferrari-key-device\/#local-main-organization-logo"},"legalName":"Key Devices","telephone":[],"openingHoursSpecification":[{"@type":"OpeningHoursSpecification","dayOfWeek":["Monday","Tuesday","Wednesday","Thursday","Friday","Saturday","Sunday"],"opens":"09:00","closes":"17:00"}]},{"@type":"ImageObject","inLanguage":"pl-PL","@id":"https:\/\/www.key-devices.com\/product\/ferrari-key-device\/#local-main-organization-logo","url":"https:\/\/www.key-devices.com\/wp-content\/uploads\/cropped-Key-Devices-Logo-official-.png","contentUrl":"https:\/\/www.key-devices.com\/wp-content\/uploads\/cropped-Key-Devices-Logo-official-.png","width":512,"height":512,"caption":"Key Devices"}]},"product_price_amount":"5000.00","product_price_currency":"EUR","og_availability":"instock","product_availability":"instock","product_retailer_item_id":"2776","product_condition":"new"},"jetpack_sharing_enabled":true,"_links":{"self":[{"href":"https:\/\/www.key-devices.com\/pl\/wp-json\/wp\/v2\/product\/10724","targetHints":{"allow":["GET"]}}],"collection":[{"href":"https:\/\/www.key-devices.com\/pl\/wp-json\/wp\/v2\/product"}],"about":[{"href":"https:\/\/www.key-devices.com\/pl\/wp-json\/wp\/v2\/types\/product"}],"replies":[{"embeddable":true,"href":"https:\/\/www.key-devices.com\/pl\/wp-json\/wp\/v2\/comments?post=10724"}],"wp:featuredmedia":[{"embeddable":true,"href":"https:\/\/www.key-devices.com\/pl\/wp-json\/wp\/v2\/media\/10586"}],"wp:attachment":[{"href":"https:\/\/www.key-devices.com\/pl\/wp-json\/wp\/v2\/media?parent=10724"}],"wp:term":[{"taxonomy":"product_brand","embeddable":true,"href":"https:\/\/www.key-devices.com\/pl\/wp-json\/wp\/v2\/product_brand?post=10724"},{"taxonomy":"product_cat","embeddable":true,"href":"https:\/\/www.key-devices.com\/pl\/wp-json\/wp\/v2\/product_cat?post=10724"},{"taxonomy":"product_tag","embeddable":true,"href":"https:\/\/www.key-devices.com\/pl\/wp-json\/wp\/v2\/product_tag?post=10724"},{"taxonomy":"vehicles","embeddable":true,"href":"https:\/\/www.key-devices.com\/pl\/wp-json\/wp\/v2\/vehicles?post=10724"}],"curies":[{"name":"wp","href":"https:\/\/api.w.org\/{rel}","templated":true}]}}