{"id":11045,"date":"2025-07-16T17:49:21","date_gmt":"2025-07-16T15:49:21","guid":{"rendered":"https:\/\/www.key-devices.com\/?post_type=product&#038;p=11045"},"modified":"2025-09-15T15:36:51","modified_gmt":"2025-09-15T13:36:51","slug":"spark-3-smart-key-emulator-for-nissan-and-infiniti-2024","status":"publish","type":"product","link":"https:\/\/www.key-devices.com\/pl\/product\/spark-3-smart-key-emulator-for-nissan-and-infiniti-2024\/","title":{"rendered":"EMULATOR INTELIGENTNEGO KLUCZYKA Spark-3 do Nissana i Infiniti 2024"},"content":{"rendered":"<h1 class=\"product_title entry-title\" style=\"text-align: center;\">EMULATOR INTELIGENTNEGO KLUCZYKA Spark-3 do Nissana i Infiniti 2024<\/h1>\n<p>&nbsp;<\/p>\n<p>Przede wszystkim jest to urz\u0105dzenie &#034;Emulator INTELIGENTNYCH KLUCZY Spark-3 do Nissan i Infiniti 2024&#034; pozwala utworzy\u0107 duplikat swojego utraconego klucza do samochod\u00f3w 2022 roku produkcji lub nawet najnowszych modeli.<\/p>\n<p>Naprawd\u0119, wszystko odbywa si\u0119 w 30 sekund!!!!<\/p>\n<p>Wreszcie, wszystkie instrukcje na temat korzystania z tego urz\u0105dzenia znajduj\u0105 si\u0119 w broszurze z dok\u0142adn\u0105 informacj\u0105 na temat r\u00f3\u017cnych dost\u0119pnych funkcjach.<\/p>\n<p>W ko\u0144cu, nie wahaj si\u0119 z nami skontaktowa\u0107 aby uzyska\u0107 wi\u0119cej informacji na temat koszt\u00f3w, dostawy lub bardziej szczeg\u00f3\u0142owych informacji o produkcie.<\/p>\n<p>CECHY URZ\u0104DZENIA:<\/p>\n<p>1. Urz\u0105dzenie pozwala odblokowa\u0107, zamknij i uruchom silnik samochodu.<br \/>\n2. Urz\u0105dzenie wy\u015bwietla kod PIN, przeznaczony do programowania klucza, poprzez z\u0142\u0105cze diagnostyczne.<br \/>\n3. Oblicza dane o nowym poje\u017adzie z kodem PIN bezpo\u015brednio na urz\u0105dzeniu, bez komputera. 4. Nast\u0119pnie program na bazie komputera PC w celu przyspieszenia oblicze\u0144 dla nowych pojazd\u00f3w.<br \/>\n6. 3D-antena wysokiej jako\u015bci odbioru danych z samochodu.<br \/>\n7. Unikalny kod PIN do zasilania urz\u0105dzenia.<br \/>\n9. Wreszcie, jest on zasilany lipo-baterii i akumulator\u00f3w.<\/p>\n<h2 class=\"product_title entry-title\" style=\"text-align: center;\">Dla Nissan i Infiniti 2024<\/h2>\n<p>&nbsp;<\/p>\n<p>Dla pojazd\u00f3w:<\/p>\n<div dir=\"ltr\">\n<ul>\n<li>INFINITI Mxx\/Q70 (Y51) 2012-2019 EUR\/USD\/JPN<\/li>\n<li>QX56\/Q80 (Y62) 2010-2022 EUR\/Etats-Unis\/JPN<\/li>\n<li>Nast\u0119pnie NISSAN PATROL 6 (Y62) 2010+ EUR \/USD\/JPN<\/li>\n<li>ARMADA 2 (Y62) 2016+ EUR\/USD\/JPN<\/li>\n<li>NAVARA 4 (D23) 2014+ EUR\/USD\/JPN<\/li>\n<li>FRONTI\u00c8RE (D23) 2014+ EUR\/USA\/JPN<\/li>\n<li>Jukebox 1 (F15) 2010-2019 EUR\/Etats-Unis\/JPN<\/li>\n<li>Nast\u0119pnie, FEUILLE 1 (ZE0) 2010-2017 EUR\/USD\/JPN<\/li>\n<li>UWAGA 2 (E12) 2012-2020 EUR\/USD\/JPN<\/li>\n<li>SENTRA (B17) 2012-2019 EUR\/Etats-Unis\/JPN<\/li>\n<li>Then, SERENA 4 (C26) 2012-2016 EUR\/USA\/JPN<\/li>\n<li>Next, MICRA (K13) 2010-2017 EUR\/USD\/JPN<\/li>\n<li>FUGA 2 (Y51) 2009+ EUR\/USD\/JPN<\/li>\n<li>CIMA V (Y51) 2012+ EUR\/USD\/JPN<\/li>\n<li>VERSA II (C17) 2014-2019 EUR\/USD\/JPN<\/li>\n<li>W ko\u0144cu MERCEDES CLASSE X 2017-2020 EUR\/USD\/JPN<\/li>\n<li>RENAULT ALASKAN 2017+ EUR\/USD\/JPN<\/li>\n<\/ul>\n<h2 class=\"product_title entry-title\" style=\"text-align: center;\">Dla Nissan i Infiniti 2024<\/h2>\n<p>Aktualizacja 2023 roku:<\/p>\n<ul>\n<li>ALTIMA 5 (L33) 2012-2018<\/li>\n<li>Then,MAXIMA VII 2015+<\/li>\n<li>MURANO (Z52) 2014-2022<\/li>\n<li>TROPICIEL (K52) 2014-2020<\/li>\n<li>Then, SKYLINE (V37) 2014-2019<\/li>\n<li>TEANA (L33) 2014-2020<\/li>\n<li>TYTAN II 2016+<\/li>\n<li>Then, INFINITI Q50 (I) 2013+<\/li>\n<li>INFINITI Q60 (I) 2013+<\/li>\n<li>INFINITI QX60 (I) 2012+<\/li>\n<li>Nissan Leaf 2 (ZE10) 2017+<\/li>\n<\/ul>\n<h2 class=\"product_title entry-title\" style=\"text-align: center;\">Dla Nissan i Infiniti 2024<\/h2>\n<p>Nowa Aktualizacja 2024 roku<\/p>\n<ul>\n<li>NATS-9 2024<\/li>\n<\/ul>\n<p>KOMPATYBILNE MODELE NISSANA:<\/p>\n<ul>\n<li>Nast\u0119pnie ALTIMA 6 (L34) 2018-2022<\/li>\n<li>ROGUE 2 (II, II SERIA) 2014-2020<\/li>\n<li>\u041a\u0410\u0428\u041a\u0410\u0419 (J11) 2013-2023<\/li>\n<li>Wtedy X-TRAIL (T32) 2013-2023? \u2013 MAXIMA VII 2015+<\/li>\n<li>MURANO (Z52) 2014-2022<\/li>\n<li>TROPICIEL (K52) 2014-2020<\/li>\n<li>Wtedy SKYLINE (V37) 2014-2019 ?<\/li>\n<li>TEANA (L33) 2014-2020<\/li>\n<li>Wreszcie, TITAN II 2016+<\/li>\n<\/ul>\n<p>KOMPATYBILNE MODELE INFINITI:<\/p>\n<ul>\n<li>50 kwarta\u0142 (I) 2013 r.+<\/li>\n<li>Puis, 60 (I) kwarta\u0142 2013 r.+<\/li>\n<li>QX60 (I) 2012+<\/li>\n<\/ul>\n<p>mo\u017cliwo\u015bci :<\/p>\n<ul>\n<li>EMULACJA RADIOWEGO PILOTA ZDALNEGO STEROWANIA<\/li>\n<li>Nast\u0119pnie WYKONYWANA jest EMULACJA BEZ KLUCZA<\/li>\n<li>TYP KLUCZA: HITAG-AES<\/li>\n<\/ul>\n<\/div>\n<p>&nbsp;<\/p>\n<p><strong><span style=\"color: #ff0000;\">* NASZE URZ\u0104DZENIA S\u0104 SPRZEDAWANE WY\u0141\u0104CZNIE DO U\u017bYTKU S\u0141U\u017bBOWEGO I PRYWATNEGO. NIE PONOSIMY ODPOWIEDZIALNO\u015aCI ZA OSZUSTWA LUB NIELEGALNE U\u017bYCIE SPRZEDANEGO SPRZ\u0118TU.<\/span><\/strong><\/p>","protected":false},"excerpt":{"rendered":"<p class=\"ai-optimize-36\">CECHY URZ\u0104DZENIA:<\/p>\n<p class=\"ai-optimize-37\">1. Urz\u0105dzenie pozwala odblokowa\u0107, zamknij i uruchom silnik samochodu.<br \/>\n2. Urz\u0105dzenie wy\u015bwietla kod PIN, przeznaczony do programowania klucza, poprzez z\u0142\u0105cze diagnostyczne.<br \/>\n3. Oblicza dane o nowym poje\u017adzie z kodem PIN bezpo\u015brednio na urz\u0105dzeniu, bez komputera. 4. Nast\u0119pnie program na bazie komputera PC w celu przyspieszenia oblicze\u0144 dla nowych pojazd\u00f3w.<br \/>\n6. 3D-antena wysokiej jako\u015bci odbioru danych z samochodu.<br \/>\n7. Unikalny kod PIN do zasilania urz\u0105dzenia.<br \/>\n9. Wreszcie, jest on zasilany lipo-baterii i akumulator\u00f3w.<\/p>\n<p class=\"ai-optimize-38\">Dla pojazd\u00f3w:<\/p>\n<div dir=\"ltr\">\n<ul>\n<li class=\"ai-optimize-33\">INFINITI Mxx\/Q70 (Y51) 2012-2019 EUR\/USD\/JPN<\/li>\n<li class=\"ai-optimize-33\">QX56\/Q80 (Y62) 2010-2022 EUR\/Etats-Unis\/JPN<\/li>\n<li class=\"ai-optimize-33\">Nast\u0119pnie NISSAN PATROL 6 (Y62) 2010+ EUR \/USD\/JPN<\/li>\n<li class=\"ai-optimize-33\">ARMADA 2 (Y62) 2016+ EUR\/USD\/JPN<\/li>\n<li class=\"ai-optimize-33\">NAVARA 4 (D23) 2014+ EUR\/USD\/JPN<\/li>\n<li class=\"ai-optimize-33\">FRONTI\u00c8RE (D23) 2014+ EUR\/USA\/JPN<\/li>\n<li class=\"ai-optimize-33\">Jukebox 1 (F15) 2010-2019 EUR\/Etats-Unis\/JPN<\/li>\n<li class=\"ai-optimize-33\">Nast\u0119pnie, FEUILLE 1 (ZE0) 2010-2017 EUR\/USD\/JPN<\/li>\n<li class=\"ai-optimize-33\">UWAGA 2 (E12) 2012-2020 EUR\/USD\/JPN<\/li>\n<li class=\"ai-optimize-33\">SENTRA (B17) 2012-2019 EUR\/Etats-Unis\/JPN<\/li>\n<li class=\"ai-optimize-33\">SERENA 4 (C26) 2012-2016 EUR\/USD\/JPN<\/li>\n<li class=\"ai-optimize-33\">Next, MICRA (K13) 2010-2017 EUR\/USD\/JPN<\/li>\n<li class=\"ai-optimize-33\">FUGA 2 (Y51) 2009+ EUR\/USD\/JPN<\/li>\n<li class=\"ai-optimize-33\">CIMA V (Y51) 2012+ EUR\/USD\/JPN<\/li>\n<li class=\"ai-optimize-33\">VERSA II (C17) 2014-2019 EUR\/USD\/JPN<\/li>\n<li class=\"ai-optimize-33\">W ko\u0144cu MERCEDES CLASSE X 2017-2020 EUR\/USD\/JPN<\/li>\n<li class=\"ai-optimize-33\">RENAULT ALASKAN 2017+ EUR\/USD\/JPN<\/li>\n<\/ul>\n<p class=\"ai-optimize-34\">Aktualizacja 2023 roku:<\/p>\n<ul>\n<li class=\"ai-optimize-34\">ALTIMA 5 (L33) 2012-2018<\/li>\n<li class=\"ai-optimize-34\">WZLOTY VII 2015+<\/li>\n<li class=\"ai-optimize-34\">MURANO (Z52) 2014-2022<\/li>\n<li class=\"ai-optimize-34\">TROPICIEL (K52) 2014-2020<\/li>\n<li class=\"ai-optimize-34\">SKYLINE (V37) 2014-2019 ? \u2022TEANA (L33) 2014-2020<\/li>\n<li class=\"ai-optimize-34\">TYTAN II 2016+<\/li>\n<li class=\"ai-optimize-34\">INFINITI Q50 (I) 2013+<\/li>\n<li class=\"ai-optimize-34\">INFINITI Q60 (I) 2013+<\/li>\n<li class=\"ai-optimize-34\">INFINITI QX60 (I) 2012+<\/li>\n<li class=\"ai-optimize-34\">Nissan Leaf 2 (ZE10) 2017+<\/li>\n<\/ul>\n<\/div>","protected":false},"featured_media":11284,"comment_status":"open","ping_status":"closed","template":"","meta":{"_monsterinsights_skip_tracking":false,"_monsterinsights_sitenote_active":false,"_monsterinsights_sitenote_note":"","_monsterinsights_sitenote_category":0},"product_brand":[1162,1180,1161],"product_cat":[517],"product_tag":[522,542,526,528,529,531,534,1181,1182,1183],"vehicles":[],"class_list":{"0":"post-11045","1":"product","2":"type-product","3":"status-publish","4":"has-post-thumbnail","6":"product_brand-infinity","7":"product_brand-mercedes","8":"product_brand-nissan","9":"product_cat-code-grabbers","10":"product_tag-altima","11":"product_tag-key-device","12":"product_tag-key-programmer","13":"product_tag-murano","14":"product_tag-nissan","15":"product_tag-qashqai","16":"product_tag-rogue","17":"product_tag-skyline","18":"product_tag-titan-2","19":"product_tag-x-trail","21":"first","22":"instock","23":"featured","24":"shipping-taxable","25":"product-type-simple"},"yoast_head":"<!-- This site is optimized with the Yoast SEO Premium plugin v25.5 (Yoast SEO v27.4) - https:\/\/yoast.com\/product\/yoast-seo-premium-wordpress\/ -->\n<title>Spark-3 SMART KEY EMULATOR For Nissan and Infiniti 2024<\/title>\n<meta name=\"description\" content=\"Programmeur de cl\u00e9s pour marque Nissan &amp; Infinity Keydevice \u00e0 prix d\u00e9fiant toute concurrence avec livraison pour toute l&#039;europe.\" \/>\n<meta name=\"robots\" content=\"index, follow, max-snippet:-1, max-image-preview:large, max-video-preview:-1\" \/>\n<link rel=\"canonical\" href=\"https:\/\/www.key-devices.com\/pl\/product\/spark-3-smart-key-emulator-for-nissan-and-infiniti-2024\/\" \/>\n<meta property=\"og:locale\" content=\"pl_PL\" \/>\n<meta property=\"og:type\" content=\"article\" \/>\n<meta property=\"og:title\" content=\"Spark-3 SMART KEY EMULATOR For Nissan and Infiniti 2024\" \/>\n<meta property=\"og:description\" content=\"Programmeur de cl\u00e9s pour marque Nissan &amp; Infinity Keydevice \u00e0 prix d\u00e9fiant toute concurrence avec livraison pour toute l&#039;europe.\" \/>\n<meta property=\"og:url\" content=\"https:\/\/www.key-devices.com\/pl\/product\/spark-3-smart-key-emulator-for-nissan-and-infiniti-2024\/\" \/>\n<meta property=\"og:site_name\" content=\"KEY DEVICES\" \/>\n<meta property=\"article:modified_time\" content=\"2025-09-15T13:36:51+00:00\" \/>\n<meta property=\"og:image\" content=\"https:\/\/www.key-devices.com\/wp-content\/uploads\/Spark-3-SMART-KEY-EMULATOR-For-Nissan-and-Infiniti-2024.jpg\" \/>\n\t<meta property=\"og:image:width\" content=\"1186\" \/>\n\t<meta property=\"og:image:height\" content=\"555\" \/>\n\t<meta property=\"og:image:type\" content=\"image\/jpeg\" \/>\n<meta name=\"twitter:card\" content=\"summary_large_image\" \/>\n<meta name=\"twitter:label1\" content=\"Cena\" \/>\n\t<meta name=\"twitter:data1\" content=\"\" \/>\n\t<meta name=\"twitter:label2\" content=\"Dost\u0119pno\u015b\u0107\" \/>\n\t<meta name=\"twitter:data2\" content=\"Dost\u0119pny\" \/>\n<script type=\"application\/ld+json\" class=\"yoast-schema-graph\">{\"@context\":\"https:\\\/\\\/schema.org\",\"@graph\":[{\"@type\":\"WebPage\",\"@id\":\"https:\\\/\\\/www.key-devices.com\\\/product\\\/spark-3-smart-key-emulator-for-nissan-and-infiniti-2024\\\/\",\"url\":\"https:\\\/\\\/www.key-devices.com\\\/product\\\/spark-3-smart-key-emulator-for-nissan-and-infiniti-2024\\\/\",\"name\":\"Spark-3 SMART KEY EMULATOR For Nissan and Infiniti 2024\",\"isPartOf\":{\"@id\":\"https:\\\/\\\/www.key-devices.com\\\/#website\"},\"primaryImageOfPage\":{\"@id\":\"https:\\\/\\\/www.key-devices.com\\\/product\\\/spark-3-smart-key-emulator-for-nissan-and-infiniti-2024\\\/#primaryimage\"},\"image\":{\"@id\":\"https:\\\/\\\/www.key-devices.com\\\/product\\\/spark-3-smart-key-emulator-for-nissan-and-infiniti-2024\\\/#primaryimage\"},\"thumbnailUrl\":\"https:\\\/\\\/www.key-devices.com\\\/wp-content\\\/uploads\\\/Spark-3-SMART-KEY-EMULATOR-For-Nissan-and-Infiniti-2024.jpg\",\"datePublished\":\"2025-07-16T15:49:21+00:00\",\"dateModified\":\"2025-09-15T13:36:51+00:00\",\"description\":\"Programmeur de cl\u00e9s pour marque Nissan & Infinity Keydevice \u00e0 prix d\u00e9fiant toute concurrence avec livraison pour toute l'europe.\",\"breadcrumb\":{\"@id\":\"https:\\\/\\\/www.key-devices.com\\\/product\\\/spark-3-smart-key-emulator-for-nissan-and-infiniti-2024\\\/#breadcrumb\"},\"inLanguage\":\"pl-PL\",\"potentialAction\":[{\"@type\":\"ReadAction\",\"target\":[\"https:\\\/\\\/www.key-devices.com\\\/product\\\/spark-3-smart-key-emulator-for-nissan-and-infiniti-2024\\\/\"]}]},{\"@type\":\"ImageObject\",\"inLanguage\":\"pl-PL\",\"@id\":\"https:\\\/\\\/www.key-devices.com\\\/product\\\/spark-3-smart-key-emulator-for-nissan-and-infiniti-2024\\\/#primaryimage\",\"url\":\"https:\\\/\\\/www.key-devices.com\\\/wp-content\\\/uploads\\\/Spark-3-SMART-KEY-EMULATOR-For-Nissan-and-Infiniti-2024.jpg\",\"contentUrl\":\"https:\\\/\\\/www.key-devices.com\\\/wp-content\\\/uploads\\\/Spark-3-SMART-KEY-EMULATOR-For-Nissan-and-Infiniti-2024.jpg\",\"width\":1186,\"height\":555,\"caption\":\"Spark-3 SMART KEY EMULATOR For Nissan and Infiniti 2024\"},{\"@type\":\"BreadcrumbList\",\"@id\":\"https:\\\/\\\/www.key-devices.com\\\/product\\\/spark-3-smart-key-emulator-for-nissan-and-infiniti-2024\\\/#breadcrumb\",\"itemListElement\":[{\"@type\":\"ListItem\",\"position\":1,\"name\":\"Home\",\"item\":\"https:\\\/\\\/www.key-devices.com\\\/\"},{\"@type\":\"ListItem\",\"position\":2,\"name\":\"Shop\",\"item\":\"https:\\\/\\\/www.key-devices.com\\\/shop\\\/\"},{\"@type\":\"ListItem\",\"position\":3,\"name\":\"Spark-3 SMART KEY EMULATOR For Nissan and Infiniti 2024\"}]},{\"@type\":\"WebSite\",\"@id\":\"https:\\\/\\\/www.key-devices.com\\\/#website\",\"url\":\"https:\\\/\\\/www.key-devices.com\\\/\",\"name\":\"KEY DEVICES\",\"description\":\"\",\"publisher\":{\"@id\":\"https:\\\/\\\/www.key-devices.com\\\/#organization\"},\"potentialAction\":[{\"@type\":\"SearchAction\",\"target\":{\"@type\":\"EntryPoint\",\"urlTemplate\":\"https:\\\/\\\/www.key-devices.com\\\/?s={search_term_string}\"},\"query-input\":{\"@type\":\"PropertyValueSpecification\",\"valueRequired\":true,\"valueName\":\"search_term_string\"}}],\"inLanguage\":\"pl-PL\"},{\"@type\":[\"Organization\",\"Place\"],\"@id\":\"https:\\\/\\\/www.key-devices.com\\\/#organization\",\"name\":\"Key Devices\",\"url\":\"https:\\\/\\\/www.key-devices.com\\\/\",\"logo\":{\"@id\":\"https:\\\/\\\/www.key-devices.com\\\/product\\\/spark-3-smart-key-emulator-for-nissan-and-infiniti-2024\\\/#local-main-organization-logo\"},\"image\":{\"@id\":\"https:\\\/\\\/www.key-devices.com\\\/product\\\/spark-3-smart-key-emulator-for-nissan-and-infiniti-2024\\\/#local-main-organization-logo\"},\"legalName\":\"Key Devices\",\"telephone\":[],\"openingHoursSpecification\":[{\"@type\":\"OpeningHoursSpecification\",\"dayOfWeek\":[\"Monday\",\"Tuesday\",\"Wednesday\",\"Thursday\",\"Friday\",\"Saturday\",\"Sunday\"],\"opens\":\"09:00\",\"closes\":\"17:00\"}]},{\"@type\":\"ImageObject\",\"inLanguage\":\"pl-PL\",\"@id\":\"https:\\\/\\\/www.key-devices.com\\\/product\\\/spark-3-smart-key-emulator-for-nissan-and-infiniti-2024\\\/#local-main-organization-logo\",\"url\":\"https:\\\/\\\/www.key-devices.com\\\/wp-content\\\/uploads\\\/cropped-Key-Devices-Logo-official-.png\",\"contentUrl\":\"https:\\\/\\\/www.key-devices.com\\\/wp-content\\\/uploads\\\/cropped-Key-Devices-Logo-official-.png\",\"width\":512,\"height\":512,\"caption\":\"Key Devices\"}]}<\/script>\n<meta property=\"product:price:currency\" content=\"EUR\" \/>\n<meta property=\"og:availability\" content=\"instock\" \/>\n<meta property=\"product:availability\" content=\"instock\" \/>\n<meta property=\"product:retailer_item_id\" content=\"2719-1\" \/>\n<meta property=\"product:condition\" content=\"new\" \/>\n<!-- \/ Yoast SEO Premium plugin. -->","yoast_head_json":{"title":"EMULATOR INTELIGENTNEGO KLUCZYKA Spark-3 do Nissana i Infiniti 2024","description":"Programmeur cl\u00e9s de pour marque Nissan &amp; Infinity Keydevice \u00e0 prix d\u00e9fiant toute concurrence avec livraison pour toute l &#039; europe.","robots":{"index":"index","follow":"follow","max-snippet":"max-snippet:-1","max-image-preview":"max-image-preview:large","max-video-preview":"max-video-preview:-1"},"canonical":"https:\/\/www.key-devices.com\/pl\/product\/spark-3-smart-key-emulator-for-nissan-and-infiniti-2024\/","og_locale":"pl_PL","og_type":"article","og_title":"Spark-3 SMART KEY EMULATOR For Nissan and Infiniti 2024","og_description":"Programmeur de cl\u00e9s pour marque Nissan & Infinity Keydevice \u00e0 prix d\u00e9fiant toute concurrence avec livraison pour toute l'europe.","og_url":"https:\/\/www.key-devices.com\/pl\/product\/spark-3-smart-key-emulator-for-nissan-and-infiniti-2024\/","og_site_name":"KEY DEVICES","article_modified_time":"2025-09-15T13:36:51+00:00","og_image":[{"width":1186,"height":555,"url":"https:\/\/www.key-devices.com\/wp-content\/uploads\/Spark-3-SMART-KEY-EMULATOR-For-Nissan-and-Infiniti-2024.jpg","type":"image\/jpeg"}],"twitter_card":"summary_large_image","twitter_misc":{"Cena":"","Dost\u0119pno\u015b\u0107":"Dost\u0119pny"},"schema":{"@context":"https:\/\/schema.org","@graph":[{"@type":"WebPage","@id":"https:\/\/www.key-devices.com\/product\/spark-3-smart-key-emulator-for-nissan-and-infiniti-2024\/","url":"https:\/\/www.key-devices.com\/product\/spark-3-smart-key-emulator-for-nissan-and-infiniti-2024\/","name":"EMULATOR INTELIGENTNEGO KLUCZYKA Spark-3 do Nissana i Infiniti 2024","isPartOf":{"@id":"https:\/\/www.key-devices.com\/#website"},"primaryImageOfPage":{"@id":"https:\/\/www.key-devices.com\/product\/spark-3-smart-key-emulator-for-nissan-and-infiniti-2024\/#primaryimage"},"image":{"@id":"https:\/\/www.key-devices.com\/product\/spark-3-smart-key-emulator-for-nissan-and-infiniti-2024\/#primaryimage"},"thumbnailUrl":"https:\/\/www.key-devices.com\/wp-content\/uploads\/Spark-3-SMART-KEY-EMULATOR-For-Nissan-and-Infiniti-2024.jpg","datePublished":"2025-07-16T15:49:21+00:00","dateModified":"2025-09-15T13:36:51+00:00","description":"Programmeur cl\u00e9s de pour marque Nissan &amp; Infinity Keydevice \u00e0 prix d\u00e9fiant toute concurrence avec livraison pour toute l &#039; europe.","breadcrumb":{"@id":"https:\/\/www.key-devices.com\/product\/spark-3-smart-key-emulator-for-nissan-and-infiniti-2024\/#breadcrumb"},"inLanguage":"pl-PL","potentialAction":[{"@type":"ReadAction","target":["https:\/\/www.key-devices.com\/product\/spark-3-smart-key-emulator-for-nissan-and-infiniti-2024\/"]}]},{"@type":"ImageObject","inLanguage":"pl-PL","@id":"https:\/\/www.key-devices.com\/product\/spark-3-smart-key-emulator-for-nissan-and-infiniti-2024\/#primaryimage","url":"https:\/\/www.key-devices.com\/wp-content\/uploads\/Spark-3-SMART-KEY-EMULATOR-For-Nissan-and-Infiniti-2024.jpg","contentUrl":"https:\/\/www.key-devices.com\/wp-content\/uploads\/Spark-3-SMART-KEY-EMULATOR-For-Nissan-and-Infiniti-2024.jpg","width":1186,"height":555,"caption":"Spark-3 SMART KEY EMULATOR For Nissan and Infiniti 2024"},{"@type":"BreadcrumbList","@id":"https:\/\/www.key-devices.com\/product\/spark-3-smart-key-emulator-for-nissan-and-infiniti-2024\/#breadcrumb","itemListElement":[{"@type":"ListItem","position":1,"name":"Home","item":"https:\/\/www.key-devices.com\/"},{"@type":"ListItem","position":2,"name":"Shop","item":"https:\/\/www.key-devices.com\/shop\/"},{"@type":"ListItem","position":3,"name":"Spark-3 SMART KEY EMULATOR For Nissan and Infiniti 2024"}]},{"@type":"WebSite","@id":"https:\/\/www.key-devices.com\/#website","url":"https:\/\/www.key-devices.com\/","name":"S\u0141OWA URZ\u0104DZENIA","description":"","publisher":{"@id":"https:\/\/www.key-devices.com\/#organization"},"potentialAction":[{"@type":"SearchAction","target":{"@type":"EntryPoint","urlTemplate":"https:\/\/www.key-devices.com\/?s={search_term_string}"},"query-input":{"@type":"PropertyValueSpecification","valueRequired":true,"valueName":"search_term_string"}}],"inLanguage":"pl-PL"},{"@type":["Organization","Place"],"@id":"https:\/\/www.key-devices.com\/#organization","name":"S\u0142owa urz\u0105dzenia","url":"https:\/\/www.key-devices.com\/","logo":{"@id":"https:\/\/www.key-devices.com\/product\/spark-3-smart-key-emulator-for-nissan-and-infiniti-2024\/#local-main-organization-logo"},"image":{"@id":"https:\/\/www.key-devices.com\/product\/spark-3-smart-key-emulator-for-nissan-and-infiniti-2024\/#local-main-organization-logo"},"legalName":"Key Devices","telephone":[],"openingHoursSpecification":[{"@type":"OpeningHoursSpecification","dayOfWeek":["Monday","Tuesday","Wednesday","Thursday","Friday","Saturday","Sunday"],"opens":"09:00","closes":"17:00"}]},{"@type":"ImageObject","inLanguage":"pl-PL","@id":"https:\/\/www.key-devices.com\/product\/spark-3-smart-key-emulator-for-nissan-and-infiniti-2024\/#local-main-organization-logo","url":"https:\/\/www.key-devices.com\/wp-content\/uploads\/cropped-Key-Devices-Logo-official-.png","contentUrl":"https:\/\/www.key-devices.com\/wp-content\/uploads\/cropped-Key-Devices-Logo-official-.png","width":512,"height":512,"caption":"Key Devices"}]},"product_price_currency":"EUR","og_availability":"instock","product_availability":"instock","product_retailer_item_id":"2719-1","product_condition":"new"},"jetpack_sharing_enabled":true,"_links":{"self":[{"href":"https:\/\/www.key-devices.com\/pl\/wp-json\/wp\/v2\/product\/11045","targetHints":{"allow":["GET"]}}],"collection":[{"href":"https:\/\/www.key-devices.com\/pl\/wp-json\/wp\/v2\/product"}],"about":[{"href":"https:\/\/www.key-devices.com\/pl\/wp-json\/wp\/v2\/types\/product"}],"replies":[{"embeddable":true,"href":"https:\/\/www.key-devices.com\/pl\/wp-json\/wp\/v2\/comments?post=11045"}],"wp:featuredmedia":[{"embeddable":true,"href":"https:\/\/www.key-devices.com\/pl\/wp-json\/wp\/v2\/media\/11284"}],"wp:attachment":[{"href":"https:\/\/www.key-devices.com\/pl\/wp-json\/wp\/v2\/media?parent=11045"}],"wp:term":[{"taxonomy":"product_brand","embeddable":true,"href":"https:\/\/www.key-devices.com\/pl\/wp-json\/wp\/v2\/product_brand?post=11045"},{"taxonomy":"product_cat","embeddable":true,"href":"https:\/\/www.key-devices.com\/pl\/wp-json\/wp\/v2\/product_cat?post=11045"},{"taxonomy":"product_tag","embeddable":true,"href":"https:\/\/www.key-devices.com\/pl\/wp-json\/wp\/v2\/product_tag?post=11045"},{"taxonomy":"vehicles","embeddable":true,"href":"https:\/\/www.key-devices.com\/pl\/wp-json\/wp\/v2\/vehicles?post=11045"}],"curies":[{"name":"wp","href":"https:\/\/api.w.org\/{rel}","templated":true}]}}