{"id":11048,"date":"2025-07-16T18:12:17","date_gmt":"2025-07-16T16:12:17","guid":{"rendered":"https:\/\/www.key-devices.com\/?post_type=product&#038;p=11048"},"modified":"2025-07-28T13:22:45","modified_gmt":"2025-07-28T11:22:45","slug":"mrs-mercedes-2010-2025","status":"publish","type":"product","link":"https:\/\/www.key-devices.com\/pl\/product\/mrs-mercedes-2010-2025\/","title":{"rendered":"PANI Mercedes 2010-2025"},"content":{"rendered":"<h1 class=\"product_title entry-title\" style=\"text-align: center;\">PANI Mercedes 2010-2025<\/h1>\n<p>&nbsp;<\/p>\n<ul>\n<li >Urz\u0105dzenie skanuje klucz za pomoc\u0105 systemu Keyless-GO, zapami\u0119tuje kody i podaje samochodu komendy na wy\u0142\u0105czenie czuwania i otwarcie, uzbrajanie i zamykanie. Wsp\u00f3\u0142pracuje ze wszystkimi samochodami z<\/li>\n<li >System KeylessGO i cz\u0119stotliwo\u015bci kluczowych kana\u0142\u00f3w radiowych 433 Mhz i 315 Mhz z 2010 roku.<\/li>\n<li >Liczba skanowanych kod\u00f3w \u2013 10 (otwieraj\u0105 si\u0119 5 razy i zamykaj\u0105 si\u0119 5 razy)<\/li>\n<li >Dla systemu FBS4 urz\u0105dzenie dzia\u0142a jak pilot zdalnego sterowania.<\/li>\n<li >Dla systemu FBS3 \u2013 urz\u0105dzenie dzia\u0142a tylko z systemem Keyless-GO (wymaga dotyka\u0107 klamki)<\/li>\n<li >Wa\u017cne! Je\u015bli po zako\u0144czeniu skanowania klucza i wprowadzania kod\u00f3w otwierania\/zamykania samochodu by\u0142 u\u017cywany oryginalny klucz, to zeskanowane kody w urz\u0105dzeniu staj\u0105 si\u0119 bez znaczenia i wymaga nowy skan klucza.<\/li>\n<\/ul>\n<div dir=\"ltr\">\n<p>&nbsp;<\/p>\n<\/div>\n<p>&nbsp;<\/p>\n<p ><strong><span style=\"color: #ff0000;\">* NASZE URZ\u0104DZENIA S\u0104 SPRZEDAWANE WY\u0141\u0104CZNIE DO U\u017bYTKU S\u0141U\u017bBOWEGO I PRYWATNEGO. NIE PONOSIMY ODPOWIEDZIALNO\u015aCI ZA OSZUSTWA LUB NIELEGALNE U\u017bYCIE SPRZEDANEGO SPRZ\u0118TU.<\/span><\/strong><\/p>","protected":false},"excerpt":{"rendered":"<p>MRS Mercedes 2010-2025 &nbsp; The device scans the key with the Keyless-GO system, remembers the codes and gives the car commands to disarm and open, arm and close. Works with all cars with KeylessGO system and frequencies of key radio channels 433Mhz and 315Mhz since 2010. Number of scanned codes \u2013 10 (open 5 times [&hellip;]<\/p>","protected":false},"featured_media":11049,"comment_status":"open","ping_status":"closed","template":"","meta":{"_monsterinsights_skip_tracking":false,"_monsterinsights_sitenote_active":false,"_monsterinsights_sitenote_note":"","_monsterinsights_sitenote_category":0},"product_brand":[1180],"product_cat":[518],"product_tag":[1186,1184,1185,1187],"vehicles":[],"class_list":{"0":"post-11048","1":"product","2":"type-product","3":"status-publish","4":"has-post-thumbnail","6":"product_brand-mercedes","7":"product_cat-crypto-grabbers","8":"product_tag-crypto-grabbers","9":"product_tag-mercedes-2010-2025","10":"product_tag-mercedes-2025","11":"product_tag-programmeur-cryptomonnaie","13":"first","14":"instock","15":"featured","16":"shipping-taxable","17":"product-type-simple"},"yoast_head":"<!-- This site is optimized with the Yoast SEO Premium plugin v25.5 (Yoast SEO v27.4) - https:\/\/yoast.com\/product\/yoast-seo-premium-wordpress\/ -->\n<title>MRS Mercedes 2010-2025<\/title>\n<meta name=\"description\" content=\"MRS Mercedes 2010-2025, l&#039;armementThe device scans the key with the Keyless-GO system, remembers the codes and gives the car commands to disarm\" \/>\n<meta name=\"robots\" content=\"index, follow, max-snippet:-1, max-image-preview:large, max-video-preview:-1\" \/>\n<link rel=\"canonical\" href=\"https:\/\/www.key-devices.com\/pl\/product\/mrs-mercedes-2010-2025\/\" \/>\n<meta property=\"og:locale\" content=\"pl_PL\" \/>\n<meta property=\"og:type\" content=\"article\" \/>\n<meta property=\"og:title\" content=\"MRS Mercedes 2010-2025\" \/>\n<meta property=\"og:description\" content=\"MRS Mercedes 2010-2025, l&#039;armementThe device scans the key with the Keyless-GO system, remembers the codes and gives the car commands to disarm\" \/>\n<meta property=\"og:url\" content=\"https:\/\/www.key-devices.com\/pl\/product\/mrs-mercedes-2010-2025\/\" \/>\n<meta property=\"og:site_name\" content=\"KEY DEVICES\" \/>\n<meta property=\"article:modified_time\" content=\"2025-07-28T11:22:45+00:00\" \/>\n<meta property=\"og:image\" content=\"https:\/\/www.key-devices.com\/wp-content\/uploads\/MRS-Mercedes-2010-2025.jpeg\" \/>\n\t<meta property=\"og:image:width\" content=\"168\" \/>\n\t<meta property=\"og:image:height\" content=\"300\" \/>\n\t<meta property=\"og:image:type\" content=\"image\/jpeg\" \/>\n<meta name=\"twitter:card\" content=\"summary_large_image\" \/>\n<meta name=\"twitter:label1\" content=\"Cena\" \/>\n\t<meta name=\"twitter:data1\" content=\"\" \/>\n\t<meta name=\"twitter:label2\" content=\"Dost\u0119pno\u015b\u0107\" \/>\n\t<meta name=\"twitter:data2\" content=\"Dost\u0119pny\" \/>\n<script type=\"application\/ld+json\" class=\"yoast-schema-graph\">{\"@context\":\"https:\\\/\\\/schema.org\",\"@graph\":[{\"@type\":\"WebPage\",\"@id\":\"https:\\\/\\\/www.key-devices.com\\\/product\\\/mrs-mercedes-2010-2025\\\/\",\"url\":\"https:\\\/\\\/www.key-devices.com\\\/product\\\/mrs-mercedes-2010-2025\\\/\",\"name\":\"MRS Mercedes 2010-2025\",\"isPartOf\":{\"@id\":\"https:\\\/\\\/www.key-devices.com\\\/#website\"},\"primaryImageOfPage\":{\"@id\":\"https:\\\/\\\/www.key-devices.com\\\/product\\\/mrs-mercedes-2010-2025\\\/#primaryimage\"},\"image\":{\"@id\":\"https:\\\/\\\/www.key-devices.com\\\/product\\\/mrs-mercedes-2010-2025\\\/#primaryimage\"},\"thumbnailUrl\":\"https:\\\/\\\/www.key-devices.com\\\/wp-content\\\/uploads\\\/MRS-Mercedes-2010-2025.jpeg\",\"datePublished\":\"2025-07-16T16:12:17+00:00\",\"dateModified\":\"2025-07-28T11:22:45+00:00\",\"description\":\"MRS Mercedes 2010-2025, l'armementThe device scans the key with the Keyless-GO system, remembers the codes and gives the car commands to disarm\",\"breadcrumb\":{\"@id\":\"https:\\\/\\\/www.key-devices.com\\\/product\\\/mrs-mercedes-2010-2025\\\/#breadcrumb\"},\"inLanguage\":\"pl-PL\",\"potentialAction\":[{\"@type\":\"ReadAction\",\"target\":[\"https:\\\/\\\/www.key-devices.com\\\/product\\\/mrs-mercedes-2010-2025\\\/\"]}]},{\"@type\":\"ImageObject\",\"inLanguage\":\"pl-PL\",\"@id\":\"https:\\\/\\\/www.key-devices.com\\\/product\\\/mrs-mercedes-2010-2025\\\/#primaryimage\",\"url\":\"https:\\\/\\\/www.key-devices.com\\\/wp-content\\\/uploads\\\/MRS-Mercedes-2010-2025.jpeg\",\"contentUrl\":\"https:\\\/\\\/www.key-devices.com\\\/wp-content\\\/uploads\\\/MRS-Mercedes-2010-2025.jpeg\",\"width\":168,\"height\":300,\"caption\":\"MRS Mercedes 2010-2025\"},{\"@type\":\"BreadcrumbList\",\"@id\":\"https:\\\/\\\/www.key-devices.com\\\/product\\\/mrs-mercedes-2010-2025\\\/#breadcrumb\",\"itemListElement\":[{\"@type\":\"ListItem\",\"position\":1,\"name\":\"Home\",\"item\":\"https:\\\/\\\/www.key-devices.com\\\/\"},{\"@type\":\"ListItem\",\"position\":2,\"name\":\"Shop\",\"item\":\"https:\\\/\\\/www.key-devices.com\\\/shop\\\/\"},{\"@type\":\"ListItem\",\"position\":3,\"name\":\"MRS Mercedes 2010-2025\"}]},{\"@type\":\"WebSite\",\"@id\":\"https:\\\/\\\/www.key-devices.com\\\/#website\",\"url\":\"https:\\\/\\\/www.key-devices.com\\\/\",\"name\":\"KEY DEVICES\",\"description\":\"\",\"publisher\":{\"@id\":\"https:\\\/\\\/www.key-devices.com\\\/#organization\"},\"potentialAction\":[{\"@type\":\"SearchAction\",\"target\":{\"@type\":\"EntryPoint\",\"urlTemplate\":\"https:\\\/\\\/www.key-devices.com\\\/?s={search_term_string}\"},\"query-input\":{\"@type\":\"PropertyValueSpecification\",\"valueRequired\":true,\"valueName\":\"search_term_string\"}}],\"inLanguage\":\"pl-PL\"},{\"@type\":[\"Organization\",\"Place\"],\"@id\":\"https:\\\/\\\/www.key-devices.com\\\/#organization\",\"name\":\"Key Devices\",\"url\":\"https:\\\/\\\/www.key-devices.com\\\/\",\"logo\":{\"@id\":\"https:\\\/\\\/www.key-devices.com\\\/product\\\/mrs-mercedes-2010-2025\\\/#local-main-organization-logo\"},\"image\":{\"@id\":\"https:\\\/\\\/www.key-devices.com\\\/product\\\/mrs-mercedes-2010-2025\\\/#local-main-organization-logo\"},\"legalName\":\"Key Devices\",\"telephone\":[],\"openingHoursSpecification\":[{\"@type\":\"OpeningHoursSpecification\",\"dayOfWeek\":[\"Monday\",\"Tuesday\",\"Wednesday\",\"Thursday\",\"Friday\",\"Saturday\",\"Sunday\"],\"opens\":\"09:00\",\"closes\":\"17:00\"}]},{\"@type\":\"ImageObject\",\"inLanguage\":\"pl-PL\",\"@id\":\"https:\\\/\\\/www.key-devices.com\\\/product\\\/mrs-mercedes-2010-2025\\\/#local-main-organization-logo\",\"url\":\"https:\\\/\\\/www.key-devices.com\\\/wp-content\\\/uploads\\\/cropped-Key-Devices-Logo-official-.png\",\"contentUrl\":\"https:\\\/\\\/www.key-devices.com\\\/wp-content\\\/uploads\\\/cropped-Key-Devices-Logo-official-.png\",\"width\":512,\"height\":512,\"caption\":\"Key Devices\"}]}<\/script>\n<meta property=\"product:price:currency\" content=\"EUR\" \/>\n<meta property=\"og:availability\" content=\"instock\" \/>\n<meta property=\"product:availability\" content=\"instock\" \/>\n<meta property=\"product:retailer_item_id\" content=\"2719-1-1\" \/>\n<meta property=\"product:condition\" content=\"new\" \/>\n<!-- \/ Yoast SEO Premium plugin. -->","yoast_head_json":{"title":"PANI Mercedes 2010-2025","description":"PANI Mercedes 2010-2025, \u0412\u043e\u043e\u0440\u0443\u0436\u0435\u043d\u0438\u0435\u0443\u0441\u0442\u0440\u043e\u0439\u0441\u0442\u0432\u043e przeskanuje klucz za pomoc\u0105 systemu Keyless-GO, zapami\u0119tuje kody i podaje samochodu komendy na wy\u0142\u0105czenie czuwania","robots":{"index":"index","follow":"follow","max-snippet":"max-snippet:-1","max-image-preview":"max-image-preview:large","max-video-preview":"max-video-preview:-1"},"canonical":"https:\/\/www.key-devices.com\/pl\/product\/mrs-mercedes-2010-2025\/","og_locale":"pl_PL","og_type":"article","og_title":"MRS Mercedes 2010-2025","og_description":"MRS Mercedes 2010-2025, l'armementThe device scans the key with the Keyless-GO system, remembers the codes and gives the car commands to disarm","og_url":"https:\/\/www.key-devices.com\/pl\/product\/mrs-mercedes-2010-2025\/","og_site_name":"KEY DEVICES","article_modified_time":"2025-07-28T11:22:45+00:00","og_image":[{"width":168,"height":300,"url":"https:\/\/www.key-devices.com\/wp-content\/uploads\/MRS-Mercedes-2010-2025.jpeg","type":"image\/jpeg"}],"twitter_card":"summary_large_image","twitter_misc":{"Cena":"","Dost\u0119pno\u015b\u0107":"Dost\u0119pny"},"schema":{"@context":"https:\/\/schema.org","@graph":[{"@type":"WebPage","@id":"https:\/\/www.key-devices.com\/product\/mrs-mercedes-2010-2025\/","url":"https:\/\/www.key-devices.com\/product\/mrs-mercedes-2010-2025\/","name":"PANI Mercedes 2010-2025","isPartOf":{"@id":"https:\/\/www.key-devices.com\/#website"},"primaryImageOfPage":{"@id":"https:\/\/www.key-devices.com\/product\/mrs-mercedes-2010-2025\/#primaryimage"},"image":{"@id":"https:\/\/www.key-devices.com\/product\/mrs-mercedes-2010-2025\/#primaryimage"},"thumbnailUrl":"https:\/\/www.key-devices.com\/wp-content\/uploads\/MRS-Mercedes-2010-2025.jpeg","datePublished":"2025-07-16T16:12:17+00:00","dateModified":"2025-07-28T11:22:45+00:00","description":"PANI Mercedes 2010-2025, \u0412\u043e\u043e\u0440\u0443\u0436\u0435\u043d\u0438\u0435\u0443\u0441\u0442\u0440\u043e\u0439\u0441\u0442\u0432\u043e przeskanuje klucz za pomoc\u0105 systemu Keyless-GO, zapami\u0119tuje kody i podaje samochodu komendy na wy\u0142\u0105czenie czuwania","breadcrumb":{"@id":"https:\/\/www.key-devices.com\/product\/mrs-mercedes-2010-2025\/#breadcrumb"},"inLanguage":"pl-PL","potentialAction":[{"@type":"ReadAction","target":["https:\/\/www.key-devices.com\/product\/mrs-mercedes-2010-2025\/"]}]},{"@type":"ImageObject","inLanguage":"pl-PL","@id":"https:\/\/www.key-devices.com\/product\/mrs-mercedes-2010-2025\/#primaryimage","url":"https:\/\/www.key-devices.com\/wp-content\/uploads\/MRS-Mercedes-2010-2025.jpeg","contentUrl":"https:\/\/www.key-devices.com\/wp-content\/uploads\/MRS-Mercedes-2010-2025.jpeg","width":168,"height":300,"caption":"MRS Mercedes 2010-2025"},{"@type":"BreadcrumbList","@id":"https:\/\/www.key-devices.com\/product\/mrs-mercedes-2010-2025\/#breadcrumb","itemListElement":[{"@type":"ListItem","position":1,"name":"Home","item":"https:\/\/www.key-devices.com\/"},{"@type":"ListItem","position":2,"name":"Shop","item":"https:\/\/www.key-devices.com\/shop\/"},{"@type":"ListItem","position":3,"name":"MRS Mercedes 2010-2025"}]},{"@type":"WebSite","@id":"https:\/\/www.key-devices.com\/#website","url":"https:\/\/www.key-devices.com\/","name":"S\u0141OWA URZ\u0104DZENIA","description":"","publisher":{"@id":"https:\/\/www.key-devices.com\/#organization"},"potentialAction":[{"@type":"SearchAction","target":{"@type":"EntryPoint","urlTemplate":"https:\/\/www.key-devices.com\/?s={search_term_string}"},"query-input":{"@type":"PropertyValueSpecification","valueRequired":true,"valueName":"search_term_string"}}],"inLanguage":"pl-PL"},{"@type":["Organization","Place"],"@id":"https:\/\/www.key-devices.com\/#organization","name":"S\u0142owa urz\u0105dzenia","url":"https:\/\/www.key-devices.com\/","logo":{"@id":"https:\/\/www.key-devices.com\/product\/mrs-mercedes-2010-2025\/#local-main-organization-logo"},"image":{"@id":"https:\/\/www.key-devices.com\/product\/mrs-mercedes-2010-2025\/#local-main-organization-logo"},"legalName":"Key Devices","telephone":[],"openingHoursSpecification":[{"@type":"OpeningHoursSpecification","dayOfWeek":["Monday","Tuesday","Wednesday","Thursday","Friday","Saturday","Sunday"],"opens":"09:00","closes":"17:00"}]},{"@type":"ImageObject","inLanguage":"pl-PL","@id":"https:\/\/www.key-devices.com\/product\/mrs-mercedes-2010-2025\/#local-main-organization-logo","url":"https:\/\/www.key-devices.com\/wp-content\/uploads\/cropped-Key-Devices-Logo-official-.png","contentUrl":"https:\/\/www.key-devices.com\/wp-content\/uploads\/cropped-Key-Devices-Logo-official-.png","width":512,"height":512,"caption":"Key Devices"}]},"product_price_currency":"EUR","og_availability":"instock","product_availability":"instock","product_retailer_item_id":"2719-1-1","product_condition":"new"},"jetpack_sharing_enabled":true,"_links":{"self":[{"href":"https:\/\/www.key-devices.com\/pl\/wp-json\/wp\/v2\/product\/11048","targetHints":{"allow":["GET"]}}],"collection":[{"href":"https:\/\/www.key-devices.com\/pl\/wp-json\/wp\/v2\/product"}],"about":[{"href":"https:\/\/www.key-devices.com\/pl\/wp-json\/wp\/v2\/types\/product"}],"replies":[{"embeddable":true,"href":"https:\/\/www.key-devices.com\/pl\/wp-json\/wp\/v2\/comments?post=11048"}],"wp:featuredmedia":[{"embeddable":true,"href":"https:\/\/www.key-devices.com\/pl\/wp-json\/wp\/v2\/media\/11049"}],"wp:attachment":[{"href":"https:\/\/www.key-devices.com\/pl\/wp-json\/wp\/v2\/media?parent=11048"}],"wp:term":[{"taxonomy":"product_brand","embeddable":true,"href":"https:\/\/www.key-devices.com\/pl\/wp-json\/wp\/v2\/product_brand?post=11048"},{"taxonomy":"product_cat","embeddable":true,"href":"https:\/\/www.key-devices.com\/pl\/wp-json\/wp\/v2\/product_cat?post=11048"},{"taxonomy":"product_tag","embeddable":true,"href":"https:\/\/www.key-devices.com\/pl\/wp-json\/wp\/v2\/product_tag?post=11048"},{"taxonomy":"vehicles","embeddable":true,"href":"https:\/\/www.key-devices.com\/pl\/wp-json\/wp\/v2\/vehicles?post=11048"}],"curies":[{"name":"wp","href":"https:\/\/api.w.org\/{rel}","templated":true}]}}