{"id":11195,"date":"2025-09-09T10:37:42","date_gmt":"2025-09-09T08:37:42","guid":{"rendered":"https:\/\/www.key-devices.com\/?post_type=product&#038;p=11195"},"modified":"2025-09-09T11:17:59","modified_gmt":"2025-09-09T09:17:59","slug":"volvo-trucks-immobilizer","status":"publish","type":"product","link":"https:\/\/www.key-devices.com\/pl\/product\/volvo-trucks-immobilizer\/","title":{"rendered":"Immobilizer VOLVO TRUCKS"},"content":{"rendered":"<h1 style=\"text-align: center;\">Immobilizer VOLVO TRUCKS<\/h1>\n<p>&nbsp;<\/p>\n<p>Urz\u0105dzenie umo\u017cliwia w\u0142\u0105czanie i WY\u0141\u0104CZANIE funkcji immobilizer w samochodach ci\u0119\u017carowych na podstawie<br \/>\nPlatformie VOLVO, nawet je\u015bli wszystkie klucze utracone. Przy wy\u0142\u0105czonym \u0438\u043c\u043c\u043e\u0431\u0438\u043b\u0430\u0439\u0437\u0435\u0440\u0435 silnik mo\u017ce by\u0107<br \/>\nby\u0142 uruchamiany z dowolnego klucza.<br \/>\nUrz\u0105dzenie nie jest przeznaczone do nielegalnych dzia\u0142a\u0144!<br \/>\nObs\u0142ugiwane modele (z systemem ios do 2023.01.25):<\/p>\n<ul>\n<li>\u00a0FH4\/FM4<\/li>\n<li>\u00a0Autobusy VOLVO<\/li>\n<li>\u00a0Maszyny budowlane VOLVO\/PENTA<\/li>\n<li>\u00a0Ci\u0119\u017car\u00f3wki Renault<\/li>\n<li>\u00a0VOLVO UD<\/li>\n<\/ul>\n<p>Zastosowane skr\u00f3ty:<\/p>\n<ul>\n<li>\u00a0ECU \u2013 Elektroniczna Jednostka steruj\u0105ca<\/li>\n<li>\u00a0DB \u2013 Baza danych<\/li>\n<\/ul>\n<h2 style=\"text-align: center;\">\nWersja DB ECU: 2023.01.25<\/h2>\n<p>Jak wybra\u0107 tryb pracy:<\/p>\n<p>1. 2. 3. 4. Pod\u0142\u0105cz urz\u0105dzenie do portu USB KOMPUTERA, na kt\u00f3rym zainstalowany jest system operacyjny Windows 10 lub 11.<br \/>\nWindows rozpoznaje go jako nowy dysk. Otw\u00f3rz go i uruchom IMMO.exe narz\u0119dzia.<br \/>\nWybierz IMMO W\u0141. lub IMMO OFF.<br \/>\nKliknij przycisk ZAPISZ i zamknij program \u2013 urz\u0105dzenie jest gotowe do pracy w wybranym trybie.<br \/>\nKonfigurowanie ustawie\u0144 immobilizer:<br \/>\n1. Pod\u0142\u0105cz urz\u0105dzenie do OBD-z\u0142\u0105cze.<br \/>\n2. Urz\u0105dzenie wyda kr\u00f3tki sygna\u0142 d\u017awi\u0119kowy, po kt\u00f3rym nast\u0105pi miga ZIELONA dioda led.<br \/>\n3. W zale\u017cno\u015bci od wybranego trybu urz\u0105dzenie b\u0119dzie w\u0142\u0105czy\u0107 lub wy\u0142\u0105czy\u0107 immobilizera. Procedura trwa<br \/>\noko\u0142o 1 minuta.<br \/>\n4. Je\u015bli procedura zako\u0144czy si\u0119 pomy\u015blnie, na urz\u0105dzeniu zapali si\u0119 ZIELONA dioda, a za nim d\u0142ugim sygna\u0142em d\u017awi\u0119kowym.<\/p>\n<h2 style=\"text-align: center;\">\nAktualizacja urz\u0105dzenia:<\/h2>\n<p>1. 2. 3. Aby otrzymywa\u0107 aktualizacje, prosz\u0119, prze\u015blij nam swoje informacje.Plik tekstowy z urz\u0105dzenia.<br \/>\nWklej plik, kt\u00f3ry otrzyma\u0142e\u015b od nas w urz\u0105dzenie<br \/>\nOd\u0142\u0105cz i pod\u0142\u0105cz urz\u0105dzenie do portu USB KOMPUTERA, aby zako\u0144czy\u0107 procedur\u0119 aktualizacji.<br \/>\nWskazanie b\u0142\u0119du:<br \/>\nliczba.<\/p>\n<p>D\u0142ugi sygna\u0142 d\u017awi\u0119kowy + kilka kr\u00f3tkich sygna\u0142\u00f3w. ILO\u015a\u0106 KR\u00d3TKICH SYGNA\u0141\u00d3W wskazuje na b\u0142\u0105d<br \/>\n1. 2. 3. 4. 5. 6. Jeden z blok\u00f3w sterowania przerwa\u0142 procedur\u0119 programowania.<br \/>\nInformacje o ECU nie znaleziono w bazie danych.<br \/>\nUszkodzony krypto-klucz w pami\u0119ci urz\u0105dzenia.<br \/>\nUrz\u0105dzenie nie mo\u017ce otworzy\u0107 baz\u0119 danych (parametr.bin) \u2013 plik danych nie znaleziono (zgubiony lub uszkodzony).<br \/>\nWewn\u0119trzny zegar urz\u0105dzenia maj\u0105 niepoprawn\u0105 warto\u015b\u0107.<br \/>\nNikt z ECU nie odbiera\u0142 telefonu urz\u0105dzenia.<\/p>\n<p>&nbsp;<\/p>\n<p><span style=\"color: #ff0000;\">* NASZE URZ\u0104DZENIA S\u0104 SPRZEDAWANE WY\u0141\u0104CZNIE DO U\u017bYTKU S\u0141U\u017bBOWEGO I PRYWATNEGO. NIE PONOSIMY ODPOWIEDZIALNO\u015aCI ZA OSZUSTWA LUB NIELEGALNE U\u017bYCIE SPRZEDANEGO SPRZ\u0118TU.<\/span><\/p>","protected":false},"excerpt":{"rendered":"<p>Urz\u0105dzenie umo\u017cliwia w\u0142\u0105czanie i WY\u0141\u0104CZANIE funkcji immobilizer w samochodach ci\u0119\u017carowych na podstawie<br \/>\nPlatformie VOLVO, nawet je\u015bli wszystkie klucze utracone. Przy wy\u0142\u0105czonym \u0438\u043c\u043c\u043e\u0431\u0438\u043b\u0430\u0439\u0437\u0435\u0440\u0435 silnik mo\u017ce by\u0107<br \/>\nby\u0142 uruchamiany z dowolnego klucza.<br \/>\nUrz\u0105dzenie nie jest przeznaczone do nielegalnych dzia\u0142a\u0144!<br \/>\nObs\u0142ugiwane modele (z systemem ios do 2023.01.25):<\/p>\n<ul>\n<li>\u00a0FH4\/FM4<\/li>\n<li>\u00a0Autobusy VOLVO<\/li>\n<li>\u00a0Maszyny budowlane VOLVO\/PENTA<\/li>\n<li>\u00a0Ci\u0119\u017car\u00f3wki Renault<\/li>\n<li>\u00a0VOLVO UD<\/li>\n<\/ul>\n<p>Zastosowane skr\u00f3ty:<\/p>\n<ul>\n<li>\u00a0ECU \u2013 Elektroniczna Jednostka steruj\u0105ca<\/li>\n<li>\u00a0DB \u2013 Baza danych<\/li>\n<\/ul>","protected":false},"featured_media":11196,"comment_status":"open","ping_status":"closed","template":"","meta":{"_monsterinsights_skip_tracking":false,"_monsterinsights_sitenote_active":false,"_monsterinsights_sitenote_note":"","_monsterinsights_sitenote_category":0},"product_brand":[1163,1205],"product_cat":[516],"product_tag":[1206,1209,1207,1210,1208],"vehicles":[],"class_list":{"0":"post-11195","1":"product","2":"type-product","3":"status-publish","4":"has-post-thumbnail","6":"product_brand-renault","7":"product_brand-volvo","8":"product_cat-key-programmer","9":"product_tag-fh4-fm4","10":"product_tag-renault-trucks","11":"product_tag-volvo-buses","12":"product_tag-volvo-ud-trucks","13":"product_tag-volvo-penta-building-machinery","15":"first","16":"instock","17":"featured","18":"shipping-taxable","19":"product-type-simple"},"yoast_head":"<!-- This site is optimized with the Yoast SEO Premium plugin v25.5 (Yoast SEO v27.4) - https:\/\/yoast.com\/product\/yoast-seo-premium-wordpress\/ -->\n<title>Volvo Trucks Immobilizer Programmer - Discount Price<\/title>\n<meta name=\"description\" content=\"Volvo Trucks Immobilizer Programmer, the device allows you to turn ON and OFF the immobilizer functions in trucks based on theVOLVO platform...\" \/>\n<meta name=\"robots\" content=\"index, follow, max-snippet:-1, max-image-preview:large, max-video-preview:-1\" \/>\n<link rel=\"canonical\" href=\"https:\/\/www.key-devices.com\/pl\/product\/volvo-trucks-immobilizer\/\" \/>\n<meta property=\"og:locale\" content=\"pl_PL\" \/>\n<meta property=\"og:type\" content=\"article\" \/>\n<meta property=\"og:title\" content=\"VOLVO TRUCKS Immobilizer\" \/>\n<meta property=\"og:description\" content=\"Volvo Trucks Immobilizer Programmer, the device allows you to turn ON and OFF the immobilizer functions in trucks based on theVOLVO platform...\" \/>\n<meta property=\"og:url\" content=\"https:\/\/www.key-devices.com\/pl\/product\/volvo-trucks-immobilizer\/\" \/>\n<meta property=\"og:site_name\" content=\"KEY DEVICES\" \/>\n<meta property=\"article:modified_time\" content=\"2025-09-09T09:17:59+00:00\" \/>\n<meta property=\"og:image\" content=\"https:\/\/www.key-devices.com\/wp-content\/uploads\/Volvo-Trucks-Immobilizer-Programmer.jpg\" \/>\n\t<meta property=\"og:image:width\" content=\"611\" \/>\n\t<meta property=\"og:image:height\" content=\"489\" \/>\n\t<meta property=\"og:image:type\" content=\"image\/jpeg\" \/>\n<meta name=\"twitter:card\" content=\"summary_large_image\" \/>\n<meta name=\"twitter:label1\" content=\"Cena\" \/>\n\t<meta name=\"twitter:data1\" content=\"\" \/>\n\t<meta name=\"twitter:label2\" content=\"Dost\u0119pno\u015b\u0107\" \/>\n\t<meta name=\"twitter:data2\" content=\"Dost\u0119pny\" \/>\n<script type=\"application\/ld+json\" class=\"yoast-schema-graph\">{\"@context\":\"https:\\\/\\\/schema.org\",\"@graph\":[{\"@type\":\"WebPage\",\"@id\":\"https:\\\/\\\/www.key-devices.com\\\/product\\\/volvo-trucks-immobilizer\\\/\",\"url\":\"https:\\\/\\\/www.key-devices.com\\\/product\\\/volvo-trucks-immobilizer\\\/\",\"name\":\"Volvo Trucks Immobilizer Programmer - Discount Price\",\"isPartOf\":{\"@id\":\"https:\\\/\\\/www.key-devices.com\\\/#website\"},\"primaryImageOfPage\":{\"@id\":\"https:\\\/\\\/www.key-devices.com\\\/product\\\/volvo-trucks-immobilizer\\\/#primaryimage\"},\"image\":{\"@id\":\"https:\\\/\\\/www.key-devices.com\\\/product\\\/volvo-trucks-immobilizer\\\/#primaryimage\"},\"thumbnailUrl\":\"https:\\\/\\\/www.key-devices.com\\\/wp-content\\\/uploads\\\/Volvo-Trucks-Immobilizer-Programmer.jpg\",\"datePublished\":\"2025-09-09T08:37:42+00:00\",\"dateModified\":\"2025-09-09T09:17:59+00:00\",\"description\":\"Volvo Trucks Immobilizer Programmer, the device allows you to turn ON and OFF the immobilizer functions in trucks based on theVOLVO platform...\",\"breadcrumb\":{\"@id\":\"https:\\\/\\\/www.key-devices.com\\\/product\\\/volvo-trucks-immobilizer\\\/#breadcrumb\"},\"inLanguage\":\"pl-PL\",\"potentialAction\":[{\"@type\":\"ReadAction\",\"target\":[\"https:\\\/\\\/www.key-devices.com\\\/product\\\/volvo-trucks-immobilizer\\\/\"]}]},{\"@type\":\"ImageObject\",\"inLanguage\":\"pl-PL\",\"@id\":\"https:\\\/\\\/www.key-devices.com\\\/product\\\/volvo-trucks-immobilizer\\\/#primaryimage\",\"url\":\"https:\\\/\\\/www.key-devices.com\\\/wp-content\\\/uploads\\\/Volvo-Trucks-Immobilizer-Programmer.jpg\",\"contentUrl\":\"https:\\\/\\\/www.key-devices.com\\\/wp-content\\\/uploads\\\/Volvo-Trucks-Immobilizer-Programmer.jpg\",\"width\":611,\"height\":489,\"caption\":\"Volvo Trucks Immobilizer Programmer\"},{\"@type\":\"BreadcrumbList\",\"@id\":\"https:\\\/\\\/www.key-devices.com\\\/product\\\/volvo-trucks-immobilizer\\\/#breadcrumb\",\"itemListElement\":[{\"@type\":\"ListItem\",\"position\":1,\"name\":\"Home\",\"item\":\"https:\\\/\\\/www.key-devices.com\\\/\"},{\"@type\":\"ListItem\",\"position\":2,\"name\":\"Shop\",\"item\":\"https:\\\/\\\/www.key-devices.com\\\/shop\\\/\"},{\"@type\":\"ListItem\",\"position\":3,\"name\":\"VOLVO TRUCKS Immobilizer\"}]},{\"@type\":\"WebSite\",\"@id\":\"https:\\\/\\\/www.key-devices.com\\\/#website\",\"url\":\"https:\\\/\\\/www.key-devices.com\\\/\",\"name\":\"KEY DEVICES\",\"description\":\"\",\"publisher\":{\"@id\":\"https:\\\/\\\/www.key-devices.com\\\/#organization\"},\"potentialAction\":[{\"@type\":\"SearchAction\",\"target\":{\"@type\":\"EntryPoint\",\"urlTemplate\":\"https:\\\/\\\/www.key-devices.com\\\/?s={search_term_string}\"},\"query-input\":{\"@type\":\"PropertyValueSpecification\",\"valueRequired\":true,\"valueName\":\"search_term_string\"}}],\"inLanguage\":\"pl-PL\"},{\"@type\":[\"Organization\",\"Place\"],\"@id\":\"https:\\\/\\\/www.key-devices.com\\\/#organization\",\"name\":\"Key Devices\",\"url\":\"https:\\\/\\\/www.key-devices.com\\\/\",\"logo\":{\"@id\":\"https:\\\/\\\/www.key-devices.com\\\/product\\\/volvo-trucks-immobilizer\\\/#local-main-organization-logo\"},\"image\":{\"@id\":\"https:\\\/\\\/www.key-devices.com\\\/product\\\/volvo-trucks-immobilizer\\\/#local-main-organization-logo\"},\"legalName\":\"Key Devices\",\"telephone\":[],\"openingHoursSpecification\":[{\"@type\":\"OpeningHoursSpecification\",\"dayOfWeek\":[\"Monday\",\"Tuesday\",\"Wednesday\",\"Thursday\",\"Friday\",\"Saturday\",\"Sunday\"],\"opens\":\"09:00\",\"closes\":\"17:00\"}]},{\"@type\":\"ImageObject\",\"inLanguage\":\"pl-PL\",\"@id\":\"https:\\\/\\\/www.key-devices.com\\\/product\\\/volvo-trucks-immobilizer\\\/#local-main-organization-logo\",\"url\":\"https:\\\/\\\/www.key-devices.com\\\/wp-content\\\/uploads\\\/cropped-Key-Devices-Logo-official-.png\",\"contentUrl\":\"https:\\\/\\\/www.key-devices.com\\\/wp-content\\\/uploads\\\/cropped-Key-Devices-Logo-official-.png\",\"width\":512,\"height\":512,\"caption\":\"Key Devices\"}]}<\/script>\n<meta property=\"product:price:currency\" content=\"EUR\" \/>\n<meta property=\"og:availability\" content=\"instock\" \/>\n<meta property=\"product:availability\" content=\"instock\" \/>\n<meta property=\"product:retailer_item_id\" content=\"2784\" \/>\n<meta property=\"product:condition\" content=\"new\" \/>\n<!-- \/ Yoast SEO Premium plugin. -->","yoast_head_json":{"title":"Programator Immobilizer Volvo Trucks - Cena Z rabatem","description":"Programator immobilizer Volvo Trucks - urz\u0105dzenie, kt\u00f3re umo\u017cliwia w\u0142\u0105czanie i WY\u0141\u0104CZANIE funkcji immobilizer w samochodach ci\u0119\u017carowych na platformie Volvo...","robots":{"index":"index","follow":"follow","max-snippet":"max-snippet:-1","max-image-preview":"max-image-preview:large","max-video-preview":"max-video-preview:-1"},"canonical":"https:\/\/www.key-devices.com\/pl\/product\/volvo-trucks-immobilizer\/","og_locale":"pl_PL","og_type":"article","og_title":"VOLVO TRUCKS Immobilizer","og_description":"Volvo Trucks Immobilizer Programmer, the device allows you to turn ON and OFF the immobilizer functions in trucks based on theVOLVO platform...","og_url":"https:\/\/www.key-devices.com\/pl\/product\/volvo-trucks-immobilizer\/","og_site_name":"KEY DEVICES","article_modified_time":"2025-09-09T09:17:59+00:00","og_image":[{"width":611,"height":489,"url":"https:\/\/www.key-devices.com\/wp-content\/uploads\/Volvo-Trucks-Immobilizer-Programmer.jpg","type":"image\/jpeg"}],"twitter_card":"summary_large_image","twitter_misc":{"Cena":"","Dost\u0119pno\u015b\u0107":"Dost\u0119pny"},"schema":{"@context":"https:\/\/schema.org","@graph":[{"@type":"WebPage","@id":"https:\/\/www.key-devices.com\/product\/volvo-trucks-immobilizer\/","url":"https:\/\/www.key-devices.com\/product\/volvo-trucks-immobilizer\/","name":"Programator Immobilizer Volvo Trucks - Cena Z rabatem","isPartOf":{"@id":"https:\/\/www.key-devices.com\/#website"},"primaryImageOfPage":{"@id":"https:\/\/www.key-devices.com\/product\/volvo-trucks-immobilizer\/#primaryimage"},"image":{"@id":"https:\/\/www.key-devices.com\/product\/volvo-trucks-immobilizer\/#primaryimage"},"thumbnailUrl":"https:\/\/www.key-devices.com\/wp-content\/uploads\/Volvo-Trucks-Immobilizer-Programmer.jpg","datePublished":"2025-09-09T08:37:42+00:00","dateModified":"2025-09-09T09:17:59+00:00","description":"Programator immobilizer Volvo Trucks - urz\u0105dzenie, kt\u00f3re umo\u017cliwia w\u0142\u0105czanie i WY\u0141\u0104CZANIE funkcji immobilizer w samochodach ci\u0119\u017carowych na platformie Volvo...","breadcrumb":{"@id":"https:\/\/www.key-devices.com\/product\/volvo-trucks-immobilizer\/#breadcrumb"},"inLanguage":"pl-PL","potentialAction":[{"@type":"ReadAction","target":["https:\/\/www.key-devices.com\/product\/volvo-trucks-immobilizer\/"]}]},{"@type":"ImageObject","inLanguage":"pl-PL","@id":"https:\/\/www.key-devices.com\/product\/volvo-trucks-immobilizer\/#primaryimage","url":"https:\/\/www.key-devices.com\/wp-content\/uploads\/Volvo-Trucks-Immobilizer-Programmer.jpg","contentUrl":"https:\/\/www.key-devices.com\/wp-content\/uploads\/Volvo-Trucks-Immobilizer-Programmer.jpg","width":611,"height":489,"caption":"Volvo Trucks Immobilizer Programmer"},{"@type":"BreadcrumbList","@id":"https:\/\/www.key-devices.com\/product\/volvo-trucks-immobilizer\/#breadcrumb","itemListElement":[{"@type":"ListItem","position":1,"name":"Home","item":"https:\/\/www.key-devices.com\/"},{"@type":"ListItem","position":2,"name":"Shop","item":"https:\/\/www.key-devices.com\/shop\/"},{"@type":"ListItem","position":3,"name":"VOLVO TRUCKS Immobilizer"}]},{"@type":"WebSite","@id":"https:\/\/www.key-devices.com\/#website","url":"https:\/\/www.key-devices.com\/","name":"S\u0141OWA URZ\u0104DZENIA","description":"","publisher":{"@id":"https:\/\/www.key-devices.com\/#organization"},"potentialAction":[{"@type":"SearchAction","target":{"@type":"EntryPoint","urlTemplate":"https:\/\/www.key-devices.com\/?s={search_term_string}"},"query-input":{"@type":"PropertyValueSpecification","valueRequired":true,"valueName":"search_term_string"}}],"inLanguage":"pl-PL"},{"@type":["Organization","Place"],"@id":"https:\/\/www.key-devices.com\/#organization","name":"S\u0142owa urz\u0105dzenia","url":"https:\/\/www.key-devices.com\/","logo":{"@id":"https:\/\/www.key-devices.com\/product\/volvo-trucks-immobilizer\/#local-main-organization-logo"},"image":{"@id":"https:\/\/www.key-devices.com\/product\/volvo-trucks-immobilizer\/#local-main-organization-logo"},"legalName":"Key Devices","telephone":[],"openingHoursSpecification":[{"@type":"OpeningHoursSpecification","dayOfWeek":["Monday","Tuesday","Wednesday","Thursday","Friday","Saturday","Sunday"],"opens":"09:00","closes":"17:00"}]},{"@type":"ImageObject","inLanguage":"pl-PL","@id":"https:\/\/www.key-devices.com\/product\/volvo-trucks-immobilizer\/#local-main-organization-logo","url":"https:\/\/www.key-devices.com\/wp-content\/uploads\/cropped-Key-Devices-Logo-official-.png","contentUrl":"https:\/\/www.key-devices.com\/wp-content\/uploads\/cropped-Key-Devices-Logo-official-.png","width":512,"height":512,"caption":"Key Devices"}]},"product_price_currency":"EUR","og_availability":"instock","product_availability":"instock","product_retailer_item_id":"2784","product_condition":"new"},"jetpack_sharing_enabled":true,"_links":{"self":[{"href":"https:\/\/www.key-devices.com\/pl\/wp-json\/wp\/v2\/product\/11195","targetHints":{"allow":["GET"]}}],"collection":[{"href":"https:\/\/www.key-devices.com\/pl\/wp-json\/wp\/v2\/product"}],"about":[{"href":"https:\/\/www.key-devices.com\/pl\/wp-json\/wp\/v2\/types\/product"}],"replies":[{"embeddable":true,"href":"https:\/\/www.key-devices.com\/pl\/wp-json\/wp\/v2\/comments?post=11195"}],"wp:featuredmedia":[{"embeddable":true,"href":"https:\/\/www.key-devices.com\/pl\/wp-json\/wp\/v2\/media\/11196"}],"wp:attachment":[{"href":"https:\/\/www.key-devices.com\/pl\/wp-json\/wp\/v2\/media?parent=11195"}],"wp:term":[{"taxonomy":"product_brand","embeddable":true,"href":"https:\/\/www.key-devices.com\/pl\/wp-json\/wp\/v2\/product_brand?post=11195"},{"taxonomy":"product_cat","embeddable":true,"href":"https:\/\/www.key-devices.com\/pl\/wp-json\/wp\/v2\/product_cat?post=11195"},{"taxonomy":"product_tag","embeddable":true,"href":"https:\/\/www.key-devices.com\/pl\/wp-json\/wp\/v2\/product_tag?post=11195"},{"taxonomy":"vehicles","embeddable":true,"href":"https:\/\/www.key-devices.com\/pl\/wp-json\/wp\/v2\/vehicles?post=11195"}],"curies":[{"name":"wp","href":"https:\/\/api.w.org\/{rel}","templated":true}]}}