{"id":11290,"date":"2025-09-16T09:57:39","date_gmt":"2025-09-16T07:57:39","guid":{"rendered":"https:\/\/www.key-devices.com\/?post_type=product&#038;p=11290"},"modified":"2025-09-16T10:06:37","modified_gmt":"2025-09-16T08:06:37","slug":"jeep-wrangler-2016-2024-key-programmer","status":"publish","type":"product","link":"https:\/\/www.key-devices.com\/pl\/product\/jeep-wrangler-2016-2024-key-programmer\/","title":{"rendered":"Programista kluczy Jeep Wrangler 2016-2024"},"content":{"rendered":"<h1 style=\"text-align: center;\">Programista kluczy Jeep Wrangler 2016-2024<\/h1>\n<p>&nbsp;<\/p>\n<h2 style=\"text-align: center;\">INSTRUKCJA WRANGLER-CHEROKEE<\/h2>\n<p>&nbsp;<\/p>\n<p>Wrangler Gladiator itp. 4 proste kroki:<span class=\"Apple-converted-space\">\u00a0<\/span><\/p>\n<ul>\n<li>POD\u0141\u0104CZ URZ\u0104DZENIE DO OBD LUB PRZEZ SIE\u0106 CAN<span class=\"Apple-converted-space\">\u00a0<\/span><\/li>\n<li>POCZEKAJ, A\u017b CZERWONA DIODA ZMIENI SI\u0118 NA ZIELONY (poczekaj, otw\u00f3rz samoch\u00f3d)<span class=\"Apple-converted-space\">\u00a0<\/span><\/li>\n<li>GDY ZIELONA \u015aWIAT\u0141O ZACZNIE MIGA\u0106, UMIE\u015a\u0106 KLUCZYK W POBLI\u017bU PRZYCISKU ZAP\u0141ONU I NACI\u015aNIJ, ABY OTW\u00d3RZ<span class=\"Apple-converted-space\">\u00a0<\/span><\/li>\n<li>PRZYCISK Z PILOTA RIPETUTE .<span class=\"Apple-converted-space\">\u00a0<\/span><\/li>\n<li>Czy mo\u017cna uruchomi\u0107 samoch\u00f3d zdalnie, gdy jest otwierany i zamykany?<span class=\"Apple-converted-space\">\u00a0<\/span><\/li>\n<\/ul>\n<p>&nbsp;<\/p>\n<h2 style=\"text-align: center;\">Jeep Cherokee<span class=\"Apple-converted-space\">\u00a0<\/span><\/h2>\n<ul>\n<li>POD\u0141\u0104CZ URZ\u0104DZENIE DO OBD LUB PRZEZ SIE\u0106 CAN<span class=\"Apple-converted-space\">\u00a0<\/span><\/li>\n<li>POCZEKAJ, A\u017b ODBLOKUJE SI\u0118 I ZIELONA DIODA LED ZAMIGA<span class=\"Apple-converted-space\">\u00a0<\/span><\/li>\n<li>GDY ZACZNIE MIGA\u0106, NACI\u015aNIJ KLUCZYK PILOTA BLOKUJ\u0104C PRZYCISK ZAP\u0141ONU<span class=\"Apple-converted-space\">\u00a0<\/span><\/li>\n<\/ul>\n<p>&nbsp;<\/p>\n<p><span style=\"color: #ff0000;\">* NASZE URZ\u0104DZENIA S\u0104 SPRZEDAWANE WY\u0141\u0104CZNIE DO U\u017bYTKU S\u0141U\u017bBOWEGO I PRYWATNEGO. NIE PONOSIMY ODPOWIEDZIALNO\u015aCI ZA OSZUSTWA LUB NIELEGALNE U\u017bYCIE SPRZEDANEGO SPRZ\u0118TU.<\/span><\/p>","protected":false},"excerpt":{"rendered":"<h2 style=\"text-align: center;\">INSTRUKCJA WRANGLER-CHEROKEE<\/h2>\n<p>&nbsp;<\/p>\n<ul>\n<li>Wrangler Gladiator itp. 4 proste kroki:<\/li>\n<li>POD\u0141\u0104CZ URZ\u0104DZENIE DO OBD LUB PRZEZ SIE\u0106 CAN<\/li>\n<li>POCZEKAJ, A\u017b CZERWONA DIODA ZMIENI SI\u0118 NA ZIELONY (poczekaj, otw\u00f3rz samoch\u00f3d)<\/li>\n<li>GDY ZIELONA \u015aWIAT\u0141O ZACZNIE MIGA\u0106, UMIE\u015a\u0106 KLUCZYK W POBLI\u017bU PRZYCISKU ZAP\u0141ONU I NACI\u015aNIJ, ABY OTW\u00d3RZ<\/li>\n<li>PRZYCISK Z PILOTA RIPETUTE .<\/li>\n<li>Czy mo\u017cna uruchomi\u0107 samoch\u00f3d zdalnie, gdy jest otwierany i zamykany?<\/li>\n<\/ul>\n<p>&nbsp;<\/p>\n<h2 style=\"text-align: center;\">Jeep Cherokee<\/h2>\n<ul>\n<li>POD\u0141\u0104CZ URZ\u0104DZENIE DO OBD LUB PRZEZ SIE\u0106 CAN<\/li>\n<li>POCZEKAJ, A\u017b ODBLOKUJE SI\u0118 I ZIELONA DIODA LED ZAMIGA<\/li>\n<li>GDY ZACZNIE MIGA\u0106, NACI\u015aNIJ KLUCZYK PILOTA BLOKUJ\u0104C PRZYCISK ZAP\u0141ONU<\/li>\n<\/ul>\n<p>&nbsp;<\/p>","protected":false},"featured_media":11291,"comment_status":"open","ping_status":"closed","template":"","meta":{"_monsterinsights_skip_tracking":false,"_monsterinsights_sitenote_active":false,"_monsterinsights_sitenote_note":"","_monsterinsights_sitenote_category":0},"product_brand":[1232,1160],"product_cat":[516],"product_tag":[1235,1233,1234],"vehicles":[],"class_list":{"0":"post-11290","1":"product","2":"type-product","3":"status-publish","4":"has-post-thumbnail","6":"product_brand-cherokee","7":"product_brand-jeep","8":"product_cat-key-programmer","9":"product_tag-jeep-cherokee","10":"product_tag-jeep-wrangler-2016-2024-key-programmer","11":"product_tag-wrangler-cherokee-instruction","13":"first","14":"instock","15":"featured","16":"shipping-taxable","17":"product-type-simple"},"yoast_head":"<!-- This site is optimized with the Yoast SEO Premium plugin v25.5 (Yoast SEO v27.4) - https:\/\/yoast.com\/product\/yoast-seo-premium-wordpress\/ -->\n<title>Jeep Wrangler 2016-2024 key programmer - Call : 07.55.98.64.05<\/title>\n<meta name=\"description\" content=\"Jeep Wrangler 2016-2024 key programmer, PUT DEVICE IN OBD OR BY CAN NETWORK\u00a0WAIT RED LED BLINK TO GREEN (wait open the car )...\" \/>\n<meta name=\"robots\" content=\"index, follow, max-snippet:-1, max-image-preview:large, max-video-preview:-1\" \/>\n<link rel=\"canonical\" href=\"https:\/\/www.key-devices.com\/pl\/product\/jeep-wrangler-2016-2024-key-programmer\/\" \/>\n<meta property=\"og:locale\" content=\"pl_PL\" \/>\n<meta property=\"og:type\" content=\"article\" \/>\n<meta property=\"og:title\" content=\"Jeep Wrangler 2016-2024 key programmer\" \/>\n<meta property=\"og:description\" content=\"Jeep Wrangler 2016-2024 key programmer, PUT DEVICE IN OBD OR BY CAN NETWORK\u00a0WAIT RED LED BLINK TO GREEN (wait open the car )...\" \/>\n<meta property=\"og:url\" content=\"https:\/\/www.key-devices.com\/pl\/product\/jeep-wrangler-2016-2024-key-programmer\/\" \/>\n<meta property=\"og:site_name\" content=\"KEY DEVICES\" \/>\n<meta property=\"article:modified_time\" content=\"2025-09-16T08:06:37+00:00\" \/>\n<meta property=\"og:image\" content=\"https:\/\/www.key-devices.com\/wp-content\/uploads\/Jeep-Wrangler-2016-2024.jpg\" \/>\n\t<meta property=\"og:image:width\" content=\"1152\" \/>\n\t<meta property=\"og:image:height\" content=\"2048\" \/>\n\t<meta property=\"og:image:type\" content=\"image\/jpeg\" \/>\n<meta name=\"twitter:card\" content=\"summary_large_image\" \/>\n<meta name=\"twitter:label1\" content=\"Cena\" \/>\n\t<meta name=\"twitter:data1\" content=\"\" \/>\n\t<meta name=\"twitter:label2\" content=\"Dost\u0119pno\u015b\u0107\" \/>\n\t<meta name=\"twitter:data2\" content=\"Dost\u0119pny\" \/>\n<script type=\"application\/ld+json\" class=\"yoast-schema-graph\">{\"@context\":\"https:\\\/\\\/schema.org\",\"@graph\":[{\"@type\":\"WebPage\",\"@id\":\"https:\\\/\\\/www.key-devices.com\\\/product\\\/jeep-wrangler-2016-2024-key-programmer\\\/\",\"url\":\"https:\\\/\\\/www.key-devices.com\\\/product\\\/jeep-wrangler-2016-2024-key-programmer\\\/\",\"name\":\"Jeep Wrangler 2016-2024 key programmer - Call : 07.55.98.64.05\",\"isPartOf\":{\"@id\":\"https:\\\/\\\/www.key-devices.com\\\/#website\"},\"primaryImageOfPage\":{\"@id\":\"https:\\\/\\\/www.key-devices.com\\\/product\\\/jeep-wrangler-2016-2024-key-programmer\\\/#primaryimage\"},\"image\":{\"@id\":\"https:\\\/\\\/www.key-devices.com\\\/product\\\/jeep-wrangler-2016-2024-key-programmer\\\/#primaryimage\"},\"thumbnailUrl\":\"https:\\\/\\\/www.key-devices.com\\\/wp-content\\\/uploads\\\/Jeep-Wrangler-2016-2024.jpg\",\"datePublished\":\"2025-09-16T07:57:39+00:00\",\"dateModified\":\"2025-09-16T08:06:37+00:00\",\"description\":\"Jeep Wrangler 2016-2024 key programmer, PUT DEVICE IN OBD OR BY CAN NETWORK\u00a0WAIT RED LED BLINK TO GREEN (wait open the car )...\",\"breadcrumb\":{\"@id\":\"https:\\\/\\\/www.key-devices.com\\\/product\\\/jeep-wrangler-2016-2024-key-programmer\\\/#breadcrumb\"},\"inLanguage\":\"pl-PL\",\"potentialAction\":[{\"@type\":\"ReadAction\",\"target\":[\"https:\\\/\\\/www.key-devices.com\\\/product\\\/jeep-wrangler-2016-2024-key-programmer\\\/\"]}]},{\"@type\":\"ImageObject\",\"inLanguage\":\"pl-PL\",\"@id\":\"https:\\\/\\\/www.key-devices.com\\\/product\\\/jeep-wrangler-2016-2024-key-programmer\\\/#primaryimage\",\"url\":\"https:\\\/\\\/www.key-devices.com\\\/wp-content\\\/uploads\\\/Jeep-Wrangler-2016-2024.jpg\",\"contentUrl\":\"https:\\\/\\\/www.key-devices.com\\\/wp-content\\\/uploads\\\/Jeep-Wrangler-2016-2024.jpg\",\"width\":1152,\"height\":2048,\"caption\":\"Jeep Wrangler 2016-2024 key programmer\"},{\"@type\":\"BreadcrumbList\",\"@id\":\"https:\\\/\\\/www.key-devices.com\\\/product\\\/jeep-wrangler-2016-2024-key-programmer\\\/#breadcrumb\",\"itemListElement\":[{\"@type\":\"ListItem\",\"position\":1,\"name\":\"Home\",\"item\":\"https:\\\/\\\/www.key-devices.com\\\/\"},{\"@type\":\"ListItem\",\"position\":2,\"name\":\"Shop\",\"item\":\"https:\\\/\\\/www.key-devices.com\\\/shop\\\/\"},{\"@type\":\"ListItem\",\"position\":3,\"name\":\"Jeep Wrangler 2016-2024 key programmer\"}]},{\"@type\":\"WebSite\",\"@id\":\"https:\\\/\\\/www.key-devices.com\\\/#website\",\"url\":\"https:\\\/\\\/www.key-devices.com\\\/\",\"name\":\"KEY DEVICES\",\"description\":\"\",\"publisher\":{\"@id\":\"https:\\\/\\\/www.key-devices.com\\\/#organization\"},\"potentialAction\":[{\"@type\":\"SearchAction\",\"target\":{\"@type\":\"EntryPoint\",\"urlTemplate\":\"https:\\\/\\\/www.key-devices.com\\\/?s={search_term_string}\"},\"query-input\":{\"@type\":\"PropertyValueSpecification\",\"valueRequired\":true,\"valueName\":\"search_term_string\"}}],\"inLanguage\":\"pl-PL\"},{\"@type\":[\"Organization\",\"Place\"],\"@id\":\"https:\\\/\\\/www.key-devices.com\\\/#organization\",\"name\":\"Key Devices\",\"url\":\"https:\\\/\\\/www.key-devices.com\\\/\",\"logo\":{\"@id\":\"https:\\\/\\\/www.key-devices.com\\\/product\\\/jeep-wrangler-2016-2024-key-programmer\\\/#local-main-organization-logo\"},\"image\":{\"@id\":\"https:\\\/\\\/www.key-devices.com\\\/product\\\/jeep-wrangler-2016-2024-key-programmer\\\/#local-main-organization-logo\"},\"legalName\":\"Key Devices\",\"telephone\":[],\"openingHoursSpecification\":[{\"@type\":\"OpeningHoursSpecification\",\"dayOfWeek\":[\"Monday\",\"Tuesday\",\"Wednesday\",\"Thursday\",\"Friday\",\"Saturday\",\"Sunday\"],\"opens\":\"09:00\",\"closes\":\"17:00\"}]},{\"@type\":\"ImageObject\",\"inLanguage\":\"pl-PL\",\"@id\":\"https:\\\/\\\/www.key-devices.com\\\/product\\\/jeep-wrangler-2016-2024-key-programmer\\\/#local-main-organization-logo\",\"url\":\"https:\\\/\\\/www.key-devices.com\\\/wp-content\\\/uploads\\\/cropped-Key-Devices-Logo-official-.png\",\"contentUrl\":\"https:\\\/\\\/www.key-devices.com\\\/wp-content\\\/uploads\\\/cropped-Key-Devices-Logo-official-.png\",\"width\":512,\"height\":512,\"caption\":\"Key Devices\"}]}<\/script>\n<meta property=\"product:price:currency\" content=\"EUR\" \/>\n<meta property=\"og:availability\" content=\"instock\" \/>\n<meta property=\"product:availability\" content=\"instock\" \/>\n<meta property=\"product:retailer_item_id\" content=\"2793\" \/>\n<meta property=\"product:condition\" content=\"new\" \/>\n<!-- \/ Yoast SEO Premium plugin. -->","yoast_head_json":{"title":"Programista kluczy do Jeepa Wranglera 2016-2024 - Zadzwo\u0144: 07.55.98.64.05","description":"Programista kluczy Jeep Wrangler 2016-2024, POD\u0141\u0104CZ URZ\u0104DZENIE DO OBD LUB SIECI CAN, POCZEKAJ, A\u017b CZERWONA DIODA ZMIENI SI\u0118 NA ZIELONY (poczekaj, otw\u00f3rz samoch\u00f3d)...","robots":{"index":"index","follow":"follow","max-snippet":"max-snippet:-1","max-image-preview":"max-image-preview:large","max-video-preview":"max-video-preview:-1"},"canonical":"https:\/\/www.key-devices.com\/pl\/product\/jeep-wrangler-2016-2024-key-programmer\/","og_locale":"pl_PL","og_type":"article","og_title":"Jeep Wrangler 2016-2024 key programmer","og_description":"Jeep Wrangler 2016-2024 key programmer, PUT DEVICE IN OBD OR BY CAN NETWORK\u00a0WAIT RED LED BLINK TO GREEN (wait open the car )...","og_url":"https:\/\/www.key-devices.com\/pl\/product\/jeep-wrangler-2016-2024-key-programmer\/","og_site_name":"KEY DEVICES","article_modified_time":"2025-09-16T08:06:37+00:00","og_image":[{"width":1152,"height":2048,"url":"https:\/\/www.key-devices.com\/wp-content\/uploads\/Jeep-Wrangler-2016-2024.jpg","type":"image\/jpeg"}],"twitter_card":"summary_large_image","twitter_misc":{"Cena":"","Dost\u0119pno\u015b\u0107":"Dost\u0119pny"},"schema":{"@context":"https:\/\/schema.org","@graph":[{"@type":"WebPage","@id":"https:\/\/www.key-devices.com\/product\/jeep-wrangler-2016-2024-key-programmer\/","url":"https:\/\/www.key-devices.com\/product\/jeep-wrangler-2016-2024-key-programmer\/","name":"Programista kluczy do Jeepa Wranglera 2016-2024 - Zadzwo\u0144: 07.55.98.64.05","isPartOf":{"@id":"https:\/\/www.key-devices.com\/#website"},"primaryImageOfPage":{"@id":"https:\/\/www.key-devices.com\/product\/jeep-wrangler-2016-2024-key-programmer\/#primaryimage"},"image":{"@id":"https:\/\/www.key-devices.com\/product\/jeep-wrangler-2016-2024-key-programmer\/#primaryimage"},"thumbnailUrl":"https:\/\/www.key-devices.com\/wp-content\/uploads\/Jeep-Wrangler-2016-2024.jpg","datePublished":"2025-09-16T07:57:39+00:00","dateModified":"2025-09-16T08:06:37+00:00","description":"Programista kluczy Jeep Wrangler 2016-2024, POD\u0141\u0104CZ URZ\u0104DZENIE DO OBD LUB SIECI CAN, POCZEKAJ, A\u017b CZERWONA DIODA ZMIENI SI\u0118 NA ZIELONY (poczekaj, otw\u00f3rz samoch\u00f3d)...","breadcrumb":{"@id":"https:\/\/www.key-devices.com\/product\/jeep-wrangler-2016-2024-key-programmer\/#breadcrumb"},"inLanguage":"pl-PL","potentialAction":[{"@type":"ReadAction","target":["https:\/\/www.key-devices.com\/product\/jeep-wrangler-2016-2024-key-programmer\/"]}]},{"@type":"ImageObject","inLanguage":"pl-PL","@id":"https:\/\/www.key-devices.com\/product\/jeep-wrangler-2016-2024-key-programmer\/#primaryimage","url":"https:\/\/www.key-devices.com\/wp-content\/uploads\/Jeep-Wrangler-2016-2024.jpg","contentUrl":"https:\/\/www.key-devices.com\/wp-content\/uploads\/Jeep-Wrangler-2016-2024.jpg","width":1152,"height":2048,"caption":"Jeep Wrangler 2016-2024 key programmer"},{"@type":"BreadcrumbList","@id":"https:\/\/www.key-devices.com\/product\/jeep-wrangler-2016-2024-key-programmer\/#breadcrumb","itemListElement":[{"@type":"ListItem","position":1,"name":"Home","item":"https:\/\/www.key-devices.com\/"},{"@type":"ListItem","position":2,"name":"Shop","item":"https:\/\/www.key-devices.com\/shop\/"},{"@type":"ListItem","position":3,"name":"Jeep Wrangler 2016-2024 key programmer"}]},{"@type":"WebSite","@id":"https:\/\/www.key-devices.com\/#website","url":"https:\/\/www.key-devices.com\/","name":"S\u0141OWA URZ\u0104DZENIA","description":"","publisher":{"@id":"https:\/\/www.key-devices.com\/#organization"},"potentialAction":[{"@type":"SearchAction","target":{"@type":"EntryPoint","urlTemplate":"https:\/\/www.key-devices.com\/?s={search_term_string}"},"query-input":{"@type":"PropertyValueSpecification","valueRequired":true,"valueName":"search_term_string"}}],"inLanguage":"pl-PL"},{"@type":["Organization","Place"],"@id":"https:\/\/www.key-devices.com\/#organization","name":"S\u0142owa urz\u0105dzenia","url":"https:\/\/www.key-devices.com\/","logo":{"@id":"https:\/\/www.key-devices.com\/product\/jeep-wrangler-2016-2024-key-programmer\/#local-main-organization-logo"},"image":{"@id":"https:\/\/www.key-devices.com\/product\/jeep-wrangler-2016-2024-key-programmer\/#local-main-organization-logo"},"legalName":"Key Devices","telephone":[],"openingHoursSpecification":[{"@type":"OpeningHoursSpecification","dayOfWeek":["Monday","Tuesday","Wednesday","Thursday","Friday","Saturday","Sunday"],"opens":"09:00","closes":"17:00"}]},{"@type":"ImageObject","inLanguage":"pl-PL","@id":"https:\/\/www.key-devices.com\/product\/jeep-wrangler-2016-2024-key-programmer\/#local-main-organization-logo","url":"https:\/\/www.key-devices.com\/wp-content\/uploads\/cropped-Key-Devices-Logo-official-.png","contentUrl":"https:\/\/www.key-devices.com\/wp-content\/uploads\/cropped-Key-Devices-Logo-official-.png","width":512,"height":512,"caption":"Key Devices"}]},"product_price_currency":"EUR","og_availability":"instock","product_availability":"instock","product_retailer_item_id":"2793","product_condition":"new"},"jetpack_sharing_enabled":true,"_links":{"self":[{"href":"https:\/\/www.key-devices.com\/pl\/wp-json\/wp\/v2\/product\/11290","targetHints":{"allow":["GET"]}}],"collection":[{"href":"https:\/\/www.key-devices.com\/pl\/wp-json\/wp\/v2\/product"}],"about":[{"href":"https:\/\/www.key-devices.com\/pl\/wp-json\/wp\/v2\/types\/product"}],"replies":[{"embeddable":true,"href":"https:\/\/www.key-devices.com\/pl\/wp-json\/wp\/v2\/comments?post=11290"}],"wp:featuredmedia":[{"embeddable":true,"href":"https:\/\/www.key-devices.com\/pl\/wp-json\/wp\/v2\/media\/11291"}],"wp:attachment":[{"href":"https:\/\/www.key-devices.com\/pl\/wp-json\/wp\/v2\/media?parent=11290"}],"wp:term":[{"taxonomy":"product_brand","embeddable":true,"href":"https:\/\/www.key-devices.com\/pl\/wp-json\/wp\/v2\/product_brand?post=11290"},{"taxonomy":"product_cat","embeddable":true,"href":"https:\/\/www.key-devices.com\/pl\/wp-json\/wp\/v2\/product_cat?post=11290"},{"taxonomy":"product_tag","embeddable":true,"href":"https:\/\/www.key-devices.com\/pl\/wp-json\/wp\/v2\/product_tag?post=11290"},{"taxonomy":"vehicles","embeddable":true,"href":"https:\/\/www.key-devices.com\/pl\/wp-json\/wp\/v2\/vehicles?post=11290"}],"curies":[{"name":"wp","href":"https:\/\/api.w.org\/{rel}","templated":true}]}}