{"id":11301,"date":"2025-09-16T10:57:49","date_gmt":"2025-09-16T08:57:49","guid":{"rendered":"https:\/\/www.key-devices.com\/?post_type=product&#038;p=11301"},"modified":"2025-09-16T11:05:24","modified_gmt":"2025-09-16T09:05:24","slug":"keydevice-bmw-f-serie","status":"publish","type":"product","link":"https:\/\/www.key-devices.com\/pl\/product\/keydevice-bmw-f-serie\/","title":{"rendered":"Keydevice BMW Seria F"},"content":{"rendered":"<h1 style=\"text-align: center;\">Keydevice BMW Seria F<\/h1>\n<p>&nbsp;<\/p>\n<div dir=\"ltr\">BKP2 &#8211; BMW KEY PROG 2<\/div>\n<div dir=\"ltr\"><\/div>\n<div dir=\"ltr\">New BKP2 stand-alone key programmer for BMW F-series cars equipped with CAS ECU with EWS4 (CAS4) and EWS5 (CAS4+) systems. Devices uses high-speed ENET internal network to gain access to key programming. Programming takes 2 minutes for CAS4 (EWS4) and 8 minutes for DME+CAS4 (EWS5).<\/div>\n<div dir=\"ltr\">!!! 9078 of DME firmware types supported.<\/div>\n<div dir=\"ltr\"><\/div>\n<div dir=\"ltr\">List of vehicles supported (LCI-facelift\/restyle):<\/div>\n<div dir=\"ltr\"><\/div>\n<ul>\n<li dir=\"ltr\">\u00a05&#8242; F07 GT (09\/2008 \u2014 06\/2013)<\/li>\n<li dir=\"ltr\">\u00a05&#8242; F07 GT LCI (08\/2012 \u2014 02\/2017)<\/li>\n<li dir=\"ltr\">\u00a05&#8242; F10 (01\/2009 \u2014 10\/2016)<\/li>\n<li dir=\"ltr\">\u00a05&#8242; F10 LCI (08\/2012 \u2014 10\/2016)<\/li>\n<li dir=\"ltr\">\u00a05&#039; F11 (01\/2009 \u2014 06\/2013) Hatchback<\/li>\n<li dir=\"ltr\">\u00a05&#8242; F11 LCI (08\/2012 \u2014 02\/2017)<\/li>\n<li dir=\"ltr\">\u00a05&#8242; F18 (08\/2009 \u2014 08\/2013) \u00abLong for the Chinese market\u00bb<\/li>\n<li dir=\"ltr\">\u00a05&#8242; F18 LCI (10\/2012 \u2014 04\/2017) \u00abLong for the Chinese market\u00bb<\/li>\n<li dir=\"ltr\">\u00a06&#039; F06 Gran Coupe (05\/2011 \u2014 03\/2015)<\/li>\n<li dir=\"ltr\">\u00a06&#8242; F06 Gran Coupe LCI (05\/2014 \u2014 09\/2018)<\/li>\n<li dir=\"ltr\">6&#8242; F12 (10\/2009 \u2014 02\/2015) Convertible<\/li>\n<li dir=\"ltr\">\u00a06&#8242; F12 LCI (05\/2014 \u2014 05\/2018)<\/li>\n<li dir=\"ltr\">\u00a06&#8242; F13 (03\/2010 \u2014 02\/2015)<\/li>\n<li dir=\"ltr\">\u00a06&#039; F13 LCI (05\/2014 \u2014 10\/2017)<\/li>\n<li dir=\"ltr\">\u00a07&#039; F01 (06\/2007 \u2014 06\/2012)<\/li>\n<li dir=\"ltr\">\u00a07&#8242; F01 LCI (05\/2011 \u2014 05\/2015)<\/li>\n<li dir=\"ltr\">\u00a07&#8242; F02 (07\/2007 \u2014 06\/2012)<\/li>\n<li dir=\"ltr\">7&#8242; F02 LCI (05\/2011 \u2014 05\/2015)<\/li>\n<li dir=\"ltr\">\u00a07&#039; F03 (04\/2008 \u2014 05\/2012)<\/li>\n<li dir=\"ltr\">\u00a07&#8242; F03 LCI (01\/2012 \u2014 03\/2015)<\/li>\n<li dir=\"ltr\">\u00a07&#8242; F04 Hybrid (10\/2008 \u2014 06\/2012)<\/li>\n<li dir=\"ltr\">\u00a0X3 F25 (06\/2009 \u2014 08\/2017)<\/li>\n<li dir=\"ltr\">\u00a0X4 F26 (05\/2013 \u2014 03\/2018)<\/li>\n<li dir=\"ltr\">\u00a0Rolls-Royce Ghost RR4 (08\/2008 \u2014 11\/2019)<\/li>\n<li dir=\"ltr\">\u00a0Rolls-Royce Wraith RR5 (11\/2012 \u2014 12\/2019)<\/li>\n<li dir=\"ltr\">\u00a0Rolls-Royce Dawn RR6 (04\/2015 \u2014 11\/2019)<\/li>\n<\/ul>\n<div dir=\"ltr\">Description:<\/div>\n<div dir=\"ltr\"><\/div>\n<div dir=\"ltr\">1. Otw\u00f3rz drzwi pojazdu mechanicznego klucza lub klucza Turbodecoder HU100R.<\/div>\n<div dir=\"ltr\">2. Pod\u0142\u0105cz programator BKP2 do gniazda diagnostycznego ODB. CZERWONA dioda led na<\/div>\n<div dir=\"ltr\">za\u015bwieci si\u0119 programator, kt\u00f3ry wskazuje na obecno\u015b\u0107 napi\u0119cia 12 v na z\u0142\u0105czu OBD.<\/div>\n<div dir=\"ltr\">3. BKP2 wyemituje d\u017awi\u0119kowy sygna\u0142 wskazuj\u0105cy na to, \u017ce bardzo szybka magistrala ETHERNET dzia\u0142a (mo\u017cliwe, nale\u017cy nacisn\u0105\u0107 przycisk start lub peda\u0142 hamulca, aby aktywowa\u0107 sie\u0107 samochodu). BKP2<\/div>\n<div dir=\"ltr\">w\u0142\u0105czy si\u0119 zap\u0142on i samoch\u00f3d zostanie &#034;obudzony&#034;.<\/div>\n<div dir=\"ltr\">4. Je\u015bli zadzia\u0142a\u0142a standardowa sygnalizacja (pod lusterkiem wstecznym miga czerwona dioda led), naci\u015bnij<\/div>\n<div dir=\"ltr\">kliknij przycisk centralnego zamka, aby go wy\u0142\u0105czy\u0107.<\/div>\n<div dir=\"ltr\">5. Je\u017celi w samochodzie zainstalowany jest system CAS4 EWS5, ale urz\u0105dzenie nie posiada niezb\u0119dnych oprogramowania dla<\/div>\n<div dir=\"ltr\">podczas programowania, us\u0142yszysz komunikat g\u0142osowy &#034;Wersja urz\u0105dzenia nie jest obs\u0142ugiwany&#034; \u2013 to oznacza, \u017ce ta wersja oprogramowania nie obs\u0142uguje obecnie funkcji programowania klawiszy i zostanie dodana w BKP2 w nast\u0119pnej aktualizacji.<\/div>\n<div dir=\"ltr\">BKP2<\/div>\n<div dir=\"ltr\">6. Je\u015bli wersja oprogramowania auta obs\u0142uguje, us\u0142yszysz komunikat &#034;Elektroniczny modu\u0142 programowany. Prosz\u0119 czeka\u0107.&#034;, i BKP2 zacznie si\u0119 programowanie elektronicznych blok\u00f3w na szybkiej magistrali ENET. Programowanie zajmuje 2 minuty do CAS4 (EWS4) i 8 minut dla DME + CAS4 (EWS5).<\/div>\n<div dir=\"ltr\">7. Gdy programowanie urz\u0105dze\u0144 zostanie zako\u0144czona, us\u0142yszysz podw\u00f3jny sygna\u0142 d\u017awi\u0119kowy i komunikat g\u0142osowy &#034;Trzymaj klucz od kolumny kierownicy. Cz\u0119stotliwo\u015b\u0107 klucza xxx Mhz &#034;.<\/div>\n<div dir=\"ltr\">8. Istnieje pi\u0119\u0107 r\u00f3\u017cnych kluczowych wersji \u2013 315 Mhz, 315 Mhz &#034;Z niskim zu\u017cyciu energii&#034;, 434 Mhz, 434 Mhz do korea\u0144skiego rynku, 868 Mhz. W samochodzie mo\u017ce by\u0107 zaprogramowany tylko odpowiedni typ klucza. Na przyk\u0142ad, nie da si\u0119 zaprogramowa\u0107 kluczyk z cz\u0119stotliwo\u015bci 434 Mhz w samochodzie, wyposa\u017conym kluczami z cz\u0119stotliwo\u015bci\u0105 868 Mhz. S\u0142uchaj uwa\u017cnie g\u0142osowymi BKP2.<\/div>\n<div dir=\"ltr\">9. Trzymaj \u017c\u0105dany klucz od kolumny kierownicy, na kt\u00f3rym zainstalowany jest czytnik kluczy. (Obraz z logo klucza na kolumnie kierownicy).<\/div>\n<div dir=\"ltr\">10. Je\u015bli klucz nie pasuje do tego samochodu, pojawi si\u0119 komunikat o tym, z jakiego powodu klucz nie pasowa\u0142. Dla skutecznego programowania klucza \u2013 za\u0142\u0105czy\u0107 odpowiedni klucz.<\/div>\n<div dir=\"ltr\">11. Je\u015bli klucz pasuje, mo\u017cna us\u0142ysze\u0107 potr\u00f3jny sygna\u0142 d\u017awi\u0119kowy &#034;bip-bip-bip&#034;. Trzymaj klucz na kolumnie kierownicy, czas programowania klucza wynosi pi\u0119\u0107 sekund. Je\u015bli klucz zosta\u0142 prawid\u0142owo zaprogramowany, us\u0142yszysz komunikat g\u0142osowy &#034;Klucz skutecznie zaprogramowany&#034; i d\u0142ugi d\u017awi\u0119k \u2013 \u0431\u0435\u0435\u0435\u0435\u0435\u0435\u0435\u043f.<\/div>\n<div dir=\"ltr\"><\/div>\n<div dir=\"ltr\">Wa\u017cne informacje:<\/div>\n<div dir=\"ltr\"><\/div>\n<div dir=\"ltr\">1. Korzystanie z urz\u0105dzenia do dzia\u0142a\u0144 przest\u0119pczych jest zabronione.<\/div>\n<div dir=\"ltr\">2. Zawsze wybieraj odpowiedni klucz, za pomoc\u0105 VIN. Zawsze wybieraj oryginalne klucze. Je\u015bli opcja bez klucza nie jest dost\u0119pna<\/div>\n<div dir=\"ltr\">dzia\u0142a po zaprogramowaniu \u2013 klawisz ma z\u0142\u0105 cz\u0119stotliwo\u015b\u0107.<\/div>\n<div dir=\"ltr\">3. Je\u015bli CAS i DME ju\u017c zosta\u0142y zaprogramowane i odblokowane \u2013 przeprogramowanie nie jest wymagane.<\/div>\n<div dir=\"ltr\">w razie potrzeby BKP2 natychmiast przechodzi do funkcji nagrywania klucza.<\/div>\n<div dir=\"ltr\">4. W CAS4 mo\u017cna zaprogramowa\u0107 tylko 8 klawiszy.<\/div>\n<div dir=\"ltr\">5. Urz\u0105dzenie nie usuwa zapisane klucze z pami\u0119ci CAS.<\/div>\n<div dir=\"ltr\">6. Zaprogramowane klawisze nie s\u0105 blokowane i mog\u0105 by\u0107 ponownie wykorzystane.<\/div>\n<div dir=\"ltr\">7. Je\u015bli temat s\u0142owa tory s\u0105 zablokowane jako &#034;utracone&#034; \u2013 BKP2 odblokowuje pierwszy wolny utw\u00f3r i nagra<\/div>\n<div dir=\"ltr\">klucz do niego.<\/div>\n<div dir=\"ltr\">8. Je\u015bli BKP2 informuje &#034;Klucz nie jest nagrany&#034;, klucz do takiego auta nie zostanie zaprogramowany. A<\/div>\n<div dir=\"ltr\">mo\u017cliwa przyczyna roz\u0142adowany akumulator w samochodzie, co doprowadzi\u0142o do uszkodzenia urz\u0105dzenia podczas programowania. Zawsze nale\u017cy pod\u0142\u0105cza\u0107 dodatkowy akumulator lub zewn\u0119trzne \u017ar\u00f3d\u0142o zasilania w samochodach, kt\u00f3re przez d\u0142ugi czas nie by\u0142y u\u017cywane.<\/div>\n<div dir=\"ltr\">9. Je\u015bli samoch\u00f3d zosta\u0142 skonfigurowany lub dodatkowe opcje zosta\u0142y usuni\u0119te lub zmienione (EGR itp.), urz\u0105dzenie przywraca oryginalne fabryczne firmware i wszystko skonfigurowane opcje zostan\u0105 utracone.<\/div>\n<div dir=\"ltr\">10. Je\u015bli CAS by\u0142 ju\u017c zaprogramowany z wykorzystaniem nie fabryczny firmware, programowanie mo\u017ce zako\u0144czy\u0107 si\u0119 niepowodzeniem, a urz\u0105dzenie CAS trzeba naprawi\u0107.<\/div>\n<div dir=\"ltr\">11. Nigdy nie zdejmuj BKP2 podczas sesji programowania \u2013 wysokie ryzyko uszkodzenia blok\u00f3w sterowania samochodem. Je\u015bli BKP2 zosta\u0142 usuni\u0119ty z OBD do zako\u0144czenia programowania ECU, po ponownym pod\u0142\u0105czeniu BKP2 b\u0119dzie pr\u00f3bowa\u0142 naprawi\u0107 uszkodzone elementy elektroniczne danego auta z kopii zapasowej. Je\u015bli BKP2 jest pod\u0142\u0105czony do innego samochodu, kopie dane poprzedniego auta zostan\u0105 usuni\u0119te.<\/div>\n<p>&nbsp;<\/p>\n<p>&nbsp;<\/p>\n<p><span style=\"color: #ff0000;\">* NASZE URZ\u0104DZENIA S\u0104 SPRZEDAWANE WY\u0141\u0104CZNIE DO U\u017bYTKU S\u0141U\u017bBOWEGO I PRYWATNEGO. NIE PONOSIMY ODPOWIEDZIALNO\u015aCI ZA OSZUSTWA LUB NIELEGALNE U\u017bYCIE SPRZEDANEGO SPRZ\u0118TU.<\/span><\/p>","protected":false},"excerpt":{"rendered":"<div dir=\"ltr\">BKP2 &#8211; BMW KEY PROG 2<\/div>\n<div dir=\"ltr\"><\/div>\n<div dir=\"ltr\">New BKP2 stand-alone key programmer for BMW F-series cars equipped with CAS ECU with EWS4 (CAS4) and EWS5 (CAS4+) systems. Devices uses high-speed ENET internal network to gain access to key programming. Programming takes 2 minutes for CAS4 (EWS4) and 8 minutes for DME+CAS4 (EWS5).<\/div>\n<div dir=\"ltr\">!!! 9078 of DME firmware types supported.<\/div>\n<div dir=\"ltr\"><\/div>\n<div dir=\"ltr\">List of vehicles supported (LCI-facelift\/restyle):<\/div>\n<div dir=\"ltr\"><\/div>\n<ul>\n<li dir=\"ltr\">\u00a05&#8242; F07 GT (09\/2008 \u2014 06\/2013)<\/li>\n<li dir=\"ltr\">\u00a05&#8242; F07 GT LCI (08\/2012 \u2014 02\/2017)<\/li>\n<li dir=\"ltr\">\u00a05&#8242; F10 (01\/2009 \u2014 10\/2016)<\/li>\n<li dir=\"ltr\">\u00a05&#8242; F10 LCI (08\/2012 \u2014 10\/2016)<\/li>\n<li dir=\"ltr\">\u00a05&#039; F11 (01\/2009 \u2014 06\/2013) Hatchback<\/li>\n<li dir=\"ltr\">\u00a05&#8242; F11 LCI (08\/2012 \u2014 02\/2017)<\/li>\n<li dir=\"ltr\">\u00a05&#8242; F18 (08\/2009 \u2014 08\/2013) \u00abLong for the Chinese market\u00bb<\/li>\n<li dir=\"ltr\">\u00a05&#8242; F18 LCI (10\/2012 \u2014 04\/2017) \u00abLong for the Chinese market\u00bb<\/li>\n<li dir=\"ltr\">\u00a06&#039; F06 Gran Coupe (05\/2011 \u2014 03\/2015)<\/li>\n<li dir=\"ltr\">\u00a06&#8242; F06 Gran Coupe LCI (05\/2014 \u2014 09\/2018)<\/li>\n<li dir=\"ltr\">6&#8242; F12 (10\/2009 \u2014 02\/2015) Convertible<\/li>\n<li dir=\"ltr\">\u00a06&#8242; F12 LCI (05\/2014 \u2014 05\/2018)<\/li>\n<li dir=\"ltr\">\u00a06&#8242; F13 (03\/2010 \u2014 02\/2015)<\/li>\n<li dir=\"ltr\">\u00a06&#039; F13 LCI (05\/2014 \u2014 10\/2017)<\/li>\n<li dir=\"ltr\">\u00a07&#039; F01 (06\/2007 \u2014 06\/2012)<\/li>\n<li dir=\"ltr\">\u00a07&#8242; F01 LCI (05\/2011 \u2014 05\/2015)<\/li>\n<li dir=\"ltr\">\u00a07&#8242; F02 (07\/2007 \u2014 06\/2012)<\/li>\n<li dir=\"ltr\">7&#8242; F02 LCI (05\/2011 \u2014 05\/2015)<\/li>\n<li dir=\"ltr\">\u00a07&#039; F03 (04\/2008 \u2014 05\/2012)<\/li>\n<li dir=\"ltr\">\u00a07&#8242; F03 LCI (01\/2012 \u2014 03\/2015)<\/li>\n<li dir=\"ltr\">\u00a07&#8242; F04 Hybrid (10\/2008 \u2014 06\/2012)<\/li>\n<li dir=\"ltr\">\u00a0X3 F25 (06\/2009 \u2014 08\/2017)<\/li>\n<li dir=\"ltr\">\u00a0X4 F26 (05\/2013 \u2014 03\/2018)<\/li>\n<li dir=\"ltr\">\u00a0Rolls-Royce Ghost RR4 (08\/2008 \u2014 11\/2019)<\/li>\n<li dir=\"ltr\">\u00a0Rolls-Royce Wraith RR5 (11\/2012 \u2014 12\/2019)<\/li>\n<li dir=\"ltr\">\u00a0Rolls-Royce Dawn RR6 (04\/2015 \u2014 11\/2019)<\/li>\n<\/ul>\n<p>&nbsp;<\/p>","protected":false},"featured_media":11302,"comment_status":"open","ping_status":"closed","template":"","meta":{"_monsterinsights_skip_tracking":false,"_monsterinsights_sitenote_active":false,"_monsterinsights_sitenote_note":"","_monsterinsights_sitenote_category":0},"product_brand":[1171,1238],"product_cat":[516],"product_tag":[1237,1239],"vehicles":[],"class_list":{"0":"post-11301","1":"product","2":"type-product","3":"status-publish","4":"has-post-thumbnail","6":"product_brand-bmw","7":"product_brand-rolls-royce","8":"product_cat-key-programmer","9":"product_tag-alfa-romeo-2016-2025-key-programmer","10":"product_tag-keydevice-bmw-f-serie","12":"first","13":"instock","14":"featured","15":"shipping-taxable","16":"product-type-simple"},"yoast_head":"<!-- This site is optimized with the Yoast SEO Premium plugin v25.5 (Yoast SEO v27.4) - https:\/\/yoast.com\/product\/yoast-seo-premium-wordpress\/ -->\n<title>Keydevice Bmw F Serie - Call : 07.55.98.64.05<\/title>\n<meta name=\"description\" content=\"Keydevice Bmw F Serie, New BKP2 stand-alone key programmer for BMW F-series cars equipped with CAS ECU with EWS4 (CAS4) and EWS5 (CAS4+) systems...\" \/>\n<meta name=\"robots\" content=\"index, follow, max-snippet:-1, max-image-preview:large, max-video-preview:-1\" \/>\n<link rel=\"canonical\" href=\"https:\/\/www.key-devices.com\/pl\/product\/keydevice-bmw-f-serie\/\" \/>\n<meta property=\"og:locale\" content=\"pl_PL\" \/>\n<meta property=\"og:type\" content=\"article\" \/>\n<meta property=\"og:title\" content=\"Keydevice Bmw F Serie\" \/>\n<meta property=\"og:description\" content=\"Keydevice Bmw F Serie, New BKP2 stand-alone key programmer for BMW F-series cars equipped with CAS ECU with EWS4 (CAS4) and EWS5 (CAS4+) systems...\" \/>\n<meta property=\"og:url\" content=\"https:\/\/www.key-devices.com\/pl\/product\/keydevice-bmw-f-serie\/\" \/>\n<meta property=\"og:site_name\" content=\"KEY DEVICES\" \/>\n<meta property=\"article:modified_time\" content=\"2025-09-16T09:05:24+00:00\" \/>\n<meta property=\"og:image\" content=\"https:\/\/www.key-devices.com\/wp-content\/uploads\/Keydevice-Bmw-F-Serie.jpg\" \/>\n\t<meta property=\"og:image:width\" content=\"960\" \/>\n\t<meta property=\"og:image:height\" content=\"1280\" \/>\n\t<meta property=\"og:image:type\" content=\"image\/jpeg\" \/>\n<meta name=\"twitter:card\" content=\"summary_large_image\" \/>\n<meta name=\"twitter:label1\" content=\"Cena\" \/>\n\t<meta name=\"twitter:data1\" content=\"\" \/>\n\t<meta name=\"twitter:label2\" content=\"Dost\u0119pno\u015b\u0107\" \/>\n\t<meta name=\"twitter:data2\" content=\"Dost\u0119pny\" \/>\n<script type=\"application\/ld+json\" class=\"yoast-schema-graph\">{\"@context\":\"https:\\\/\\\/schema.org\",\"@graph\":[{\"@type\":\"WebPage\",\"@id\":\"https:\\\/\\\/www.key-devices.com\\\/product\\\/keydevice-bmw-f-serie\\\/\",\"url\":\"https:\\\/\\\/www.key-devices.com\\\/product\\\/keydevice-bmw-f-serie\\\/\",\"name\":\"Keydevice Bmw F Serie - Call : 07.55.98.64.05\",\"isPartOf\":{\"@id\":\"https:\\\/\\\/www.key-devices.com\\\/#website\"},\"primaryImageOfPage\":{\"@id\":\"https:\\\/\\\/www.key-devices.com\\\/product\\\/keydevice-bmw-f-serie\\\/#primaryimage\"},\"image\":{\"@id\":\"https:\\\/\\\/www.key-devices.com\\\/product\\\/keydevice-bmw-f-serie\\\/#primaryimage\"},\"thumbnailUrl\":\"https:\\\/\\\/www.key-devices.com\\\/wp-content\\\/uploads\\\/Keydevice-Bmw-F-Serie.jpg\",\"datePublished\":\"2025-09-16T08:57:49+00:00\",\"dateModified\":\"2025-09-16T09:05:24+00:00\",\"description\":\"Keydevice Bmw F Serie, New BKP2 stand-alone key programmer for BMW F-series cars equipped with CAS ECU with EWS4 (CAS4) and EWS5 (CAS4+) systems...\",\"breadcrumb\":{\"@id\":\"https:\\\/\\\/www.key-devices.com\\\/product\\\/keydevice-bmw-f-serie\\\/#breadcrumb\"},\"inLanguage\":\"pl-PL\",\"potentialAction\":[{\"@type\":\"ReadAction\",\"target\":[\"https:\\\/\\\/www.key-devices.com\\\/product\\\/keydevice-bmw-f-serie\\\/\"]}]},{\"@type\":\"ImageObject\",\"inLanguage\":\"pl-PL\",\"@id\":\"https:\\\/\\\/www.key-devices.com\\\/product\\\/keydevice-bmw-f-serie\\\/#primaryimage\",\"url\":\"https:\\\/\\\/www.key-devices.com\\\/wp-content\\\/uploads\\\/Keydevice-Bmw-F-Serie.jpg\",\"contentUrl\":\"https:\\\/\\\/www.key-devices.com\\\/wp-content\\\/uploads\\\/Keydevice-Bmw-F-Serie.jpg\",\"width\":960,\"height\":1280,\"caption\":\"Keydevice Bmw F Serie\"},{\"@type\":\"BreadcrumbList\",\"@id\":\"https:\\\/\\\/www.key-devices.com\\\/product\\\/keydevice-bmw-f-serie\\\/#breadcrumb\",\"itemListElement\":[{\"@type\":\"ListItem\",\"position\":1,\"name\":\"Home\",\"item\":\"https:\\\/\\\/www.key-devices.com\\\/\"},{\"@type\":\"ListItem\",\"position\":2,\"name\":\"Shop\",\"item\":\"https:\\\/\\\/www.key-devices.com\\\/shop\\\/\"},{\"@type\":\"ListItem\",\"position\":3,\"name\":\"Keydevice Bmw F Serie\"}]},{\"@type\":\"WebSite\",\"@id\":\"https:\\\/\\\/www.key-devices.com\\\/#website\",\"url\":\"https:\\\/\\\/www.key-devices.com\\\/\",\"name\":\"KEY DEVICES\",\"description\":\"\",\"publisher\":{\"@id\":\"https:\\\/\\\/www.key-devices.com\\\/#organization\"},\"potentialAction\":[{\"@type\":\"SearchAction\",\"target\":{\"@type\":\"EntryPoint\",\"urlTemplate\":\"https:\\\/\\\/www.key-devices.com\\\/?s={search_term_string}\"},\"query-input\":{\"@type\":\"PropertyValueSpecification\",\"valueRequired\":true,\"valueName\":\"search_term_string\"}}],\"inLanguage\":\"pl-PL\"},{\"@type\":[\"Organization\",\"Place\"],\"@id\":\"https:\\\/\\\/www.key-devices.com\\\/#organization\",\"name\":\"Key Devices\",\"url\":\"https:\\\/\\\/www.key-devices.com\\\/\",\"logo\":{\"@id\":\"https:\\\/\\\/www.key-devices.com\\\/product\\\/keydevice-bmw-f-serie\\\/#local-main-organization-logo\"},\"image\":{\"@id\":\"https:\\\/\\\/www.key-devices.com\\\/product\\\/keydevice-bmw-f-serie\\\/#local-main-organization-logo\"},\"legalName\":\"Key Devices\",\"telephone\":[],\"openingHoursSpecification\":[{\"@type\":\"OpeningHoursSpecification\",\"dayOfWeek\":[\"Monday\",\"Tuesday\",\"Wednesday\",\"Thursday\",\"Friday\",\"Saturday\",\"Sunday\"],\"opens\":\"09:00\",\"closes\":\"17:00\"}]},{\"@type\":\"ImageObject\",\"inLanguage\":\"pl-PL\",\"@id\":\"https:\\\/\\\/www.key-devices.com\\\/product\\\/keydevice-bmw-f-serie\\\/#local-main-organization-logo\",\"url\":\"https:\\\/\\\/www.key-devices.com\\\/wp-content\\\/uploads\\\/cropped-Key-Devices-Logo-official-.png\",\"contentUrl\":\"https:\\\/\\\/www.key-devices.com\\\/wp-content\\\/uploads\\\/cropped-Key-Devices-Logo-official-.png\",\"width\":512,\"height\":512,\"caption\":\"Key Devices\"}]}<\/script>\n<meta property=\"product:price:currency\" content=\"EUR\" \/>\n<meta property=\"og:availability\" content=\"instock\" \/>\n<meta property=\"product:availability\" content=\"instock\" \/>\n<meta property=\"product:retailer_item_id\" content=\"2795-1-1\" \/>\n<meta property=\"product:condition\" content=\"new\" \/>\n<!-- \/ Yoast SEO Premium plugin. -->","yoast_head_json":{"title":"Keydevice Bmw F Serie - Call : 07.55.98.64.05","description":"Keydevice Bmw F Serie, New BKP2 stand-alone key programmer for BMW F-series cars equipped with CAS ECU with EWS4 (CAS4) and EWS5 (CAS4+) systems...","robots":{"index":"index","follow":"follow","max-snippet":"max-snippet:-1","max-image-preview":"max-image-preview:large","max-video-preview":"max-video-preview:-1"},"canonical":"https:\/\/www.key-devices.com\/pl\/product\/keydevice-bmw-f-serie\/","og_locale":"pl_PL","og_type":"article","og_title":"Keydevice Bmw F Serie","og_description":"Keydevice Bmw F Serie, New BKP2 stand-alone key programmer for BMW F-series cars equipped with CAS ECU with EWS4 (CAS4) and EWS5 (CAS4+) systems...","og_url":"https:\/\/www.key-devices.com\/pl\/product\/keydevice-bmw-f-serie\/","og_site_name":"KEY DEVICES","article_modified_time":"2025-09-16T09:05:24+00:00","og_image":[{"width":960,"height":1280,"url":"https:\/\/www.key-devices.com\/wp-content\/uploads\/Keydevice-Bmw-F-Serie.jpg","type":"image\/jpeg"}],"twitter_card":"summary_large_image","twitter_misc":{"Cena":"","Dost\u0119pno\u015b\u0107":"Dost\u0119pny"},"schema":{"@context":"https:\/\/schema.org","@graph":[{"@type":"WebPage","@id":"https:\/\/www.key-devices.com\/product\/keydevice-bmw-f-serie\/","url":"https:\/\/www.key-devices.com\/product\/keydevice-bmw-f-serie\/","name":"Keydevice Bmw F Serie - Call : 07.55.98.64.05","isPartOf":{"@id":"https:\/\/www.key-devices.com\/#website"},"primaryImageOfPage":{"@id":"https:\/\/www.key-devices.com\/product\/keydevice-bmw-f-serie\/#primaryimage"},"image":{"@id":"https:\/\/www.key-devices.com\/product\/keydevice-bmw-f-serie\/#primaryimage"},"thumbnailUrl":"https:\/\/www.key-devices.com\/wp-content\/uploads\/Keydevice-Bmw-F-Serie.jpg","datePublished":"2025-09-16T08:57:49+00:00","dateModified":"2025-09-16T09:05:24+00:00","description":"Keydevice Bmw F Serie, New BKP2 stand-alone key programmer for BMW F-series cars equipped with CAS ECU with EWS4 (CAS4) and EWS5 (CAS4+) systems...","breadcrumb":{"@id":"https:\/\/www.key-devices.com\/product\/keydevice-bmw-f-serie\/#breadcrumb"},"inLanguage":"pl-PL","potentialAction":[{"@type":"ReadAction","target":["https:\/\/www.key-devices.com\/product\/keydevice-bmw-f-serie\/"]}]},{"@type":"ImageObject","inLanguage":"pl-PL","@id":"https:\/\/www.key-devices.com\/product\/keydevice-bmw-f-serie\/#primaryimage","url":"https:\/\/www.key-devices.com\/wp-content\/uploads\/Keydevice-Bmw-F-Serie.jpg","contentUrl":"https:\/\/www.key-devices.com\/wp-content\/uploads\/Keydevice-Bmw-F-Serie.jpg","width":960,"height":1280,"caption":"Keydevice Bmw F Serie"},{"@type":"BreadcrumbList","@id":"https:\/\/www.key-devices.com\/product\/keydevice-bmw-f-serie\/#breadcrumb","itemListElement":[{"@type":"ListItem","position":1,"name":"Home","item":"https:\/\/www.key-devices.com\/"},{"@type":"ListItem","position":2,"name":"Shop","item":"https:\/\/www.key-devices.com\/shop\/"},{"@type":"ListItem","position":3,"name":"Keydevice Bmw F Serie"}]},{"@type":"WebSite","@id":"https:\/\/www.key-devices.com\/#website","url":"https:\/\/www.key-devices.com\/","name":"S\u0141OWA URZ\u0104DZENIA","description":"","publisher":{"@id":"https:\/\/www.key-devices.com\/#organization"},"potentialAction":[{"@type":"SearchAction","target":{"@type":"EntryPoint","urlTemplate":"https:\/\/www.key-devices.com\/?s={search_term_string}"},"query-input":{"@type":"PropertyValueSpecification","valueRequired":true,"valueName":"search_term_string"}}],"inLanguage":"pl-PL"},{"@type":["Organization","Place"],"@id":"https:\/\/www.key-devices.com\/#organization","name":"S\u0142owa urz\u0105dzenia","url":"https:\/\/www.key-devices.com\/","logo":{"@id":"https:\/\/www.key-devices.com\/product\/keydevice-bmw-f-serie\/#local-main-organization-logo"},"image":{"@id":"https:\/\/www.key-devices.com\/product\/keydevice-bmw-f-serie\/#local-main-organization-logo"},"legalName":"Key Devices","telephone":[],"openingHoursSpecification":[{"@type":"OpeningHoursSpecification","dayOfWeek":["Monday","Tuesday","Wednesday","Thursday","Friday","Saturday","Sunday"],"opens":"09:00","closes":"17:00"}]},{"@type":"ImageObject","inLanguage":"pl-PL","@id":"https:\/\/www.key-devices.com\/product\/keydevice-bmw-f-serie\/#local-main-organization-logo","url":"https:\/\/www.key-devices.com\/wp-content\/uploads\/cropped-Key-Devices-Logo-official-.png","contentUrl":"https:\/\/www.key-devices.com\/wp-content\/uploads\/cropped-Key-Devices-Logo-official-.png","width":512,"height":512,"caption":"Key Devices"}]},"product_price_currency":"EUR","og_availability":"instock","product_availability":"instock","product_retailer_item_id":"2795-1-1","product_condition":"new"},"jetpack_sharing_enabled":true,"_links":{"self":[{"href":"https:\/\/www.key-devices.com\/pl\/wp-json\/wp\/v2\/product\/11301","targetHints":{"allow":["GET"]}}],"collection":[{"href":"https:\/\/www.key-devices.com\/pl\/wp-json\/wp\/v2\/product"}],"about":[{"href":"https:\/\/www.key-devices.com\/pl\/wp-json\/wp\/v2\/types\/product"}],"replies":[{"embeddable":true,"href":"https:\/\/www.key-devices.com\/pl\/wp-json\/wp\/v2\/comments?post=11301"}],"wp:featuredmedia":[{"embeddable":true,"href":"https:\/\/www.key-devices.com\/pl\/wp-json\/wp\/v2\/media\/11302"}],"wp:attachment":[{"href":"https:\/\/www.key-devices.com\/pl\/wp-json\/wp\/v2\/media?parent=11301"}],"wp:term":[{"taxonomy":"product_brand","embeddable":true,"href":"https:\/\/www.key-devices.com\/pl\/wp-json\/wp\/v2\/product_brand?post=11301"},{"taxonomy":"product_cat","embeddable":true,"href":"https:\/\/www.key-devices.com\/pl\/wp-json\/wp\/v2\/product_cat?post=11301"},{"taxonomy":"product_tag","embeddable":true,"href":"https:\/\/www.key-devices.com\/pl\/wp-json\/wp\/v2\/product_tag?post=11301"},{"taxonomy":"vehicles","embeddable":true,"href":"https:\/\/www.key-devices.com\/pl\/wp-json\/wp\/v2\/vehicles?post=11301"}],"curies":[{"name":"wp","href":"https:\/\/api.w.org\/{rel}","templated":true}]}}